{"id":202,"date":"2024-01-17T16:14:29","date_gmt":"2024-01-17T14:14:29","guid":{"rendered":"https:\/\/rczone.ee\/?post_type=product&#038;p=202"},"modified":"2026-04-29T19:15:29","modified_gmt":"2026-04-29T16:15:29","slug":"zveru-4wd-bezass-sg116-max","status":"publish","type":"product","link":"https:\/\/rczone.ee\/lv\/toode\/the-beast-4wd-brushless-sg116-max\/","title":{"rendered":"The Beast 4WD Brushless SG116 MAX 1:16"},"content":{"rendered":"<p><strong>The Beast 4WD Brushless SG116 MAX 1:16<\/strong> - \u012bsts baud\u012bjums adrenal\u012bna atkar\u012bgajiem! \u0160is auto pied\u0101v\u0101 v\u0113l nebiju\u0161u kontroli un \u0101trumu l\u012bdz pat 70 km\/h! Tas ir agres\u012bvs auto modelis, ieteicamais vecums 14+ gadi. \u010cetru rite\u0146u piedzi\u0146a, iztur\u012bgi diferenci\u0101\u013ci un sp\u0113c\u012bga balstiek\u0101rta. Akumulatora darb\u012bbas laiks l\u012bdz 30 min, uzl\u0101des laiks 3-3,5 h. Radio diapazons l\u012bdz 300 m.<\/p>\n<p>Automa\u0161\u012bnai ir lieliska vad\u0101m\u012bba. Piem\u0113rots brauk\u0161anai pa gandr\u012bz jebkuru virsmu (asfalts, smiltis, dub\u013ci, z\u0101le u.c.). Neatkar\u012bga visu rite\u0146u balstiek\u0101rta. Modelis ir apr\u012bkots ar\u012b ar LED lukturiem, kurus var iesl\u0113gt un izsl\u0113gt ar t\u0101lvad\u012bbas pulti un izv\u0113l\u0113ties da\u017e\u0101dus re\u017e\u012bmus. Ar t\u0101lvad\u012bbas pults pal\u012bdz\u012bbu var izv\u0113l\u0113ties 3 brauk\u0161anas re\u017e\u012bmus: zems, vid\u0113js, augsts.<\/p>\n<p>Specifik\u0101cijas:<\/p>\n<p>Kr\u0101sa: zila<br \/>\nM\u0113rogi: 1\/16<br \/>\nIzm\u0113rs: 30 * 23 * 11,5 CM<br \/>\nSvars: 1060 g<br \/>\nMotors: 2847 bezass motors<br \/>\n\u0100trums: l\u012bdz 70 km\/h<br \/>\nAkumulators: 7.4V 1500mAH 15C<br \/>\nServo: 3 vadu 17G digit\u0101lais st\u016bres meh\u0101nisms<br \/>\nFrekvence: 2,4 GHz<br \/>\nKontroles att\u0101lums: \u2265 300 m<br \/>\nSp\u0113l\u0113\u0161anas laiks: 30min<br \/>\nUzl\u0101des laiks: 3-3,5 h<\/p>\n<div style=\"padding: 56.25% 0 0 0; position: relative;\"><iframe style=\"position: absolute; top: 0; left: 0; width: 100%; height: 100%;\" title=\"SG116 MAX\/PRO\" src=\"https:\/\/player.vimeo.com\/video\/910153255?badge=0&amp;autopause=0&amp;player_id=0&amp;app_id=58479\" frameborder=\"0\"><\/iframe><\/div>\n<p><script src=\"https:\/\/player.vimeo.com\/api\/player.js\"><\/script><\/p>\n<p><img decoding=\"async\" class=\"alignnone size-medium wp-image-456\" src=\"https:\/\/rczone.ee\/wp-content\/uploads\/2024\/01\/description-image-10-400x400.webp\" alt=\"\" width=\"400\" height=\"400\" srcset=\"https:\/\/rczone.ee\/wp-content\/uploads\/2024\/01\/description-image-10-400x400.webp 400w, https:\/\/rczone.ee\/wp-content\/uploads\/2024\/01\/description-image-10-280x280.webp 280w, https:\/\/rczone.ee\/wp-content\/uploads\/2024\/01\/description-image-10-768x768.webp 768w, https:\/\/rczone.ee\/wp-content\/uploads\/2024\/01\/description-image-10-450x450.webp 450w, https:\/\/rczone.ee\/wp-content\/uploads\/2024\/01\/description-image-10-100x100.webp 100w, https:\/\/rczone.ee\/wp-content\/uploads\/2024\/01\/description-image-10.webp 800w\" sizes=\"(max-width: 400px) 100vw, 400px\" \/> <img decoding=\"async\" class=\"alignnone size-medium wp-image-457\" src=\"https:\/\/rczone.ee\/wp-content\/uploads\/2024\/01\/description-image-11-400x400.webp\" alt=\"\" width=\"400\" height=\"400\" srcset=\"https:\/\/rczone.ee\/wp-content\/uploads\/2024\/01\/description-image-11-400x400.webp 400w, https:\/\/rczone.ee\/wp-content\/uploads\/2024\/01\/description-image-11-280x280.webp 280w, https:\/\/rczone.ee\/wp-content\/uploads\/2024\/01\/description-image-11-768x768.webp 768w, https:\/\/rczone.ee\/wp-content\/uploads\/2024\/01\/description-image-11-450x450.webp 450w, https:\/\/rczone.ee\/wp-content\/uploads\/2024\/01\/description-image-11-100x100.webp 100w, https:\/\/rczone.ee\/wp-content\/uploads\/2024\/01\/description-image-11.webp 800w\" sizes=\"(max-width: 400px) 100vw, 400px\" \/> <img decoding=\"async\" class=\"alignnone size-medium wp-image-458\" src=\"https:\/\/rczone.ee\/wp-content\/uploads\/2024\/01\/description-image-12-400x400.webp\" alt=\"\" width=\"400\" height=\"400\" srcset=\"https:\/\/rczone.ee\/wp-content\/uploads\/2024\/01\/description-image-12-400x400.webp 400w, https:\/\/rczone.ee\/wp-content\/uploads\/2024\/01\/description-image-12-280x280.webp 280w, https:\/\/rczone.ee\/wp-content\/uploads\/2024\/01\/description-image-12-768x768.webp 768w, https:\/\/rczone.ee\/wp-content\/uploads\/2024\/01\/description-image-12-450x450.webp 450w, https:\/\/rczone.ee\/wp-content\/uploads\/2024\/01\/description-image-12-100x100.webp 100w, https:\/\/rczone.ee\/wp-content\/uploads\/2024\/01\/description-image-12.webp 800w\" sizes=\"(max-width: 400px) 100vw, 400px\" \/> <img decoding=\"async\" class=\"alignnone size-medium wp-image-459\" src=\"https:\/\/rczone.ee\/wp-content\/uploads\/2024\/01\/description-image-13-400x400.webp\" alt=\"\" width=\"400\" height=\"400\" srcset=\"https:\/\/rczone.ee\/wp-content\/uploads\/2024\/01\/description-image-13-400x400.webp 400w, https:\/\/rczone.ee\/wp-content\/uploads\/2024\/01\/description-image-13-280x280.webp 280w, https:\/\/rczone.ee\/wp-content\/uploads\/2024\/01\/description-image-13-768x768.webp 768w, https:\/\/rczone.ee\/wp-content\/uploads\/2024\/01\/description-image-13-450x450.webp 450w, https:\/\/rczone.ee\/wp-content\/uploads\/2024\/01\/description-image-13-100x100.webp 100w, https:\/\/rczone.ee\/wp-content\/uploads\/2024\/01\/description-image-13.webp 800w\" sizes=\"(max-width: 400px) 100vw, 400px\" \/> <img decoding=\"async\" class=\"alignnone size-medium wp-image-460\" src=\"https:\/\/rczone.ee\/wp-content\/uploads\/2024\/01\/description-image-14-400x400.webp\" alt=\"\" width=\"400\" height=\"400\" srcset=\"https:\/\/rczone.ee\/wp-content\/uploads\/2024\/01\/description-image-14-400x400.webp 400w, https:\/\/rczone.ee\/wp-content\/uploads\/2024\/01\/description-image-14-280x280.webp 280w, https:\/\/rczone.ee\/wp-content\/uploads\/2024\/01\/description-image-14-768x768.webp 768w, https:\/\/rczone.ee\/wp-content\/uploads\/2024\/01\/description-image-14-450x450.webp 450w, https:\/\/rczone.ee\/wp-content\/uploads\/2024\/01\/description-image-14-100x100.webp 100w, https:\/\/rczone.ee\/wp-content\/uploads\/2024\/01\/description-image-14.webp 800w\" sizes=\"(max-width: 400px) 100vw, 400px\" \/> \u00a0<img decoding=\"async\" class=\"alignnone size-medium wp-image-462\" src=\"https:\/\/rczone.ee\/wp-content\/uploads\/2024\/01\/description-image-9-400x400.webp\" alt=\"\" width=\"400\" height=\"400\" srcset=\"https:\/\/rczone.ee\/wp-content\/uploads\/2024\/01\/description-image-9-400x400.webp 400w, https:\/\/rczone.ee\/wp-content\/uploads\/2024\/01\/description-image-9-280x280.webp 280w, https:\/\/rczone.ee\/wp-content\/uploads\/2024\/01\/description-image-9-768x768.webp 768w, https:\/\/rczone.ee\/wp-content\/uploads\/2024\/01\/description-image-9-450x450.webp 450w, https:\/\/rczone.ee\/wp-content\/uploads\/2024\/01\/description-image-9-100x100.webp 100w, https:\/\/rczone.ee\/wp-content\/uploads\/2024\/01\/description-image-9.webp 800w\" sizes=\"(max-width: 400px) 100vw, 400px\" \/><\/p>","protected":false},"excerpt":{"rendered":"<ul>\n<li style=\"line-height: 1; padding-top: 20px;\">Nov\u0113rt\u0113jums: Eksperts<\/li>\n<li style=\"line-height: 1;\">Lietot\u0101ja vecums: 14+<\/li>\n<li style=\"line-height: 1;\">Kategorija: Truggy<\/li>\n<li style=\"line-height: 1;\">M\u0113rogi: 1:16<\/li>\n<li style=\"line-height: 1;\">Vilces ass: 4WD<\/li>\n<li style=\"line-height: 1;\">Maksim\u0101lais \u0101trums: 70 km\/h<\/li>\n<li style=\"line-height: 1;\">Pabeig\u0161ana: gatavs darbam<\/li>\n<li style=\"line-height: 1;\">Ener\u0123ija: elektroener\u0123ija<\/li>\n<\/ul>","protected":false},"featured_media":208,"comment_status":"open","ping_status":"closed","template":"","meta":{"_monsterinsights_skip_tracking":false,"_monsterinsights_sitenote_active":false,"_monsterinsights_sitenote_note":"","_monsterinsights_sitenote_category":0},"fits_model":[],"product_brand":[],"product_cat":[33],"product_tag":[84,122],"woo-feed-brand":[],"class_list":{"0":"post-202","1":"product","2":"type-product","3":"status-publish","4":"has-post-thumbnail","6":"product_cat-truggy","7":"product_tag-standard","8":"product_tag-liion74","10":"first","11":"instock","12":"featured","13":"taxable","14":"shipping-taxable","15":"purchasable","16":"product-type-simple"},"yoast_head":"<!-- This site is optimized with the Yoast SEO plugin v27.5 - https:\/\/yoast.com\/product\/yoast-seo-wordpress\/ -->\n<title>The Beast 4WD Brushless SG116 MAX 1:16 - RC Zone | Raadio teel juhitavad autod<\/title>\n<meta name=\"robots\" content=\"index, follow, max-snippet:-1, max-image-preview:large, max-video-preview:-1\" \/>\n<link rel=\"canonical\" href=\"https:\/\/rczone.ee\/lv\/products\/zveru-4wd-bezass-sg116-max\/\" \/>\n<meta property=\"og:locale\" content=\"lv_LV\" \/>\n<meta property=\"og:type\" content=\"article\" \/>\n<meta property=\"og:title\" content=\"The Beast 4WD Brushless SG116 MAX 1:16 - RC Zone | Raadio teel juhitavad autod\" \/>\n<meta property=\"og:description\" content=\"Rate: Expert  Kasutaja vanuseklass: 14+  Kategooria: Truggy  Skaala: 1:16  Vedav sild: 4WD  Max kiirus: 70 km\/h  Komplekteeritus: Ready-To-Run  Energia: Elekter\" \/>\n<meta property=\"og:url\" content=\"https:\/\/rczone.ee\/lv\/products\/zveru-4wd-bezass-sg116-max\/\" \/>\n<meta property=\"og:site_name\" content=\"RC Zone | Raadio teel juhitavad autod\" \/>\n<meta property=\"article:publisher\" content=\"https:\/\/www.facebook.com\/rczone.ee\" \/>\n<meta property=\"article:modified_time\" content=\"2026-04-29T16:15:29+00:00\" \/>\n<meta property=\"og:image\" content=\"https:\/\/rczone.ee\/wp-content\/uploads\/2024\/01\/H9ea7e07c0e1e47abb8e6367d6fe05951G.webp\" \/>\n\t<meta property=\"og:image:width\" content=\"800\" \/>\n\t<meta property=\"og:image:height\" content=\"800\" \/>\n\t<meta property=\"og:image:type\" content=\"image\/webp\" \/>\n<meta name=\"twitter:card\" content=\"summary_large_image\" \/>\n<meta name=\"twitter:label1\" content=\"Est. reading time\" \/>\n\t<meta name=\"twitter:data1\" content=\"3 min\u016btes\" \/>\n<script type=\"application\/ld+json\" class=\"yoast-schema-graph\">{\"@context\":\"https:\\\/\\\/schema.org\",\"@graph\":[{\"@type\":\"WebPage\",\"@id\":\"https:\\\/\\\/rczone.ee\\\/toode\\\/the-beast-4wd-brushless-sg116-max\\\/\",\"url\":\"https:\\\/\\\/rczone.ee\\\/toode\\\/the-beast-4wd-brushless-sg116-max\\\/\",\"name\":\"The Beast 4WD Brushless SG116 MAX 1:16 - RC Zone | Raadio teel juhitavad autod\",\"isPartOf\":{\"@id\":\"https:\\\/\\\/rczone.ee\\\/#website\"},\"primaryImageOfPage\":{\"@id\":\"https:\\\/\\\/rczone.ee\\\/toode\\\/the-beast-4wd-brushless-sg116-max\\\/#primaryimage\"},\"image\":{\"@id\":\"https:\\\/\\\/rczone.ee\\\/toode\\\/the-beast-4wd-brushless-sg116-max\\\/#primaryimage\"},\"thumbnailUrl\":\"https:\\\/\\\/rczone.ee\\\/wp-content\\\/uploads\\\/2024\\\/01\\\/H9ea7e07c0e1e47abb8e6367d6fe05951G.webp\",\"datePublished\":\"2024-01-17T14:14:29+00:00\",\"dateModified\":\"2026-04-29T16:15:29+00:00\",\"breadcrumb\":{\"@id\":\"https:\\\/\\\/rczone.ee\\\/toode\\\/the-beast-4wd-brushless-sg116-max\\\/#breadcrumb\"},\"inLanguage\":\"lv-LV\",\"potentialAction\":[{\"@type\":\"ReadAction\",\"target\":[\"https:\\\/\\\/rczone.ee\\\/toode\\\/the-beast-4wd-brushless-sg116-max\\\/\"]}]},{\"@type\":\"ImageObject\",\"inLanguage\":\"lv-LV\",\"@id\":\"https:\\\/\\\/rczone.ee\\\/toode\\\/the-beast-4wd-brushless-sg116-max\\\/#primaryimage\",\"url\":\"https:\\\/\\\/rczone.ee\\\/wp-content\\\/uploads\\\/2024\\\/01\\\/H9ea7e07c0e1e47abb8e6367d6fe05951G.webp\",\"contentUrl\":\"https:\\\/\\\/rczone.ee\\\/wp-content\\\/uploads\\\/2024\\\/01\\\/H9ea7e07c0e1e47abb8e6367d6fe05951G.webp\",\"width\":800,\"height\":800},{\"@type\":\"BreadcrumbList\",\"@id\":\"https:\\\/\\\/rczone.ee\\\/toode\\\/the-beast-4wd-brushless-sg116-max\\\/#breadcrumb\",\"itemListElement\":[{\"@type\":\"ListItem\",\"position\":1,\"name\":\"Home\",\"item\":\"https:\\\/\\\/rczone.ee\\\/\"},{\"@type\":\"ListItem\",\"position\":2,\"name\":\"Shop\",\"item\":\"https:\\\/\\\/rczone.ee\\\/shop\\\/\"},{\"@type\":\"ListItem\",\"position\":3,\"name\":\"The Beast 4WD Brushless SG116 MAX 1:16\"}]},{\"@type\":\"WebSite\",\"@id\":\"https:\\\/\\\/rczone.ee\\\/#website\",\"url\":\"https:\\\/\\\/rczone.ee\\\/\",\"name\":\"RcZone\",\"description\":\"RcZone - Raadio teel juhitavate autode veebipood. M&uuml;&uuml;me laia valikut kvaliteetseid ja v&otilde;imsaid RC-autosid. Kiire tarne ja konkurentsiv&otilde;imelised hinnad.\",\"publisher\":{\"@id\":\"https:\\\/\\\/rczone.ee\\\/#organization\"},\"potentialAction\":[{\"@type\":\"SearchAction\",\"target\":{\"@type\":\"EntryPoint\",\"urlTemplate\":\"https:\\\/\\\/rczone.ee\\\/?s={search_term_string}\"},\"query-input\":{\"@type\":\"PropertyValueSpecification\",\"valueRequired\":true,\"valueName\":\"search_term_string\"}}],\"inLanguage\":\"lv-LV\"},{\"@type\":\"Organization\",\"@id\":\"https:\\\/\\\/rczone.ee\\\/#organization\",\"name\":\"RcZone\",\"url\":\"https:\\\/\\\/rczone.ee\\\/\",\"logo\":{\"@type\":\"ImageObject\",\"inLanguage\":\"lv-LV\",\"@id\":\"https:\\\/\\\/rczone.ee\\\/#\\\/schema\\\/logo\\\/image\\\/\",\"url\":\"https:\\\/\\\/rczone.ee\\\/wp-content\\\/uploads\\\/2024\\\/01\\\/3D.png\",\"contentUrl\":\"https:\\\/\\\/rczone.ee\\\/wp-content\\\/uploads\\\/2024\\\/01\\\/3D.png\",\"width\":2080,\"height\":602,\"caption\":\"RcZone\"},\"image\":{\"@id\":\"https:\\\/\\\/rczone.ee\\\/#\\\/schema\\\/logo\\\/image\\\/\"},\"sameAs\":[\"https:\\\/\\\/www.facebook.com\\\/rczone.ee\"]}]}<\/script>\n<!-- \/ Yoast SEO plugin. -->","yoast_head_json":{"title":"The Beast 4WD Brushless SG116 MAX 1:16 - RC Zona | Radio vad\u0101mie automobi\u013ci","robots":{"index":"index","follow":"follow","max-snippet":"max-snippet:-1","max-image-preview":"max-image-preview:large","max-video-preview":"max-video-preview:-1"},"canonical":"https:\/\/rczone.ee\/lv\/products\/zveru-4wd-bezass-sg116-max\/","og_locale":"lv_LV","og_type":"article","og_title":"The Beast 4WD Brushless SG116 MAX 1:16 - RC Zone | Raadio teel juhitavad autod","og_description":"Rate: Expert  Kasutaja vanuseklass: 14+  Kategooria: Truggy  Skaala: 1:16  Vedav sild: 4WD  Max kiirus: 70 km\/h  Komplekteeritus: Ready-To-Run  Energia: Elekter","og_url":"https:\/\/rczone.ee\/lv\/products\/zveru-4wd-bezass-sg116-max\/","og_site_name":"RC Zone | Raadio teel juhitavad autod","article_publisher":"https:\/\/www.facebook.com\/rczone.ee","article_modified_time":"2026-04-29T16:15:29+00:00","og_image":[{"width":800,"height":800,"url":"https:\/\/rczone.ee\/wp-content\/uploads\/2024\/01\/H9ea7e07c0e1e47abb8e6367d6fe05951G.webp","type":"image\/webp"}],"twitter_card":"summary_large_image","twitter_misc":{"Est. reading time":"3 min\u016btes"},"schema":{"@context":"https:\/\/schema.org","@graph":[{"@type":"WebPage","@id":"https:\/\/rczone.ee\/toode\/the-beast-4wd-brushless-sg116-max\/","url":"https:\/\/rczone.ee\/toode\/the-beast-4wd-brushless-sg116-max\/","name":"The Beast 4WD Brushless SG116 MAX 1:16 - RC Zona | Radio vad\u0101mie automobi\u013ci","isPartOf":{"@id":"https:\/\/rczone.ee\/#website"},"primaryImageOfPage":{"@id":"https:\/\/rczone.ee\/toode\/the-beast-4wd-brushless-sg116-max\/#primaryimage"},"image":{"@id":"https:\/\/rczone.ee\/toode\/the-beast-4wd-brushless-sg116-max\/#primaryimage"},"thumbnailUrl":"https:\/\/rczone.ee\/wp-content\/uploads\/2024\/01\/H9ea7e07c0e1e47abb8e6367d6fe05951G.webp","datePublished":"2024-01-17T14:14:29+00:00","dateModified":"2026-04-29T16:15:29+00:00","breadcrumb":{"@id":"https:\/\/rczone.ee\/toode\/the-beast-4wd-brushless-sg116-max\/#breadcrumb"},"inLanguage":"lv-LV","potentialAction":[{"@type":"ReadAction","target":["https:\/\/rczone.ee\/toode\/the-beast-4wd-brushless-sg116-max\/"]}]},{"@type":"ImageObject","inLanguage":"lv-LV","@id":"https:\/\/rczone.ee\/toode\/the-beast-4wd-brushless-sg116-max\/#primaryimage","url":"https:\/\/rczone.ee\/wp-content\/uploads\/2024\/01\/H9ea7e07c0e1e47abb8e6367d6fe05951G.webp","contentUrl":"https:\/\/rczone.ee\/wp-content\/uploads\/2024\/01\/H9ea7e07c0e1e47abb8e6367d6fe05951G.webp","width":800,"height":800},{"@type":"BreadcrumbList","@id":"https:\/\/rczone.ee\/toode\/the-beast-4wd-brushless-sg116-max\/#breadcrumb","itemListElement":[{"@type":"ListItem","position":1,"name":"Home","item":"https:\/\/rczone.ee\/"},{"@type":"ListItem","position":2,"name":"Shop","item":"https:\/\/rczone.ee\/shop\/"},{"@type":"ListItem","position":3,"name":"The Beast 4WD Brushless SG116 MAX 1:16"}]},{"@type":"WebSite","@id":"https:\/\/rczone.ee\/#website","url":"https:\/\/rczone.ee\/","name":"RcZone","description":"RcZone - Radio vad\u0101mo automobi\u013cu tie\u0161saistes veikals. M\u0113s p\u0101rdodam pla\u0161u augstas kvalit\u0101tes un jaud\u012bgu RC automobi\u013cu kl\u0101stu. \u0100tra pieg\u0101de un konkur\u0113tsp\u0113j\u012bgas cenas.","publisher":{"@id":"https:\/\/rczone.ee\/#organization"},"potentialAction":[{"@type":"SearchAction","target":{"@type":"EntryPoint","urlTemplate":"https:\/\/rczone.ee\/?s={search_term_string}"},"query-input":{"@type":"PropertyValueSpecification","valueRequired":true,"valueName":"search_term_string"}}],"inLanguage":"lv-LV"},{"@type":"Organization","@id":"https:\/\/rczone.ee\/#organization","name":"RcZone","url":"https:\/\/rczone.ee\/","logo":{"@type":"ImageObject","inLanguage":"lv-LV","@id":"https:\/\/rczone.ee\/#\/schema\/logo\/image\/","url":"https:\/\/rczone.ee\/wp-content\/uploads\/2024\/01\/3D.png","contentUrl":"https:\/\/rczone.ee\/wp-content\/uploads\/2024\/01\/3D.png","width":2080,"height":602,"caption":"RcZone"},"image":{"@id":"https:\/\/rczone.ee\/#\/schema\/logo\/image\/"},"sameAs":["https:\/\/www.facebook.com\/rczone.ee"]}]}},"_links":{"self":[{"href":"https:\/\/rczone.ee\/lv\/wp-json\/wp\/v2\/product\/202","targetHints":{"allow":["GET"]}}],"collection":[{"href":"https:\/\/rczone.ee\/lv\/wp-json\/wp\/v2\/product"}],"about":[{"href":"https:\/\/rczone.ee\/lv\/wp-json\/wp\/v2\/types\/product"}],"replies":[{"embeddable":true,"href":"https:\/\/rczone.ee\/lv\/wp-json\/wp\/v2\/comments?post=202"}],"wp:featuredmedia":[{"embeddable":true,"href":"https:\/\/rczone.ee\/lv\/wp-json\/wp\/v2\/media\/208"}],"wp:attachment":[{"href":"https:\/\/rczone.ee\/lv\/wp-json\/wp\/v2\/media?parent=202"}],"wp:term":[{"taxonomy":"fits_model","embeddable":true,"href":"https:\/\/rczone.ee\/lv\/wp-json\/wp\/v2\/fits_model?post=202"},{"taxonomy":"product_brand","embeddable":true,"href":"https:\/\/rczone.ee\/lv\/wp-json\/wp\/v2\/product_brand?post=202"},{"taxonomy":"product_cat","embeddable":true,"href":"https:\/\/rczone.ee\/lv\/wp-json\/wp\/v2\/product_cat?post=202"},{"taxonomy":"product_tag","embeddable":true,"href":"https:\/\/rczone.ee\/lv\/wp-json\/wp\/v2\/product_tag?post=202"},{"taxonomy":"woo-feed-brand","embeddable":true,"href":"https:\/\/rczone.ee\/lv\/wp-json\/wp\/v2\/woo-feed-brand?post=202"}],"curies":[{"name":"wp","href":"https:\/\/api.w.org\/{rel}","templated":true}]}}