{"id":2276,"date":"2025-01-19T21:16:47","date_gmt":"2025-01-19T19:16:47","guid":{"rendered":"https:\/\/rczone.ee\/?post_type=product&#038;p=2276"},"modified":"2025-12-16T23:26:41","modified_gmt":"2025-12-16T21:26:41","slug":"sg116max-scy16101-metala-priekseja-un-aizmugureja-diferenciala-komplekts-6309-dala","status":"publish","type":"product","link":"https:\/\/rczone.ee\/lv\/toode\/sg116max-scy16101-metal-front-and-rear-differential-assembly-part-6309\/","title":{"rendered":"SG116MAX \/ SCY16101 Met\u0101la priek\u0161\u0113j\u0101 un aizmugur\u0113j\u0101 diferenci\u0101\u013ca komplekts (6309. da\u013ca)"},"content":{"rendered":"<p>SG116MAX \/ SCY16101 Met\u0101la priek\u0161\u0113j\u0101 un aizmugur\u0113j\u0101 diferenci\u0101\u013ca komplekts (6309. da\u013ca). Moderniz\u0113ts met\u0101ls, t\u0113rauds.<\/p>\n<p>Piem\u0113rots bezass automa\u0161\u012bn\u0101m The Beast SG116MAX, SCY 16101, SCY 16102.<\/p>\n<p>Rezerves da\u013ca: 6309<\/p>","protected":false},"excerpt":{"rendered":"<p>SG116MAX \/ SCY16101 Met\u0101la priek\u0161\u0113j\u0101 un aizmugur\u0113j\u0101 diferenci\u0101\u013ca komplekts (6309. da\u013ca). Moderniz\u0113ts met\u0101ls, t\u0113rauds. Piem\u0113rots bezass automa\u0161\u012bn\u0101m The Beast SG116MAX, SCY 16101, SCY 16102. Rezerves da\u013ca: 6309<\/p>","protected":false},"featured_media":2277,"comment_status":"open","ping_status":"closed","template":"","meta":{"_monsterinsights_skip_tracking":false,"_monsterinsights_sitenote_active":false,"_monsterinsights_sitenote_note":"","_monsterinsights_sitenote_category":0},"fits_model":[],"product_brand":[],"product_cat":[75],"product_tag":[84],"woo-feed-brand":[],"class_list":{"0":"post-2276","1":"product","2":"type-product","3":"status-publish","4":"has-post-thumbnail","6":"product_cat-parts","7":"product_tag-standard","9":"first","10":"instock","11":"taxable","12":"shipping-taxable","13":"purchasable","14":"product-type-simple"},"yoast_head":"<!-- This site is optimized with the Yoast SEO plugin v27.3 - https:\/\/yoast.com\/product\/yoast-seo-wordpress\/ -->\n<title>SG116MAX \/ SCY16101 Metal Front and Rear Differential Assembly (part 6309) - RC Zone | Raadio teel juhitavad autod<\/title>\n<meta name=\"robots\" content=\"index, follow, max-snippet:-1, max-image-preview:large, max-video-preview:-1\" \/>\n<link rel=\"canonical\" href=\"https:\/\/rczone.ee\/lv\/products\/sg116max-scy16101-metala-priekseja-un-aizmugureja-diferenciala-komplekts-6309-dala\/\" \/>\n<meta property=\"og:locale\" content=\"lv_LV\" \/>\n<meta property=\"og:type\" content=\"article\" \/>\n<meta property=\"og:title\" content=\"SG116MAX \/ SCY16101 Metal Front and Rear Differential Assembly (part 6309) - RC Zone | Raadio teel juhitavad autod\" \/>\n<meta property=\"og:description\" content=\"SG116MAX \/ SCY16101 Metal Front and Rear Differential Assembly (part 6309). Upgraded metal, steel. Sobib brushless autodele The Beast SG116MAX, SCY 16101, SCY 16102. Varuosa: 6309\" \/>\n<meta property=\"og:url\" content=\"https:\/\/rczone.ee\/lv\/products\/sg116max-scy16101-metala-priekseja-un-aizmugureja-diferenciala-komplekts-6309-dala\/\" \/>\n<meta property=\"og:site_name\" content=\"RC Zone | Raadio teel juhitavad autod\" \/>\n<meta property=\"article:publisher\" content=\"https:\/\/www.facebook.com\/rczone.ee\" \/>\n<meta property=\"article:modified_time\" content=\"2025-12-16T21:26:41+00:00\" \/>\n<meta name=\"twitter:card\" content=\"summary_large_image\" \/>\n<meta name=\"twitter:label1\" content=\"Est. reading time\" \/>\n\t<meta name=\"twitter:data1\" content=\"1 min\u016bte\" \/>\n<script type=\"application\/ld+json\" class=\"yoast-schema-graph\">{\"@context\":\"https:\\\/\\\/schema.org\",\"@graph\":[{\"@type\":\"WebPage\",\"@id\":\"https:\\\/\\\/rczone.ee\\\/toode\\\/sg116max-scy16101-metal-front-and-rear-differential-assembly-part-6309\\\/\",\"url\":\"https:\\\/\\\/rczone.ee\\\/toode\\\/sg116max-scy16101-metal-front-and-rear-differential-assembly-part-6309\\\/\",\"name\":\"SG116MAX \\\/ SCY16101 Metal Front and Rear Differential Assembly (part 6309) - RC Zone | Raadio teel juhitavad autod\",\"isPartOf\":{\"@id\":\"https:\\\/\\\/rczone.ee\\\/#website\"},\"primaryImageOfPage\":{\"@id\":\"https:\\\/\\\/rczone.ee\\\/toode\\\/sg116max-scy16101-metal-front-and-rear-differential-assembly-part-6309\\\/#primaryimage\"},\"image\":{\"@id\":\"https:\\\/\\\/rczone.ee\\\/toode\\\/sg116max-scy16101-metal-front-and-rear-differential-assembly-part-6309\\\/#primaryimage\"},\"thumbnailUrl\":\"https:\\\/\\\/rczone.ee\\\/wp-content\\\/uploads\\\/2025\\\/01\\\/diff-set-6309.avif\",\"datePublished\":\"2025-01-19T19:16:47+00:00\",\"dateModified\":\"2025-12-16T21:26:41+00:00\",\"breadcrumb\":{\"@id\":\"https:\\\/\\\/rczone.ee\\\/toode\\\/sg116max-scy16101-metal-front-and-rear-differential-assembly-part-6309\\\/#breadcrumb\"},\"inLanguage\":\"lv-LV\",\"potentialAction\":[{\"@type\":\"ReadAction\",\"target\":[\"https:\\\/\\\/rczone.ee\\\/toode\\\/sg116max-scy16101-metal-front-and-rear-differential-assembly-part-6309\\\/\"]}]},{\"@type\":\"ImageObject\",\"inLanguage\":\"lv-LV\",\"@id\":\"https:\\\/\\\/rczone.ee\\\/toode\\\/sg116max-scy16101-metal-front-and-rear-differential-assembly-part-6309\\\/#primaryimage\",\"url\":\"https:\\\/\\\/rczone.ee\\\/wp-content\\\/uploads\\\/2025\\\/01\\\/diff-set-6309.avif\",\"contentUrl\":\"https:\\\/\\\/rczone.ee\\\/wp-content\\\/uploads\\\/2025\\\/01\\\/diff-set-6309.avif\",\"width\":960,\"height\":960},{\"@type\":\"BreadcrumbList\",\"@id\":\"https:\\\/\\\/rczone.ee\\\/toode\\\/sg116max-scy16101-metal-front-and-rear-differential-assembly-part-6309\\\/#breadcrumb\",\"itemListElement\":[{\"@type\":\"ListItem\",\"position\":1,\"name\":\"Home\",\"item\":\"https:\\\/\\\/rczone.ee\\\/\"},{\"@type\":\"ListItem\",\"position\":2,\"name\":\"Shop\",\"item\":\"https:\\\/\\\/rczone.ee\\\/shop\\\/\"},{\"@type\":\"ListItem\",\"position\":3,\"name\":\"SG116MAX \\\/ SCY16101 Metal Front and Rear Differential Assembly (part 6309)\"}]},{\"@type\":\"WebSite\",\"@id\":\"https:\\\/\\\/rczone.ee\\\/#website\",\"url\":\"https:\\\/\\\/rczone.ee\\\/\",\"name\":\"RcZone\",\"description\":\"RcZone - Raadio teel juhitavate autode veebipood. M&uuml;&uuml;me laia valikut kvaliteetseid ja v&otilde;imsaid RC-autosid. Kiire tarne ja konkurentsiv&otilde;imelised hinnad.\",\"publisher\":{\"@id\":\"https:\\\/\\\/rczone.ee\\\/#organization\"},\"potentialAction\":[{\"@type\":\"SearchAction\",\"target\":{\"@type\":\"EntryPoint\",\"urlTemplate\":\"https:\\\/\\\/rczone.ee\\\/?s={search_term_string}\"},\"query-input\":{\"@type\":\"PropertyValueSpecification\",\"valueRequired\":true,\"valueName\":\"search_term_string\"}}],\"inLanguage\":\"lv-LV\"},{\"@type\":\"Organization\",\"@id\":\"https:\\\/\\\/rczone.ee\\\/#organization\",\"name\":\"RcZone\",\"url\":\"https:\\\/\\\/rczone.ee\\\/\",\"logo\":{\"@type\":\"ImageObject\",\"inLanguage\":\"lv-LV\",\"@id\":\"https:\\\/\\\/rczone.ee\\\/#\\\/schema\\\/logo\\\/image\\\/\",\"url\":\"https:\\\/\\\/rczone.ee\\\/wp-content\\\/uploads\\\/2024\\\/01\\\/3D.png\",\"contentUrl\":\"https:\\\/\\\/rczone.ee\\\/wp-content\\\/uploads\\\/2024\\\/01\\\/3D.png\",\"width\":2080,\"height\":602,\"caption\":\"RcZone\"},\"image\":{\"@id\":\"https:\\\/\\\/rczone.ee\\\/#\\\/schema\\\/logo\\\/image\\\/\"},\"sameAs\":[\"https:\\\/\\\/www.facebook.com\\\/rczone.ee\"]}]}<\/script>\n<!-- \/ Yoast SEO plugin. -->","yoast_head_json":{"title":"SG116MAX \/ SCY16101 Met\u0101la priek\u0161\u0113j\u0101 un aizmugur\u0113j\u0101 diferenci\u0101\u013ca bloks (6309. da\u013ca) - RC Zone | Radio vad\u0101mi transportl\u012bdzek\u013ci","robots":{"index":"index","follow":"follow","max-snippet":"max-snippet:-1","max-image-preview":"max-image-preview:large","max-video-preview":"max-video-preview:-1"},"canonical":"https:\/\/rczone.ee\/lv\/products\/sg116max-scy16101-metala-priekseja-un-aizmugureja-diferenciala-komplekts-6309-dala\/","og_locale":"lv_LV","og_type":"article","og_title":"SG116MAX \/ SCY16101 Metal Front and Rear Differential Assembly (part 6309) - RC Zone | Raadio teel juhitavad autod","og_description":"SG116MAX \/ SCY16101 Metal Front and Rear Differential Assembly (part 6309). Upgraded metal, steel. Sobib brushless autodele The Beast SG116MAX, SCY 16101, SCY 16102. Varuosa: 6309","og_url":"https:\/\/rczone.ee\/lv\/products\/sg116max-scy16101-metala-priekseja-un-aizmugureja-diferenciala-komplekts-6309-dala\/","og_site_name":"RC Zone | Raadio teel juhitavad autod","article_publisher":"https:\/\/www.facebook.com\/rczone.ee","article_modified_time":"2025-12-16T21:26:41+00:00","twitter_card":"summary_large_image","twitter_misc":{"Est. reading time":"1 min\u016bte"},"schema":{"@context":"https:\/\/schema.org","@graph":[{"@type":"WebPage","@id":"https:\/\/rczone.ee\/toode\/sg116max-scy16101-metal-front-and-rear-differential-assembly-part-6309\/","url":"https:\/\/rczone.ee\/toode\/sg116max-scy16101-metal-front-and-rear-differential-assembly-part-6309\/","name":"SG116MAX \/ SCY16101 Met\u0101la priek\u0161\u0113j\u0101 un aizmugur\u0113j\u0101 diferenci\u0101\u013ca bloks (6309. da\u013ca) - RC Zone | Radio vad\u0101mi transportl\u012bdzek\u013ci","isPartOf":{"@id":"https:\/\/rczone.ee\/#website"},"primaryImageOfPage":{"@id":"https:\/\/rczone.ee\/toode\/sg116max-scy16101-metal-front-and-rear-differential-assembly-part-6309\/#primaryimage"},"image":{"@id":"https:\/\/rczone.ee\/toode\/sg116max-scy16101-metal-front-and-rear-differential-assembly-part-6309\/#primaryimage"},"thumbnailUrl":"https:\/\/rczone.ee\/wp-content\/uploads\/2025\/01\/diff-set-6309.avif","datePublished":"2025-01-19T19:16:47+00:00","dateModified":"2025-12-16T21:26:41+00:00","breadcrumb":{"@id":"https:\/\/rczone.ee\/toode\/sg116max-scy16101-metal-front-and-rear-differential-assembly-part-6309\/#breadcrumb"},"inLanguage":"lv-LV","potentialAction":[{"@type":"ReadAction","target":["https:\/\/rczone.ee\/toode\/sg116max-scy16101-metal-front-and-rear-differential-assembly-part-6309\/"]}]},{"@type":"ImageObject","inLanguage":"lv-LV","@id":"https:\/\/rczone.ee\/toode\/sg116max-scy16101-metal-front-and-rear-differential-assembly-part-6309\/#primaryimage","url":"https:\/\/rczone.ee\/wp-content\/uploads\/2025\/01\/diff-set-6309.avif","contentUrl":"https:\/\/rczone.ee\/wp-content\/uploads\/2025\/01\/diff-set-6309.avif","width":960,"height":960},{"@type":"BreadcrumbList","@id":"https:\/\/rczone.ee\/toode\/sg116max-scy16101-metal-front-and-rear-differential-assembly-part-6309\/#breadcrumb","itemListElement":[{"@type":"ListItem","position":1,"name":"Home","item":"https:\/\/rczone.ee\/"},{"@type":"ListItem","position":2,"name":"Shop","item":"https:\/\/rczone.ee\/shop\/"},{"@type":"ListItem","position":3,"name":"SG116MAX \/ SCY16101 Metal Front and Rear Differential Assembly (part 6309)"}]},{"@type":"WebSite","@id":"https:\/\/rczone.ee\/#website","url":"https:\/\/rczone.ee\/","name":"RcZone","description":"RcZone - Radio vad\u0101mo automobi\u013cu tie\u0161saistes veikals. M\u0113s p\u0101rdodam pla\u0161u augstas kvalit\u0101tes un jaud\u012bgu RC automobi\u013cu kl\u0101stu. \u0100tra pieg\u0101de un konkur\u0113tsp\u0113j\u012bgas cenas.","publisher":{"@id":"https:\/\/rczone.ee\/#organization"},"potentialAction":[{"@type":"SearchAction","target":{"@type":"EntryPoint","urlTemplate":"https:\/\/rczone.ee\/?s={search_term_string}"},"query-input":{"@type":"PropertyValueSpecification","valueRequired":true,"valueName":"search_term_string"}}],"inLanguage":"lv-LV"},{"@type":"Organization","@id":"https:\/\/rczone.ee\/#organization","name":"RcZone","url":"https:\/\/rczone.ee\/","logo":{"@type":"ImageObject","inLanguage":"lv-LV","@id":"https:\/\/rczone.ee\/#\/schema\/logo\/image\/","url":"https:\/\/rczone.ee\/wp-content\/uploads\/2024\/01\/3D.png","contentUrl":"https:\/\/rczone.ee\/wp-content\/uploads\/2024\/01\/3D.png","width":2080,"height":602,"caption":"RcZone"},"image":{"@id":"https:\/\/rczone.ee\/#\/schema\/logo\/image\/"},"sameAs":["https:\/\/www.facebook.com\/rczone.ee"]}]}},"_links":{"self":[{"href":"https:\/\/rczone.ee\/lv\/wp-json\/wp\/v2\/product\/2276","targetHints":{"allow":["GET"]}}],"collection":[{"href":"https:\/\/rczone.ee\/lv\/wp-json\/wp\/v2\/product"}],"about":[{"href":"https:\/\/rczone.ee\/lv\/wp-json\/wp\/v2\/types\/product"}],"replies":[{"embeddable":true,"href":"https:\/\/rczone.ee\/lv\/wp-json\/wp\/v2\/comments?post=2276"}],"wp:featuredmedia":[{"embeddable":true,"href":"https:\/\/rczone.ee\/lv\/wp-json\/wp\/v2\/media\/2277"}],"wp:attachment":[{"href":"https:\/\/rczone.ee\/lv\/wp-json\/wp\/v2\/media?parent=2276"}],"wp:term":[{"taxonomy":"fits_model","embeddable":true,"href":"https:\/\/rczone.ee\/lv\/wp-json\/wp\/v2\/fits_model?post=2276"},{"taxonomy":"product_brand","embeddable":true,"href":"https:\/\/rczone.ee\/lv\/wp-json\/wp\/v2\/product_brand?post=2276"},{"taxonomy":"product_cat","embeddable":true,"href":"https:\/\/rczone.ee\/lv\/wp-json\/wp\/v2\/product_cat?post=2276"},{"taxonomy":"product_tag","embeddable":true,"href":"https:\/\/rczone.ee\/lv\/wp-json\/wp\/v2\/product_tag?post=2276"},{"taxonomy":"woo-feed-brand","embeddable":true,"href":"https:\/\/rczone.ee\/lv\/wp-json\/wp\/v2\/woo-feed-brand?post=2276"}],"curies":[{"name":"wp","href":"https:\/\/api.w.org\/{rel}","templated":true}]}}