{"id":2471,"date":"2025-03-22T10:36:40","date_gmt":"2025-03-22T08:36:40","guid":{"rendered":"https:\/\/rczone.ee\/?post_type=product&#038;p=2471"},"modified":"2026-04-23T21:35:58","modified_gmt":"2026-04-23T18:35:58","slug":"jauns-hpi-racing-venture18-toyota-hilux-sr5","status":"publish","type":"product","link":"https:\/\/rczone.ee\/lv\/toode\/uus-hpi-racing-venture18-toyota-hilux-sr5\/","title":{"rendered":"HPI Racing Venture18 Toyota Hilux SR5"},"content":{"rendered":"<article class=\"group\/turn w-full text-token-text-primary focus-visible:outline-2 focus-visible:outline-offset-[-4px]\" dir=\"auto\" tabindex=\"-1\" data-testid=\"conversation-turn-2\" data-scroll-anchor=\"true\">\n<div class=\"text-base my-auto mx-auto py-[18px] px-6\">\n<div class=\"mx-auto flex flex-1 text-base gap-4 md:gap-5 lg:gap-6 md:max-w-3xl lg:max-w-[40rem] xl:max-w-[48rem]\">\n<div class=\"group\/conversation-turn relative flex w-full min-w-0 flex-col agent-turn @xs\/thread:px-0 @sm\/thread:px-1.5 @md\/thread:px-4\">\n<div class=\"flex-col gap-1 md:gap-3\">\n<div class=\"flex max-w-full flex-col flex-grow\">\n<div class=\"min-h-8 text-message relative flex w-full flex-col items-end gap-2 whitespace-normal break-words text-start [.text-message+&amp;]:mt-5\" dir=\"auto\" data-message-author-role=\"assistant\" data-message-id=\"9436b1a7-655c-4958-b4ea-1902d72a72b7\" data-message-model-slug=\"gpt-4o\">\n<div class=\"flex w-full flex-col gap-1 empty:hidden first:pt-[3px]\">\n<div class=\"markdown prose w-full break-words dark:prose-invert light\">\n<h1 data-start=\"311\" data-end=\"384\"><strong data-start=\"311\" data-end=\"384\">HPI Racing Venture18 Toyota Hilux SR5 \u2013 v\u00e4ike auto, SUURED seiklused!<\/strong><\/h1>\n<p class=\"\" data-start=\"386\" data-end=\"702\">Kas otsid kompaktses m\u00f5\u00f5dus, ent v\u00f5imekat ja t\u00f5eliselt realistliku v\u00e4limusega maastikuautot? <strong data-start=\"479\" data-end=\"520\">HPI Racing Venture18 Toyota Hilux SR5<\/strong> on just see, mida vajad! RcZone.ee veebipoes saadaval Venture18 viib sind uuele tasemele \u2013 olgu selleks kivine metsarada, mudane k\u00fclatee v\u00f5i lihtsalt hobi korras roomamine kodu\u00f5uel.<\/p>\n<p data-start=\"386\" data-end=\"702\"><img decoding=\"async\" class=\"alignnone size-full wp-image-2491\" src=\"https:\/\/rczone.ee\/wp-content\/uploads\/2025\/03\/red_header_3.png\" alt=\"\" width=\"1300\" height=\"457\" srcset=\"https:\/\/rczone.ee\/wp-content\/uploads\/2025\/03\/red_header_3.png 1300w, https:\/\/rczone.ee\/wp-content\/uploads\/2025\/03\/red_header_3-800x281.png 800w, https:\/\/rczone.ee\/wp-content\/uploads\/2025\/03\/red_header_3-768x270.png 768w, https:\/\/rczone.ee\/wp-content\/uploads\/2025\/03\/red_header_3-18x6.png 18w, https:\/\/rczone.ee\/wp-content\/uploads\/2025\/03\/red_header_3-900x316.png 900w\" sizes=\"(max-width: 1300px) 100vw, 1300px\" \/><\/p>\n<p class=\"\" data-start=\"704\" data-end=\"1073\">Venture18 \u00fchendab endas tugeva terasraamist C-kanal \u0161assii, autentse vedrustuse ja nelikveo, pakkudes suurep\u00e4rast juhitavust igas olukorras. Lisaks tulevad kaasa 2-k\u00e4iguline metallist k\u00e4igukast, v\u00f5imsad LED-tuled ning ametlikult litsentseeritud Toyota Hilux SR5 kere. See pole pelgalt m\u00e4nguauto \u2013 see on t\u00f5eline v\u00e4ike maastur, mis pakub seiklusr\u00f5\u00f5mu igale entusiastile!<\/p>\n<hr class=\"\" data-start=\"1075\" data-end=\"1078\" \/>\n<h3 class=\"\" data-start=\"1080\" data-end=\"1152\"><strong data-start=\"1084\" data-end=\"1152\">Miks valida HPI Venture18 Toyota Hilux SR5 RcZone.ee veebipoest?<\/strong><\/h3>\n<p class=\"\" data-start=\"1154\" data-end=\"1853\">\ud83d\udee0\ufe0f T\u00e4ielikult kokkupandud RTR (Ready-To-Run) \u2013 sisaldab akut ja laadijat, valmis s\u00f5iduks kohe karbist v\u00e4lja v\u00f5ttes<br data-start=\"1269\" data-end=\"1272\" \/>\ud83d\ude97 Ametlikult litsentseeritud 1985. aasta Toyota Hilux SR5 kere \u2013 detailne, clipless-s\u00fcsteemiga, t\u00f6\u00f6tavate tulede ja realistlike elementidega<br data-start=\"1413\" data-end=\"1416\" \/>\u2699\ufe0f Kahek\u00e4iguline k\u00e4igukast \u2013 vali aeglane roomamine v\u00f5i kiire l\u00e4bimine vastavalt maastikule<br data-start=\"1507\" data-end=\"1510\" \/>\ud83e\uddf2 Teljele kinnitatud rooliservo ja madal raskuskese \u2013 parem tasakaal ja t\u00e4psem juhitavus<br data-start=\"1599\" data-end=\"1602\" \/>\ud83c\udf0c T\u00e4isfunktsionaalne LED-valgustus \u2013 juhitav saatjalt, p\u00e4evast \u00f6\u00f6re\u017eiimini<br data-start=\"1677\" data-end=\"1680\" \/>\ud83d\udede Rockthorn-rehvid ja beadlock-veljed \u2013 haarduvus ka k\u00f5ige keerulisematel radadel<br data-start=\"1762\" data-end=\"1765\" \/>\ud83d\udd29 Metallist k\u00e4igukast ja vastupidav raam \u2013 loodud kestma ka ekstreemsetes tingimustes<\/p>\n<hr class=\"\" data-start=\"1855\" data-end=\"1858\" \/>\n<h3 data-start=\"1860\" data-end=\"1878\"><img decoding=\"async\" class=\"alignnone size-full wp-image-2493\" src=\"https:\/\/rczone.ee\/wp-content\/uploads\/2025\/03\/group_shot_1_1-rem.jpg\" alt=\"\" width=\"1300\" height=\"800\" srcset=\"https:\/\/rczone.ee\/wp-content\/uploads\/2025\/03\/group_shot_1_1-rem.jpg 1300w, https:\/\/rczone.ee\/wp-content\/uploads\/2025\/03\/group_shot_1_1-rem-650x400.jpg 650w, https:\/\/rczone.ee\/wp-content\/uploads\/2025\/03\/group_shot_1_1-rem-768x473.jpg 768w, https:\/\/rczone.ee\/wp-content\/uploads\/2025\/03\/group_shot_1_1-rem-18x12.jpg 18w, https:\/\/rczone.ee\/wp-content\/uploads\/2025\/03\/group_shot_1_1-rem-900x554.jpg 900w\" sizes=\"(max-width: 1300px) 100vw, 1300px\" \/><\/h3>\n<h3 class=\"\" data-start=\"1860\" data-end=\"1878\"><strong data-start=\"1864\" data-end=\"1878\">P\u00f5hiandmed<\/strong><\/h3>\n<ul data-start=\"1880\" data-end=\"2165\">\n<li class=\"\" style=\"line-height: 1; padding-top: 10px;\" data-start=\"1880\" data-end=\"1912\">M\u00f5\u00f5dud: 272 \u00d7 127 \u00d7 125,6 mm<\/li>\n<li class=\"\" style=\"line-height: 1; padding-top: 10px;\" data-start=\"1913\" data-end=\"1936\">Teljevahe: 155,4 mm<\/li>\n<li class=\"\" style=\"line-height: 1; padding-top: 10px;\" data-start=\"1937\" data-end=\"1967\">Kaal: 0,50 kg (koos akuga)<\/li>\n<li class=\"\" style=\"line-height: 1; padding-top: 10px;\" data-start=\"1968\" data-end=\"2016\">K\u00e4igud: madal \u2013 81,44 : 1, k\u00f5rge \u2013 20,36 : 1<\/li>\n<li class=\"\" style=\"line-height: 1; padding-top: 10px;\" data-start=\"2017\" data-end=\"2064\">Puhas nelikvedu, lukustatud diferentsiaalid<\/li>\n<li class=\"\" style=\"line-height: 1; padding-top: 10px;\" data-start=\"2065\" data-end=\"2112\">\u00d5liamordid ja 4-lingi vedrustus ees ja taga<\/li>\n<li class=\"\" style=\"line-height: 1; padding-top: 10px;\" data-start=\"2113\" data-end=\"2165\">Komplektis: 600 mAh 7,4 V LiPo aku + USB-laadija<\/li>\n<\/ul>\n<hr class=\"\" data-start=\"2167\" data-end=\"2170\" \/>\n<h3 class=\"\" data-start=\"2172\" data-end=\"2192\"><strong data-start=\"2176\" data-end=\"2192\">V\u00e4rvivalikud<\/strong><\/h3>\n<p class=\"\" data-start=\"2194\" data-end=\"2373\">Vali oma stiil \u2013 s\u00e4rav punane triibukujundusega v\u00f5i elegantne l\u00e4ikiv must. M\u00f5lemad variandid r\u00f5hutavad Venture18 julget iseloomu ja tagavad silmapaistva v\u00e4limuse igas seltskonnas.<\/p>\n<hr class=\"\" data-start=\"2375\" data-end=\"2378\" \/>\n<p class=\"\" data-start=\"2380\" data-end=\"2608\">RcZone.ee pakub sulle parimat valikut, kiiret tarnet ja asjatundlikku teenindust. Kui otsid usaldusv\u00e4\u00e4rset, detailirohket ja v\u00f5imekat RC-maasturit, on <strong data-start=\"2531\" data-end=\"2565\">HPI Venture18 Toyota Hilux SR5<\/strong> ideaalne valik sinu j\u00e4rgmiseks seikluseks.<\/p>\n<p><iframe title=\"YouTube video player\" src=\"https:\/\/www.youtube.com\/embed\/wjoQdl9csFk?si=hwWPwnuMKYmQTwj-\" width=\"800\" height=\"450\" frameborder=\"0\" allowfullscreen=\"allowfullscreen\"><\/iframe><\/p>\n<p class=\"\" data-start=\"2610\" data-end=\"2687\">\ud83d\udc49 <strong data-start=\"2613\" data-end=\"2687\">Telli juba t\u00e4na RcZone.ee lehelt ja alusta oma v\u00e4ikest suurt seiklust!<\/strong><\/p>\n<p data-start=\"2610\" data-end=\"2687\"><img decoding=\"async\" class=\"alignnone size-full wp-image-2508\" src=\"https:\/\/rczone.ee\/wp-content\/uploads\/2025\/03\/group_shot_2-rem-1.jpg\" alt=\"\" width=\"800\" height=\"492\" srcset=\"https:\/\/rczone.ee\/wp-content\/uploads\/2025\/03\/group_shot_2-rem-1.jpg 800w, https:\/\/rczone.ee\/wp-content\/uploads\/2025\/03\/group_shot_2-rem-1-650x400.jpg 650w, https:\/\/rczone.ee\/wp-content\/uploads\/2025\/03\/group_shot_2-rem-1-768x472.jpg 768w, https:\/\/rczone.ee\/wp-content\/uploads\/2025\/03\/group_shot_2-rem-1-18x12.jpg 18w\" sizes=\"(max-width: 800px) 100vw, 800px\" \/> <img decoding=\"async\" class=\"alignnone size-full wp-image-2507\" src=\"https:\/\/rczone.ee\/wp-content\/uploads\/2025\/03\/group_night_shot_1.jpg\" alt=\"\" width=\"800\" height=\"470\" srcset=\"https:\/\/rczone.ee\/wp-content\/uploads\/2025\/03\/group_night_shot_1.jpg 800w, https:\/\/rczone.ee\/wp-content\/uploads\/2025\/03\/group_night_shot_1-681x400.jpg 681w, https:\/\/rczone.ee\/wp-content\/uploads\/2025\/03\/group_night_shot_1-768x451.jpg 768w, https:\/\/rczone.ee\/wp-content\/uploads\/2025\/03\/group_night_shot_1-18x12.jpg 18w\" sizes=\"(max-width: 800px) 100vw, 800px\" \/><\/p>\n<p data-start=\"2610\" data-end=\"2687\">\u00a0<img decoding=\"async\" class=\"alignnone size-full wp-image-2504\" src=\"https:\/\/rczone.ee\/wp-content\/uploads\/2025\/03\/black_outdoor_2.jpg\" alt=\"\" width=\"800\" height=\"492\" srcset=\"https:\/\/rczone.ee\/wp-content\/uploads\/2025\/03\/black_outdoor_2.jpg 800w, https:\/\/rczone.ee\/wp-content\/uploads\/2025\/03\/black_outdoor_2-650x400.jpg 650w, https:\/\/rczone.ee\/wp-content\/uploads\/2025\/03\/black_outdoor_2-768x472.jpg 768w, https:\/\/rczone.ee\/wp-content\/uploads\/2025\/03\/black_outdoor_2-18x12.jpg 18w\" sizes=\"(max-width: 800px) 100vw, 800px\" \/> <img decoding=\"async\" class=\"alignnone size-full wp-image-2502\" src=\"https:\/\/rczone.ee\/wp-content\/uploads\/2025\/03\/red_outdoor_2.jpg\" alt=\"\" width=\"800\" height=\"534\" srcset=\"https:\/\/rczone.ee\/wp-content\/uploads\/2025\/03\/red_outdoor_2.jpg 800w, https:\/\/rczone.ee\/wp-content\/uploads\/2025\/03\/red_outdoor_2-599x400.jpg 599w, https:\/\/rczone.ee\/wp-content\/uploads\/2025\/03\/red_outdoor_2-768x513.jpg 768w, https:\/\/rczone.ee\/wp-content\/uploads\/2025\/03\/red_outdoor_2-18x12.jpg 18w\" sizes=\"(max-width: 800px) 100vw, 800px\" \/> <img decoding=\"async\" class=\"alignnone size-full wp-image-2505\" src=\"https:\/\/rczone.ee\/wp-content\/uploads\/2025\/03\/black_rear_angle.jpg\" alt=\"\" width=\"800\" height=\"514\" srcset=\"https:\/\/rczone.ee\/wp-content\/uploads\/2025\/03\/black_rear_angle.jpg 800w, https:\/\/rczone.ee\/wp-content\/uploads\/2025\/03\/black_rear_angle-623x400.jpg 623w, https:\/\/rczone.ee\/wp-content\/uploads\/2025\/03\/black_rear_angle-768x493.jpg 768w, https:\/\/rczone.ee\/wp-content\/uploads\/2025\/03\/black_rear_angle-18x12.jpg 18w\" sizes=\"(max-width: 800px) 100vw, 800px\" \/> <img decoding=\"async\" class=\"alignnone size-full wp-image-2501\" src=\"https:\/\/rczone.ee\/wp-content\/uploads\/2025\/03\/red_front_angle.jpg\" alt=\"\" width=\"800\" height=\"665\" srcset=\"https:\/\/rczone.ee\/wp-content\/uploads\/2025\/03\/red_front_angle.jpg 800w, https:\/\/rczone.ee\/wp-content\/uploads\/2025\/03\/red_front_angle-481x400.jpg 481w, https:\/\/rczone.ee\/wp-content\/uploads\/2025\/03\/red_front_angle-768x638.jpg 768w, https:\/\/rczone.ee\/wp-content\/uploads\/2025\/03\/red_front_angle-14x12.jpg 14w\" sizes=\"(max-width: 800px) 100vw, 800px\" \/>\u00a0<img decoding=\"async\" class=\"alignnone size-full wp-image-2506\" src=\"https:\/\/rczone.ee\/wp-content\/uploads\/2025\/03\/black_spotters_front_and_rear_view.jpg\" alt=\"\" width=\"800\" height=\"285\" srcset=\"https:\/\/rczone.ee\/wp-content\/uploads\/2025\/03\/black_spotters_front_and_rear_view.jpg 800w, https:\/\/rczone.ee\/wp-content\/uploads\/2025\/03\/black_spotters_front_and_rear_view-768x274.jpg 768w, https:\/\/rczone.ee\/wp-content\/uploads\/2025\/03\/black_spotters_front_and_rear_view-18x6.jpg 18w\" sizes=\"(max-width: 800px) 100vw, 800px\" \/> <img decoding=\"async\" class=\"alignnone size-full wp-image-2503\" src=\"https:\/\/rczone.ee\/wp-content\/uploads\/2025\/03\/red_spotters_front_and_rear_view.jpg\" alt=\"\" width=\"800\" height=\"307\" srcset=\"https:\/\/rczone.ee\/wp-content\/uploads\/2025\/03\/red_spotters_front_and_rear_view.jpg 800w, https:\/\/rczone.ee\/wp-content\/uploads\/2025\/03\/red_spotters_front_and_rear_view-768x295.jpg 768w, https:\/\/rczone.ee\/wp-content\/uploads\/2025\/03\/red_spotters_front_and_rear_view-18x7.jpg 18w\" sizes=\"(max-width: 800px) 100vw, 800px\" \/><\/p>\n<\/div>\n<\/div>\n<\/div>\n<\/div>\n<\/div>\n<\/div>\n<\/div>\n<\/div>\n<\/article>\n","protected":false},"excerpt":{"rendered":"<ul>\n<li style=\"line-height: 1; padding-top: 20px;\">Nov\u0113rt\u0113jums: Par<\/li>\n<li style=\"line-height: 1;\">Lietot\u0101ju vecuma diapazons: 8-13 gadi<\/li>\n<li style=\"line-height: 1;\">Kategorija: crawler<\/li>\n<li style=\"line-height: 1;\">M\u0113rogi: 1:18<\/li>\n<li style=\"line-height: 1;\">Vilces ass: 4WD<\/li>\n<li style=\"line-height: 1;\">Pabeig\u0161ana: gatavs darbam<\/li>\n<li style=\"line-height: 1;\">Ener\u0123ija: elektroener\u0123ija<\/li>\n<\/ul>","protected":false},"featured_media":2485,"comment_status":"open","ping_status":"closed","template":"","meta":{"_monsterinsights_skip_tracking":false,"_monsterinsights_sitenote_active":false,"_monsterinsights_sitenote_note":"","_monsterinsights_sitenote_category":0},"fits_model":[],"product_brand":[],"product_cat":[38],"product_tag":[84],"woo-feed-brand":[86],"class_list":{"0":"post-2471","1":"product","2":"type-product","3":"status-publish","4":"has-post-thumbnail","6":"product_cat-crawler","7":"product_tag-standard","8":"woo-feed-brand-hpi-racing","10":"first","11":"onbackorder","12":"taxable","13":"shipping-taxable","14":"purchasable","15":"product-type-variable","16":"has-default-attributes"},"yoast_head":"<!-- This site is optimized with the Yoast SEO plugin v27.6 - https:\/\/yoast.com\/product\/yoast-seo-wordpress\/ -->\n<title>HPI Racing Venture18 Toyota Hilux SR5 - RC Zone | Raadio teel juhitavad autod<\/title>\n<meta name=\"robots\" content=\"index, follow, max-snippet:-1, max-image-preview:large, max-video-preview:-1\" \/>\n<link rel=\"canonical\" href=\"https:\/\/rczone.ee\/lv\/products\/jauns-hpi-racing-venture18-toyota-hilux-sr5\/\" \/>\n<meta property=\"og:locale\" content=\"lv_LV\" \/>\n<meta property=\"og:type\" content=\"article\" \/>\n<meta property=\"og:title\" content=\"HPI Racing Venture18 Toyota Hilux SR5 - RC Zone | Raadio teel juhitavad autod\" \/>\n<meta property=\"og:description\" content=\"Rate: Pro  Kasutaja vanuseklass: 8-13  Kategooria: Crawler  Skaala: 1:18  Vedav sild: 4WD  Komplekteeritus: Ready-To-Run  Energia: Elekter\" \/>\n<meta property=\"og:url\" content=\"https:\/\/rczone.ee\/lv\/products\/jauns-hpi-racing-venture18-toyota-hilux-sr5\/\" \/>\n<meta property=\"og:site_name\" content=\"RC Zone | Raadio teel juhitavad autod\" \/>\n<meta property=\"article:publisher\" content=\"https:\/\/www.facebook.com\/rczone.ee\" \/>\n<meta property=\"article:modified_time\" content=\"2026-04-23T18:35:58+00:00\" \/>\n<meta property=\"og:image\" content=\"https:\/\/rczone.ee\/wp-content\/uploads\/2025\/03\/160801_01-1.jpg\" \/>\n\t<meta property=\"og:image:width\" content=\"800\" \/>\n\t<meta property=\"og:image:height\" content=\"800\" \/>\n\t<meta property=\"og:image:type\" content=\"image\/jpeg\" \/>\n<meta name=\"twitter:card\" content=\"summary_large_image\" \/>\n<meta name=\"twitter:label1\" content=\"Est. reading time\" \/>\n\t<meta name=\"twitter:data1\" content=\"4 min\u016btes\" \/>\n<script type=\"application\/ld+json\" class=\"yoast-schema-graph\">{\"@context\":\"https:\\\/\\\/schema.org\",\"@graph\":[{\"@type\":\"WebPage\",\"@id\":\"https:\\\/\\\/rczone.ee\\\/toode\\\/uus-hpi-racing-venture18-toyota-hilux-sr5\\\/\",\"url\":\"https:\\\/\\\/rczone.ee\\\/toode\\\/uus-hpi-racing-venture18-toyota-hilux-sr5\\\/\",\"name\":\"HPI Racing Venture18 Toyota Hilux SR5 - RC Zone | Raadio teel juhitavad autod\",\"isPartOf\":{\"@id\":\"https:\\\/\\\/rczone.ee\\\/#website\"},\"primaryImageOfPage\":{\"@id\":\"https:\\\/\\\/rczone.ee\\\/toode\\\/uus-hpi-racing-venture18-toyota-hilux-sr5\\\/#primaryimage\"},\"image\":{\"@id\":\"https:\\\/\\\/rczone.ee\\\/toode\\\/uus-hpi-racing-venture18-toyota-hilux-sr5\\\/#primaryimage\"},\"thumbnailUrl\":\"https:\\\/\\\/rczone.ee\\\/wp-content\\\/uploads\\\/2025\\\/03\\\/160801_01-1.jpg\",\"datePublished\":\"2025-03-22T08:36:40+00:00\",\"dateModified\":\"2026-04-23T18:35:58+00:00\",\"breadcrumb\":{\"@id\":\"https:\\\/\\\/rczone.ee\\\/toode\\\/uus-hpi-racing-venture18-toyota-hilux-sr5\\\/#breadcrumb\"},\"inLanguage\":\"lv-LV\",\"potentialAction\":[{\"@type\":\"ReadAction\",\"target\":[\"https:\\\/\\\/rczone.ee\\\/toode\\\/uus-hpi-racing-venture18-toyota-hilux-sr5\\\/\"]}]},{\"@type\":\"ImageObject\",\"inLanguage\":\"lv-LV\",\"@id\":\"https:\\\/\\\/rczone.ee\\\/toode\\\/uus-hpi-racing-venture18-toyota-hilux-sr5\\\/#primaryimage\",\"url\":\"https:\\\/\\\/rczone.ee\\\/wp-content\\\/uploads\\\/2025\\\/03\\\/160801_01-1.jpg\",\"contentUrl\":\"https:\\\/\\\/rczone.ee\\\/wp-content\\\/uploads\\\/2025\\\/03\\\/160801_01-1.jpg\",\"width\":800,\"height\":800},{\"@type\":\"BreadcrumbList\",\"@id\":\"https:\\\/\\\/rczone.ee\\\/toode\\\/uus-hpi-racing-venture18-toyota-hilux-sr5\\\/#breadcrumb\",\"itemListElement\":[{\"@type\":\"ListItem\",\"position\":1,\"name\":\"Home\",\"item\":\"https:\\\/\\\/rczone.ee\\\/\"},{\"@type\":\"ListItem\",\"position\":2,\"name\":\"Shop\",\"item\":\"https:\\\/\\\/rczone.ee\\\/shop\\\/\"},{\"@type\":\"ListItem\",\"position\":3,\"name\":\"HPI Racing Venture18 Toyota Hilux SR5\"}]},{\"@type\":\"WebSite\",\"@id\":\"https:\\\/\\\/rczone.ee\\\/#website\",\"url\":\"https:\\\/\\\/rczone.ee\\\/\",\"name\":\"RcZone\",\"description\":\"RcZone - Raadio teel juhitavate autode veebipood. M&uuml;&uuml;me laia valikut kvaliteetseid ja v&otilde;imsaid RC-autosid. Kiire tarne ja konkurentsiv&otilde;imelised hinnad.\",\"publisher\":{\"@id\":\"https:\\\/\\\/rczone.ee\\\/#organization\"},\"potentialAction\":[{\"@type\":\"SearchAction\",\"target\":{\"@type\":\"EntryPoint\",\"urlTemplate\":\"https:\\\/\\\/rczone.ee\\\/?s={search_term_string}\"},\"query-input\":{\"@type\":\"PropertyValueSpecification\",\"valueRequired\":true,\"valueName\":\"search_term_string\"}}],\"inLanguage\":\"lv-LV\"},{\"@type\":\"Organization\",\"@id\":\"https:\\\/\\\/rczone.ee\\\/#organization\",\"name\":\"RcZone\",\"url\":\"https:\\\/\\\/rczone.ee\\\/\",\"logo\":{\"@type\":\"ImageObject\",\"inLanguage\":\"lv-LV\",\"@id\":\"https:\\\/\\\/rczone.ee\\\/#\\\/schema\\\/logo\\\/image\\\/\",\"url\":\"https:\\\/\\\/rczone.ee\\\/wp-content\\\/uploads\\\/2024\\\/01\\\/3D.png\",\"contentUrl\":\"https:\\\/\\\/rczone.ee\\\/wp-content\\\/uploads\\\/2024\\\/01\\\/3D.png\",\"width\":2080,\"height\":602,\"caption\":\"RcZone\"},\"image\":{\"@id\":\"https:\\\/\\\/rczone.ee\\\/#\\\/schema\\\/logo\\\/image\\\/\"},\"sameAs\":[\"https:\\\/\\\/www.facebook.com\\\/rczone.ee\"]}]}<\/script>\n<!-- \/ Yoast SEO plugin. -->","yoast_head_json":{"title":"HPI Racing Venture18 Toyota Hilux SR5 - RC Zona | Radiovad\u0101mie auto","robots":{"index":"index","follow":"follow","max-snippet":"max-snippet:-1","max-image-preview":"max-image-preview:large","max-video-preview":"max-video-preview:-1"},"canonical":"https:\/\/rczone.ee\/lv\/products\/jauns-hpi-racing-venture18-toyota-hilux-sr5\/","og_locale":"lv_LV","og_type":"article","og_title":"HPI Racing Venture18 Toyota Hilux SR5 - RC Zone | Raadio teel juhitavad autod","og_description":"Rate: Pro  Kasutaja vanuseklass: 8-13  Kategooria: Crawler  Skaala: 1:18  Vedav sild: 4WD  Komplekteeritus: Ready-To-Run  Energia: Elekter","og_url":"https:\/\/rczone.ee\/lv\/products\/jauns-hpi-racing-venture18-toyota-hilux-sr5\/","og_site_name":"RC Zone | Raadio teel juhitavad autod","article_publisher":"https:\/\/www.facebook.com\/rczone.ee","article_modified_time":"2026-04-23T18:35:58+00:00","og_image":[{"width":800,"height":800,"url":"https:\/\/rczone.ee\/wp-content\/uploads\/2025\/03\/160801_01-1.jpg","type":"image\/jpeg"}],"twitter_card":"summary_large_image","twitter_misc":{"Est. reading time":"4 min\u016btes"},"schema":{"@context":"https:\/\/schema.org","@graph":[{"@type":"WebPage","@id":"https:\/\/rczone.ee\/toode\/uus-hpi-racing-venture18-toyota-hilux-sr5\/","url":"https:\/\/rczone.ee\/toode\/uus-hpi-racing-venture18-toyota-hilux-sr5\/","name":"HPI Racing Venture18 Toyota Hilux SR5 - RC Zona | Radiovad\u0101mie auto","isPartOf":{"@id":"https:\/\/rczone.ee\/#website"},"primaryImageOfPage":{"@id":"https:\/\/rczone.ee\/toode\/uus-hpi-racing-venture18-toyota-hilux-sr5\/#primaryimage"},"image":{"@id":"https:\/\/rczone.ee\/toode\/uus-hpi-racing-venture18-toyota-hilux-sr5\/#primaryimage"},"thumbnailUrl":"https:\/\/rczone.ee\/wp-content\/uploads\/2025\/03\/160801_01-1.jpg","datePublished":"2025-03-22T08:36:40+00:00","dateModified":"2026-04-23T18:35:58+00:00","breadcrumb":{"@id":"https:\/\/rczone.ee\/toode\/uus-hpi-racing-venture18-toyota-hilux-sr5\/#breadcrumb"},"inLanguage":"lv-LV","potentialAction":[{"@type":"ReadAction","target":["https:\/\/rczone.ee\/toode\/uus-hpi-racing-venture18-toyota-hilux-sr5\/"]}]},{"@type":"ImageObject","inLanguage":"lv-LV","@id":"https:\/\/rczone.ee\/toode\/uus-hpi-racing-venture18-toyota-hilux-sr5\/#primaryimage","url":"https:\/\/rczone.ee\/wp-content\/uploads\/2025\/03\/160801_01-1.jpg","contentUrl":"https:\/\/rczone.ee\/wp-content\/uploads\/2025\/03\/160801_01-1.jpg","width":800,"height":800},{"@type":"BreadcrumbList","@id":"https:\/\/rczone.ee\/toode\/uus-hpi-racing-venture18-toyota-hilux-sr5\/#breadcrumb","itemListElement":[{"@type":"ListItem","position":1,"name":"Home","item":"https:\/\/rczone.ee\/"},{"@type":"ListItem","position":2,"name":"Shop","item":"https:\/\/rczone.ee\/shop\/"},{"@type":"ListItem","position":3,"name":"HPI Racing Venture18 Toyota Hilux SR5"}]},{"@type":"WebSite","@id":"https:\/\/rczone.ee\/#website","url":"https:\/\/rczone.ee\/","name":"RcZone","description":"RcZone - Radio vad\u0101mo automobi\u013cu tie\u0161saistes veikals. M\u0113s p\u0101rdodam pla\u0161u augstas kvalit\u0101tes un jaud\u012bgu RC automobi\u013cu kl\u0101stu. \u0100tra pieg\u0101de un konkur\u0113tsp\u0113j\u012bgas cenas.","publisher":{"@id":"https:\/\/rczone.ee\/#organization"},"potentialAction":[{"@type":"SearchAction","target":{"@type":"EntryPoint","urlTemplate":"https:\/\/rczone.ee\/?s={search_term_string}"},"query-input":{"@type":"PropertyValueSpecification","valueRequired":true,"valueName":"search_term_string"}}],"inLanguage":"lv-LV"},{"@type":"Organization","@id":"https:\/\/rczone.ee\/#organization","name":"RcZone","url":"https:\/\/rczone.ee\/","logo":{"@type":"ImageObject","inLanguage":"lv-LV","@id":"https:\/\/rczone.ee\/#\/schema\/logo\/image\/","url":"https:\/\/rczone.ee\/wp-content\/uploads\/2024\/01\/3D.png","contentUrl":"https:\/\/rczone.ee\/wp-content\/uploads\/2024\/01\/3D.png","width":2080,"height":602,"caption":"RcZone"},"image":{"@id":"https:\/\/rczone.ee\/#\/schema\/logo\/image\/"},"sameAs":["https:\/\/www.facebook.com\/rczone.ee"]}]}},"_links":{"self":[{"href":"https:\/\/rczone.ee\/lv\/wp-json\/wp\/v2\/product\/2471","targetHints":{"allow":["GET"]}}],"collection":[{"href":"https:\/\/rczone.ee\/lv\/wp-json\/wp\/v2\/product"}],"about":[{"href":"https:\/\/rczone.ee\/lv\/wp-json\/wp\/v2\/types\/product"}],"replies":[{"embeddable":true,"href":"https:\/\/rczone.ee\/lv\/wp-json\/wp\/v2\/comments?post=2471"}],"wp:featuredmedia":[{"embeddable":true,"href":"https:\/\/rczone.ee\/lv\/wp-json\/wp\/v2\/media\/2485"}],"wp:attachment":[{"href":"https:\/\/rczone.ee\/lv\/wp-json\/wp\/v2\/media?parent=2471"}],"wp:term":[{"taxonomy":"fits_model","embeddable":true,"href":"https:\/\/rczone.ee\/lv\/wp-json\/wp\/v2\/fits_model?post=2471"},{"taxonomy":"product_brand","embeddable":true,"href":"https:\/\/rczone.ee\/lv\/wp-json\/wp\/v2\/product_brand?post=2471"},{"taxonomy":"product_cat","embeddable":true,"href":"https:\/\/rczone.ee\/lv\/wp-json\/wp\/v2\/product_cat?post=2471"},{"taxonomy":"product_tag","embeddable":true,"href":"https:\/\/rczone.ee\/lv\/wp-json\/wp\/v2\/product_tag?post=2471"},{"taxonomy":"woo-feed-brand","embeddable":true,"href":"https:\/\/rczone.ee\/lv\/wp-json\/wp\/v2\/woo-feed-brand?post=2471"}],"curies":[{"name":"wp","href":"https:\/\/api.w.org\/{rel}","templated":true}]}}