{"id":2663,"date":"2025-03-27T20:01:04","date_gmt":"2025-03-27T18:01:04","guid":{"rendered":"https:\/\/rczone.ee\/?post_type=product&#038;p=2663"},"modified":"2026-03-05T21:02:37","modified_gmt":"2026-03-05T19:02:37","slug":"blackzon-smyter-dt-turbo-1-12-4wd-3s-brushless","status":"publish","type":"product","link":"https:\/\/rczone.ee\/lv\/toode\/blackzon-smyter-dt-turbo-1-12-4wd-3s-brushless\/","title":{"rendered":"BLACKZON Smyter DT Turbo 1\/12 4WD 3S Brushless"},"content":{"rendered":"<h1 data-start=\"0\" data-end=\"87\"><strong data-start=\"0\" data-end=\"87\">BLACKZON Smyter DT Turbo 1\/12 4WD 3S Brushless \u2013 j\u00f5uline minek!<\/strong><\/h1>\n<p class=\"\" data-start=\"89\" data-end=\"386\">Tule ja koge t\u00f5elist RC-elamust BlackZon Smyter DT Turbo roolis! RcZone.ee toob sinuni vinge ja v\u00f5imsa raadio teel juhitava auto, mis paneb adrenaliini pulbitsema iga\u00fchel.<\/p>\n<p data-start=\"388\" data-end=\"673\"><img decoding=\"async\" class=\"alignnone size-full wp-image-2688\" src=\"https:\/\/rczone.ee\/wp-content\/uploads\/2025\/03\/smyter_dt_turbo_features.png\" alt=\"\" width=\"1300\" height=\"315\" srcset=\"https:\/\/rczone.ee\/wp-content\/uploads\/2025\/03\/smyter_dt_turbo_features.png 1300w, https:\/\/rczone.ee\/wp-content\/uploads\/2025\/03\/smyter_dt_turbo_features-800x194.png 800w, https:\/\/rczone.ee\/wp-content\/uploads\/2025\/03\/smyter_dt_turbo_features-768x186.png 768w, https:\/\/rczone.ee\/wp-content\/uploads\/2025\/03\/smyter_dt_turbo_features-18x4.png 18w, https:\/\/rczone.ee\/wp-content\/uploads\/2025\/03\/smyter_dt_turbo_features-900x218.png 900w\" sizes=\"(max-width: 1300px) 100vw, 1300px\" \/><\/p>\n<p class=\"\" data-start=\"91\" data-end=\"427\">Varustatud harjavaba mootori ja 3S-toega elektroonikaga, pakub see masin uskumatut kiirust ja vastupidavust \u2013 tippkiirus kuni <strong data-start=\"402\" data-end=\"413\">70 km\/h<\/strong>!<\/p>\n<p class=\"\" data-start=\"429\" data-end=\"734\"><strong data-start=\"429\" data-end=\"448\">Smyter Turbo DT<\/strong> ei ole lihtsalt ilus, vaid ka t\u00f5eliselt v\u00f5imekas. T\u00e4nu 4WD veoskeemile, s\u00f5ltumatule topelt\u00f5\u00f5tshoovadega vedrustusele ja \u00f5liamortidele, saad s\u00f5ita muretult nii kruusal, murul, liival kui ka h\u00fcpete ja takistuste vahel. Lisaks muudavad LED-tuled \u00f6ised s\u00f5idud eriti efektseks ja n\u00e4htavaks.<\/p>\n<p><iframe title=\"YouTube video player\" src=\"https:\/\/www.youtube.com\/embed\/gpJ4wwWMafQ?si=CSB27rSbz0RG5A7L\" width=\"800\" height=\"450\" frameborder=\"0\" allowfullscreen=\"allowfullscreen\"><span data-mce-type=\"bookmark\" style=\"display: inline-block; width: 0px; overflow: hidden; line-height: 0;\" class=\"mce_SELRES_start\">\ufeff<\/span><\/iframe><\/p>\n<p class=\"\" data-start=\"736\" data-end=\"798\"><strong data-start=\"736\" data-end=\"798\">Miks valida BLACKZON Smyter DT Turbo RcZone.ee veebipoest?<\/strong><\/p>\n<p class=\"\" data-start=\"800\" data-end=\"1204\">\u2705 Harjavaba 3S-toega j\u00f5uallikas \u2013 kuni <strong data-start=\"839\" data-end=\"850\">70 km\/h<\/strong><br data-start=\"850\" data-end=\"853\" \/>\u2705 4WD veoskeem stabiilseks s\u00f5iduks igal pinnasel<br data-start=\"901\" data-end=\"904\" \/>\u2705 \u00d5liga t\u00e4idetud reguleeritavad amordid<br data-start=\"943\" data-end=\"946\" \/>\u2705 Tugevad metallist veov\u00f5llid ja diferentsiaalid<br data-start=\"994\" data-end=\"997\" \/>\u2705 LED tuled \u2013 katusel standardis, esituled kaasas<br data-start=\"1046\" data-end=\"1049\" \/>\u2705 Veekindel elektroonika ja vastupidav ehitus<br data-start=\"1094\" data-end=\"1097\" \/>\u2705 Kiirusepiirik \u2013 ideaalne nii algajale kui edasij\u00f5udnule<br data-start=\"1154\" data-end=\"1157\" \/>\u2705 Komplektis aku ja USB-laadija \u2013 lae ja s\u00f5ida!<\/p>\n<p class=\"\" data-start=\"1206\" data-end=\"1449\"><strong data-start=\"1206\" data-end=\"1228\">Tehnilised andmed:<\/strong><br data-start=\"1228\" data-end=\"1231\" \/>\ud83d\udccf Pikkus: 395 mm | Laius: 255 mm | K\u00f5rgus: 160 mm<br data-start=\"1281\" data-end=\"1284\" \/>\ud83d\udd29 Teljevahe: 240 mm | Rehvi l\u00e4bim\u00f5\u00f5t: 95 mm | Laius: 35 mm<br data-start=\"1343\" data-end=\"1346\" \/>\u26a1 Aku: 7.4V 1600mAh LiPo (T-Plug) &#8211; (Komplektis kaasas on 2S aku).<br data-start=\"1394\" data-end=\"1397\" \/>\ud83d\udce1 Juhtimiss\u00fcsteem: 2.4GHz saatja kiirusregulaatoriga<\/p>\n<p data-start=\"871\" data-end=\"920\"><img decoding=\"async\" class=\"alignnone size-full wp-image-2690\" src=\"https:\/\/rczone.ee\/wp-content\/uploads\/2025\/03\/smyter_dt_turbo_dimensions.jpg\" alt=\"\" width=\"742\" height=\"485\" srcset=\"https:\/\/rczone.ee\/wp-content\/uploads\/2025\/03\/smyter_dt_turbo_dimensions.jpg 742w, https:\/\/rczone.ee\/wp-content\/uploads\/2025\/03\/smyter_dt_turbo_dimensions-612x400.jpg 612w, https:\/\/rczone.ee\/wp-content\/uploads\/2025\/03\/smyter_dt_turbo_dimensions-18x12.jpg 18w\" sizes=\"(max-width: 742px) 100vw, 742px\" \/> <img decoding=\"async\" class=\"alignnone size-full wp-image-2689\" src=\"https:\/\/rczone.ee\/wp-content\/uploads\/2025\/03\/smyter_dt_turbo_box_contents.jpg\" alt=\"\" width=\"742\" height=\"485\" srcset=\"https:\/\/rczone.ee\/wp-content\/uploads\/2025\/03\/smyter_dt_turbo_box_contents.jpg 742w, https:\/\/rczone.ee\/wp-content\/uploads\/2025\/03\/smyter_dt_turbo_box_contents-612x400.jpg 612w, https:\/\/rczone.ee\/wp-content\/uploads\/2025\/03\/smyter_dt_turbo_box_contents-18x12.jpg 18w\" sizes=\"(max-width: 742px) 100vw, 742px\" \/><\/p>\n<article class=\"w-full text-token-text-primary\" dir=\"auto\" data-testid=\"conversation-turn-2\" data-scroll-anchor=\"true\">\n<div class=\"text-base my-auto mx-auto py-5 px-6\">\n<div class=\"mx-auto flex flex-1 text-base gap-4 md:gap-5 lg:gap-6 md:max-w-3xl lg:max-w-[40rem] xl:max-w-[48rem] group\/turn-messages focus-visible:outline-none\" tabindex=\"-1\">\n<div class=\"group\/conversation-turn relative flex w-full min-w-0 flex-col agent-turn @xs\/thread:px-0 @sm\/thread:px-1.5 @md\/thread:px-4\">\n<div class=\"relative flex-col gap-1 md:gap-3\">\n<div class=\"flex max-w-full flex-col flex-grow\">\n<div class=\"min-h-8 text-message relative flex w-full flex-col items-end gap-2 whitespace-normal break-words text-start [.text-message+&amp;]:mt-5\" dir=\"auto\" data-message-author-role=\"assistant\" data-message-id=\"62d1d66a-df5e-4f77-9751-2589f03ffe60\" data-message-model-slug=\"gpt-4o\">\n<div class=\"flex w-full flex-col gap-1 empty:hidden first:pt-[3px]\">\n<div class=\"markdown prose w-full break-words dark:prose-invert light\">\n<p class=\"\" data-start=\"1451\" data-end=\"1661\">BlackZon Smyter DT Turbo on ideaalne valik nii RC-maailma uustulijale kui ka kogenud hobis\u00f5itjale, kes hindab kiirust, vastupidavust ja stiili. \u00c4ra j\u00e4\u00e4 ilma \u2013 <strong data-start=\"1610\" data-end=\"1661\" data-is-last-node=\"\">telli oma masin juba t\u00e4na RcZone.ee veebipoest!<\/strong><\/p>\n<\/div>\n<\/div>\n<\/div>\n<\/div>\n<\/div>\n<\/div>\n<\/div>\n<\/div>\n<\/article>\n<h5>Sobiva 3S aku auto t\u00e4isv\u00f5imsuse saavutamiseks saab lisada siit (kinnitamisel tuleb loovust kasutada (nt kinnita avatava kaablisidemega), orig.takjariba on liiga l\u00fchike):<\/h5>\n\t\n  \n    <div class=\"row large-columns-4 medium-columns-3 small-columns-2 row-small has-shadow row-box-shadow-2 row-box-shadow-1-hover slider row-slider slider-nav-reveal slider-nav-push\"  data-flickity-options='{&quot;imagesLoaded&quot;: true, &quot;groupCells&quot;: &quot;100%&quot;, &quot;dragThreshold&quot; : 5, &quot;cellAlign&quot;: &quot;left&quot;,&quot;wrapAround&quot;: true,&quot;prevNextButtons&quot;: true,&quot;percentPosition&quot;: true,&quot;pageDots&quot;: false, &quot;rightToLeft&quot;: false, &quot;autoPlay&quot; : false}' >\n\n  \n\t     <div class=\"product-small col has-hover product type-product post-3283 status-publish first instock product_cat-battery product_tag-standard has-post-thumbnail taxable shipping-taxable purchasable product-type-simple\">\n\t<div class=\"col-inner\">\n\t\n<div class=\"badge-container absolute left top z-1\">\n\n<\/div>\n\t<div class=\"product-small box \">\n\t\t<div class=\"box-image\">\n\t\t\t<div class=\"image-zoom_in\">\n\t\t\t\t<a href=\"https:\/\/rczone.ee\/lv\/toode\/cnhl-3s-11-1v-2200mah-40c-lipo-t-plug-deans\/\">\n\t\t\t\t\t<img decoding=\"async\" width=\"450\" height=\"450\" src=\"https:\/\/rczone.ee\/wp-content\/uploads\/2025\/06\/3s_2200mah_t_2pcs-450x450.jpg\" class=\"attachment-woocommerce_thumbnail size-woocommerce_thumbnail\" alt=\"CNHL 3S 11.1V 2200mAh 40C LiPo T-plug (Deans)\" srcset=\"https:\/\/rczone.ee\/wp-content\/uploads\/2025\/06\/3s_2200mah_t_2pcs-450x450.jpg 450w, https:\/\/rczone.ee\/wp-content\/uploads\/2025\/06\/3s_2200mah_t_2pcs-400x400.jpg 400w, https:\/\/rczone.ee\/wp-content\/uploads\/2025\/06\/3s_2200mah_t_2pcs-280x280.jpg 280w, https:\/\/rczone.ee\/wp-content\/uploads\/2025\/06\/3s_2200mah_t_2pcs-768x768.jpg 768w, https:\/\/rczone.ee\/wp-content\/uploads\/2025\/06\/3s_2200mah_t_2pcs-12x12.jpg 12w, https:\/\/rczone.ee\/wp-content\/uploads\/2025\/06\/3s_2200mah_t_2pcs-100x100.jpg 100w, https:\/\/rczone.ee\/wp-content\/uploads\/2025\/06\/3s_2200mah_t_2pcs.jpg 800w\" sizes=\"(max-width: 450px) 100vw, 450px\" \/><img decoding=\"async\" width=\"450\" height=\"450\" src=\"https:\/\/rczone.ee\/wp-content\/uploads\/2025\/06\/d4-450x450.jpg\" class=\"show-on-hover absolute fill hide-for-small back-imageshow-on-hover absolute fill hide-for-small back-image hover-zoom\" alt=\"Alternative view of CNHL 3S 11.1V 2200mAh 40C LiPo T-plug (Deans)\" aria-hidden=\"true\" srcset=\"https:\/\/rczone.ee\/wp-content\/uploads\/2025\/06\/d4-450x450.jpg 450w, https:\/\/rczone.ee\/wp-content\/uploads\/2025\/06\/d4-400x400.jpg 400w, https:\/\/rczone.ee\/wp-content\/uploads\/2025\/06\/d4-280x280.jpg 280w, https:\/\/rczone.ee\/wp-content\/uploads\/2025\/06\/d4-768x768.jpg 768w, https:\/\/rczone.ee\/wp-content\/uploads\/2025\/06\/d4-12x12.jpg 12w, https:\/\/rczone.ee\/wp-content\/uploads\/2025\/06\/d4-100x100.jpg 100w, https:\/\/rczone.ee\/wp-content\/uploads\/2025\/06\/d4.jpg 800w\" sizes=\"(max-width: 450px) 100vw, 450px\" \/>\t\t\t\t<\/a>\n\t\t\t<\/div>\n\t\t\t<div class=\"image-tools is-small top right show-on-hover\">\n\t\t\t\t\t\t<div class=\"wishlist-icon\">\n\t\t\t<button class=\"wishlist-button button is-outline circle icon\" aria-label=\"Wishlist\">\n\t\t\t\t<i class=\"icon-heart\" aria-hidden=\"true\"><\/i>\t\t\t<\/button>\n\t\t\t<div class=\"wishlist-popup dark\">\n\t\t\t\t\n<div\n\tclass=\"yith-wcwl-add-to-wishlist add-to-wishlist-3283 yith-wcwl-add-to-wishlist--link-style wishlist-fragment on-first-load\"\n\tdata-fragment-ref=\"3283\"\n\tdata-fragment-options=\"{&quot;base_url&quot;:&quot;&quot;,&quot;product_id&quot;:3283,&quot;parent_product_id&quot;:0,&quot;product_type&quot;:&quot;simple&quot;,&quot;is_single&quot;:false,&quot;in_default_wishlist&quot;:false,&quot;show_view&quot;:false,&quot;browse_wishlist_text&quot;:&quot;Vaata lemmikuid&quot;,&quot;already_in_wishslist_text&quot;:&quot;Toode on juba lemmikuks lisatud&quot;,&quot;product_added_text&quot;:&quot;Lisatud!&quot;,&quot;available_multi_wishlist&quot;:false,&quot;disable_wishlist&quot;:false,&quot;show_count&quot;:false,&quot;ajax_loading&quot;:false,&quot;loop_position&quot;:&quot;after_add_to_cart&quot;,&quot;item&quot;:&quot;add_to_wishlist&quot;}\"\n>\n\t\t\t\n\t\t\t<!-- ADD TO WISHLIST -->\n\t\t\t\n<div class=\"yith-wcwl-add-button\">\n\t\t<a\n\t\thref=\"?add_to_wishlist=3283&#038;_wpnonce=cf07f50e16\"\n\t\tclass=\"add_to_wishlist single_add_to_wishlist\"\n\t\tdata-product-id=\"3283\"\n\t\tdata-product-type=\"simple\"\n\t\tdata-original-product-id=\"0\"\n\t\tdata-title=\"Lisa lemmikuks\"\n\t\trel=\"nofollow\"\n\t>\n\t\t<svg id=\"yith-wcwl-icon-heart-outline\" class=\"yith-wcwl-icon-svg\" fill=\"none\" stroke-width=\"1.5\" stroke=\"currentColor\" viewBox=\"0 0 24 24\" xmlns=\"http:\/\/www.w3.org\/2000\/svg\">\n  <path stroke-linecap=\"round\" stroke-linejoin=\"round\" d=\"M21 8.25c0-2.485-2.099-4.5-4.688-4.5-1.935 0-3.597 1.126-4.312 2.733-.715-1.607-2.377-2.733-4.313-2.733C5.1 3.75 3 5.765 3 8.25c0 7.22 9 12 9 12s9-4.78 9-12Z\"><\/path>\n<\/svg>\t\t<span>Lisa lemmikuks<\/span>\n\t<\/a>\n<\/div>\n\n\t\t\t<!-- COUNT TEXT -->\n\t\t\t\n\t\t\t<\/div>\n\t\t\t<\/div>\n\t\t<\/div>\n\t\t\t\t\t<\/div>\n\t\t\t<div class=\"image-tools is-small hide-for-small bottom left show-on-hover\">\n\t\t\t\t\t\t\t<\/div>\n\t\t\t<div class=\"image-tools grid-tools text-center hide-for-small bottom hover-slide-in show-on-hover\">\n\t\t\t\t<a href=\"#quick-view\" class=\"quick-view\" role=\"button\" data-prod=\"3283\" aria-haspopup=\"dialog\" aria-expanded=\"false\" data-flatsome-role-button>Quick View<\/a>\t\t\t<\/div>\n\t\t\t\t\t<\/div>\n\n\t\t<div class=\"box-text box-text-products text-center grid-style-2\">\n\t\t\t<div class=\"title-wrapper\"><p class=\"name product-title woocommerce-loop-product__title\"><a href=\"https:\/\/rczone.ee\/lv\/toode\/cnhl-3s-11-1v-2200mah-40c-lipo-t-plug-deans\/\" class=\"woocommerce-LoopProduct-link woocommerce-loop-product__link\">CNHL 3S 11.1V 2200mAh 40C LiPo T-plug (Deans)<\/a><\/p><\/div><div class=\"price-wrapper\">\n\t<span class=\"price\"><span class=\"woocommerce-Price-amount amount\"><bdi>34,95&nbsp;<span class=\"woocommerce-Price-currencySymbol\">&euro;<\/span><\/bdi><\/span><p class=\"stock in-stock in_stock_color woo-custom-stock-status\">Ir noliktav\u0101<\/p><\/span>\n<\/div><div class=\"add-to-cart-button\"><a href=\"\/lv\/wp-json\/wp\/v2\/product\/2663?add-to-cart=3283\" aria-describedby=\"woocommerce_loop_add_to_cart_link_describedby_3283\" data-quantity=\"1\" class=\"primary is-small mb-0 button product_type_simple add_to_cart_button ajax_add_to_cart is-flat\" data-product_id=\"3283\" data-product_sku=\"1063\" aria-label=\"Pievienot grozam: &quot;CNHL 3S 11.1V 2200mAh 40C LiPo T-plug (Deans)&quot;\" rel=\"nofollow\" data-success_message=\"&quot;CNHL 3S 11.1V 2200mAh 40C LiPo T-plug (Deans)&quot; ir pievienots J\u016bsu pas\u016bt\u012bjumam\" data-gtm_item_name=\"CNHL 3S 11.1V 2200mAh 40C LiPo T-plug (Deans)\" data-gtm_item_brand=\"\" data-gtm_item_id=\"3283\" data-gtm_item_sku=\"1063\" data-gtm_price=\"34.95\" data-gtm_item_category=\"Akud\" data-gtm_index=\"1\" data-gtm_image-url=\"https:\/\/rczone.ee\/wp-content\/uploads\/2025\/06\/3s_2200mah_t_2pcs.jpg\" data-gtm_quantity=\"1\" data-custom_gtm_pagetype=\"\" data-custom_gtm_collection_id=\"\" data-custom_gtm_item_list_name=\"\" role=\"button\">Pievienot grozam<\/a><\/div>\t<span id=\"woocommerce_loop_add_to_cart_link_describedby_3283\" class=\"screen-reader-text\">\n\t\t\t<\/span>\n\t\t<\/div>\n\t<\/div>\n\t\t\t\t<input type=\"hidden\" class=\"pmwProductId\" data-id=\"3283\">\n\t\t\t\t\t<script>\n\t\t\t(window.pmwDataLayer = window.pmwDataLayer || {}).products                = window.pmwDataLayer.products || {};\n\t\t\twindow.pmwDataLayer.products[3283] = {\"id\":\"3283\",\"sku\":\"1063\",\"price\":34.95,\"brand\":\"\",\"quantity\":1,\"dyn_r_ids\":{\"post_id\":\"3283\",\"sku\":\"1063\",\"gpf\":\"woocommerce_gpf_3283\",\"gla\":\"gla_3283\"},\"is_variable\":false,\"type\":\"simple\",\"name\":\"CNHL 3S 11.1V 2200mAh 40C LiPo T-plug (Deans)\",\"category\":[\"Akud\"],\"is_variation\":false};\n\t\t\t\t\twindow.pmw_product_position = window.pmw_product_position || 1;\n\t\twindow.pmwDataLayer.products[3283]['position'] = window.pmw_product_position++;\n\t\t\t\t<\/script>\n\t\t\t<\/div>\n<\/div><\/div>\n","protected":false},"excerpt":{"rendered":"<ul>\n<li style=\"line-height: 1; padding-top: 20px;\">Nov\u0113rt\u0113jums: Eksperts<\/li>\n<li style=\"line-height: 1;\">Lietot\u0101ja vecums: 14+<\/li>\n<li style=\"line-height: 1;\">Kategorija: bagijs<\/li>\n<li style=\"line-height: 1;\">M\u0113rogi: 1:12<\/li>\n<li style=\"line-height: 1;\">Vilces ass: 4WD<\/li>\n<li style=\"line-height: 1;\">Maksim\u0101lais \u0101trums: 70 km\/h (3S)<\/li>\n<li style=\"line-height: 1;\">Pabeig\u0161ana: gatavs darbam<\/li>\n<li style=\"line-height: 1;\">Ener\u0123ija: elektroener\u0123ija<\/li>\n<\/ul>","protected":false},"featured_media":2673,"comment_status":"open","ping_status":"closed","template":"","meta":{"_monsterinsights_skip_tracking":false,"_monsterinsights_sitenote_active":false,"_monsterinsights_sitenote_note":"","_monsterinsights_sitenote_category":0},"fits_model":[],"product_brand":[],"product_cat":[104],"product_tag":[84],"woo-feed-brand":[],"class_list":{"0":"post-2663","1":"product","2":"type-product","3":"status-publish","4":"has-post-thumbnail","6":"product_cat-desert-truck","7":"product_tag-standard","9":"","10":"instock","11":"taxable","12":"shipping-taxable","13":"purchasable","14":"product-type-variable","15":"has-default-attributes"},"yoast_head":"<!-- This site is optimized with the Yoast SEO plugin v27.3 - https:\/\/yoast.com\/product\/yoast-seo-wordpress\/ -->\n<title>BLACKZON Smyter DT Turbo 1\/12 4WD 3S Brushless - RC Zone | Raadio teel juhitavad autod<\/title>\n<meta name=\"robots\" content=\"index, follow, max-snippet:-1, max-image-preview:large, max-video-preview:-1\" \/>\n<link rel=\"canonical\" href=\"https:\/\/rczone.ee\/lv\/products\/blackzon-smyter-dt-turbo-1-12-4wd-3s-brushless\/\" \/>\n<meta property=\"og:locale\" content=\"lv_LV\" \/>\n<meta property=\"og:type\" content=\"article\" \/>\n<meta property=\"og:title\" content=\"BLACKZON Smyter DT Turbo 1\/12 4WD 3S Brushless - RC Zone | Raadio teel juhitavad autod\" \/>\n<meta property=\"og:description\" content=\"Rate: Expert  Kasutaja vanuseklass: 14+  Kategooria: Buggy  Skaala: 1:12  Vedav sild: 4WD  Max kiirus: 70 km\/h (3S)  Komplekteeritus: Ready-To-Run  Energia: Elekter\" \/>\n<meta property=\"og:url\" content=\"https:\/\/rczone.ee\/lv\/products\/blackzon-smyter-dt-turbo-1-12-4wd-3s-brushless\/\" \/>\n<meta property=\"og:site_name\" content=\"RC Zone | Raadio teel juhitavad autod\" \/>\n<meta property=\"article:publisher\" content=\"https:\/\/www.facebook.com\/rczone.ee\" \/>\n<meta property=\"article:modified_time\" content=\"2026-03-05T19:02:37+00:00\" \/>\n<meta property=\"og:image\" content=\"https:\/\/rczone.ee\/wp-content\/uploads\/2025\/03\/540254_01-1.jpg\" \/>\n\t<meta property=\"og:image:width\" content=\"800\" \/>\n\t<meta property=\"og:image:height\" content=\"800\" \/>\n\t<meta property=\"og:image:type\" content=\"image\/jpeg\" \/>\n<meta name=\"twitter:card\" content=\"summary_large_image\" \/>\n<meta name=\"twitter:label1\" content=\"Est. reading time\" \/>\n\t<meta name=\"twitter:data1\" content=\"3 min\u016btes\" \/>\n<script type=\"application\/ld+json\" class=\"yoast-schema-graph\">{\"@context\":\"https:\\\/\\\/schema.org\",\"@graph\":[{\"@type\":\"WebPage\",\"@id\":\"https:\\\/\\\/rczone.ee\\\/toode\\\/blackzon-smyter-dt-turbo-1-12-4wd-3s-brushless\\\/\",\"url\":\"https:\\\/\\\/rczone.ee\\\/toode\\\/blackzon-smyter-dt-turbo-1-12-4wd-3s-brushless\\\/\",\"name\":\"BLACKZON Smyter DT Turbo 1\\\/12 4WD 3S Brushless - RC Zone | Raadio teel juhitavad autod\",\"isPartOf\":{\"@id\":\"https:\\\/\\\/rczone.ee\\\/#website\"},\"primaryImageOfPage\":{\"@id\":\"https:\\\/\\\/rczone.ee\\\/toode\\\/blackzon-smyter-dt-turbo-1-12-4wd-3s-brushless\\\/#primaryimage\"},\"image\":{\"@id\":\"https:\\\/\\\/rczone.ee\\\/toode\\\/blackzon-smyter-dt-turbo-1-12-4wd-3s-brushless\\\/#primaryimage\"},\"thumbnailUrl\":\"https:\\\/\\\/rczone.ee\\\/wp-content\\\/uploads\\\/2025\\\/03\\\/540254_01-1.jpg\",\"datePublished\":\"2025-03-27T18:01:04+00:00\",\"dateModified\":\"2026-03-05T19:02:37+00:00\",\"breadcrumb\":{\"@id\":\"https:\\\/\\\/rczone.ee\\\/toode\\\/blackzon-smyter-dt-turbo-1-12-4wd-3s-brushless\\\/#breadcrumb\"},\"inLanguage\":\"lv-LV\",\"potentialAction\":[{\"@type\":\"ReadAction\",\"target\":[\"https:\\\/\\\/rczone.ee\\\/toode\\\/blackzon-smyter-dt-turbo-1-12-4wd-3s-brushless\\\/\"]}]},{\"@type\":\"ImageObject\",\"inLanguage\":\"lv-LV\",\"@id\":\"https:\\\/\\\/rczone.ee\\\/toode\\\/blackzon-smyter-dt-turbo-1-12-4wd-3s-brushless\\\/#primaryimage\",\"url\":\"https:\\\/\\\/rczone.ee\\\/wp-content\\\/uploads\\\/2025\\\/03\\\/540254_01-1.jpg\",\"contentUrl\":\"https:\\\/\\\/rczone.ee\\\/wp-content\\\/uploads\\\/2025\\\/03\\\/540254_01-1.jpg\",\"width\":800,\"height\":800},{\"@type\":\"BreadcrumbList\",\"@id\":\"https:\\\/\\\/rczone.ee\\\/toode\\\/blackzon-smyter-dt-turbo-1-12-4wd-3s-brushless\\\/#breadcrumb\",\"itemListElement\":[{\"@type\":\"ListItem\",\"position\":1,\"name\":\"Home\",\"item\":\"https:\\\/\\\/rczone.ee\\\/\"},{\"@type\":\"ListItem\",\"position\":2,\"name\":\"Shop\",\"item\":\"https:\\\/\\\/rczone.ee\\\/shop\\\/\"},{\"@type\":\"ListItem\",\"position\":3,\"name\":\"BLACKZON Smyter DT Turbo 1\\\/12 4WD 3S Brushless\"}]},{\"@type\":\"WebSite\",\"@id\":\"https:\\\/\\\/rczone.ee\\\/#website\",\"url\":\"https:\\\/\\\/rczone.ee\\\/\",\"name\":\"RcZone\",\"description\":\"RcZone - Raadio teel juhitavate autode veebipood. M&uuml;&uuml;me laia valikut kvaliteetseid ja v&otilde;imsaid RC-autosid. Kiire tarne ja konkurentsiv&otilde;imelised hinnad.\",\"publisher\":{\"@id\":\"https:\\\/\\\/rczone.ee\\\/#organization\"},\"potentialAction\":[{\"@type\":\"SearchAction\",\"target\":{\"@type\":\"EntryPoint\",\"urlTemplate\":\"https:\\\/\\\/rczone.ee\\\/?s={search_term_string}\"},\"query-input\":{\"@type\":\"PropertyValueSpecification\",\"valueRequired\":true,\"valueName\":\"search_term_string\"}}],\"inLanguage\":\"lv-LV\"},{\"@type\":\"Organization\",\"@id\":\"https:\\\/\\\/rczone.ee\\\/#organization\",\"name\":\"RcZone\",\"url\":\"https:\\\/\\\/rczone.ee\\\/\",\"logo\":{\"@type\":\"ImageObject\",\"inLanguage\":\"lv-LV\",\"@id\":\"https:\\\/\\\/rczone.ee\\\/#\\\/schema\\\/logo\\\/image\\\/\",\"url\":\"https:\\\/\\\/rczone.ee\\\/wp-content\\\/uploads\\\/2024\\\/01\\\/3D.png\",\"contentUrl\":\"https:\\\/\\\/rczone.ee\\\/wp-content\\\/uploads\\\/2024\\\/01\\\/3D.png\",\"width\":2080,\"height\":602,\"caption\":\"RcZone\"},\"image\":{\"@id\":\"https:\\\/\\\/rczone.ee\\\/#\\\/schema\\\/logo\\\/image\\\/\"},\"sameAs\":[\"https:\\\/\\\/www.facebook.com\\\/rczone.ee\"]}]}<\/script>\n<!-- \/ Yoast SEO plugin. -->","yoast_head_json":{"title":"BLACKZON Smyter DT Turbo 1\/12 4WD 3S Brushless - RC Zona | Radiovad\u0101mie automobi\u013ci","robots":{"index":"index","follow":"follow","max-snippet":"max-snippet:-1","max-image-preview":"max-image-preview:large","max-video-preview":"max-video-preview:-1"},"canonical":"https:\/\/rczone.ee\/lv\/products\/blackzon-smyter-dt-turbo-1-12-4wd-3s-brushless\/","og_locale":"lv_LV","og_type":"article","og_title":"BLACKZON Smyter DT Turbo 1\/12 4WD 3S Brushless - RC Zone | Raadio teel juhitavad autod","og_description":"Rate: Expert  Kasutaja vanuseklass: 14+  Kategooria: Buggy  Skaala: 1:12  Vedav sild: 4WD  Max kiirus: 70 km\/h (3S)  Komplekteeritus: Ready-To-Run  Energia: Elekter","og_url":"https:\/\/rczone.ee\/lv\/products\/blackzon-smyter-dt-turbo-1-12-4wd-3s-brushless\/","og_site_name":"RC Zone | Raadio teel juhitavad autod","article_publisher":"https:\/\/www.facebook.com\/rczone.ee","article_modified_time":"2026-03-05T19:02:37+00:00","og_image":[{"width":800,"height":800,"url":"https:\/\/rczone.ee\/wp-content\/uploads\/2025\/03\/540254_01-1.jpg","type":"image\/jpeg"}],"twitter_card":"summary_large_image","twitter_misc":{"Est. reading time":"3 min\u016btes"},"schema":{"@context":"https:\/\/schema.org","@graph":[{"@type":"WebPage","@id":"https:\/\/rczone.ee\/toode\/blackzon-smyter-dt-turbo-1-12-4wd-3s-brushless\/","url":"https:\/\/rczone.ee\/toode\/blackzon-smyter-dt-turbo-1-12-4wd-3s-brushless\/","name":"BLACKZON Smyter DT Turbo 1\/12 4WD 3S Brushless - RC Zona | Radiovad\u0101mie automobi\u013ci","isPartOf":{"@id":"https:\/\/rczone.ee\/#website"},"primaryImageOfPage":{"@id":"https:\/\/rczone.ee\/toode\/blackzon-smyter-dt-turbo-1-12-4wd-3s-brushless\/#primaryimage"},"image":{"@id":"https:\/\/rczone.ee\/toode\/blackzon-smyter-dt-turbo-1-12-4wd-3s-brushless\/#primaryimage"},"thumbnailUrl":"https:\/\/rczone.ee\/wp-content\/uploads\/2025\/03\/540254_01-1.jpg","datePublished":"2025-03-27T18:01:04+00:00","dateModified":"2026-03-05T19:02:37+00:00","breadcrumb":{"@id":"https:\/\/rczone.ee\/toode\/blackzon-smyter-dt-turbo-1-12-4wd-3s-brushless\/#breadcrumb"},"inLanguage":"lv-LV","potentialAction":[{"@type":"ReadAction","target":["https:\/\/rczone.ee\/toode\/blackzon-smyter-dt-turbo-1-12-4wd-3s-brushless\/"]}]},{"@type":"ImageObject","inLanguage":"lv-LV","@id":"https:\/\/rczone.ee\/toode\/blackzon-smyter-dt-turbo-1-12-4wd-3s-brushless\/#primaryimage","url":"https:\/\/rczone.ee\/wp-content\/uploads\/2025\/03\/540254_01-1.jpg","contentUrl":"https:\/\/rczone.ee\/wp-content\/uploads\/2025\/03\/540254_01-1.jpg","width":800,"height":800},{"@type":"BreadcrumbList","@id":"https:\/\/rczone.ee\/toode\/blackzon-smyter-dt-turbo-1-12-4wd-3s-brushless\/#breadcrumb","itemListElement":[{"@type":"ListItem","position":1,"name":"Home","item":"https:\/\/rczone.ee\/"},{"@type":"ListItem","position":2,"name":"Shop","item":"https:\/\/rczone.ee\/shop\/"},{"@type":"ListItem","position":3,"name":"BLACKZON Smyter DT Turbo 1\/12 4WD 3S Brushless"}]},{"@type":"WebSite","@id":"https:\/\/rczone.ee\/#website","url":"https:\/\/rczone.ee\/","name":"RcZone","description":"RcZone - Radio vad\u0101mo automobi\u013cu tie\u0161saistes veikals. M\u0113s p\u0101rdodam pla\u0161u augstas kvalit\u0101tes un jaud\u012bgu RC automobi\u013cu kl\u0101stu. \u0100tra pieg\u0101de un konkur\u0113tsp\u0113j\u012bgas cenas.","publisher":{"@id":"https:\/\/rczone.ee\/#organization"},"potentialAction":[{"@type":"SearchAction","target":{"@type":"EntryPoint","urlTemplate":"https:\/\/rczone.ee\/?s={search_term_string}"},"query-input":{"@type":"PropertyValueSpecification","valueRequired":true,"valueName":"search_term_string"}}],"inLanguage":"lv-LV"},{"@type":"Organization","@id":"https:\/\/rczone.ee\/#organization","name":"RcZone","url":"https:\/\/rczone.ee\/","logo":{"@type":"ImageObject","inLanguage":"lv-LV","@id":"https:\/\/rczone.ee\/#\/schema\/logo\/image\/","url":"https:\/\/rczone.ee\/wp-content\/uploads\/2024\/01\/3D.png","contentUrl":"https:\/\/rczone.ee\/wp-content\/uploads\/2024\/01\/3D.png","width":2080,"height":602,"caption":"RcZone"},"image":{"@id":"https:\/\/rczone.ee\/#\/schema\/logo\/image\/"},"sameAs":["https:\/\/www.facebook.com\/rczone.ee"]}]}},"_links":{"self":[{"href":"https:\/\/rczone.ee\/lv\/wp-json\/wp\/v2\/product\/2663","targetHints":{"allow":["GET"]}}],"collection":[{"href":"https:\/\/rczone.ee\/lv\/wp-json\/wp\/v2\/product"}],"about":[{"href":"https:\/\/rczone.ee\/lv\/wp-json\/wp\/v2\/types\/product"}],"replies":[{"embeddable":true,"href":"https:\/\/rczone.ee\/lv\/wp-json\/wp\/v2\/comments?post=2663"}],"wp:featuredmedia":[{"embeddable":true,"href":"https:\/\/rczone.ee\/lv\/wp-json\/wp\/v2\/media\/2673"}],"wp:attachment":[{"href":"https:\/\/rczone.ee\/lv\/wp-json\/wp\/v2\/media?parent=2663"}],"wp:term":[{"taxonomy":"fits_model","embeddable":true,"href":"https:\/\/rczone.ee\/lv\/wp-json\/wp\/v2\/fits_model?post=2663"},{"taxonomy":"product_brand","embeddable":true,"href":"https:\/\/rczone.ee\/lv\/wp-json\/wp\/v2\/product_brand?post=2663"},{"taxonomy":"product_cat","embeddable":true,"href":"https:\/\/rczone.ee\/lv\/wp-json\/wp\/v2\/product_cat?post=2663"},{"taxonomy":"product_tag","embeddable":true,"href":"https:\/\/rczone.ee\/lv\/wp-json\/wp\/v2\/product_tag?post=2663"},{"taxonomy":"woo-feed-brand","embeddable":true,"href":"https:\/\/rczone.ee\/lv\/wp-json\/wp\/v2\/woo-feed-brand?post=2663"}],"curies":[{"name":"wp","href":"https:\/\/api.w.org\/{rel}","templated":true}]}}