{"id":2746,"date":"2025-03-29T19:42:22","date_gmt":"2025-03-29T17:42:22","guid":{"rendered":"https:\/\/rczone.ee\/?post_type=product&#038;p=2746"},"modified":"2025-09-07T09:51:44","modified_gmt":"2025-09-07T06:51:44","slug":"hpi-racing-hpi-tf-51-rf-51-raiditajs-uztverejs","status":"publish","type":"product","link":"https:\/\/rczone.ee\/lv\/toode\/hpi-racing-hpi-tf-51-rf-51-transmitter-receiver\/","title":{"rendered":"HPI Racing HPI TF-51\/RF-51 TRANSMITTER &amp; RECEIVER"},"content":{"rendered":"<h3 class=\"\" data-start=\"74\" data-end=\"183\">Autentisks HPI Racing TF-51 \/ RF-51 raid\u012bt\u0101ja un uztv\u0113r\u0113ja komplekts - prec\u012bzs un uzticams radio komplekts j\u016bsu RC auto!<\/h3>\n<p class=\"\" data-start=\"185\" data-end=\"468\">Paaugstiniet savu radio vad\u0101mo automobi\u013cu pieredzi n\u0101kamaj\u0101 l\u012bmen\u012b ar RcZone.ee, izmantojot <strong data-start=\"271\" data-end=\"330\">HPI Racing TF-51 \/ RF-51 raid\u012bt\u0101ja un uztv\u0113r\u0113ja komplekti<\/strong>! \u0160is komplekts ir izstr\u0101d\u0101ts, lai nodro\u0161in\u0101tu augst\u0101k\u0101 l\u012bme\u0146a kontroli, komfortu un dro\u0161\u012bbu neatkar\u012bgi no t\u0101, vai vad\u0101t sac\u012bk\u0161u automobili, kravas automa\u0161\u012bnu vai monster truck.<\/p>\n<p class=\"\" data-start=\"470\" data-end=\"953\"><strong data-start=\"470\" data-end=\"490\">HPI TF-51 raid\u012bt\u0101js<\/strong> ir apr\u012bkots ar jaun\u0101ko digit\u0101lo 2,4 GHz FHSS tehnolo\u0123iju, kas nodro\u0161ina stabilu savienojumu ar RC auto bez trauc\u0113jumiem. Pateicoties ergonomiskajam dizainam, main\u0101majam st\u016bres ratam un nelielajam svaram (tikai 4 AA baterijas), tas ir ide\u0101li piem\u0113rots gan lab\u0101s, gan kreis\u0101s rokas vad\u012bt\u0101jiem. Regul\u0113jama aizsardz\u012bba pret kritieniem un uzlabotas iestat\u012b\u0161anas iesp\u0113jas, piem\u0113ram, servo ierobe\u017eot\u0101ja regul\u0113\u0161ana un st\u016bres blo\u0137\u0113\u0161ana, nodro\u0161ina, ka katru auto var piel\u0101got tie\u0161i j\u016bsu rokai.<\/p>\n<p class=\"\" data-start=\"955\" data-end=\"1305\"><strong data-start=\"955\" data-end=\"979\">HPI RF-51 uztv\u0113r\u0113js<\/strong> ir kompakts, viegls un piln\u012bb\u0101 \u016bdensnecaurlaid\u012bgs, pateicoties \u012bpa\u0161ai iek\u0161\u0113jai silikona aizsardz\u012bbai un pastiprin\u0101tam korpusam. Tagad varat braukt liet\u016b, dub\u013cos un pat snieg\u0101, neuztraucoties par uztv\u0113r\u0113ju! Turkl\u0101t RF-51 ir ieb\u016bv\u0113ta av\u0101rijas dro\u0161\u012bbas funkcija, kas pasarg\u0101s j\u016bs no negaid\u012btiem sign\u0101la p\u0101rtraukumiem.<\/p>\n<hr class=\"\" data-start=\"1307\" data-end=\"1310\" \/>\n<h3 class=\"\" data-start=\"1312\" data-end=\"1333\">Galvenie ieguvumi:<\/h3>\n<p class=\"\" data-start=\"1334\" data-end=\"1762\">\u2705 Jaun\u0101k\u0101 2,4GHz FHSS digit\u0101l\u0101 tehnolo\u0123ija - brauk\u0161anas pieredze bez uzman\u012bbas nov\u0113r\u0161anas<br data-start=\"1402\" data-end=\"1405\" \/>\u2705 Ergonomisks un piel\u0101gojams dizains - - -\u00a0<strong>piem\u0113rots gan lab\u0101s, gan kreis\u0101s rokas lietot\u0101jiem<\/strong><br data-start=\"1699\" data-end=\"1702\" \/>\u2705 4-kan\u0101lu - piem\u0113rots ar\u012b sare\u017e\u0123\u012bt\u0101kiem mode\u013ciem<br data-start=\"1455\" data-end=\"1458\" \/>\u2705 \u016adensnecaurlaid\u012bgs RF-51 uztv\u0113r\u0113js - brauciet ar\u012b liet\u016b un snieg\u0101<br data-start=\"1513\" data-end=\"1516\" \/>\u2705 Regul\u0113jams dro\u0161\u012bbas aizsargs - dro\u0161\u012bba katr\u0101 braucien\u0101<br data-start=\"1569\" data-end=\"1572\" \/>\u2705 Viegls un \u0113rts TF-51 raid\u012bt\u0101js<br data-start=\"1624\" data-end=\"1627\" \/>\u2705 Magn\u0113tisk\u0101 pamatne - \u0113rta skr\u016bvju un r\u0101mja tapu tur\u0113\u0161anai<\/p>\n<p class=\"\" data-start=\"1764\" data-end=\"1983\">\u0160is komplekts ir ide\u0101li piem\u0113rots ikvienam, kas v\u0113las stabilu, augstas kvalit\u0101tes vad\u012bbas sist\u0113mu savam RC modelim. RcZone.ee pied\u0101v\u0101 uzticamu un \u0113rtu risin\u0101jumu, kas sniegs jums p\u0101rliec\u012bbu uz jebkuras trases vai reljefa!<\/p>\n<p data-start=\"1764\" data-end=\"1983\"><strong>PS! Ja v\u0113laties sa\u0146emt TF-51 raid\u012bt\u0101ju vai RF-51 uztv\u0113r\u0113ju atsevi\u0161\u0137i, l\u016bdzu, pazi\u0146ojiet mums, m\u0113s varam tos pied\u0101v\u0101t ar\u012b atsevi\u0161\u0137i.<\/strong><\/p>\n<p data-start=\"1764\" data-end=\"1983\"><img decoding=\"async\" class=\"alignnone wp-image-2750\" src=\"https:\/\/rczone.ee\/wp-content\/uploads\/2025\/03\/160303_05.jpg\" alt=\"\" width=\"500\" height=\"500\" srcset=\"https:\/\/rczone.ee\/wp-content\/uploads\/2025\/03\/160303_05.jpg 800w, https:\/\/rczone.ee\/wp-content\/uploads\/2025\/03\/160303_05-400x400.jpg 400w, https:\/\/rczone.ee\/wp-content\/uploads\/2025\/03\/160303_05-280x280.jpg 280w, https:\/\/rczone.ee\/wp-content\/uploads\/2025\/03\/160303_05-768x768.jpg 768w, https:\/\/rczone.ee\/wp-content\/uploads\/2025\/03\/160303_05-12x12.jpg 12w, https:\/\/rczone.ee\/wp-content\/uploads\/2025\/03\/160303_05-450x450.jpg 450w, https:\/\/rczone.ee\/wp-content\/uploads\/2025\/03\/160303_05-100x100.jpg 100w\" sizes=\"(max-width: 500px) 100vw, 500px\" \/> <img decoding=\"async\" class=\"alignnone wp-image-2751\" src=\"https:\/\/rczone.ee\/wp-content\/uploads\/2025\/03\/160554_02.jpg\" alt=\"\" width=\"500\" height=\"500\" srcset=\"https:\/\/rczone.ee\/wp-content\/uploads\/2025\/03\/160554_02.jpg 800w, https:\/\/rczone.ee\/wp-content\/uploads\/2025\/03\/160554_02-400x400.jpg 400w, https:\/\/rczone.ee\/wp-content\/uploads\/2025\/03\/160554_02-280x280.jpg 280w, https:\/\/rczone.ee\/wp-content\/uploads\/2025\/03\/160554_02-768x768.jpg 768w, https:\/\/rczone.ee\/wp-content\/uploads\/2025\/03\/160554_02-12x12.jpg 12w, https:\/\/rczone.ee\/wp-content\/uploads\/2025\/03\/160554_02-450x450.jpg 450w, https:\/\/rczone.ee\/wp-content\/uploads\/2025\/03\/160554_02-100x100.jpg 100w\" sizes=\"(max-width: 500px) 100vw, 500px\" \/> <img decoding=\"async\" class=\"alignnone wp-image-2752\" src=\"https:\/\/rczone.ee\/wp-content\/uploads\/2025\/03\/160554_03.jpg\" alt=\"\" width=\"500\" height=\"500\" srcset=\"https:\/\/rczone.ee\/wp-content\/uploads\/2025\/03\/160554_03.jpg 800w, https:\/\/rczone.ee\/wp-content\/uploads\/2025\/03\/160554_03-400x400.jpg 400w, https:\/\/rczone.ee\/wp-content\/uploads\/2025\/03\/160554_03-280x280.jpg 280w, https:\/\/rczone.ee\/wp-content\/uploads\/2025\/03\/160554_03-768x768.jpg 768w, https:\/\/rczone.ee\/wp-content\/uploads\/2025\/03\/160554_03-12x12.jpg 12w, https:\/\/rczone.ee\/wp-content\/uploads\/2025\/03\/160554_03-450x450.jpg 450w, https:\/\/rczone.ee\/wp-content\/uploads\/2025\/03\/160554_03-100x100.jpg 100w\" sizes=\"(max-width: 500px) 100vw, 500px\" \/> <img decoding=\"async\" class=\"alignnone wp-image-2753\" src=\"https:\/\/rczone.ee\/wp-content\/uploads\/2025\/03\/160554_04.jpg\" alt=\"\" width=\"500\" height=\"500\" srcset=\"https:\/\/rczone.ee\/wp-content\/uploads\/2025\/03\/160554_04.jpg 800w, https:\/\/rczone.ee\/wp-content\/uploads\/2025\/03\/160554_04-400x400.jpg 400w, https:\/\/rczone.ee\/wp-content\/uploads\/2025\/03\/160554_04-280x280.jpg 280w, https:\/\/rczone.ee\/wp-content\/uploads\/2025\/03\/160554_04-768x768.jpg 768w, https:\/\/rczone.ee\/wp-content\/uploads\/2025\/03\/160554_04-12x12.jpg 12w, https:\/\/rczone.ee\/wp-content\/uploads\/2025\/03\/160554_04-450x450.jpg 450w, https:\/\/rczone.ee\/wp-content\/uploads\/2025\/03\/160554_04-100x100.jpg 100w\" sizes=\"(max-width: 500px) 100vw, 500px\" \/> <img decoding=\"async\" class=\"alignnone wp-image-2754\" src=\"https:\/\/rczone.ee\/wp-content\/uploads\/2025\/03\/160555_01.jpg\" alt=\"\" width=\"500\" height=\"500\" srcset=\"https:\/\/rczone.ee\/wp-content\/uploads\/2025\/03\/160555_01.jpg 800w, https:\/\/rczone.ee\/wp-content\/uploads\/2025\/03\/160555_01-400x400.jpg 400w, https:\/\/rczone.ee\/wp-content\/uploads\/2025\/03\/160555_01-280x280.jpg 280w, https:\/\/rczone.ee\/wp-content\/uploads\/2025\/03\/160555_01-768x768.jpg 768w, https:\/\/rczone.ee\/wp-content\/uploads\/2025\/03\/160555_01-12x12.jpg 12w, https:\/\/rczone.ee\/wp-content\/uploads\/2025\/03\/160555_01-450x450.jpg 450w, https:\/\/rczone.ee\/wp-content\/uploads\/2025\/03\/160555_01-100x100.jpg 100w\" sizes=\"(max-width: 500px) 100vw, 500px\" \/><\/p>","protected":false},"excerpt":{"rendered":"<p>Autentne HPI Racing TF-51 \/ RF-51 saatja ja vastuv\u00f5tja komplekt \u2013 t\u00e4pne ja usaldusv\u00e4\u00e4rne raadiokomplekt sinu RC autole! T\u00f5sta oma raadio teel juhitava auto kogemus uuele tasemele RcZone.ee kaudu, kasutades HPI Racing TF-51 \/ RF-51 saatja ja vastuv\u00f5tja komplekti! See komplekt on loodud pakkuma tipptasemel kontrolli, mugavust ja turvalisust, olgu sinu s\u00f5iduks v\u00f5istlusauto, truggy v\u00f5i [&#8230;]\n","protected":false},"featured_media":2749,"comment_status":"open","ping_status":"closed","template":"","meta":{"_monsterinsights_skip_tracking":false,"_monsterinsights_sitenote_active":false,"_monsterinsights_sitenote_note":"","_monsterinsights_sitenote_category":0},"fits_model":[],"product_brand":[],"product_cat":[75],"product_tag":[84],"woo-feed-brand":[86],"class_list":{"0":"post-2746","1":"product","2":"type-product","3":"status-publish","4":"has-post-thumbnail","6":"product_cat-parts","7":"product_tag-standard","8":"woo-feed-brand-hpi-racing","10":"first","11":"instock","12":"taxable","13":"shipping-taxable","14":"purchasable","15":"product-type-simple"},"yoast_head":"<!-- This site is optimized with the Yoast SEO plugin v27.6 - https:\/\/yoast.com\/product\/yoast-seo-wordpress\/ -->\n<title>HPI Racing HPI TF-51\/RF-51 TRANSMITTER &amp; RECEIVER - RC Zone | Raadio teel juhitavad autod<\/title>\n<meta name=\"robots\" content=\"index, follow, max-snippet:-1, max-image-preview:large, max-video-preview:-1\" \/>\n<link rel=\"canonical\" href=\"https:\/\/rczone.ee\/lv\/products\/hpi-racing-hpi-tf-51-rf-51-raiditajs-uztverejs\/\" \/>\n<meta property=\"og:locale\" content=\"lv_LV\" \/>\n<meta property=\"og:type\" content=\"article\" \/>\n<meta property=\"og:title\" content=\"HPI Racing HPI TF-51\/RF-51 TRANSMITTER &amp; RECEIVER - RC Zone | Raadio teel juhitavad autod\" \/>\n<meta property=\"og:description\" content=\"Autentne HPI Racing TF-51 \/ RF-51 saatja ja vastuv\u00f5tja komplekt \u2013 t\u00e4pne ja usaldusv\u00e4\u00e4rne raadiokomplekt sinu RC autole! T\u00f5sta oma raadio teel juhitava auto kogemus uuele tasemele RcZone.ee kaudu, kasutades HPI Racing TF-51 \/ RF-51 saatja ja vastuv\u00f5tja komplekti! See komplekt on loodud pakkuma tipptasemel kontrolli, mugavust ja turvalisust, olgu sinu s\u00f5iduks v\u00f5istlusauto, truggy v\u00f5i [...]\" \/>\n<meta property=\"og:url\" content=\"https:\/\/rczone.ee\/lv\/products\/hpi-racing-hpi-tf-51-rf-51-raiditajs-uztverejs\/\" \/>\n<meta property=\"og:site_name\" content=\"RC Zone | Raadio teel juhitavad autod\" \/>\n<meta property=\"article:publisher\" content=\"https:\/\/www.facebook.com\/rczone.ee\" \/>\n<meta property=\"article:modified_time\" content=\"2025-09-07T06:51:44+00:00\" \/>\n<meta property=\"og:image\" content=\"https:\/\/rczone.ee\/wp-content\/uploads\/2025\/03\/160554_0-main1.jpg\" \/>\n\t<meta property=\"og:image:width\" content=\"800\" \/>\n\t<meta property=\"og:image:height\" content=\"800\" \/>\n\t<meta property=\"og:image:type\" content=\"image\/jpeg\" \/>\n<meta name=\"twitter:card\" content=\"summary_large_image\" \/>\n<meta name=\"twitter:label1\" content=\"Est. reading time\" \/>\n\t<meta name=\"twitter:data1\" content=\"3 min\u016btes\" \/>\n<script type=\"application\/ld+json\" class=\"yoast-schema-graph\">{\"@context\":\"https:\\\/\\\/schema.org\",\"@graph\":[{\"@type\":\"WebPage\",\"@id\":\"https:\\\/\\\/rczone.ee\\\/toode\\\/hpi-racing-hpi-tf-51-rf-51-transmitter-receiver\\\/\",\"url\":\"https:\\\/\\\/rczone.ee\\\/toode\\\/hpi-racing-hpi-tf-51-rf-51-transmitter-receiver\\\/\",\"name\":\"HPI Racing HPI TF-51\\\/RF-51 TRANSMITTER & RECEIVER - RC Zone | Raadio teel juhitavad autod\",\"isPartOf\":{\"@id\":\"https:\\\/\\\/rczone.ee\\\/#website\"},\"primaryImageOfPage\":{\"@id\":\"https:\\\/\\\/rczone.ee\\\/toode\\\/hpi-racing-hpi-tf-51-rf-51-transmitter-receiver\\\/#primaryimage\"},\"image\":{\"@id\":\"https:\\\/\\\/rczone.ee\\\/toode\\\/hpi-racing-hpi-tf-51-rf-51-transmitter-receiver\\\/#primaryimage\"},\"thumbnailUrl\":\"https:\\\/\\\/rczone.ee\\\/wp-content\\\/uploads\\\/2025\\\/03\\\/160554_0-main1.jpg\",\"datePublished\":\"2025-03-29T17:42:22+00:00\",\"dateModified\":\"2025-09-07T06:51:44+00:00\",\"breadcrumb\":{\"@id\":\"https:\\\/\\\/rczone.ee\\\/toode\\\/hpi-racing-hpi-tf-51-rf-51-transmitter-receiver\\\/#breadcrumb\"},\"inLanguage\":\"lv-LV\",\"potentialAction\":[{\"@type\":\"ReadAction\",\"target\":[\"https:\\\/\\\/rczone.ee\\\/toode\\\/hpi-racing-hpi-tf-51-rf-51-transmitter-receiver\\\/\"]}]},{\"@type\":\"ImageObject\",\"inLanguage\":\"lv-LV\",\"@id\":\"https:\\\/\\\/rczone.ee\\\/toode\\\/hpi-racing-hpi-tf-51-rf-51-transmitter-receiver\\\/#primaryimage\",\"url\":\"https:\\\/\\\/rczone.ee\\\/wp-content\\\/uploads\\\/2025\\\/03\\\/160554_0-main1.jpg\",\"contentUrl\":\"https:\\\/\\\/rczone.ee\\\/wp-content\\\/uploads\\\/2025\\\/03\\\/160554_0-main1.jpg\",\"width\":800,\"height\":800},{\"@type\":\"BreadcrumbList\",\"@id\":\"https:\\\/\\\/rczone.ee\\\/toode\\\/hpi-racing-hpi-tf-51-rf-51-transmitter-receiver\\\/#breadcrumb\",\"itemListElement\":[{\"@type\":\"ListItem\",\"position\":1,\"name\":\"Home\",\"item\":\"https:\\\/\\\/rczone.ee\\\/\"},{\"@type\":\"ListItem\",\"position\":2,\"name\":\"Shop\",\"item\":\"https:\\\/\\\/rczone.ee\\\/shop\\\/\"},{\"@type\":\"ListItem\",\"position\":3,\"name\":\"HPI Racing HPI TF-51\\\/RF-51 TRANSMITTER &#038; RECEIVER\"}]},{\"@type\":\"WebSite\",\"@id\":\"https:\\\/\\\/rczone.ee\\\/#website\",\"url\":\"https:\\\/\\\/rczone.ee\\\/\",\"name\":\"RcZone\",\"description\":\"RcZone - Raadio teel juhitavate autode veebipood. M&uuml;&uuml;me laia valikut kvaliteetseid ja v&otilde;imsaid RC-autosid. Kiire tarne ja konkurentsiv&otilde;imelised hinnad.\",\"publisher\":{\"@id\":\"https:\\\/\\\/rczone.ee\\\/#organization\"},\"potentialAction\":[{\"@type\":\"SearchAction\",\"target\":{\"@type\":\"EntryPoint\",\"urlTemplate\":\"https:\\\/\\\/rczone.ee\\\/?s={search_term_string}\"},\"query-input\":{\"@type\":\"PropertyValueSpecification\",\"valueRequired\":true,\"valueName\":\"search_term_string\"}}],\"inLanguage\":\"lv-LV\"},{\"@type\":\"Organization\",\"@id\":\"https:\\\/\\\/rczone.ee\\\/#organization\",\"name\":\"RcZone\",\"url\":\"https:\\\/\\\/rczone.ee\\\/\",\"logo\":{\"@type\":\"ImageObject\",\"inLanguage\":\"lv-LV\",\"@id\":\"https:\\\/\\\/rczone.ee\\\/#\\\/schema\\\/logo\\\/image\\\/\",\"url\":\"https:\\\/\\\/rczone.ee\\\/wp-content\\\/uploads\\\/2024\\\/01\\\/3D.png\",\"contentUrl\":\"https:\\\/\\\/rczone.ee\\\/wp-content\\\/uploads\\\/2024\\\/01\\\/3D.png\",\"width\":2080,\"height\":602,\"caption\":\"RcZone\"},\"image\":{\"@id\":\"https:\\\/\\\/rczone.ee\\\/#\\\/schema\\\/logo\\\/image\\\/\"},\"sameAs\":[\"https:\\\/\\\/www.facebook.com\\\/rczone.ee\"]}]}<\/script>\n<!-- \/ Yoast SEO plugin. -->","yoast_head_json":{"title":"HPI Racing HPI TF-51\/RF-51 TRANSMITTER &amp; RECEIVER - RC Zone | Radio vad\u0101mi auto","robots":{"index":"index","follow":"follow","max-snippet":"max-snippet:-1","max-image-preview":"max-image-preview:large","max-video-preview":"max-video-preview:-1"},"canonical":"https:\/\/rczone.ee\/lv\/products\/hpi-racing-hpi-tf-51-rf-51-raiditajs-uztverejs\/","og_locale":"lv_LV","og_type":"article","og_title":"HPI Racing HPI TF-51\/RF-51 TRANSMITTER & RECEIVER - RC Zone | Raadio teel juhitavad autod","og_description":"Autentne HPI Racing TF-51 \/ RF-51 saatja ja vastuv\u00f5tja komplekt \u2013 t\u00e4pne ja usaldusv\u00e4\u00e4rne raadiokomplekt sinu RC autole! T\u00f5sta oma raadio teel juhitava auto kogemus uuele tasemele RcZone.ee kaudu, kasutades HPI Racing TF-51 \/ RF-51 saatja ja vastuv\u00f5tja komplekti! See komplekt on loodud pakkuma tipptasemel kontrolli, mugavust ja turvalisust, olgu sinu s\u00f5iduks v\u00f5istlusauto, truggy v\u00f5i [...]","og_url":"https:\/\/rczone.ee\/lv\/products\/hpi-racing-hpi-tf-51-rf-51-raiditajs-uztverejs\/","og_site_name":"RC Zone | Raadio teel juhitavad autod","article_publisher":"https:\/\/www.facebook.com\/rczone.ee","article_modified_time":"2025-09-07T06:51:44+00:00","og_image":[{"width":800,"height":800,"url":"https:\/\/rczone.ee\/wp-content\/uploads\/2025\/03\/160554_0-main1.jpg","type":"image\/jpeg"}],"twitter_card":"summary_large_image","twitter_misc":{"Est. reading time":"3 min\u016btes"},"schema":{"@context":"https:\/\/schema.org","@graph":[{"@type":"WebPage","@id":"https:\/\/rczone.ee\/toode\/hpi-racing-hpi-tf-51-rf-51-transmitter-receiver\/","url":"https:\/\/rczone.ee\/toode\/hpi-racing-hpi-tf-51-rf-51-transmitter-receiver\/","name":"HPI Racing HPI TF-51\/RF-51 TRANSMITTER &amp; RECEIVER - RC Zone | Radio vad\u0101mi auto","isPartOf":{"@id":"https:\/\/rczone.ee\/#website"},"primaryImageOfPage":{"@id":"https:\/\/rczone.ee\/toode\/hpi-racing-hpi-tf-51-rf-51-transmitter-receiver\/#primaryimage"},"image":{"@id":"https:\/\/rczone.ee\/toode\/hpi-racing-hpi-tf-51-rf-51-transmitter-receiver\/#primaryimage"},"thumbnailUrl":"https:\/\/rczone.ee\/wp-content\/uploads\/2025\/03\/160554_0-main1.jpg","datePublished":"2025-03-29T17:42:22+00:00","dateModified":"2025-09-07T06:51:44+00:00","breadcrumb":{"@id":"https:\/\/rczone.ee\/toode\/hpi-racing-hpi-tf-51-rf-51-transmitter-receiver\/#breadcrumb"},"inLanguage":"lv-LV","potentialAction":[{"@type":"ReadAction","target":["https:\/\/rczone.ee\/toode\/hpi-racing-hpi-tf-51-rf-51-transmitter-receiver\/"]}]},{"@type":"ImageObject","inLanguage":"lv-LV","@id":"https:\/\/rczone.ee\/toode\/hpi-racing-hpi-tf-51-rf-51-transmitter-receiver\/#primaryimage","url":"https:\/\/rczone.ee\/wp-content\/uploads\/2025\/03\/160554_0-main1.jpg","contentUrl":"https:\/\/rczone.ee\/wp-content\/uploads\/2025\/03\/160554_0-main1.jpg","width":800,"height":800},{"@type":"BreadcrumbList","@id":"https:\/\/rczone.ee\/toode\/hpi-racing-hpi-tf-51-rf-51-transmitter-receiver\/#breadcrumb","itemListElement":[{"@type":"ListItem","position":1,"name":"Home","item":"https:\/\/rczone.ee\/"},{"@type":"ListItem","position":2,"name":"Shop","item":"https:\/\/rczone.ee\/shop\/"},{"@type":"ListItem","position":3,"name":"HPI Racing HPI TF-51\/RF-51 TRANSMITTER &#038; RECEIVER"}]},{"@type":"WebSite","@id":"https:\/\/rczone.ee\/#website","url":"https:\/\/rczone.ee\/","name":"RcZone","description":"RcZone - Radio vad\u0101mo automobi\u013cu tie\u0161saistes veikals. M\u0113s p\u0101rdodam pla\u0161u augstas kvalit\u0101tes un jaud\u012bgu RC automobi\u013cu kl\u0101stu. \u0100tra pieg\u0101de un konkur\u0113tsp\u0113j\u012bgas cenas.","publisher":{"@id":"https:\/\/rczone.ee\/#organization"},"potentialAction":[{"@type":"SearchAction","target":{"@type":"EntryPoint","urlTemplate":"https:\/\/rczone.ee\/?s={search_term_string}"},"query-input":{"@type":"PropertyValueSpecification","valueRequired":true,"valueName":"search_term_string"}}],"inLanguage":"lv-LV"},{"@type":"Organization","@id":"https:\/\/rczone.ee\/#organization","name":"RcZone","url":"https:\/\/rczone.ee\/","logo":{"@type":"ImageObject","inLanguage":"lv-LV","@id":"https:\/\/rczone.ee\/#\/schema\/logo\/image\/","url":"https:\/\/rczone.ee\/wp-content\/uploads\/2024\/01\/3D.png","contentUrl":"https:\/\/rczone.ee\/wp-content\/uploads\/2024\/01\/3D.png","width":2080,"height":602,"caption":"RcZone"},"image":{"@id":"https:\/\/rczone.ee\/#\/schema\/logo\/image\/"},"sameAs":["https:\/\/www.facebook.com\/rczone.ee"]}]}},"_links":{"self":[{"href":"https:\/\/rczone.ee\/lv\/wp-json\/wp\/v2\/product\/2746","targetHints":{"allow":["GET"]}}],"collection":[{"href":"https:\/\/rczone.ee\/lv\/wp-json\/wp\/v2\/product"}],"about":[{"href":"https:\/\/rczone.ee\/lv\/wp-json\/wp\/v2\/types\/product"}],"replies":[{"embeddable":true,"href":"https:\/\/rczone.ee\/lv\/wp-json\/wp\/v2\/comments?post=2746"}],"wp:featuredmedia":[{"embeddable":true,"href":"https:\/\/rczone.ee\/lv\/wp-json\/wp\/v2\/media\/2749"}],"wp:attachment":[{"href":"https:\/\/rczone.ee\/lv\/wp-json\/wp\/v2\/media?parent=2746"}],"wp:term":[{"taxonomy":"fits_model","embeddable":true,"href":"https:\/\/rczone.ee\/lv\/wp-json\/wp\/v2\/fits_model?post=2746"},{"taxonomy":"product_brand","embeddable":true,"href":"https:\/\/rczone.ee\/lv\/wp-json\/wp\/v2\/product_brand?post=2746"},{"taxonomy":"product_cat","embeddable":true,"href":"https:\/\/rczone.ee\/lv\/wp-json\/wp\/v2\/product_cat?post=2746"},{"taxonomy":"product_tag","embeddable":true,"href":"https:\/\/rczone.ee\/lv\/wp-json\/wp\/v2\/product_tag?post=2746"},{"taxonomy":"woo-feed-brand","embeddable":true,"href":"https:\/\/rczone.ee\/lv\/wp-json\/wp\/v2\/woo-feed-brand?post=2746"}],"curies":[{"name":"wp","href":"https:\/\/api.w.org\/{rel}","templated":true}]}}