{"id":2755,"date":"2025-03-29T21:08:23","date_gmt":"2025-03-29T19:08:23","guid":{"rendered":"https:\/\/rczone.ee\/?post_type=product&#038;p=2755"},"modified":"2025-03-29T21:14:48","modified_gmt":"2025-03-29T19:14:48","slug":"tamiya-tlt-1-akumulators-72v-1700mah","status":"publish","type":"product","link":"https:\/\/rczone.ee\/lv\/toode\/tamiya-tlt-1-battery-72v-1700mah\/","title":{"rendered":"Tamiya TLT-1 akumulators 7.2V 1700mAh"},"content":{"rendered":"<h2 data-start=\"59\" data-end=\"136\">Tamiya TLT-1 akumulators 7,2V 1700mAh - uzticama jauda j\u016bsu automobi\u013ca modelim<\/h2>\n<p class=\"\" data-start=\"138\" data-end=\"439\">M\u0113s pied\u0101v\u0101jam augstas kvalit\u0101tes 7,2 V 1700 mAh Ni-Cd akumulatoru komplektu, kas ir ide\u0101li piem\u0113rots Tamiya mode\u013ciem. \u0160is kompaktais un iztur\u012bgais akumulators nodro\u0161ina stabilu un ilgsto\u0161u darb\u012bbu, \u013caujot jums koncentr\u0113ties uz brauk\u0161anu, nevis uzl\u0101di.<\/p>\n<p class=\"\" data-start=\"441\" data-end=\"652\">Tas ir uzticams un \u0113rti mont\u0113jams akumulators ar Tamiya savienot\u0101ju - tas ir piem\u0113rots tie\u0161i eso\u0161ajiem savienojumiem bez jebk\u0101d\u0101m modifik\u0101cij\u0101m. Ide\u0101la izv\u0113le gan hobija ies\u0101c\u0113jiem, gan pieredz\u0113ju\u0161iem mode\u013cu entuziastiem.<\/p>\n<p class=\"\" data-start=\"654\" data-end=\"692\"><strong data-start=\"654\" data-end=\"692\">Tamiya TLT-1 akumulatora galven\u0101s iez\u012bmes:<\/strong><\/p>\n<ul data-start=\"693\" data-end=\"920\">\n<li class=\"\" data-start=\"693\" data-end=\"756\">\n<p class=\"\" data-start=\"695\" data-end=\"756\">\u26a1 7,2 V spriegums un 1700 mAh ietilp\u012bba - uzticama un ilgsto\u0161a jauda.<\/p>\n<\/li>\n<li class=\"\" data-start=\"757\" data-end=\"804\">\n<p class=\"\" data-start=\"759\" data-end=\"804\">\ud83d\udd0c Tamiya kontaktdak\u0161a - \u0101tra un vienk\u0101r\u0161a savieno\u0161ana<\/p>\n<\/li>\n<li class=\"\" data-start=\"805\" data-end=\"873\">\n<p class=\"\" data-start=\"807\" data-end=\"873\">\ud83d\ude97 Piem\u0113rots Tamiya TLT-1, RC Rock Buster un RC Max Climber mode\u013ciem<\/p>\n<\/li>\n<li class=\"\" data-start=\"874\" data-end=\"903\">\n<p class=\"\" data-start=\"876\" data-end=\"903\">\ud83d\udccf Izm\u0113ri: 70 x 46 x 43 mm<\/p>\n<\/li>\n<li class=\"\" data-start=\"904\" data-end=\"920\">\n<p class=\"\" data-start=\"906\" data-end=\"920\">\u2696\ufe0f Svars: 290 g<\/p>\n<\/li>\n<\/ul>\n<p class=\"\" data-start=\"922\" data-end=\"1012\">Apr\u012bkojiet savu modeli ar lab\u0101ko jaudu no RcZone.ee kl\u0101sta un izbaudiet brauk\u0161anas pieredzi ar pilnu jaudu!<\/p>","protected":false},"excerpt":{"rendered":"<ul>\n<li style=\"line-height: 1; padding-top: 20px;\">Tips: 2S Ni-Cd<\/li>\n<li style=\"line-height: 1;\">Spriegums: 7,2 V<\/li>\n<li style=\"line-height: 1;\">Jauda: 1700 mAh<\/li>\n<li style=\"line-height: 1;\">Savienot\u0101js: Tamiya savienot\u0101js<\/li>\n<\/ul>","protected":false},"featured_media":2756,"comment_status":"open","ping_status":"closed","template":"","meta":{"_monsterinsights_skip_tracking":false,"_monsterinsights_sitenote_active":false,"_monsterinsights_sitenote_note":"","_monsterinsights_sitenote_category":0},"fits_model":[],"product_brand":[],"product_cat":[66],"product_tag":[84],"woo-feed-brand":[106],"class_list":{"0":"post-2755","1":"product","2":"type-product","3":"status-publish","4":"has-post-thumbnail","6":"product_cat-battery","7":"product_tag-standard","8":"woo-feed-brand-tamiya","10":"first","11":"instock","12":"taxable","13":"shipping-taxable","14":"purchasable","15":"product-type-simple"},"yoast_head":"<!-- This site is optimized with the Yoast SEO plugin v27.6 - https:\/\/yoast.com\/product\/yoast-seo-wordpress\/ -->\n<title>Tamiya TLT-1 Battery 7,2V 1700mAh - RC Zone | Raadio teel juhitavad autod<\/title>\n<meta name=\"robots\" content=\"index, follow, max-snippet:-1, max-image-preview:large, max-video-preview:-1\" \/>\n<link rel=\"canonical\" href=\"https:\/\/rczone.ee\/lv\/products\/tamiya-tlt-1-akumulators-72v-1700mah\/\" \/>\n<meta property=\"og:locale\" content=\"lv_LV\" \/>\n<meta property=\"og:type\" content=\"article\" \/>\n<meta property=\"og:title\" content=\"Tamiya TLT-1 Battery 7,2V 1700mAh - RC Zone | Raadio teel juhitavad autod\" \/>\n<meta property=\"og:description\" content=\"T\u00fc\u00fcp: 2S Ni-Cd  Pinge: 7,2V  Mahutavus: 1700mAh  Pistik: Tamiya connector\" \/>\n<meta property=\"og:url\" content=\"https:\/\/rczone.ee\/lv\/products\/tamiya-tlt-1-akumulators-72v-1700mah\/\" \/>\n<meta property=\"og:site_name\" content=\"RC Zone | Raadio teel juhitavad autod\" \/>\n<meta property=\"article:publisher\" content=\"https:\/\/www.facebook.com\/rczone.ee\" \/>\n<meta property=\"article:modified_time\" content=\"2025-03-29T19:14:48+00:00\" \/>\n<meta property=\"og:image\" content=\"https:\/\/rczone.ee\/wp-content\/uploads\/2025\/03\/IMG_2317-m.jpg\" \/>\n\t<meta property=\"og:image:width\" content=\"800\" \/>\n\t<meta property=\"og:image:height\" content=\"800\" \/>\n\t<meta property=\"og:image:type\" content=\"image\/jpeg\" \/>\n<meta name=\"twitter:card\" content=\"summary_large_image\" \/>\n<meta name=\"twitter:label1\" content=\"Est. reading time\" \/>\n\t<meta name=\"twitter:data1\" content=\"1 min\u016bte\" \/>\n<script type=\"application\/ld+json\" class=\"yoast-schema-graph\">{\"@context\":\"https:\\\/\\\/schema.org\",\"@graph\":[{\"@type\":\"WebPage\",\"@id\":\"https:\\\/\\\/rczone.ee\\\/toode\\\/tamiya-tlt-1-battery-72v-1700mah\\\/\",\"url\":\"https:\\\/\\\/rczone.ee\\\/toode\\\/tamiya-tlt-1-battery-72v-1700mah\\\/\",\"name\":\"Tamiya TLT-1 Battery 7,2V 1700mAh - RC Zone | Raadio teel juhitavad autod\",\"isPartOf\":{\"@id\":\"https:\\\/\\\/rczone.ee\\\/#website\"},\"primaryImageOfPage\":{\"@id\":\"https:\\\/\\\/rczone.ee\\\/toode\\\/tamiya-tlt-1-battery-72v-1700mah\\\/#primaryimage\"},\"image\":{\"@id\":\"https:\\\/\\\/rczone.ee\\\/toode\\\/tamiya-tlt-1-battery-72v-1700mah\\\/#primaryimage\"},\"thumbnailUrl\":\"https:\\\/\\\/rczone.ee\\\/wp-content\\\/uploads\\\/2025\\\/03\\\/IMG_2317-m.jpg\",\"datePublished\":\"2025-03-29T19:08:23+00:00\",\"dateModified\":\"2025-03-29T19:14:48+00:00\",\"breadcrumb\":{\"@id\":\"https:\\\/\\\/rczone.ee\\\/toode\\\/tamiya-tlt-1-battery-72v-1700mah\\\/#breadcrumb\"},\"inLanguage\":\"lv-LV\",\"potentialAction\":[{\"@type\":\"ReadAction\",\"target\":[\"https:\\\/\\\/rczone.ee\\\/toode\\\/tamiya-tlt-1-battery-72v-1700mah\\\/\"]}]},{\"@type\":\"ImageObject\",\"inLanguage\":\"lv-LV\",\"@id\":\"https:\\\/\\\/rczone.ee\\\/toode\\\/tamiya-tlt-1-battery-72v-1700mah\\\/#primaryimage\",\"url\":\"https:\\\/\\\/rczone.ee\\\/wp-content\\\/uploads\\\/2025\\\/03\\\/IMG_2317-m.jpg\",\"contentUrl\":\"https:\\\/\\\/rczone.ee\\\/wp-content\\\/uploads\\\/2025\\\/03\\\/IMG_2317-m.jpg\",\"width\":800,\"height\":800},{\"@type\":\"BreadcrumbList\",\"@id\":\"https:\\\/\\\/rczone.ee\\\/toode\\\/tamiya-tlt-1-battery-72v-1700mah\\\/#breadcrumb\",\"itemListElement\":[{\"@type\":\"ListItem\",\"position\":1,\"name\":\"Home\",\"item\":\"https:\\\/\\\/rczone.ee\\\/\"},{\"@type\":\"ListItem\",\"position\":2,\"name\":\"Shop\",\"item\":\"https:\\\/\\\/rczone.ee\\\/shop\\\/\"},{\"@type\":\"ListItem\",\"position\":3,\"name\":\"Tamiya TLT-1 Battery 7,2V 1700mAh\"}]},{\"@type\":\"WebSite\",\"@id\":\"https:\\\/\\\/rczone.ee\\\/#website\",\"url\":\"https:\\\/\\\/rczone.ee\\\/\",\"name\":\"RcZone\",\"description\":\"RcZone - Raadio teel juhitavate autode veebipood. M&uuml;&uuml;me laia valikut kvaliteetseid ja v&otilde;imsaid RC-autosid. Kiire tarne ja konkurentsiv&otilde;imelised hinnad.\",\"publisher\":{\"@id\":\"https:\\\/\\\/rczone.ee\\\/#organization\"},\"potentialAction\":[{\"@type\":\"SearchAction\",\"target\":{\"@type\":\"EntryPoint\",\"urlTemplate\":\"https:\\\/\\\/rczone.ee\\\/?s={search_term_string}\"},\"query-input\":{\"@type\":\"PropertyValueSpecification\",\"valueRequired\":true,\"valueName\":\"search_term_string\"}}],\"inLanguage\":\"lv-LV\"},{\"@type\":\"Organization\",\"@id\":\"https:\\\/\\\/rczone.ee\\\/#organization\",\"name\":\"RcZone\",\"url\":\"https:\\\/\\\/rczone.ee\\\/\",\"logo\":{\"@type\":\"ImageObject\",\"inLanguage\":\"lv-LV\",\"@id\":\"https:\\\/\\\/rczone.ee\\\/#\\\/schema\\\/logo\\\/image\\\/\",\"url\":\"https:\\\/\\\/rczone.ee\\\/wp-content\\\/uploads\\\/2024\\\/01\\\/3D.png\",\"contentUrl\":\"https:\\\/\\\/rczone.ee\\\/wp-content\\\/uploads\\\/2024\\\/01\\\/3D.png\",\"width\":2080,\"height\":602,\"caption\":\"RcZone\"},\"image\":{\"@id\":\"https:\\\/\\\/rczone.ee\\\/#\\\/schema\\\/logo\\\/image\\\/\"},\"sameAs\":[\"https:\\\/\\\/www.facebook.com\\\/rczone.ee\"]}]}<\/script>\n<!-- \/ Yoast SEO plugin. -->","yoast_head_json":{"title":"Tamiya TLT-1 akumulators 7,2V 1700mAh - RC zona | Radio vad\u0101mie automobi\u013ci","robots":{"index":"index","follow":"follow","max-snippet":"max-snippet:-1","max-image-preview":"max-image-preview:large","max-video-preview":"max-video-preview:-1"},"canonical":"https:\/\/rczone.ee\/lv\/products\/tamiya-tlt-1-akumulators-72v-1700mah\/","og_locale":"lv_LV","og_type":"article","og_title":"Tamiya TLT-1 Battery 7,2V 1700mAh - RC Zone | Raadio teel juhitavad autod","og_description":"T\u00fc\u00fcp: 2S Ni-Cd  Pinge: 7,2V  Mahutavus: 1700mAh  Pistik: Tamiya connector","og_url":"https:\/\/rczone.ee\/lv\/products\/tamiya-tlt-1-akumulators-72v-1700mah\/","og_site_name":"RC Zone | Raadio teel juhitavad autod","article_publisher":"https:\/\/www.facebook.com\/rczone.ee","article_modified_time":"2025-03-29T19:14:48+00:00","og_image":[{"width":800,"height":800,"url":"https:\/\/rczone.ee\/wp-content\/uploads\/2025\/03\/IMG_2317-m.jpg","type":"image\/jpeg"}],"twitter_card":"summary_large_image","twitter_misc":{"Est. reading time":"1 min\u016bte"},"schema":{"@context":"https:\/\/schema.org","@graph":[{"@type":"WebPage","@id":"https:\/\/rczone.ee\/toode\/tamiya-tlt-1-battery-72v-1700mah\/","url":"https:\/\/rczone.ee\/toode\/tamiya-tlt-1-battery-72v-1700mah\/","name":"Tamiya TLT-1 akumulators 7,2V 1700mAh - RC zona | Radio vad\u0101mie automobi\u013ci","isPartOf":{"@id":"https:\/\/rczone.ee\/#website"},"primaryImageOfPage":{"@id":"https:\/\/rczone.ee\/toode\/tamiya-tlt-1-battery-72v-1700mah\/#primaryimage"},"image":{"@id":"https:\/\/rczone.ee\/toode\/tamiya-tlt-1-battery-72v-1700mah\/#primaryimage"},"thumbnailUrl":"https:\/\/rczone.ee\/wp-content\/uploads\/2025\/03\/IMG_2317-m.jpg","datePublished":"2025-03-29T19:08:23+00:00","dateModified":"2025-03-29T19:14:48+00:00","breadcrumb":{"@id":"https:\/\/rczone.ee\/toode\/tamiya-tlt-1-battery-72v-1700mah\/#breadcrumb"},"inLanguage":"lv-LV","potentialAction":[{"@type":"ReadAction","target":["https:\/\/rczone.ee\/toode\/tamiya-tlt-1-battery-72v-1700mah\/"]}]},{"@type":"ImageObject","inLanguage":"lv-LV","@id":"https:\/\/rczone.ee\/toode\/tamiya-tlt-1-battery-72v-1700mah\/#primaryimage","url":"https:\/\/rczone.ee\/wp-content\/uploads\/2025\/03\/IMG_2317-m.jpg","contentUrl":"https:\/\/rczone.ee\/wp-content\/uploads\/2025\/03\/IMG_2317-m.jpg","width":800,"height":800},{"@type":"BreadcrumbList","@id":"https:\/\/rczone.ee\/toode\/tamiya-tlt-1-battery-72v-1700mah\/#breadcrumb","itemListElement":[{"@type":"ListItem","position":1,"name":"Home","item":"https:\/\/rczone.ee\/"},{"@type":"ListItem","position":2,"name":"Shop","item":"https:\/\/rczone.ee\/shop\/"},{"@type":"ListItem","position":3,"name":"Tamiya TLT-1 Battery 7,2V 1700mAh"}]},{"@type":"WebSite","@id":"https:\/\/rczone.ee\/#website","url":"https:\/\/rczone.ee\/","name":"RcZone","description":"RcZone - Radio vad\u0101mo automobi\u013cu tie\u0161saistes veikals. M\u0113s p\u0101rdodam pla\u0161u augstas kvalit\u0101tes un jaud\u012bgu RC automobi\u013cu kl\u0101stu. \u0100tra pieg\u0101de un konkur\u0113tsp\u0113j\u012bgas cenas.","publisher":{"@id":"https:\/\/rczone.ee\/#organization"},"potentialAction":[{"@type":"SearchAction","target":{"@type":"EntryPoint","urlTemplate":"https:\/\/rczone.ee\/?s={search_term_string}"},"query-input":{"@type":"PropertyValueSpecification","valueRequired":true,"valueName":"search_term_string"}}],"inLanguage":"lv-LV"},{"@type":"Organization","@id":"https:\/\/rczone.ee\/#organization","name":"RcZone","url":"https:\/\/rczone.ee\/","logo":{"@type":"ImageObject","inLanguage":"lv-LV","@id":"https:\/\/rczone.ee\/#\/schema\/logo\/image\/","url":"https:\/\/rczone.ee\/wp-content\/uploads\/2024\/01\/3D.png","contentUrl":"https:\/\/rczone.ee\/wp-content\/uploads\/2024\/01\/3D.png","width":2080,"height":602,"caption":"RcZone"},"image":{"@id":"https:\/\/rczone.ee\/#\/schema\/logo\/image\/"},"sameAs":["https:\/\/www.facebook.com\/rczone.ee"]}]}},"_links":{"self":[{"href":"https:\/\/rczone.ee\/lv\/wp-json\/wp\/v2\/product\/2755","targetHints":{"allow":["GET"]}}],"collection":[{"href":"https:\/\/rczone.ee\/lv\/wp-json\/wp\/v2\/product"}],"about":[{"href":"https:\/\/rczone.ee\/lv\/wp-json\/wp\/v2\/types\/product"}],"replies":[{"embeddable":true,"href":"https:\/\/rczone.ee\/lv\/wp-json\/wp\/v2\/comments?post=2755"}],"wp:featuredmedia":[{"embeddable":true,"href":"https:\/\/rczone.ee\/lv\/wp-json\/wp\/v2\/media\/2756"}],"wp:attachment":[{"href":"https:\/\/rczone.ee\/lv\/wp-json\/wp\/v2\/media?parent=2755"}],"wp:term":[{"taxonomy":"fits_model","embeddable":true,"href":"https:\/\/rczone.ee\/lv\/wp-json\/wp\/v2\/fits_model?post=2755"},{"taxonomy":"product_brand","embeddable":true,"href":"https:\/\/rczone.ee\/lv\/wp-json\/wp\/v2\/product_brand?post=2755"},{"taxonomy":"product_cat","embeddable":true,"href":"https:\/\/rczone.ee\/lv\/wp-json\/wp\/v2\/product_cat?post=2755"},{"taxonomy":"product_tag","embeddable":true,"href":"https:\/\/rczone.ee\/lv\/wp-json\/wp\/v2\/product_tag?post=2755"},{"taxonomy":"woo-feed-brand","embeddable":true,"href":"https:\/\/rczone.ee\/lv\/wp-json\/wp\/v2\/woo-feed-brand?post=2755"}],"curies":[{"name":"wp","href":"https:\/\/api.w.org\/{rel}","templated":true}]}}