{"id":2828,"date":"2025-04-23T07:20:26","date_gmt":"2025-04-23T04:20:26","guid":{"rendered":"https:\/\/rczone.ee\/?post_type=product&#038;p=2828"},"modified":"2026-04-11T15:04:11","modified_gmt":"2026-04-11T12:04:11","slug":"mjx-14210-metala-amortizatori-2x75mm-2x81mm","status":"publish","type":"product","link":"https:\/\/rczone.ee\/lv\/toode\/mjx-14210-metal-shocks-2x75mm-2x81mm\/","title":{"rendered":"MJX 14210 Met\u0101la amortizatori (2x75 mm; 2x81 mm)"},"content":{"rendered":"<p>MJX 14210 Met\u0101la amortizatori (2x75 mm; 2x81 mm)<\/p>\n<p>Priek\u0161\u0113j\u0101s durvis: 75 mm (att\u0101lums starp stiprin\u0101juma caurumiem 66 mm)<\/p>\n<p>Aizmugur\u0113j\u0101s durvis: 81 mm (att\u0101lums starp mont\u0101\u017eas caurumiem 72 mm)<\/p>\n<p>&nbsp;<\/p>","protected":false},"excerpt":{"rendered":"<p>MJX 14210 Met\u0101la amortizatori (2x75 mm; 2x81 mm) Priek\u0161\u0113j\u0101s ribas: 75 mm (att\u0101lums starp mont\u0101\u017eas caurumiem 66 mm) Aizmugur\u0113j\u0101s ribas: 81 mm (att\u0101lums starp mont\u0101\u017eas caurumiem 72 mm) &nbsp;<\/p>","protected":false},"featured_media":2829,"comment_status":"open","ping_status":"closed","template":"","meta":{"_monsterinsights_skip_tracking":false,"_monsterinsights_sitenote_active":false,"_monsterinsights_sitenote_note":"","_monsterinsights_sitenote_category":0},"fits_model":[],"product_brand":[],"product_cat":[75],"product_tag":[84],"woo-feed-brand":[],"class_list":{"0":"post-2828","1":"product","2":"type-product","3":"status-publish","4":"has-post-thumbnail","6":"product_cat-parts","7":"product_tag-standard","9":"first","10":"outofstock","11":"taxable","12":"shipping-taxable","13":"purchasable","14":"product-type-simple"},"yoast_head":"<!-- This site is optimized with the Yoast SEO plugin v27.4 - https:\/\/yoast.com\/product\/yoast-seo-wordpress\/ -->\n<title>MJX 14210 Metal Shocks (2x75mm; 2x81mm) - RC Zone | Raadio teel juhitavad autod<\/title>\n<meta name=\"robots\" content=\"index, follow, max-snippet:-1, max-image-preview:large, max-video-preview:-1\" \/>\n<link rel=\"canonical\" href=\"https:\/\/rczone.ee\/lv\/products\/mjx-14210-metala-amortizatori-2x75mm-2x81mm\/\" \/>\n<meta property=\"og:locale\" content=\"lv_LV\" \/>\n<meta property=\"og:type\" content=\"article\" \/>\n<meta property=\"og:title\" content=\"MJX 14210 Metal Shocks (2x75mm; 2x81mm) - RC Zone | Raadio teel juhitavad autod\" \/>\n<meta property=\"og:description\" content=\"MJX 14210 Metal Shocks (2x75mm; 2x81mm) Esiamordid: 75mm (kinnitusaukude vahe 66mm) Tagaamordid: 81mm (kinnitusaukude vahe 72mm) &nbsp;\" \/>\n<meta property=\"og:url\" content=\"https:\/\/rczone.ee\/lv\/products\/mjx-14210-metala-amortizatori-2x75mm-2x81mm\/\" \/>\n<meta property=\"og:site_name\" content=\"RC Zone | Raadio teel juhitavad autod\" \/>\n<meta property=\"article:publisher\" content=\"https:\/\/www.facebook.com\/rczone.ee\" \/>\n<meta property=\"article:modified_time\" content=\"2026-04-11T12:04:11+00:00\" \/>\n<meta name=\"twitter:card\" content=\"summary_large_image\" \/>\n<meta name=\"twitter:label1\" content=\"Est. reading time\" \/>\n\t<meta name=\"twitter:data1\" content=\"1 min\u016bte\" \/>\n<script type=\"application\/ld+json\" class=\"yoast-schema-graph\">{\"@context\":\"https:\\\/\\\/schema.org\",\"@graph\":[{\"@type\":\"WebPage\",\"@id\":\"https:\\\/\\\/rczone.ee\\\/toode\\\/mjx-14210-metal-shocks-2x75mm-2x81mm\\\/\",\"url\":\"https:\\\/\\\/rczone.ee\\\/toode\\\/mjx-14210-metal-shocks-2x75mm-2x81mm\\\/\",\"name\":\"MJX 14210 Metal Shocks (2x75mm; 2x81mm) - RC Zone | Raadio teel juhitavad autod\",\"isPartOf\":{\"@id\":\"https:\\\/\\\/rczone.ee\\\/#website\"},\"primaryImageOfPage\":{\"@id\":\"https:\\\/\\\/rczone.ee\\\/toode\\\/mjx-14210-metal-shocks-2x75mm-2x81mm\\\/#primaryimage\"},\"image\":{\"@id\":\"https:\\\/\\\/rczone.ee\\\/toode\\\/mjx-14210-metal-shocks-2x75mm-2x81mm\\\/#primaryimage\"},\"thumbnailUrl\":\"https:\\\/\\\/rczone.ee\\\/wp-content\\\/uploads\\\/2025\\\/04\\\/Scc3ba433e5c34ace8bec71fe0855ad42H.jpg_960x960q75.jpg_.avif\",\"datePublished\":\"2025-04-23T04:20:26+00:00\",\"dateModified\":\"2026-04-11T12:04:11+00:00\",\"breadcrumb\":{\"@id\":\"https:\\\/\\\/rczone.ee\\\/toode\\\/mjx-14210-metal-shocks-2x75mm-2x81mm\\\/#breadcrumb\"},\"inLanguage\":\"lv-LV\",\"potentialAction\":[{\"@type\":\"ReadAction\",\"target\":[\"https:\\\/\\\/rczone.ee\\\/toode\\\/mjx-14210-metal-shocks-2x75mm-2x81mm\\\/\"]}]},{\"@type\":\"ImageObject\",\"inLanguage\":\"lv-LV\",\"@id\":\"https:\\\/\\\/rczone.ee\\\/toode\\\/mjx-14210-metal-shocks-2x75mm-2x81mm\\\/#primaryimage\",\"url\":\"https:\\\/\\\/rczone.ee\\\/wp-content\\\/uploads\\\/2025\\\/04\\\/Scc3ba433e5c34ace8bec71fe0855ad42H.jpg_960x960q75.jpg_.avif\",\"contentUrl\":\"https:\\\/\\\/rczone.ee\\\/wp-content\\\/uploads\\\/2025\\\/04\\\/Scc3ba433e5c34ace8bec71fe0855ad42H.jpg_960x960q75.jpg_.avif\",\"width\":800,\"height\":800},{\"@type\":\"BreadcrumbList\",\"@id\":\"https:\\\/\\\/rczone.ee\\\/toode\\\/mjx-14210-metal-shocks-2x75mm-2x81mm\\\/#breadcrumb\",\"itemListElement\":[{\"@type\":\"ListItem\",\"position\":1,\"name\":\"Home\",\"item\":\"https:\\\/\\\/rczone.ee\\\/\"},{\"@type\":\"ListItem\",\"position\":2,\"name\":\"Shop\",\"item\":\"https:\\\/\\\/rczone.ee\\\/shop\\\/\"},{\"@type\":\"ListItem\",\"position\":3,\"name\":\"MJX 14210 Metal Shocks (2x75mm; 2x81mm)\"}]},{\"@type\":\"WebSite\",\"@id\":\"https:\\\/\\\/rczone.ee\\\/#website\",\"url\":\"https:\\\/\\\/rczone.ee\\\/\",\"name\":\"RcZone\",\"description\":\"RcZone - Raadio teel juhitavate autode veebipood. M&uuml;&uuml;me laia valikut kvaliteetseid ja v&otilde;imsaid RC-autosid. Kiire tarne ja konkurentsiv&otilde;imelised hinnad.\",\"publisher\":{\"@id\":\"https:\\\/\\\/rczone.ee\\\/#organization\"},\"potentialAction\":[{\"@type\":\"SearchAction\",\"target\":{\"@type\":\"EntryPoint\",\"urlTemplate\":\"https:\\\/\\\/rczone.ee\\\/?s={search_term_string}\"},\"query-input\":{\"@type\":\"PropertyValueSpecification\",\"valueRequired\":true,\"valueName\":\"search_term_string\"}}],\"inLanguage\":\"lv-LV\"},{\"@type\":\"Organization\",\"@id\":\"https:\\\/\\\/rczone.ee\\\/#organization\",\"name\":\"RcZone\",\"url\":\"https:\\\/\\\/rczone.ee\\\/\",\"logo\":{\"@type\":\"ImageObject\",\"inLanguage\":\"lv-LV\",\"@id\":\"https:\\\/\\\/rczone.ee\\\/#\\\/schema\\\/logo\\\/image\\\/\",\"url\":\"https:\\\/\\\/rczone.ee\\\/wp-content\\\/uploads\\\/2024\\\/01\\\/3D.png\",\"contentUrl\":\"https:\\\/\\\/rczone.ee\\\/wp-content\\\/uploads\\\/2024\\\/01\\\/3D.png\",\"width\":2080,\"height\":602,\"caption\":\"RcZone\"},\"image\":{\"@id\":\"https:\\\/\\\/rczone.ee\\\/#\\\/schema\\\/logo\\\/image\\\/\"},\"sameAs\":[\"https:\\\/\\\/www.facebook.com\\\/rczone.ee\"]}]}<\/script>\n<!-- \/ Yoast SEO plugin. -->","yoast_head_json":{"title":"MJX 14210 Met\u0101la amortizatori (2x75mm; 2x81mm) - RC Zona | Radiovad\u0101mie automobi\u013ci","robots":{"index":"index","follow":"follow","max-snippet":"max-snippet:-1","max-image-preview":"max-image-preview:large","max-video-preview":"max-video-preview:-1"},"canonical":"https:\/\/rczone.ee\/lv\/products\/mjx-14210-metala-amortizatori-2x75mm-2x81mm\/","og_locale":"lv_LV","og_type":"article","og_title":"MJX 14210 Metal Shocks (2x75mm; 2x81mm) - RC Zone | Raadio teel juhitavad autod","og_description":"MJX 14210 Metal Shocks (2x75mm; 2x81mm) Esiamordid: 75mm (kinnitusaukude vahe 66mm) Tagaamordid: 81mm (kinnitusaukude vahe 72mm) &nbsp;","og_url":"https:\/\/rczone.ee\/lv\/products\/mjx-14210-metala-amortizatori-2x75mm-2x81mm\/","og_site_name":"RC Zone | Raadio teel juhitavad autod","article_publisher":"https:\/\/www.facebook.com\/rczone.ee","article_modified_time":"2026-04-11T12:04:11+00:00","twitter_card":"summary_large_image","twitter_misc":{"Est. reading time":"1 min\u016bte"},"schema":{"@context":"https:\/\/schema.org","@graph":[{"@type":"WebPage","@id":"https:\/\/rczone.ee\/toode\/mjx-14210-metal-shocks-2x75mm-2x81mm\/","url":"https:\/\/rczone.ee\/toode\/mjx-14210-metal-shocks-2x75mm-2x81mm\/","name":"MJX 14210 Met\u0101la amortizatori (2x75mm; 2x81mm) - RC Zona | Radiovad\u0101mie automobi\u013ci","isPartOf":{"@id":"https:\/\/rczone.ee\/#website"},"primaryImageOfPage":{"@id":"https:\/\/rczone.ee\/toode\/mjx-14210-metal-shocks-2x75mm-2x81mm\/#primaryimage"},"image":{"@id":"https:\/\/rczone.ee\/toode\/mjx-14210-metal-shocks-2x75mm-2x81mm\/#primaryimage"},"thumbnailUrl":"https:\/\/rczone.ee\/wp-content\/uploads\/2025\/04\/Scc3ba433e5c34ace8bec71fe0855ad42H.jpg_960x960q75.jpg_.avif","datePublished":"2025-04-23T04:20:26+00:00","dateModified":"2026-04-11T12:04:11+00:00","breadcrumb":{"@id":"https:\/\/rczone.ee\/toode\/mjx-14210-metal-shocks-2x75mm-2x81mm\/#breadcrumb"},"inLanguage":"lv-LV","potentialAction":[{"@type":"ReadAction","target":["https:\/\/rczone.ee\/toode\/mjx-14210-metal-shocks-2x75mm-2x81mm\/"]}]},{"@type":"ImageObject","inLanguage":"lv-LV","@id":"https:\/\/rczone.ee\/toode\/mjx-14210-metal-shocks-2x75mm-2x81mm\/#primaryimage","url":"https:\/\/rczone.ee\/wp-content\/uploads\/2025\/04\/Scc3ba433e5c34ace8bec71fe0855ad42H.jpg_960x960q75.jpg_.avif","contentUrl":"https:\/\/rczone.ee\/wp-content\/uploads\/2025\/04\/Scc3ba433e5c34ace8bec71fe0855ad42H.jpg_960x960q75.jpg_.avif","width":800,"height":800},{"@type":"BreadcrumbList","@id":"https:\/\/rczone.ee\/toode\/mjx-14210-metal-shocks-2x75mm-2x81mm\/#breadcrumb","itemListElement":[{"@type":"ListItem","position":1,"name":"Home","item":"https:\/\/rczone.ee\/"},{"@type":"ListItem","position":2,"name":"Shop","item":"https:\/\/rczone.ee\/shop\/"},{"@type":"ListItem","position":3,"name":"MJX 14210 Metal Shocks (2x75mm; 2x81mm)"}]},{"@type":"WebSite","@id":"https:\/\/rczone.ee\/#website","url":"https:\/\/rczone.ee\/","name":"RcZone","description":"RcZone - Radio vad\u0101mo automobi\u013cu tie\u0161saistes veikals. M\u0113s p\u0101rdodam pla\u0161u augstas kvalit\u0101tes un jaud\u012bgu RC automobi\u013cu kl\u0101stu. \u0100tra pieg\u0101de un konkur\u0113tsp\u0113j\u012bgas cenas.","publisher":{"@id":"https:\/\/rczone.ee\/#organization"},"potentialAction":[{"@type":"SearchAction","target":{"@type":"EntryPoint","urlTemplate":"https:\/\/rczone.ee\/?s={search_term_string}"},"query-input":{"@type":"PropertyValueSpecification","valueRequired":true,"valueName":"search_term_string"}}],"inLanguage":"lv-LV"},{"@type":"Organization","@id":"https:\/\/rczone.ee\/#organization","name":"RcZone","url":"https:\/\/rczone.ee\/","logo":{"@type":"ImageObject","inLanguage":"lv-LV","@id":"https:\/\/rczone.ee\/#\/schema\/logo\/image\/","url":"https:\/\/rczone.ee\/wp-content\/uploads\/2024\/01\/3D.png","contentUrl":"https:\/\/rczone.ee\/wp-content\/uploads\/2024\/01\/3D.png","width":2080,"height":602,"caption":"RcZone"},"image":{"@id":"https:\/\/rczone.ee\/#\/schema\/logo\/image\/"},"sameAs":["https:\/\/www.facebook.com\/rczone.ee"]}]}},"_links":{"self":[{"href":"https:\/\/rczone.ee\/lv\/wp-json\/wp\/v2\/product\/2828","targetHints":{"allow":["GET"]}}],"collection":[{"href":"https:\/\/rczone.ee\/lv\/wp-json\/wp\/v2\/product"}],"about":[{"href":"https:\/\/rczone.ee\/lv\/wp-json\/wp\/v2\/types\/product"}],"replies":[{"embeddable":true,"href":"https:\/\/rczone.ee\/lv\/wp-json\/wp\/v2\/comments?post=2828"}],"wp:featuredmedia":[{"embeddable":true,"href":"https:\/\/rczone.ee\/lv\/wp-json\/wp\/v2\/media\/2829"}],"wp:attachment":[{"href":"https:\/\/rczone.ee\/lv\/wp-json\/wp\/v2\/media?parent=2828"}],"wp:term":[{"taxonomy":"fits_model","embeddable":true,"href":"https:\/\/rczone.ee\/lv\/wp-json\/wp\/v2\/fits_model?post=2828"},{"taxonomy":"product_brand","embeddable":true,"href":"https:\/\/rczone.ee\/lv\/wp-json\/wp\/v2\/product_brand?post=2828"},{"taxonomy":"product_cat","embeddable":true,"href":"https:\/\/rczone.ee\/lv\/wp-json\/wp\/v2\/product_cat?post=2828"},{"taxonomy":"product_tag","embeddable":true,"href":"https:\/\/rczone.ee\/lv\/wp-json\/wp\/v2\/product_tag?post=2828"},{"taxonomy":"woo-feed-brand","embeddable":true,"href":"https:\/\/rczone.ee\/lv\/wp-json\/wp\/v2\/woo-feed-brand?post=2828"}],"curies":[{"name":"wp","href":"https:\/\/api.w.org\/{rel}","templated":true}]}}