{"id":2934,"date":"2025-05-09T22:33:47","date_gmt":"2025-05-09T19:33:47","guid":{"rendered":"https:\/\/rczone.ee\/?post_type=product&#038;p=2934"},"modified":"2026-03-24T07:59:19","modified_gmt":"2026-03-24T05:59:19","slug":"aizmugurejo-ritenu-varpstas-un-tapas-sesstura-dala-14301-17-hs14321-14331","status":"publish","type":"product","link":"https:\/\/rczone.ee\/lv\/toode\/rear-wheel-shaftes-and-pins-hex-part-14301-17-hs14321-14331\/","title":{"rendered":"Aizmugur\u0113jo rite\u0146u v\u0101rpstas un tapas se\u0161st\u016brainas (da\u013ca 14301-17, HS14321\/14331)"},"content":{"rendered":"<p>Aizmugur\u0113jo rite\u0146u v\u0101rpstas un tapas se\u0161st\u016brainas (da\u013ca 14301-17, HS14321\/14331)<\/p>","protected":false},"excerpt":{"rendered":"<p>Aizmugur\u0113jo rite\u0146u v\u0101rpstas un tapas se\u0161st\u016brainas (da\u013ca 14301-17, HS14321\/14331)<\/p>","protected":false},"featured_media":2973,"comment_status":"open","ping_status":"closed","template":"","meta":{"_monsterinsights_skip_tracking":false,"_monsterinsights_sitenote_active":false,"_monsterinsights_sitenote_note":"","_monsterinsights_sitenote_category":0},"fits_model":[],"product_brand":[],"product_cat":[75],"product_tag":[84],"woo-feed-brand":[],"class_list":{"0":"post-2934","1":"product","2":"type-product","3":"status-publish","4":"has-post-thumbnail","6":"product_cat-parts","7":"product_tag-standard","9":"first","10":"instock","11":"taxable","12":"shipping-taxable","13":"purchasable","14":"product-type-simple"},"yoast_head":"<!-- This site is optimized with the Yoast SEO plugin v27.3 - https:\/\/yoast.com\/product\/yoast-seo-wordpress\/ -->\n<title>Rear wheel shaftes and pins hex (part 14301-17, HS14321\/14331) - RC Zone | Raadio teel juhitavad autod<\/title>\n<meta name=\"robots\" content=\"index, follow, max-snippet:-1, max-image-preview:large, max-video-preview:-1\" \/>\n<link rel=\"canonical\" href=\"https:\/\/rczone.ee\/lv\/products\/aizmugurejo-ritenu-varpstas-un-tapas-sesstura-dala-14301-17-hs14321-14331\/\" \/>\n<meta property=\"og:locale\" content=\"lv_LV\" \/>\n<meta property=\"og:type\" content=\"article\" \/>\n<meta property=\"og:title\" content=\"Rear wheel shaftes and pins hex (part 14301-17, HS14321\/14331) - RC Zone | Raadio teel juhitavad autod\" \/>\n<meta property=\"og:description\" content=\"Rear wheel shaftes and pins hex (part 14301-17, HS14321\/14331)\" \/>\n<meta property=\"og:url\" content=\"https:\/\/rczone.ee\/lv\/products\/aizmugurejo-ritenu-varpstas-un-tapas-sesstura-dala-14301-17-hs14321-14331\/\" \/>\n<meta property=\"og:site_name\" content=\"RC Zone | Raadio teel juhitavad autod\" \/>\n<meta property=\"article:publisher\" content=\"https:\/\/www.facebook.com\/rczone.ee\" \/>\n<meta property=\"article:modified_time\" content=\"2026-03-24T05:59:19+00:00\" \/>\n<meta property=\"og:image\" content=\"https:\/\/rczone.ee\/wp-content\/uploads\/2025\/05\/14301-17-Photoroom.jpg\" \/>\n\t<meta property=\"og:image:width\" content=\"1772\" \/>\n\t<meta property=\"og:image:height\" content=\"1772\" \/>\n\t<meta property=\"og:image:type\" content=\"image\/jpeg\" \/>\n<meta name=\"twitter:card\" content=\"summary_large_image\" \/>\n<meta name=\"twitter:label1\" content=\"Est. reading time\" \/>\n\t<meta name=\"twitter:data1\" content=\"1 min\u016bte\" \/>\n<script type=\"application\/ld+json\" class=\"yoast-schema-graph\">{\"@context\":\"https:\\\/\\\/schema.org\",\"@graph\":[{\"@type\":\"WebPage\",\"@id\":\"https:\\\/\\\/rczone.ee\\\/toode\\\/rear-wheel-shaftes-and-pins-hex-part-14301-17-hs14321-14331\\\/\",\"url\":\"https:\\\/\\\/rczone.ee\\\/toode\\\/rear-wheel-shaftes-and-pins-hex-part-14301-17-hs14321-14331\\\/\",\"name\":\"Rear wheel shaftes and pins hex (part 14301-17, HS14321\\\/14331) - RC Zone | Raadio teel juhitavad autod\",\"isPartOf\":{\"@id\":\"https:\\\/\\\/rczone.ee\\\/#website\"},\"primaryImageOfPage\":{\"@id\":\"https:\\\/\\\/rczone.ee\\\/toode\\\/rear-wheel-shaftes-and-pins-hex-part-14301-17-hs14321-14331\\\/#primaryimage\"},\"image\":{\"@id\":\"https:\\\/\\\/rczone.ee\\\/toode\\\/rear-wheel-shaftes-and-pins-hex-part-14301-17-hs14321-14331\\\/#primaryimage\"},\"thumbnailUrl\":\"https:\\\/\\\/rczone.ee\\\/wp-content\\\/uploads\\\/2025\\\/05\\\/14301-17-Photoroom.jpg\",\"datePublished\":\"2025-05-09T19:33:47+00:00\",\"dateModified\":\"2026-03-24T05:59:19+00:00\",\"breadcrumb\":{\"@id\":\"https:\\\/\\\/rczone.ee\\\/toode\\\/rear-wheel-shaftes-and-pins-hex-part-14301-17-hs14321-14331\\\/#breadcrumb\"},\"inLanguage\":\"lv-LV\",\"potentialAction\":[{\"@type\":\"ReadAction\",\"target\":[\"https:\\\/\\\/rczone.ee\\\/toode\\\/rear-wheel-shaftes-and-pins-hex-part-14301-17-hs14321-14331\\\/\"]}]},{\"@type\":\"ImageObject\",\"inLanguage\":\"lv-LV\",\"@id\":\"https:\\\/\\\/rczone.ee\\\/toode\\\/rear-wheel-shaftes-and-pins-hex-part-14301-17-hs14321-14331\\\/#primaryimage\",\"url\":\"https:\\\/\\\/rczone.ee\\\/wp-content\\\/uploads\\\/2025\\\/05\\\/14301-17-Photoroom.jpg\",\"contentUrl\":\"https:\\\/\\\/rczone.ee\\\/wp-content\\\/uploads\\\/2025\\\/05\\\/14301-17-Photoroom.jpg\",\"width\":1772,\"height\":1772},{\"@type\":\"BreadcrumbList\",\"@id\":\"https:\\\/\\\/rczone.ee\\\/toode\\\/rear-wheel-shaftes-and-pins-hex-part-14301-17-hs14321-14331\\\/#breadcrumb\",\"itemListElement\":[{\"@type\":\"ListItem\",\"position\":1,\"name\":\"Home\",\"item\":\"https:\\\/\\\/rczone.ee\\\/\"},{\"@type\":\"ListItem\",\"position\":2,\"name\":\"Shop\",\"item\":\"https:\\\/\\\/rczone.ee\\\/shop\\\/\"},{\"@type\":\"ListItem\",\"position\":3,\"name\":\"Rear wheel shaftes and pins hex (part 14301-17, HS14321\\\/14331)\"}]},{\"@type\":\"WebSite\",\"@id\":\"https:\\\/\\\/rczone.ee\\\/#website\",\"url\":\"https:\\\/\\\/rczone.ee\\\/\",\"name\":\"RcZone\",\"description\":\"RcZone - Raadio teel juhitavate autode veebipood. M&uuml;&uuml;me laia valikut kvaliteetseid ja v&otilde;imsaid RC-autosid. Kiire tarne ja konkurentsiv&otilde;imelised hinnad.\",\"publisher\":{\"@id\":\"https:\\\/\\\/rczone.ee\\\/#organization\"},\"potentialAction\":[{\"@type\":\"SearchAction\",\"target\":{\"@type\":\"EntryPoint\",\"urlTemplate\":\"https:\\\/\\\/rczone.ee\\\/?s={search_term_string}\"},\"query-input\":{\"@type\":\"PropertyValueSpecification\",\"valueRequired\":true,\"valueName\":\"search_term_string\"}}],\"inLanguage\":\"lv-LV\"},{\"@type\":\"Organization\",\"@id\":\"https:\\\/\\\/rczone.ee\\\/#organization\",\"name\":\"RcZone\",\"url\":\"https:\\\/\\\/rczone.ee\\\/\",\"logo\":{\"@type\":\"ImageObject\",\"inLanguage\":\"lv-LV\",\"@id\":\"https:\\\/\\\/rczone.ee\\\/#\\\/schema\\\/logo\\\/image\\\/\",\"url\":\"https:\\\/\\\/rczone.ee\\\/wp-content\\\/uploads\\\/2024\\\/01\\\/3D.png\",\"contentUrl\":\"https:\\\/\\\/rczone.ee\\\/wp-content\\\/uploads\\\/2024\\\/01\\\/3D.png\",\"width\":2080,\"height\":602,\"caption\":\"RcZone\"},\"image\":{\"@id\":\"https:\\\/\\\/rczone.ee\\\/#\\\/schema\\\/logo\\\/image\\\/\"},\"sameAs\":[\"https:\\\/\\\/www.facebook.com\\\/rczone.ee\"]}]}<\/script>\n<!-- \/ Yoast SEO plugin. -->","yoast_head_json":{"title":"Aizmugur\u0113jo rite\u0146u v\u0101rpstas un tapas (14301-17, HS14321\/14331) - RC Zona | Radio vad\u0101mie automobi\u013ci","robots":{"index":"index","follow":"follow","max-snippet":"max-snippet:-1","max-image-preview":"max-image-preview:large","max-video-preview":"max-video-preview:-1"},"canonical":"https:\/\/rczone.ee\/lv\/products\/aizmugurejo-ritenu-varpstas-un-tapas-sesstura-dala-14301-17-hs14321-14331\/","og_locale":"lv_LV","og_type":"article","og_title":"Rear wheel shaftes and pins hex (part 14301-17, HS14321\/14331) - RC Zone | Raadio teel juhitavad autod","og_description":"Rear wheel shaftes and pins hex (part 14301-17, HS14321\/14331)","og_url":"https:\/\/rczone.ee\/lv\/products\/aizmugurejo-ritenu-varpstas-un-tapas-sesstura-dala-14301-17-hs14321-14331\/","og_site_name":"RC Zone | Raadio teel juhitavad autod","article_publisher":"https:\/\/www.facebook.com\/rczone.ee","article_modified_time":"2026-03-24T05:59:19+00:00","og_image":[{"width":1772,"height":1772,"url":"https:\/\/rczone.ee\/wp-content\/uploads\/2025\/05\/14301-17-Photoroom.jpg","type":"image\/jpeg"}],"twitter_card":"summary_large_image","twitter_misc":{"Est. reading time":"1 min\u016bte"},"schema":{"@context":"https:\/\/schema.org","@graph":[{"@type":"WebPage","@id":"https:\/\/rczone.ee\/toode\/rear-wheel-shaftes-and-pins-hex-part-14301-17-hs14321-14331\/","url":"https:\/\/rczone.ee\/toode\/rear-wheel-shaftes-and-pins-hex-part-14301-17-hs14321-14331\/","name":"Aizmugur\u0113jo rite\u0146u v\u0101rpstas un tapas (14301-17, HS14321\/14331) - RC Zona | Radio vad\u0101mie automobi\u013ci","isPartOf":{"@id":"https:\/\/rczone.ee\/#website"},"primaryImageOfPage":{"@id":"https:\/\/rczone.ee\/toode\/rear-wheel-shaftes-and-pins-hex-part-14301-17-hs14321-14331\/#primaryimage"},"image":{"@id":"https:\/\/rczone.ee\/toode\/rear-wheel-shaftes-and-pins-hex-part-14301-17-hs14321-14331\/#primaryimage"},"thumbnailUrl":"https:\/\/rczone.ee\/wp-content\/uploads\/2025\/05\/14301-17-Photoroom.jpg","datePublished":"2025-05-09T19:33:47+00:00","dateModified":"2026-03-24T05:59:19+00:00","breadcrumb":{"@id":"https:\/\/rczone.ee\/toode\/rear-wheel-shaftes-and-pins-hex-part-14301-17-hs14321-14331\/#breadcrumb"},"inLanguage":"lv-LV","potentialAction":[{"@type":"ReadAction","target":["https:\/\/rczone.ee\/toode\/rear-wheel-shaftes-and-pins-hex-part-14301-17-hs14321-14331\/"]}]},{"@type":"ImageObject","inLanguage":"lv-LV","@id":"https:\/\/rczone.ee\/toode\/rear-wheel-shaftes-and-pins-hex-part-14301-17-hs14321-14331\/#primaryimage","url":"https:\/\/rczone.ee\/wp-content\/uploads\/2025\/05\/14301-17-Photoroom.jpg","contentUrl":"https:\/\/rczone.ee\/wp-content\/uploads\/2025\/05\/14301-17-Photoroom.jpg","width":1772,"height":1772},{"@type":"BreadcrumbList","@id":"https:\/\/rczone.ee\/toode\/rear-wheel-shaftes-and-pins-hex-part-14301-17-hs14321-14331\/#breadcrumb","itemListElement":[{"@type":"ListItem","position":1,"name":"Home","item":"https:\/\/rczone.ee\/"},{"@type":"ListItem","position":2,"name":"Shop","item":"https:\/\/rczone.ee\/shop\/"},{"@type":"ListItem","position":3,"name":"Rear wheel shaftes and pins hex (part 14301-17, HS14321\/14331)"}]},{"@type":"WebSite","@id":"https:\/\/rczone.ee\/#website","url":"https:\/\/rczone.ee\/","name":"RcZone","description":"RcZone - Radio vad\u0101mo automobi\u013cu tie\u0161saistes veikals. M\u0113s p\u0101rdodam pla\u0161u augstas kvalit\u0101tes un jaud\u012bgu RC automobi\u013cu kl\u0101stu. \u0100tra pieg\u0101de un konkur\u0113tsp\u0113j\u012bgas cenas.","publisher":{"@id":"https:\/\/rczone.ee\/#organization"},"potentialAction":[{"@type":"SearchAction","target":{"@type":"EntryPoint","urlTemplate":"https:\/\/rczone.ee\/?s={search_term_string}"},"query-input":{"@type":"PropertyValueSpecification","valueRequired":true,"valueName":"search_term_string"}}],"inLanguage":"lv-LV"},{"@type":"Organization","@id":"https:\/\/rczone.ee\/#organization","name":"RcZone","url":"https:\/\/rczone.ee\/","logo":{"@type":"ImageObject","inLanguage":"lv-LV","@id":"https:\/\/rczone.ee\/#\/schema\/logo\/image\/","url":"https:\/\/rczone.ee\/wp-content\/uploads\/2024\/01\/3D.png","contentUrl":"https:\/\/rczone.ee\/wp-content\/uploads\/2024\/01\/3D.png","width":2080,"height":602,"caption":"RcZone"},"image":{"@id":"https:\/\/rczone.ee\/#\/schema\/logo\/image\/"},"sameAs":["https:\/\/www.facebook.com\/rczone.ee"]}]}},"_links":{"self":[{"href":"https:\/\/rczone.ee\/lv\/wp-json\/wp\/v2\/product\/2934","targetHints":{"allow":["GET"]}}],"collection":[{"href":"https:\/\/rczone.ee\/lv\/wp-json\/wp\/v2\/product"}],"about":[{"href":"https:\/\/rczone.ee\/lv\/wp-json\/wp\/v2\/types\/product"}],"replies":[{"embeddable":true,"href":"https:\/\/rczone.ee\/lv\/wp-json\/wp\/v2\/comments?post=2934"}],"wp:featuredmedia":[{"embeddable":true,"href":"https:\/\/rczone.ee\/lv\/wp-json\/wp\/v2\/media\/2973"}],"wp:attachment":[{"href":"https:\/\/rczone.ee\/lv\/wp-json\/wp\/v2\/media?parent=2934"}],"wp:term":[{"taxonomy":"fits_model","embeddable":true,"href":"https:\/\/rczone.ee\/lv\/wp-json\/wp\/v2\/fits_model?post=2934"},{"taxonomy":"product_brand","embeddable":true,"href":"https:\/\/rczone.ee\/lv\/wp-json\/wp\/v2\/product_brand?post=2934"},{"taxonomy":"product_cat","embeddable":true,"href":"https:\/\/rczone.ee\/lv\/wp-json\/wp\/v2\/product_cat?post=2934"},{"taxonomy":"product_tag","embeddable":true,"href":"https:\/\/rczone.ee\/lv\/wp-json\/wp\/v2\/product_tag?post=2934"},{"taxonomy":"woo-feed-brand","embeddable":true,"href":"https:\/\/rczone.ee\/lv\/wp-json\/wp\/v2\/woo-feed-brand?post=2934"}],"curies":[{"name":"wp","href":"https:\/\/api.w.org\/{rel}","templated":true}]}}