{"id":3031,"date":"2025-05-23T16:19:22","date_gmt":"2025-05-23T13:19:22","guid":{"rendered":"https:\/\/rczone.ee\/?post_type=product&#038;p=3031"},"modified":"2025-12-28T19:15:22","modified_gmt":"2025-12-28T17:15:22","slug":"jauns-hpi-racing-sport-3-drift-nissan-silvia-s15-odi-bakchis","status":"publish","type":"product","link":"https:\/\/rczone.ee\/lv\/toode\/uus-hpi-racing-sport-3-drift-nissan-silvia-s15-odi-bakchis\/","title":{"rendered":"HPI Racing Sport 3 Drift Nissan Silvia S15 Odi Bakchis"},"content":{"rendered":"<h2 data-start=\"186\" data-end=\"295\">HPI Racing Sport 3 Drift Nissan Silvia S15 Odi Bakchis - augst\u0101k\u0101s klases drifta auto 1:10 m\u0113rog\u0101 tagad pieejams RcZone.ee!<\/h2>\n<p><img decoding=\"async\" class=\"alignnone size-full wp-image-3038\" src=\"https:\/\/rczone.ee\/wp-content\/uploads\/2025\/05\/1.png\" alt=\"\" width=\"1300\" height=\"457\" srcset=\"https:\/\/rczone.ee\/wp-content\/uploads\/2025\/05\/1.png 1300w, https:\/\/rczone.ee\/wp-content\/uploads\/2025\/05\/1-800x281.png 800w, https:\/\/rczone.ee\/wp-content\/uploads\/2025\/05\/1-768x270.png 768w, https:\/\/rczone.ee\/wp-content\/uploads\/2025\/05\/1-18x6.png 18w, https:\/\/rczone.ee\/wp-content\/uploads\/2025\/05\/1-900x316.png 900w\" sizes=\"(max-width: 1300px) 100vw, 1300px\" \/><\/p>\n<p>Sport 3 Drift kl\u0101sts ir papildin\u0101ts ar Feal Suspension Race Team. Feal Suspension dibin\u0101t\u0101js un izpilddirektors Aurimas \"Odi\" Bakchis, kur\u0161 savu profesion\u0101l\u0101 drifta karjeru s\u0101ka 2011. gad\u0101. Vi\u0146\u0161 ieguva 3. vietu Formula Drift ASV \u010dempion\u0101t\u0101 2021. gad\u0101 un 2. vietu 2023. un 2024. gad\u0101.<\/p>\n<p data-start=\"297\" data-end=\"719\">\u0160is ofici\u0101li licenc\u0113tais Nissan Silvia S15 Widebody RC auto ir rad\u012bts sadarb\u012bb\u0101 ar Feal Suspension Race Team, un tas iet\u0113rpts pasaulslaven\u0101 drifta brauc\u0113ja Odi Bakchise 2023\/2024 sacens\u012bbu kr\u0101s\u0101s. Ja j\u016bs mekl\u0113jat \u012bpa\u0161i detaliz\u0113tu dizainu un labi vad\u0101mu RC drifta ma\u0161\u012bnu, esat non\u0101cis \u012bstaj\u0101 viet\u0101 - RcZone.ee!<\/p>\n<p data-start=\"297\" data-end=\"719\"><img decoding=\"async\" class=\"alignnone size-full wp-image-3052\" src=\"https:\/\/rczone.ee\/wp-content\/uploads\/2025\/05\/4.png\" alt=\"\" width=\"1300\" height=\"889\" srcset=\"https:\/\/rczone.ee\/wp-content\/uploads\/2025\/05\/4.png 1300w, https:\/\/rczone.ee\/wp-content\/uploads\/2025\/05\/4-585x400.png 585w, https:\/\/rczone.ee\/wp-content\/uploads\/2025\/05\/4-1170x800.png 1170w, https:\/\/rczone.ee\/wp-content\/uploads\/2025\/05\/4-768x525.png 768w, https:\/\/rczone.ee\/wp-content\/uploads\/2025\/05\/4-18x12.png 18w, https:\/\/rczone.ee\/wp-content\/uploads\/2025\/05\/4-900x615.png 900w\" sizes=\"(max-width: 1300px) 100vw, 1300px\" \/><\/p>\n<p data-start=\"721\" data-end=\"752\"><strong data-start=\"721\" data-end=\"752\">K\u0101p\u0113c izv\u0113l\u0113ties \u0161o modeli?<\/strong><\/p>\n<ul data-start=\"753\" data-end=\"1607\">\n<li data-start=\"753\" data-end=\"900\">\n<p data-start=\"755\" data-end=\"900\"><strong data-start=\"755\" data-end=\"811\">Ofici\u0101li licenc\u0113ta Nissan S15 Widebody virsb\u016bve:<\/strong> Feal Suspension Race Team autentiskais dizains - \u012bsts uzman\u012bbu piesaisto\u0161s risin\u0101jums gan veikala plaukt\u0101, gan tras\u0113!<\/p>\n<\/li>\n<li data-start=\"901\" data-end=\"1002\">\n<p data-start=\"903\" data-end=\"1002\"><strong data-start=\"903\" data-end=\"930\">Nep\u0101rtraukta 4WD:<\/strong> Pied\u0101v\u0101 maksim\u0101lu vad\u0101m\u012bbu, pa\u0101trin\u0101jumu un prec\u012bzu driftu.<\/p>\n<\/li>\n<li data-start=\"1003\" data-end=\"1146\">\n<p data-start=\"1005\" data-end=\"1146\"><strong data-start=\"1005\" data-end=\"1049\">Astro rite\u0146i un T-DRIFT riepas:<\/strong> Ori\u0123in\u0101li JDM rite\u0146i un ciet\u0101s plastmasas drifta riepas nodro\u0161ina vieglu s\u0101nu sl\u012bd\u0113\u0161anu un jautru driftu.<\/p>\n<\/li>\n<li data-start=\"1147\" data-end=\"1282\">\n<p data-start=\"1149\" data-end=\"1282\"><strong data-start=\"1149\" data-end=\"1210\">\u016adensnecaurlaid\u012bga elektronika un piln\u012bb\u0101 sl\u0113gta transmisija:<\/strong> Brauciet bez raiz\u0113m jebkuros laikapst\u0101k\u013cos - putek\u013ci un net\u012brumi nevar piek\u013c\u016bt meh\u0101nismiem.<\/p>\n<\/li>\n<li data-start=\"1283\" data-end=\"1407\">\n<p data-start=\"1285\" data-end=\"1407\"><strong data-start=\"1285\" data-end=\"1343\">Piln\u012bb\u0101 regul\u0113jama dubult\u0101s sviras balstiek\u0101rta:<\/strong> Patiesi sportiska saj\u016bta un pla\u0161s iestat\u012bjumu kl\u0101sts.<\/p>\n<\/li>\n<li data-start=\"1408\" data-end=\"1512\">\n<p data-start=\"1410\" data-end=\"1512\"><strong data-start=\"1410\" data-end=\"1445\">M\u016bsdien\u012bga 2,4 GHz radio sist\u0113ma:<\/strong> \u0112rts un funkcion\u0101ls vad\u012bbas panelis gan lab\u0101s, gan kreis\u0101s rokas lietot\u0101jiem.<\/p>\n<\/li>\n<li data-start=\"1513\" data-end=\"1607\">\n<p data-start=\"1515\" data-end=\"1607\"><strong data-start=\"1515\" data-end=\"1539\">Komplekt\u0101 ir iek\u013cauts viss nepiecie\u0161amais:<\/strong> Komplekt\u0101 ietilpst akumulators, l\u0101d\u0113t\u0101js un baterijas - uzl\u0101d\u0113jiet un brauciet!<\/p>\n<\/li>\n<\/ul>\n<p><img decoding=\"async\" class=\"alignnone size-full wp-image-3053\" src=\"https:\/\/rczone.ee\/wp-content\/uploads\/2025\/05\/9.png\" alt=\"\" width=\"1300\" height=\"714\" srcset=\"https:\/\/rczone.ee\/wp-content\/uploads\/2025\/05\/9.png 1300w, https:\/\/rczone.ee\/wp-content\/uploads\/2025\/05\/9-728x400.png 728w, https:\/\/rczone.ee\/wp-content\/uploads\/2025\/05\/9-768x422.png 768w, https:\/\/rczone.ee\/wp-content\/uploads\/2025\/05\/9-18x10.png 18w, https:\/\/rczone.ee\/wp-content\/uploads\/2025\/05\/9-900x494.png 900w\" sizes=\"(max-width: 1300px) 100vw, 1300px\" \/><\/p>\n<p data-start=\"1609\" data-end=\"1644\"><strong data-start=\"1609\" data-end=\"1642\">Galvenie tehniskie dati:<\/strong><\/p>\n<ul data-start=\"1645\" data-end=\"1915\">\n<li data-start=\"1645\" data-end=\"1667\"><strong data-start=\"1647\" data-end=\"1660\">M\u0113rogs:<\/strong> 1\/10<\/li>\n<li data-start=\"1668\" data-end=\"1690\"><strong data-start=\"1670\" data-end=\"1681\">Garums:<\/strong> 431 mm<\/li>\n<li data-start=\"1691\" data-end=\"1712\"><strong data-start=\"1693\" data-end=\"1703\">Platums:<\/strong> 200 mm<\/li>\n<li data-start=\"1713\" data-end=\"1735\"><strong data-start=\"1715\" data-end=\"1726\">Augstums:<\/strong> 127 mm<\/li>\n<li data-start=\"1736\" data-end=\"1761\"><strong data-start=\"1738\" data-end=\"1752\">Pilna laul\u012bba:<\/strong> 254 mm<\/li>\n<li data-start=\"1762\" data-end=\"1808\"><strong data-start=\"1764\" data-end=\"1777\">Transporta sh\u0113ma:<\/strong> 4WD, sl\u0113gta gala p\u0101rnesumk\u0101rba<\/li>\n<li data-start=\"1809\" data-end=\"1852\"><strong data-start=\"1811\" data-end=\"1819\">Aku:<\/strong> 7,2 V 2000 mAh NiMH (iek\u013cauts komplekt\u0101)<\/li>\n<li data-start=\"1853\" data-end=\"1915\"><strong data-start=\"1855\" data-end=\"1873\">Radio sist\u0113ma:<\/strong> 2,4GHz FHSS, 4 kan\u0101li (baterijas iek\u013cautas komplekt\u0101)<\/li>\n<\/ul>\n<p><img decoding=\"async\" class=\"alignnone size-full wp-image-3058\" src=\"https:\/\/rczone.ee\/wp-content\/uploads\/2025\/05\/odi_action_3_1.png\" alt=\"\" width=\"1300\" height=\"798\" srcset=\"https:\/\/rczone.ee\/wp-content\/uploads\/2025\/05\/odi_action_3_1.png 1300w, https:\/\/rczone.ee\/wp-content\/uploads\/2025\/05\/odi_action_3_1-652x400.png 652w, https:\/\/rczone.ee\/wp-content\/uploads\/2025\/05\/odi_action_3_1-768x471.png 768w, https:\/\/rczone.ee\/wp-content\/uploads\/2025\/05\/odi_action_3_1-18x12.png 18w, https:\/\/rczone.ee\/wp-content\/uploads\/2025\/05\/odi_action_3_1-900x552.png 900w\" sizes=\"(max-width: 1300px) 100vw, 1300px\" \/><\/p>\n<p><img decoding=\"async\" class=\"alignnone wp-image-3054\" src=\"https:\/\/rczone.ee\/wp-content\/uploads\/2025\/05\/odi_adjustable_body_post.png\" alt=\"\" width=\"601\" height=\"486\" srcset=\"https:\/\/rczone.ee\/wp-content\/uploads\/2025\/05\/odi_adjustable_body_post.png 1300w, https:\/\/rczone.ee\/wp-content\/uploads\/2025\/05\/odi_adjustable_body_post-494x400.png 494w, https:\/\/rczone.ee\/wp-content\/uploads\/2025\/05\/odi_adjustable_body_post-989x800.png 989w, https:\/\/rczone.ee\/wp-content\/uploads\/2025\/05\/odi_adjustable_body_post-768x621.png 768w, https:\/\/rczone.ee\/wp-content\/uploads\/2025\/05\/odi_adjustable_body_post-15x12.png 15w, https:\/\/rczone.ee\/wp-content\/uploads\/2025\/05\/odi_adjustable_body_post-900x728.png 900w\" sizes=\"(max-width: 601px) 100vw, 601px\" \/><img decoding=\"async\" class=\"alignnone wp-image-3055\" src=\"https:\/\/rczone.ee\/wp-content\/uploads\/2025\/05\/diff_exploded_section.jpg\" alt=\"\" width=\"600\" height=\"393\" srcset=\"https:\/\/rczone.ee\/wp-content\/uploads\/2025\/05\/diff_exploded_section.jpg 1300w, https:\/\/rczone.ee\/wp-content\/uploads\/2025\/05\/diff_exploded_section-610x400.jpg 610w, https:\/\/rczone.ee\/wp-content\/uploads\/2025\/05\/diff_exploded_section-1221x800.jpg 1221w, https:\/\/rczone.ee\/wp-content\/uploads\/2025\/05\/diff_exploded_section-768x503.jpg 768w, https:\/\/rczone.ee\/wp-content\/uploads\/2025\/05\/diff_exploded_section-18x12.jpg 18w, https:\/\/rczone.ee\/wp-content\/uploads\/2025\/05\/diff_exploded_section-900x590.jpg 900w\" sizes=\"(max-width: 600px) 100vw, 600px\" \/> <img decoding=\"async\" class=\"alignnone wp-image-3056\" src=\"https:\/\/rczone.ee\/wp-content\/uploads\/2025\/05\/drivetrain_direction_section.jpg\" alt=\"\" width=\"601\" height=\"358\" srcset=\"https:\/\/rczone.ee\/wp-content\/uploads\/2025\/05\/drivetrain_direction_section.jpg 1300w, https:\/\/rczone.ee\/wp-content\/uploads\/2025\/05\/drivetrain_direction_section-671x400.jpg 671w, https:\/\/rczone.ee\/wp-content\/uploads\/2025\/05\/drivetrain_direction_section-768x458.jpg 768w, https:\/\/rczone.ee\/wp-content\/uploads\/2025\/05\/drivetrain_direction_section-18x12.jpg 18w, https:\/\/rczone.ee\/wp-content\/uploads\/2025\/05\/drivetrain_direction_section-900x537.jpg 900w\" sizes=\"(max-width: 601px) 100vw, 601px\" \/> <img decoding=\"async\" class=\"alignnone wp-image-3057\" src=\"https:\/\/rczone.ee\/wp-content\/uploads\/2025\/05\/front_wishbone_section.jpg\" alt=\"\" width=\"599\" height=\"396\" srcset=\"https:\/\/rczone.ee\/wp-content\/uploads\/2025\/05\/front_wishbone_section.jpg 1300w, https:\/\/rczone.ee\/wp-content\/uploads\/2025\/05\/front_wishbone_section-605x400.jpg 605w, https:\/\/rczone.ee\/wp-content\/uploads\/2025\/05\/front_wishbone_section-1209x800.jpg 1209w, https:\/\/rczone.ee\/wp-content\/uploads\/2025\/05\/front_wishbone_section-768x508.jpg 768w, https:\/\/rczone.ee\/wp-content\/uploads\/2025\/05\/front_wishbone_section-18x12.jpg 18w, https:\/\/rczone.ee\/wp-content\/uploads\/2025\/05\/front_wishbone_section-900x595.jpg 900w\" sizes=\"(max-width: 599px) 100vw, 599px\" \/><\/p>\n<h3 data-start=\"1917\" data-end=\"1965\">RcZone.ee - J\u016bsu uzticamais RC auto veikals!<\/h3>\n<p data-start=\"1966\" data-end=\"2199\"><strong data-start=\"1966\" data-end=\"1979\">RcZone.ee<\/strong> ir ofici\u0101lais HPI Racing d\u012bleris Igaunij\u0101. M\u0113s pied\u0101v\u0101jam augst\u0101k\u0101s klases RC mode\u013cus, \u0101tru pieg\u0101di un ekspertu atbalstu. Pas\u016btiet no <strong data-start=\"2082\" data-end=\"2140\">HPI Racing Sport 3 Drift Nissan Silvia S15 Odi Bakchis<\/strong> \u0161odien!<\/p>\n<p data-start=\"1966\" data-end=\"2199\"><div class=\"is-divider divider clearfix\" style=\"max-width:100%;\"><\/div>\n<p style=\"text-align: left;\"><span style=\"font-size: 85%;\"><img decoding=\"async\" class=\"wp-image-1383 aligncenter\" src=\"https:\/\/rczone.ee\/wp-content\/uploads\/2024\/10\/HPI_REBRAND_LOGO_SPOT-800x226.jpg\" alt=\"\" width=\"248\" height=\"70\" srcset=\"https:\/\/rczone.ee\/wp-content\/uploads\/2024\/10\/HPI_REBRAND_LOGO_SPOT-800x226.jpg 800w, https:\/\/rczone.ee\/wp-content\/uploads\/2024\/10\/HPI_REBRAND_LOGO_SPOT-1400x395.jpg 1400w, https:\/\/rczone.ee\/wp-content\/uploads\/2024\/10\/HPI_REBRAND_LOGO_SPOT-768x217.jpg 768w, https:\/\/rczone.ee\/wp-content\/uploads\/2024\/10\/HPI_REBRAND_LOGO_SPOT-1536x433.jpg 1536w, https:\/\/rczone.ee\/wp-content\/uploads\/2024\/10\/HPI_REBRAND_LOGO_SPOT-2048x578.jpg 2048w, https:\/\/rczone.ee\/wp-content\/uploads\/2024\/10\/HPI_REBRAND_LOGO_SPOT-18x5.jpg 18w, https:\/\/rczone.ee\/wp-content\/uploads\/2024\/10\/HPI_REBRAND_LOGO_SPOT-900x254.jpg 900w\" sizes=\"(max-width: 248px) 100vw, 248px\" \/><\/span><\/p>\n<p style=\"text-align: left;\"><span style=\"font-size: 85%;\">HPI Racing ir D\u0101nij\u0101 b\u0101z\u0113ts radio vad\u0101mo automobi\u013cu izstr\u0101d\u0101t\u0101js un ra\u017eot\u0101js, kas darbojas kop\u0161 1986. gada. Uz\u0146\u0113mums ir slavens ar saviem iztur\u012bgajiem un inovat\u012bvajiem produktiem, kas priec\u0113 gan ies\u0101c\u0113jus, gan pieredz\u0113ju\u0161us hobiju piekrit\u0113jus. HPI s\u0101ka savu darb\u012bbu k\u0101 automobi\u013cu piederumu ra\u017eot\u0101js, ta\u010du \u0101tri vien k\u013cuva par vienu no liel\u0101kajiem RC automobi\u013cu ra\u017eot\u0101jiem pasaul\u0113.<\/span><\/p>\n<p style=\"text-align: left;\"><span style=\"font-size: 85%;\">Pirmais HPI izstr\u0101d\u0101tais auto modelis bija Super F1, kas deva impulsu uz\u0146\u0113muma turpm\u0101kai izaugsmei. Uz\u0146\u0113muma produktu kl\u0101sts \u0101tri papla\u0161in\u0101j\u0101s, iek\u013caujot gan elektriskos, gan ar degvielu darbin\u0101mos mode\u013cus, tostarp le\u0123end\u0101ro Savage Monster Truck un lielu RC mode\u013cu s\u0113riju Baja.<\/span><\/p>\n<p style=\"text-align: left;\"><span style=\"font-size: 85%;\">Gadu gait\u0101 HPI automobi\u013ci ir ieguvu\u0161i daudzus apbalvojumus un atzin\u012bgus v\u0101rdus no faniem vis\u0101 pasaul\u0113. Savage XS, cita starp\u0101, ir ieguvis pasaul\u0113 \u0101tr\u0101k\u0101 Mini Monster Truck titulu (105 km\/h).<\/span><\/p>\n<p style=\"text-align: left;\"><span style=\"font-size: 85%;\">HPI Racing ir bijis pionieris vair\u0101k\u0101s RC automobi\u013cu kategorij\u0101s, pied\u0101v\u0101jot tirg\u016b inovat\u012bvus produktus, piem\u0113ram, Baja 5B, kas populariz\u0113ja liela m\u0113roga 1\/5 m\u0113roga apvidus RC mode\u013cus. HPI ar savu HB z\u012bmolu ir ar\u012b ieguvis vair\u0101kus pasaules \u010dempiontitulus, b\u016bdams pasaul\u0113 lab\u0101kais gan bezce\u013cu, gan apvidus autosac\u012bkst\u0113s.<\/span><\/p>","protected":false},"excerpt":{"rendered":"<ul>\n<li style=\"line-height: 1; padding-top: 20px;\">Nov\u0113rt\u0113jums: Eksperts<\/li>\n<li style=\"line-height: 1;\">Lietot\u0101ja vecums: 14+<\/li>\n<li style=\"line-height: 1;\">Kategorija: dreifs<\/li>\n<li style=\"line-height: 1;\">M\u0113rogi: 1:10<\/li>\n<li style=\"line-height: 1;\">Vilces ass: 4WD<\/li>\n<li style=\"line-height: 1;\">Pabeig\u0161ana: gatavs darbam<\/li>\n<li style=\"line-height: 1;\">Ener\u0123ija: elektroener\u0123ija<\/li>\n<\/ul>","protected":false},"featured_media":3036,"comment_status":"open","ping_status":"closed","template":"","meta":{"_monsterinsights_skip_tracking":false,"_monsterinsights_sitenote_active":false,"_monsterinsights_sitenote_note":"","_monsterinsights_sitenote_category":0},"fits_model":[],"product_brand":[],"product_cat":[26],"product_tag":[84],"woo-feed-brand":[],"class_list":{"0":"post-3031","1":"product","2":"type-product","3":"status-publish","4":"has-post-thumbnail","6":"product_cat-drift","7":"product_tag-standard","9":"first","10":"onbackorder","11":"taxable","12":"shipping-taxable","13":"purchasable","14":"product-type-simple"},"yoast_head":"<!-- This site is optimized with the Yoast SEO plugin v27.6 - https:\/\/yoast.com\/product\/yoast-seo-wordpress\/ -->\n<title>HPI Racing Sport 3 Drift Nissan Silvia S15 Odi Bakchis - RC Zone | Raadio teel juhitavad autod<\/title>\n<meta name=\"robots\" content=\"index, follow, max-snippet:-1, max-image-preview:large, max-video-preview:-1\" \/>\n<link rel=\"canonical\" href=\"https:\/\/rczone.ee\/lv\/products\/jauns-hpi-racing-sport-3-drift-nissan-silvia-s15-odi-bakchis\/\" \/>\n<meta property=\"og:locale\" content=\"lv_LV\" \/>\n<meta property=\"og:type\" content=\"article\" \/>\n<meta property=\"og:title\" content=\"HPI Racing Sport 3 Drift Nissan Silvia S15 Odi Bakchis - RC Zone | Raadio teel juhitavad autod\" \/>\n<meta property=\"og:description\" content=\"Rate: Expert  Kasutaja vanuseklass: 14+  Kategooria: Drift  Skaala: 1:10  Vedav sild: 4WD  Komplekteeritus: Ready-To-Run  Energia: Elekter\" \/>\n<meta property=\"og:url\" content=\"https:\/\/rczone.ee\/lv\/products\/jauns-hpi-racing-sport-3-drift-nissan-silvia-s15-odi-bakchis\/\" \/>\n<meta property=\"og:site_name\" content=\"RC Zone | Raadio teel juhitavad autod\" \/>\n<meta property=\"article:publisher\" content=\"https:\/\/www.facebook.com\/rczone.ee\" \/>\n<meta property=\"article:modified_time\" content=\"2025-12-28T17:15:22+00:00\" \/>\n<meta property=\"og:image\" content=\"https:\/\/rczone.ee\/wp-content\/uploads\/2025\/05\/160930_01.jpg\" \/>\n\t<meta property=\"og:image:width\" content=\"800\" \/>\n\t<meta property=\"og:image:height\" content=\"800\" \/>\n\t<meta property=\"og:image:type\" content=\"image\/jpeg\" \/>\n<meta name=\"twitter:card\" content=\"summary_large_image\" \/>\n<meta name=\"twitter:label1\" content=\"Est. reading time\" \/>\n\t<meta name=\"twitter:data1\" content=\"5 min\u016btes\" \/>\n<script type=\"application\/ld+json\" class=\"yoast-schema-graph\">{\"@context\":\"https:\\\/\\\/schema.org\",\"@graph\":[{\"@type\":\"WebPage\",\"@id\":\"https:\\\/\\\/rczone.ee\\\/toode\\\/uus-hpi-racing-sport-3-drift-nissan-silvia-s15-odi-bakchis\\\/\",\"url\":\"https:\\\/\\\/rczone.ee\\\/toode\\\/uus-hpi-racing-sport-3-drift-nissan-silvia-s15-odi-bakchis\\\/\",\"name\":\"HPI Racing Sport 3 Drift Nissan Silvia S15 Odi Bakchis - RC Zone | Raadio teel juhitavad autod\",\"isPartOf\":{\"@id\":\"https:\\\/\\\/rczone.ee\\\/#website\"},\"primaryImageOfPage\":{\"@id\":\"https:\\\/\\\/rczone.ee\\\/toode\\\/uus-hpi-racing-sport-3-drift-nissan-silvia-s15-odi-bakchis\\\/#primaryimage\"},\"image\":{\"@id\":\"https:\\\/\\\/rczone.ee\\\/toode\\\/uus-hpi-racing-sport-3-drift-nissan-silvia-s15-odi-bakchis\\\/#primaryimage\"},\"thumbnailUrl\":\"https:\\\/\\\/rczone.ee\\\/wp-content\\\/uploads\\\/2025\\\/05\\\/160930_01.jpg\",\"datePublished\":\"2025-05-23T13:19:22+00:00\",\"dateModified\":\"2025-12-28T17:15:22+00:00\",\"breadcrumb\":{\"@id\":\"https:\\\/\\\/rczone.ee\\\/toode\\\/uus-hpi-racing-sport-3-drift-nissan-silvia-s15-odi-bakchis\\\/#breadcrumb\"},\"inLanguage\":\"lv-LV\",\"potentialAction\":[{\"@type\":\"ReadAction\",\"target\":[\"https:\\\/\\\/rczone.ee\\\/toode\\\/uus-hpi-racing-sport-3-drift-nissan-silvia-s15-odi-bakchis\\\/\"]}]},{\"@type\":\"ImageObject\",\"inLanguage\":\"lv-LV\",\"@id\":\"https:\\\/\\\/rczone.ee\\\/toode\\\/uus-hpi-racing-sport-3-drift-nissan-silvia-s15-odi-bakchis\\\/#primaryimage\",\"url\":\"https:\\\/\\\/rczone.ee\\\/wp-content\\\/uploads\\\/2025\\\/05\\\/160930_01.jpg\",\"contentUrl\":\"https:\\\/\\\/rczone.ee\\\/wp-content\\\/uploads\\\/2025\\\/05\\\/160930_01.jpg\",\"width\":800,\"height\":800},{\"@type\":\"BreadcrumbList\",\"@id\":\"https:\\\/\\\/rczone.ee\\\/toode\\\/uus-hpi-racing-sport-3-drift-nissan-silvia-s15-odi-bakchis\\\/#breadcrumb\",\"itemListElement\":[{\"@type\":\"ListItem\",\"position\":1,\"name\":\"Home\",\"item\":\"https:\\\/\\\/rczone.ee\\\/\"},{\"@type\":\"ListItem\",\"position\":2,\"name\":\"Shop\",\"item\":\"https:\\\/\\\/rczone.ee\\\/shop\\\/\"},{\"@type\":\"ListItem\",\"position\":3,\"name\":\"HPI Racing Sport 3 Drift Nissan Silvia S15 Odi Bakchis\"}]},{\"@type\":\"WebSite\",\"@id\":\"https:\\\/\\\/rczone.ee\\\/#website\",\"url\":\"https:\\\/\\\/rczone.ee\\\/\",\"name\":\"RcZone\",\"description\":\"RcZone - Raadio teel juhitavate autode veebipood. M&uuml;&uuml;me laia valikut kvaliteetseid ja v&otilde;imsaid RC-autosid. Kiire tarne ja konkurentsiv&otilde;imelised hinnad.\",\"publisher\":{\"@id\":\"https:\\\/\\\/rczone.ee\\\/#organization\"},\"potentialAction\":[{\"@type\":\"SearchAction\",\"target\":{\"@type\":\"EntryPoint\",\"urlTemplate\":\"https:\\\/\\\/rczone.ee\\\/?s={search_term_string}\"},\"query-input\":{\"@type\":\"PropertyValueSpecification\",\"valueRequired\":true,\"valueName\":\"search_term_string\"}}],\"inLanguage\":\"lv-LV\"},{\"@type\":\"Organization\",\"@id\":\"https:\\\/\\\/rczone.ee\\\/#organization\",\"name\":\"RcZone\",\"url\":\"https:\\\/\\\/rczone.ee\\\/\",\"logo\":{\"@type\":\"ImageObject\",\"inLanguage\":\"lv-LV\",\"@id\":\"https:\\\/\\\/rczone.ee\\\/#\\\/schema\\\/logo\\\/image\\\/\",\"url\":\"https:\\\/\\\/rczone.ee\\\/wp-content\\\/uploads\\\/2024\\\/01\\\/3D.png\",\"contentUrl\":\"https:\\\/\\\/rczone.ee\\\/wp-content\\\/uploads\\\/2024\\\/01\\\/3D.png\",\"width\":2080,\"height\":602,\"caption\":\"RcZone\"},\"image\":{\"@id\":\"https:\\\/\\\/rczone.ee\\\/#\\\/schema\\\/logo\\\/image\\\/\"},\"sameAs\":[\"https:\\\/\\\/www.facebook.com\\\/rczone.ee\"]}]}<\/script>\n<!-- \/ Yoast SEO plugin. -->","yoast_head_json":{"title":"HPI Racing Sport 3 Drift Nissan Silvia S15 Odi Bakchis - RC Zona | Radio vad\u0101mie auto","robots":{"index":"index","follow":"follow","max-snippet":"max-snippet:-1","max-image-preview":"max-image-preview:large","max-video-preview":"max-video-preview:-1"},"canonical":"https:\/\/rczone.ee\/lv\/products\/jauns-hpi-racing-sport-3-drift-nissan-silvia-s15-odi-bakchis\/","og_locale":"lv_LV","og_type":"article","og_title":"HPI Racing Sport 3 Drift Nissan Silvia S15 Odi Bakchis - RC Zone | Raadio teel juhitavad autod","og_description":"Rate: Expert  Kasutaja vanuseklass: 14+  Kategooria: Drift  Skaala: 1:10  Vedav sild: 4WD  Komplekteeritus: Ready-To-Run  Energia: Elekter","og_url":"https:\/\/rczone.ee\/lv\/products\/jauns-hpi-racing-sport-3-drift-nissan-silvia-s15-odi-bakchis\/","og_site_name":"RC Zone | Raadio teel juhitavad autod","article_publisher":"https:\/\/www.facebook.com\/rczone.ee","article_modified_time":"2025-12-28T17:15:22+00:00","og_image":[{"width":800,"height":800,"url":"https:\/\/rczone.ee\/wp-content\/uploads\/2025\/05\/160930_01.jpg","type":"image\/jpeg"}],"twitter_card":"summary_large_image","twitter_misc":{"Est. reading time":"5 min\u016btes"},"schema":{"@context":"https:\/\/schema.org","@graph":[{"@type":"WebPage","@id":"https:\/\/rczone.ee\/toode\/uus-hpi-racing-sport-3-drift-nissan-silvia-s15-odi-bakchis\/","url":"https:\/\/rczone.ee\/toode\/uus-hpi-racing-sport-3-drift-nissan-silvia-s15-odi-bakchis\/","name":"HPI Racing Sport 3 Drift Nissan Silvia S15 Odi Bakchis - RC Zona | Radio vad\u0101mie auto","isPartOf":{"@id":"https:\/\/rczone.ee\/#website"},"primaryImageOfPage":{"@id":"https:\/\/rczone.ee\/toode\/uus-hpi-racing-sport-3-drift-nissan-silvia-s15-odi-bakchis\/#primaryimage"},"image":{"@id":"https:\/\/rczone.ee\/toode\/uus-hpi-racing-sport-3-drift-nissan-silvia-s15-odi-bakchis\/#primaryimage"},"thumbnailUrl":"https:\/\/rczone.ee\/wp-content\/uploads\/2025\/05\/160930_01.jpg","datePublished":"2025-05-23T13:19:22+00:00","dateModified":"2025-12-28T17:15:22+00:00","breadcrumb":{"@id":"https:\/\/rczone.ee\/toode\/uus-hpi-racing-sport-3-drift-nissan-silvia-s15-odi-bakchis\/#breadcrumb"},"inLanguage":"lv-LV","potentialAction":[{"@type":"ReadAction","target":["https:\/\/rczone.ee\/toode\/uus-hpi-racing-sport-3-drift-nissan-silvia-s15-odi-bakchis\/"]}]},{"@type":"ImageObject","inLanguage":"lv-LV","@id":"https:\/\/rczone.ee\/toode\/uus-hpi-racing-sport-3-drift-nissan-silvia-s15-odi-bakchis\/#primaryimage","url":"https:\/\/rczone.ee\/wp-content\/uploads\/2025\/05\/160930_01.jpg","contentUrl":"https:\/\/rczone.ee\/wp-content\/uploads\/2025\/05\/160930_01.jpg","width":800,"height":800},{"@type":"BreadcrumbList","@id":"https:\/\/rczone.ee\/toode\/uus-hpi-racing-sport-3-drift-nissan-silvia-s15-odi-bakchis\/#breadcrumb","itemListElement":[{"@type":"ListItem","position":1,"name":"Home","item":"https:\/\/rczone.ee\/"},{"@type":"ListItem","position":2,"name":"Shop","item":"https:\/\/rczone.ee\/shop\/"},{"@type":"ListItem","position":3,"name":"HPI Racing Sport 3 Drift Nissan Silvia S15 Odi Bakchis"}]},{"@type":"WebSite","@id":"https:\/\/rczone.ee\/#website","url":"https:\/\/rczone.ee\/","name":"RcZone","description":"RcZone - Radio vad\u0101mo automobi\u013cu tie\u0161saistes veikals. M\u0113s p\u0101rdodam pla\u0161u augstas kvalit\u0101tes un jaud\u012bgu RC automobi\u013cu kl\u0101stu. \u0100tra pieg\u0101de un konkur\u0113tsp\u0113j\u012bgas cenas.","publisher":{"@id":"https:\/\/rczone.ee\/#organization"},"potentialAction":[{"@type":"SearchAction","target":{"@type":"EntryPoint","urlTemplate":"https:\/\/rczone.ee\/?s={search_term_string}"},"query-input":{"@type":"PropertyValueSpecification","valueRequired":true,"valueName":"search_term_string"}}],"inLanguage":"lv-LV"},{"@type":"Organization","@id":"https:\/\/rczone.ee\/#organization","name":"RcZone","url":"https:\/\/rczone.ee\/","logo":{"@type":"ImageObject","inLanguage":"lv-LV","@id":"https:\/\/rczone.ee\/#\/schema\/logo\/image\/","url":"https:\/\/rczone.ee\/wp-content\/uploads\/2024\/01\/3D.png","contentUrl":"https:\/\/rczone.ee\/wp-content\/uploads\/2024\/01\/3D.png","width":2080,"height":602,"caption":"RcZone"},"image":{"@id":"https:\/\/rczone.ee\/#\/schema\/logo\/image\/"},"sameAs":["https:\/\/www.facebook.com\/rczone.ee"]}]}},"_links":{"self":[{"href":"https:\/\/rczone.ee\/lv\/wp-json\/wp\/v2\/product\/3031","targetHints":{"allow":["GET"]}}],"collection":[{"href":"https:\/\/rczone.ee\/lv\/wp-json\/wp\/v2\/product"}],"about":[{"href":"https:\/\/rczone.ee\/lv\/wp-json\/wp\/v2\/types\/product"}],"replies":[{"embeddable":true,"href":"https:\/\/rczone.ee\/lv\/wp-json\/wp\/v2\/comments?post=3031"}],"wp:featuredmedia":[{"embeddable":true,"href":"https:\/\/rczone.ee\/lv\/wp-json\/wp\/v2\/media\/3036"}],"wp:attachment":[{"href":"https:\/\/rczone.ee\/lv\/wp-json\/wp\/v2\/media?parent=3031"}],"wp:term":[{"taxonomy":"fits_model","embeddable":true,"href":"https:\/\/rczone.ee\/lv\/wp-json\/wp\/v2\/fits_model?post=3031"},{"taxonomy":"product_brand","embeddable":true,"href":"https:\/\/rczone.ee\/lv\/wp-json\/wp\/v2\/product_brand?post=3031"},{"taxonomy":"product_cat","embeddable":true,"href":"https:\/\/rczone.ee\/lv\/wp-json\/wp\/v2\/product_cat?post=3031"},{"taxonomy":"product_tag","embeddable":true,"href":"https:\/\/rczone.ee\/lv\/wp-json\/wp\/v2\/product_tag?post=3031"},{"taxonomy":"woo-feed-brand","embeddable":true,"href":"https:\/\/rczone.ee\/lv\/wp-json\/wp\/v2\/woo-feed-brand?post=3031"}],"curies":[{"name":"wp","href":"https:\/\/api.w.org\/{rel}","templated":true}]}}