{"id":3228,"date":"2025-05-30T21:41:18","date_gmt":"2025-05-30T18:41:18","guid":{"rendered":"https:\/\/rczone.ee\/?post_type=product&#038;p=3228"},"modified":"2025-12-02T05:50:01","modified_gmt":"2025-12-02T03:50:01","slug":"jauns-suchiyu-scy-16104-weapon-4wd-brushy-116","status":"publish","type":"product","link":"https:\/\/rczone.ee\/lv\/toode\/uus-suchiyu-scy-16104-weapon-4wd-brushy-116\/","title":{"rendered":"Suchiyu SCY-16104 Weapon 4WD Brushy 1:16"},"content":{"rendered":"<p data-start=\"87\" data-end=\"503\"><strong data-start=\"170\" data-end=\"214\">Suchiyu SCY-16104 Weapon 4WD Brushy 1:16<\/strong> tas ir kompakts, bet pamat\u012bgi b\u016bv\u0113ts modelis, kas ir ide\u0101la izv\u0113le tiem, kuri v\u0113las izbaud\u012bt \u0101trumu, iztur\u012bbu un \u012bstu 4 \u00d7 4 apvidus bezce\u013cu pieredzi. Pateicoties jaud\u012bgajam dzin\u0113jam un augst\u0101k\u0101s klases amortizatoriem, \u0161\u012b kravas automa\u0161\u012bna var p\u0101rvar\u0113t da\u017e\u0101dus apvidus.<\/p>\n<p data-start=\"505\" data-end=\"761\">SCY-16104 nodro\u0161ina re\u0101listisku manevr\u0113tsp\u0113ju, pateicoties proporcion\u0101lai st\u016br\u0113\u0161anai un \u010detru rite\u0146u piedzi\u0146ai. Ma\u0161\u012bnas pastiprin\u0101t\u0101 konstrukcija, met\u0101la deta\u013cas un LED apgaismojums padara to par ide\u0101lu izv\u0113li gan jauniem, gan pieaugu\u0161ajiem brauc\u0113jiem.<\/p>\n<p data-start=\"763\" data-end=\"805\">\ud83c\udfae <strong data-start=\"766\" data-end=\"805\">K\u0101p\u0113c izv\u0113l\u0113ties SCY-16104 no RcZone.ee?<\/strong><\/p>\n<ul>\n<li data-start=\"809\" data-end=\"854\">Jaud\u012bgs RC390 suku motors ar dzes\u0113\u0161anas spuru<\/li>\n<li data-start=\"857\" data-end=\"930\">Brauk\u0161anas \u0101trums l\u012bdz 38 km\/h - ide\u0101ls l\u012bdzsvars starp \u0101trumu un kontroli<\/li>\n<li data-start=\"933\" data-end=\"1010\">LED priek\u0161\u0113jie lukturi un jumta lukturi (3 re\u017e\u012bmi: nep\u0101rtraukts, mirgojo\u0161s, \u0101tri mirgojo\u0161s).<\/li>\n<li data-start=\"1013\" data-end=\"1067\">4 \u00d7 4 balstiek\u0101rta un neatkar\u012bga dubult\u0101s balstiek\u0101rtas sist\u0113ma<\/li>\n<li data-start=\"1070\" data-end=\"1148\">Iztur\u012bgs PVC korpuss + met\u0101la komponenti (centr\u0101l\u0101 ass, apak\u0161\u0113jais p\u0101rsegs, savienojuma kodi)<\/li>\n<li data-start=\"1151\" data-end=\"1208\">7,4 V 1300 mAh litija jonu akumulators - l\u012bdz 18 min\u016bt\u0113m brauk\u0161anas laika.<\/li>\n<li data-start=\"1211\" data-end=\"1250\">St\u016br\u0113\u0161ana no 80 metru att\u0101luma<\/li>\n<\/ul>\n<div class=\"video video-fit mb\" style=\"padding-top:56.25%;\"><p><iframe title=\"Suchiyu SCY-16104 Weapon 4WD 1:16\" src=\"https:\/\/player.vimeo.com\/video\/1089187779?dnt=1&amp;app_id=122963\" width=\"1020\" height=\"574\" frameborder=\"0\" allow=\"autoplay; fullscreen; picture-in-picture; clipboard-write; encrypted-media\"><\/iframe><\/p>\n<\/div>\n<p data-start=\"1252\" data-end=\"1277\">\ud83d\udce6 <strong data-start=\"1255\" data-end=\"1277\">Komplekt\u0101 ietilpst:<\/strong><\/p>\n<ul>\n<li data-start=\"1280\" data-end=\"1314\">RC auto SCY-16104 (uzl\u012bm\u0113jiet dekorat\u012bv\u0101s uzl\u012bmes un esat gatavs braukt)<\/li>\n<li data-start=\"1317\" data-end=\"1340\">2,4GHz t\u0101lvad\u012bbas pults<\/li>\n<li data-start=\"1343\" data-end=\"1358\">7,4 V litija jonu akumulators<\/li>\n<li data-start=\"1361\" data-end=\"1379\">USB uzl\u0101des kabelis<\/li>\n<li data-start=\"1382\" data-end=\"1421\">Dekorat\u012bv\u0101s uzl\u012bmes (DIY dizains)<\/li>\n<li data-start=\"1424\" data-end=\"1466\">Mazs krusteniskais skr\u016bvgriezis un se\u0161st\u016bra uzgrie\u017e\u0146u atsl\u0113ga<\/li>\n<li data-start=\"1469\" data-end=\"1495\">Met\u0101la stiprin\u0101jumi<\/li>\n<li data-start=\"1498\" data-end=\"1524\">Lietot\u0101ja rokasgr\u0101mata<\/li>\n<\/ul>\n<p><img decoding=\"async\" class=\"alignnone size-full wp-image-3240\" src=\"https:\/\/rczone.ee\/wp-content\/uploads\/2025\/05\/6-1.jpg\" alt=\"\" width=\"800\" height=\"800\" srcset=\"https:\/\/rczone.ee\/wp-content\/uploads\/2025\/05\/6-1.jpg 800w, https:\/\/rczone.ee\/wp-content\/uploads\/2025\/05\/6-1-400x400.jpg 400w, https:\/\/rczone.ee\/wp-content\/uploads\/2025\/05\/6-1-280x280.jpg 280w, https:\/\/rczone.ee\/wp-content\/uploads\/2025\/05\/6-1-768x768.jpg 768w, https:\/\/rczone.ee\/wp-content\/uploads\/2025\/05\/6-1-12x12.jpg 12w, https:\/\/rczone.ee\/wp-content\/uploads\/2025\/05\/6-1-450x450.jpg 450w, https:\/\/rczone.ee\/wp-content\/uploads\/2025\/05\/6-1-100x100.jpg 100w\" sizes=\"(max-width: 800px) 100vw, 800px\" \/><\/p>\n<p data-start=\"1526\" data-end=\"1631\"><strong data-start=\"1526\" data-end=\"1543\">Izm\u0113ri:<\/strong><br data-start=\"1543\" data-end=\"1546\" \/>Automa\u0161\u012bna: 33,5 \u00d7 20,5 \u00d7 16,5 cm<br data-start=\"1573\" data-end=\"1576\" \/>Svars ar akumulatoru: 1,1 kg<br data-start=\"1599\" data-end=\"1602\" \/>Iepakojums: 34,8 \u00d7 21,6 \u00d7 20,3 cm<\/p>\n<p data-start=\"1633\" data-end=\"1856\">Ja j\u016bs mekl\u0113jat iztur\u012bgu, \u0101tru un for\u0161u RC auto, tad... <strong data-start=\"1727\" data-end=\"1759\">Suchiyu SCY-16104 Weapon 4WD<\/strong> ir lab\u0101k\u0101 izv\u0113le! Nopirkt tagad <strong data-start=\"1786\" data-end=\"1799\">RcZone.ee<\/strong> no tie\u0161saistes veikala un s\u0101ciet savu n\u0101kamo RC piedz\u012bvojumu jau \u0161odien!<\/p>","protected":false},"excerpt":{"rendered":"<ul>\n<li style=\"line-height: 1; padding-top: 20px;\">Nov\u0113rt\u0113jums: Par<\/li>\n<li style=\"line-height: 1;\">Lietot\u0101ju vecuma diapazons: 8-13 gadi<\/li>\n<li style=\"line-height: 1;\">Kategorija: Truggy<\/li>\n<li style=\"line-height: 1;\">M\u0113rogi: 1:16<\/li>\n<li style=\"line-height: 1;\">Vilces ass: 4WD<\/li>\n<li style=\"line-height: 1;\">Maksim\u0101lais \u0101trums: 38 km\/h<\/li>\n<li style=\"line-height: 1;\">Pabeig\u0161ana: gatavs darbam<\/li>\n<li style=\"line-height: 1;\">Ener\u0123ija: elektroener\u0123ija<\/li>\n<\/ul>","protected":false},"featured_media":3241,"comment_status":"open","ping_status":"closed","template":"","meta":{"_monsterinsights_skip_tracking":false,"_monsterinsights_sitenote_active":false,"_monsterinsights_sitenote_note":"","_monsterinsights_sitenote_category":0},"fits_model":[],"product_brand":[],"product_cat":[33],"product_tag":[84,122],"woo-feed-brand":[],"class_list":{"0":"post-3228","1":"product","2":"type-product","3":"status-publish","4":"has-post-thumbnail","6":"product_cat-truggy","7":"product_tag-standard","8":"product_tag-liion74","10":"first","11":"instock","12":"taxable","13":"shipping-taxable","14":"purchasable","15":"product-type-simple"},"yoast_head":"<!-- This site is optimized with the Yoast SEO plugin v27.3 - https:\/\/yoast.com\/product\/yoast-seo-wordpress\/ -->\n<title>Suchiyu SCY-16104 Weapon 4WD Brushy 1:16 - RC Zone | Raadio teel juhitavad autod<\/title>\n<meta name=\"robots\" content=\"index, follow, max-snippet:-1, max-image-preview:large, max-video-preview:-1\" \/>\n<link rel=\"canonical\" href=\"https:\/\/rczone.ee\/lv\/products\/jauns-suchiyu-scy-16104-weapon-4wd-brushy-116\/\" \/>\n<meta property=\"og:locale\" content=\"lv_LV\" \/>\n<meta property=\"og:type\" content=\"article\" \/>\n<meta property=\"og:title\" content=\"Suchiyu SCY-16104 Weapon 4WD Brushy 1:16 - RC Zone | Raadio teel juhitavad autod\" \/>\n<meta property=\"og:description\" content=\"Rate: Pro  Kasutaja vanuseklass: 8-13  Kategooria: Truggy  Skaala: 1:16  Vedav sild: 4WD  Max kiirus: 38 km\/h  Komplekteeritus: Ready-To-Run  Energia: Elekter\" \/>\n<meta property=\"og:url\" content=\"https:\/\/rczone.ee\/lv\/products\/jauns-suchiyu-scy-16104-weapon-4wd-brushy-116\/\" \/>\n<meta property=\"og:site_name\" content=\"RC Zone | Raadio teel juhitavad autod\" \/>\n<meta property=\"article:publisher\" content=\"https:\/\/www.facebook.com\/rczone.ee\" \/>\n<meta property=\"article:modified_time\" content=\"2025-12-02T03:50:01+00:00\" \/>\n<meta property=\"og:image\" content=\"https:\/\/rczone.ee\/wp-content\/uploads\/2025\/05\/brushed_red-Photoroom.jpg\" \/>\n\t<meta property=\"og:image:width\" content=\"800\" \/>\n\t<meta property=\"og:image:height\" content=\"800\" \/>\n\t<meta property=\"og:image:type\" content=\"image\/jpeg\" \/>\n<meta name=\"twitter:card\" content=\"summary_large_image\" \/>\n<meta name=\"twitter:label1\" content=\"Est. reading time\" \/>\n\t<meta name=\"twitter:data1\" content=\"2 min\u016btes\" \/>\n<script type=\"application\/ld+json\" class=\"yoast-schema-graph\">{\"@context\":\"https:\\\/\\\/schema.org\",\"@graph\":[{\"@type\":\"WebPage\",\"@id\":\"https:\\\/\\\/rczone.ee\\\/toode\\\/uus-suchiyu-scy-16104-weapon-4wd-brushy-116\\\/\",\"url\":\"https:\\\/\\\/rczone.ee\\\/toode\\\/uus-suchiyu-scy-16104-weapon-4wd-brushy-116\\\/\",\"name\":\"Suchiyu SCY-16104 Weapon 4WD Brushy 1:16 - RC Zone | Raadio teel juhitavad autod\",\"isPartOf\":{\"@id\":\"https:\\\/\\\/rczone.ee\\\/#website\"},\"primaryImageOfPage\":{\"@id\":\"https:\\\/\\\/rczone.ee\\\/toode\\\/uus-suchiyu-scy-16104-weapon-4wd-brushy-116\\\/#primaryimage\"},\"image\":{\"@id\":\"https:\\\/\\\/rczone.ee\\\/toode\\\/uus-suchiyu-scy-16104-weapon-4wd-brushy-116\\\/#primaryimage\"},\"thumbnailUrl\":\"https:\\\/\\\/rczone.ee\\\/wp-content\\\/uploads\\\/2025\\\/05\\\/brushed_red-Photoroom.jpg\",\"datePublished\":\"2025-05-30T18:41:18+00:00\",\"dateModified\":\"2025-12-02T03:50:01+00:00\",\"breadcrumb\":{\"@id\":\"https:\\\/\\\/rczone.ee\\\/toode\\\/uus-suchiyu-scy-16104-weapon-4wd-brushy-116\\\/#breadcrumb\"},\"inLanguage\":\"lv-LV\",\"potentialAction\":[{\"@type\":\"ReadAction\",\"target\":[\"https:\\\/\\\/rczone.ee\\\/toode\\\/uus-suchiyu-scy-16104-weapon-4wd-brushy-116\\\/\"]}]},{\"@type\":\"ImageObject\",\"inLanguage\":\"lv-LV\",\"@id\":\"https:\\\/\\\/rczone.ee\\\/toode\\\/uus-suchiyu-scy-16104-weapon-4wd-brushy-116\\\/#primaryimage\",\"url\":\"https:\\\/\\\/rczone.ee\\\/wp-content\\\/uploads\\\/2025\\\/05\\\/brushed_red-Photoroom.jpg\",\"contentUrl\":\"https:\\\/\\\/rczone.ee\\\/wp-content\\\/uploads\\\/2025\\\/05\\\/brushed_red-Photoroom.jpg\",\"width\":800,\"height\":800},{\"@type\":\"BreadcrumbList\",\"@id\":\"https:\\\/\\\/rczone.ee\\\/toode\\\/uus-suchiyu-scy-16104-weapon-4wd-brushy-116\\\/#breadcrumb\",\"itemListElement\":[{\"@type\":\"ListItem\",\"position\":1,\"name\":\"Home\",\"item\":\"https:\\\/\\\/rczone.ee\\\/\"},{\"@type\":\"ListItem\",\"position\":2,\"name\":\"Shop\",\"item\":\"https:\\\/\\\/rczone.ee\\\/shop\\\/\"},{\"@type\":\"ListItem\",\"position\":3,\"name\":\"Suchiyu SCY-16104 Weapon 4WD Brushy 1:16\"}]},{\"@type\":\"WebSite\",\"@id\":\"https:\\\/\\\/rczone.ee\\\/#website\",\"url\":\"https:\\\/\\\/rczone.ee\\\/\",\"name\":\"RcZone\",\"description\":\"RcZone - Raadio teel juhitavate autode veebipood. M&uuml;&uuml;me laia valikut kvaliteetseid ja v&otilde;imsaid RC-autosid. Kiire tarne ja konkurentsiv&otilde;imelised hinnad.\",\"publisher\":{\"@id\":\"https:\\\/\\\/rczone.ee\\\/#organization\"},\"potentialAction\":[{\"@type\":\"SearchAction\",\"target\":{\"@type\":\"EntryPoint\",\"urlTemplate\":\"https:\\\/\\\/rczone.ee\\\/?s={search_term_string}\"},\"query-input\":{\"@type\":\"PropertyValueSpecification\",\"valueRequired\":true,\"valueName\":\"search_term_string\"}}],\"inLanguage\":\"lv-LV\"},{\"@type\":\"Organization\",\"@id\":\"https:\\\/\\\/rczone.ee\\\/#organization\",\"name\":\"RcZone\",\"url\":\"https:\\\/\\\/rczone.ee\\\/\",\"logo\":{\"@type\":\"ImageObject\",\"inLanguage\":\"lv-LV\",\"@id\":\"https:\\\/\\\/rczone.ee\\\/#\\\/schema\\\/logo\\\/image\\\/\",\"url\":\"https:\\\/\\\/rczone.ee\\\/wp-content\\\/uploads\\\/2024\\\/01\\\/3D.png\",\"contentUrl\":\"https:\\\/\\\/rczone.ee\\\/wp-content\\\/uploads\\\/2024\\\/01\\\/3D.png\",\"width\":2080,\"height\":602,\"caption\":\"RcZone\"},\"image\":{\"@id\":\"https:\\\/\\\/rczone.ee\\\/#\\\/schema\\\/logo\\\/image\\\/\"},\"sameAs\":[\"https:\\\/\\\/www.facebook.com\\\/rczone.ee\"]}]}<\/script>\n<!-- \/ Yoast SEO plugin. -->","yoast_head_json":{"title":"Suchiyu SCY-16104 Weapon 4WD Brushy Brushy 1:16 - RC zona | Radio vad\u0101mie auto","robots":{"index":"index","follow":"follow","max-snippet":"max-snippet:-1","max-image-preview":"max-image-preview:large","max-video-preview":"max-video-preview:-1"},"canonical":"https:\/\/rczone.ee\/lv\/products\/jauns-suchiyu-scy-16104-weapon-4wd-brushy-116\/","og_locale":"lv_LV","og_type":"article","og_title":"Suchiyu SCY-16104 Weapon 4WD Brushy 1:16 - RC Zone | Raadio teel juhitavad autod","og_description":"Rate: Pro  Kasutaja vanuseklass: 8-13  Kategooria: Truggy  Skaala: 1:16  Vedav sild: 4WD  Max kiirus: 38 km\/h  Komplekteeritus: Ready-To-Run  Energia: Elekter","og_url":"https:\/\/rczone.ee\/lv\/products\/jauns-suchiyu-scy-16104-weapon-4wd-brushy-116\/","og_site_name":"RC Zone | Raadio teel juhitavad autod","article_publisher":"https:\/\/www.facebook.com\/rczone.ee","article_modified_time":"2025-12-02T03:50:01+00:00","og_image":[{"width":800,"height":800,"url":"https:\/\/rczone.ee\/wp-content\/uploads\/2025\/05\/brushed_red-Photoroom.jpg","type":"image\/jpeg"}],"twitter_card":"summary_large_image","twitter_misc":{"Est. reading time":"2 min\u016btes"},"schema":{"@context":"https:\/\/schema.org","@graph":[{"@type":"WebPage","@id":"https:\/\/rczone.ee\/toode\/uus-suchiyu-scy-16104-weapon-4wd-brushy-116\/","url":"https:\/\/rczone.ee\/toode\/uus-suchiyu-scy-16104-weapon-4wd-brushy-116\/","name":"Suchiyu SCY-16104 Weapon 4WD Brushy Brushy 1:16 - RC zona | Radio vad\u0101mie auto","isPartOf":{"@id":"https:\/\/rczone.ee\/#website"},"primaryImageOfPage":{"@id":"https:\/\/rczone.ee\/toode\/uus-suchiyu-scy-16104-weapon-4wd-brushy-116\/#primaryimage"},"image":{"@id":"https:\/\/rczone.ee\/toode\/uus-suchiyu-scy-16104-weapon-4wd-brushy-116\/#primaryimage"},"thumbnailUrl":"https:\/\/rczone.ee\/wp-content\/uploads\/2025\/05\/brushed_red-Photoroom.jpg","datePublished":"2025-05-30T18:41:18+00:00","dateModified":"2025-12-02T03:50:01+00:00","breadcrumb":{"@id":"https:\/\/rczone.ee\/toode\/uus-suchiyu-scy-16104-weapon-4wd-brushy-116\/#breadcrumb"},"inLanguage":"lv-LV","potentialAction":[{"@type":"ReadAction","target":["https:\/\/rczone.ee\/toode\/uus-suchiyu-scy-16104-weapon-4wd-brushy-116\/"]}]},{"@type":"ImageObject","inLanguage":"lv-LV","@id":"https:\/\/rczone.ee\/toode\/uus-suchiyu-scy-16104-weapon-4wd-brushy-116\/#primaryimage","url":"https:\/\/rczone.ee\/wp-content\/uploads\/2025\/05\/brushed_red-Photoroom.jpg","contentUrl":"https:\/\/rczone.ee\/wp-content\/uploads\/2025\/05\/brushed_red-Photoroom.jpg","width":800,"height":800},{"@type":"BreadcrumbList","@id":"https:\/\/rczone.ee\/toode\/uus-suchiyu-scy-16104-weapon-4wd-brushy-116\/#breadcrumb","itemListElement":[{"@type":"ListItem","position":1,"name":"Home","item":"https:\/\/rczone.ee\/"},{"@type":"ListItem","position":2,"name":"Shop","item":"https:\/\/rczone.ee\/shop\/"},{"@type":"ListItem","position":3,"name":"Suchiyu SCY-16104 Weapon 4WD Brushy 1:16"}]},{"@type":"WebSite","@id":"https:\/\/rczone.ee\/#website","url":"https:\/\/rczone.ee\/","name":"RcZone","description":"RcZone - Radio vad\u0101mo automobi\u013cu tie\u0161saistes veikals. M\u0113s p\u0101rdodam pla\u0161u augstas kvalit\u0101tes un jaud\u012bgu RC automobi\u013cu kl\u0101stu. \u0100tra pieg\u0101de un konkur\u0113tsp\u0113j\u012bgas cenas.","publisher":{"@id":"https:\/\/rczone.ee\/#organization"},"potentialAction":[{"@type":"SearchAction","target":{"@type":"EntryPoint","urlTemplate":"https:\/\/rczone.ee\/?s={search_term_string}"},"query-input":{"@type":"PropertyValueSpecification","valueRequired":true,"valueName":"search_term_string"}}],"inLanguage":"lv-LV"},{"@type":"Organization","@id":"https:\/\/rczone.ee\/#organization","name":"RcZone","url":"https:\/\/rczone.ee\/","logo":{"@type":"ImageObject","inLanguage":"lv-LV","@id":"https:\/\/rczone.ee\/#\/schema\/logo\/image\/","url":"https:\/\/rczone.ee\/wp-content\/uploads\/2024\/01\/3D.png","contentUrl":"https:\/\/rczone.ee\/wp-content\/uploads\/2024\/01\/3D.png","width":2080,"height":602,"caption":"RcZone"},"image":{"@id":"https:\/\/rczone.ee\/#\/schema\/logo\/image\/"},"sameAs":["https:\/\/www.facebook.com\/rczone.ee"]}]}},"_links":{"self":[{"href":"https:\/\/rczone.ee\/lv\/wp-json\/wp\/v2\/product\/3228","targetHints":{"allow":["GET"]}}],"collection":[{"href":"https:\/\/rczone.ee\/lv\/wp-json\/wp\/v2\/product"}],"about":[{"href":"https:\/\/rczone.ee\/lv\/wp-json\/wp\/v2\/types\/product"}],"replies":[{"embeddable":true,"href":"https:\/\/rczone.ee\/lv\/wp-json\/wp\/v2\/comments?post=3228"}],"wp:featuredmedia":[{"embeddable":true,"href":"https:\/\/rczone.ee\/lv\/wp-json\/wp\/v2\/media\/3241"}],"wp:attachment":[{"href":"https:\/\/rczone.ee\/lv\/wp-json\/wp\/v2\/media?parent=3228"}],"wp:term":[{"taxonomy":"fits_model","embeddable":true,"href":"https:\/\/rczone.ee\/lv\/wp-json\/wp\/v2\/fits_model?post=3228"},{"taxonomy":"product_brand","embeddable":true,"href":"https:\/\/rczone.ee\/lv\/wp-json\/wp\/v2\/product_brand?post=3228"},{"taxonomy":"product_cat","embeddable":true,"href":"https:\/\/rczone.ee\/lv\/wp-json\/wp\/v2\/product_cat?post=3228"},{"taxonomy":"product_tag","embeddable":true,"href":"https:\/\/rczone.ee\/lv\/wp-json\/wp\/v2\/product_tag?post=3228"},{"taxonomy":"woo-feed-brand","embeddable":true,"href":"https:\/\/rczone.ee\/lv\/wp-json\/wp\/v2\/woo-feed-brand?post=3228"}],"curies":[{"name":"wp","href":"https:\/\/api.w.org\/{rel}","templated":true}]}}