{"id":3245,"date":"2025-06-01T20:36:31","date_gmt":"2025-06-01T17:36:31","guid":{"rendered":"https:\/\/rczone.ee\/?post_type=product&#038;p=3245"},"modified":"2026-03-29T17:31:11","modified_gmt":"2026-03-29T14:31:11","slug":"jauns-suchiyu-scy-16104-pro-weapon-4wd-brushless-116","status":"publish","type":"product","link":"https:\/\/rczone.ee\/lv\/toode\/uus-suchiyu-scy-16104-pro-weapon-4wd-brushless-116\/","title":{"rendered":"Suchiyu SCY-16104 PRO Weapon 4WD Brushless 1:16"},"content":{"rendered":"<p data-start=\"0\" data-end=\"107\"><strong data-start=\"0\" data-end=\"107\">Suchiyu SCY-16104 PRO Weapon 4WD Brushless 1:16 \u2013 retro disainiga v\u00f5imas RC auto RcZone.ee e-poest!<\/strong><\/p>\n<p data-start=\"109\" data-end=\"439\">Avasta t\u00f5eline kiirus ja seiklus RC maailmas! <strong data-start=\"155\" data-end=\"180\">Suchiyu SCY-16104 PRO<\/strong> on <strong data-start=\"184\" data-end=\"229\">1:16 skaalas harjavaba mootoriga 4WD maastikuauto<\/strong>, mis \u00fchendab <strong data-start=\"243\" data-end=\"268\">1970ndate retrostiili<\/strong> ja <strong data-start=\"272\" data-end=\"297\">kaasaegse tehnoloogia<\/strong>. See on ideaalne valik nii RC-entusiastidele kui ka neile, kes hindavad <strong data-start=\"370\" data-end=\"413\">v\u00f5imast sooritust, vastupidavust<\/strong>\u00a0ja <strong data-start=\"417\" data-end=\"438\">stiilset v\u00e4limust<\/strong>.<\/p>\n<p data-start=\"441\" data-end=\"742\">See mudel sobib suurep\u00e4raselt <strong data-start=\"471\" data-end=\"541\">nii siledal asfaldil kihutamiseks kui ka raskel maastikul ronimiseks<\/strong>. T\u00e4nu harjavabale 2847 mootorile ja 35A elektroonilisele kiirusekontrollerile (ESC) pakub see auto muljetavaldavat <strong data-start=\"655\" data-end=\"678\">70 km\/h tippkiirust<\/strong>, stabiilset juhitavust ja tugevat p\u00f6\u00f6rdemomenti igas olukorras.<\/p>\n<hr data-start=\"744\" data-end=\"747\" \/>\n<h3 data-start=\"749\" data-end=\"808\">Miks valida Suchiyu SCY-16104 PRO RcZone.ee veebipoest?<\/h3>\n<ul>\n<li data-start=\"812\" data-end=\"928\"><strong data-start=\"812\" data-end=\"844\">V\u00f5imas harjavaba j\u00f5u\u00fclekanne<\/strong> \u2013 4000KV 2847 mootor koos 35A ESC-iga tagab suurep\u00e4rase kiirenduse ja ronimisv\u00f5ime.<\/li>\n<li data-start=\"931\" data-end=\"1048\"><strong data-start=\"931\" data-end=\"958\">T\u00f5eline nelikvedu (4WD)<\/strong> \u2013 s\u00f5ltumatu vedrustus ja metallist diferentsiaalid kindlustavad suurep\u00e4rase kontrolli igal maastikul.<\/li>\n<li data-start=\"1051\" data-end=\"1153\"><strong data-start=\"1051\" data-end=\"1083\">Retro v\u00e4limus, modernne sisu<\/strong> \u2013 ainulaadne disain, LED-esituled ja katusevalgustus kolme re\u017eiimiga.<\/li>\n<li data-start=\"1156\" data-end=\"1261\"><strong data-start=\"1156\" data-end=\"1190\">Proportsionaalne juhtimine<\/strong> \u2013 2.4GHz juhtimiss\u00fcsteem pakub t\u00e4pset juhitavust kuni 120 m kauguselt.<\/li>\n<li data-start=\"1264\" data-end=\"1364\"><strong data-start=\"1264\" data-end=\"1285\">Vastupidav ehitus<\/strong> \u2013 metallist veo\u00fclekande detailid.<\/li>\n<\/ul>\n<div class=\"video video-fit mb\" style=\"padding-top:56.25%;\"><p><iframe title=\"Suchiyu SCY-16104 Weapon 4WD 1:16\" src=\"https:\/\/player.vimeo.com\/video\/1089187779?dnt=1&amp;app_id=122963\" width=\"1020\" height=\"574\" frameborder=\"0\" allow=\"autoplay; fullscreen; picture-in-picture; clipboard-write; encrypted-media\"><\/iframe><\/p>\n<\/div>\n<article class=\"text-token-text-primary w-full\" dir=\"auto\" data-testid=\"conversation-turn-2\" data-scroll-anchor=\"true\">\n<div class=\"text-base my-auto mx-auto py-5 [--thread-content-margin:--spacing(4)] @[37rem]:[--thread-content-margin:--spacing(6)] @[72rem]:[--thread-content-margin:--spacing(16)] px-(--thread-content-margin)\">\n<div class=\"[--thread-content-max-width:32rem] @[34rem]:[--thread-content-max-width:40rem] @[64rem]:[--thread-content-max-width:48rem] mx-auto flex max-w-(--thread-content-max-width) flex-1 text-base gap-4 md:gap-5 lg:gap-6 group\/turn-messages focus-visible:outline-hidden\" tabindex=\"-1\">\n<div class=\"group\/conversation-turn relative flex w-full min-w-0 flex-col agent-turn\">\n<div class=\"relative flex-col gap-1 md:gap-3\">\n<div class=\"flex max-w-full flex-col grow\">\n<div class=\"min-h-8 text-message relative flex w-full flex-col items-end gap-2 text-start break-words whitespace-normal [.text-message+&amp;]:mt-5\" dir=\"auto\" data-message-author-role=\"assistant\" data-message-id=\"4c408cae-1ca9-48af-963d-6fa9eb12110d\" data-message-model-slug=\"gpt-4o\">\n<div class=\"flex w-full flex-col gap-1 empty:hidden first:pt-[3px]\">\n<div class=\"markdown prose dark:prose-invert w-full break-words light\">\n<h3 data-start=\"1371\" data-end=\"1393\">Tehnilised andmed:<\/h3>\n<ul>\n<li data-start=\"1397\" data-end=\"1417\"><strong data-start=\"1397\" data-end=\"1410\">Skaala:<\/strong> 1:16<\/li>\n<li data-start=\"1420\" data-end=\"1457\"><strong data-start=\"1420\" data-end=\"1431\">Mootor:<\/strong> 2847 Brushless (4000KV)<\/li>\n<li data-start=\"1460\" data-end=\"1496\"><strong data-start=\"1460\" data-end=\"1468\">Aku:<\/strong> 7.4V 1500mAh Li-ion (15C)<\/li>\n<li data-start=\"1499\" data-end=\"1529\"><strong data-start=\"1499\" data-end=\"1514\">Tippkiirus:<\/strong> kuni 70 km\/h<\/li>\n<li data-start=\"1532\" data-end=\"1564\"><strong data-start=\"1532\" data-end=\"1545\">S\u00f5iduaeg:<\/strong> ca 15\u201318 minutit<\/li>\n<li data-start=\"1567\" data-end=\"1595\"><strong data-start=\"1567\" data-end=\"1586\">Juhtimiskaugus:<\/strong> \u2265120 m<\/li>\n<li data-start=\"1598\" data-end=\"1651\"><strong data-start=\"1598\" data-end=\"1649\">Temperatuuri kaitse ja aku \u00fclelaadimiskaitse<\/strong><\/li>\n<li data-start=\"1654\" data-end=\"1746\"><strong data-start=\"1654\" data-end=\"1744\">Metallist diferentsiaal, CVD ajamid ja mitmetasandiline aluskonstruktsioon<\/strong><\/li>\n<li data-start=\"1749\" data-end=\"1806\"><strong data-start=\"1749\" data-end=\"1806\">LED valgustus: esituled + katusevalgustus (3 re\u017eiimi)<\/strong><\/li>\n<\/ul>\n<hr data-start=\"1808\" data-end=\"1811\" \/>\n<p data-start=\"1813\" data-end=\"2066\"><img decoding=\"async\" class=\"alignnone wp-image-3253\" src=\"https:\/\/rczone.ee\/wp-content\/uploads\/2025\/06\/Ae1f44f6ca098455fa4792fe14de90f7ff.jpg\" alt=\"\" width=\"450\" height=\"991\" srcset=\"https:\/\/rczone.ee\/wp-content\/uploads\/2025\/06\/Ae1f44f6ca098455fa4792fe14de90f7ff.jpg 790w, https:\/\/rczone.ee\/wp-content\/uploads\/2025\/06\/Ae1f44f6ca098455fa4792fe14de90f7ff-182x400.jpg 182w, https:\/\/rczone.ee\/wp-content\/uploads\/2025\/06\/Ae1f44f6ca098455fa4792fe14de90f7ff-363x800.jpg 363w, https:\/\/rczone.ee\/wp-content\/uploads\/2025\/06\/Ae1f44f6ca098455fa4792fe14de90f7ff-768x1691.jpg 768w, https:\/\/rczone.ee\/wp-content\/uploads\/2025\/06\/Ae1f44f6ca098455fa4792fe14de90f7ff-698x1536.jpg 698w, https:\/\/rczone.ee\/wp-content\/uploads\/2025\/06\/Ae1f44f6ca098455fa4792fe14de90f7ff-5x12.jpg 5w\" sizes=\"(max-width: 450px) 100vw, 450px\" \/> <img decoding=\"async\" class=\"alignnone wp-image-3254\" src=\"https:\/\/rczone.ee\/wp-content\/uploads\/2025\/06\/Af8da7131e5004d49ab8f9dbc5b0fb3d4J.jpg\" alt=\"\" width=\"450\" height=\"991\" srcset=\"https:\/\/rczone.ee\/wp-content\/uploads\/2025\/06\/Af8da7131e5004d49ab8f9dbc5b0fb3d4J.jpg 790w, https:\/\/rczone.ee\/wp-content\/uploads\/2025\/06\/Af8da7131e5004d49ab8f9dbc5b0fb3d4J-182x400.jpg 182w, https:\/\/rczone.ee\/wp-content\/uploads\/2025\/06\/Af8da7131e5004d49ab8f9dbc5b0fb3d4J-363x800.jpg 363w, https:\/\/rczone.ee\/wp-content\/uploads\/2025\/06\/Af8da7131e5004d49ab8f9dbc5b0fb3d4J-768x1691.jpg 768w, https:\/\/rczone.ee\/wp-content\/uploads\/2025\/06\/Af8da7131e5004d49ab8f9dbc5b0fb3d4J-698x1536.jpg 698w, https:\/\/rczone.ee\/wp-content\/uploads\/2025\/06\/Af8da7131e5004d49ab8f9dbc5b0fb3d4J-5x12.jpg 5w\" sizes=\"(max-width: 450px) 100vw, 450px\" \/> <img decoding=\"async\" class=\"alignnone wp-image-3251\" src=\"https:\/\/rczone.ee\/wp-content\/uploads\/2025\/06\/6.jpg\" alt=\"\" width=\"600\" height=\"600\" srcset=\"https:\/\/rczone.ee\/wp-content\/uploads\/2025\/06\/6.jpg 800w, https:\/\/rczone.ee\/wp-content\/uploads\/2025\/06\/6-400x400.jpg 400w, https:\/\/rczone.ee\/wp-content\/uploads\/2025\/06\/6-280x280.jpg 280w, https:\/\/rczone.ee\/wp-content\/uploads\/2025\/06\/6-768x768.jpg 768w, https:\/\/rczone.ee\/wp-content\/uploads\/2025\/06\/6-12x12.jpg 12w, https:\/\/rczone.ee\/wp-content\/uploads\/2025\/06\/6-450x450.jpg 450w, https:\/\/rczone.ee\/wp-content\/uploads\/2025\/06\/6-100x100.jpg 100w\" sizes=\"(max-width: 600px) 100vw, 600px\" \/><\/p>\n<p data-start=\"1813\" data-end=\"2066\"><strong data-start=\"1813\" data-end=\"1838\">Suchiyu SCY-16104 PRO<\/strong> ei ole lihtsalt RC auto \u2013 see on <strong data-start=\"1872\" data-end=\"1943\">komplekt t\u00e4iuslikust kiirusest, kontrollist ja isikup\u00e4rast stiilist<\/strong>. Osta see unikaalne mudel juba t\u00e4na <strong data-start=\"1980\" data-end=\"1993\">RcZone.ee<\/strong> veebipoest ja viib su v\u00e4litingimuste RC-kogemuse t\u00e4iesti uuele tasemele!<\/p>\n<\/div>\n<\/div>\n<\/div>\n<\/div>\n<\/div>\n<\/div>\n<\/div>\n<\/div>\n<\/article>\n","protected":false},"excerpt":{"rendered":"<ul>\n<li style=\"line-height: 1; padding-top: 20px;\">Nov\u0113rt\u0113jums: Eksperts<\/li>\n<li style=\"line-height: 1;\">Lietot\u0101ja vecums: 14+<\/li>\n<li style=\"line-height: 1;\">Kategorija: Truggy<\/li>\n<li style=\"line-height: 1;\">M\u0113rogi: 1:16<\/li>\n<li style=\"line-height: 1;\">Vilces ass: 4WD<\/li>\n<li style=\"line-height: 1;\">Maksim\u0101lais \u0101trums: 70 km\/h<\/li>\n<li style=\"line-height: 1;\">Pabeig\u0161ana: gatavs darbam<\/li>\n<li style=\"line-height: 1;\">Ener\u0123ija: elektroener\u0123ija<\/li>\n<\/ul>","protected":false},"featured_media":3255,"comment_status":"open","ping_status":"closed","template":"","meta":{"_monsterinsights_skip_tracking":false,"_monsterinsights_sitenote_active":false,"_monsterinsights_sitenote_note":"","_monsterinsights_sitenote_category":0},"fits_model":[],"product_brand":[],"product_cat":[33],"product_tag":[84,122],"woo-feed-brand":[],"class_list":{"0":"post-3245","1":"product","2":"type-product","3":"status-publish","4":"has-post-thumbnail","6":"product_cat-truggy","7":"product_tag-standard","8":"product_tag-liion74","10":"first","11":"instock","12":"taxable","13":"shipping-taxable","14":"purchasable","15":"product-type-simple"},"yoast_head":"<!-- This site is optimized with the Yoast SEO plugin v27.3 - https:\/\/yoast.com\/product\/yoast-seo-wordpress\/ -->\n<title>Suchiyu SCY-16104 PRO Weapon 4WD Brushless 1:16 - RC Zone | Raadio teel juhitavad autod<\/title>\n<meta name=\"robots\" content=\"index, follow, max-snippet:-1, max-image-preview:large, max-video-preview:-1\" \/>\n<link rel=\"canonical\" href=\"https:\/\/rczone.ee\/lv\/products\/jauns-suchiyu-scy-16104-pro-weapon-4wd-brushless-116\/\" \/>\n<meta property=\"og:locale\" content=\"lv_LV\" \/>\n<meta property=\"og:type\" content=\"article\" \/>\n<meta property=\"og:title\" content=\"Suchiyu SCY-16104 PRO Weapon 4WD Brushless 1:16 - RC Zone | Raadio teel juhitavad autod\" \/>\n<meta property=\"og:description\" content=\"Rate: Expert  Kasutaja vanuseklass: 14+  Kategooria: Truggy  Skaala: 1:16  Vedav sild: 4WD  Max kiirus: 70 km\/h  Komplekteeritus: Ready-To-Run  Energia: Elekter\" \/>\n<meta property=\"og:url\" content=\"https:\/\/rczone.ee\/lv\/products\/jauns-suchiyu-scy-16104-pro-weapon-4wd-brushless-116\/\" \/>\n<meta property=\"og:site_name\" content=\"RC Zone | Raadio teel juhitavad autod\" \/>\n<meta property=\"article:publisher\" content=\"https:\/\/www.facebook.com\/rczone.ee\" \/>\n<meta property=\"article:modified_time\" content=\"2026-03-29T14:31:11+00:00\" \/>\n<meta property=\"og:image\" content=\"https:\/\/rczone.ee\/wp-content\/uploads\/2025\/06\/scy16104_yellow-Photoroom.jpg\" \/>\n\t<meta property=\"og:image:width\" content=\"800\" \/>\n\t<meta property=\"og:image:height\" content=\"800\" \/>\n\t<meta property=\"og:image:type\" content=\"image\/jpeg\" \/>\n<meta name=\"twitter:card\" content=\"summary_large_image\" \/>\n<meta name=\"twitter:label1\" content=\"Est. reading time\" \/>\n\t<meta name=\"twitter:data1\" content=\"3 min\u016btes\" \/>\n<script type=\"application\/ld+json\" class=\"yoast-schema-graph\">{\"@context\":\"https:\\\/\\\/schema.org\",\"@graph\":[{\"@type\":\"WebPage\",\"@id\":\"https:\\\/\\\/rczone.ee\\\/toode\\\/uus-suchiyu-scy-16104-pro-weapon-4wd-brushless-116\\\/\",\"url\":\"https:\\\/\\\/rczone.ee\\\/toode\\\/uus-suchiyu-scy-16104-pro-weapon-4wd-brushless-116\\\/\",\"name\":\"Suchiyu SCY-16104 PRO Weapon 4WD Brushless 1:16 - RC Zone | Raadio teel juhitavad autod\",\"isPartOf\":{\"@id\":\"https:\\\/\\\/rczone.ee\\\/#website\"},\"primaryImageOfPage\":{\"@id\":\"https:\\\/\\\/rczone.ee\\\/toode\\\/uus-suchiyu-scy-16104-pro-weapon-4wd-brushless-116\\\/#primaryimage\"},\"image\":{\"@id\":\"https:\\\/\\\/rczone.ee\\\/toode\\\/uus-suchiyu-scy-16104-pro-weapon-4wd-brushless-116\\\/#primaryimage\"},\"thumbnailUrl\":\"https:\\\/\\\/rczone.ee\\\/wp-content\\\/uploads\\\/2025\\\/06\\\/scy16104_yellow-Photoroom.jpg\",\"datePublished\":\"2025-06-01T17:36:31+00:00\",\"dateModified\":\"2026-03-29T14:31:11+00:00\",\"breadcrumb\":{\"@id\":\"https:\\\/\\\/rczone.ee\\\/toode\\\/uus-suchiyu-scy-16104-pro-weapon-4wd-brushless-116\\\/#breadcrumb\"},\"inLanguage\":\"lv-LV\",\"potentialAction\":[{\"@type\":\"ReadAction\",\"target\":[\"https:\\\/\\\/rczone.ee\\\/toode\\\/uus-suchiyu-scy-16104-pro-weapon-4wd-brushless-116\\\/\"]}]},{\"@type\":\"ImageObject\",\"inLanguage\":\"lv-LV\",\"@id\":\"https:\\\/\\\/rczone.ee\\\/toode\\\/uus-suchiyu-scy-16104-pro-weapon-4wd-brushless-116\\\/#primaryimage\",\"url\":\"https:\\\/\\\/rczone.ee\\\/wp-content\\\/uploads\\\/2025\\\/06\\\/scy16104_yellow-Photoroom.jpg\",\"contentUrl\":\"https:\\\/\\\/rczone.ee\\\/wp-content\\\/uploads\\\/2025\\\/06\\\/scy16104_yellow-Photoroom.jpg\",\"width\":800,\"height\":800},{\"@type\":\"BreadcrumbList\",\"@id\":\"https:\\\/\\\/rczone.ee\\\/toode\\\/uus-suchiyu-scy-16104-pro-weapon-4wd-brushless-116\\\/#breadcrumb\",\"itemListElement\":[{\"@type\":\"ListItem\",\"position\":1,\"name\":\"Home\",\"item\":\"https:\\\/\\\/rczone.ee\\\/\"},{\"@type\":\"ListItem\",\"position\":2,\"name\":\"Shop\",\"item\":\"https:\\\/\\\/rczone.ee\\\/shop\\\/\"},{\"@type\":\"ListItem\",\"position\":3,\"name\":\"Suchiyu SCY-16104 PRO Weapon 4WD Brushless 1:16\"}]},{\"@type\":\"WebSite\",\"@id\":\"https:\\\/\\\/rczone.ee\\\/#website\",\"url\":\"https:\\\/\\\/rczone.ee\\\/\",\"name\":\"RcZone\",\"description\":\"RcZone - Raadio teel juhitavate autode veebipood. M&uuml;&uuml;me laia valikut kvaliteetseid ja v&otilde;imsaid RC-autosid. Kiire tarne ja konkurentsiv&otilde;imelised hinnad.\",\"publisher\":{\"@id\":\"https:\\\/\\\/rczone.ee\\\/#organization\"},\"potentialAction\":[{\"@type\":\"SearchAction\",\"target\":{\"@type\":\"EntryPoint\",\"urlTemplate\":\"https:\\\/\\\/rczone.ee\\\/?s={search_term_string}\"},\"query-input\":{\"@type\":\"PropertyValueSpecification\",\"valueRequired\":true,\"valueName\":\"search_term_string\"}}],\"inLanguage\":\"lv-LV\"},{\"@type\":\"Organization\",\"@id\":\"https:\\\/\\\/rczone.ee\\\/#organization\",\"name\":\"RcZone\",\"url\":\"https:\\\/\\\/rczone.ee\\\/\",\"logo\":{\"@type\":\"ImageObject\",\"inLanguage\":\"lv-LV\",\"@id\":\"https:\\\/\\\/rczone.ee\\\/#\\\/schema\\\/logo\\\/image\\\/\",\"url\":\"https:\\\/\\\/rczone.ee\\\/wp-content\\\/uploads\\\/2024\\\/01\\\/3D.png\",\"contentUrl\":\"https:\\\/\\\/rczone.ee\\\/wp-content\\\/uploads\\\/2024\\\/01\\\/3D.png\",\"width\":2080,\"height\":602,\"caption\":\"RcZone\"},\"image\":{\"@id\":\"https:\\\/\\\/rczone.ee\\\/#\\\/schema\\\/logo\\\/image\\\/\"},\"sameAs\":[\"https:\\\/\\\/www.facebook.com\\\/rczone.ee\"]}]}<\/script>\n<!-- \/ Yoast SEO plugin. -->","yoast_head_json":{"title":"Suchiyu SCY-16104 PRO Weapon 4WD Brushless 1:16 - RC zona | Radio vad\u0101mie auto","robots":{"index":"index","follow":"follow","max-snippet":"max-snippet:-1","max-image-preview":"max-image-preview:large","max-video-preview":"max-video-preview:-1"},"canonical":"https:\/\/rczone.ee\/lv\/products\/jauns-suchiyu-scy-16104-pro-weapon-4wd-brushless-116\/","og_locale":"lv_LV","og_type":"article","og_title":"Suchiyu SCY-16104 PRO Weapon 4WD Brushless 1:16 - RC Zone | Raadio teel juhitavad autod","og_description":"Rate: Expert  Kasutaja vanuseklass: 14+  Kategooria: Truggy  Skaala: 1:16  Vedav sild: 4WD  Max kiirus: 70 km\/h  Komplekteeritus: Ready-To-Run  Energia: Elekter","og_url":"https:\/\/rczone.ee\/lv\/products\/jauns-suchiyu-scy-16104-pro-weapon-4wd-brushless-116\/","og_site_name":"RC Zone | Raadio teel juhitavad autod","article_publisher":"https:\/\/www.facebook.com\/rczone.ee","article_modified_time":"2026-03-29T14:31:11+00:00","og_image":[{"width":800,"height":800,"url":"https:\/\/rczone.ee\/wp-content\/uploads\/2025\/06\/scy16104_yellow-Photoroom.jpg","type":"image\/jpeg"}],"twitter_card":"summary_large_image","twitter_misc":{"Est. reading time":"3 min\u016btes"},"schema":{"@context":"https:\/\/schema.org","@graph":[{"@type":"WebPage","@id":"https:\/\/rczone.ee\/toode\/uus-suchiyu-scy-16104-pro-weapon-4wd-brushless-116\/","url":"https:\/\/rczone.ee\/toode\/uus-suchiyu-scy-16104-pro-weapon-4wd-brushless-116\/","name":"Suchiyu SCY-16104 PRO Weapon 4WD Brushless 1:16 - RC zona | Radio vad\u0101mie auto","isPartOf":{"@id":"https:\/\/rczone.ee\/#website"},"primaryImageOfPage":{"@id":"https:\/\/rczone.ee\/toode\/uus-suchiyu-scy-16104-pro-weapon-4wd-brushless-116\/#primaryimage"},"image":{"@id":"https:\/\/rczone.ee\/toode\/uus-suchiyu-scy-16104-pro-weapon-4wd-brushless-116\/#primaryimage"},"thumbnailUrl":"https:\/\/rczone.ee\/wp-content\/uploads\/2025\/06\/scy16104_yellow-Photoroom.jpg","datePublished":"2025-06-01T17:36:31+00:00","dateModified":"2026-03-29T14:31:11+00:00","breadcrumb":{"@id":"https:\/\/rczone.ee\/toode\/uus-suchiyu-scy-16104-pro-weapon-4wd-brushless-116\/#breadcrumb"},"inLanguage":"lv-LV","potentialAction":[{"@type":"ReadAction","target":["https:\/\/rczone.ee\/toode\/uus-suchiyu-scy-16104-pro-weapon-4wd-brushless-116\/"]}]},{"@type":"ImageObject","inLanguage":"lv-LV","@id":"https:\/\/rczone.ee\/toode\/uus-suchiyu-scy-16104-pro-weapon-4wd-brushless-116\/#primaryimage","url":"https:\/\/rczone.ee\/wp-content\/uploads\/2025\/06\/scy16104_yellow-Photoroom.jpg","contentUrl":"https:\/\/rczone.ee\/wp-content\/uploads\/2025\/06\/scy16104_yellow-Photoroom.jpg","width":800,"height":800},{"@type":"BreadcrumbList","@id":"https:\/\/rczone.ee\/toode\/uus-suchiyu-scy-16104-pro-weapon-4wd-brushless-116\/#breadcrumb","itemListElement":[{"@type":"ListItem","position":1,"name":"Home","item":"https:\/\/rczone.ee\/"},{"@type":"ListItem","position":2,"name":"Shop","item":"https:\/\/rczone.ee\/shop\/"},{"@type":"ListItem","position":3,"name":"Suchiyu SCY-16104 PRO Weapon 4WD Brushless 1:16"}]},{"@type":"WebSite","@id":"https:\/\/rczone.ee\/#website","url":"https:\/\/rczone.ee\/","name":"RcZone","description":"RcZone - Radio vad\u0101mo automobi\u013cu tie\u0161saistes veikals. M\u0113s p\u0101rdodam pla\u0161u augstas kvalit\u0101tes un jaud\u012bgu RC automobi\u013cu kl\u0101stu. \u0100tra pieg\u0101de un konkur\u0113tsp\u0113j\u012bgas cenas.","publisher":{"@id":"https:\/\/rczone.ee\/#organization"},"potentialAction":[{"@type":"SearchAction","target":{"@type":"EntryPoint","urlTemplate":"https:\/\/rczone.ee\/?s={search_term_string}"},"query-input":{"@type":"PropertyValueSpecification","valueRequired":true,"valueName":"search_term_string"}}],"inLanguage":"lv-LV"},{"@type":"Organization","@id":"https:\/\/rczone.ee\/#organization","name":"RcZone","url":"https:\/\/rczone.ee\/","logo":{"@type":"ImageObject","inLanguage":"lv-LV","@id":"https:\/\/rczone.ee\/#\/schema\/logo\/image\/","url":"https:\/\/rczone.ee\/wp-content\/uploads\/2024\/01\/3D.png","contentUrl":"https:\/\/rczone.ee\/wp-content\/uploads\/2024\/01\/3D.png","width":2080,"height":602,"caption":"RcZone"},"image":{"@id":"https:\/\/rczone.ee\/#\/schema\/logo\/image\/"},"sameAs":["https:\/\/www.facebook.com\/rczone.ee"]}]}},"_links":{"self":[{"href":"https:\/\/rczone.ee\/lv\/wp-json\/wp\/v2\/product\/3245","targetHints":{"allow":["GET"]}}],"collection":[{"href":"https:\/\/rczone.ee\/lv\/wp-json\/wp\/v2\/product"}],"about":[{"href":"https:\/\/rczone.ee\/lv\/wp-json\/wp\/v2\/types\/product"}],"replies":[{"embeddable":true,"href":"https:\/\/rczone.ee\/lv\/wp-json\/wp\/v2\/comments?post=3245"}],"wp:featuredmedia":[{"embeddable":true,"href":"https:\/\/rczone.ee\/lv\/wp-json\/wp\/v2\/media\/3255"}],"wp:attachment":[{"href":"https:\/\/rczone.ee\/lv\/wp-json\/wp\/v2\/media?parent=3245"}],"wp:term":[{"taxonomy":"fits_model","embeddable":true,"href":"https:\/\/rczone.ee\/lv\/wp-json\/wp\/v2\/fits_model?post=3245"},{"taxonomy":"product_brand","embeddable":true,"href":"https:\/\/rczone.ee\/lv\/wp-json\/wp\/v2\/product_brand?post=3245"},{"taxonomy":"product_cat","embeddable":true,"href":"https:\/\/rczone.ee\/lv\/wp-json\/wp\/v2\/product_cat?post=3245"},{"taxonomy":"product_tag","embeddable":true,"href":"https:\/\/rczone.ee\/lv\/wp-json\/wp\/v2\/product_tag?post=3245"},{"taxonomy":"woo-feed-brand","embeddable":true,"href":"https:\/\/rczone.ee\/lv\/wp-json\/wp\/v2\/woo-feed-brand?post=3245"}],"curies":[{"name":"wp","href":"https:\/\/api.w.org\/{rel}","templated":true}]}}