{"id":3340,"date":"2025-06-25T20:06:49","date_gmt":"2025-06-25T17:06:49","guid":{"rendered":"https:\/\/rczone.ee\/?post_type=product&#038;p=3340"},"modified":"2026-03-30T21:06:42","modified_gmt":"2026-03-30T18:06:42","slug":"hpi-plazma-3s-11-1v-5300mah-40c-lipo-akumulators-xt60","status":"publish","type":"product","link":"https:\/\/rczone.ee\/lv\/toode\/hpi-plazma-3s-11-1v-5300mah-40c-lipo-battery-xt60\/","title":{"rendered":"HPI Plazma 3S 11.1V 5300mAh 40C LiPo akumulators - XT60"},"content":{"rendered":"<h3><strong>Plazma 11.1V 5300mAh 40C LiPo akumulatoru komplekts 58.83Wh<\/strong><\/h3>\n<p><strong>3S LiPo, T-Plug savienot\u0101js un JST-XH balans\u0113\u0161anas vads iztur\u012bg\u0101 4-s\u0101nu korpus\u0101<\/strong><\/p>\n<p>Plazma LiPo s\u0113rija ir \u012bpa\u0161i izstr\u0101d\u0101ta un ir lieliska izv\u0113le visiem HPI Racing un Maverick automobi\u013ciem. \u0160is 3S LiPo akumulatoru komplekts ar cietu korpusu ir piem\u0113rots RC automa\u0161\u012bn\u0101m ar 30 mm biezu akumulatora ietilp\u012bbu.<\/p>\n<ul>\n<li>30 mm bieza LiPo ir piem\u0113rota Quantum2 MT\/XT Flux un WR8 Flux mode\u013ciem.<\/li>\n<li>2 x 30 mm biezas LiPo baterijas neiederas viena blakus otrai Trophy &amp; Vorza bateriju tur\u0113t\u0101j\u0101, ta\u010du t\u0101s var novietot vienu virs otras, ja ir pien\u0101c\u012bgi nostiprin\u0101tas.<\/li>\n<\/ul>\n<p><strong>Tehniskie dati:<\/strong><br \/>\nSpriegums: 11,1 V<br \/>\nJauda: 5300 mAh<br \/>\nC nomin\u0101l\u0101 v\u0113rt\u012bba (nep\u0101rtraukti): 40C<br \/>\nC kategorija (eksplozijas): 80C<br \/>\nKorpusa tips: Taisnst\u016bra formas LiPo korpuss, herm\u0113tiski aizz\u012bmogota plastmasa<br \/>\nIzm\u0113ri: 138,6 x 46,6 x 30 mm<br \/>\nSvars: 377 g<br \/>\nSavienot\u0101js: XT60<br \/>\nBilances svina: JST-XH<\/p>\n<p><strong>Uzman\u012bbu! LiPo akumulatorus dr\u012bkst uzl\u0101d\u0113t tikai ar l\u0101d\u0113t\u0101ju, kas atbalsta LiPo akumulatorus!<\/strong><\/p>","protected":false},"excerpt":{"rendered":"<ul>\n<li style=\"line-height: 1; padding-top: 20px;\">Tips: 3S LiPo<\/li>\n<li style=\"line-height: 1;\">Spriegums: 11,1 V<\/li>\n<li style=\"line-height: 1;\">Jauda: 5300 mAh<\/li>\n<li style=\"line-height: 1;\">Likme: 40C<\/li>\n<li>Savienot\u0101js: XT60<\/li>\n<\/ul>","protected":false},"featured_media":3341,"comment_status":"open","ping_status":"closed","template":"","meta":{"_monsterinsights_skip_tracking":false,"_monsterinsights_sitenote_active":false,"_monsterinsights_sitenote_note":"","_monsterinsights_sitenote_category":0},"fits_model":[],"product_brand":[],"product_cat":[66],"product_tag":[84],"woo-feed-brand":[],"class_list":{"0":"post-3340","1":"product","2":"type-product","3":"status-publish","4":"has-post-thumbnail","6":"product_cat-battery","7":"product_tag-standard","9":"first","10":"instock","11":"taxable","12":"shipping-taxable","13":"purchasable","14":"product-type-simple"},"yoast_head":"<!-- This site is optimized with the Yoast SEO plugin v27.6 - https:\/\/yoast.com\/product\/yoast-seo-wordpress\/ -->\n<title>HPI Plazma 3S 11.1V 5300mAh 40C LiPo Battery - XT60 - RC Zone | Raadio teel juhitavad autod<\/title>\n<meta name=\"robots\" content=\"index, follow, max-snippet:-1, max-image-preview:large, max-video-preview:-1\" \/>\n<link rel=\"canonical\" href=\"https:\/\/rczone.ee\/lv\/products\/hpi-plazma-3s-11-1v-5300mah-40c-lipo-akumulators-xt60\/\" \/>\n<meta property=\"og:locale\" content=\"lv_LV\" \/>\n<meta property=\"og:type\" content=\"article\" \/>\n<meta property=\"og:title\" content=\"HPI Plazma 3S 11.1V 5300mAh 40C LiPo Battery - XT60 - RC Zone | Raadio teel juhitavad autod\" \/>\n<meta property=\"og:description\" content=\"T\u00fc\u00fcp: 3S LiPo  Pinge: 11,1V  Mahutavus: 5300mAh  Rate: 40C  Pistik: XT60\" \/>\n<meta property=\"og:url\" content=\"https:\/\/rczone.ee\/lv\/products\/hpi-plazma-3s-11-1v-5300mah-40c-lipo-akumulators-xt60\/\" \/>\n<meta property=\"og:site_name\" content=\"RC Zone | Raadio teel juhitavad autod\" \/>\n<meta property=\"article:publisher\" content=\"https:\/\/www.facebook.com\/rczone.ee\" \/>\n<meta property=\"article:modified_time\" content=\"2026-03-30T18:06:42+00:00\" \/>\n<meta property=\"og:image\" content=\"https:\/\/rczone.ee\/wp-content\/uploads\/2025\/06\/160795-resizewidth-1200.webp\" \/>\n\t<meta property=\"og:image:width\" content=\"1200\" \/>\n\t<meta property=\"og:image:height\" content=\"800\" \/>\n\t<meta property=\"og:image:type\" content=\"image\/webp\" \/>\n<meta name=\"twitter:card\" content=\"summary_large_image\" \/>\n<meta name=\"twitter:label1\" content=\"Est. reading time\" \/>\n\t<meta name=\"twitter:data1\" content=\"1 min\u016bte\" \/>\n<script type=\"application\/ld+json\" class=\"yoast-schema-graph\">{\"@context\":\"https:\\\/\\\/schema.org\",\"@graph\":[{\"@type\":\"WebPage\",\"@id\":\"https:\\\/\\\/rczone.ee\\\/toode\\\/hpi-plazma-3s-11-1v-5300mah-40c-lipo-battery-xt60\\\/\",\"url\":\"https:\\\/\\\/rczone.ee\\\/toode\\\/hpi-plazma-3s-11-1v-5300mah-40c-lipo-battery-xt60\\\/\",\"name\":\"HPI Plazma 3S 11.1V 5300mAh 40C LiPo Battery - XT60 - RC Zone | Raadio teel juhitavad autod\",\"isPartOf\":{\"@id\":\"https:\\\/\\\/rczone.ee\\\/#website\"},\"primaryImageOfPage\":{\"@id\":\"https:\\\/\\\/rczone.ee\\\/toode\\\/hpi-plazma-3s-11-1v-5300mah-40c-lipo-battery-xt60\\\/#primaryimage\"},\"image\":{\"@id\":\"https:\\\/\\\/rczone.ee\\\/toode\\\/hpi-plazma-3s-11-1v-5300mah-40c-lipo-battery-xt60\\\/#primaryimage\"},\"thumbnailUrl\":\"https:\\\/\\\/rczone.ee\\\/wp-content\\\/uploads\\\/2025\\\/06\\\/160795-resizewidth-1200.webp\",\"datePublished\":\"2025-06-25T17:06:49+00:00\",\"dateModified\":\"2026-03-30T18:06:42+00:00\",\"breadcrumb\":{\"@id\":\"https:\\\/\\\/rczone.ee\\\/toode\\\/hpi-plazma-3s-11-1v-5300mah-40c-lipo-battery-xt60\\\/#breadcrumb\"},\"inLanguage\":\"lv-LV\",\"potentialAction\":[{\"@type\":\"ReadAction\",\"target\":[\"https:\\\/\\\/rczone.ee\\\/toode\\\/hpi-plazma-3s-11-1v-5300mah-40c-lipo-battery-xt60\\\/\"]}]},{\"@type\":\"ImageObject\",\"inLanguage\":\"lv-LV\",\"@id\":\"https:\\\/\\\/rczone.ee\\\/toode\\\/hpi-plazma-3s-11-1v-5300mah-40c-lipo-battery-xt60\\\/#primaryimage\",\"url\":\"https:\\\/\\\/rczone.ee\\\/wp-content\\\/uploads\\\/2025\\\/06\\\/160795-resizewidth-1200.webp\",\"contentUrl\":\"https:\\\/\\\/rczone.ee\\\/wp-content\\\/uploads\\\/2025\\\/06\\\/160795-resizewidth-1200.webp\",\"width\":1200,\"height\":800},{\"@type\":\"BreadcrumbList\",\"@id\":\"https:\\\/\\\/rczone.ee\\\/toode\\\/hpi-plazma-3s-11-1v-5300mah-40c-lipo-battery-xt60\\\/#breadcrumb\",\"itemListElement\":[{\"@type\":\"ListItem\",\"position\":1,\"name\":\"Home\",\"item\":\"https:\\\/\\\/rczone.ee\\\/\"},{\"@type\":\"ListItem\",\"position\":2,\"name\":\"Shop\",\"item\":\"https:\\\/\\\/rczone.ee\\\/shop\\\/\"},{\"@type\":\"ListItem\",\"position\":3,\"name\":\"HPI Plazma 3S 11.1V 5300mAh 40C LiPo Battery &#8211; XT60\"}]},{\"@type\":\"WebSite\",\"@id\":\"https:\\\/\\\/rczone.ee\\\/#website\",\"url\":\"https:\\\/\\\/rczone.ee\\\/\",\"name\":\"RcZone\",\"description\":\"RcZone - Raadio teel juhitavate autode veebipood. M&uuml;&uuml;me laia valikut kvaliteetseid ja v&otilde;imsaid RC-autosid. Kiire tarne ja konkurentsiv&otilde;imelised hinnad.\",\"publisher\":{\"@id\":\"https:\\\/\\\/rczone.ee\\\/#organization\"},\"potentialAction\":[{\"@type\":\"SearchAction\",\"target\":{\"@type\":\"EntryPoint\",\"urlTemplate\":\"https:\\\/\\\/rczone.ee\\\/?s={search_term_string}\"},\"query-input\":{\"@type\":\"PropertyValueSpecification\",\"valueRequired\":true,\"valueName\":\"search_term_string\"}}],\"inLanguage\":\"lv-LV\"},{\"@type\":\"Organization\",\"@id\":\"https:\\\/\\\/rczone.ee\\\/#organization\",\"name\":\"RcZone\",\"url\":\"https:\\\/\\\/rczone.ee\\\/\",\"logo\":{\"@type\":\"ImageObject\",\"inLanguage\":\"lv-LV\",\"@id\":\"https:\\\/\\\/rczone.ee\\\/#\\\/schema\\\/logo\\\/image\\\/\",\"url\":\"https:\\\/\\\/rczone.ee\\\/wp-content\\\/uploads\\\/2024\\\/01\\\/3D.png\",\"contentUrl\":\"https:\\\/\\\/rczone.ee\\\/wp-content\\\/uploads\\\/2024\\\/01\\\/3D.png\",\"width\":2080,\"height\":602,\"caption\":\"RcZone\"},\"image\":{\"@id\":\"https:\\\/\\\/rczone.ee\\\/#\\\/schema\\\/logo\\\/image\\\/\"},\"sameAs\":[\"https:\\\/\\\/www.facebook.com\\\/rczone.ee\"]}]}<\/script>\n<!-- \/ Yoast SEO plugin. -->","yoast_head_json":{"title":"HPI Plazma 3S 11.1V 5300mAh 40C LiPo akumulators - XT60 - RC Zona | Radio vad\u0101mi transportl\u012bdzek\u013ci","robots":{"index":"index","follow":"follow","max-snippet":"max-snippet:-1","max-image-preview":"max-image-preview:large","max-video-preview":"max-video-preview:-1"},"canonical":"https:\/\/rczone.ee\/lv\/products\/hpi-plazma-3s-11-1v-5300mah-40c-lipo-akumulators-xt60\/","og_locale":"lv_LV","og_type":"article","og_title":"HPI Plazma 3S 11.1V 5300mAh 40C LiPo Battery - XT60 - RC Zone | Raadio teel juhitavad autod","og_description":"T\u00fc\u00fcp: 3S LiPo  Pinge: 11,1V  Mahutavus: 5300mAh  Rate: 40C  Pistik: XT60","og_url":"https:\/\/rczone.ee\/lv\/products\/hpi-plazma-3s-11-1v-5300mah-40c-lipo-akumulators-xt60\/","og_site_name":"RC Zone | Raadio teel juhitavad autod","article_publisher":"https:\/\/www.facebook.com\/rczone.ee","article_modified_time":"2026-03-30T18:06:42+00:00","og_image":[{"width":1200,"height":800,"url":"https:\/\/rczone.ee\/wp-content\/uploads\/2025\/06\/160795-resizewidth-1200.webp","type":"image\/webp"}],"twitter_card":"summary_large_image","twitter_misc":{"Est. reading time":"1 min\u016bte"},"schema":{"@context":"https:\/\/schema.org","@graph":[{"@type":"WebPage","@id":"https:\/\/rczone.ee\/toode\/hpi-plazma-3s-11-1v-5300mah-40c-lipo-battery-xt60\/","url":"https:\/\/rczone.ee\/toode\/hpi-plazma-3s-11-1v-5300mah-40c-lipo-battery-xt60\/","name":"HPI Plazma 3S 11.1V 5300mAh 40C LiPo akumulators - XT60 - RC Zona | Radio vad\u0101mi transportl\u012bdzek\u013ci","isPartOf":{"@id":"https:\/\/rczone.ee\/#website"},"primaryImageOfPage":{"@id":"https:\/\/rczone.ee\/toode\/hpi-plazma-3s-11-1v-5300mah-40c-lipo-battery-xt60\/#primaryimage"},"image":{"@id":"https:\/\/rczone.ee\/toode\/hpi-plazma-3s-11-1v-5300mah-40c-lipo-battery-xt60\/#primaryimage"},"thumbnailUrl":"https:\/\/rczone.ee\/wp-content\/uploads\/2025\/06\/160795-resizewidth-1200.webp","datePublished":"2025-06-25T17:06:49+00:00","dateModified":"2026-03-30T18:06:42+00:00","breadcrumb":{"@id":"https:\/\/rczone.ee\/toode\/hpi-plazma-3s-11-1v-5300mah-40c-lipo-battery-xt60\/#breadcrumb"},"inLanguage":"lv-LV","potentialAction":[{"@type":"ReadAction","target":["https:\/\/rczone.ee\/toode\/hpi-plazma-3s-11-1v-5300mah-40c-lipo-battery-xt60\/"]}]},{"@type":"ImageObject","inLanguage":"lv-LV","@id":"https:\/\/rczone.ee\/toode\/hpi-plazma-3s-11-1v-5300mah-40c-lipo-battery-xt60\/#primaryimage","url":"https:\/\/rczone.ee\/wp-content\/uploads\/2025\/06\/160795-resizewidth-1200.webp","contentUrl":"https:\/\/rczone.ee\/wp-content\/uploads\/2025\/06\/160795-resizewidth-1200.webp","width":1200,"height":800},{"@type":"BreadcrumbList","@id":"https:\/\/rczone.ee\/toode\/hpi-plazma-3s-11-1v-5300mah-40c-lipo-battery-xt60\/#breadcrumb","itemListElement":[{"@type":"ListItem","position":1,"name":"Home","item":"https:\/\/rczone.ee\/"},{"@type":"ListItem","position":2,"name":"Shop","item":"https:\/\/rczone.ee\/shop\/"},{"@type":"ListItem","position":3,"name":"HPI Plazma 3S 11.1V 5300mAh 40C LiPo Battery &#8211; XT60"}]},{"@type":"WebSite","@id":"https:\/\/rczone.ee\/#website","url":"https:\/\/rczone.ee\/","name":"RcZone","description":"RcZone - Radio vad\u0101mo automobi\u013cu tie\u0161saistes veikals. M\u0113s p\u0101rdodam pla\u0161u augstas kvalit\u0101tes un jaud\u012bgu RC automobi\u013cu kl\u0101stu. \u0100tra pieg\u0101de un konkur\u0113tsp\u0113j\u012bgas cenas.","publisher":{"@id":"https:\/\/rczone.ee\/#organization"},"potentialAction":[{"@type":"SearchAction","target":{"@type":"EntryPoint","urlTemplate":"https:\/\/rczone.ee\/?s={search_term_string}"},"query-input":{"@type":"PropertyValueSpecification","valueRequired":true,"valueName":"search_term_string"}}],"inLanguage":"lv-LV"},{"@type":"Organization","@id":"https:\/\/rczone.ee\/#organization","name":"RcZone","url":"https:\/\/rczone.ee\/","logo":{"@type":"ImageObject","inLanguage":"lv-LV","@id":"https:\/\/rczone.ee\/#\/schema\/logo\/image\/","url":"https:\/\/rczone.ee\/wp-content\/uploads\/2024\/01\/3D.png","contentUrl":"https:\/\/rczone.ee\/wp-content\/uploads\/2024\/01\/3D.png","width":2080,"height":602,"caption":"RcZone"},"image":{"@id":"https:\/\/rczone.ee\/#\/schema\/logo\/image\/"},"sameAs":["https:\/\/www.facebook.com\/rczone.ee"]}]}},"_links":{"self":[{"href":"https:\/\/rczone.ee\/lv\/wp-json\/wp\/v2\/product\/3340","targetHints":{"allow":["GET"]}}],"collection":[{"href":"https:\/\/rczone.ee\/lv\/wp-json\/wp\/v2\/product"}],"about":[{"href":"https:\/\/rczone.ee\/lv\/wp-json\/wp\/v2\/types\/product"}],"replies":[{"embeddable":true,"href":"https:\/\/rczone.ee\/lv\/wp-json\/wp\/v2\/comments?post=3340"}],"wp:featuredmedia":[{"embeddable":true,"href":"https:\/\/rczone.ee\/lv\/wp-json\/wp\/v2\/media\/3341"}],"wp:attachment":[{"href":"https:\/\/rczone.ee\/lv\/wp-json\/wp\/v2\/media?parent=3340"}],"wp:term":[{"taxonomy":"fits_model","embeddable":true,"href":"https:\/\/rczone.ee\/lv\/wp-json\/wp\/v2\/fits_model?post=3340"},{"taxonomy":"product_brand","embeddable":true,"href":"https:\/\/rczone.ee\/lv\/wp-json\/wp\/v2\/product_brand?post=3340"},{"taxonomy":"product_cat","embeddable":true,"href":"https:\/\/rczone.ee\/lv\/wp-json\/wp\/v2\/product_cat?post=3340"},{"taxonomy":"product_tag","embeddable":true,"href":"https:\/\/rczone.ee\/lv\/wp-json\/wp\/v2\/product_tag?post=3340"},{"taxonomy":"woo-feed-brand","embeddable":true,"href":"https:\/\/rczone.ee\/lv\/wp-json\/wp\/v2\/woo-feed-brand?post=3340"}],"curies":[{"name":"wp","href":"https:\/\/api.w.org\/{rel}","templated":true}]}}