{"id":3342,"date":"2025-06-25T22:00:19","date_gmt":"2025-06-25T19:00:19","guid":{"rendered":"https:\/\/rczone.ee\/?post_type=product&#038;p=3342"},"modified":"2026-01-14T21:36:30","modified_gmt":"2026-01-14T19:36:30","slug":"hpi-racing-nano-ttr-1969-ford-mustang-rtr-x","status":"publish","type":"product","link":"https:\/\/rczone.ee\/lv\/toode\/hpi-racing-nano-ttr-1969-ford-mustang-rtr-x\/","title":{"rendered":"HPI Racing nano-TTR 1969 Ford Mustang RTR-X"},"content":{"rendered":"<h3 data-pm-slice=\"1 1 []\">HPI Racing nano-TTR 1969 Ford Mustang RTR-X - maza, bet varena un neticami BASE!<\/h3>\n<p>Atkl\u0101jiet le\u0123end\u0101ro Vonu Gitinu junioru. RTR-X Ford Mustang neliel\u0101, bet \u013coti jaud\u012bg\u0101 1:64 m\u0113rog\u0101. <strong>piln\u012bb\u0101 licenc\u0113ts<\/strong> Radiovad\u0101ma replika - HPI Racing nano-TTR 1969 Ford Mustang RTR-X tagad pieejama RcZone.ee interneta veikal\u0101! \u0160is modelis ir ide\u0101ls autentiska stila un modern\u0101ko tehnolo\u0123iju apvienojums, kas pied\u0101v\u0101 \u012bstu brauk\u0161anas prieku tie\u0161i j\u016bsu m\u0101j\u0101s vai biroj\u0101.<\/p>\n<p>Nano-TTR RTR-X, neraugoties uz t\u0101 kompaktajiem izm\u0113riem, pied\u0101v\u0101 p\u0101rsteidzo\u0161as funkcijas un uzman\u012bbu deta\u013c\u0101m, kas nav sal\u012bdzin\u0101mas ar liel\u0101kiem mode\u013ciem. \u0160is komplekts ir gatavs darbam - vienk\u0101r\u0161i atveriet k\u0101rbu un s\u0101ciet piedz\u012bvojumu!<\/p>\n<p><img decoding=\"async\" class=\"alignnone size-full wp-image-3349\" src=\"https:\/\/rczone.ee\/wp-content\/uploads\/2025\/06\/nano_header_3.png\" alt=\"\" width=\"1300\" height=\"457\" srcset=\"https:\/\/rczone.ee\/wp-content\/uploads\/2025\/06\/nano_header_3.png 1300w, https:\/\/rczone.ee\/wp-content\/uploads\/2025\/06\/nano_header_3-800x281.png 800w, https:\/\/rczone.ee\/wp-content\/uploads\/2025\/06\/nano_header_3-768x270.png 768w, https:\/\/rczone.ee\/wp-content\/uploads\/2025\/06\/nano_header_3-18x6.png 18w, https:\/\/rczone.ee\/wp-content\/uploads\/2025\/06\/nano_header_3-900x316.png 900w\" sizes=\"(max-width: 1300px) 100vw, 1300px\" \/><\/p>\n<p data-start=\"463\" data-end=\"543\"><strong data-start=\"463\" data-end=\"541\">K\u0101p\u0113c izv\u0113l\u0113ties HPI Racing nano-TTR 1969 Ford Mustang RTR-X no RcZone.ee?<\/strong><\/p>\n<ul data-spread=\"false\" data-pm-slice=\"3 1 []\">\n<li><strong>Piln\u012bb\u0101 licenc\u0113ts<\/strong> Ford Mustang RTR-X ciet\u0101 virsb\u016bve, ar rok\u0101m apstr\u0101d\u0101ta un autentiska vis\u0101s deta\u013c\u0101s.<\/li>\n<li><strong>LED apgaismojums, kas patie\u0161\u0101m darbojas<\/strong>: priek\u0161\u0113jie, aizmugur\u0113jie, brem\u017eu, atpaka\u013cgaitas un virziena r\u0101d\u012bt\u0101ji. Visi lukturi tiek vad\u012bti ar t\u0101lvad\u012bbas pulti.<\/li>\n<li><strong>Tr\u012bs gaismas re\u017e\u012bmi<\/strong> - dienas re\u017e\u012bms, dienas re\u017e\u012bms bez virzienr\u0101d\u012bt\u0101jiem un nakts re\u017e\u012bms ar pilnu apgaismojumu.<\/li>\n<li><strong>Ilgs brauciena laiks<\/strong> - uzl\u0101d\u0113jams 58mAh LiPo akumulators l\u012bdz 45 min\u016bt\u0113m nep\u0101rtrauktas brauk\u0161anas!<\/li>\n<li><strong>Kompaktas un sa\u0137eri iztur\u012bgas SPEC-GRIP riepas<\/strong> replika DARBS MEISTER S1 uz za\u013ciem diskiem.<\/li>\n<li><strong>Real Steer Management<\/strong> - piln\u012bb\u0101 proporcion\u0101la st\u016br\u0113\u0161ana, lai pan\u0101ktu perfektu vad\u012bbu.<\/li>\n<li><strong>Inovat\u012bva Clipless \u0137erme\u0146a stiprin\u0101juma sist\u0113ma<\/strong>\u00a0- korpusa mai\u0146a tikai ar div\u0101m skr\u016bv\u0113m!<\/li>\n<li><strong>Viegla USB-C uzl\u0101de<\/strong> - \u0101tri un \u0113rti.<\/li>\n<li><strong>M\u016bsdien\u012bga MTX-400 2,4GHz radio sist\u0113ma<\/strong> - \u0113rta vad\u012bba, sader\u012bga ar\u012b ar HPI TF-51 kontrolieri.<\/li>\n<\/ul>\n<p><iframe title=\"YouTube videoklipu atska\u0146ot\u0101js\" src=\"https:\/\/www.youtube.com\/embed\/vn1pmt7HVjU?si=S8PIj2rTNf1f51Da\" width=\"896\" height=\"504\" frameborder=\"0\" allowfullscreen=\"allowfullscreen\"><\/iframe><br \/>\n<strong style=\"font-size: 14.4px;\" data-start=\"1598\" data-end=\"1620\">Tehniskie dati:<\/strong><\/p>\n<ul>\n<li data-start=\"1623\" data-end=\"1639\">M\u0113rogi: 1:64<\/li>\n<li data-start=\"1623\" data-end=\"1639\">Garums: 70 mm<\/li>\n<li data-start=\"1658\" data-end=\"1674\">Platums: 32 mm<\/li>\n<li data-start=\"1675\" data-end=\"1692\">Augstums: 22 mm<\/li>\n<li data-start=\"1693\" data-end=\"1713\">Centra att\u0101lums: 42 mm<\/li>\n<li data-start=\"1714\" data-end=\"1733\">Svars: 22 g<\/li>\n<li data-start=\"1734\" data-end=\"1767\">Akumulators: 58mAh 3,6 V LiPo (iek\u013cauts komplekt\u0101)<\/li>\n<li data-start=\"1768\" data-end=\"1840\">T\u0101lvad\u012bbas pults: 2,4GHz (nepiecie\u0161amas 4xAA baterijas, nav iek\u013cautas komplekt\u0101).<\/li>\n<li data-start=\"1841\" data-end=\"1877\">Uzl\u0101de: USB-C kabelis (iek\u013cauts komplekt\u0101)<\/li>\n<\/ul>\n<p data-start=\"1879\" data-end=\"1896\"><strong data-start=\"1879\" data-end=\"1894\">Iek\u013cauts:<\/strong><\/p>\n<ul data-start=\"1897\" data-end=\"1985\">\n<li data-start=\"1897\" data-end=\"1924\">HPI nano-TTR 1969 Ford Mustang automa\u0161\u012bna<\/li>\n<li data-start=\"1925\" data-end=\"1941\">MTX-400 konsole<\/li>\n<li data-start=\"1942\" data-end=\"1960\">58 mAh LiPo akumulators<\/li>\n<li data-start=\"1961\" data-end=\"1985\">USB-C uzl\u0101des kabelis<\/li>\n<\/ul>\n<p data-start=\"1987\" data-end=\"2011\"><strong data-start=\"1987\" data-end=\"2009\">Kas v\u0113l jums nepiecie\u0161ams?<\/strong><\/p>\n<ul data-start=\"2012\" data-end=\"2061\">\n<li data-start=\"2012\" data-end=\"2035\">2A USB baro\u0161anas adapteris<\/li>\n<li data-start=\"2036\" data-end=\"2061\">4 x AA baterijas t\u0101lvad\u012bbas pults<\/li>\n<\/ul>\n<p data-start=\"2063\" data-end=\"2268\">Izbaudiet prec\u012bzu vad\u0101m\u012bbu, detaliz\u0113tu izskatu un iespaid\u012bgu brauk\u0161anas pieredzi ar HPI Racing nano-TTR 1969 Ford Mustang RTR-X, kas tagad pieejams RcZone.ee!<br data-start=\"2222\" data-end=\"2225\" \/><strong data-start=\"2225\" data-end=\"2268\">Pas\u016btiet jau \u0161odien un p\u0101rceliet le\u0123endu uz sav\u0101m m\u0101j\u0101m!<\/strong><\/p>\n<p data-start=\"2063\" data-end=\"2268\"><img decoding=\"async\" class=\"alignnone wp-image-3355\" src=\"https:\/\/rczone.ee\/wp-content\/uploads\/2025\/06\/nano_gameboy_4.png\" alt=\"\" width=\"801\" height=\"403\" srcset=\"https:\/\/rczone.ee\/wp-content\/uploads\/2025\/06\/nano_gameboy_4.png 1300w, https:\/\/rczone.ee\/wp-content\/uploads\/2025\/06\/nano_gameboy_4-795x400.png 795w, https:\/\/rczone.ee\/wp-content\/uploads\/2025\/06\/nano_gameboy_4-768x386.png 768w, https:\/\/rczone.ee\/wp-content\/uploads\/2025\/06\/nano_gameboy_4-18x9.png 18w, https:\/\/rczone.ee\/wp-content\/uploads\/2025\/06\/nano_gameboy_4-900x453.png 900w\" sizes=\"(max-width: 801px) 100vw, 801px\" \/> <img decoding=\"async\" class=\"alignnone wp-image-3356\" src=\"https:\/\/rczone.ee\/wp-content\/uploads\/2025\/06\/nano_lego.png\" alt=\"\" width=\"800\" height=\"430\" srcset=\"https:\/\/rczone.ee\/wp-content\/uploads\/2025\/06\/nano_lego.png 1300w, https:\/\/rczone.ee\/wp-content\/uploads\/2025\/06\/nano_lego-744x400.png 744w, https:\/\/rczone.ee\/wp-content\/uploads\/2025\/06\/nano_lego-768x413.png 768w, https:\/\/rczone.ee\/wp-content\/uploads\/2025\/06\/nano_lego-18x10.png 18w, https:\/\/rczone.ee\/wp-content\/uploads\/2025\/06\/nano_lego-900x484.png 900w\" sizes=\"(max-width: 800px) 100vw, 800px\" \/><\/p>\n<p data-start=\"2063\" data-end=\"2268\"><img decoding=\"async\" class=\"alignnone wp-image-3351\" src=\"https:\/\/rczone.ee\/wp-content\/uploads\/2025\/06\/nano_mat.png\" alt=\"\" width=\"800\" height=\"403\" srcset=\"https:\/\/rczone.ee\/wp-content\/uploads\/2025\/06\/nano_mat.png 1300w, https:\/\/rczone.ee\/wp-content\/uploads\/2025\/06\/nano_mat-794x400.png 794w, https:\/\/rczone.ee\/wp-content\/uploads\/2025\/06\/nano_mat-768x387.png 768w, https:\/\/rczone.ee\/wp-content\/uploads\/2025\/06\/nano_mat-18x9.png 18w, https:\/\/rczone.ee\/wp-content\/uploads\/2025\/06\/nano_mat-900x453.png 900w\" sizes=\"(max-width: 800px) 100vw, 800px\" \/> <img decoding=\"async\" class=\"alignnone wp-image-3352\" src=\"https:\/\/rczone.ee\/wp-content\/uploads\/2025\/06\/nano_pencils.png\" alt=\"\" width=\"800\" height=\"333\" srcset=\"https:\/\/rczone.ee\/wp-content\/uploads\/2025\/06\/nano_pencils.png 1300w, https:\/\/rczone.ee\/wp-content\/uploads\/2025\/06\/nano_pencils-800x333.png 800w, https:\/\/rczone.ee\/wp-content\/uploads\/2025\/06\/nano_pencils-768x320.png 768w, https:\/\/rczone.ee\/wp-content\/uploads\/2025\/06\/nano_pencils-18x7.png 18w, https:\/\/rczone.ee\/wp-content\/uploads\/2025\/06\/nano_pencils-900x375.png 900w\" sizes=\"(max-width: 800px) 100vw, 800px\" \/><\/p>\n<p data-start=\"2063\" data-end=\"2268\"><img decoding=\"async\" class=\"alignnone wp-image-3350\" src=\"https:\/\/rczone.ee\/wp-content\/uploads\/2025\/06\/nano_little_and_large_bonnet.png\" alt=\"\" width=\"800\" height=\"503\" srcset=\"https:\/\/rczone.ee\/wp-content\/uploads\/2025\/06\/nano_little_and_large_bonnet.png 1300w, https:\/\/rczone.ee\/wp-content\/uploads\/2025\/06\/nano_little_and_large_bonnet-636x400.png 636w, https:\/\/rczone.ee\/wp-content\/uploads\/2025\/06\/nano_little_and_large_bonnet-1273x800.png 1273w, https:\/\/rczone.ee\/wp-content\/uploads\/2025\/06\/nano_little_and_large_bonnet-768x483.png 768w, https:\/\/rczone.ee\/wp-content\/uploads\/2025\/06\/nano_little_and_large_bonnet-18x12.png 18w, https:\/\/rczone.ee\/wp-content\/uploads\/2025\/06\/nano_little_and_large_bonnet-900x566.png 900w\" sizes=\"(max-width: 800px) 100vw, 800px\" \/> <img decoding=\"async\" class=\"alignnone wp-image-3353\" src=\"https:\/\/rczone.ee\/wp-content\/uploads\/2025\/06\/nano_top_side_guide.png\" alt=\"\" width=\"801\" height=\"576\" srcset=\"https:\/\/rczone.ee\/wp-content\/uploads\/2025\/06\/nano_top_side_guide.png 1300w, https:\/\/rczone.ee\/wp-content\/uploads\/2025\/06\/nano_top_side_guide-556x400.png 556w, https:\/\/rczone.ee\/wp-content\/uploads\/2025\/06\/nano_top_side_guide-1112x800.png 1112w, https:\/\/rczone.ee\/wp-content\/uploads\/2025\/06\/nano_top_side_guide-768x552.png 768w, https:\/\/rczone.ee\/wp-content\/uploads\/2025\/06\/nano_top_side_guide-18x12.png 18w, https:\/\/rczone.ee\/wp-content\/uploads\/2025\/06\/nano_top_side_guide-900x647.png 900w\" sizes=\"(max-width: 801px) 100vw, 801px\" \/><\/p>\n<p data-start=\"2063\" data-end=\"2268\"><img decoding=\"async\" class=\"alignnone wp-image-3354\" src=\"https:\/\/rczone.ee\/wp-content\/uploads\/2025\/06\/nano_front_rear_guide.png\" alt=\"\" width=\"801\" height=\"292\" srcset=\"https:\/\/rczone.ee\/wp-content\/uploads\/2025\/06\/nano_front_rear_guide.png 1300w, https:\/\/rczone.ee\/wp-content\/uploads\/2025\/06\/nano_front_rear_guide-800x292.png 800w, https:\/\/rczone.ee\/wp-content\/uploads\/2025\/06\/nano_front_rear_guide-768x280.png 768w, https:\/\/rczone.ee\/wp-content\/uploads\/2025\/06\/nano_front_rear_guide-18x7.png 18w, https:\/\/rczone.ee\/wp-content\/uploads\/2025\/06\/nano_front_rear_guide-900x328.png 900w\" sizes=\"(max-width: 801px) 100vw, 801px\" \/><\/p>","protected":false},"excerpt":{"rendered":"<ul>\n<li style=\"line-height: 1; padding-top: 20px;\">Nov\u0113rt\u0113jums: Par<\/li>\n<li style=\"line-height: 1;\">Lietot\u0101ju vecuma diapazons: 8-13 gadi<\/li>\n<li style=\"line-height: 1;\">Kategorija: nano<\/li>\n<li style=\"line-height: 1;\">M\u0113rogi: 1:64<\/li>\n<li style=\"line-height: 1;\">Vilces ass: 2WD<\/li>\n<li style=\"line-height: 1;\">Pabeig\u0161ana: gatavs darbam<\/li>\n<li style=\"line-height: 1;\">Ener\u0123ija: elektroener\u0123ija<\/li>\n<\/ul>","protected":false},"featured_media":3343,"comment_status":"open","ping_status":"closed","template":"","meta":{"_monsterinsights_skip_tracking":false,"_monsterinsights_sitenote_active":false,"_monsterinsights_sitenote_note":"","_monsterinsights_sitenote_category":0},"fits_model":[],"product_brand":[],"product_cat":[110],"product_tag":[84],"woo-feed-brand":[86],"class_list":{"0":"post-3342","1":"product","2":"type-product","3":"status-publish","4":"has-post-thumbnail","6":"product_cat-nano","7":"product_tag-standard","8":"woo-feed-brand-hpi-racing","10":"first","11":"instock","12":"taxable","13":"shipping-taxable","14":"purchasable","15":"product-type-simple"},"yoast_head":"<!-- This site is optimized with the Yoast SEO plugin v27.6 - https:\/\/yoast.com\/product\/yoast-seo-wordpress\/ -->\n<title>HPI Racing nano-TTR 1969 Ford Mustang RTR-X - RC Zone | Raadio teel juhitavad autod<\/title>\n<meta name=\"robots\" content=\"index, follow, max-snippet:-1, max-image-preview:large, max-video-preview:-1\" \/>\n<link rel=\"canonical\" href=\"https:\/\/rczone.ee\/lv\/products\/hpi-racing-nano-ttr-1969-ford-mustang-rtr-x\/\" \/>\n<meta property=\"og:locale\" content=\"lv_LV\" \/>\n<meta property=\"og:type\" content=\"article\" \/>\n<meta property=\"og:title\" content=\"HPI Racing nano-TTR 1969 Ford Mustang RTR-X - RC Zone | Raadio teel juhitavad autod\" \/>\n<meta property=\"og:description\" content=\"Rate: Pro  Kasutaja vanuseklass: 8-13  Kategooria: Nano  Skaala: 1:64  Vedav sild: 2WD  Komplekteeritus: Ready-To-Run  Energia: Elekter\" \/>\n<meta property=\"og:url\" content=\"https:\/\/rczone.ee\/lv\/products\/hpi-racing-nano-ttr-1969-ford-mustang-rtr-x\/\" \/>\n<meta property=\"og:site_name\" content=\"RC Zone | Raadio teel juhitavad autod\" \/>\n<meta property=\"article:publisher\" content=\"https:\/\/www.facebook.com\/rczone.ee\" \/>\n<meta property=\"article:modified_time\" content=\"2026-01-14T19:36:30+00:00\" \/>\n<meta property=\"og:image\" content=\"https:\/\/rczone.ee\/wp-content\/uploads\/2025\/06\/160980.jpg\" \/>\n\t<meta property=\"og:image:width\" content=\"800\" \/>\n\t<meta property=\"og:image:height\" content=\"800\" \/>\n\t<meta property=\"og:image:type\" content=\"image\/jpeg\" \/>\n<meta name=\"twitter:card\" content=\"summary_large_image\" \/>\n<meta name=\"twitter:label1\" content=\"Est. reading time\" \/>\n\t<meta name=\"twitter:data1\" content=\"4 min\u016btes\" \/>\n<script type=\"application\/ld+json\" class=\"yoast-schema-graph\">{\"@context\":\"https:\\\/\\\/schema.org\",\"@graph\":[{\"@type\":\"WebPage\",\"@id\":\"https:\\\/\\\/rczone.ee\\\/toode\\\/hpi-racing-nano-ttr-1969-ford-mustang-rtr-x\\\/\",\"url\":\"https:\\\/\\\/rczone.ee\\\/toode\\\/hpi-racing-nano-ttr-1969-ford-mustang-rtr-x\\\/\",\"name\":\"HPI Racing nano-TTR 1969 Ford Mustang RTR-X - RC Zone | Raadio teel juhitavad autod\",\"isPartOf\":{\"@id\":\"https:\\\/\\\/rczone.ee\\\/#website\"},\"primaryImageOfPage\":{\"@id\":\"https:\\\/\\\/rczone.ee\\\/toode\\\/hpi-racing-nano-ttr-1969-ford-mustang-rtr-x\\\/#primaryimage\"},\"image\":{\"@id\":\"https:\\\/\\\/rczone.ee\\\/toode\\\/hpi-racing-nano-ttr-1969-ford-mustang-rtr-x\\\/#primaryimage\"},\"thumbnailUrl\":\"https:\\\/\\\/rczone.ee\\\/wp-content\\\/uploads\\\/2025\\\/06\\\/160980.jpg\",\"datePublished\":\"2025-06-25T19:00:19+00:00\",\"dateModified\":\"2026-01-14T19:36:30+00:00\",\"breadcrumb\":{\"@id\":\"https:\\\/\\\/rczone.ee\\\/toode\\\/hpi-racing-nano-ttr-1969-ford-mustang-rtr-x\\\/#breadcrumb\"},\"inLanguage\":\"lv-LV\",\"potentialAction\":[{\"@type\":\"ReadAction\",\"target\":[\"https:\\\/\\\/rczone.ee\\\/toode\\\/hpi-racing-nano-ttr-1969-ford-mustang-rtr-x\\\/\"]}]},{\"@type\":\"ImageObject\",\"inLanguage\":\"lv-LV\",\"@id\":\"https:\\\/\\\/rczone.ee\\\/toode\\\/hpi-racing-nano-ttr-1969-ford-mustang-rtr-x\\\/#primaryimage\",\"url\":\"https:\\\/\\\/rczone.ee\\\/wp-content\\\/uploads\\\/2025\\\/06\\\/160980.jpg\",\"contentUrl\":\"https:\\\/\\\/rczone.ee\\\/wp-content\\\/uploads\\\/2025\\\/06\\\/160980.jpg\",\"width\":800,\"height\":800},{\"@type\":\"BreadcrumbList\",\"@id\":\"https:\\\/\\\/rczone.ee\\\/toode\\\/hpi-racing-nano-ttr-1969-ford-mustang-rtr-x\\\/#breadcrumb\",\"itemListElement\":[{\"@type\":\"ListItem\",\"position\":1,\"name\":\"Home\",\"item\":\"https:\\\/\\\/rczone.ee\\\/\"},{\"@type\":\"ListItem\",\"position\":2,\"name\":\"Shop\",\"item\":\"https:\\\/\\\/rczone.ee\\\/shop\\\/\"},{\"@type\":\"ListItem\",\"position\":3,\"name\":\"HPI Racing nano-TTR 1969 Ford Mustang RTR-X\"}]},{\"@type\":\"WebSite\",\"@id\":\"https:\\\/\\\/rczone.ee\\\/#website\",\"url\":\"https:\\\/\\\/rczone.ee\\\/\",\"name\":\"RcZone\",\"description\":\"RcZone - Raadio teel juhitavate autode veebipood. M&uuml;&uuml;me laia valikut kvaliteetseid ja v&otilde;imsaid RC-autosid. Kiire tarne ja konkurentsiv&otilde;imelised hinnad.\",\"publisher\":{\"@id\":\"https:\\\/\\\/rczone.ee\\\/#organization\"},\"potentialAction\":[{\"@type\":\"SearchAction\",\"target\":{\"@type\":\"EntryPoint\",\"urlTemplate\":\"https:\\\/\\\/rczone.ee\\\/?s={search_term_string}\"},\"query-input\":{\"@type\":\"PropertyValueSpecification\",\"valueRequired\":true,\"valueName\":\"search_term_string\"}}],\"inLanguage\":\"lv-LV\"},{\"@type\":\"Organization\",\"@id\":\"https:\\\/\\\/rczone.ee\\\/#organization\",\"name\":\"RcZone\",\"url\":\"https:\\\/\\\/rczone.ee\\\/\",\"logo\":{\"@type\":\"ImageObject\",\"inLanguage\":\"lv-LV\",\"@id\":\"https:\\\/\\\/rczone.ee\\\/#\\\/schema\\\/logo\\\/image\\\/\",\"url\":\"https:\\\/\\\/rczone.ee\\\/wp-content\\\/uploads\\\/2024\\\/01\\\/3D.png\",\"contentUrl\":\"https:\\\/\\\/rczone.ee\\\/wp-content\\\/uploads\\\/2024\\\/01\\\/3D.png\",\"width\":2080,\"height\":602,\"caption\":\"RcZone\"},\"image\":{\"@id\":\"https:\\\/\\\/rczone.ee\\\/#\\\/schema\\\/logo\\\/image\\\/\"},\"sameAs\":[\"https:\\\/\\\/www.facebook.com\\\/rczone.ee\"]}]}<\/script>\n<!-- \/ Yoast SEO plugin. -->","yoast_head_json":{"title":"HPI Racing nano-TTR 1969 Ford Mustang RTR-X - RC Zone | Radio vad\u0101mi auto","robots":{"index":"index","follow":"follow","max-snippet":"max-snippet:-1","max-image-preview":"max-image-preview:large","max-video-preview":"max-video-preview:-1"},"canonical":"https:\/\/rczone.ee\/lv\/products\/hpi-racing-nano-ttr-1969-ford-mustang-rtr-x\/","og_locale":"lv_LV","og_type":"article","og_title":"HPI Racing nano-TTR 1969 Ford Mustang RTR-X - RC Zone | Raadio teel juhitavad autod","og_description":"Rate: Pro  Kasutaja vanuseklass: 8-13  Kategooria: Nano  Skaala: 1:64  Vedav sild: 2WD  Komplekteeritus: Ready-To-Run  Energia: Elekter","og_url":"https:\/\/rczone.ee\/lv\/products\/hpi-racing-nano-ttr-1969-ford-mustang-rtr-x\/","og_site_name":"RC Zone | Raadio teel juhitavad autod","article_publisher":"https:\/\/www.facebook.com\/rczone.ee","article_modified_time":"2026-01-14T19:36:30+00:00","og_image":[{"width":800,"height":800,"url":"https:\/\/rczone.ee\/wp-content\/uploads\/2025\/06\/160980.jpg","type":"image\/jpeg"}],"twitter_card":"summary_large_image","twitter_misc":{"Est. reading time":"4 min\u016btes"},"schema":{"@context":"https:\/\/schema.org","@graph":[{"@type":"WebPage","@id":"https:\/\/rczone.ee\/toode\/hpi-racing-nano-ttr-1969-ford-mustang-rtr-x\/","url":"https:\/\/rczone.ee\/toode\/hpi-racing-nano-ttr-1969-ford-mustang-rtr-x\/","name":"HPI Racing nano-TTR 1969 Ford Mustang RTR-X - RC Zone | Radio vad\u0101mi auto","isPartOf":{"@id":"https:\/\/rczone.ee\/#website"},"primaryImageOfPage":{"@id":"https:\/\/rczone.ee\/toode\/hpi-racing-nano-ttr-1969-ford-mustang-rtr-x\/#primaryimage"},"image":{"@id":"https:\/\/rczone.ee\/toode\/hpi-racing-nano-ttr-1969-ford-mustang-rtr-x\/#primaryimage"},"thumbnailUrl":"https:\/\/rczone.ee\/wp-content\/uploads\/2025\/06\/160980.jpg","datePublished":"2025-06-25T19:00:19+00:00","dateModified":"2026-01-14T19:36:30+00:00","breadcrumb":{"@id":"https:\/\/rczone.ee\/toode\/hpi-racing-nano-ttr-1969-ford-mustang-rtr-x\/#breadcrumb"},"inLanguage":"lv-LV","potentialAction":[{"@type":"ReadAction","target":["https:\/\/rczone.ee\/toode\/hpi-racing-nano-ttr-1969-ford-mustang-rtr-x\/"]}]},{"@type":"ImageObject","inLanguage":"lv-LV","@id":"https:\/\/rczone.ee\/toode\/hpi-racing-nano-ttr-1969-ford-mustang-rtr-x\/#primaryimage","url":"https:\/\/rczone.ee\/wp-content\/uploads\/2025\/06\/160980.jpg","contentUrl":"https:\/\/rczone.ee\/wp-content\/uploads\/2025\/06\/160980.jpg","width":800,"height":800},{"@type":"BreadcrumbList","@id":"https:\/\/rczone.ee\/toode\/hpi-racing-nano-ttr-1969-ford-mustang-rtr-x\/#breadcrumb","itemListElement":[{"@type":"ListItem","position":1,"name":"Home","item":"https:\/\/rczone.ee\/"},{"@type":"ListItem","position":2,"name":"Shop","item":"https:\/\/rczone.ee\/shop\/"},{"@type":"ListItem","position":3,"name":"HPI Racing nano-TTR 1969 Ford Mustang RTR-X"}]},{"@type":"WebSite","@id":"https:\/\/rczone.ee\/#website","url":"https:\/\/rczone.ee\/","name":"RcZone","description":"RcZone - Radio vad\u0101mo automobi\u013cu tie\u0161saistes veikals. M\u0113s p\u0101rdodam pla\u0161u augstas kvalit\u0101tes un jaud\u012bgu RC automobi\u013cu kl\u0101stu. \u0100tra pieg\u0101de un konkur\u0113tsp\u0113j\u012bgas cenas.","publisher":{"@id":"https:\/\/rczone.ee\/#organization"},"potentialAction":[{"@type":"SearchAction","target":{"@type":"EntryPoint","urlTemplate":"https:\/\/rczone.ee\/?s={search_term_string}"},"query-input":{"@type":"PropertyValueSpecification","valueRequired":true,"valueName":"search_term_string"}}],"inLanguage":"lv-LV"},{"@type":"Organization","@id":"https:\/\/rczone.ee\/#organization","name":"RcZone","url":"https:\/\/rczone.ee\/","logo":{"@type":"ImageObject","inLanguage":"lv-LV","@id":"https:\/\/rczone.ee\/#\/schema\/logo\/image\/","url":"https:\/\/rczone.ee\/wp-content\/uploads\/2024\/01\/3D.png","contentUrl":"https:\/\/rczone.ee\/wp-content\/uploads\/2024\/01\/3D.png","width":2080,"height":602,"caption":"RcZone"},"image":{"@id":"https:\/\/rczone.ee\/#\/schema\/logo\/image\/"},"sameAs":["https:\/\/www.facebook.com\/rczone.ee"]}]}},"_links":{"self":[{"href":"https:\/\/rczone.ee\/lv\/wp-json\/wp\/v2\/product\/3342","targetHints":{"allow":["GET"]}}],"collection":[{"href":"https:\/\/rczone.ee\/lv\/wp-json\/wp\/v2\/product"}],"about":[{"href":"https:\/\/rczone.ee\/lv\/wp-json\/wp\/v2\/types\/product"}],"replies":[{"embeddable":true,"href":"https:\/\/rczone.ee\/lv\/wp-json\/wp\/v2\/comments?post=3342"}],"wp:featuredmedia":[{"embeddable":true,"href":"https:\/\/rczone.ee\/lv\/wp-json\/wp\/v2\/media\/3343"}],"wp:attachment":[{"href":"https:\/\/rczone.ee\/lv\/wp-json\/wp\/v2\/media?parent=3342"}],"wp:term":[{"taxonomy":"fits_model","embeddable":true,"href":"https:\/\/rczone.ee\/lv\/wp-json\/wp\/v2\/fits_model?post=3342"},{"taxonomy":"product_brand","embeddable":true,"href":"https:\/\/rczone.ee\/lv\/wp-json\/wp\/v2\/product_brand?post=3342"},{"taxonomy":"product_cat","embeddable":true,"href":"https:\/\/rczone.ee\/lv\/wp-json\/wp\/v2\/product_cat?post=3342"},{"taxonomy":"product_tag","embeddable":true,"href":"https:\/\/rczone.ee\/lv\/wp-json\/wp\/v2\/product_tag?post=3342"},{"taxonomy":"woo-feed-brand","embeddable":true,"href":"https:\/\/rczone.ee\/lv\/wp-json\/wp\/v2\/woo-feed-brand?post=3342"}],"curies":[{"name":"wp","href":"https:\/\/api.w.org\/{rel}","templated":true}]}}