{"id":3360,"date":"2025-06-26T21:09:56","date_gmt":"2025-06-26T18:09:56","guid":{"rendered":"https:\/\/rczone.ee\/?post_type=product&#038;p=3360"},"modified":"2026-05-12T17:21:58","modified_gmt":"2026-05-12T14:21:58","slug":"blackzon-slyder-mt-1-16-4wd-monster-truck","status":"publish","type":"product","link":"https:\/\/rczone.ee\/lv\/toode\/blackzon-slyder-mt-1-16-4wd-monster-truck\/","title":{"rendered":"BLACKZON Slyder MT 1\/16 4WD Monster Truck"},"content":{"rendered":"<h3 data-pm-slice=\"1 1 []\">BLACKZON Slyder MT 1\/16 4WD Monster Truck - Mazs, bet varens piedz\u012bvojums s\u0101kas \u0161eit!<\/h3>\n<p><img decoding=\"async\" class=\"alignnone size-full wp-image-3387\" src=\"https:\/\/rczone.ee\/wp-content\/uploads\/2025\/06\/slyder_mt_orange_web_header.png\" alt=\"\" width=\"1300\" height=\"456\" srcset=\"https:\/\/rczone.ee\/wp-content\/uploads\/2025\/06\/slyder_mt_orange_web_header.png 1300w, https:\/\/rczone.ee\/wp-content\/uploads\/2025\/06\/slyder_mt_orange_web_header-800x281.png 800w, https:\/\/rczone.ee\/wp-content\/uploads\/2025\/06\/slyder_mt_orange_web_header-768x269.png 768w, https:\/\/rczone.ee\/wp-content\/uploads\/2025\/06\/slyder_mt_orange_web_header-18x6.png 18w, https:\/\/rczone.ee\/wp-content\/uploads\/2025\/06\/slyder_mt_orange_web_header-900x316.png 900w\" sizes=\"(max-width: 1300px) 100vw, 1300px\" \/><\/p>\n<p>Vai esat gatavs savam pirmajam lielajam l\u0113cienam aizraujo\u0161aj\u0101 radio vad\u0101mo automobi\u013cu pasaul\u0113? BLACKZON Slyder MT 1\/16 4WD Monster Truck ir ide\u0101la izv\u0113le jebkuram ies\u0101c\u0113jam RcZone.ee tie\u0161saistes veikal\u0101, pied\u0101v\u0101jot milzum daudz for\u0161as r\u012bc\u012bbas.<\/p>\n<p>Slyder MT ir paredz\u0113ts aizraujo\u0161iem l\u0113cieniem, uzmundrino\u0161iem trikiem un \u0101trgaitas brauk\u0161anai jebkur\u0101 apvid\u016b. Pateicoties t\u0101 \u010detru rite\u0146u piedzi\u0146ai, neatkar\u012bgajai dubult\u0101s \u0161arn\u012bra balstiek\u0101rtai un regul\u0113jamiem amortizatoriem, \u0161is modelis viegli p\u0101rvar jebkuru \u0161\u0137\u0113rsli gan telp\u0101s, gan \u0101rpus t\u0101m. Turkl\u0101t \u016bdensnecaurlaid\u012bga elektronika, pret net\u012brumiem iztur\u012bga p\u0101rnesumk\u0101rba un iztur\u012bga servo aizsardz\u012bba padara brauk\u0161anu ar Slyder MT dro\u0161u un bez raiz\u0113m.<\/p>\n<p>BLACKZON Slyder MT Monster Truck ne tikai izce\u013cas ar savu uzman\u012bbu piesaisto\u0161o melno un za\u013co dizainu un at\u0161\u0137ir\u012bgajiem rite\u0146iem, bet ar\u012b nodro\u0161ina izcilu veiktsp\u0113ju. Jaud\u012bgs 390 elektromotors ar suk\u0101m un Li-Ion akumulators (7,4 V, 800 mAh) nodro\u0161ina kravas automa\u0161\u012bnai maksim\u0101lo \u0101trumu ~27 km\/h, nodro\u0161inot \u0101tru un vienm\u0113r\u012bgu brauk\u0161anu. Kru\u012bza kontrole \u013cauj viegli kontrol\u0113t brauk\u0161anas stilu, padarot auto piem\u0113rotu jaun\u0101kiem brauc\u0113jiem un ies\u0101c\u0113jiem.<\/p>\n<p>Papildiniet savu piedz\u012bvojumu ar komplekt\u0101 iek\u013cautajiem LED lukturiem, kas padara brauk\u0161anu tums\u0101 v\u0113l aizraujo\u0161\u0101ku un iespaid\u012bg\u0101ku.<\/p>\n<p><img decoding=\"async\" class=\"alignnone size-full wp-image-3386\" src=\"https:\/\/rczone.ee\/wp-content\/uploads\/2025\/06\/slyder_mt_features.png\" alt=\"\" width=\"1300\" height=\"315\" srcset=\"https:\/\/rczone.ee\/wp-content\/uploads\/2025\/06\/slyder_mt_features.png 1300w, https:\/\/rczone.ee\/wp-content\/uploads\/2025\/06\/slyder_mt_features-800x194.png 800w, https:\/\/rczone.ee\/wp-content\/uploads\/2025\/06\/slyder_mt_features-768x186.png 768w, https:\/\/rczone.ee\/wp-content\/uploads\/2025\/06\/slyder_mt_features-18x4.png 18w, https:\/\/rczone.ee\/wp-content\/uploads\/2025\/06\/slyder_mt_features-900x218.png 900w\" sizes=\"(max-width: 1300px) 100vw, 1300px\" \/><\/p>\n<h3>BLACKZON Slyder MT Monster Truck galven\u0101s priek\u0161roc\u012bbas un funkcijas:<\/h3>\n<ul data-spread=\"false\">\n<li>\u010cetru rite\u0146u piedzi\u0146a (4WD)<\/li>\n<li>Neatkar\u012bga dubult\u0101s sviras balstiek\u0101rta<\/li>\n<li>Regul\u0113jami amortizatori<\/li>\n<li>Priek\u0161\u0113jie un aizmugur\u0113jie diferenci\u0101\u013ci<\/li>\n<li>\u016adensnecaurlaid\u012bga elektronika un net\u012brumus atgr\u016bdo\u0161s p\u0101rkl\u0101jums<\/li>\n<li>Servo aizsardz\u012bbas sist\u0113ma<\/li>\n<li>2,4 GHz t\u0101lvad\u012bbas pults<\/li>\n<li>Komplekt\u0101cij\u0101 ir Li-Ion akumulators (7,4 V, 800 mAh) un USB l\u0101d\u0113t\u0101js.<\/li>\n<li>Pieg\u0101d\u0101 ar papildu LED priek\u0161\u0113jiem lukturiem<\/li>\n<li>Regul\u0113jams \u0101trums l\u012bdz 27 km\/h<\/li>\n<\/ul>\n<p><iframe title=\"YouTube videoklipu atska\u0146ot\u0101js\" src=\"https:\/\/www.youtube.com\/embed\/8hCuPDsPGgk?si=z_9A-0GRDds0kUm2\" width=\"896\" height=\"504\" frameborder=\"0\" allowfullscreen=\"allowfullscreen\"><\/iframe><\/p>\n<h3>Tehniskie dati:<\/h3>\n<ul data-spread=\"false\">\n<li>Garums: 270 mm<\/li>\n<li>Platums: 215 mm<\/li>\n<li>Augstums: 130 mm<\/li>\n<li>Centra att\u0101lums: 175 mm<\/li>\n<\/ul>\n<h3>Turkl\u0101t jums ir nepiecie\u0161ams:<\/h3>\n<ul data-spread=\"false\">\n<li>2x AA baterijas t\u0101lvad\u012bbas pults<\/li>\n<\/ul>\n<p>Pas\u016btiet savu BLACKZON Slyder MT jau \u0161odien no RcZone.ee un s\u0101ciet izbaud\u012bt nebeidzamus un aizraujo\u0161us braucienus!<\/p>\n<p><img decoding=\"async\" class=\"alignnone wp-image-3384\" src=\"https:\/\/rczone.ee\/wp-content\/uploads\/2025\/06\/slyder_mt_colours.png\" alt=\"\" width=\"800\" height=\"277\" srcset=\"https:\/\/rczone.ee\/wp-content\/uploads\/2025\/06\/slyder_mt_colours.png 1300w, https:\/\/rczone.ee\/wp-content\/uploads\/2025\/06\/slyder_mt_colours-800x277.png 800w, https:\/\/rczone.ee\/wp-content\/uploads\/2025\/06\/slyder_mt_colours-768x266.png 768w, https:\/\/rczone.ee\/wp-content\/uploads\/2025\/06\/slyder_mt_colours-18x6.png 18w, https:\/\/rczone.ee\/wp-content\/uploads\/2025\/06\/slyder_mt_colours-900x312.png 900w\" sizes=\"(max-width: 800px) 100vw, 800px\" \/><\/p>\n<p><img decoding=\"async\" class=\"alignnone wp-image-3385\" src=\"https:\/\/rczone.ee\/wp-content\/uploads\/2025\/06\/slyder_mt_dimensions.png\" alt=\"\" width=\"799\" height=\"298\" srcset=\"https:\/\/rczone.ee\/wp-content\/uploads\/2025\/06\/slyder_mt_dimensions.png 1300w, https:\/\/rczone.ee\/wp-content\/uploads\/2025\/06\/slyder_mt_dimensions-800x298.png 800w, https:\/\/rczone.ee\/wp-content\/uploads\/2025\/06\/slyder_mt_dimensions-768x287.png 768w, https:\/\/rczone.ee\/wp-content\/uploads\/2025\/06\/slyder_mt_dimensions-18x7.png 18w, https:\/\/rczone.ee\/wp-content\/uploads\/2025\/06\/slyder_mt_dimensions-900x336.png 900w\" sizes=\"(max-width: 799px) 100vw, 799px\" \/><\/p>\n<p><img decoding=\"async\" class=\"alignnone wp-image-3383\" src=\"https:\/\/rczone.ee\/wp-content\/uploads\/2025\/06\/slyder_mt_box_contents.png\" alt=\"\" width=\"800\" height=\"492\" srcset=\"https:\/\/rczone.ee\/wp-content\/uploads\/2025\/06\/slyder_mt_box_contents.png 1300w, https:\/\/rczone.ee\/wp-content\/uploads\/2025\/06\/slyder_mt_box_contents-650x400.png 650w, https:\/\/rczone.ee\/wp-content\/uploads\/2025\/06\/slyder_mt_box_contents-768x473.png 768w, https:\/\/rczone.ee\/wp-content\/uploads\/2025\/06\/slyder_mt_box_contents-18x12.png 18w, https:\/\/rczone.ee\/wp-content\/uploads\/2025\/06\/slyder_mt_box_contents-900x554.png 900w\" sizes=\"(max-width: 800px) 100vw, 800px\" \/><\/p>","protected":false},"excerpt":{"rendered":"<ul>\n<li style=\"line-height: 1; padding-top: 20px;\">Nov\u0113rt\u0113jums: Spark<\/li>\n<li style=\"line-height: 1;\">Lietot\u0101ja vecuma diapazons: 5-8 gadi<\/li>\n<li style=\"line-height: 1;\">Kategorija: monster truck<\/li>\n<li style=\"line-height: 1;\">M\u0113rogi: 1:16<\/li>\n<li style=\"line-height: 1;\">Vilces ass: 4WD<\/li>\n<li style=\"line-height: 1;\">Maksim\u0101lais \u0101trums: 27 km\/h<\/li>\n<li style=\"line-height: 1;\">Pabeig\u0161ana: gatavs darbam<\/li>\n<li style=\"line-height: 1;\">Ener\u0123ija: elektroener\u0123ija<\/li>\n<\/ul>","protected":false},"featured_media":3375,"comment_status":"open","ping_status":"closed","template":"","meta":{"_monsterinsights_skip_tracking":false,"_monsterinsights_sitenote_active":false,"_monsterinsights_sitenote_note":"","_monsterinsights_sitenote_category":0},"fits_model":[],"product_brand":[],"product_cat":[32],"product_tag":[84],"woo-feed-brand":[105],"class_list":{"0":"post-3360","1":"product","2":"type-product","3":"status-publish","4":"has-post-thumbnail","6":"product_cat-monster-truck","7":"product_tag-standard","8":"woo-feed-brand-blackzon","10":"first","11":"instock","12":"taxable","13":"shipping-taxable","14":"purchasable","15":"product-type-variable","16":"has-default-attributes"},"yoast_head":"<!-- This site is optimized with the Yoast SEO plugin v27.6 - https:\/\/yoast.com\/product\/yoast-seo-wordpress\/ -->\n<title>BLACKZON Slyder MT 1\/16 4WD Monster Truck - RC Zone | Raadio teel juhitavad autod<\/title>\n<meta name=\"robots\" content=\"index, follow, max-snippet:-1, max-image-preview:large, max-video-preview:-1\" \/>\n<link rel=\"canonical\" href=\"https:\/\/rczone.ee\/lv\/products\/blackzon-slyder-mt-1-16-4wd-monster-truck\/\" \/>\n<meta property=\"og:locale\" content=\"lv_LV\" \/>\n<meta property=\"og:type\" content=\"article\" \/>\n<meta property=\"og:title\" content=\"BLACKZON Slyder MT 1\/16 4WD Monster Truck - RC Zone | Raadio teel juhitavad autod\" \/>\n<meta property=\"og:description\" content=\"Rate: Spark  Kasutaja vanuseklass: 5-8  Kategooria: Monster Truck  Skaala: 1:16  Vedav sild: 4WD  Max kiirus: 27 km\/h  Komplekteeritus: Ready-To-Run  Energia: Elekter\" \/>\n<meta property=\"og:url\" content=\"https:\/\/rczone.ee\/lv\/products\/blackzon-slyder-mt-1-16-4wd-monster-truck\/\" \/>\n<meta property=\"og:site_name\" content=\"RC Zone | Raadio teel juhitavad autod\" \/>\n<meta property=\"article:publisher\" content=\"https:\/\/www.facebook.com\/rczone.ee\" \/>\n<meta property=\"article:modified_time\" content=\"2026-05-12T14:21:58+00:00\" \/>\n<meta property=\"og:image\" content=\"https:\/\/rczone.ee\/wp-content\/uploads\/2025\/06\/BZ_Slyder_MT_LowThreeQuarter_Green.jpg\" \/>\n\t<meta property=\"og:image:width\" content=\"800\" \/>\n\t<meta property=\"og:image:height\" content=\"800\" \/>\n\t<meta property=\"og:image:type\" content=\"image\/jpeg\" \/>\n<meta name=\"twitter:card\" content=\"summary_large_image\" \/>\n<meta name=\"twitter:label1\" content=\"Est. reading time\" \/>\n\t<meta name=\"twitter:data1\" content=\"3 min\u016btes\" \/>\n<script type=\"application\/ld+json\" class=\"yoast-schema-graph\">{\"@context\":\"https:\\\/\\\/schema.org\",\"@graph\":[{\"@type\":\"WebPage\",\"@id\":\"https:\\\/\\\/rczone.ee\\\/toode\\\/blackzon-slyder-mt-1-16-4wd-monster-truck\\\/\",\"url\":\"https:\\\/\\\/rczone.ee\\\/toode\\\/blackzon-slyder-mt-1-16-4wd-monster-truck\\\/\",\"name\":\"BLACKZON Slyder MT 1\\\/16 4WD Monster Truck - RC Zone | Raadio teel juhitavad autod\",\"isPartOf\":{\"@id\":\"https:\\\/\\\/rczone.ee\\\/#website\"},\"primaryImageOfPage\":{\"@id\":\"https:\\\/\\\/rczone.ee\\\/toode\\\/blackzon-slyder-mt-1-16-4wd-monster-truck\\\/#primaryimage\"},\"image\":{\"@id\":\"https:\\\/\\\/rczone.ee\\\/toode\\\/blackzon-slyder-mt-1-16-4wd-monster-truck\\\/#primaryimage\"},\"thumbnailUrl\":\"https:\\\/\\\/rczone.ee\\\/wp-content\\\/uploads\\\/2025\\\/06\\\/BZ_Slyder_MT_LowThreeQuarter_Green.jpg\",\"datePublished\":\"2025-06-26T18:09:56+00:00\",\"dateModified\":\"2026-05-12T14:21:58+00:00\",\"breadcrumb\":{\"@id\":\"https:\\\/\\\/rczone.ee\\\/toode\\\/blackzon-slyder-mt-1-16-4wd-monster-truck\\\/#breadcrumb\"},\"inLanguage\":\"lv-LV\",\"potentialAction\":[{\"@type\":\"ReadAction\",\"target\":[\"https:\\\/\\\/rczone.ee\\\/toode\\\/blackzon-slyder-mt-1-16-4wd-monster-truck\\\/\"]}]},{\"@type\":\"ImageObject\",\"inLanguage\":\"lv-LV\",\"@id\":\"https:\\\/\\\/rczone.ee\\\/toode\\\/blackzon-slyder-mt-1-16-4wd-monster-truck\\\/#primaryimage\",\"url\":\"https:\\\/\\\/rczone.ee\\\/wp-content\\\/uploads\\\/2025\\\/06\\\/BZ_Slyder_MT_LowThreeQuarter_Green.jpg\",\"contentUrl\":\"https:\\\/\\\/rczone.ee\\\/wp-content\\\/uploads\\\/2025\\\/06\\\/BZ_Slyder_MT_LowThreeQuarter_Green.jpg\",\"width\":800,\"height\":800},{\"@type\":\"BreadcrumbList\",\"@id\":\"https:\\\/\\\/rczone.ee\\\/toode\\\/blackzon-slyder-mt-1-16-4wd-monster-truck\\\/#breadcrumb\",\"itemListElement\":[{\"@type\":\"ListItem\",\"position\":1,\"name\":\"Home\",\"item\":\"https:\\\/\\\/rczone.ee\\\/\"},{\"@type\":\"ListItem\",\"position\":2,\"name\":\"Shop\",\"item\":\"https:\\\/\\\/rczone.ee\\\/shop\\\/\"},{\"@type\":\"ListItem\",\"position\":3,\"name\":\"BLACKZON Slyder MT 1\\\/16 4WD Monster Truck\"}]},{\"@type\":\"WebSite\",\"@id\":\"https:\\\/\\\/rczone.ee\\\/#website\",\"url\":\"https:\\\/\\\/rczone.ee\\\/\",\"name\":\"RcZone\",\"description\":\"RcZone - Raadio teel juhitavate autode veebipood. M&uuml;&uuml;me laia valikut kvaliteetseid ja v&otilde;imsaid RC-autosid. Kiire tarne ja konkurentsiv&otilde;imelised hinnad.\",\"publisher\":{\"@id\":\"https:\\\/\\\/rczone.ee\\\/#organization\"},\"potentialAction\":[{\"@type\":\"SearchAction\",\"target\":{\"@type\":\"EntryPoint\",\"urlTemplate\":\"https:\\\/\\\/rczone.ee\\\/?s={search_term_string}\"},\"query-input\":{\"@type\":\"PropertyValueSpecification\",\"valueRequired\":true,\"valueName\":\"search_term_string\"}}],\"inLanguage\":\"lv-LV\"},{\"@type\":\"Organization\",\"@id\":\"https:\\\/\\\/rczone.ee\\\/#organization\",\"name\":\"RcZone\",\"url\":\"https:\\\/\\\/rczone.ee\\\/\",\"logo\":{\"@type\":\"ImageObject\",\"inLanguage\":\"lv-LV\",\"@id\":\"https:\\\/\\\/rczone.ee\\\/#\\\/schema\\\/logo\\\/image\\\/\",\"url\":\"https:\\\/\\\/rczone.ee\\\/wp-content\\\/uploads\\\/2024\\\/01\\\/3D.png\",\"contentUrl\":\"https:\\\/\\\/rczone.ee\\\/wp-content\\\/uploads\\\/2024\\\/01\\\/3D.png\",\"width\":2080,\"height\":602,\"caption\":\"RcZone\"},\"image\":{\"@id\":\"https:\\\/\\\/rczone.ee\\\/#\\\/schema\\\/logo\\\/image\\\/\"},\"sameAs\":[\"https:\\\/\\\/www.facebook.com\\\/rczone.ee\"]}]}<\/script>\n<!-- \/ Yoast SEO plugin. -->","yoast_head_json":{"title":"BLACKZON Slyder MT 1\/16 4WD Monster Truck - RC Zone | Radiovad\u0101mas automa\u0161\u012bnas","robots":{"index":"index","follow":"follow","max-snippet":"max-snippet:-1","max-image-preview":"max-image-preview:large","max-video-preview":"max-video-preview:-1"},"canonical":"https:\/\/rczone.ee\/lv\/products\/blackzon-slyder-mt-1-16-4wd-monster-truck\/","og_locale":"lv_LV","og_type":"article","og_title":"BLACKZON Slyder MT 1\/16 4WD Monster Truck - RC Zone | Raadio teel juhitavad autod","og_description":"Rate: Spark  Kasutaja vanuseklass: 5-8  Kategooria: Monster Truck  Skaala: 1:16  Vedav sild: 4WD  Max kiirus: 27 km\/h  Komplekteeritus: Ready-To-Run  Energia: Elekter","og_url":"https:\/\/rczone.ee\/lv\/products\/blackzon-slyder-mt-1-16-4wd-monster-truck\/","og_site_name":"RC Zone | Raadio teel juhitavad autod","article_publisher":"https:\/\/www.facebook.com\/rczone.ee","article_modified_time":"2026-05-12T14:21:58+00:00","og_image":[{"width":800,"height":800,"url":"https:\/\/rczone.ee\/wp-content\/uploads\/2025\/06\/BZ_Slyder_MT_LowThreeQuarter_Green.jpg","type":"image\/jpeg"}],"twitter_card":"summary_large_image","twitter_misc":{"Est. reading time":"3 min\u016btes"},"schema":{"@context":"https:\/\/schema.org","@graph":[{"@type":"WebPage","@id":"https:\/\/rczone.ee\/toode\/blackzon-slyder-mt-1-16-4wd-monster-truck\/","url":"https:\/\/rczone.ee\/toode\/blackzon-slyder-mt-1-16-4wd-monster-truck\/","name":"BLACKZON Slyder MT 1\/16 4WD Monster Truck - RC Zone | Radiovad\u0101mas automa\u0161\u012bnas","isPartOf":{"@id":"https:\/\/rczone.ee\/#website"},"primaryImageOfPage":{"@id":"https:\/\/rczone.ee\/toode\/blackzon-slyder-mt-1-16-4wd-monster-truck\/#primaryimage"},"image":{"@id":"https:\/\/rczone.ee\/toode\/blackzon-slyder-mt-1-16-4wd-monster-truck\/#primaryimage"},"thumbnailUrl":"https:\/\/rczone.ee\/wp-content\/uploads\/2025\/06\/BZ_Slyder_MT_LowThreeQuarter_Green.jpg","datePublished":"2025-06-26T18:09:56+00:00","dateModified":"2026-05-12T14:21:58+00:00","breadcrumb":{"@id":"https:\/\/rczone.ee\/toode\/blackzon-slyder-mt-1-16-4wd-monster-truck\/#breadcrumb"},"inLanguage":"lv-LV","potentialAction":[{"@type":"ReadAction","target":["https:\/\/rczone.ee\/toode\/blackzon-slyder-mt-1-16-4wd-monster-truck\/"]}]},{"@type":"ImageObject","inLanguage":"lv-LV","@id":"https:\/\/rczone.ee\/toode\/blackzon-slyder-mt-1-16-4wd-monster-truck\/#primaryimage","url":"https:\/\/rczone.ee\/wp-content\/uploads\/2025\/06\/BZ_Slyder_MT_LowThreeQuarter_Green.jpg","contentUrl":"https:\/\/rczone.ee\/wp-content\/uploads\/2025\/06\/BZ_Slyder_MT_LowThreeQuarter_Green.jpg","width":800,"height":800},{"@type":"BreadcrumbList","@id":"https:\/\/rczone.ee\/toode\/blackzon-slyder-mt-1-16-4wd-monster-truck\/#breadcrumb","itemListElement":[{"@type":"ListItem","position":1,"name":"Home","item":"https:\/\/rczone.ee\/"},{"@type":"ListItem","position":2,"name":"Shop","item":"https:\/\/rczone.ee\/shop\/"},{"@type":"ListItem","position":3,"name":"BLACKZON Slyder MT 1\/16 4WD Monster Truck"}]},{"@type":"WebSite","@id":"https:\/\/rczone.ee\/#website","url":"https:\/\/rczone.ee\/","name":"RcZone","description":"RcZone - Radio vad\u0101mo automobi\u013cu tie\u0161saistes veikals. M\u0113s p\u0101rdodam pla\u0161u augstas kvalit\u0101tes un jaud\u012bgu RC automobi\u013cu kl\u0101stu. \u0100tra pieg\u0101de un konkur\u0113tsp\u0113j\u012bgas cenas.","publisher":{"@id":"https:\/\/rczone.ee\/#organization"},"potentialAction":[{"@type":"SearchAction","target":{"@type":"EntryPoint","urlTemplate":"https:\/\/rczone.ee\/?s={search_term_string}"},"query-input":{"@type":"PropertyValueSpecification","valueRequired":true,"valueName":"search_term_string"}}],"inLanguage":"lv-LV"},{"@type":"Organization","@id":"https:\/\/rczone.ee\/#organization","name":"RcZone","url":"https:\/\/rczone.ee\/","logo":{"@type":"ImageObject","inLanguage":"lv-LV","@id":"https:\/\/rczone.ee\/#\/schema\/logo\/image\/","url":"https:\/\/rczone.ee\/wp-content\/uploads\/2024\/01\/3D.png","contentUrl":"https:\/\/rczone.ee\/wp-content\/uploads\/2024\/01\/3D.png","width":2080,"height":602,"caption":"RcZone"},"image":{"@id":"https:\/\/rczone.ee\/#\/schema\/logo\/image\/"},"sameAs":["https:\/\/www.facebook.com\/rczone.ee"]}]}},"_links":{"self":[{"href":"https:\/\/rczone.ee\/lv\/wp-json\/wp\/v2\/product\/3360","targetHints":{"allow":["GET"]}}],"collection":[{"href":"https:\/\/rczone.ee\/lv\/wp-json\/wp\/v2\/product"}],"about":[{"href":"https:\/\/rczone.ee\/lv\/wp-json\/wp\/v2\/types\/product"}],"replies":[{"embeddable":true,"href":"https:\/\/rczone.ee\/lv\/wp-json\/wp\/v2\/comments?post=3360"}],"wp:featuredmedia":[{"embeddable":true,"href":"https:\/\/rczone.ee\/lv\/wp-json\/wp\/v2\/media\/3375"}],"wp:attachment":[{"href":"https:\/\/rczone.ee\/lv\/wp-json\/wp\/v2\/media?parent=3360"}],"wp:term":[{"taxonomy":"fits_model","embeddable":true,"href":"https:\/\/rczone.ee\/lv\/wp-json\/wp\/v2\/fits_model?post=3360"},{"taxonomy":"product_brand","embeddable":true,"href":"https:\/\/rczone.ee\/lv\/wp-json\/wp\/v2\/product_brand?post=3360"},{"taxonomy":"product_cat","embeddable":true,"href":"https:\/\/rczone.ee\/lv\/wp-json\/wp\/v2\/product_cat?post=3360"},{"taxonomy":"product_tag","embeddable":true,"href":"https:\/\/rczone.ee\/lv\/wp-json\/wp\/v2\/product_tag?post=3360"},{"taxonomy":"woo-feed-brand","embeddable":true,"href":"https:\/\/rczone.ee\/lv\/wp-json\/wp\/v2\/woo-feed-brand?post=3360"}],"curies":[{"name":"wp","href":"https:\/\/api.w.org\/{rel}","templated":true}]}}