{"id":3391,"date":"2025-06-26T21:25:19","date_gmt":"2025-06-26T18:25:19","guid":{"rendered":"https:\/\/rczone.ee\/?post_type=product&#038;p=3391"},"modified":"2026-01-14T21:35:52","modified_gmt":"2026-01-14T19:35:52","slug":"blackzon-slyder-mt-turbo-1-16-4wd-2s-brushless","status":"publish","type":"product","link":"https:\/\/rczone.ee\/lv\/toode\/blackzon-slyder-mt-turbo-1-16-4wd-2s-brushless\/","title":{"rendered":"BLACKZON Slyder MT Turbo 1\/16 4WD 2S Brushless"},"content":{"rendered":"<h3 data-pm-slice=\"1 1 []\">Apskati BlackZon Slyder MT Turbo 1\/16 4WD 2S Brushless radio vad\u0101mo ma\u0161\u012bnu - \u012bstu adrenal\u012bna piedz\u012bvojumu no RcZone.ee!<\/h3>\n<p><img decoding=\"async\" class=\"alignnone size-full wp-image-3419\" src=\"https:\/\/rczone.ee\/wp-content\/uploads\/2025\/06\/slyder_mt_turbo_green_web_header.png\" alt=\"\" width=\"1300\" height=\"456\" srcset=\"https:\/\/rczone.ee\/wp-content\/uploads\/2025\/06\/slyder_mt_turbo_green_web_header.png 1300w, https:\/\/rczone.ee\/wp-content\/uploads\/2025\/06\/slyder_mt_turbo_green_web_header-800x281.png 800w, https:\/\/rczone.ee\/wp-content\/uploads\/2025\/06\/slyder_mt_turbo_green_web_header-768x269.png 768w, https:\/\/rczone.ee\/wp-content\/uploads\/2025\/06\/slyder_mt_turbo_green_web_header-18x6.png 18w, https:\/\/rczone.ee\/wp-content\/uploads\/2025\/06\/slyder_mt_turbo_green_web_header-900x316.png 900w\" sizes=\"(max-width: 1300px) 100vw, 1300px\" \/><\/p>\n<p>BlackZon Slyder ir lieliska izv\u0113le, ja v\u0113laties izbaud\u012bt RC pasaules bezgal\u012bg\u0101s iesp\u0113jas: l\u0113cienus, trikus, driftu un, protams, drosm\u012bgas av\u0101rijas! \u0160\u012b 1:16 m\u0113roga mode\u013ca iztur\u012bg\u0101 konstrukcija un vienk\u0101r\u0161\u0101 \"iel\u0101d\u0113 un brauc\" sist\u0113ma \u013cauj gan ies\u0101c\u0113jiem, gan pieredz\u0113ju\u0161iem brauc\u0113jiem izbaud\u012bt bezr\u016bp\u012bgu brauk\u0161anu.<\/p>\n<p>Pateicoties 4WD, neatkar\u012bgajai dubult\u0101s \u0161arn\u012brveida balstiek\u0101rtai un regul\u0113jamiem amortizatoriem, Slyder viegli p\u0101rvar visus apvidus apvidus segumus gan telp\u0101s, gan \u0101rpus t\u0101m. Turkl\u0101t pret \u0161\u013cakat\u0101m aizsarg\u0101tie elektroniskie komponenti un ieb\u016bv\u0113tais servo gl\u0101b\u0113js pasarg\u0101 automobili no \u016bdens un net\u012brumiem, t\u0101p\u0113c varat baud\u012bt braucienu jebkur\u0101 gadalaik\u0101 un jebkur\u0101 tras\u0113!<\/p>\n<p>Spilgtas kr\u0101sas dizains, stil\u012bgie beadlock stila rite\u0146i un jaud\u012bgais bezass motors pie\u0161\u0137ir \u0161im modelim izcilu izskatu un \u0101trumu. Komplekt\u0101 iek\u013cautais Li-Po 7,4 V 1000 mAh akumulators nodro\u0161ina jaud\u012bgu pa\u0101trin\u0101jumu un maksim\u0101lo \u0101trumu l\u012bdz 34 km\/h, lai nodro\u0161in\u0101tu maksim\u0101lu RC pieredzi.<\/p>\n<p>RcZone.ee iesaka BlackZon Slyder MT Turbo 1\/16 modeli gan ies\u0101c\u0113jiem, gan adrenal\u012bna mekl\u0113t\u0101jiem, jo vad\u012bbas ier\u012bces ir viegli lietojamas un ietver \u0113rtu \u0101truma kontroli - piem\u0113rots gan nepieredz\u0113ju\u0161iem brauc\u0113jiem, gan \u0101truma cien\u012bt\u0101jiem!<\/p>\n<p><img decoding=\"async\" class=\"alignnone size-full wp-image-3418\" src=\"https:\/\/rczone.ee\/wp-content\/uploads\/2025\/06\/slyder_mt_turbo_features.png\" alt=\"\" width=\"1300\" height=\"315\" srcset=\"https:\/\/rczone.ee\/wp-content\/uploads\/2025\/06\/slyder_mt_turbo_features.png 1300w, https:\/\/rczone.ee\/wp-content\/uploads\/2025\/06\/slyder_mt_turbo_features-800x194.png 800w, https:\/\/rczone.ee\/wp-content\/uploads\/2025\/06\/slyder_mt_turbo_features-768x186.png 768w, https:\/\/rczone.ee\/wp-content\/uploads\/2025\/06\/slyder_mt_turbo_features-18x4.png 18w, https:\/\/rczone.ee\/wp-content\/uploads\/2025\/06\/slyder_mt_turbo_features-900x218.png 900w\" sizes=\"(max-width: 1300px) 100vw, 1300px\" \/><\/p>\n<h3>Galven\u0101s iez\u012bmes un priek\u0161roc\u012bbas:<\/h3>\n<ul data-spread=\"false\">\n<li>Jaud\u012bgs bezsuku motors<\/li>\n<li>\u010cetru rite\u0146u piedzi\u0146a (4WD)<\/li>\n<li>Met\u0101la aizmugur\u0113j\u0101s piedzi\u0146as v\u0101rpstas<\/li>\n<li>Neatkar\u012bga dubult\u0101s sviras balstiek\u0101rta<\/li>\n<li>Regul\u0113jami spir\u0101lveida amortizatori<\/li>\n<li>4 pak\u0101pju diferenci\u0101li priek\u0161\u0101 un aizmugur\u0113<\/li>\n<li>Pret \u0161\u013cakat\u0101m aizsarg\u0101tas elektronisk\u0101s sast\u0101vda\u013cas<\/li>\n<li>Integr\u0113ts servo gl\u0101b\u0113js un p\u0101rnesumu aizsardz\u012bbas p\u0101rsegs<\/li>\n<li>Lod\u012b\u0161u gult\u0146u komplekts vienm\u0113r\u012bgai brauk\u0161anai<\/li>\n<li>Viegla USB uzl\u0101de<\/li>\n<li>Komplekt\u0101cij\u0101 ir Li-Po 7,4 V 1000 mAh akumulators un 2,4 GHz raid\u012bt\u0101js.<\/li>\n<li>Maksim\u0101lais \u0101trums l\u012bdz 34 km\/h<\/li>\n<\/ul>\n<p><iframe title=\"YouTube videoklipu atska\u0146ot\u0101js\" src=\"https:\/\/www.youtube.com\/embed\/8hCuPDsPGgk?si=z_9A-0GRDds0kUm2\" width=\"896\" height=\"504\" frameborder=\"0\" allowfullscreen=\"allowfullscreen\"><\/iframe><\/p>\n<h3>Tehniskie dati:<\/h3>\n<ul data-spread=\"false\">\n<li>Garums: 270 mm<\/li>\n<li>Platums: 215 mm<\/li>\n<li>Augstums: 130 mm<\/li>\n<li>Centra att\u0101lums: 175 mm<\/li>\n<\/ul>\n<p>Pas\u016btiet savu BlackZon Slyder MT Turbo 1\/16 tagad no RcZone.ee un baudiet!<\/p>\n<p><img decoding=\"async\" class=\"alignnone wp-image-3417\" src=\"https:\/\/rczone.ee\/wp-content\/uploads\/2025\/06\/slyder_mt_turbo_colours.png\" alt=\"\" width=\"800\" height=\"266\" srcset=\"https:\/\/rczone.ee\/wp-content\/uploads\/2025\/06\/slyder_mt_turbo_colours.png 1300w, https:\/\/rczone.ee\/wp-content\/uploads\/2025\/06\/slyder_mt_turbo_colours-800x266.png 800w, https:\/\/rczone.ee\/wp-content\/uploads\/2025\/06\/slyder_mt_turbo_colours-768x255.png 768w, https:\/\/rczone.ee\/wp-content\/uploads\/2025\/06\/slyder_mt_turbo_colours-18x6.png 18w, https:\/\/rczone.ee\/wp-content\/uploads\/2025\/06\/slyder_mt_turbo_colours-900x299.png 900w\" sizes=\"(max-width: 800px) 100vw, 800px\" \/><\/p>\n<p><img decoding=\"async\" class=\"alignnone wp-image-3415\" src=\"https:\/\/rczone.ee\/wp-content\/uploads\/2025\/06\/slyder_mt_dimensions-1.png\" alt=\"\" width=\"801\" height=\"299\" srcset=\"https:\/\/rczone.ee\/wp-content\/uploads\/2025\/06\/slyder_mt_dimensions-1.png 1300w, https:\/\/rczone.ee\/wp-content\/uploads\/2025\/06\/slyder_mt_dimensions-1-800x298.png 800w, https:\/\/rczone.ee\/wp-content\/uploads\/2025\/06\/slyder_mt_dimensions-1-768x287.png 768w, https:\/\/rczone.ee\/wp-content\/uploads\/2025\/06\/slyder_mt_dimensions-1-18x7.png 18w, https:\/\/rczone.ee\/wp-content\/uploads\/2025\/06\/slyder_mt_dimensions-1-900x336.png 900w\" sizes=\"(max-width: 801px) 100vw, 801px\" \/><\/p>\n<p><img decoding=\"async\" class=\"alignnone wp-image-3416\" src=\"https:\/\/rczone.ee\/wp-content\/uploads\/2025\/06\/slyder_mt_turbo_box_contents.png\" alt=\"\" width=\"800\" height=\"492\" srcset=\"https:\/\/rczone.ee\/wp-content\/uploads\/2025\/06\/slyder_mt_turbo_box_contents.png 1300w, https:\/\/rczone.ee\/wp-content\/uploads\/2025\/06\/slyder_mt_turbo_box_contents-650x400.png 650w, https:\/\/rczone.ee\/wp-content\/uploads\/2025\/06\/slyder_mt_turbo_box_contents-768x473.png 768w, https:\/\/rczone.ee\/wp-content\/uploads\/2025\/06\/slyder_mt_turbo_box_contents-18x12.png 18w, https:\/\/rczone.ee\/wp-content\/uploads\/2025\/06\/slyder_mt_turbo_box_contents-900x554.png 900w\" sizes=\"(max-width: 800px) 100vw, 800px\" \/><\/p>","protected":false},"excerpt":{"rendered":"<ul>\n<li style=\"line-height: 1; padding-top: 20px;\">Nov\u0113rt\u0113jums: Par<\/li>\n<li style=\"line-height: 1;\">Lietot\u0101ju vecuma diapazons: 8-13 gadi<\/li>\n<li style=\"line-height: 1;\">Kategorija: monster truck<\/li>\n<li style=\"line-height: 1;\">M\u0113rogi: 1:16<\/li>\n<li style=\"line-height: 1;\">Vilces ass: 4WD<\/li>\n<li style=\"line-height: 1;\">Maksim\u0101lais \u0101trums: 34 km\/h<\/li>\n<li style=\"line-height: 1;\">Pabeig\u0161ana: gatavs darbam<\/li>\n<li style=\"line-height: 1;\">Ener\u0123ija: elektroener\u0123ija<\/li>\n<\/ul>","protected":false},"featured_media":3409,"comment_status":"open","ping_status":"closed","template":"","meta":{"_monsterinsights_skip_tracking":false,"_monsterinsights_sitenote_active":false,"_monsterinsights_sitenote_note":"","_monsterinsights_sitenote_category":0},"fits_model":[],"product_brand":[],"product_cat":[32],"product_tag":[84],"woo-feed-brand":[105],"class_list":{"0":"post-3391","1":"product","2":"type-product","3":"status-publish","4":"has-post-thumbnail","6":"product_cat-monster-truck","7":"product_tag-standard","8":"woo-feed-brand-blackzon","10":"first","11":"instock","12":"taxable","13":"shipping-taxable","14":"purchasable","15":"product-type-variable","16":"has-default-attributes"},"yoast_head":"<!-- This site is optimized with the Yoast SEO plugin v27.3 - https:\/\/yoast.com\/product\/yoast-seo-wordpress\/ -->\n<title>BLACKZON Slyder MT Turbo 1\/16 4WD 2S Brushless - RC Zone | Raadio teel juhitavad autod<\/title>\n<meta name=\"robots\" content=\"index, follow, max-snippet:-1, max-image-preview:large, max-video-preview:-1\" \/>\n<link rel=\"canonical\" href=\"https:\/\/rczone.ee\/lv\/products\/blackzon-slyder-mt-turbo-1-16-4wd-2s-brushless\/\" \/>\n<meta property=\"og:locale\" content=\"lv_LV\" \/>\n<meta property=\"og:type\" content=\"article\" \/>\n<meta property=\"og:title\" content=\"BLACKZON Slyder MT Turbo 1\/16 4WD 2S Brushless - RC Zone | Raadio teel juhitavad autod\" \/>\n<meta property=\"og:description\" content=\"Rate: Pro  Kasutaja vanuseklass: 8-13  Kategooria: Monster Truck  Skaala: 1:16  Vedav sild: 4WD  Max kiirus: 34 km\/h  Komplekteeritus: Ready-To-Run  Energia: Elekter\" \/>\n<meta property=\"og:url\" content=\"https:\/\/rczone.ee\/lv\/products\/blackzon-slyder-mt-turbo-1-16-4wd-2s-brushless\/\" \/>\n<meta property=\"og:site_name\" content=\"RC Zone | Raadio teel juhitavad autod\" \/>\n<meta property=\"article:publisher\" content=\"https:\/\/www.facebook.com\/rczone.ee\" \/>\n<meta property=\"article:modified_time\" content=\"2026-01-14T19:35:52+00:00\" \/>\n<meta property=\"og:image\" content=\"https:\/\/rczone.ee\/wp-content\/uploads\/2025\/06\/540210_01.jpg\" \/>\n\t<meta property=\"og:image:width\" content=\"800\" \/>\n\t<meta property=\"og:image:height\" content=\"800\" \/>\n\t<meta property=\"og:image:type\" content=\"image\/jpeg\" \/>\n<meta name=\"twitter:card\" content=\"summary_large_image\" \/>\n<meta name=\"twitter:label1\" content=\"Est. reading time\" \/>\n\t<meta name=\"twitter:data1\" content=\"3 min\u016btes\" \/>\n<script type=\"application\/ld+json\" class=\"yoast-schema-graph\">{\"@context\":\"https:\\\/\\\/schema.org\",\"@graph\":[{\"@type\":\"WebPage\",\"@id\":\"https:\\\/\\\/rczone.ee\\\/toode\\\/blackzon-slyder-mt-turbo-1-16-4wd-2s-brushless\\\/\",\"url\":\"https:\\\/\\\/rczone.ee\\\/toode\\\/blackzon-slyder-mt-turbo-1-16-4wd-2s-brushless\\\/\",\"name\":\"BLACKZON Slyder MT Turbo 1\\\/16 4WD 2S Brushless - RC Zone | Raadio teel juhitavad autod\",\"isPartOf\":{\"@id\":\"https:\\\/\\\/rczone.ee\\\/#website\"},\"primaryImageOfPage\":{\"@id\":\"https:\\\/\\\/rczone.ee\\\/toode\\\/blackzon-slyder-mt-turbo-1-16-4wd-2s-brushless\\\/#primaryimage\"},\"image\":{\"@id\":\"https:\\\/\\\/rczone.ee\\\/toode\\\/blackzon-slyder-mt-turbo-1-16-4wd-2s-brushless\\\/#primaryimage\"},\"thumbnailUrl\":\"https:\\\/\\\/rczone.ee\\\/wp-content\\\/uploads\\\/2025\\\/06\\\/540210_01.jpg\",\"datePublished\":\"2025-06-26T18:25:19+00:00\",\"dateModified\":\"2026-01-14T19:35:52+00:00\",\"breadcrumb\":{\"@id\":\"https:\\\/\\\/rczone.ee\\\/toode\\\/blackzon-slyder-mt-turbo-1-16-4wd-2s-brushless\\\/#breadcrumb\"},\"inLanguage\":\"lv-LV\",\"potentialAction\":[{\"@type\":\"ReadAction\",\"target\":[\"https:\\\/\\\/rczone.ee\\\/toode\\\/blackzon-slyder-mt-turbo-1-16-4wd-2s-brushless\\\/\"]}]},{\"@type\":\"ImageObject\",\"inLanguage\":\"lv-LV\",\"@id\":\"https:\\\/\\\/rczone.ee\\\/toode\\\/blackzon-slyder-mt-turbo-1-16-4wd-2s-brushless\\\/#primaryimage\",\"url\":\"https:\\\/\\\/rczone.ee\\\/wp-content\\\/uploads\\\/2025\\\/06\\\/540210_01.jpg\",\"contentUrl\":\"https:\\\/\\\/rczone.ee\\\/wp-content\\\/uploads\\\/2025\\\/06\\\/540210_01.jpg\",\"width\":800,\"height\":800},{\"@type\":\"BreadcrumbList\",\"@id\":\"https:\\\/\\\/rczone.ee\\\/toode\\\/blackzon-slyder-mt-turbo-1-16-4wd-2s-brushless\\\/#breadcrumb\",\"itemListElement\":[{\"@type\":\"ListItem\",\"position\":1,\"name\":\"Home\",\"item\":\"https:\\\/\\\/rczone.ee\\\/\"},{\"@type\":\"ListItem\",\"position\":2,\"name\":\"Shop\",\"item\":\"https:\\\/\\\/rczone.ee\\\/shop\\\/\"},{\"@type\":\"ListItem\",\"position\":3,\"name\":\"BLACKZON Slyder MT Turbo 1\\\/16 4WD 2S Brushless\"}]},{\"@type\":\"WebSite\",\"@id\":\"https:\\\/\\\/rczone.ee\\\/#website\",\"url\":\"https:\\\/\\\/rczone.ee\\\/\",\"name\":\"RcZone\",\"description\":\"RcZone - Raadio teel juhitavate autode veebipood. M&uuml;&uuml;me laia valikut kvaliteetseid ja v&otilde;imsaid RC-autosid. Kiire tarne ja konkurentsiv&otilde;imelised hinnad.\",\"publisher\":{\"@id\":\"https:\\\/\\\/rczone.ee\\\/#organization\"},\"potentialAction\":[{\"@type\":\"SearchAction\",\"target\":{\"@type\":\"EntryPoint\",\"urlTemplate\":\"https:\\\/\\\/rczone.ee\\\/?s={search_term_string}\"},\"query-input\":{\"@type\":\"PropertyValueSpecification\",\"valueRequired\":true,\"valueName\":\"search_term_string\"}}],\"inLanguage\":\"lv-LV\"},{\"@type\":\"Organization\",\"@id\":\"https:\\\/\\\/rczone.ee\\\/#organization\",\"name\":\"RcZone\",\"url\":\"https:\\\/\\\/rczone.ee\\\/\",\"logo\":{\"@type\":\"ImageObject\",\"inLanguage\":\"lv-LV\",\"@id\":\"https:\\\/\\\/rczone.ee\\\/#\\\/schema\\\/logo\\\/image\\\/\",\"url\":\"https:\\\/\\\/rczone.ee\\\/wp-content\\\/uploads\\\/2024\\\/01\\\/3D.png\",\"contentUrl\":\"https:\\\/\\\/rczone.ee\\\/wp-content\\\/uploads\\\/2024\\\/01\\\/3D.png\",\"width\":2080,\"height\":602,\"caption\":\"RcZone\"},\"image\":{\"@id\":\"https:\\\/\\\/rczone.ee\\\/#\\\/schema\\\/logo\\\/image\\\/\"},\"sameAs\":[\"https:\\\/\\\/www.facebook.com\\\/rczone.ee\"]}]}<\/script>\n<!-- \/ Yoast SEO plugin. -->","yoast_head_json":{"title":"BLACKZON Slyder MT Turbo 1\/16 4WD 2S Brushless - RC Zona | Radio vad\u0101mie auto","robots":{"index":"index","follow":"follow","max-snippet":"max-snippet:-1","max-image-preview":"max-image-preview:large","max-video-preview":"max-video-preview:-1"},"canonical":"https:\/\/rczone.ee\/lv\/products\/blackzon-slyder-mt-turbo-1-16-4wd-2s-brushless\/","og_locale":"lv_LV","og_type":"article","og_title":"BLACKZON Slyder MT Turbo 1\/16 4WD 2S Brushless - RC Zone | Raadio teel juhitavad autod","og_description":"Rate: Pro  Kasutaja vanuseklass: 8-13  Kategooria: Monster Truck  Skaala: 1:16  Vedav sild: 4WD  Max kiirus: 34 km\/h  Komplekteeritus: Ready-To-Run  Energia: Elekter","og_url":"https:\/\/rczone.ee\/lv\/products\/blackzon-slyder-mt-turbo-1-16-4wd-2s-brushless\/","og_site_name":"RC Zone | Raadio teel juhitavad autod","article_publisher":"https:\/\/www.facebook.com\/rczone.ee","article_modified_time":"2026-01-14T19:35:52+00:00","og_image":[{"width":800,"height":800,"url":"https:\/\/rczone.ee\/wp-content\/uploads\/2025\/06\/540210_01.jpg","type":"image\/jpeg"}],"twitter_card":"summary_large_image","twitter_misc":{"Est. reading time":"3 min\u016btes"},"schema":{"@context":"https:\/\/schema.org","@graph":[{"@type":"WebPage","@id":"https:\/\/rczone.ee\/toode\/blackzon-slyder-mt-turbo-1-16-4wd-2s-brushless\/","url":"https:\/\/rczone.ee\/toode\/blackzon-slyder-mt-turbo-1-16-4wd-2s-brushless\/","name":"BLACKZON Slyder MT Turbo 1\/16 4WD 2S Brushless - RC Zona | Radio vad\u0101mie auto","isPartOf":{"@id":"https:\/\/rczone.ee\/#website"},"primaryImageOfPage":{"@id":"https:\/\/rczone.ee\/toode\/blackzon-slyder-mt-turbo-1-16-4wd-2s-brushless\/#primaryimage"},"image":{"@id":"https:\/\/rczone.ee\/toode\/blackzon-slyder-mt-turbo-1-16-4wd-2s-brushless\/#primaryimage"},"thumbnailUrl":"https:\/\/rczone.ee\/wp-content\/uploads\/2025\/06\/540210_01.jpg","datePublished":"2025-06-26T18:25:19+00:00","dateModified":"2026-01-14T19:35:52+00:00","breadcrumb":{"@id":"https:\/\/rczone.ee\/toode\/blackzon-slyder-mt-turbo-1-16-4wd-2s-brushless\/#breadcrumb"},"inLanguage":"lv-LV","potentialAction":[{"@type":"ReadAction","target":["https:\/\/rczone.ee\/toode\/blackzon-slyder-mt-turbo-1-16-4wd-2s-brushless\/"]}]},{"@type":"ImageObject","inLanguage":"lv-LV","@id":"https:\/\/rczone.ee\/toode\/blackzon-slyder-mt-turbo-1-16-4wd-2s-brushless\/#primaryimage","url":"https:\/\/rczone.ee\/wp-content\/uploads\/2025\/06\/540210_01.jpg","contentUrl":"https:\/\/rczone.ee\/wp-content\/uploads\/2025\/06\/540210_01.jpg","width":800,"height":800},{"@type":"BreadcrumbList","@id":"https:\/\/rczone.ee\/toode\/blackzon-slyder-mt-turbo-1-16-4wd-2s-brushless\/#breadcrumb","itemListElement":[{"@type":"ListItem","position":1,"name":"Home","item":"https:\/\/rczone.ee\/"},{"@type":"ListItem","position":2,"name":"Shop","item":"https:\/\/rczone.ee\/shop\/"},{"@type":"ListItem","position":3,"name":"BLACKZON Slyder MT Turbo 1\/16 4WD 2S Brushless"}]},{"@type":"WebSite","@id":"https:\/\/rczone.ee\/#website","url":"https:\/\/rczone.ee\/","name":"RcZone","description":"RcZone - Radio vad\u0101mo automobi\u013cu tie\u0161saistes veikals. M\u0113s p\u0101rdodam pla\u0161u augstas kvalit\u0101tes un jaud\u012bgu RC automobi\u013cu kl\u0101stu. \u0100tra pieg\u0101de un konkur\u0113tsp\u0113j\u012bgas cenas.","publisher":{"@id":"https:\/\/rczone.ee\/#organization"},"potentialAction":[{"@type":"SearchAction","target":{"@type":"EntryPoint","urlTemplate":"https:\/\/rczone.ee\/?s={search_term_string}"},"query-input":{"@type":"PropertyValueSpecification","valueRequired":true,"valueName":"search_term_string"}}],"inLanguage":"lv-LV"},{"@type":"Organization","@id":"https:\/\/rczone.ee\/#organization","name":"RcZone","url":"https:\/\/rczone.ee\/","logo":{"@type":"ImageObject","inLanguage":"lv-LV","@id":"https:\/\/rczone.ee\/#\/schema\/logo\/image\/","url":"https:\/\/rczone.ee\/wp-content\/uploads\/2024\/01\/3D.png","contentUrl":"https:\/\/rczone.ee\/wp-content\/uploads\/2024\/01\/3D.png","width":2080,"height":602,"caption":"RcZone"},"image":{"@id":"https:\/\/rczone.ee\/#\/schema\/logo\/image\/"},"sameAs":["https:\/\/www.facebook.com\/rczone.ee"]}]}},"_links":{"self":[{"href":"https:\/\/rczone.ee\/lv\/wp-json\/wp\/v2\/product\/3391","targetHints":{"allow":["GET"]}}],"collection":[{"href":"https:\/\/rczone.ee\/lv\/wp-json\/wp\/v2\/product"}],"about":[{"href":"https:\/\/rczone.ee\/lv\/wp-json\/wp\/v2\/types\/product"}],"replies":[{"embeddable":true,"href":"https:\/\/rczone.ee\/lv\/wp-json\/wp\/v2\/comments?post=3391"}],"wp:featuredmedia":[{"embeddable":true,"href":"https:\/\/rczone.ee\/lv\/wp-json\/wp\/v2\/media\/3409"}],"wp:attachment":[{"href":"https:\/\/rczone.ee\/lv\/wp-json\/wp\/v2\/media?parent=3391"}],"wp:term":[{"taxonomy":"fits_model","embeddable":true,"href":"https:\/\/rczone.ee\/lv\/wp-json\/wp\/v2\/fits_model?post=3391"},{"taxonomy":"product_brand","embeddable":true,"href":"https:\/\/rczone.ee\/lv\/wp-json\/wp\/v2\/product_brand?post=3391"},{"taxonomy":"product_cat","embeddable":true,"href":"https:\/\/rczone.ee\/lv\/wp-json\/wp\/v2\/product_cat?post=3391"},{"taxonomy":"product_tag","embeddable":true,"href":"https:\/\/rczone.ee\/lv\/wp-json\/wp\/v2\/product_tag?post=3391"},{"taxonomy":"woo-feed-brand","embeddable":true,"href":"https:\/\/rczone.ee\/lv\/wp-json\/wp\/v2\/woo-feed-brand?post=3391"}],"curies":[{"name":"wp","href":"https:\/\/api.w.org\/{rel}","templated":true}]}}