{"id":3420,"date":"2025-06-26T21:34:12","date_gmt":"2025-06-26T18:34:12","guid":{"rendered":"https:\/\/rczone.ee\/?post_type=product&#038;p=3420"},"modified":"2026-04-03T15:29:20","modified_gmt":"2026-04-03T12:29:20","slug":"blackzon-slyder-st-1-16-4wd-stadiona-kravas-automasina","status":"publish","type":"product","link":"https:\/\/rczone.ee\/lv\/toode\/blackzon-slyder-st-1-16-4wd-stadium-truck\/","title":{"rendered":"BLACKZON Slyder ST 1\/16 4WD Stadium Truck"},"content":{"rendered":"<h3 data-pm-slice=\"1 1 []\"><strong>BLACKZON Slyder ST 1\/16 4WD Stadium Truck - jaud\u012bgs un piedz\u012bvojumiem bag\u0101ts RC auto.<\/strong><\/h3>\n<p><img decoding=\"async\" class=\"alignnone size-full wp-image-3442\" src=\"https:\/\/rczone.ee\/wp-content\/uploads\/2025\/06\/slyder_st_gold_web_header.png\" alt=\"\" width=\"1300\" height=\"456\" srcset=\"https:\/\/rczone.ee\/wp-content\/uploads\/2025\/06\/slyder_st_gold_web_header.png 1300w, https:\/\/rczone.ee\/wp-content\/uploads\/2025\/06\/slyder_st_gold_web_header-800x281.png 800w, https:\/\/rczone.ee\/wp-content\/uploads\/2025\/06\/slyder_st_gold_web_header-768x269.png 768w, https:\/\/rczone.ee\/wp-content\/uploads\/2025\/06\/slyder_st_gold_web_header-18x6.png 18w, https:\/\/rczone.ee\/wp-content\/uploads\/2025\/06\/slyder_st_gold_web_header-900x316.png 900w\" sizes=\"(max-width: 1300px) 100vw, 1300px\" \/><\/p>\n<p>Avasta BLACKZON Slyder ST 1\/16 4WD Stadium Truck! RcZone.ee pied\u0101v\u0101 jums \u0161o s\u012bvo un iztur\u012bgo radio vad\u0101mo kravas automa\u0161\u012bnu, kas ir ide\u0101li piem\u0113rota gan ies\u0101c\u0113jiem, gan pieredz\u0113ju\u0161iem RC faniem. Ar Slyder j\u016bs varat veikt p\u0101rdro\u0161us l\u0113cienus, satrieco\u0161us trikus vai vienk\u0101r\u0161i izbaud\u012bt braucienu pa jebkuru virsmu.<\/p>\n<p>BLACKZON Slyder jaud\u012bg\u0101 4 rite\u0146u balstiek\u0101rta, neatkar\u012bg\u0101 dubult\u0101s atsperu balstiek\u0101rta un regul\u0113jamie amortizatori nodro\u0161ina vienm\u0113r\u012bgu un stabilu brauk\u0161anu gan telp\u0101s, gan \u0101rpus t\u0101m. Automa\u0161\u012bnas pret \u0161\u013cakat\u0101m aizsarg\u0101t\u0101 elektronika, sp\u0113c\u012bgie diferenci\u0101\u013ci un aizsarg\u0101tie p\u0101rnesumi \u013cauj drosm\u012bgi mesties putek\u013cu slazdos un akme\u0146os, nebaidoties no traum\u0101m vai net\u012brumiem.<\/p>\n<p>Vienk\u0101r\u0161i pa\u0146emiet paroc\u012bgo 2,4 GHz t\u0101lvad\u012bbas pulti un brauciet sacensties ar \u0101trumu l\u012bdz 27 km\/h! Pateicoties regul\u0113jamam \u0101truma ierobe\u017eot\u0101jam, automa\u0161\u012bna ir ide\u0101li piem\u0113rota ar\u012b jaun\u0101kiem brauc\u0113jiem vai tiem, kas v\u0113las dro\u0161i tren\u0113ties ar maz\u0101ku \u0101trumu.<\/p>\n<p><img decoding=\"async\" class=\"alignnone size-full wp-image-3441\" src=\"https:\/\/rczone.ee\/wp-content\/uploads\/2025\/06\/slyder_st_features.png\" alt=\"\" width=\"1300\" height=\"315\" srcset=\"https:\/\/rczone.ee\/wp-content\/uploads\/2025\/06\/slyder_st_features.png 1300w, https:\/\/rczone.ee\/wp-content\/uploads\/2025\/06\/slyder_st_features-800x194.png 800w, https:\/\/rczone.ee\/wp-content\/uploads\/2025\/06\/slyder_st_features-768x186.png 768w, https:\/\/rczone.ee\/wp-content\/uploads\/2025\/06\/slyder_st_features-18x4.png 18w, https:\/\/rczone.ee\/wp-content\/uploads\/2025\/06\/slyder_st_features-900x218.png 900w\" sizes=\"(max-width: 1300px) 100vw, 1300px\" \/><\/p>\n<h3><strong>BLACKZON Slyder ST 1\/16 Stadium Truck Priek\u0161roc\u012bbas:<\/strong><\/h3>\n<ul data-spread=\"false\">\n<li>Jaud\u012bgs 390 s\u0113rijas elektromotors<\/li>\n<li>7,4 V Li-Ion 800 mAh akumulators un \u0113rts USB l\u0101d\u0113t\u0101js<\/li>\n<li>Iztur\u012bga 4WD pilnpiedzi\u0146a<\/li>\n<li>Regul\u0113jami amortizatori un neatkar\u012bga balstiek\u0101rta<\/li>\n<li>\u016adensiztur\u012bga elektronika un iztur\u012bga \u0161asija<\/li>\n<li>\u0100truma ierobe\u017eot\u0101js ies\u0101c\u0113jiem un dro\u0161ai brauk\u0161anai<\/li>\n<li>Komplekt\u0101 iek\u013cauti LED lukturi<\/li>\n<\/ul>\n<p><iframe title=\"YouTube videoklipu atska\u0146ot\u0101js\" src=\"https:\/\/www.youtube.com\/embed\/8hCuPDsPGgk?si=z_9A-0GRDds0kUm2\" width=\"896\" height=\"504\" frameborder=\"0\" allowfullscreen=\"allowfullscreen\"><\/iframe><\/p>\n<h3><strong>Tehniskie dati:<\/strong><\/h3>\n<ul data-spread=\"false\">\n<li>Garums: 285 mm<\/li>\n<li>Platums: 215 mm<\/li>\n<li>Augstums: 105 mm<\/li>\n<li>Centra att\u0101lums: 175 mm<\/li>\n<li>Maksim\u0101lais \u0101trums: l\u012bdz 27 km\/h<\/li>\n<\/ul>\n<p>Ieg\u0101d\u0101jieties BLACKZON Slyder ST no RcZone.ee un atkl\u0101jiet nebeidzamus piedz\u012bvojumus!<\/p>\n<p><img decoding=\"async\" class=\"alignnone wp-image-3439\" src=\"https:\/\/rczone.ee\/wp-content\/uploads\/2025\/06\/slyder_st_colours.png\" alt=\"\" width=\"801\" height=\"268\" srcset=\"https:\/\/rczone.ee\/wp-content\/uploads\/2025\/06\/slyder_st_colours.png 1300w, https:\/\/rczone.ee\/wp-content\/uploads\/2025\/06\/slyder_st_colours-800x268.png 800w, https:\/\/rczone.ee\/wp-content\/uploads\/2025\/06\/slyder_st_colours-768x257.png 768w, https:\/\/rczone.ee\/wp-content\/uploads\/2025\/06\/slyder_st_colours-18x6.png 18w, https:\/\/rczone.ee\/wp-content\/uploads\/2025\/06\/slyder_st_colours-900x301.png 900w\" sizes=\"(max-width: 801px) 100vw, 801px\" \/><\/p>\n<p><img decoding=\"async\" class=\"alignnone wp-image-3440\" src=\"https:\/\/rczone.ee\/wp-content\/uploads\/2025\/06\/slyder_st_dimensions.png\" alt=\"\" width=\"799\" height=\"298\" srcset=\"https:\/\/rczone.ee\/wp-content\/uploads\/2025\/06\/slyder_st_dimensions.png 1300w, https:\/\/rczone.ee\/wp-content\/uploads\/2025\/06\/slyder_st_dimensions-800x298.png 800w, https:\/\/rczone.ee\/wp-content\/uploads\/2025\/06\/slyder_st_dimensions-768x287.png 768w, https:\/\/rczone.ee\/wp-content\/uploads\/2025\/06\/slyder_st_dimensions-18x7.png 18w, https:\/\/rczone.ee\/wp-content\/uploads\/2025\/06\/slyder_st_dimensions-900x336.png 900w\" sizes=\"(max-width: 799px) 100vw, 799px\" \/><\/p>\n<p><img decoding=\"async\" class=\"alignnone wp-image-3438\" src=\"https:\/\/rczone.ee\/wp-content\/uploads\/2025\/06\/slyder_st_box_contents.png\" alt=\"\" width=\"800\" height=\"492\" srcset=\"https:\/\/rczone.ee\/wp-content\/uploads\/2025\/06\/slyder_st_box_contents.png 1300w, https:\/\/rczone.ee\/wp-content\/uploads\/2025\/06\/slyder_st_box_contents-650x400.png 650w, https:\/\/rczone.ee\/wp-content\/uploads\/2025\/06\/slyder_st_box_contents-768x473.png 768w, https:\/\/rczone.ee\/wp-content\/uploads\/2025\/06\/slyder_st_box_contents-18x12.png 18w, https:\/\/rczone.ee\/wp-content\/uploads\/2025\/06\/slyder_st_box_contents-900x554.png 900w\" sizes=\"(max-width: 800px) 100vw, 800px\" \/><\/p>","protected":false},"excerpt":{"rendered":"<ul>\n<li style=\"line-height: 1; padding-top: 20px;\">Nov\u0113rt\u0113jums: Spark<\/li>\n<li style=\"line-height: 1;\">Lietot\u0101ja vecuma diapazons: 5-8 gadi<\/li>\n<li style=\"line-height: 1;\">Kategorija: Stadium Truck<\/li>\n<li style=\"line-height: 1;\">M\u0113rogi: 1:16<\/li>\n<li style=\"line-height: 1;\">Vilces ass: 4WD<\/li>\n<li style=\"line-height: 1;\">Maksim\u0101lais \u0101trums: 27 km\/h<\/li>\n<li style=\"line-height: 1;\">Pabeig\u0161ana: gatavs darbam<\/li>\n<li style=\"line-height: 1;\">Ener\u0123ija: elektroener\u0123ija<\/li>\n<\/ul>","protected":false},"featured_media":3436,"comment_status":"open","ping_status":"closed","template":"","meta":{"_monsterinsights_skip_tracking":false,"_monsterinsights_sitenote_active":false,"_monsterinsights_sitenote_note":"","_monsterinsights_sitenote_category":0},"fits_model":[],"product_brand":[],"product_cat":[69],"product_tag":[84],"woo-feed-brand":[105],"class_list":{"0":"post-3420","1":"product","2":"type-product","3":"status-publish","4":"has-post-thumbnail","6":"product_cat-stadium-truck","7":"product_tag-standard","8":"woo-feed-brand-blackzon","10":"first","11":"instock","12":"taxable","13":"shipping-taxable","14":"purchasable","15":"product-type-variable","16":"has-default-attributes"},"yoast_head":"<!-- This site is optimized with the Yoast SEO plugin v27.4 - https:\/\/yoast.com\/product\/yoast-seo-wordpress\/ -->\n<title>BLACKZON Slyder ST 1\/16 4WD Stadium Truck - RC Zone | Raadio teel juhitavad autod<\/title>\n<meta name=\"robots\" content=\"index, follow, max-snippet:-1, max-image-preview:large, max-video-preview:-1\" \/>\n<link rel=\"canonical\" href=\"https:\/\/rczone.ee\/lv\/products\/blackzon-slyder-st-1-16-4wd-stadiona-kravas-automasina\/\" \/>\n<meta property=\"og:locale\" content=\"lv_LV\" \/>\n<meta property=\"og:type\" content=\"article\" \/>\n<meta property=\"og:title\" content=\"BLACKZON Slyder ST 1\/16 4WD Stadium Truck - RC Zone | Raadio teel juhitavad autod\" \/>\n<meta property=\"og:description\" content=\"Rate: Spark  Kasutaja vanuseklass: 5-8  Kategooria: Stadium Truck  Skaala: 1:16  Vedav sild: 4WD  Max kiirus: 27 km\/h  Komplekteeritus: Ready-To-Run  Energia: Elekter\" \/>\n<meta property=\"og:url\" content=\"https:\/\/rczone.ee\/lv\/products\/blackzon-slyder-st-1-16-4wd-stadiona-kravas-automasina\/\" \/>\n<meta property=\"og:site_name\" content=\"RC Zone | Raadio teel juhitavad autod\" \/>\n<meta property=\"article:publisher\" content=\"https:\/\/www.facebook.com\/rczone.ee\" \/>\n<meta property=\"article:modified_time\" content=\"2026-04-03T12:29:20+00:00\" \/>\n<meta property=\"og:image\" content=\"https:\/\/rczone.ee\/wp-content\/uploads\/2025\/06\/BZ_Slyder_Threequarter_RED.jpg\" \/>\n\t<meta property=\"og:image:width\" content=\"800\" \/>\n\t<meta property=\"og:image:height\" content=\"800\" \/>\n\t<meta property=\"og:image:type\" content=\"image\/jpeg\" \/>\n<meta name=\"twitter:card\" content=\"summary_large_image\" \/>\n<meta name=\"twitter:label1\" content=\"Est. reading time\" \/>\n\t<meta name=\"twitter:data1\" content=\"3 min\u016btes\" \/>\n<script type=\"application\/ld+json\" class=\"yoast-schema-graph\">{\"@context\":\"https:\\\/\\\/schema.org\",\"@graph\":[{\"@type\":\"WebPage\",\"@id\":\"https:\\\/\\\/rczone.ee\\\/toode\\\/blackzon-slyder-st-1-16-4wd-stadium-truck\\\/\",\"url\":\"https:\\\/\\\/rczone.ee\\\/toode\\\/blackzon-slyder-st-1-16-4wd-stadium-truck\\\/\",\"name\":\"BLACKZON Slyder ST 1\\\/16 4WD Stadium Truck - RC Zone | Raadio teel juhitavad autod\",\"isPartOf\":{\"@id\":\"https:\\\/\\\/rczone.ee\\\/#website\"},\"primaryImageOfPage\":{\"@id\":\"https:\\\/\\\/rczone.ee\\\/toode\\\/blackzon-slyder-st-1-16-4wd-stadium-truck\\\/#primaryimage\"},\"image\":{\"@id\":\"https:\\\/\\\/rczone.ee\\\/toode\\\/blackzon-slyder-st-1-16-4wd-stadium-truck\\\/#primaryimage\"},\"thumbnailUrl\":\"https:\\\/\\\/rczone.ee\\\/wp-content\\\/uploads\\\/2025\\\/06\\\/BZ_Slyder_Threequarter_RED.jpg\",\"datePublished\":\"2025-06-26T18:34:12+00:00\",\"dateModified\":\"2026-04-03T12:29:20+00:00\",\"breadcrumb\":{\"@id\":\"https:\\\/\\\/rczone.ee\\\/toode\\\/blackzon-slyder-st-1-16-4wd-stadium-truck\\\/#breadcrumb\"},\"inLanguage\":\"lv-LV\",\"potentialAction\":[{\"@type\":\"ReadAction\",\"target\":[\"https:\\\/\\\/rczone.ee\\\/toode\\\/blackzon-slyder-st-1-16-4wd-stadium-truck\\\/\"]}]},{\"@type\":\"ImageObject\",\"inLanguage\":\"lv-LV\",\"@id\":\"https:\\\/\\\/rczone.ee\\\/toode\\\/blackzon-slyder-st-1-16-4wd-stadium-truck\\\/#primaryimage\",\"url\":\"https:\\\/\\\/rczone.ee\\\/wp-content\\\/uploads\\\/2025\\\/06\\\/BZ_Slyder_Threequarter_RED.jpg\",\"contentUrl\":\"https:\\\/\\\/rczone.ee\\\/wp-content\\\/uploads\\\/2025\\\/06\\\/BZ_Slyder_Threequarter_RED.jpg\",\"width\":800,\"height\":800},{\"@type\":\"BreadcrumbList\",\"@id\":\"https:\\\/\\\/rczone.ee\\\/toode\\\/blackzon-slyder-st-1-16-4wd-stadium-truck\\\/#breadcrumb\",\"itemListElement\":[{\"@type\":\"ListItem\",\"position\":1,\"name\":\"Home\",\"item\":\"https:\\\/\\\/rczone.ee\\\/\"},{\"@type\":\"ListItem\",\"position\":2,\"name\":\"Shop\",\"item\":\"https:\\\/\\\/rczone.ee\\\/shop\\\/\"},{\"@type\":\"ListItem\",\"position\":3,\"name\":\"BLACKZON Slyder ST 1\\\/16 4WD Stadium Truck\"}]},{\"@type\":\"WebSite\",\"@id\":\"https:\\\/\\\/rczone.ee\\\/#website\",\"url\":\"https:\\\/\\\/rczone.ee\\\/\",\"name\":\"RcZone\",\"description\":\"RcZone - Raadio teel juhitavate autode veebipood. M&uuml;&uuml;me laia valikut kvaliteetseid ja v&otilde;imsaid RC-autosid. Kiire tarne ja konkurentsiv&otilde;imelised hinnad.\",\"publisher\":{\"@id\":\"https:\\\/\\\/rczone.ee\\\/#organization\"},\"potentialAction\":[{\"@type\":\"SearchAction\",\"target\":{\"@type\":\"EntryPoint\",\"urlTemplate\":\"https:\\\/\\\/rczone.ee\\\/?s={search_term_string}\"},\"query-input\":{\"@type\":\"PropertyValueSpecification\",\"valueRequired\":true,\"valueName\":\"search_term_string\"}}],\"inLanguage\":\"lv-LV\"},{\"@type\":\"Organization\",\"@id\":\"https:\\\/\\\/rczone.ee\\\/#organization\",\"name\":\"RcZone\",\"url\":\"https:\\\/\\\/rczone.ee\\\/\",\"logo\":{\"@type\":\"ImageObject\",\"inLanguage\":\"lv-LV\",\"@id\":\"https:\\\/\\\/rczone.ee\\\/#\\\/schema\\\/logo\\\/image\\\/\",\"url\":\"https:\\\/\\\/rczone.ee\\\/wp-content\\\/uploads\\\/2024\\\/01\\\/3D.png\",\"contentUrl\":\"https:\\\/\\\/rczone.ee\\\/wp-content\\\/uploads\\\/2024\\\/01\\\/3D.png\",\"width\":2080,\"height\":602,\"caption\":\"RcZone\"},\"image\":{\"@id\":\"https:\\\/\\\/rczone.ee\\\/#\\\/schema\\\/logo\\\/image\\\/\"},\"sameAs\":[\"https:\\\/\\\/www.facebook.com\\\/rczone.ee\"]}]}<\/script>\n<!-- \/ Yoast SEO plugin. -->","yoast_head_json":{"title":"BLACKZON Slyder ST 1\/16 4WD Stadium Truck - RC Zone | Radio vad\u0101mi transportl\u012bdzek\u013ci","robots":{"index":"index","follow":"follow","max-snippet":"max-snippet:-1","max-image-preview":"max-image-preview:large","max-video-preview":"max-video-preview:-1"},"canonical":"https:\/\/rczone.ee\/lv\/products\/blackzon-slyder-st-1-16-4wd-stadiona-kravas-automasina\/","og_locale":"lv_LV","og_type":"article","og_title":"BLACKZON Slyder ST 1\/16 4WD Stadium Truck - RC Zone | Raadio teel juhitavad autod","og_description":"Rate: Spark  Kasutaja vanuseklass: 5-8  Kategooria: Stadium Truck  Skaala: 1:16  Vedav sild: 4WD  Max kiirus: 27 km\/h  Komplekteeritus: Ready-To-Run  Energia: Elekter","og_url":"https:\/\/rczone.ee\/lv\/products\/blackzon-slyder-st-1-16-4wd-stadiona-kravas-automasina\/","og_site_name":"RC Zone | Raadio teel juhitavad autod","article_publisher":"https:\/\/www.facebook.com\/rczone.ee","article_modified_time":"2026-04-03T12:29:20+00:00","og_image":[{"width":800,"height":800,"url":"https:\/\/rczone.ee\/wp-content\/uploads\/2025\/06\/BZ_Slyder_Threequarter_RED.jpg","type":"image\/jpeg"}],"twitter_card":"summary_large_image","twitter_misc":{"Est. reading time":"3 min\u016btes"},"schema":{"@context":"https:\/\/schema.org","@graph":[{"@type":"WebPage","@id":"https:\/\/rczone.ee\/toode\/blackzon-slyder-st-1-16-4wd-stadium-truck\/","url":"https:\/\/rczone.ee\/toode\/blackzon-slyder-st-1-16-4wd-stadium-truck\/","name":"BLACKZON Slyder ST 1\/16 4WD Stadium Truck - RC Zone | Radio vad\u0101mi transportl\u012bdzek\u013ci","isPartOf":{"@id":"https:\/\/rczone.ee\/#website"},"primaryImageOfPage":{"@id":"https:\/\/rczone.ee\/toode\/blackzon-slyder-st-1-16-4wd-stadium-truck\/#primaryimage"},"image":{"@id":"https:\/\/rczone.ee\/toode\/blackzon-slyder-st-1-16-4wd-stadium-truck\/#primaryimage"},"thumbnailUrl":"https:\/\/rczone.ee\/wp-content\/uploads\/2025\/06\/BZ_Slyder_Threequarter_RED.jpg","datePublished":"2025-06-26T18:34:12+00:00","dateModified":"2026-04-03T12:29:20+00:00","breadcrumb":{"@id":"https:\/\/rczone.ee\/toode\/blackzon-slyder-st-1-16-4wd-stadium-truck\/#breadcrumb"},"inLanguage":"lv-LV","potentialAction":[{"@type":"ReadAction","target":["https:\/\/rczone.ee\/toode\/blackzon-slyder-st-1-16-4wd-stadium-truck\/"]}]},{"@type":"ImageObject","inLanguage":"lv-LV","@id":"https:\/\/rczone.ee\/toode\/blackzon-slyder-st-1-16-4wd-stadium-truck\/#primaryimage","url":"https:\/\/rczone.ee\/wp-content\/uploads\/2025\/06\/BZ_Slyder_Threequarter_RED.jpg","contentUrl":"https:\/\/rczone.ee\/wp-content\/uploads\/2025\/06\/BZ_Slyder_Threequarter_RED.jpg","width":800,"height":800},{"@type":"BreadcrumbList","@id":"https:\/\/rczone.ee\/toode\/blackzon-slyder-st-1-16-4wd-stadium-truck\/#breadcrumb","itemListElement":[{"@type":"ListItem","position":1,"name":"Home","item":"https:\/\/rczone.ee\/"},{"@type":"ListItem","position":2,"name":"Shop","item":"https:\/\/rczone.ee\/shop\/"},{"@type":"ListItem","position":3,"name":"BLACKZON Slyder ST 1\/16 4WD Stadium Truck"}]},{"@type":"WebSite","@id":"https:\/\/rczone.ee\/#website","url":"https:\/\/rczone.ee\/","name":"RcZone","description":"RcZone - Radio vad\u0101mo automobi\u013cu tie\u0161saistes veikals. M\u0113s p\u0101rdodam pla\u0161u augstas kvalit\u0101tes un jaud\u012bgu RC automobi\u013cu kl\u0101stu. \u0100tra pieg\u0101de un konkur\u0113tsp\u0113j\u012bgas cenas.","publisher":{"@id":"https:\/\/rczone.ee\/#organization"},"potentialAction":[{"@type":"SearchAction","target":{"@type":"EntryPoint","urlTemplate":"https:\/\/rczone.ee\/?s={search_term_string}"},"query-input":{"@type":"PropertyValueSpecification","valueRequired":true,"valueName":"search_term_string"}}],"inLanguage":"lv-LV"},{"@type":"Organization","@id":"https:\/\/rczone.ee\/#organization","name":"RcZone","url":"https:\/\/rczone.ee\/","logo":{"@type":"ImageObject","inLanguage":"lv-LV","@id":"https:\/\/rczone.ee\/#\/schema\/logo\/image\/","url":"https:\/\/rczone.ee\/wp-content\/uploads\/2024\/01\/3D.png","contentUrl":"https:\/\/rczone.ee\/wp-content\/uploads\/2024\/01\/3D.png","width":2080,"height":602,"caption":"RcZone"},"image":{"@id":"https:\/\/rczone.ee\/#\/schema\/logo\/image\/"},"sameAs":["https:\/\/www.facebook.com\/rczone.ee"]}]}},"_links":{"self":[{"href":"https:\/\/rczone.ee\/lv\/wp-json\/wp\/v2\/product\/3420","targetHints":{"allow":["GET"]}}],"collection":[{"href":"https:\/\/rczone.ee\/lv\/wp-json\/wp\/v2\/product"}],"about":[{"href":"https:\/\/rczone.ee\/lv\/wp-json\/wp\/v2\/types\/product"}],"replies":[{"embeddable":true,"href":"https:\/\/rczone.ee\/lv\/wp-json\/wp\/v2\/comments?post=3420"}],"wp:featuredmedia":[{"embeddable":true,"href":"https:\/\/rczone.ee\/lv\/wp-json\/wp\/v2\/media\/3436"}],"wp:attachment":[{"href":"https:\/\/rczone.ee\/lv\/wp-json\/wp\/v2\/media?parent=3420"}],"wp:term":[{"taxonomy":"fits_model","embeddable":true,"href":"https:\/\/rczone.ee\/lv\/wp-json\/wp\/v2\/fits_model?post=3420"},{"taxonomy":"product_brand","embeddable":true,"href":"https:\/\/rczone.ee\/lv\/wp-json\/wp\/v2\/product_brand?post=3420"},{"taxonomy":"product_cat","embeddable":true,"href":"https:\/\/rczone.ee\/lv\/wp-json\/wp\/v2\/product_cat?post=3420"},{"taxonomy":"product_tag","embeddable":true,"href":"https:\/\/rczone.ee\/lv\/wp-json\/wp\/v2\/product_tag?post=3420"},{"taxonomy":"woo-feed-brand","embeddable":true,"href":"https:\/\/rczone.ee\/lv\/wp-json\/wp\/v2\/woo-feed-brand?post=3420"}],"curies":[{"name":"wp","href":"https:\/\/api.w.org\/{rel}","templated":true}]}}