{"id":3450,"date":"2025-06-26T21:43:49","date_gmt":"2025-06-26T18:43:49","guid":{"rendered":"https:\/\/rczone.ee\/?post_type=product&#038;p=3450"},"modified":"2026-04-26T14:17:04","modified_gmt":"2026-04-26T11:17:04","slug":"blackzon-slyder-st-turbo-1-16-4wd-2s-brushless","status":"publish","type":"product","link":"https:\/\/rczone.ee\/lv\/toode\/blackzon-slyder-st-turbo-1-16-4wd-2s-brushless\/","title":{"rendered":"BLACKZON Slyder ST Turbo 1\/16 4WD 2S Brushless"},"content":{"rendered":"<h3 data-pm-slice=\"1 1 []\">BLACKZON Slyder ST Turbo 1\/16 4WD 2S Brushless - Radio vad\u0101m\u0101 ma\u0161\u012bna<\/h3>\n<p><img decoding=\"async\" class=\"alignnone size-full wp-image-3473\" src=\"https:\/\/rczone.ee\/wp-content\/uploads\/2025\/06\/slyder_st_turbo_orange_web_header.png\" alt=\"\" width=\"1300\" height=\"456\" srcset=\"https:\/\/rczone.ee\/wp-content\/uploads\/2025\/06\/slyder_st_turbo_orange_web_header.png 1300w, https:\/\/rczone.ee\/wp-content\/uploads\/2025\/06\/slyder_st_turbo_orange_web_header-800x281.png 800w, https:\/\/rczone.ee\/wp-content\/uploads\/2025\/06\/slyder_st_turbo_orange_web_header-768x269.png 768w, https:\/\/rczone.ee\/wp-content\/uploads\/2025\/06\/slyder_st_turbo_orange_web_header-18x6.png 18w, https:\/\/rczone.ee\/wp-content\/uploads\/2025\/06\/slyder_st_turbo_orange_web_header-900x316.png 900w\" sizes=\"(max-width: 1300px) 100vw, 1300px\" \/><\/p>\n<p>Vai esat gatavs doties \u0101truma un piedz\u012bvojumu pasaul\u0113? Apskatiet BLACKZON Slyder ST Turbo radio vad\u0101mo ma\u0161\u012bnu, kas ir ide\u0101li piem\u0113rota l\u0113cieniem, trikiem un bezce\u013cu brauk\u0161anai! \u0160\u012b iztur\u012bg\u0101 un \u0101tr\u0101 ma\u0161\u012bna pied\u0101v\u0101 jautru un bezr\u016bp\u012bgu brauk\u0161anas pieredzi visiem RC entuziastiem - no ies\u0101c\u0113jiem l\u012bdz pieredz\u0113ju\u0161iem \u0101truma cien\u012bt\u0101jiem.<\/p>\n<p>\u0160\u012b mode\u013ca jaudu nodro\u0161ina bezass motors un jaud\u012bga 7,4 V LiPo baterija, kas nodro\u0161ina iespaid\u012bgu maksim\u0101lo \u0101trumu l\u012bdz 34 km\/h! Vad\u0101ms ar \u0113rtu 2,4 GHz radio raid\u012bt\u0101ju ar paroc\u012bgu \u0101truma ierobe\u017eot\u0101ja sl\u0113dzi, lai ikviens var\u0113tu atrast pareizo kreis\u0113\u0161anas \u0101trumu.<\/p>\n<p>BLACKZON Slyder ST Turbo ir konstru\u0113ts t\u0101, lai iztur\u0113tu vissmag\u0101kos apst\u0101k\u013cus, pateicoties \u016bdensiztur\u012bgai elektronikai, iztur\u012bgai \u010detru rite\u0146u piedzi\u0146as sist\u0113mai, neatkar\u012bgai dubult\u0101s sviras balstiek\u0101rtai un regul\u0113jamiem amortizatoriem. Pateicoties spilgtajam, stil\u012bgajam izskatam un LED lukturiem, \u0161is automobilis nepaliks nepaman\u012bts ne telp\u0101s, ne \u0101rpus t\u0101m!<\/p>\n<p><img decoding=\"async\" class=\"alignnone size-full wp-image-3472\" src=\"https:\/\/rczone.ee\/wp-content\/uploads\/2025\/06\/slyder_st_turbo_features.png\" alt=\"\" width=\"1300\" height=\"315\" srcset=\"https:\/\/rczone.ee\/wp-content\/uploads\/2025\/06\/slyder_st_turbo_features.png 1300w, https:\/\/rczone.ee\/wp-content\/uploads\/2025\/06\/slyder_st_turbo_features-800x194.png 800w, https:\/\/rczone.ee\/wp-content\/uploads\/2025\/06\/slyder_st_turbo_features-768x186.png 768w, https:\/\/rczone.ee\/wp-content\/uploads\/2025\/06\/slyder_st_turbo_features-18x4.png 18w, https:\/\/rczone.ee\/wp-content\/uploads\/2025\/06\/slyder_st_turbo_features-900x218.png 900w\" sizes=\"(max-width: 1300px) 100vw, 1300px\" \/><\/p>\n<h3>BLACKZON Slyder ST Turbo priek\u0161roc\u012bbas:<\/h3>\n<ul data-spread=\"false\">\n<li>Bezsuku motors nodro\u0161ina lielisku \u0101trumu un veiktsp\u0113ju<\/li>\n<li>\u010cetru rite\u0146u piedzi\u0146as (4WD) p\u0101rnesumk\u0101rba, lai p\u0101rvar\u0113tu jebkuru apvidu.<\/li>\n<li>Regul\u0113jami amortizatori un neatkar\u012bga balstiek\u0101rta<\/li>\n<li>\u016adensnecaurlaid\u012bgi elektroniskie komponenti<\/li>\n<li>Komplekt\u0101 ir \u0101truma ierobe\u017eot\u0101js, ide\u0101li piem\u0113rots ies\u0101c\u0113jiem<\/li>\n<li>Iek\u013cauts \u0113rts USB l\u0101d\u0113t\u0101js<\/li>\n<li>Iek\u013cautie spilgtie LED lukturi<\/li>\n<\/ul>\n<p><iframe title=\"YouTube videoklipu atska\u0146ot\u0101js\" src=\"https:\/\/www.youtube.com\/embed\/8hCuPDsPGgk?si=z_9A-0GRDds0kUm2\" width=\"896\" height=\"504\" frameborder=\"0\" allowfullscreen=\"allowfullscreen\"><\/iframe><\/p>\n<h3>Tehniskie dati:<\/h3>\n<ul data-spread=\"false\">\n<li>Izm\u0113ri: 285 x 215 x 105 mm<\/li>\n<li>Centra att\u0101lums: 175 mm<\/li>\n<li>Akumulators: Li-Po 7,4 V 1000 mAh (iek\u013cauts komplekt\u0101)<\/li>\n<li>Maksim\u0101lais \u0101trums: 34 km\/h (21 mph)<\/li>\n<\/ul>\n<h3>Turkl\u0101t jums ir nepiecie\u0161ams:<\/h3>\n<ul>\n<li>3 x AA baterijas raid\u012bt\u0101jam<\/li>\n<\/ul>\n<p>S\u0101ciet savus RC piedz\u012bvojumus jau \u0161odien ar BLACKZON Slyder ST Turbo - tagad pieejams RcZone.ee tie\u0161saistes veikal\u0101!<\/p>\n<p><img decoding=\"async\" class=\"alignnone wp-image-3470\" src=\"https:\/\/rczone.ee\/wp-content\/uploads\/2025\/06\/slyder_st_turbo_colours.png\" alt=\"\" width=\"801\" height=\"268\" srcset=\"https:\/\/rczone.ee\/wp-content\/uploads\/2025\/06\/slyder_st_turbo_colours.png 1300w, https:\/\/rczone.ee\/wp-content\/uploads\/2025\/06\/slyder_st_turbo_colours-800x268.png 800w, https:\/\/rczone.ee\/wp-content\/uploads\/2025\/06\/slyder_st_turbo_colours-768x257.png 768w, https:\/\/rczone.ee\/wp-content\/uploads\/2025\/06\/slyder_st_turbo_colours-18x6.png 18w, https:\/\/rczone.ee\/wp-content\/uploads\/2025\/06\/slyder_st_turbo_colours-900x301.png 900w\" sizes=\"(max-width: 801px) 100vw, 801px\" \/><\/p>\n<p><img decoding=\"async\" class=\"alignnone wp-image-3471\" src=\"https:\/\/rczone.ee\/wp-content\/uploads\/2025\/06\/slyder_st_turbo_dimensions.png\" alt=\"\" width=\"801\" height=\"299\" srcset=\"https:\/\/rczone.ee\/wp-content\/uploads\/2025\/06\/slyder_st_turbo_dimensions.png 1300w, https:\/\/rczone.ee\/wp-content\/uploads\/2025\/06\/slyder_st_turbo_dimensions-800x298.png 800w, https:\/\/rczone.ee\/wp-content\/uploads\/2025\/06\/slyder_st_turbo_dimensions-768x287.png 768w, https:\/\/rczone.ee\/wp-content\/uploads\/2025\/06\/slyder_st_turbo_dimensions-18x7.png 18w, https:\/\/rczone.ee\/wp-content\/uploads\/2025\/06\/slyder_st_turbo_dimensions-900x336.png 900w\" sizes=\"(max-width: 801px) 100vw, 801px\" \/><\/p>\n<p><img decoding=\"async\" class=\"alignnone wp-image-3469\" src=\"https:\/\/rczone.ee\/wp-content\/uploads\/2025\/06\/slyder_st_turbo_box_contents.png\" alt=\"\" width=\"800\" height=\"492\" srcset=\"https:\/\/rczone.ee\/wp-content\/uploads\/2025\/06\/slyder_st_turbo_box_contents.png 1300w, https:\/\/rczone.ee\/wp-content\/uploads\/2025\/06\/slyder_st_turbo_box_contents-650x400.png 650w, https:\/\/rczone.ee\/wp-content\/uploads\/2025\/06\/slyder_st_turbo_box_contents-768x473.png 768w, https:\/\/rczone.ee\/wp-content\/uploads\/2025\/06\/slyder_st_turbo_box_contents-18x12.png 18w, https:\/\/rczone.ee\/wp-content\/uploads\/2025\/06\/slyder_st_turbo_box_contents-900x554.png 900w\" sizes=\"(max-width: 800px) 100vw, 800px\" \/><\/p>","protected":false},"excerpt":{"rendered":"<ul>\n<li style=\"line-height: 1; padding-top: 20px;\">Nov\u0113rt\u0113jums: Par<\/li>\n<li style=\"line-height: 1;\">Lietot\u0101ju vecuma diapazons: 8-13 gadi<\/li>\n<li style=\"line-height: 1;\">Kategorija: Stadium Truck<\/li>\n<li style=\"line-height: 1;\">M\u0113rogi: 1:16<\/li>\n<li style=\"line-height: 1;\">Vilces ass: 4WD<\/li>\n<li style=\"line-height: 1;\">Maksim\u0101lais \u0101trums: 34 km\/h<\/li>\n<li style=\"line-height: 1;\">Pabeig\u0161ana: gatavs darbam<\/li>\n<li style=\"line-height: 1;\">Ener\u0123ija: elektroener\u0123ija<\/li>\n<\/ul>","protected":false},"featured_media":3466,"comment_status":"open","ping_status":"closed","template":"","meta":{"_monsterinsights_skip_tracking":false,"_monsterinsights_sitenote_active":false,"_monsterinsights_sitenote_note":"","_monsterinsights_sitenote_category":0},"fits_model":[],"product_brand":[],"product_cat":[69],"product_tag":[84],"woo-feed-brand":[105],"class_list":{"0":"post-3450","1":"product","2":"type-product","3":"status-publish","4":"has-post-thumbnail","6":"product_cat-stadium-truck","7":"product_tag-standard","8":"woo-feed-brand-blackzon","10":"first","11":"instock","12":"taxable","13":"shipping-taxable","14":"purchasable","15":"product-type-variable","16":"has-default-attributes"},"yoast_head":"<!-- This site is optimized with the Yoast SEO plugin v27.6 - https:\/\/yoast.com\/product\/yoast-seo-wordpress\/ -->\n<title>BLACKZON Slyder ST Turbo 1\/16 4WD 2S Brushless - RC Zone | Raadio teel juhitavad autod<\/title>\n<meta name=\"robots\" content=\"index, follow, max-snippet:-1, max-image-preview:large, max-video-preview:-1\" \/>\n<link rel=\"canonical\" href=\"https:\/\/rczone.ee\/lv\/products\/blackzon-slyder-st-turbo-1-16-4wd-2s-brushless\/\" \/>\n<meta property=\"og:locale\" content=\"lv_LV\" \/>\n<meta property=\"og:type\" content=\"article\" \/>\n<meta property=\"og:title\" content=\"BLACKZON Slyder ST Turbo 1\/16 4WD 2S Brushless - RC Zone | Raadio teel juhitavad autod\" \/>\n<meta property=\"og:description\" content=\"Rate: Pro  Kasutaja vanuseklass: 8-13  Kategooria: Stadium Truck  Skaala: 1:16  Vedav sild: 4WD  Max kiirus: 34 km\/h  Komplekteeritus: Ready-To-Run  Energia: Elekter\" \/>\n<meta property=\"og:url\" content=\"https:\/\/rczone.ee\/lv\/products\/blackzon-slyder-st-turbo-1-16-4wd-2s-brushless\/\" \/>\n<meta property=\"og:site_name\" content=\"RC Zone | Raadio teel juhitavad autod\" \/>\n<meta property=\"article:publisher\" content=\"https:\/\/www.facebook.com\/rczone.ee\" \/>\n<meta property=\"article:modified_time\" content=\"2026-04-26T11:17:04+00:00\" \/>\n<meta property=\"og:image\" content=\"https:\/\/rczone.ee\/wp-content\/uploads\/2025\/06\/540219_01.jpg\" \/>\n\t<meta property=\"og:image:width\" content=\"800\" \/>\n\t<meta property=\"og:image:height\" content=\"800\" \/>\n\t<meta property=\"og:image:type\" content=\"image\/jpeg\" \/>\n<meta name=\"twitter:card\" content=\"summary_large_image\" \/>\n<meta name=\"twitter:label1\" content=\"Est. reading time\" \/>\n\t<meta name=\"twitter:data1\" content=\"3 min\u016btes\" \/>\n<script type=\"application\/ld+json\" class=\"yoast-schema-graph\">{\"@context\":\"https:\\\/\\\/schema.org\",\"@graph\":[{\"@type\":\"WebPage\",\"@id\":\"https:\\\/\\\/rczone.ee\\\/toode\\\/blackzon-slyder-st-turbo-1-16-4wd-2s-brushless\\\/\",\"url\":\"https:\\\/\\\/rczone.ee\\\/toode\\\/blackzon-slyder-st-turbo-1-16-4wd-2s-brushless\\\/\",\"name\":\"BLACKZON Slyder ST Turbo 1\\\/16 4WD 2S Brushless - RC Zone | Raadio teel juhitavad autod\",\"isPartOf\":{\"@id\":\"https:\\\/\\\/rczone.ee\\\/#website\"},\"primaryImageOfPage\":{\"@id\":\"https:\\\/\\\/rczone.ee\\\/toode\\\/blackzon-slyder-st-turbo-1-16-4wd-2s-brushless\\\/#primaryimage\"},\"image\":{\"@id\":\"https:\\\/\\\/rczone.ee\\\/toode\\\/blackzon-slyder-st-turbo-1-16-4wd-2s-brushless\\\/#primaryimage\"},\"thumbnailUrl\":\"https:\\\/\\\/rczone.ee\\\/wp-content\\\/uploads\\\/2025\\\/06\\\/540219_01.jpg\",\"datePublished\":\"2025-06-26T18:43:49+00:00\",\"dateModified\":\"2026-04-26T11:17:04+00:00\",\"breadcrumb\":{\"@id\":\"https:\\\/\\\/rczone.ee\\\/toode\\\/blackzon-slyder-st-turbo-1-16-4wd-2s-brushless\\\/#breadcrumb\"},\"inLanguage\":\"lv-LV\",\"potentialAction\":[{\"@type\":\"ReadAction\",\"target\":[\"https:\\\/\\\/rczone.ee\\\/toode\\\/blackzon-slyder-st-turbo-1-16-4wd-2s-brushless\\\/\"]}]},{\"@type\":\"ImageObject\",\"inLanguage\":\"lv-LV\",\"@id\":\"https:\\\/\\\/rczone.ee\\\/toode\\\/blackzon-slyder-st-turbo-1-16-4wd-2s-brushless\\\/#primaryimage\",\"url\":\"https:\\\/\\\/rczone.ee\\\/wp-content\\\/uploads\\\/2025\\\/06\\\/540219_01.jpg\",\"contentUrl\":\"https:\\\/\\\/rczone.ee\\\/wp-content\\\/uploads\\\/2025\\\/06\\\/540219_01.jpg\",\"width\":800,\"height\":800},{\"@type\":\"BreadcrumbList\",\"@id\":\"https:\\\/\\\/rczone.ee\\\/toode\\\/blackzon-slyder-st-turbo-1-16-4wd-2s-brushless\\\/#breadcrumb\",\"itemListElement\":[{\"@type\":\"ListItem\",\"position\":1,\"name\":\"Home\",\"item\":\"https:\\\/\\\/rczone.ee\\\/\"},{\"@type\":\"ListItem\",\"position\":2,\"name\":\"Shop\",\"item\":\"https:\\\/\\\/rczone.ee\\\/shop\\\/\"},{\"@type\":\"ListItem\",\"position\":3,\"name\":\"BLACKZON Slyder ST Turbo 1\\\/16 4WD 2S Brushless\"}]},{\"@type\":\"WebSite\",\"@id\":\"https:\\\/\\\/rczone.ee\\\/#website\",\"url\":\"https:\\\/\\\/rczone.ee\\\/\",\"name\":\"RcZone\",\"description\":\"RcZone - Raadio teel juhitavate autode veebipood. M&uuml;&uuml;me laia valikut kvaliteetseid ja v&otilde;imsaid RC-autosid. Kiire tarne ja konkurentsiv&otilde;imelised hinnad.\",\"publisher\":{\"@id\":\"https:\\\/\\\/rczone.ee\\\/#organization\"},\"potentialAction\":[{\"@type\":\"SearchAction\",\"target\":{\"@type\":\"EntryPoint\",\"urlTemplate\":\"https:\\\/\\\/rczone.ee\\\/?s={search_term_string}\"},\"query-input\":{\"@type\":\"PropertyValueSpecification\",\"valueRequired\":true,\"valueName\":\"search_term_string\"}}],\"inLanguage\":\"lv-LV\"},{\"@type\":\"Organization\",\"@id\":\"https:\\\/\\\/rczone.ee\\\/#organization\",\"name\":\"RcZone\",\"url\":\"https:\\\/\\\/rczone.ee\\\/\",\"logo\":{\"@type\":\"ImageObject\",\"inLanguage\":\"lv-LV\",\"@id\":\"https:\\\/\\\/rczone.ee\\\/#\\\/schema\\\/logo\\\/image\\\/\",\"url\":\"https:\\\/\\\/rczone.ee\\\/wp-content\\\/uploads\\\/2024\\\/01\\\/3D.png\",\"contentUrl\":\"https:\\\/\\\/rczone.ee\\\/wp-content\\\/uploads\\\/2024\\\/01\\\/3D.png\",\"width\":2080,\"height\":602,\"caption\":\"RcZone\"},\"image\":{\"@id\":\"https:\\\/\\\/rczone.ee\\\/#\\\/schema\\\/logo\\\/image\\\/\"},\"sameAs\":[\"https:\\\/\\\/www.facebook.com\\\/rczone.ee\"]}]}<\/script>\n<!-- \/ Yoast SEO plugin. -->","yoast_head_json":{"title":"BLACKZON Slyder ST Turbo 1\/16 4WD 2S Brushless - RC Zone | Radio vad\u0101mi auto","robots":{"index":"index","follow":"follow","max-snippet":"max-snippet:-1","max-image-preview":"max-image-preview:large","max-video-preview":"max-video-preview:-1"},"canonical":"https:\/\/rczone.ee\/lv\/products\/blackzon-slyder-st-turbo-1-16-4wd-2s-brushless\/","og_locale":"lv_LV","og_type":"article","og_title":"BLACKZON Slyder ST Turbo 1\/16 4WD 2S Brushless - RC Zone | Raadio teel juhitavad autod","og_description":"Rate: Pro  Kasutaja vanuseklass: 8-13  Kategooria: Stadium Truck  Skaala: 1:16  Vedav sild: 4WD  Max kiirus: 34 km\/h  Komplekteeritus: Ready-To-Run  Energia: Elekter","og_url":"https:\/\/rczone.ee\/lv\/products\/blackzon-slyder-st-turbo-1-16-4wd-2s-brushless\/","og_site_name":"RC Zone | Raadio teel juhitavad autod","article_publisher":"https:\/\/www.facebook.com\/rczone.ee","article_modified_time":"2026-04-26T11:17:04+00:00","og_image":[{"width":800,"height":800,"url":"https:\/\/rczone.ee\/wp-content\/uploads\/2025\/06\/540219_01.jpg","type":"image\/jpeg"}],"twitter_card":"summary_large_image","twitter_misc":{"Est. reading time":"3 min\u016btes"},"schema":{"@context":"https:\/\/schema.org","@graph":[{"@type":"WebPage","@id":"https:\/\/rczone.ee\/toode\/blackzon-slyder-st-turbo-1-16-4wd-2s-brushless\/","url":"https:\/\/rczone.ee\/toode\/blackzon-slyder-st-turbo-1-16-4wd-2s-brushless\/","name":"BLACKZON Slyder ST Turbo 1\/16 4WD 2S Brushless - RC Zone | Radio vad\u0101mi auto","isPartOf":{"@id":"https:\/\/rczone.ee\/#website"},"primaryImageOfPage":{"@id":"https:\/\/rczone.ee\/toode\/blackzon-slyder-st-turbo-1-16-4wd-2s-brushless\/#primaryimage"},"image":{"@id":"https:\/\/rczone.ee\/toode\/blackzon-slyder-st-turbo-1-16-4wd-2s-brushless\/#primaryimage"},"thumbnailUrl":"https:\/\/rczone.ee\/wp-content\/uploads\/2025\/06\/540219_01.jpg","datePublished":"2025-06-26T18:43:49+00:00","dateModified":"2026-04-26T11:17:04+00:00","breadcrumb":{"@id":"https:\/\/rczone.ee\/toode\/blackzon-slyder-st-turbo-1-16-4wd-2s-brushless\/#breadcrumb"},"inLanguage":"lv-LV","potentialAction":[{"@type":"ReadAction","target":["https:\/\/rczone.ee\/toode\/blackzon-slyder-st-turbo-1-16-4wd-2s-brushless\/"]}]},{"@type":"ImageObject","inLanguage":"lv-LV","@id":"https:\/\/rczone.ee\/toode\/blackzon-slyder-st-turbo-1-16-4wd-2s-brushless\/#primaryimage","url":"https:\/\/rczone.ee\/wp-content\/uploads\/2025\/06\/540219_01.jpg","contentUrl":"https:\/\/rczone.ee\/wp-content\/uploads\/2025\/06\/540219_01.jpg","width":800,"height":800},{"@type":"BreadcrumbList","@id":"https:\/\/rczone.ee\/toode\/blackzon-slyder-st-turbo-1-16-4wd-2s-brushless\/#breadcrumb","itemListElement":[{"@type":"ListItem","position":1,"name":"Home","item":"https:\/\/rczone.ee\/"},{"@type":"ListItem","position":2,"name":"Shop","item":"https:\/\/rczone.ee\/shop\/"},{"@type":"ListItem","position":3,"name":"BLACKZON Slyder ST Turbo 1\/16 4WD 2S Brushless"}]},{"@type":"WebSite","@id":"https:\/\/rczone.ee\/#website","url":"https:\/\/rczone.ee\/","name":"RcZone","description":"RcZone - Radio vad\u0101mo automobi\u013cu tie\u0161saistes veikals. M\u0113s p\u0101rdodam pla\u0161u augstas kvalit\u0101tes un jaud\u012bgu RC automobi\u013cu kl\u0101stu. \u0100tra pieg\u0101de un konkur\u0113tsp\u0113j\u012bgas cenas.","publisher":{"@id":"https:\/\/rczone.ee\/#organization"},"potentialAction":[{"@type":"SearchAction","target":{"@type":"EntryPoint","urlTemplate":"https:\/\/rczone.ee\/?s={search_term_string}"},"query-input":{"@type":"PropertyValueSpecification","valueRequired":true,"valueName":"search_term_string"}}],"inLanguage":"lv-LV"},{"@type":"Organization","@id":"https:\/\/rczone.ee\/#organization","name":"RcZone","url":"https:\/\/rczone.ee\/","logo":{"@type":"ImageObject","inLanguage":"lv-LV","@id":"https:\/\/rczone.ee\/#\/schema\/logo\/image\/","url":"https:\/\/rczone.ee\/wp-content\/uploads\/2024\/01\/3D.png","contentUrl":"https:\/\/rczone.ee\/wp-content\/uploads\/2024\/01\/3D.png","width":2080,"height":602,"caption":"RcZone"},"image":{"@id":"https:\/\/rczone.ee\/#\/schema\/logo\/image\/"},"sameAs":["https:\/\/www.facebook.com\/rczone.ee"]}]}},"_links":{"self":[{"href":"https:\/\/rczone.ee\/lv\/wp-json\/wp\/v2\/product\/3450","targetHints":{"allow":["GET"]}}],"collection":[{"href":"https:\/\/rczone.ee\/lv\/wp-json\/wp\/v2\/product"}],"about":[{"href":"https:\/\/rczone.ee\/lv\/wp-json\/wp\/v2\/types\/product"}],"replies":[{"embeddable":true,"href":"https:\/\/rczone.ee\/lv\/wp-json\/wp\/v2\/comments?post=3450"}],"wp:featuredmedia":[{"embeddable":true,"href":"https:\/\/rczone.ee\/lv\/wp-json\/wp\/v2\/media\/3466"}],"wp:attachment":[{"href":"https:\/\/rczone.ee\/lv\/wp-json\/wp\/v2\/media?parent=3450"}],"wp:term":[{"taxonomy":"fits_model","embeddable":true,"href":"https:\/\/rczone.ee\/lv\/wp-json\/wp\/v2\/fits_model?post=3450"},{"taxonomy":"product_brand","embeddable":true,"href":"https:\/\/rczone.ee\/lv\/wp-json\/wp\/v2\/product_brand?post=3450"},{"taxonomy":"product_cat","embeddable":true,"href":"https:\/\/rczone.ee\/lv\/wp-json\/wp\/v2\/product_cat?post=3450"},{"taxonomy":"product_tag","embeddable":true,"href":"https:\/\/rczone.ee\/lv\/wp-json\/wp\/v2\/product_tag?post=3450"},{"taxonomy":"woo-feed-brand","embeddable":true,"href":"https:\/\/rczone.ee\/lv\/wp-json\/wp\/v2\/woo-feed-brand?post=3450"}],"curies":[{"name":"wp","href":"https:\/\/api.w.org\/{rel}","templated":true}]}}