{"id":3828,"date":"2025-07-23T22:33:00","date_gmt":"2025-07-23T19:33:00","guid":{"rendered":"https:\/\/rczone.ee\/?post_type=product&#038;p=3828"},"modified":"2025-12-02T05:50:07","modified_gmt":"2025-12-02T03:50:07","slug":"hpi-racing-venture18-u4-ford-bronco-4400","status":"publish","type":"product","link":"https:\/\/rczone.ee\/lv\/toode\/hpi-racing-venture18-u4-ford-bronco-4400\/","title":{"rendered":"JAUNUMS! HPI Racing Venture18 U4 Ford Bronco 4400"},"content":{"rendered":"<h2>HPI Racing Venture18 U4 Ford Bronco 4400!<\/h2>\n<p><img decoding=\"async\" class=\"alignnone size-full wp-image-3831\" src=\"https:\/\/rczone.ee\/wp-content\/uploads\/2025\/07\/u4_mh_headerfix.png\" alt=\"\" width=\"1300\" height=\"457\" srcset=\"https:\/\/rczone.ee\/wp-content\/uploads\/2025\/07\/u4_mh_headerfix.png 1300w, https:\/\/rczone.ee\/wp-content\/uploads\/2025\/07\/u4_mh_headerfix-800x281.png 800w, https:\/\/rczone.ee\/wp-content\/uploads\/2025\/07\/u4_mh_headerfix-768x270.png 768w, https:\/\/rczone.ee\/wp-content\/uploads\/2025\/07\/u4_mh_headerfix-18x6.png 18w, https:\/\/rczone.ee\/wp-content\/uploads\/2025\/07\/u4_mh_headerfix-900x316.png 900w\" sizes=\"(max-width: 1300px) 100vw, 1300px\" \/><\/p>\n<p>Iepaz\u012bstin\u0101m ar paz\u012bstamo HPI Racing Venture18 U4 Ford Bronco 4400 - tas ir izstr\u0101d\u0101ts, lai domin\u0113tu tras\u0113 ar drosm\u012bgu izskatu un sp\u0113c\u012bgu jaudu. \u0160is kompaktais k\u0101pur\u0137\u0113\u017eu automobilis, kas ir b\u016bv\u0113ts uz p\u0101rbaud\u012btas Venture18 \u0161asijas, nodro\u0161ina izcilu veiktsp\u0113ju p\u0101rn\u0113s\u0101jam\u0101 un visur izmantojam\u0101 platform\u0101. Venture18 U4 Ford Bronco neaizmirs\u012bs ne uz \u0161aur\u0101m tehnisk\u0101m tak\u0101m, ne akme\u0146ain\u0101 apvid\u016b.<\/p>\n<p>T\u0101pat k\u0101 t\u0101 priek\u0161g\u0101j\u0113js, ar\u012b Venture18 U4 ir apr\u012bkots ar iztur\u012bgu t\u0113rauda C-kan\u0101la \u0161asiju un re\u0101listisku jaudas p\u0101rnesumu. Tas ir apr\u012bkots ar prec\u012bzi konstru\u0113tu, piln\u012bb\u0101 met\u0101la 2 \u0101trumu p\u0101rnesumk\u0101rbu, blo\u0137\u0113tiem diferenci\u0101\u013ciem, 4 sai\u0161u priek\u0161\u0113jo un aizmugur\u0113jo balstiek\u0101rtu un univers\u0101l\u0101m teleskopisk\u0101m pret\u0113ji rot\u0113jo\u0161\u0101m piedzi\u0146as v\u0101rpst\u0101m - tas nodro\u0161ina \u012bstu bezce\u013cu saj\u016btu jebkur\u0101 apvid\u016b. V2 ar e\u013c\u013cu pild\u012bti amortizatori nodro\u0161ina vienm\u0113r\u012bgu un vienm\u0113r\u012bgu vad\u0101m\u012bbu.<\/p>\n<p>Ofici\u0101li licenc\u0113t\u0101 \u0161asija ir veidota ar agres\u012bvu RTR Vehicles bezce\u013cu stilu, cauru\u013cveida dro\u0161\u012bbas arku, pirmo LED gaismas lentu un polikarbon\u0101ta virsb\u016bvi, ar Vaughn Gittin Jr vai Loren Healy re\u0101lu automa\u0161\u012bnas dizainu.<\/p>\n<p>Venture18 U4 Ford Bronco 4400 ir piln\u012bb\u0101 gatavs brauk\u0161anai (RTR), komplekt\u0101 ar 600 mAh LiPo akumulatoru un USB l\u0101d\u0113t\u0101ju - viss, kas nepiecie\u0161ams, lai dotos tras\u0113, tikl\u012bdz atverat kasti. Neatkar\u012bgi no t\u0101, vai l\u0113k\u0101jat p\u0101ri akme\u0146iem vai braucat sav\u0101 pagalm\u0101, \u0161is kompaktais apvidus apvidus automobilis var tikt gal\u0101 ar jebkuru apvidu.<\/p>\n<p><img decoding=\"async\" class=\"alignnone size-full wp-image-3854\" src=\"https:\/\/rczone.ee\/wp-content\/uploads\/2025\/07\/u4_mh_studio_view_side.png\" alt=\"\" width=\"1300\" height=\"470\" srcset=\"https:\/\/rczone.ee\/wp-content\/uploads\/2025\/07\/u4_mh_studio_view_side.png 1300w, https:\/\/rczone.ee\/wp-content\/uploads\/2025\/07\/u4_mh_studio_view_side-800x289.png 800w, https:\/\/rczone.ee\/wp-content\/uploads\/2025\/07\/u4_mh_studio_view_side-768x278.png 768w, https:\/\/rczone.ee\/wp-content\/uploads\/2025\/07\/u4_mh_studio_view_side-18x7.png 18w, https:\/\/rczone.ee\/wp-content\/uploads\/2025\/07\/u4_mh_studio_view_side-900x325.png 900w\" sizes=\"(max-width: 1300px) 100vw, 1300px\" \/> <img decoding=\"async\" class=\"alignnone size-full wp-image-3855\" src=\"https:\/\/rczone.ee\/wp-content\/uploads\/2025\/07\/u4_vgr_studio_view_rear_34.png\" alt=\"\" width=\"1300\" height=\"501\" srcset=\"https:\/\/rczone.ee\/wp-content\/uploads\/2025\/07\/u4_vgr_studio_view_rear_34.png 1300w, https:\/\/rczone.ee\/wp-content\/uploads\/2025\/07\/u4_vgr_studio_view_rear_34-800x308.png 800w, https:\/\/rczone.ee\/wp-content\/uploads\/2025\/07\/u4_vgr_studio_view_rear_34-768x296.png 768w, https:\/\/rczone.ee\/wp-content\/uploads\/2025\/07\/u4_vgr_studio_view_rear_34-18x7.png 18w, https:\/\/rczone.ee\/wp-content\/uploads\/2025\/07\/u4_vgr_studio_view_rear_34-900x347.png 900w\" sizes=\"(max-width: 1300px) 100vw, 1300px\" \/><\/p>\n<div id=\"section_8\" class=\"section\">\n<div class=\"wrapper\">\n<h2>FORD Bronco 4400<\/h2>\n<p>Ofici\u0101li licenc\u0113tais Venture18 RTR, kas ir veidots p\u0113c atpaz\u012bstam\u0101 Ford Bronco 4400 mode\u013ca, kuru rad\u012bju\u0161i Vaughn Gittin Jr. un Loren Healy, atspogu\u013co pilna izm\u0113ra automobi\u013ca attieksmi un agresiju. Iedvesmojoties no sac\u012bk\u0161u uzvar\u0113t\u0101ju automobi\u013ciem, \u0161is RC automobilis ar uzman\u012bbu piesaisto\u0161\u0101m kr\u0101s\u0101m un autentisk\u0101m deta\u013c\u0101m ne tikai atg\u0101dina \u012bstus sac\u012bk\u0161u automobi\u013cus p\u0113c izskata, bet ir veidots t\u0101, lai brauktu bezce\u013ca apst\u0101k\u013cos k\u0101 \u012bsts 1000 zirgsp\u0113ku monstrs, kas sacen\u0161as King of the Hammers sacens\u012bb\u0101s.<br \/><iframe title=\"YouTube videoklipu atska\u0146ot\u0101js\" src=\"https:\/\/www.youtube.com\/embed\/8R-XhOgv0rg?si=geTXeRTcyBQLQUpt\" width=\"896\" height=\"504\" frameborder=\"0\" allowfullscreen=\"allowfullscreen\"><span data-mce-type=\"bookmark\" style=\"display: inline-block; width: 0px; overflow: hidden; line-height: 0;\" class=\"mce_SELRES_start\"><\/span><\/iframe><\/p>\n<\/div>\n<\/div>\n<h2 class=\"wrapper\">Deta\u013cas, kas nodro\u0161ina robustu re\u0101lismu un ainaviskumu<\/h2>\n<div>\n<p>Venture18 U4 r\u0101mis ir izgatavots no \u012bpa\u0161i iztur\u012bga polikarbon\u0101ta - tas ir veidots t\u0101, lai iztur\u0113tu p\u0101rg\u0101jienu takas un \u0101tru Ultra4 brauk\u0161anu.<\/p>\n<p>Nopietn\u012bbas labad aizmugur\u0113 ir piestiprin\u0101ts pilnfunkcion\u0101ls rezerves ritenis, kas nav paredz\u0113ts tikai izskatam, bet ko var nolaist, ja tras\u0113 notiek kas neparedz\u0113ts. Dro\u0161\u012bbas stienis \u0161asijas iek\u0161pus\u0113 nodro\u0161ina papildu aizsardz\u012bbu un pie\u0161\u0137ir modelim \u012bstu rokgreidera izskatu.<\/p>\n<p>Ar\u012b kab\u012bn\u0113 ir daudz deta\u013cu - re\u0101listisks kokpits ar atveidot\u0101m vad\u012bt\u0101ja un instrumentu pane\u013ca deta\u013c\u0101m rada \u012bstu sac\u012bk\u0161u automobi\u013ca saj\u016btu, kas rad\u012bta uzreiz p\u0113c iz\u0146em\u0161anas no iepakojuma.<\/p>\n<\/div>\n<h2>TRAILBLASTER apvidus riepas ar CL-5 diskiem<\/h2>\n<p>Venture18 U4 ir apr\u012bkots ar jaunaj\u0101m TREDZ 1.2\u2033 TRAILBLASTER riep\u0101m, kas izgatavotas no m\u012bkstas gumijas mais\u012bjuma ar augstu sa\u0137eri, nodro\u0161inot maksim\u0101lu sa\u0137eri pat visgr\u016bt\u0101kaj\u0101 apvid\u016b. \u0160\u012bm lielizm\u0113ra riep\u0101m ir par 4 mm liel\u0101ks diametrs nek\u0101 parastaj\u0101m riep\u0101m, kas nodro\u0161ina lab\u0101ku kl\u012brensu un izple\u0161as uz s\u0101niem, lai automa\u0161\u012bna var\u0113tu viegli p\u0101rvar\u0113t slidenas saknes, s\u016bnu akme\u0146us un nel\u012bdzenas virsmas.<\/p>\n<p>Riepas ir uzmont\u0113tas uz CL-5 1,2 collu 1,2 collu tr\u012bsda\u013c\u012bgiem rite\u0146u diskiem, kas nodro\u0161ina gan patiesu apvidus veiktsp\u0113ju, gan autentisku izskatu. Rumbas v\u0101ci\u0146i katra rite\u0146a centr\u0101 pasl\u0113pj t\u0113rauda uzgrie\u017e\u0146us un pie\u0161\u0137ir automa\u0161\u012bnai t\u012bru, re\u0101listisku izskatu - glu\u017ei k\u0101 \u012bstai apvidus ma\u0161\u012bnai.<\/p>\n<p>Neatkar\u012bgi no t\u0101, vai j\u016bs k\u0101pjat pa akme\u0146ainiem pak\u0101pieniem vai p\u0101rvietojaties pa \u0161auriem tehniskiem posmiem, Venture18 U4 nodro\u0161ina nemain\u012bgu veiktsp\u0113ju un iztur\u012bbu, garant\u0113jot stund\u0101m ilgu, patiesu bezce\u013cu prieku.<\/p>\n<div><img decoding=\"async\" class=\"alignnone size-full wp-image-3856\" src=\"https:\/\/rczone.ee\/wp-content\/uploads\/2025\/07\/u4_mh_image_2.png\" alt=\"\" width=\"1300\" height=\"868\" srcset=\"https:\/\/rczone.ee\/wp-content\/uploads\/2025\/07\/u4_mh_image_2.png 1300w, https:\/\/rczone.ee\/wp-content\/uploads\/2025\/07\/u4_mh_image_2-599x400.png 599w, https:\/\/rczone.ee\/wp-content\/uploads\/2025\/07\/u4_mh_image_2-1198x800.png 1198w, https:\/\/rczone.ee\/wp-content\/uploads\/2025\/07\/u4_mh_image_2-768x513.png 768w, https:\/\/rczone.ee\/wp-content\/uploads\/2025\/07\/u4_mh_image_2-18x12.png 18w, https:\/\/rczone.ee\/wp-content\/uploads\/2025\/07\/u4_mh_image_2-900x601.png 900w\" sizes=\"(max-width: 1300px) 100vw, 1300px\" \/><\/div>\n<div>\u00a0<\/div>\n<div>\u00a0<\/div>\n<div><img decoding=\"async\" class=\"alignnone size-full wp-image-3857\" src=\"https:\/\/rczone.ee\/wp-content\/uploads\/2025\/07\/u4_vgjr_brushed_side_angles.png\" alt=\"\" width=\"1300\" height=\"400\" srcset=\"https:\/\/rczone.ee\/wp-content\/uploads\/2025\/07\/u4_vgjr_brushed_side_angles.png 1300w, https:\/\/rczone.ee\/wp-content\/uploads\/2025\/07\/u4_vgjr_brushed_side_angles-800x246.png 800w, https:\/\/rczone.ee\/wp-content\/uploads\/2025\/07\/u4_vgjr_brushed_side_angles-768x236.png 768w, https:\/\/rczone.ee\/wp-content\/uploads\/2025\/07\/u4_vgjr_brushed_side_angles-18x6.png 18w, https:\/\/rczone.ee\/wp-content\/uploads\/2025\/07\/u4_vgjr_brushed_side_angles-900x277.png 900w\" sizes=\"(max-width: 1300px) 100vw, 1300px\" \/><\/div>\n<div>\n<h3 data-start=\"509\" data-end=\"573\">K\u0101p\u0113c izv\u0113l\u0113ties Venture18 U4 Ford Bronco 4400 no RcZone.ee?<\/h3>\n<ul data-start=\"575\" data-end=\"1401\">\n<li data-start=\"575\" data-end=\"774\">\n<p data-start=\"577\" data-end=\"774\"><strong data-start=\"577\" data-end=\"603\">\u012asta ainavu ma\u0161\u012bna:<\/strong> Ar iztur\u012bgu t\u0113rauda C-sijas r\u0101mi, piln\u012bb\u0101 met\u0101la 2 \u0101trumu p\u0101rnesumk\u0101rbu, blo\u0137\u0113tiem diferenci\u0101\u013ciem un 4 sai\u0161u balstiek\u0101rtu priek\u0161pus\u0113 un aizmugur\u0113 j\u016bs noteikti var\u0113siet doties jebkur.<\/p>\n<\/li>\n<li data-start=\"775\" data-end=\"957\">\n<p data-start=\"777\" data-end=\"957\"><strong data-start=\"777\" data-end=\"804\">Elast\u012bgs un detaliz\u0113ts:<\/strong> Polikarbon\u0101ta virsb\u016bve, dro\u0161\u012bbas stienis un funkcion\u0101lais rezerves ritenis rada re\u0101listisku un iztur\u012bgu izskatu un aizsarg\u0101 automa\u0161\u012bnu visgr\u016bt\u0101kaj\u0101 apvid\u016b.<\/p>\n<\/li>\n<li data-start=\"958\" data-end=\"1099\">\n<p data-start=\"960\" data-end=\"1099\"><strong data-start=\"960\" data-end=\"981\">Piln\u012bga kontrole:<\/strong> Jaud\u012bgs un \u016bdensiztur\u012bgs st\u016bres pastiprin\u0101t\u0101js, 45\u00b0 pagrieziena le\u0146\u0137is un speci\u0101la TF-706 2,4GHz t\u0101lvad\u012bbas pults, ar kuru var vad\u012bt ar\u012b automa\u0161\u012bnas apgaismojumu.<\/p>\n<\/li>\n<li data-start=\"1100\" data-end=\"1239\">\n<p data-start=\"1102\" data-end=\"1239\"><strong data-start=\"1102\" data-end=\"1129\">Kompakts, bet jaud\u012bgs:<\/strong> Venture18 U4 Ford Bronco 4400 var \u0146emt l\u012bdzi, lai kurp j\u016bs dotos - tas \u0113rti ietilpst som\u0101, bet p\u0101rsteidz ar savu veiktsp\u0113ju.<\/p>\n<\/li>\n<li data-start=\"1240\" data-end=\"1401\">\n<p data-start=\"1242\" data-end=\"1401\"><strong data-start=\"1242\" data-end=\"1272\">RTR - gatavs darbam:<\/strong> Tas ir apr\u012bkots ar 600 mAh LiPo akumulatoru, USB l\u0101d\u0113t\u0101ju un visu p\u0101r\u0113jo nepiecie\u0161amo, lai uzreiz var\u0113tu doties ce\u013c\u0101 (nepiecie\u0161amas tikai 4 AA baterijas).<\/p>\n<\/li>\n<\/ul>\n<\/div>\n<h3 data-start=\"1403\" data-end=\"1436\"><img decoding=\"async\" class=\"alignnone size-full wp-image-3858\" src=\"https:\/\/rczone.ee\/wp-content\/uploads\/2025\/07\/u4_vgr_image_1.png\" alt=\"\" width=\"1300\" height=\"868\" srcset=\"https:\/\/rczone.ee\/wp-content\/uploads\/2025\/07\/u4_vgr_image_1.png 1300w, https:\/\/rczone.ee\/wp-content\/uploads\/2025\/07\/u4_vgr_image_1-599x400.png 599w, https:\/\/rczone.ee\/wp-content\/uploads\/2025\/07\/u4_vgr_image_1-1198x800.png 1198w, https:\/\/rczone.ee\/wp-content\/uploads\/2025\/07\/u4_vgr_image_1-768x513.png 768w, https:\/\/rczone.ee\/wp-content\/uploads\/2025\/07\/u4_vgr_image_1-18x12.png 18w, https:\/\/rczone.ee\/wp-content\/uploads\/2025\/07\/u4_vgr_image_1-900x601.png 900w\" sizes=\"(max-width: 1300px) 100vw, 1300px\" \/><\/h3>\n<h3 data-start=\"1403\" data-end=\"1436\">Galven\u0101s specifik\u0101cijas<\/h3>\n<ul>\n<li><strong>M\u0113r\u012bjumi<\/strong>: garums 238 mm, platums 127 mm, augstums 119 mm<\/li>\n<li><strong>Svars<\/strong>: 0,50 kg ar akumulatoru<\/li>\n<li><strong>Akumulatora ligzda<\/strong>: XT30 52*24*18 mm<\/li>\n<li><strong>Aptur\u0113\u0161ana<\/strong>: 4 saites priek\u0161\u0101 un aizmugur\u0113, ar gaisu pild\u012bti regul\u0113jami amortizatori<\/li>\n<li><strong>P\u0101rnesumk\u0101rba<\/strong>: 2 \u0101trumi, zemais p\u0101rnesums (81,44:1) r\u0101po\u0161anai, augstais p\u0101rnesums (20,36:1) \u0101tr\u0101kai kust\u012bbai.<\/li>\n<li><strong>Riepas un rite\u0146i<\/strong>: 1.2\u2033 TREDZ TRAILBLASTER riepas ar augstu sa\u0137eri, CL-5 rite\u0146u blo\u0137\u0113\u0161anas meh\u0101nisms.<\/li>\n<li><strong>LED apgaismojums<\/strong>: T\u0101lvad\u012bbas pults, da\u017e\u0101di apgaismojuma re\u017e\u012bmi<\/li>\n<li><strong>K\u0101 p\u0101rvar\u0113t k\u0101pumus un kritumus<\/strong>: Lieliski le\u0146\u0137i (izejas 79,8\u00b0, izejas 77,3\u00b0, p\u0101rkl\u0101\u0161an\u0101s 55\u00b0), kl\u012brenss l\u012bdz 30,4 mm.<\/li>\n<\/ul>\n<h3 data-start=\"2006\" data-end=\"2058\">Priek\u0161roc\u012bbas, kas padara Venture18 U4 unik\u0101lu:<\/h3>\n<ul>\n<li><strong>R\u0101mja pacel\u0161anas meh\u0101nisms bez klip\u0161iem<\/strong> - \u0101tra un vienk\u0101r\u0161a piek\u013cuve akumulatora nomai\u0146ai<\/li>\n<li><strong>Piln\u012bga 4WD un blo\u0137\u0113ti tilti<\/strong> - vislab\u0101k\u0101 sa\u0137ere visos apst\u0101k\u013cos<\/li>\n<li><strong>Autentisks interjers un sac\u012bk\u0161u stils<\/strong> - Vona Gitina juniora vai Lorena Heilija autentiskais dizains<\/li>\n<li><strong>\u016adensiztur\u012bga elektronika<\/strong> - bezr\u016bp\u012bgi brauc cauri net\u012brumiem, \u016bdenim un sniegam.<\/li>\n<li><strong>Regul\u0113jama balstiek\u0101rta un iztur\u012bgs t\u0113rauda r\u0101mis<\/strong><\/li>\n<\/ul>\n<p data-start=\"2392\" data-end=\"2610\"><strong data-start=\"2392\" data-end=\"2475\">Ieg\u0101d\u0101jieties Venture18 U4 Ford Bronco 4400 no RcZone.ee un \u013caujiet j\u016bsu piedz\u012bvojumam s\u0101kties!<\/strong><br data-start=\"2475\" data-end=\"2478\" \/>Piem\u0113rots gan ies\u0101c\u0113jiem, gan pieredz\u0113ju\u0161iem RC entuziastiem, kas mekl\u0113 ko \u012bpa\u0161u - \u012bstu bezce\u013cu pieredzi kompakt\u0101 un uzticam\u0101 form\u0101.<\/p>\n<p data-start=\"2392\" data-end=\"2610\"><img decoding=\"async\" class=\"alignnone size-full wp-image-3859\" src=\"https:\/\/rczone.ee\/wp-content\/uploads\/2025\/07\/u4_vgjr_ipad.png\" alt=\"\" width=\"1300\" height=\"700\" srcset=\"https:\/\/rczone.ee\/wp-content\/uploads\/2025\/07\/u4_vgjr_ipad.png 1300w, https:\/\/rczone.ee\/wp-content\/uploads\/2025\/07\/u4_vgjr_ipad-743x400.png 743w, https:\/\/rczone.ee\/wp-content\/uploads\/2025\/07\/u4_vgjr_ipad-768x414.png 768w, https:\/\/rczone.ee\/wp-content\/uploads\/2025\/07\/u4_vgjr_ipad-18x10.png 18w, https:\/\/rczone.ee\/wp-content\/uploads\/2025\/07\/u4_vgjr_ipad-900x485.png 900w\" sizes=\"(max-width: 1300px) 100vw, 1300px\" \/><\/p>","protected":false},"excerpt":{"rendered":"<ul>\n<li style=\"line-height: 1; padding-top: 20px;\">Nov\u0113rt\u0113jums: Par<\/li>\n<li style=\"line-height: 1;\">Lietot\u0101ju vecuma diapazons: 8-13 gadi<\/li>\n<li style=\"line-height: 1;\">Kategorija: crawler<\/li>\n<li style=\"line-height: 1;\">M\u0113rogi: 1:18<\/li>\n<li style=\"line-height: 1;\">Vilces ass: 4WD<\/li>\n<li style=\"line-height: 1;\">Pabeig\u0161ana: gatavs darbam<\/li>\n<li style=\"line-height: 1;\">Ener\u0123ija: elektroener\u0123ija<\/li>\n<\/ul>","protected":false},"featured_media":3835,"comment_status":"open","ping_status":"closed","template":"","meta":{"_monsterinsights_skip_tracking":false,"_monsterinsights_sitenote_active":false,"_monsterinsights_sitenote_note":"","_monsterinsights_sitenote_category":0},"fits_model":[],"product_brand":[],"product_cat":[38],"product_tag":[84],"woo-feed-brand":[86],"class_list":{"0":"post-3828","1":"product","2":"type-product","3":"status-publish","4":"has-post-thumbnail","6":"product_cat-crawler","7":"product_tag-standard","8":"woo-feed-brand-hpi-racing","10":"first","11":"instock","12":"taxable","13":"shipping-taxable","14":"purchasable","15":"product-type-variable","16":"has-default-attributes"},"yoast_head":"<!-- This site is optimized with the Yoast SEO plugin v27.6 - https:\/\/yoast.com\/product\/yoast-seo-wordpress\/ -->\n<title>UUS! HPI Racing Venture18 U4 Ford Bronco 4400 - RC Zone | Raadio teel juhitavad autod<\/title>\n<meta name=\"robots\" content=\"index, follow, max-snippet:-1, max-image-preview:large, max-video-preview:-1\" \/>\n<link rel=\"canonical\" href=\"https:\/\/rczone.ee\/lv\/products\/hpi-racing-venture18-u4-ford-bronco-4400\/\" \/>\n<meta property=\"og:locale\" content=\"lv_LV\" \/>\n<meta property=\"og:type\" content=\"article\" \/>\n<meta property=\"og:title\" content=\"UUS! HPI Racing Venture18 U4 Ford Bronco 4400 - RC Zone | Raadio teel juhitavad autod\" \/>\n<meta property=\"og:description\" content=\"Rate: Pro  Kasutaja vanuseklass: 8-13  Kategooria: Crawler  Skaala: 1:18  Vedav sild: 4WD  Komplekteeritus: Ready-To-Run  Energia: Elekter\" \/>\n<meta property=\"og:url\" content=\"https:\/\/rczone.ee\/lv\/products\/hpi-racing-venture18-u4-ford-bronco-4400\/\" \/>\n<meta property=\"og:site_name\" content=\"RC Zone | Raadio teel juhitavad autod\" \/>\n<meta property=\"article:publisher\" content=\"https:\/\/www.facebook.com\/rczone.ee\" \/>\n<meta property=\"article:modified_time\" content=\"2025-12-02T03:50:07+00:00\" \/>\n<meta property=\"og:image\" content=\"https:\/\/rczone.ee\/wp-content\/uploads\/2025\/07\/160804_01.jpg\" \/>\n\t<meta property=\"og:image:width\" content=\"800\" \/>\n\t<meta property=\"og:image:height\" content=\"800\" \/>\n\t<meta property=\"og:image:type\" content=\"image\/jpeg\" \/>\n<meta name=\"twitter:card\" content=\"summary_large_image\" \/>\n<meta name=\"twitter:label1\" content=\"Est. reading time\" \/>\n\t<meta name=\"twitter:data1\" content=\"6 min\u016btes\" \/>\n<script type=\"application\/ld+json\" class=\"yoast-schema-graph\">{\"@context\":\"https:\\\/\\\/schema.org\",\"@graph\":[{\"@type\":\"WebPage\",\"@id\":\"https:\\\/\\\/rczone.ee\\\/toode\\\/hpi-racing-venture18-u4-ford-bronco-4400\\\/\",\"url\":\"https:\\\/\\\/rczone.ee\\\/toode\\\/hpi-racing-venture18-u4-ford-bronco-4400\\\/\",\"name\":\"UUS! HPI Racing Venture18 U4 Ford Bronco 4400 - RC Zone | Raadio teel juhitavad autod\",\"isPartOf\":{\"@id\":\"https:\\\/\\\/rczone.ee\\\/#website\"},\"primaryImageOfPage\":{\"@id\":\"https:\\\/\\\/rczone.ee\\\/toode\\\/hpi-racing-venture18-u4-ford-bronco-4400\\\/#primaryimage\"},\"image\":{\"@id\":\"https:\\\/\\\/rczone.ee\\\/toode\\\/hpi-racing-venture18-u4-ford-bronco-4400\\\/#primaryimage\"},\"thumbnailUrl\":\"https:\\\/\\\/rczone.ee\\\/wp-content\\\/uploads\\\/2025\\\/07\\\/160804_01.jpg\",\"datePublished\":\"2025-07-23T19:33:00+00:00\",\"dateModified\":\"2025-12-02T03:50:07+00:00\",\"breadcrumb\":{\"@id\":\"https:\\\/\\\/rczone.ee\\\/toode\\\/hpi-racing-venture18-u4-ford-bronco-4400\\\/#breadcrumb\"},\"inLanguage\":\"lv-LV\",\"potentialAction\":[{\"@type\":\"ReadAction\",\"target\":[\"https:\\\/\\\/rczone.ee\\\/toode\\\/hpi-racing-venture18-u4-ford-bronco-4400\\\/\"]}]},{\"@type\":\"ImageObject\",\"inLanguage\":\"lv-LV\",\"@id\":\"https:\\\/\\\/rczone.ee\\\/toode\\\/hpi-racing-venture18-u4-ford-bronco-4400\\\/#primaryimage\",\"url\":\"https:\\\/\\\/rczone.ee\\\/wp-content\\\/uploads\\\/2025\\\/07\\\/160804_01.jpg\",\"contentUrl\":\"https:\\\/\\\/rczone.ee\\\/wp-content\\\/uploads\\\/2025\\\/07\\\/160804_01.jpg\",\"width\":800,\"height\":800},{\"@type\":\"BreadcrumbList\",\"@id\":\"https:\\\/\\\/rczone.ee\\\/toode\\\/hpi-racing-venture18-u4-ford-bronco-4400\\\/#breadcrumb\",\"itemListElement\":[{\"@type\":\"ListItem\",\"position\":1,\"name\":\"Home\",\"item\":\"https:\\\/\\\/rczone.ee\\\/\"},{\"@type\":\"ListItem\",\"position\":2,\"name\":\"Shop\",\"item\":\"https:\\\/\\\/rczone.ee\\\/shop\\\/\"},{\"@type\":\"ListItem\",\"position\":3,\"name\":\"UUS! HPI Racing Venture18 U4 Ford Bronco 4400\"}]},{\"@type\":\"WebSite\",\"@id\":\"https:\\\/\\\/rczone.ee\\\/#website\",\"url\":\"https:\\\/\\\/rczone.ee\\\/\",\"name\":\"RcZone\",\"description\":\"RcZone - Raadio teel juhitavate autode veebipood. M&uuml;&uuml;me laia valikut kvaliteetseid ja v&otilde;imsaid RC-autosid. Kiire tarne ja konkurentsiv&otilde;imelised hinnad.\",\"publisher\":{\"@id\":\"https:\\\/\\\/rczone.ee\\\/#organization\"},\"potentialAction\":[{\"@type\":\"SearchAction\",\"target\":{\"@type\":\"EntryPoint\",\"urlTemplate\":\"https:\\\/\\\/rczone.ee\\\/?s={search_term_string}\"},\"query-input\":{\"@type\":\"PropertyValueSpecification\",\"valueRequired\":true,\"valueName\":\"search_term_string\"}}],\"inLanguage\":\"lv-LV\"},{\"@type\":\"Organization\",\"@id\":\"https:\\\/\\\/rczone.ee\\\/#organization\",\"name\":\"RcZone\",\"url\":\"https:\\\/\\\/rczone.ee\\\/\",\"logo\":{\"@type\":\"ImageObject\",\"inLanguage\":\"lv-LV\",\"@id\":\"https:\\\/\\\/rczone.ee\\\/#\\\/schema\\\/logo\\\/image\\\/\",\"url\":\"https:\\\/\\\/rczone.ee\\\/wp-content\\\/uploads\\\/2024\\\/01\\\/3D.png\",\"contentUrl\":\"https:\\\/\\\/rczone.ee\\\/wp-content\\\/uploads\\\/2024\\\/01\\\/3D.png\",\"width\":2080,\"height\":602,\"caption\":\"RcZone\"},\"image\":{\"@id\":\"https:\\\/\\\/rczone.ee\\\/#\\\/schema\\\/logo\\\/image\\\/\"},\"sameAs\":[\"https:\\\/\\\/www.facebook.com\\\/rczone.ee\"]}]}<\/script>\n<!-- \/ Yoast SEO plugin. -->","yoast_head_json":{"title":"JAUNUMS! HPI Racing Venture18 U4 Ford Bronco 4400 - RC Zone | Radio vad\u0101mi transportl\u012bdzek\u013ci","robots":{"index":"index","follow":"follow","max-snippet":"max-snippet:-1","max-image-preview":"max-image-preview:large","max-video-preview":"max-video-preview:-1"},"canonical":"https:\/\/rczone.ee\/lv\/products\/hpi-racing-venture18-u4-ford-bronco-4400\/","og_locale":"lv_LV","og_type":"article","og_title":"UUS! HPI Racing Venture18 U4 Ford Bronco 4400 - RC Zone | Raadio teel juhitavad autod","og_description":"Rate: Pro  Kasutaja vanuseklass: 8-13  Kategooria: Crawler  Skaala: 1:18  Vedav sild: 4WD  Komplekteeritus: Ready-To-Run  Energia: Elekter","og_url":"https:\/\/rczone.ee\/lv\/products\/hpi-racing-venture18-u4-ford-bronco-4400\/","og_site_name":"RC Zone | Raadio teel juhitavad autod","article_publisher":"https:\/\/www.facebook.com\/rczone.ee","article_modified_time":"2025-12-02T03:50:07+00:00","og_image":[{"width":800,"height":800,"url":"https:\/\/rczone.ee\/wp-content\/uploads\/2025\/07\/160804_01.jpg","type":"image\/jpeg"}],"twitter_card":"summary_large_image","twitter_misc":{"Est. reading time":"6 min\u016btes"},"schema":{"@context":"https:\/\/schema.org","@graph":[{"@type":"WebPage","@id":"https:\/\/rczone.ee\/toode\/hpi-racing-venture18-u4-ford-bronco-4400\/","url":"https:\/\/rczone.ee\/toode\/hpi-racing-venture18-u4-ford-bronco-4400\/","name":"JAUNUMS! HPI Racing Venture18 U4 Ford Bronco 4400 - RC Zone | Radio vad\u0101mi transportl\u012bdzek\u013ci","isPartOf":{"@id":"https:\/\/rczone.ee\/#website"},"primaryImageOfPage":{"@id":"https:\/\/rczone.ee\/toode\/hpi-racing-venture18-u4-ford-bronco-4400\/#primaryimage"},"image":{"@id":"https:\/\/rczone.ee\/toode\/hpi-racing-venture18-u4-ford-bronco-4400\/#primaryimage"},"thumbnailUrl":"https:\/\/rczone.ee\/wp-content\/uploads\/2025\/07\/160804_01.jpg","datePublished":"2025-07-23T19:33:00+00:00","dateModified":"2025-12-02T03:50:07+00:00","breadcrumb":{"@id":"https:\/\/rczone.ee\/toode\/hpi-racing-venture18-u4-ford-bronco-4400\/#breadcrumb"},"inLanguage":"lv-LV","potentialAction":[{"@type":"ReadAction","target":["https:\/\/rczone.ee\/toode\/hpi-racing-venture18-u4-ford-bronco-4400\/"]}]},{"@type":"ImageObject","inLanguage":"lv-LV","@id":"https:\/\/rczone.ee\/toode\/hpi-racing-venture18-u4-ford-bronco-4400\/#primaryimage","url":"https:\/\/rczone.ee\/wp-content\/uploads\/2025\/07\/160804_01.jpg","contentUrl":"https:\/\/rczone.ee\/wp-content\/uploads\/2025\/07\/160804_01.jpg","width":800,"height":800},{"@type":"BreadcrumbList","@id":"https:\/\/rczone.ee\/toode\/hpi-racing-venture18-u4-ford-bronco-4400\/#breadcrumb","itemListElement":[{"@type":"ListItem","position":1,"name":"Home","item":"https:\/\/rczone.ee\/"},{"@type":"ListItem","position":2,"name":"Shop","item":"https:\/\/rczone.ee\/shop\/"},{"@type":"ListItem","position":3,"name":"UUS! HPI Racing Venture18 U4 Ford Bronco 4400"}]},{"@type":"WebSite","@id":"https:\/\/rczone.ee\/#website","url":"https:\/\/rczone.ee\/","name":"RcZone","description":"RcZone - Radio vad\u0101mo automobi\u013cu tie\u0161saistes veikals. M\u0113s p\u0101rdodam pla\u0161u augstas kvalit\u0101tes un jaud\u012bgu RC automobi\u013cu kl\u0101stu. \u0100tra pieg\u0101de un konkur\u0113tsp\u0113j\u012bgas cenas.","publisher":{"@id":"https:\/\/rczone.ee\/#organization"},"potentialAction":[{"@type":"SearchAction","target":{"@type":"EntryPoint","urlTemplate":"https:\/\/rczone.ee\/?s={search_term_string}"},"query-input":{"@type":"PropertyValueSpecification","valueRequired":true,"valueName":"search_term_string"}}],"inLanguage":"lv-LV"},{"@type":"Organization","@id":"https:\/\/rczone.ee\/#organization","name":"RcZone","url":"https:\/\/rczone.ee\/","logo":{"@type":"ImageObject","inLanguage":"lv-LV","@id":"https:\/\/rczone.ee\/#\/schema\/logo\/image\/","url":"https:\/\/rczone.ee\/wp-content\/uploads\/2024\/01\/3D.png","contentUrl":"https:\/\/rczone.ee\/wp-content\/uploads\/2024\/01\/3D.png","width":2080,"height":602,"caption":"RcZone"},"image":{"@id":"https:\/\/rczone.ee\/#\/schema\/logo\/image\/"},"sameAs":["https:\/\/www.facebook.com\/rczone.ee"]}]}},"_links":{"self":[{"href":"https:\/\/rczone.ee\/lv\/wp-json\/wp\/v2\/product\/3828","targetHints":{"allow":["GET"]}}],"collection":[{"href":"https:\/\/rczone.ee\/lv\/wp-json\/wp\/v2\/product"}],"about":[{"href":"https:\/\/rczone.ee\/lv\/wp-json\/wp\/v2\/types\/product"}],"replies":[{"embeddable":true,"href":"https:\/\/rczone.ee\/lv\/wp-json\/wp\/v2\/comments?post=3828"}],"wp:featuredmedia":[{"embeddable":true,"href":"https:\/\/rczone.ee\/lv\/wp-json\/wp\/v2\/media\/3835"}],"wp:attachment":[{"href":"https:\/\/rczone.ee\/lv\/wp-json\/wp\/v2\/media?parent=3828"}],"wp:term":[{"taxonomy":"fits_model","embeddable":true,"href":"https:\/\/rczone.ee\/lv\/wp-json\/wp\/v2\/fits_model?post=3828"},{"taxonomy":"product_brand","embeddable":true,"href":"https:\/\/rczone.ee\/lv\/wp-json\/wp\/v2\/product_brand?post=3828"},{"taxonomy":"product_cat","embeddable":true,"href":"https:\/\/rczone.ee\/lv\/wp-json\/wp\/v2\/product_cat?post=3828"},{"taxonomy":"product_tag","embeddable":true,"href":"https:\/\/rczone.ee\/lv\/wp-json\/wp\/v2\/product_tag?post=3828"},{"taxonomy":"woo-feed-brand","embeddable":true,"href":"https:\/\/rczone.ee\/lv\/wp-json\/wp\/v2\/woo-feed-brand?post=3828"}],"curies":[{"name":"wp","href":"https:\/\/api.w.org\/{rel}","templated":true}]}}