{"id":3910,"date":"2025-07-28T21:22:15","date_gmt":"2025-07-28T18:22:15","guid":{"rendered":"https:\/\/rczone.ee\/?post_type=product&#038;p=3910"},"modified":"2025-12-13T15:26:42","modified_gmt":"2025-12-13T13:26:42","slug":"gens-ace-advanced-5500mah-7-6v-100c-2s1p-hardcase-lipo-xt60","status":"publish","type":"product","link":"https:\/\/rczone.ee\/lv\/toode\/gens-ace-advanced-5500mah-7-6v-100c-2s1p-hardcase-lipo-xt60\/","title":{"rendered":"Gens ace Advanced 5500mAh 7.6V 100C 2S1P HardCase Lipo - XT60"},"content":{"rendered":"<h3 data-start=\"89\" data-end=\"154\"><strong data-start=\"89\" data-end=\"154\">Gen's ace Advanced 5500mAh 7.6V 100C 2S1P HardCase LiPo - XT60<\/strong><\/h3>\n<p data-start=\"156\" data-end=\"484\">Gens ace Advanced High Voltage s\u0113rija ir jaun\u0101s paaudzes RC akumulatori, kas izstr\u0101d\u0101ti, lai nodro\u0161in\u0101tu \u0113rt\u0101ku lieto\u0161anu, dro\u0161\u012bbu un uzticam\u012bbu. \u0160is akumulators ir apr\u012bkots ar ieb\u016bv\u0113tu G-Tech mikrosh\u0113mu, kas \u013cauj akumulatoru autom\u0101tiski noteikt un uzl\u0101d\u0113t ar G-Tech Eco Smart l\u0101d\u0113t\u0101ju, ta\u010du vajadz\u012bbas gad\u012bjum\u0101 to var uzl\u0101d\u0113t ar\u012b ar parasto l\u0101d\u0113t\u0101ju.<\/p>\n<p data-start=\"486\" data-end=\"788\">Akumulator\u0101 ir izmantoti augstas kvalit\u0101tes LiHv elementi un iztur\u012bgs ciet\u0101 korpusa korpuss, k\u0101 ar\u012b ieb\u016bv\u0113ta vied\u0101 elektronika un LED ener\u0123ijas indikatori. 4,35 V augstsprieguma risin\u0101jums, kas ir pirmais \u0161\u0101da veida risin\u0101jums, nodro\u0161ina liel\u0101ku jaudas bl\u012bvumu un ilg\u0101ku akumulatora darb\u012bbas laiku. Katra elementa nomin\u0101lais spriegums ir 3,8 V.<\/p>\n<h3><img decoding=\"async\" style=\"color: #555555; font-size: 14.4px;\" src=\"https:\/\/cdn11.bigcommerce.com\/s-99ohneivnb\/images\/stencil\/original\/image-manager\/tngf5-i-sok4-81po7qw49.png?t=1675665682\" alt=\"\" \/><\/h3>\n<p data-start=\"790\" data-end=\"814\"><strong data-start=\"790\" data-end=\"814\">Galven\u0101s funkcijas:<\/strong><\/p>\n<ul>\n<li data-start=\"817\" data-end=\"860\">4,35 V HV<\/li>\n<li data-start=\"863\" data-end=\"889\">Iztur\u012bgs ciet\u0101 korpusa korpuss<\/li>\n<li data-start=\"892\" data-end=\"931\">Vied\u0101 baterija ar LED baro\u0161anas indikatoru<\/li>\n<li data-start=\"934\" data-end=\"958\">Sprieguma un statusa indikators<\/li>\n<li data-start=\"961\" data-end=\"1021\">Pa\u0161glab\u0101\u0161anas re\u017e\u012bms, lai saglab\u0101tu akumulatora darb\u012bbas ilgumu.<\/li>\n<li data-start=\"1024\" data-end=\"1043\">Aizsardz\u012bba pret p\u0101rm\u0113r\u012bgu uzl\u0101di<\/li>\n<li data-start=\"1046\" data-end=\"1074\">Augstas kvalit\u0101tes 12AWG vadu instal\u0101cija<\/li>\n<\/ul>\n<p data-start=\"1076\" data-end=\"1098\"><strong data-start=\"1076\" data-end=\"1098\">Tehniskie dati:<\/strong><\/p>\n<ul>\n<li data-start=\"1101\" data-end=\"1124\">Tips: ciet\u0101 korpusa LiPo akumulators<\/li>\n<li data-start=\"1127\" data-end=\"1145\">Jauda: 5500 mAh<\/li>\n<li data-start=\"1148\" data-end=\"1166\">Spriegums: 7,6 V (2S1P)<\/li>\n<li data-start=\"1169\" data-end=\"1179\">Svars: 290 g<\/li>\n<li data-start=\"1182\" data-end=\"1206\">Izm\u0113ri: 155 \u00d7 46 \u00d7 26 mm<\/li>\n<li data-start=\"1209\" data-end=\"1237\">L\u012bdzsvara kontaktdak\u0161a: JST-XHR<\/li>\n<li data-start=\"1240\" data-end=\"1260\">Izl\u0101des spraudnis: XT60<\/li>\n<\/ul>\n<p><iframe title=\"YouTube videoklipu atska\u0146ot\u0101js\" src=\"https:\/\/www.youtube.com\/embed\/fSmO8QUTOzo\" width=\"560\" height=\"315\" frameborder=\"0\" data-mce-fragment=\"1\"><\/iframe><\/p>\n<p><strong>P\u0101rskats:<\/strong><\/p>\n<h3><iframe title=\"YouTube videoklipu atska\u0146ot\u0101js\" src=\"https:\/\/www.youtube.com\/embed\/92aiQ1MFbXs?si=4Uma6HdYfJYnwG9c\" width=\"560\" height=\"315\" frameborder=\"0\" allowfullscreen=\"allowfullscreen\" data-mce-fragment=\"1\"><\/iframe><\/h3>\n<h3><strong>Uzman\u012bbu! LiPo akumulatorus dr\u012bkst uzl\u0101d\u0113t tikai ar l\u0101d\u0113t\u0101ju, kas atbalsta LiPo akumulatorus!<\/strong><\/h3>","protected":false},"excerpt":{"rendered":"<ul>\n<li style=\"line-height: 1; padding-top: 20px;\">Tips: 2S1P LiPo<\/li>\n<li style=\"line-height: 1;\">Spriegums: 7,6 V<\/li>\n<li style=\"line-height: 1;\">Jauda: 5500 mAh<\/li>\n<li style=\"line-height: 1;\">Likme: 100C<\/li>\n<li>Savienot\u0101js: XT60<\/li>\n<\/ul>","protected":false},"featured_media":3915,"comment_status":"open","ping_status":"closed","template":"","meta":{"_monsterinsights_skip_tracking":false,"_monsterinsights_sitenote_active":false,"_monsterinsights_sitenote_note":"","_monsterinsights_sitenote_category":0},"fits_model":[],"product_brand":[],"product_cat":[66],"product_tag":[84],"woo-feed-brand":[119],"class_list":{"0":"post-3910","1":"product","2":"type-product","3":"status-publish","4":"has-post-thumbnail","6":"product_cat-battery","7":"product_tag-standard","8":"woo-feed-brand-gens-ace","10":"first","11":"instock","12":"taxable","13":"shipping-taxable","14":"purchasable","15":"product-type-simple"},"yoast_head":"<!-- This site is optimized with the Yoast SEO plugin v27.6 - https:\/\/yoast.com\/product\/yoast-seo-wordpress\/ -->\n<title>Gens ace Advanced 5500mAh 7.6V 100C 2S1P HardCase Lipo - XT60 - RC Zone | Raadio teel juhitavad autod<\/title>\n<meta name=\"robots\" content=\"index, follow, max-snippet:-1, max-image-preview:large, max-video-preview:-1\" \/>\n<link rel=\"canonical\" href=\"https:\/\/rczone.ee\/lv\/products\/gens-ace-advanced-5500mah-7-6v-100c-2s1p-hardcase-lipo-xt60\/\" \/>\n<meta property=\"og:locale\" content=\"lv_LV\" \/>\n<meta property=\"og:type\" content=\"article\" \/>\n<meta property=\"og:title\" content=\"Gens ace Advanced 5500mAh 7.6V 100C 2S1P HardCase Lipo - XT60 - RC Zone | Raadio teel juhitavad autod\" \/>\n<meta property=\"og:description\" content=\"T\u00fc\u00fcp: 2S1P LiPo  Pinge: 7,6V  Mahutavus: 5500mAh  Rate: 100C  Pistik: XT60\" \/>\n<meta property=\"og:url\" content=\"https:\/\/rczone.ee\/lv\/products\/gens-ace-advanced-5500mah-7-6v-100c-2s1p-hardcase-lipo-xt60\/\" \/>\n<meta property=\"og:site_name\" content=\"RC Zone | Raadio teel juhitavad autod\" \/>\n<meta property=\"article:publisher\" content=\"https:\/\/www.facebook.com\/rczone.ee\" \/>\n<meta property=\"article:modified_time\" content=\"2025-12-13T13:26:42+00:00\" \/>\n<meta property=\"og:image\" content=\"https:\/\/rczone.ee\/wp-content\/uploads\/2025\/07\/gea55002s10x6_g-tech_5.webp\" \/>\n\t<meta property=\"og:image:width\" content=\"900\" \/>\n\t<meta property=\"og:image:height\" content=\"900\" \/>\n\t<meta property=\"og:image:type\" content=\"image\/webp\" \/>\n<meta name=\"twitter:card\" content=\"summary_large_image\" \/>\n<meta name=\"twitter:label1\" content=\"Est. reading time\" \/>\n\t<meta name=\"twitter:data1\" content=\"2 min\u016btes\" \/>\n<script type=\"application\/ld+json\" class=\"yoast-schema-graph\">{\"@context\":\"https:\\\/\\\/schema.org\",\"@graph\":[{\"@type\":\"WebPage\",\"@id\":\"https:\\\/\\\/rczone.ee\\\/toode\\\/gens-ace-advanced-5500mah-7-6v-100c-2s1p-hardcase-lipo-xt60\\\/\",\"url\":\"https:\\\/\\\/rczone.ee\\\/toode\\\/gens-ace-advanced-5500mah-7-6v-100c-2s1p-hardcase-lipo-xt60\\\/\",\"name\":\"Gens ace Advanced 5500mAh 7.6V 100C 2S1P HardCase Lipo - XT60 - RC Zone | Raadio teel juhitavad autod\",\"isPartOf\":{\"@id\":\"https:\\\/\\\/rczone.ee\\\/#website\"},\"primaryImageOfPage\":{\"@id\":\"https:\\\/\\\/rczone.ee\\\/toode\\\/gens-ace-advanced-5500mah-7-6v-100c-2s1p-hardcase-lipo-xt60\\\/#primaryimage\"},\"image\":{\"@id\":\"https:\\\/\\\/rczone.ee\\\/toode\\\/gens-ace-advanced-5500mah-7-6v-100c-2s1p-hardcase-lipo-xt60\\\/#primaryimage\"},\"thumbnailUrl\":\"https:\\\/\\\/rczone.ee\\\/wp-content\\\/uploads\\\/2025\\\/07\\\/gea55002s10x6_g-tech_5.webp\",\"datePublished\":\"2025-07-28T18:22:15+00:00\",\"dateModified\":\"2025-12-13T13:26:42+00:00\",\"breadcrumb\":{\"@id\":\"https:\\\/\\\/rczone.ee\\\/toode\\\/gens-ace-advanced-5500mah-7-6v-100c-2s1p-hardcase-lipo-xt60\\\/#breadcrumb\"},\"inLanguage\":\"lv-LV\",\"potentialAction\":[{\"@type\":\"ReadAction\",\"target\":[\"https:\\\/\\\/rczone.ee\\\/toode\\\/gens-ace-advanced-5500mah-7-6v-100c-2s1p-hardcase-lipo-xt60\\\/\"]}]},{\"@type\":\"ImageObject\",\"inLanguage\":\"lv-LV\",\"@id\":\"https:\\\/\\\/rczone.ee\\\/toode\\\/gens-ace-advanced-5500mah-7-6v-100c-2s1p-hardcase-lipo-xt60\\\/#primaryimage\",\"url\":\"https:\\\/\\\/rczone.ee\\\/wp-content\\\/uploads\\\/2025\\\/07\\\/gea55002s10x6_g-tech_5.webp\",\"contentUrl\":\"https:\\\/\\\/rczone.ee\\\/wp-content\\\/uploads\\\/2025\\\/07\\\/gea55002s10x6_g-tech_5.webp\",\"width\":900,\"height\":900},{\"@type\":\"BreadcrumbList\",\"@id\":\"https:\\\/\\\/rczone.ee\\\/toode\\\/gens-ace-advanced-5500mah-7-6v-100c-2s1p-hardcase-lipo-xt60\\\/#breadcrumb\",\"itemListElement\":[{\"@type\":\"ListItem\",\"position\":1,\"name\":\"Home\",\"item\":\"https:\\\/\\\/rczone.ee\\\/\"},{\"@type\":\"ListItem\",\"position\":2,\"name\":\"Shop\",\"item\":\"https:\\\/\\\/rczone.ee\\\/shop\\\/\"},{\"@type\":\"ListItem\",\"position\":3,\"name\":\"Gens ace Advanced 5500mAh 7.6V 100C 2S1P HardCase Lipo &#8211; XT60\"}]},{\"@type\":\"WebSite\",\"@id\":\"https:\\\/\\\/rczone.ee\\\/#website\",\"url\":\"https:\\\/\\\/rczone.ee\\\/\",\"name\":\"RcZone\",\"description\":\"RcZone - Raadio teel juhitavate autode veebipood. M&uuml;&uuml;me laia valikut kvaliteetseid ja v&otilde;imsaid RC-autosid. Kiire tarne ja konkurentsiv&otilde;imelised hinnad.\",\"publisher\":{\"@id\":\"https:\\\/\\\/rczone.ee\\\/#organization\"},\"potentialAction\":[{\"@type\":\"SearchAction\",\"target\":{\"@type\":\"EntryPoint\",\"urlTemplate\":\"https:\\\/\\\/rczone.ee\\\/?s={search_term_string}\"},\"query-input\":{\"@type\":\"PropertyValueSpecification\",\"valueRequired\":true,\"valueName\":\"search_term_string\"}}],\"inLanguage\":\"lv-LV\"},{\"@type\":\"Organization\",\"@id\":\"https:\\\/\\\/rczone.ee\\\/#organization\",\"name\":\"RcZone\",\"url\":\"https:\\\/\\\/rczone.ee\\\/\",\"logo\":{\"@type\":\"ImageObject\",\"inLanguage\":\"lv-LV\",\"@id\":\"https:\\\/\\\/rczone.ee\\\/#\\\/schema\\\/logo\\\/image\\\/\",\"url\":\"https:\\\/\\\/rczone.ee\\\/wp-content\\\/uploads\\\/2024\\\/01\\\/3D.png\",\"contentUrl\":\"https:\\\/\\\/rczone.ee\\\/wp-content\\\/uploads\\\/2024\\\/01\\\/3D.png\",\"width\":2080,\"height\":602,\"caption\":\"RcZone\"},\"image\":{\"@id\":\"https:\\\/\\\/rczone.ee\\\/#\\\/schema\\\/logo\\\/image\\\/\"},\"sameAs\":[\"https:\\\/\\\/www.facebook.com\\\/rczone.ee\"]}]}<\/script>\n<!-- \/ Yoast SEO plugin. -->","yoast_head_json":{"title":"Gens ace Advanced 5500mAh 7.6V 100C 2S1P HardCase Lipo - XT60 - RC Zona | Radio vad\u0101mi transportl\u012bdzek\u013ci","robots":{"index":"index","follow":"follow","max-snippet":"max-snippet:-1","max-image-preview":"max-image-preview:large","max-video-preview":"max-video-preview:-1"},"canonical":"https:\/\/rczone.ee\/lv\/products\/gens-ace-advanced-5500mah-7-6v-100c-2s1p-hardcase-lipo-xt60\/","og_locale":"lv_LV","og_type":"article","og_title":"Gens ace Advanced 5500mAh 7.6V 100C 2S1P HardCase Lipo - XT60 - RC Zone | Raadio teel juhitavad autod","og_description":"T\u00fc\u00fcp: 2S1P LiPo  Pinge: 7,6V  Mahutavus: 5500mAh  Rate: 100C  Pistik: XT60","og_url":"https:\/\/rczone.ee\/lv\/products\/gens-ace-advanced-5500mah-7-6v-100c-2s1p-hardcase-lipo-xt60\/","og_site_name":"RC Zone | Raadio teel juhitavad autod","article_publisher":"https:\/\/www.facebook.com\/rczone.ee","article_modified_time":"2025-12-13T13:26:42+00:00","og_image":[{"width":900,"height":900,"url":"https:\/\/rczone.ee\/wp-content\/uploads\/2025\/07\/gea55002s10x6_g-tech_5.webp","type":"image\/webp"}],"twitter_card":"summary_large_image","twitter_misc":{"Est. reading time":"2 min\u016btes"},"schema":{"@context":"https:\/\/schema.org","@graph":[{"@type":"WebPage","@id":"https:\/\/rczone.ee\/toode\/gens-ace-advanced-5500mah-7-6v-100c-2s1p-hardcase-lipo-xt60\/","url":"https:\/\/rczone.ee\/toode\/gens-ace-advanced-5500mah-7-6v-100c-2s1p-hardcase-lipo-xt60\/","name":"Gens ace Advanced 5500mAh 7.6V 100C 2S1P HardCase Lipo - XT60 - RC Zona | Radio vad\u0101mi transportl\u012bdzek\u013ci","isPartOf":{"@id":"https:\/\/rczone.ee\/#website"},"primaryImageOfPage":{"@id":"https:\/\/rczone.ee\/toode\/gens-ace-advanced-5500mah-7-6v-100c-2s1p-hardcase-lipo-xt60\/#primaryimage"},"image":{"@id":"https:\/\/rczone.ee\/toode\/gens-ace-advanced-5500mah-7-6v-100c-2s1p-hardcase-lipo-xt60\/#primaryimage"},"thumbnailUrl":"https:\/\/rczone.ee\/wp-content\/uploads\/2025\/07\/gea55002s10x6_g-tech_5.webp","datePublished":"2025-07-28T18:22:15+00:00","dateModified":"2025-12-13T13:26:42+00:00","breadcrumb":{"@id":"https:\/\/rczone.ee\/toode\/gens-ace-advanced-5500mah-7-6v-100c-2s1p-hardcase-lipo-xt60\/#breadcrumb"},"inLanguage":"lv-LV","potentialAction":[{"@type":"ReadAction","target":["https:\/\/rczone.ee\/toode\/gens-ace-advanced-5500mah-7-6v-100c-2s1p-hardcase-lipo-xt60\/"]}]},{"@type":"ImageObject","inLanguage":"lv-LV","@id":"https:\/\/rczone.ee\/toode\/gens-ace-advanced-5500mah-7-6v-100c-2s1p-hardcase-lipo-xt60\/#primaryimage","url":"https:\/\/rczone.ee\/wp-content\/uploads\/2025\/07\/gea55002s10x6_g-tech_5.webp","contentUrl":"https:\/\/rczone.ee\/wp-content\/uploads\/2025\/07\/gea55002s10x6_g-tech_5.webp","width":900,"height":900},{"@type":"BreadcrumbList","@id":"https:\/\/rczone.ee\/toode\/gens-ace-advanced-5500mah-7-6v-100c-2s1p-hardcase-lipo-xt60\/#breadcrumb","itemListElement":[{"@type":"ListItem","position":1,"name":"Home","item":"https:\/\/rczone.ee\/"},{"@type":"ListItem","position":2,"name":"Shop","item":"https:\/\/rczone.ee\/shop\/"},{"@type":"ListItem","position":3,"name":"Gens ace Advanced 5500mAh 7.6V 100C 2S1P HardCase Lipo &#8211; XT60"}]},{"@type":"WebSite","@id":"https:\/\/rczone.ee\/#website","url":"https:\/\/rczone.ee\/","name":"RcZone","description":"RcZone - Radio vad\u0101mo automobi\u013cu tie\u0161saistes veikals. M\u0113s p\u0101rdodam pla\u0161u augstas kvalit\u0101tes un jaud\u012bgu RC automobi\u013cu kl\u0101stu. \u0100tra pieg\u0101de un konkur\u0113tsp\u0113j\u012bgas cenas.","publisher":{"@id":"https:\/\/rczone.ee\/#organization"},"potentialAction":[{"@type":"SearchAction","target":{"@type":"EntryPoint","urlTemplate":"https:\/\/rczone.ee\/?s={search_term_string}"},"query-input":{"@type":"PropertyValueSpecification","valueRequired":true,"valueName":"search_term_string"}}],"inLanguage":"lv-LV"},{"@type":"Organization","@id":"https:\/\/rczone.ee\/#organization","name":"RcZone","url":"https:\/\/rczone.ee\/","logo":{"@type":"ImageObject","inLanguage":"lv-LV","@id":"https:\/\/rczone.ee\/#\/schema\/logo\/image\/","url":"https:\/\/rczone.ee\/wp-content\/uploads\/2024\/01\/3D.png","contentUrl":"https:\/\/rczone.ee\/wp-content\/uploads\/2024\/01\/3D.png","width":2080,"height":602,"caption":"RcZone"},"image":{"@id":"https:\/\/rczone.ee\/#\/schema\/logo\/image\/"},"sameAs":["https:\/\/www.facebook.com\/rczone.ee"]}]}},"_links":{"self":[{"href":"https:\/\/rczone.ee\/lv\/wp-json\/wp\/v2\/product\/3910","targetHints":{"allow":["GET"]}}],"collection":[{"href":"https:\/\/rczone.ee\/lv\/wp-json\/wp\/v2\/product"}],"about":[{"href":"https:\/\/rczone.ee\/lv\/wp-json\/wp\/v2\/types\/product"}],"replies":[{"embeddable":true,"href":"https:\/\/rczone.ee\/lv\/wp-json\/wp\/v2\/comments?post=3910"}],"wp:featuredmedia":[{"embeddable":true,"href":"https:\/\/rczone.ee\/lv\/wp-json\/wp\/v2\/media\/3915"}],"wp:attachment":[{"href":"https:\/\/rczone.ee\/lv\/wp-json\/wp\/v2\/media?parent=3910"}],"wp:term":[{"taxonomy":"fits_model","embeddable":true,"href":"https:\/\/rczone.ee\/lv\/wp-json\/wp\/v2\/fits_model?post=3910"},{"taxonomy":"product_brand","embeddable":true,"href":"https:\/\/rczone.ee\/lv\/wp-json\/wp\/v2\/product_brand?post=3910"},{"taxonomy":"product_cat","embeddable":true,"href":"https:\/\/rczone.ee\/lv\/wp-json\/wp\/v2\/product_cat?post=3910"},{"taxonomy":"product_tag","embeddable":true,"href":"https:\/\/rczone.ee\/lv\/wp-json\/wp\/v2\/product_tag?post=3910"},{"taxonomy":"woo-feed-brand","embeddable":true,"href":"https:\/\/rczone.ee\/lv\/wp-json\/wp\/v2\/woo-feed-brand?post=3910"}],"curies":[{"name":"wp","href":"https:\/\/api.w.org\/{rel}","templated":true}]}}