{"id":3928,"date":"2025-07-28T21:54:41","date_gmt":"2025-07-28T18:54:41","guid":{"rendered":"https:\/\/rczone.ee\/?post_type=product&#038;p=3928"},"modified":"2026-03-04T18:25:42","modified_gmt":"2026-03-04T16:25:42","slug":"gens-ace-imars-mini-g-tech-usb-c-2-4s-60w-ladetajs-eu-barosanas-avots","status":"publish","type":"product","link":"https:\/\/rczone.ee\/lv\/toode\/gens-ace-imars-mini-g-tech-usb-c-2-4s-60w-charger-eu-power-supply\/","title":{"rendered":"Gens Ace iMars mini G-Tech USB-C 2-4S 60W l\u0101d\u0113t\u0101js + ES baro\u0161anas avots"},"content":{"rendered":"<h3 data-pm-slice=\"1 1 []\"><strong>Gens Ace iMars mini G-Tech USB-C 2-4S 60W l\u0101d\u0113t\u0101js - kompakts un jaud\u012bgs l\u0101d\u0113t\u0101js ikvienam RC entuziastam!<\/strong><\/h3>\n<p data-start=\"86\" data-end=\"133\"><strong data-start=\"86\" data-end=\"133\">Kompakts. Gudrs. Gatavs lieto\u0161anai.<\/strong><\/p>\n<p data-start=\"135\" data-end=\"436\">iMars Mini ir inteli\u0123ents akumulatoru l\u0101d\u0113t\u0101js, kas \u012bpa\u0161i izstr\u0101d\u0101ts Gens ace G-Tech viedajiem akumulatoriem, ta\u010du ir lieliski piem\u0113rots ar\u012b parastiem (bez viedajiem) akumulatoriem. Tas ir pirmais G-Tech Smart Eco \u0123imenes loceklis, kas nodro\u0161ina \u0101tru un vienm\u0113r\u012bgu uzl\u0101di m\u0101j\u0101s, sacens\u012bbu laik\u0101 un ce\u013cojot.<\/p>\n<p data-start=\"438\" data-end=\"689\"><strong data-start=\"438\" data-end=\"462\">Vied\u0101 automatiz\u0101cija:<\/strong><br data-start=\"462\" data-end=\"465\" \/>Pievienojiet G-Tech viedo akumulatoru l\u0101d\u0113t\u0101jam, un l\u0101d\u0113t\u0101js autom\u0101tiski noteiks akumulatora veidu, spriegumu un ieteicamo uzl\u0101des str\u0101vu, izmantojot viedo balans\u0113\u0161anas spraudni. Uzl\u0101de s\u0101kas autom\u0101tiski p\u0113c 5 sekund\u0113m - papildu iestat\u012bjumi nav nepiecie\u0161ami.<\/p>\n<p data-start=\"691\" data-end=\"996\"><strong data-start=\"691\" data-end=\"718\">Univers\u0101la sader\u012bba:<\/strong><br data-start=\"718\" data-end=\"721\" \/>Lai uzl\u0101d\u0113tu parastas baterijas, manu\u0101li izv\u0113lieties baterijas veidu un uzl\u0101des re\u017e\u012bmu. L\u0101d\u0113t\u0101js piel\u0101go str\u0101vu atbilsto\u0161i akumulatora spriegumam un vienm\u0113r nodro\u0161ina dro\u0161u uzl\u0101di. Kompaktais un vieglais korpuss padara to par ide\u0101lu izv\u0113li ikned\u0113\u013cas sacens\u012bb\u0101m vai \u0146em\u0161anai l\u012bdzi ce\u013cojumos.<\/p>\n<p data-start=\"998\" data-end=\"1015\"><strong data-start=\"998\" data-end=\"1015\">Pamat\u012bpa\u0161\u012bbas:<\/strong><\/p>\n<ul>\n<li data-start=\"1018\" data-end=\"1069\">Piem\u0113rots 2-4S LiPo, LiHV, LiFe un 2-12S NiMH akumulatoriem.<\/li>\n<li data-start=\"1072\" data-end=\"1136\">Autom\u0101tiska G-Tech viedo \u0161\u016bnu noteik\u0161ana ar ieb\u016bv\u0113tu IC mikrosh\u0113mu<\/li>\n<li data-start=\"1139\" data-end=\"1213\">Autom\u0101tisk\u0101 uzglab\u0101\u0161ana - maz\u0101kais l\u0101d\u0113t\u0101js ar \u0161o funkciju!<\/li>\n<li data-start=\"1216\" data-end=\"1274\">Robusts balans\u0113\u0161anas savienot\u0101js un atjaunin\u0101ta lietot\u0101ja saskarne<\/li>\n<li data-start=\"1277\" data-end=\"1318\">\u013boti kompakts un viegli p\u0101rn\u0113s\u0101jams<\/li>\n<\/ul>\n<p data-start=\"1320\" data-end=\"1342\"><strong data-start=\"1320\" data-end=\"1342\">Tehniskie dati:<\/strong><\/p>\n<ul>\n<li data-start=\"1345\" data-end=\"1379\">Maksim\u0101l\u0101 uzl\u0101des jauda: 60 W<\/li>\n<li data-start=\"1382\" data-end=\"1429\">Uzl\u0101des str\u0101va: 1-5A (autom\u0101tiska regul\u0113\u0161ana)<\/li>\n<li data-start=\"1432\" data-end=\"1478\">Uzglab\u0101\u0161anas re\u017e\u012bms: 3W izl\u0101de \/ 60W uzl\u0101de<\/li>\n<li data-start=\"1481\" data-end=\"1501\">Ieejas spriegums: 5-20 V<\/li>\n<li data-start=\"1504\" data-end=\"1535\">Maksim\u0101l\u0101 ieejas str\u0101va: DC 3A<\/li>\n<li data-start=\"1538\" data-end=\"1575\">L\u012bdzsvaro\u0161anas str\u0101va: 0,4A\/elements \u00d7 2<\/li>\n<li data-start=\"1578\" data-end=\"1685\">Ieejas ports: QC \/ PD \/ BC1.2 \/ USB-C v1.4 \/ SDP \/ CDP \/ DCP \/ Apple 5V 2,4A<br data-start=\"1652\" data-end=\"1655\" \/>(Neatbalsta 5V 1A adapterus - piem\u0113rots adapteris iek\u013cauts komplekt\u0101!)<\/li>\n<li data-start=\"1688\" data-end=\"1743\">Piem\u0113roti akumulatori: Lipo\/LiHv\/LiFe (2-4S), NiMH (2-12S).<\/li>\n<li data-start=\"1746\" data-end=\"1779\">Darba temperat\u016bra: no 0\u00b0C l\u012bdz 40\u00b0C<\/li>\n<li data-start=\"1782\" data-end=\"1817\">Uzglab\u0101\u0161anas temperat\u016bra: -20\u00b0C l\u012bdz 60\u00b0C<\/li>\n<li data-start=\"1820\" data-end=\"1845\">Izm\u0113ri: 85 \u00d7 55 \u00d7 21 mm<\/li>\n<li data-start=\"1848\" data-end=\"1862\">Svars: aptuveni 64 g<\/li>\n<\/ul>\n<p data-start=\"1864\" data-end=\"1879\"><strong data-start=\"1864\" data-end=\"1879\">Iek\u013cauts:<\/strong><\/p>\n<ul>\n<li data-start=\"1882\" data-end=\"1913\">iMars Mini 60W viedais l\u0101d\u0113t\u0101js \u00d71<\/li>\n<li data-start=\"1916\" data-end=\"1941\">1 m USB-C baro\u0161anas kabelis \u00d71<\/li>\n<li data-start=\"1944\" data-end=\"1965\">65 W str\u0101vas adapteris \u00d71<\/li>\n<li data-start=\"1968\" data-end=\"1999\">XT60 (F) \u2192 EC3 (M) adapteris \u00d71<\/li>\n<li data-start=\"2002\" data-end=\"2038\">XT60 (F) \u2192 Deans(T) (M) adapteris \u00d71<\/li>\n<li data-start=\"2041\" data-end=\"2059\">Lietot\u0101ja rokasgr\u0101mata \u00d71<\/li>\n<\/ul>\n<p data-start=\"2061\" data-end=\"2092\"><strong data-start=\"2061\" data-end=\"2092\">Bie\u017e\u0101k uzdotie jaut\u0101jumi:<\/strong><\/p>\n<p data-start=\"2094\" data-end=\"2376\"><strong data-start=\"2094\" data-end=\"2145\">J: K\u0101p\u0113c es nevaru manu\u0101li izv\u0113l\u0113ties uzl\u0101des str\u0101vu?<\/strong><br data-start=\"2145\" data-end=\"2148\" \/><strong data-start=\"2148\" data-end=\"2154\">V:<\/strong> iMars Mini autom\u0101tiski piel\u0101go uzl\u0101des str\u0101vu atkar\u012bb\u0101 no akumulatora izm\u0113ra un tipa - gan G-Tech viedaj\u0101m baterij\u0101m, gan parastaj\u0101m baterij\u0101m. Parasti uzl\u0101de parasti notiek no 1C l\u012bdz 1,5C (l\u012bdz 60 W). Manu\u0101la regul\u0113\u0161ana nav nepiecie\u0161ama.<\/p>\n<p data-start=\"2094\" data-end=\"2376\"><span style=\"font-size: 120%;\"><strong>Lejupiel\u0101d\u0113jiet rokasgr\u0101matu -&gt; <a href=\"https:\/\/rczone.ee\/wp-content\/uploads\/2025\/07\/iMars_mini_Manual.pdf\" target=\"_blank\" rel=\"noopener\">iMars mini Rokasgr\u0101mata<\/a><\/strong><\/span><\/p>","protected":false},"excerpt":{"rendered":"<p>Gens Ace iMars mini G-Tech USB-C 2-4S 60W Charger \u2013 kompaktne ja v\u00f5imas nutikas laadija igale RC-huvilisele! Kompaktne. Nutikas. Kohe valmis kasutuseks. iMars Mini on intelligentne akulaadija, mis on loodud spetsiaalselt Gens ace G-Tech nutiakude jaoks, kuid sobib suurep\u00e4raselt ka tavalistele (nutivabadele) akudele. Tegemist on G-Tech Smart Eco perekonna esimese liikmega, mis tagab kiire ja [&#8230;]\n","protected":false},"featured_media":3932,"comment_status":"open","ping_status":"closed","template":"","meta":{"_monsterinsights_skip_tracking":false,"_monsterinsights_sitenote_active":false,"_monsterinsights_sitenote_note":"","_monsterinsights_sitenote_category":0},"fits_model":[],"product_brand":[],"product_cat":[68],"product_tag":[],"woo-feed-brand":[119],"class_list":{"0":"post-3928","1":"product","2":"type-product","3":"status-publish","4":"has-post-thumbnail","6":"product_cat-laadijad","7":"woo-feed-brand-gens-ace","9":"first","10":"instock","11":"taxable","12":"shipping-taxable","13":"purchasable","14":"product-type-simple"},"yoast_head":"<!-- This site is optimized with the Yoast SEO plugin v27.6 - https:\/\/yoast.com\/product\/yoast-seo-wordpress\/ -->\n<title>Gens Ace iMars mini G-Tech USB-C 2-4S 60W Charger + EU Power Supply - RC Zone | Raadio teel juhitavad autod<\/title>\n<meta name=\"robots\" content=\"index, follow, max-snippet:-1, max-image-preview:large, max-video-preview:-1\" \/>\n<link rel=\"canonical\" href=\"https:\/\/rczone.ee\/lv\/products\/gens-ace-imars-mini-g-tech-usb-c-2-4s-60w-ladetajs-eu-barosanas-avots\/\" \/>\n<meta property=\"og:locale\" content=\"lv_LV\" \/>\n<meta property=\"og:type\" content=\"article\" \/>\n<meta property=\"og:title\" content=\"Gens Ace iMars mini G-Tech USB-C 2-4S 60W Charger + EU Power Supply - RC Zone | Raadio teel juhitavad autod\" \/>\n<meta property=\"og:description\" content=\"Gens Ace iMars mini G-Tech USB-C 2-4S 60W Charger \u2013 kompaktne ja v\u00f5imas nutikas laadija igale RC-huvilisele! Kompaktne. Nutikas. Kohe valmis kasutuseks. iMars Mini on intelligentne akulaadija, mis on loodud spetsiaalselt Gens ace G-Tech nutiakude jaoks, kuid sobib suurep\u00e4raselt ka tavalistele (nutivabadele) akudele. Tegemist on G-Tech Smart Eco perekonna esimese liikmega, mis tagab kiire ja [...]\" \/>\n<meta property=\"og:url\" content=\"https:\/\/rczone.ee\/lv\/products\/gens-ace-imars-mini-g-tech-usb-c-2-4s-60w-ladetajs-eu-barosanas-avots\/\" \/>\n<meta property=\"og:site_name\" content=\"RC Zone | Raadio teel juhitavad autod\" \/>\n<meta property=\"article:publisher\" content=\"https:\/\/www.facebook.com\/rczone.ee\" \/>\n<meta property=\"article:modified_time\" content=\"2026-03-04T16:25:42+00:00\" \/>\n<meta property=\"og:image\" content=\"https:\/\/rczone.ee\/wp-content\/uploads\/2025\/07\/Gens_ace_imars_mini_rc_smart_charger_for_rc_helicopter.webp\" \/>\n\t<meta property=\"og:image:width\" content=\"900\" \/>\n\t<meta property=\"og:image:height\" content=\"900\" \/>\n\t<meta property=\"og:image:type\" content=\"image\/webp\" \/>\n<meta name=\"twitter:card\" content=\"summary_large_image\" \/>\n<meta name=\"twitter:label1\" content=\"Est. reading time\" \/>\n\t<meta name=\"twitter:data1\" content=\"2 min\u016btes\" \/>\n<script type=\"application\/ld+json\" class=\"yoast-schema-graph\">{\"@context\":\"https:\\\/\\\/schema.org\",\"@graph\":[{\"@type\":\"WebPage\",\"@id\":\"https:\\\/\\\/rczone.ee\\\/toode\\\/gens-ace-imars-mini-g-tech-usb-c-2-4s-60w-charger-eu-power-supply\\\/\",\"url\":\"https:\\\/\\\/rczone.ee\\\/toode\\\/gens-ace-imars-mini-g-tech-usb-c-2-4s-60w-charger-eu-power-supply\\\/\",\"name\":\"Gens Ace iMars mini G-Tech USB-C 2-4S 60W Charger + EU Power Supply - RC Zone | Raadio teel juhitavad autod\",\"isPartOf\":{\"@id\":\"https:\\\/\\\/rczone.ee\\\/#website\"},\"primaryImageOfPage\":{\"@id\":\"https:\\\/\\\/rczone.ee\\\/toode\\\/gens-ace-imars-mini-g-tech-usb-c-2-4s-60w-charger-eu-power-supply\\\/#primaryimage\"},\"image\":{\"@id\":\"https:\\\/\\\/rczone.ee\\\/toode\\\/gens-ace-imars-mini-g-tech-usb-c-2-4s-60w-charger-eu-power-supply\\\/#primaryimage\"},\"thumbnailUrl\":\"https:\\\/\\\/rczone.ee\\\/wp-content\\\/uploads\\\/2025\\\/07\\\/Gens_ace_imars_mini_rc_smart_charger_for_rc_helicopter.webp\",\"datePublished\":\"2025-07-28T18:54:41+00:00\",\"dateModified\":\"2026-03-04T16:25:42+00:00\",\"breadcrumb\":{\"@id\":\"https:\\\/\\\/rczone.ee\\\/toode\\\/gens-ace-imars-mini-g-tech-usb-c-2-4s-60w-charger-eu-power-supply\\\/#breadcrumb\"},\"inLanguage\":\"lv-LV\",\"potentialAction\":[{\"@type\":\"ReadAction\",\"target\":[\"https:\\\/\\\/rczone.ee\\\/toode\\\/gens-ace-imars-mini-g-tech-usb-c-2-4s-60w-charger-eu-power-supply\\\/\"]}]},{\"@type\":\"ImageObject\",\"inLanguage\":\"lv-LV\",\"@id\":\"https:\\\/\\\/rczone.ee\\\/toode\\\/gens-ace-imars-mini-g-tech-usb-c-2-4s-60w-charger-eu-power-supply\\\/#primaryimage\",\"url\":\"https:\\\/\\\/rczone.ee\\\/wp-content\\\/uploads\\\/2025\\\/07\\\/Gens_ace_imars_mini_rc_smart_charger_for_rc_helicopter.webp\",\"contentUrl\":\"https:\\\/\\\/rczone.ee\\\/wp-content\\\/uploads\\\/2025\\\/07\\\/Gens_ace_imars_mini_rc_smart_charger_for_rc_helicopter.webp\",\"width\":900,\"height\":900},{\"@type\":\"BreadcrumbList\",\"@id\":\"https:\\\/\\\/rczone.ee\\\/toode\\\/gens-ace-imars-mini-g-tech-usb-c-2-4s-60w-charger-eu-power-supply\\\/#breadcrumb\",\"itemListElement\":[{\"@type\":\"ListItem\",\"position\":1,\"name\":\"Home\",\"item\":\"https:\\\/\\\/rczone.ee\\\/\"},{\"@type\":\"ListItem\",\"position\":2,\"name\":\"Shop\",\"item\":\"https:\\\/\\\/rczone.ee\\\/shop\\\/\"},{\"@type\":\"ListItem\",\"position\":3,\"name\":\"Gens Ace iMars mini G-Tech USB-C 2-4S 60W Charger + EU Power Supply\"}]},{\"@type\":\"WebSite\",\"@id\":\"https:\\\/\\\/rczone.ee\\\/#website\",\"url\":\"https:\\\/\\\/rczone.ee\\\/\",\"name\":\"RcZone\",\"description\":\"RcZone - Raadio teel juhitavate autode veebipood. M&uuml;&uuml;me laia valikut kvaliteetseid ja v&otilde;imsaid RC-autosid. Kiire tarne ja konkurentsiv&otilde;imelised hinnad.\",\"publisher\":{\"@id\":\"https:\\\/\\\/rczone.ee\\\/#organization\"},\"potentialAction\":[{\"@type\":\"SearchAction\",\"target\":{\"@type\":\"EntryPoint\",\"urlTemplate\":\"https:\\\/\\\/rczone.ee\\\/?s={search_term_string}\"},\"query-input\":{\"@type\":\"PropertyValueSpecification\",\"valueRequired\":true,\"valueName\":\"search_term_string\"}}],\"inLanguage\":\"lv-LV\"},{\"@type\":\"Organization\",\"@id\":\"https:\\\/\\\/rczone.ee\\\/#organization\",\"name\":\"RcZone\",\"url\":\"https:\\\/\\\/rczone.ee\\\/\",\"logo\":{\"@type\":\"ImageObject\",\"inLanguage\":\"lv-LV\",\"@id\":\"https:\\\/\\\/rczone.ee\\\/#\\\/schema\\\/logo\\\/image\\\/\",\"url\":\"https:\\\/\\\/rczone.ee\\\/wp-content\\\/uploads\\\/2024\\\/01\\\/3D.png\",\"contentUrl\":\"https:\\\/\\\/rczone.ee\\\/wp-content\\\/uploads\\\/2024\\\/01\\\/3D.png\",\"width\":2080,\"height\":602,\"caption\":\"RcZone\"},\"image\":{\"@id\":\"https:\\\/\\\/rczone.ee\\\/#\\\/schema\\\/logo\\\/image\\\/\"},\"sameAs\":[\"https:\\\/\\\/www.facebook.com\\\/rczone.ee\"]}]}<\/script>\n<!-- \/ Yoast SEO plugin. -->","yoast_head_json":{"title":"Gens Ace iMars mini G-Tech USB-C 2-4S 60W l\u0101d\u0113t\u0101js + ES baro\u0161anas bloks - RC Zona | Radiovad\u0101mie automobi\u013ci","robots":{"index":"index","follow":"follow","max-snippet":"max-snippet:-1","max-image-preview":"max-image-preview:large","max-video-preview":"max-video-preview:-1"},"canonical":"https:\/\/rczone.ee\/lv\/products\/gens-ace-imars-mini-g-tech-usb-c-2-4s-60w-ladetajs-eu-barosanas-avots\/","og_locale":"lv_LV","og_type":"article","og_title":"Gens Ace iMars mini G-Tech USB-C 2-4S 60W Charger + EU Power Supply - RC Zone | Raadio teel juhitavad autod","og_description":"Gens Ace iMars mini G-Tech USB-C 2-4S 60W Charger \u2013 kompaktne ja v\u00f5imas nutikas laadija igale RC-huvilisele! Kompaktne. Nutikas. Kohe valmis kasutuseks. iMars Mini on intelligentne akulaadija, mis on loodud spetsiaalselt Gens ace G-Tech nutiakude jaoks, kuid sobib suurep\u00e4raselt ka tavalistele (nutivabadele) akudele. Tegemist on G-Tech Smart Eco perekonna esimese liikmega, mis tagab kiire ja [...]","og_url":"https:\/\/rczone.ee\/lv\/products\/gens-ace-imars-mini-g-tech-usb-c-2-4s-60w-ladetajs-eu-barosanas-avots\/","og_site_name":"RC Zone | Raadio teel juhitavad autod","article_publisher":"https:\/\/www.facebook.com\/rczone.ee","article_modified_time":"2026-03-04T16:25:42+00:00","og_image":[{"width":900,"height":900,"url":"https:\/\/rczone.ee\/wp-content\/uploads\/2025\/07\/Gens_ace_imars_mini_rc_smart_charger_for_rc_helicopter.webp","type":"image\/webp"}],"twitter_card":"summary_large_image","twitter_misc":{"Est. reading time":"2 min\u016btes"},"schema":{"@context":"https:\/\/schema.org","@graph":[{"@type":"WebPage","@id":"https:\/\/rczone.ee\/toode\/gens-ace-imars-mini-g-tech-usb-c-2-4s-60w-charger-eu-power-supply\/","url":"https:\/\/rczone.ee\/toode\/gens-ace-imars-mini-g-tech-usb-c-2-4s-60w-charger-eu-power-supply\/","name":"Gens Ace iMars mini G-Tech USB-C 2-4S 60W l\u0101d\u0113t\u0101js + ES baro\u0161anas bloks - RC Zona | Radiovad\u0101mie automobi\u013ci","isPartOf":{"@id":"https:\/\/rczone.ee\/#website"},"primaryImageOfPage":{"@id":"https:\/\/rczone.ee\/toode\/gens-ace-imars-mini-g-tech-usb-c-2-4s-60w-charger-eu-power-supply\/#primaryimage"},"image":{"@id":"https:\/\/rczone.ee\/toode\/gens-ace-imars-mini-g-tech-usb-c-2-4s-60w-charger-eu-power-supply\/#primaryimage"},"thumbnailUrl":"https:\/\/rczone.ee\/wp-content\/uploads\/2025\/07\/Gens_ace_imars_mini_rc_smart_charger_for_rc_helicopter.webp","datePublished":"2025-07-28T18:54:41+00:00","dateModified":"2026-03-04T16:25:42+00:00","breadcrumb":{"@id":"https:\/\/rczone.ee\/toode\/gens-ace-imars-mini-g-tech-usb-c-2-4s-60w-charger-eu-power-supply\/#breadcrumb"},"inLanguage":"lv-LV","potentialAction":[{"@type":"ReadAction","target":["https:\/\/rczone.ee\/toode\/gens-ace-imars-mini-g-tech-usb-c-2-4s-60w-charger-eu-power-supply\/"]}]},{"@type":"ImageObject","inLanguage":"lv-LV","@id":"https:\/\/rczone.ee\/toode\/gens-ace-imars-mini-g-tech-usb-c-2-4s-60w-charger-eu-power-supply\/#primaryimage","url":"https:\/\/rczone.ee\/wp-content\/uploads\/2025\/07\/Gens_ace_imars_mini_rc_smart_charger_for_rc_helicopter.webp","contentUrl":"https:\/\/rczone.ee\/wp-content\/uploads\/2025\/07\/Gens_ace_imars_mini_rc_smart_charger_for_rc_helicopter.webp","width":900,"height":900},{"@type":"BreadcrumbList","@id":"https:\/\/rczone.ee\/toode\/gens-ace-imars-mini-g-tech-usb-c-2-4s-60w-charger-eu-power-supply\/#breadcrumb","itemListElement":[{"@type":"ListItem","position":1,"name":"Home","item":"https:\/\/rczone.ee\/"},{"@type":"ListItem","position":2,"name":"Shop","item":"https:\/\/rczone.ee\/shop\/"},{"@type":"ListItem","position":3,"name":"Gens Ace iMars mini G-Tech USB-C 2-4S 60W Charger + EU Power Supply"}]},{"@type":"WebSite","@id":"https:\/\/rczone.ee\/#website","url":"https:\/\/rczone.ee\/","name":"RcZone","description":"RcZone - Radio vad\u0101mo automobi\u013cu tie\u0161saistes veikals. M\u0113s p\u0101rdodam pla\u0161u augstas kvalit\u0101tes un jaud\u012bgu RC automobi\u013cu kl\u0101stu. \u0100tra pieg\u0101de un konkur\u0113tsp\u0113j\u012bgas cenas.","publisher":{"@id":"https:\/\/rczone.ee\/#organization"},"potentialAction":[{"@type":"SearchAction","target":{"@type":"EntryPoint","urlTemplate":"https:\/\/rczone.ee\/?s={search_term_string}"},"query-input":{"@type":"PropertyValueSpecification","valueRequired":true,"valueName":"search_term_string"}}],"inLanguage":"lv-LV"},{"@type":"Organization","@id":"https:\/\/rczone.ee\/#organization","name":"RcZone","url":"https:\/\/rczone.ee\/","logo":{"@type":"ImageObject","inLanguage":"lv-LV","@id":"https:\/\/rczone.ee\/#\/schema\/logo\/image\/","url":"https:\/\/rczone.ee\/wp-content\/uploads\/2024\/01\/3D.png","contentUrl":"https:\/\/rczone.ee\/wp-content\/uploads\/2024\/01\/3D.png","width":2080,"height":602,"caption":"RcZone"},"image":{"@id":"https:\/\/rczone.ee\/#\/schema\/logo\/image\/"},"sameAs":["https:\/\/www.facebook.com\/rczone.ee"]}]}},"_links":{"self":[{"href":"https:\/\/rczone.ee\/lv\/wp-json\/wp\/v2\/product\/3928","targetHints":{"allow":["GET"]}}],"collection":[{"href":"https:\/\/rczone.ee\/lv\/wp-json\/wp\/v2\/product"}],"about":[{"href":"https:\/\/rczone.ee\/lv\/wp-json\/wp\/v2\/types\/product"}],"replies":[{"embeddable":true,"href":"https:\/\/rczone.ee\/lv\/wp-json\/wp\/v2\/comments?post=3928"}],"wp:featuredmedia":[{"embeddable":true,"href":"https:\/\/rczone.ee\/lv\/wp-json\/wp\/v2\/media\/3932"}],"wp:attachment":[{"href":"https:\/\/rczone.ee\/lv\/wp-json\/wp\/v2\/media?parent=3928"}],"wp:term":[{"taxonomy":"fits_model","embeddable":true,"href":"https:\/\/rczone.ee\/lv\/wp-json\/wp\/v2\/fits_model?post=3928"},{"taxonomy":"product_brand","embeddable":true,"href":"https:\/\/rczone.ee\/lv\/wp-json\/wp\/v2\/product_brand?post=3928"},{"taxonomy":"product_cat","embeddable":true,"href":"https:\/\/rczone.ee\/lv\/wp-json\/wp\/v2\/product_cat?post=3928"},{"taxonomy":"product_tag","embeddable":true,"href":"https:\/\/rczone.ee\/lv\/wp-json\/wp\/v2\/product_tag?post=3928"},{"taxonomy":"woo-feed-brand","embeddable":true,"href":"https:\/\/rczone.ee\/lv\/wp-json\/wp\/v2\/woo-feed-brand?post=3928"}],"curies":[{"name":"wp","href":"https:\/\/api.w.org\/{rel}","templated":true}]}}