{"id":3983,"date":"2025-08-01T21:06:18","date_gmt":"2025-08-01T18:06:18","guid":{"rendered":"https:\/\/rczone.ee\/?post_type=product&#038;p=3983"},"modified":"2026-04-26T12:15:42","modified_gmt":"2026-04-26T09:15:42","slug":"dxf-6750mah-3s-11-1v-100c-cieta-korpusa-lipo-t-spraudnis","status":"publish","type":"product","link":"https:\/\/rczone.ee\/lv\/toode\/dxf-6750mah-3s-11-1v-100c-hardcase-lipo-t-plug\/","title":{"rendered":"DXF 6750mAh 3S 11.1V 100C Hardcase Lipo - T-plug"},"content":{"rendered":"<h3 data-start=\"161\" data-end=\"208\">DXF 6750mAh 3S 11.1V 100C ciet\u0101 korpusa Lipo akumulators<\/h3>\n<p data-start=\"210\" data-end=\"266\"><strong data-start=\"210\" data-end=\"266\">Augst\u0101k\u0101s klases veiktsp\u0113ja un uzticam\u012bba j\u016bsu RC automa\u0161\u012bnai!<\/strong><\/p>\n<p data-start=\"268\" data-end=\"596\">DXF 6750mAh 3S 11.1V 100C Hardcase Lipo akumulators nodro\u0161ina maksim\u0101lu jaudu un stabilit\u0101ti vispras\u012bg\u0101kajiem RC entuziastiem. Visi DXF akumulatori atbilst visstingr\u0101kajiem RoHS un CE kvalit\u0101tes standartiem un ir izgatavoti tikai no lab\u0101kajiem A klases elementiem, kas nodro\u0161ina akumulatora dro\u0161\u012bbu, ilgu akumulatora darb\u012bbas laiku un nemain\u012bgu veiktsp\u0113ju pat ekstrem\u0101los apst\u0101k\u013cos.<\/p>\n<p data-start=\"598\" data-end=\"622\"><strong data-start=\"598\" data-end=\"622\">Galven\u0101s funkcijas:<\/strong><\/p>\n<ul>\n<li data-start=\"625\" data-end=\"794\"><strong data-start=\"625\" data-end=\"667\">Liela ietilp\u012bba:<\/strong> 6750 mAh ietilp\u012bba un 100C nep\u0101rtraukta\/200C moment\u0101na izl\u0101des str\u0101va nodro\u0161ina pietiekamu jaudu pat vispras\u012bg\u0101kaj\u0101m sacens\u012bb\u0101m.<\/li>\n<li data-start=\"797\" data-end=\"948\"><strong data-start=\"797\" data-end=\"823\">Augstas kvalit\u0101tes ra\u017eo\u0161anas tehnolo\u0123ija:<\/strong> Autom\u0101tiska elementu izvieto\u0161ana ar\u012b nodro\u0161ina katras akumulatora \u0161\u016bnas ietilp\u012bbu, samazinot siltuma veido\u0161anos un pagarinot akumulatora darb\u012bbas laiku.<\/li>\n<li data-start=\"951\" data-end=\"1068\"><strong data-start=\"951\" data-end=\"978\">\u0100tr\u0101s uzl\u0101des iesp\u0113ja:<\/strong> Atbalsta l\u012bdz 5C uzl\u0101des \u0101trumu, kas noz\u012bm\u0113 \u0101tr\u0101ku gatav\u012bbu lieto\u0161anai un \u012bs\u0101ku gaid\u012b\u0161anas laiku.<\/li>\n<li data-start=\"1071\" data-end=\"1164\"><strong data-start=\"1071\" data-end=\"1095\">Dubult\u0101 pretest\u012bba:<\/strong> L\u012bdz divk\u0101r\u0161am ciklu skaitam.<\/li>\n<li data-start=\"1167\" data-end=\"1238\"><strong data-start=\"1167\" data-end=\"1195\">Aizsarg\u0101jo\u0161s cietais futr\u0101lis:<\/strong> Nodro\u0161ina akumulatora dro\u0161\u012bbu pat nel\u012bdzen\u0101 apvid\u016b.<\/li>\n<\/ul>\n<p data-start=\"1315\" data-end=\"1337\"><strong data-start=\"1315\" data-end=\"1337\">Tehniskie dati:<\/strong><\/p>\n<ul>\n<li data-start=\"1340\" data-end=\"1368\"><strong data-start=\"1340\" data-end=\"1350\">Modelis:<\/strong> DXF 6750 3S-GTR<\/li>\n<li data-start=\"1371\" data-end=\"1396\"><strong data-start=\"1371\" data-end=\"1385\">Jauda:<\/strong> 6750 mAh<\/li>\n<li data-start=\"1399\" data-end=\"1422\"><strong data-start=\"1399\" data-end=\"1409\">Pinge:<\/strong> 11,1 V (3S)<\/li>\n<li data-start=\"1425\" data-end=\"1473\"><strong data-start=\"1425\" data-end=\"1443\">Izl\u0101des str\u0101va:<\/strong> 100C nep\u0101rtraukti\/200C moment\u0101ni<\/li>\n<li data-start=\"1476\" data-end=\"1503\"><strong data-start=\"1476\" data-end=\"1493\">Uzl\u0101des str\u0101va:<\/strong> l\u012bdz 5C<\/li>\n<li data-start=\"1506\" data-end=\"1536\"><strong data-start=\"1506\" data-end=\"1517\">Izm\u0113ri:<\/strong> 139 \u00d7 47 \u00d7 37 mm<\/li>\n<li data-start=\"1539\" data-end=\"1584\"><strong data-start=\"1539\" data-end=\"1548\">Svars:<\/strong> 451 g (ieskaitot vadus un sveces)<\/li>\n<li data-start=\"1587\" data-end=\"1620\"><strong data-start=\"1587\" data-end=\"1605\">Izejas savienot\u0101js:<\/strong> Deans\/T-plug<\/li>\n<li data-start=\"1623\" data-end=\"1656\"><strong data-start=\"1623\" data-end=\"1647\">Balans\u0113\u0161anas spraudnis:<\/strong> JST \/ XH<\/li>\n<\/ul>\n<p data-start=\"1658\" data-end=\"1677\"><strong data-start=\"1658\" data-end=\"1677\">Lieto\u0161anas instrukcija:<\/strong><\/p>\n<ul>\n<li data-start=\"1680\" data-end=\"1761\">Pirms pirm\u0101s lieto\u0161anas reizes uzl\u0101d\u0113jiet akumulatoru.<\/li>\n<li data-start=\"1764\" data-end=\"1819\">Uzl\u0101des spriegums nedr\u012bkst p\u0101rsniegt 4,20 V katram akumulatoram.<\/li>\n<li data-start=\"1822\" data-end=\"1899\">Izvairieties no akumulatora p\u0101rkar\u0161anas (ieteicam\u0101 darba temperat\u016bra 15-35\u00b0C, ne vair\u0101k k\u0101 65\u00b0C).<\/li>\n<li data-start=\"1902\" data-end=\"1956\">M\u0113s iesak\u0101m uztur\u0113t akumulatora darba spriegumu virs 3,6 V uz akumulatoru.<\/li>\n<li data-start=\"1959\" data-end=\"2015\">Akumulatoru uzglab\u0101jiet saus\u0101 un v\u0113s\u0101 viet\u0101 (no -20\u00b0C l\u012bdz +40\u00b0C).<\/li>\n<li data-start=\"2018\" data-end=\"2079\">Regul\u0101ri uzl\u0101des un izl\u0101des cikli pagarina akumulatora darb\u012bbas laiku.<\/li>\n<\/ul>\n<p data-start=\"2081\" data-end=\"2284\"><strong data-start=\"2081\" data-end=\"2228\">Ide\u0101li piem\u0113rots visiem RC automobi\u013cu lietot\u0101jiem, drifteriem un sac\u012bk\u0161u brauc\u0113jiem, kas augstu v\u0113rt\u0113 uzticam\u012bbu, veiktsp\u0113ju un dro\u0161\u012bbu.<\/strong><\/p>\n<h3><strong>Uzman\u012bbu! LiPo akumulatorus dr\u012bkst uzl\u0101d\u0113t tikai ar l\u0101d\u0113t\u0101ju, kas atbalsta LiPo akumulatorus!<\/strong><\/h3>\n<div class=\"is-divider divider clearfix\" ><\/div>\n<div class=\"row\"  id=\"row-563947933\">\n\n\t<div id=\"col-534330702\" class=\"col small-12 large-12\"  >\n\t\t\t\t<div class=\"col-inner\"  >\n\t\t\t\n\t\t\t\n\t<div id=\"text-2201435570\" class=\"text\">\n\t\t\n<p><strong>PIEZ\u012aME: Ja akumulatoru pas\u016bt\u0101t kop\u0101 ar automa\u0161\u012bnu, kas izmanto XT60 kontaktdak\u0161u, akumulatoram tiks pievienots bezmaksas T-Plug -&gt; XT60 adapteris.<\/strong><br \/>\n\t\t\n<style>\n#text-2201435570 {\n  font-size: 0.95rem;\n}\n@media (min-width:550px) {\n  #text-2201435570 {\n    font-size: 1rem;\n  }\n}\n<\/style>\n\t<\/div>\n\t\n\t<div class=\"img has-hover x md-x lg-x y md-y lg-y\" id=\"image_873406615\">\n\t\t\t\t\t\t\t\t<div class=\"img-inner dark\" >\n\t\t\t<img decoding=\"async\" width=\"280\" height=\"280\" src=\"https:\/\/rczone.ee\/wp-content\/uploads\/2024\/10\/160906_01-280x280.jpg\" class=\"attachment-thumbnail size-thumbnail\" alt=\"\" srcset=\"https:\/\/rczone.ee\/wp-content\/uploads\/2024\/10\/160906_01-280x280.jpg 280w, https:\/\/rczone.ee\/wp-content\/uploads\/2024\/10\/160906_01-450x450.jpg 450w, https:\/\/rczone.ee\/wp-content\/uploads\/2024\/10\/160906_01-100x100.jpg 100w\" sizes=\"(max-width: 280px) 100vw, 280px\" \/>\t\t\t\t\t\t\n\t\t\t\t\t<\/div>\n\t\t\t\t\t\t\t\t\n<style>\n#image_873406615 {\n  width: 14%;\n}\n<\/style>\n\t<\/div>\n\t\n\t\t<\/div>\n\t\t\t\t\t<\/div>\n\n\t\n<\/div>","protected":false},"excerpt":{"rendered":"<ul>\n<li style=\"line-height: 1; padding-top: 20px;\">Tips: 3S LiPo<\/li>\n<li style=\"line-height: 1;\">Spriegums: 11,1 V<\/li>\n<li style=\"line-height: 1;\">Jauda: 6750 mAh<\/li>\n<li style=\"line-height: 1;\">Likme: 100C<\/li>\n<li>Spraudnis: Deans\/T-plug<\/li>\n<\/ul>","protected":false},"featured_media":3984,"comment_status":"open","ping_status":"closed","template":"","meta":{"_monsterinsights_skip_tracking":false,"_monsterinsights_sitenote_active":false,"_monsterinsights_sitenote_note":"","_monsterinsights_sitenote_category":0},"fits_model":[],"product_brand":[],"product_cat":[66],"product_tag":[84],"woo-feed-brand":[],"class_list":{"0":"post-3983","1":"product","2":"type-product","3":"status-publish","4":"has-post-thumbnail","6":"product_cat-battery","7":"product_tag-standard","9":"first","10":"instock","11":"taxable","12":"shipping-taxable","13":"purchasable","14":"product-type-simple"},"yoast_head":"<!-- This site is optimized with the Yoast SEO plugin v27.6 - https:\/\/yoast.com\/product\/yoast-seo-wordpress\/ -->\n<title>DXF 6750mAh 3S 11.1V 100C Hardcase Lipo - T-plug - RC Zone | Raadio teel juhitavad autod<\/title>\n<meta name=\"robots\" content=\"index, follow, max-snippet:-1, max-image-preview:large, max-video-preview:-1\" \/>\n<link rel=\"canonical\" href=\"https:\/\/rczone.ee\/lv\/products\/dxf-6750mah-3s-11-1v-100c-cieta-korpusa-lipo-t-spraudnis\/\" \/>\n<meta property=\"og:locale\" content=\"lv_LV\" \/>\n<meta property=\"og:type\" content=\"article\" \/>\n<meta property=\"og:title\" content=\"DXF 6750mAh 3S 11.1V 100C Hardcase Lipo - T-plug - RC Zone | Raadio teel juhitavad autod\" \/>\n<meta property=\"og:description\" content=\"T\u00fc\u00fcp: 3S LiPo  Pinge: 11,1V  Mahutavus: 6750mAh  Rate: 100C  Pistik: Deans\/T-plug\" \/>\n<meta property=\"og:url\" content=\"https:\/\/rczone.ee\/lv\/products\/dxf-6750mah-3s-11-1v-100c-cieta-korpusa-lipo-t-spraudnis\/\" \/>\n<meta property=\"og:site_name\" content=\"RC Zone | Raadio teel juhitavad autod\" \/>\n<meta property=\"article:publisher\" content=\"https:\/\/www.facebook.com\/rczone.ee\" \/>\n<meta property=\"article:modified_time\" content=\"2026-04-26T09:15:42+00:00\" \/>\n<meta property=\"og:image\" content=\"https:\/\/rczone.ee\/wp-content\/uploads\/2025\/08\/6750mah02.jpg\" \/>\n\t<meta property=\"og:image:width\" content=\"800\" \/>\n\t<meta property=\"og:image:height\" content=\"800\" \/>\n\t<meta property=\"og:image:type\" content=\"image\/jpeg\" \/>\n<meta name=\"twitter:card\" content=\"summary_large_image\" \/>\n<meta name=\"twitter:label1\" content=\"Est. reading time\" \/>\n\t<meta name=\"twitter:data1\" content=\"2 min\u016btes\" \/>\n<script type=\"application\/ld+json\" class=\"yoast-schema-graph\">{\"@context\":\"https:\\\/\\\/schema.org\",\"@graph\":[{\"@type\":\"WebPage\",\"@id\":\"https:\\\/\\\/rczone.ee\\\/toode\\\/dxf-6750mah-3s-11-1v-100c-hardcase-lipo-t-plug\\\/\",\"url\":\"https:\\\/\\\/rczone.ee\\\/toode\\\/dxf-6750mah-3s-11-1v-100c-hardcase-lipo-t-plug\\\/\",\"name\":\"DXF 6750mAh 3S 11.1V 100C Hardcase Lipo - T-plug - RC Zone | Raadio teel juhitavad autod\",\"isPartOf\":{\"@id\":\"https:\\\/\\\/rczone.ee\\\/#website\"},\"primaryImageOfPage\":{\"@id\":\"https:\\\/\\\/rczone.ee\\\/toode\\\/dxf-6750mah-3s-11-1v-100c-hardcase-lipo-t-plug\\\/#primaryimage\"},\"image\":{\"@id\":\"https:\\\/\\\/rczone.ee\\\/toode\\\/dxf-6750mah-3s-11-1v-100c-hardcase-lipo-t-plug\\\/#primaryimage\"},\"thumbnailUrl\":\"https:\\\/\\\/rczone.ee\\\/wp-content\\\/uploads\\\/2025\\\/08\\\/6750mah02.jpg\",\"datePublished\":\"2025-08-01T18:06:18+00:00\",\"dateModified\":\"2026-04-26T09:15:42+00:00\",\"breadcrumb\":{\"@id\":\"https:\\\/\\\/rczone.ee\\\/toode\\\/dxf-6750mah-3s-11-1v-100c-hardcase-lipo-t-plug\\\/#breadcrumb\"},\"inLanguage\":\"lv-LV\",\"potentialAction\":[{\"@type\":\"ReadAction\",\"target\":[\"https:\\\/\\\/rczone.ee\\\/toode\\\/dxf-6750mah-3s-11-1v-100c-hardcase-lipo-t-plug\\\/\"]}]},{\"@type\":\"ImageObject\",\"inLanguage\":\"lv-LV\",\"@id\":\"https:\\\/\\\/rczone.ee\\\/toode\\\/dxf-6750mah-3s-11-1v-100c-hardcase-lipo-t-plug\\\/#primaryimage\",\"url\":\"https:\\\/\\\/rczone.ee\\\/wp-content\\\/uploads\\\/2025\\\/08\\\/6750mah02.jpg\",\"contentUrl\":\"https:\\\/\\\/rczone.ee\\\/wp-content\\\/uploads\\\/2025\\\/08\\\/6750mah02.jpg\",\"width\":800,\"height\":800},{\"@type\":\"BreadcrumbList\",\"@id\":\"https:\\\/\\\/rczone.ee\\\/toode\\\/dxf-6750mah-3s-11-1v-100c-hardcase-lipo-t-plug\\\/#breadcrumb\",\"itemListElement\":[{\"@type\":\"ListItem\",\"position\":1,\"name\":\"Home\",\"item\":\"https:\\\/\\\/rczone.ee\\\/\"},{\"@type\":\"ListItem\",\"position\":2,\"name\":\"Shop\",\"item\":\"https:\\\/\\\/rczone.ee\\\/shop\\\/\"},{\"@type\":\"ListItem\",\"position\":3,\"name\":\"DXF 6750mAh 3S 11.1V 100C Hardcase Lipo &#8211; T-plug\"}]},{\"@type\":\"WebSite\",\"@id\":\"https:\\\/\\\/rczone.ee\\\/#website\",\"url\":\"https:\\\/\\\/rczone.ee\\\/\",\"name\":\"RcZone\",\"description\":\"RcZone - Raadio teel juhitavate autode veebipood. M&uuml;&uuml;me laia valikut kvaliteetseid ja v&otilde;imsaid RC-autosid. Kiire tarne ja konkurentsiv&otilde;imelised hinnad.\",\"publisher\":{\"@id\":\"https:\\\/\\\/rczone.ee\\\/#organization\"},\"potentialAction\":[{\"@type\":\"SearchAction\",\"target\":{\"@type\":\"EntryPoint\",\"urlTemplate\":\"https:\\\/\\\/rczone.ee\\\/?s={search_term_string}\"},\"query-input\":{\"@type\":\"PropertyValueSpecification\",\"valueRequired\":true,\"valueName\":\"search_term_string\"}}],\"inLanguage\":\"lv-LV\"},{\"@type\":\"Organization\",\"@id\":\"https:\\\/\\\/rczone.ee\\\/#organization\",\"name\":\"RcZone\",\"url\":\"https:\\\/\\\/rczone.ee\\\/\",\"logo\":{\"@type\":\"ImageObject\",\"inLanguage\":\"lv-LV\",\"@id\":\"https:\\\/\\\/rczone.ee\\\/#\\\/schema\\\/logo\\\/image\\\/\",\"url\":\"https:\\\/\\\/rczone.ee\\\/wp-content\\\/uploads\\\/2024\\\/01\\\/3D.png\",\"contentUrl\":\"https:\\\/\\\/rczone.ee\\\/wp-content\\\/uploads\\\/2024\\\/01\\\/3D.png\",\"width\":2080,\"height\":602,\"caption\":\"RcZone\"},\"image\":{\"@id\":\"https:\\\/\\\/rczone.ee\\\/#\\\/schema\\\/logo\\\/image\\\/\"},\"sameAs\":[\"https:\\\/\\\/www.facebook.com\\\/rczone.ee\"]}]}<\/script>\n<!-- \/ Yoast SEO plugin. -->","yoast_head_json":{"title":"DXF 6750mAh 3S 11.1V 100C Hardcase Lipo - T-plug - RC zona | Radio vad\u0101mi transportl\u012bdzek\u013ci","robots":{"index":"index","follow":"follow","max-snippet":"max-snippet:-1","max-image-preview":"max-image-preview:large","max-video-preview":"max-video-preview:-1"},"canonical":"https:\/\/rczone.ee\/lv\/products\/dxf-6750mah-3s-11-1v-100c-cieta-korpusa-lipo-t-spraudnis\/","og_locale":"lv_LV","og_type":"article","og_title":"DXF 6750mAh 3S 11.1V 100C Hardcase Lipo - T-plug - RC Zone | Raadio teel juhitavad autod","og_description":"T\u00fc\u00fcp: 3S LiPo  Pinge: 11,1V  Mahutavus: 6750mAh  Rate: 100C  Pistik: Deans\/T-plug","og_url":"https:\/\/rczone.ee\/lv\/products\/dxf-6750mah-3s-11-1v-100c-cieta-korpusa-lipo-t-spraudnis\/","og_site_name":"RC Zone | Raadio teel juhitavad autod","article_publisher":"https:\/\/www.facebook.com\/rczone.ee","article_modified_time":"2026-04-26T09:15:42+00:00","og_image":[{"width":800,"height":800,"url":"https:\/\/rczone.ee\/wp-content\/uploads\/2025\/08\/6750mah02.jpg","type":"image\/jpeg"}],"twitter_card":"summary_large_image","twitter_misc":{"Est. reading time":"2 min\u016btes"},"schema":{"@context":"https:\/\/schema.org","@graph":[{"@type":"WebPage","@id":"https:\/\/rczone.ee\/toode\/dxf-6750mah-3s-11-1v-100c-hardcase-lipo-t-plug\/","url":"https:\/\/rczone.ee\/toode\/dxf-6750mah-3s-11-1v-100c-hardcase-lipo-t-plug\/","name":"DXF 6750mAh 3S 11.1V 100C Hardcase Lipo - T-plug - RC zona | Radio vad\u0101mi transportl\u012bdzek\u013ci","isPartOf":{"@id":"https:\/\/rczone.ee\/#website"},"primaryImageOfPage":{"@id":"https:\/\/rczone.ee\/toode\/dxf-6750mah-3s-11-1v-100c-hardcase-lipo-t-plug\/#primaryimage"},"image":{"@id":"https:\/\/rczone.ee\/toode\/dxf-6750mah-3s-11-1v-100c-hardcase-lipo-t-plug\/#primaryimage"},"thumbnailUrl":"https:\/\/rczone.ee\/wp-content\/uploads\/2025\/08\/6750mah02.jpg","datePublished":"2025-08-01T18:06:18+00:00","dateModified":"2026-04-26T09:15:42+00:00","breadcrumb":{"@id":"https:\/\/rczone.ee\/toode\/dxf-6750mah-3s-11-1v-100c-hardcase-lipo-t-plug\/#breadcrumb"},"inLanguage":"lv-LV","potentialAction":[{"@type":"ReadAction","target":["https:\/\/rczone.ee\/toode\/dxf-6750mah-3s-11-1v-100c-hardcase-lipo-t-plug\/"]}]},{"@type":"ImageObject","inLanguage":"lv-LV","@id":"https:\/\/rczone.ee\/toode\/dxf-6750mah-3s-11-1v-100c-hardcase-lipo-t-plug\/#primaryimage","url":"https:\/\/rczone.ee\/wp-content\/uploads\/2025\/08\/6750mah02.jpg","contentUrl":"https:\/\/rczone.ee\/wp-content\/uploads\/2025\/08\/6750mah02.jpg","width":800,"height":800},{"@type":"BreadcrumbList","@id":"https:\/\/rczone.ee\/toode\/dxf-6750mah-3s-11-1v-100c-hardcase-lipo-t-plug\/#breadcrumb","itemListElement":[{"@type":"ListItem","position":1,"name":"Home","item":"https:\/\/rczone.ee\/"},{"@type":"ListItem","position":2,"name":"Shop","item":"https:\/\/rczone.ee\/shop\/"},{"@type":"ListItem","position":3,"name":"DXF 6750mAh 3S 11.1V 100C Hardcase Lipo &#8211; T-plug"}]},{"@type":"WebSite","@id":"https:\/\/rczone.ee\/#website","url":"https:\/\/rczone.ee\/","name":"RcZone","description":"RcZone - Radio vad\u0101mo automobi\u013cu tie\u0161saistes veikals. M\u0113s p\u0101rdodam pla\u0161u augstas kvalit\u0101tes un jaud\u012bgu RC automobi\u013cu kl\u0101stu. \u0100tra pieg\u0101de un konkur\u0113tsp\u0113j\u012bgas cenas.","publisher":{"@id":"https:\/\/rczone.ee\/#organization"},"potentialAction":[{"@type":"SearchAction","target":{"@type":"EntryPoint","urlTemplate":"https:\/\/rczone.ee\/?s={search_term_string}"},"query-input":{"@type":"PropertyValueSpecification","valueRequired":true,"valueName":"search_term_string"}}],"inLanguage":"lv-LV"},{"@type":"Organization","@id":"https:\/\/rczone.ee\/#organization","name":"RcZone","url":"https:\/\/rczone.ee\/","logo":{"@type":"ImageObject","inLanguage":"lv-LV","@id":"https:\/\/rczone.ee\/#\/schema\/logo\/image\/","url":"https:\/\/rczone.ee\/wp-content\/uploads\/2024\/01\/3D.png","contentUrl":"https:\/\/rczone.ee\/wp-content\/uploads\/2024\/01\/3D.png","width":2080,"height":602,"caption":"RcZone"},"image":{"@id":"https:\/\/rczone.ee\/#\/schema\/logo\/image\/"},"sameAs":["https:\/\/www.facebook.com\/rczone.ee"]}]}},"_links":{"self":[{"href":"https:\/\/rczone.ee\/lv\/wp-json\/wp\/v2\/product\/3983","targetHints":{"allow":["GET"]}}],"collection":[{"href":"https:\/\/rczone.ee\/lv\/wp-json\/wp\/v2\/product"}],"about":[{"href":"https:\/\/rczone.ee\/lv\/wp-json\/wp\/v2\/types\/product"}],"replies":[{"embeddable":true,"href":"https:\/\/rczone.ee\/lv\/wp-json\/wp\/v2\/comments?post=3983"}],"wp:featuredmedia":[{"embeddable":true,"href":"https:\/\/rczone.ee\/lv\/wp-json\/wp\/v2\/media\/3984"}],"wp:attachment":[{"href":"https:\/\/rczone.ee\/lv\/wp-json\/wp\/v2\/media?parent=3983"}],"wp:term":[{"taxonomy":"fits_model","embeddable":true,"href":"https:\/\/rczone.ee\/lv\/wp-json\/wp\/v2\/fits_model?post=3983"},{"taxonomy":"product_brand","embeddable":true,"href":"https:\/\/rczone.ee\/lv\/wp-json\/wp\/v2\/product_brand?post=3983"},{"taxonomy":"product_cat","embeddable":true,"href":"https:\/\/rczone.ee\/lv\/wp-json\/wp\/v2\/product_cat?post=3983"},{"taxonomy":"product_tag","embeddable":true,"href":"https:\/\/rczone.ee\/lv\/wp-json\/wp\/v2\/product_tag?post=3983"},{"taxonomy":"woo-feed-brand","embeddable":true,"href":"https:\/\/rczone.ee\/lv\/wp-json\/wp\/v2\/woo-feed-brand?post=3983"}],"curies":[{"name":"wp","href":"https:\/\/api.w.org\/{rel}","templated":true}]}}