{"id":3993,"date":"2025-08-01T22:02:59","date_gmt":"2025-08-01T19:02:59","guid":{"rendered":"https:\/\/rczone.ee\/?post_type=product&#038;p=3993"},"modified":"2026-04-05T23:05:42","modified_gmt":"2026-04-05T20:05:42","slug":"baseus-gan5-pro-atrais-ladetajs-2cu-65w-eu","status":"publish","type":"product","link":"https:\/\/rczone.ee\/lv\/toode\/baseus-gan5-pro-fast-charger-2cu-65w-eu\/","title":{"rendered":"Baseus GaN5 Pro Fast Charger 2C+U 65W EU"},"content":{"rendered":"<h2 data-start=\"136\" data-end=\"237\">Baseus GaN5 Pro Fast Charger 2C+U 65W EU - jaud\u012bgs un kompakts \u0101trais l\u0101d\u0113t\u0101js vis\u0101m j\u016bsu ier\u012bc\u0113m<\/h2>\n<p data-start=\"239\" data-end=\"584\"><strong data-start=\"239\" data-end=\"283\">Baseus GaN5 Pro Fast Charger 2C+U 65W EU<\/strong> ir jaun\u0101k\u0101s paaudzes modern\u0101kais \u0101tr\u0101s uzl\u0101des l\u0101d\u0113t\u0101js, kas nodro\u0161ina \u0101tru un dro\u0161u kl\u0113pjdatoru, plan\u0161etdatoru, viedt\u0101lru\u0146u un sp\u0113\u013cu konso\u013cu uzl\u0101di. Pateicoties <strong data-start=\"456\" data-end=\"496\">GaN5 (gallija nitr\u012bda) tehnolo\u0123ija<\/strong> l\u0101d\u0113t\u0101js ir maz\u0101ks, viegl\u0101ks un iev\u0113rojami energoefekt\u012bv\u0101ks nek\u0101 parastie l\u0101d\u0113t\u0101ji.<\/p>\n<h3 data-start=\"586\" data-end=\"610\">Galven\u0101s funkcijas:<\/h3>\n<ul>\n<li data-start=\"614\" data-end=\"741\"><strong data-start=\"614\" data-end=\"634\">GaN5 tehnolo\u0123ija<\/strong> - modern\u0101 pusvad\u012bt\u0101ju tehnolo\u0123ija nodro\u0161ina kompaktus izm\u0113rus, lab\u0101ku energoefektivit\u0101ti un efekt\u012bvu siltuma izkliedi.<\/li>\n<li data-start=\"744\" data-end=\"885\"><strong data-start=\"744\" data-end=\"764\">L\u012bdz 65 W jauda<\/strong> - atbalsta kl\u0113pjdatoru (piem\u0113ram, MacBook Air, Dell XPS u. c.), k\u0101 ar\u012b viedt\u0101lru\u0146u un plan\u0161etdatoru \u0101tro uzl\u0101di.<\/li>\n<li data-start=\"888\" data-end=\"1005\"><strong data-start=\"888\" data-end=\"910\">Tr\u012bs uzl\u0101des ligzdas:<\/strong> Divas C tipa USB piesl\u0113gvietas un viena A tipa USB piesl\u0113gvieta - uzl\u0101d\u0113 l\u012bdz pat trim ier\u012bc\u0113m vienlaikus, ietaupot laiku un vietu.<\/li>\n<li data-start=\"1008\" data-end=\"1171\"><strong data-start=\"1008\" data-end=\"1043\">Vied\u0101 slodzes sadale (BPS II)<\/strong> - autom\u0101tiski nosaka pievienot\u0101s ier\u012bces un p\u0113c vajadz\u012bbas sadala jaudu, lai nov\u0113rstu p\u0101rkar\u0161anu un nodro\u0161in\u0101tu dro\u0161\u012bbu.<\/li>\n<li data-start=\"1174\" data-end=\"1290\"><strong data-start=\"1174\" data-end=\"1201\">Pla\u0161a sader\u012bba<\/strong> - sader\u012bgs ar PD3.0, QC4.0, QC3.0, SCP, AFC, PPS, k\u0101 ar\u012b citiem \u0101tr\u0101s uzl\u0101des protokoliem.<\/li>\n<li data-start=\"1293\" data-end=\"1396\"><strong data-start=\"1293\" data-end=\"1319\">Glob\u0101lais sprieguma diapazons<\/strong> - 100-240 V spriegums ir ide\u0101li piem\u0113rots lieto\u0161anai m\u0101j\u0101s vai ce\u013cojot pa pasauli.<\/li>\n<li data-start=\"1399\" data-end=\"1524\"><strong data-start=\"1399\" data-end=\"1421\">Dro\u0161a lieto\u0161ana<\/strong> - 8 da\u017e\u0101das aizsardz\u012bbas (pret p\u0101rkar\u0161anu, p\u0101rslodzi, p\u0101rspriegumu, \u012bssavienojumu u. c.) un ugunsdro\u0161s korpuss.<\/li>\n<li data-start=\"1527\" data-end=\"1639\"><strong data-start=\"1527\" data-end=\"1547\">Kompakts dizains<\/strong> - Tikai 61 mm gar\u0161 l\u0101d\u0113t\u0101js viegli iek\u013caujas kabat\u0101 vai som\u0101.<\/li>\n<li data-start=\"1642\" data-end=\"1703\"><strong data-start=\"1642\" data-end=\"1702\">Komplekt\u0101 ir pievienots augstas kvalit\u0101tes 100 W C-Type-C tipa uzl\u0101des kabelis<\/strong>.<\/li>\n<\/ul>\n<h3 data-start=\"1705\" data-end=\"1727\">Tehniskie dati:<\/h3>\n<ul>\n<li data-start=\"1731\" data-end=\"1773\"><strong data-start=\"1731\" data-end=\"1742\">Ieejas dati:<\/strong> AC 100-240 V, 50\/60 Hz, maks. 1,5 A.<\/li>\n<li data-start=\"1776\" data-end=\"1788\"><strong data-start=\"1776\" data-end=\"1788\">Izvades rezult\u0101ts:<\/strong>\n<ul>\n<li data-start=\"1793\" data-end=\"1857\"><strong data-start=\"1793\" data-end=\"1806\">C tipa 1:<\/strong> 5V\/3A, 9V\/3A, 12V\/3A, 15V\/3A, 20V\/3,25A (l\u012bdz 65 W)<\/li>\n<li data-start=\"1862\" data-end=\"1926\"><strong data-start=\"1862\" data-end=\"1875\">C tipa 2:<\/strong> 5V\/3A, 9V\/3A, 12V\/3A, 15V\/3A, 20V\/3,25A (l\u012bdz 65 W)<\/li>\n<li data-start=\"1931\" data-end=\"1981\"><strong data-start=\"1931\" data-end=\"1941\">USB-A:<\/strong> 5V\/3A, 9V\/3A, 12V\/3A, 20V\/3A (l\u012bdz 60 W)<\/li>\n<\/ul>\n<\/li>\n<li data-start=\"1986\" data-end=\"2051\"><strong data-start=\"1986\" data-end=\"2012\">Vair\u0101ku ostu izmanto\u0161ana:<\/strong> max 65W (nt Type-C1+Type-C2 = 45W+20W)<\/li>\n<li data-start=\"2054\" data-end=\"2098\"><strong data-start=\"2054\" data-end=\"2065\">Izm\u0113ri:<\/strong> \u012bpa\u0161i kompakts (tikai 61 mm gar\u0161)<\/li>\n<li data-start=\"2101\" data-end=\"2117\"><strong data-start=\"2101\" data-end=\"2112\">Kr\u0101sa:<\/strong> Black<\/li>\n<\/ul>\n<h3 data-start=\"2119\" data-end=\"2168\">K\u0101p\u0113c izv\u0113l\u0113ties Baseus GaN5 Pro Fast Charger 65W?<\/h3>\n<ul>\n<li data-start=\"2172\" data-end=\"2251\"><strong data-start=\"2172\" data-end=\"2210\">Viens l\u0101d\u0113t\u0101js vis\u0101m situ\u0101cij\u0101m:<\/strong> Ide\u0101li piem\u0113rots lieto\u0161anai m\u0101j\u0101s, biroj\u0101 vai ce\u013cojum\u0101.<\/li>\n<li data-start=\"2254\" data-end=\"2395\"><strong data-start=\"2254\" data-end=\"2289\">Lejupiel\u0101d\u0113jiet \u0101tr\u0101k un dro\u0161\u0101k:<\/strong> L\u0101d\u0113t\u0101js autom\u0101tiski nosaka j\u016bsu ier\u012bcei piem\u0113rot\u0101ko jaudu.<\/li>\n<li data-start=\"2398\" data-end=\"2497\"><strong data-start=\"2398\" data-end=\"2434\">Vair\u0101ku ier\u012b\u010du uzl\u0101de vienlaic\u012bgi:<\/strong> Nav j\u0101gaida - piepildiet ier\u012bces \u0101tri un dro\u0161i!<\/li>\n<\/ul>\n<h3 data-start=\"2499\" data-end=\"2582\">Lab\u0101k\u0101 izv\u0113le, ja mekl\u0113jat <strong data-start=\"2526\" data-end=\"2570\">jaud\u012bgs, dro\u0161s un kompakts<\/strong> Chargers!<\/h3>\n<p><img decoding=\"async\" class=\"alignnone wp-image-4002\" src=\"https:\/\/rczone.ee\/wp-content\/uploads\/2025\/08\/26.jpg\" alt=\"\" width=\"453\" height=\"600\" srcset=\"https:\/\/rczone.ee\/wp-content\/uploads\/2025\/08\/26.jpg 930w, https:\/\/rczone.ee\/wp-content\/uploads\/2025\/08\/26-302x400.jpg 302w, https:\/\/rczone.ee\/wp-content\/uploads\/2025\/08\/26-604x800.jpg 604w, https:\/\/rczone.ee\/wp-content\/uploads\/2025\/08\/26-768x1017.jpg 768w, https:\/\/rczone.ee\/wp-content\/uploads\/2025\/08\/26-9x12.jpg 9w, https:\/\/rczone.ee\/wp-content\/uploads\/2025\/08\/26-900x1192.jpg 900w\" sizes=\"(max-width: 453px) 100vw, 453px\" \/> <img decoding=\"async\" class=\"alignnone wp-image-4001\" src=\"https:\/\/rczone.ee\/wp-content\/uploads\/2025\/08\/24.jpg\" alt=\"\" width=\"523\" height=\"601\" srcset=\"https:\/\/rczone.ee\/wp-content\/uploads\/2025\/08\/24.jpg 930w, https:\/\/rczone.ee\/wp-content\/uploads\/2025\/08\/24-348x400.jpg 348w, https:\/\/rczone.ee\/wp-content\/uploads\/2025\/08\/24-697x800.jpg 697w, https:\/\/rczone.ee\/wp-content\/uploads\/2025\/08\/24-768x882.jpg 768w, https:\/\/rczone.ee\/wp-content\/uploads\/2025\/08\/24-10x12.jpg 10w, https:\/\/rczone.ee\/wp-content\/uploads\/2025\/08\/24-900x1034.jpg 900w\" sizes=\"(max-width: 523px) 100vw, 523px\" \/> <img decoding=\"async\" class=\"alignnone wp-image-4000\" src=\"https:\/\/rczone.ee\/wp-content\/uploads\/2025\/08\/23.jpg\" alt=\"\" width=\"404\" height=\"600\" srcset=\"https:\/\/rczone.ee\/wp-content\/uploads\/2025\/08\/23.jpg 930w, https:\/\/rczone.ee\/wp-content\/uploads\/2025\/08\/23-269x400.jpg 269w, https:\/\/rczone.ee\/wp-content\/uploads\/2025\/08\/23-538x800.jpg 538w, https:\/\/rczone.ee\/wp-content\/uploads\/2025\/08\/23-768x1141.jpg 768w, https:\/\/rczone.ee\/wp-content\/uploads\/2025\/08\/23-8x12.jpg 8w, https:\/\/rczone.ee\/wp-content\/uploads\/2025\/08\/23-900x1337.jpg 900w\" sizes=\"(max-width: 404px) 100vw, 404px\" \/><\/p>","protected":false},"excerpt":{"rendered":"<p>Baseus GaN5 Pro Fast Charger 2C+U 65W EU \u2013 V\u00f5imas ja Kompaktne Kiirlaadija K\u00f5ikidele Sinu Seadmetele Baseus GaN5 Pro Fast Charger 2C+U 65W EU on uusima p\u00f5lvkond tipptehnoloogiline kiirlaadija, mis v\u00f5imaldab kiiret ja turvalist laadimist nii s\u00fclearvutile, tahvelarvutile, nutitelefonile kui ka m\u00e4ngukonsoolile. T\u00e4nu GaN5 (gallium-nitriid) tehnoloogiale on laadija v\u00e4iksem, kergem ja oluliselt energiat\u00f5husam v\u00f5rreldes tavaliste [&#8230;]\n","protected":false},"featured_media":4003,"comment_status":"open","ping_status":"closed","template":"","meta":{"_monsterinsights_skip_tracking":false,"_monsterinsights_sitenote_active":false,"_monsterinsights_sitenote_note":"","_monsterinsights_sitenote_category":0},"fits_model":[],"product_brand":[],"product_cat":[68],"product_tag":[],"woo-feed-brand":[],"class_list":{"0":"post-3993","1":"product","2":"type-product","3":"status-publish","4":"has-post-thumbnail","6":"product_cat-laadijad","8":"first","9":"instock","10":"taxable","11":"shipping-taxable","12":"purchasable","13":"product-type-simple"},"yoast_head":"<!-- This site is optimized with the Yoast SEO plugin v27.4 - https:\/\/yoast.com\/product\/yoast-seo-wordpress\/ -->\n<title>Baseus GaN5 Pro Fast Charger 2C+U 65W EU - RC Zone | Raadio teel juhitavad autod<\/title>\n<meta name=\"robots\" content=\"index, follow, max-snippet:-1, max-image-preview:large, max-video-preview:-1\" \/>\n<link rel=\"canonical\" href=\"https:\/\/rczone.ee\/lv\/products\/baseus-gan5-pro-atrais-ladetajs-2cu-65w-eu\/\" \/>\n<meta property=\"og:locale\" content=\"lv_LV\" \/>\n<meta property=\"og:type\" content=\"article\" \/>\n<meta property=\"og:title\" content=\"Baseus GaN5 Pro Fast Charger 2C+U 65W EU - RC Zone | Raadio teel juhitavad autod\" \/>\n<meta property=\"og:description\" content=\"Baseus GaN5 Pro Fast Charger 2C+U 65W EU \u2013 V\u00f5imas ja Kompaktne Kiirlaadija K\u00f5ikidele Sinu Seadmetele Baseus GaN5 Pro Fast Charger 2C+U 65W EU on uusima p\u00f5lvkond tipptehnoloogiline kiirlaadija, mis v\u00f5imaldab kiiret ja turvalist laadimist nii s\u00fclearvutile, tahvelarvutile, nutitelefonile kui ka m\u00e4ngukonsoolile. T\u00e4nu GaN5 (gallium-nitriid) tehnoloogiale on laadija v\u00e4iksem, kergem ja oluliselt energiat\u00f5husam v\u00f5rreldes tavaliste [...]\" \/>\n<meta property=\"og:url\" content=\"https:\/\/rczone.ee\/lv\/products\/baseus-gan5-pro-atrais-ladetajs-2cu-65w-eu\/\" \/>\n<meta property=\"og:site_name\" content=\"RC Zone | Raadio teel juhitavad autod\" \/>\n<meta property=\"article:publisher\" content=\"https:\/\/www.facebook.com\/rczone.ee\" \/>\n<meta property=\"article:modified_time\" content=\"2026-04-05T20:05:42+00:00\" \/>\n<meta property=\"og:image\" content=\"https:\/\/rczone.ee\/wp-content\/uploads\/2025\/08\/main1.jpg\" \/>\n\t<meta property=\"og:image:width\" content=\"800\" \/>\n\t<meta property=\"og:image:height\" content=\"800\" \/>\n\t<meta property=\"og:image:type\" content=\"image\/jpeg\" \/>\n<meta name=\"twitter:card\" content=\"summary_large_image\" \/>\n<meta name=\"twitter:label1\" content=\"Est. reading time\" \/>\n\t<meta name=\"twitter:data1\" content=\"3 min\u016btes\" \/>\n<script type=\"application\/ld+json\" class=\"yoast-schema-graph\">{\"@context\":\"https:\\\/\\\/schema.org\",\"@graph\":[{\"@type\":\"WebPage\",\"@id\":\"https:\\\/\\\/rczone.ee\\\/toode\\\/baseus-gan5-pro-fast-charger-2cu-65w-eu\\\/\",\"url\":\"https:\\\/\\\/rczone.ee\\\/toode\\\/baseus-gan5-pro-fast-charger-2cu-65w-eu\\\/\",\"name\":\"Baseus GaN5 Pro Fast Charger 2C+U 65W EU - RC Zone | Raadio teel juhitavad autod\",\"isPartOf\":{\"@id\":\"https:\\\/\\\/rczone.ee\\\/#website\"},\"primaryImageOfPage\":{\"@id\":\"https:\\\/\\\/rczone.ee\\\/toode\\\/baseus-gan5-pro-fast-charger-2cu-65w-eu\\\/#primaryimage\"},\"image\":{\"@id\":\"https:\\\/\\\/rczone.ee\\\/toode\\\/baseus-gan5-pro-fast-charger-2cu-65w-eu\\\/#primaryimage\"},\"thumbnailUrl\":\"https:\\\/\\\/rczone.ee\\\/wp-content\\\/uploads\\\/2025\\\/08\\\/main1.jpg\",\"datePublished\":\"2025-08-01T19:02:59+00:00\",\"dateModified\":\"2026-04-05T20:05:42+00:00\",\"breadcrumb\":{\"@id\":\"https:\\\/\\\/rczone.ee\\\/toode\\\/baseus-gan5-pro-fast-charger-2cu-65w-eu\\\/#breadcrumb\"},\"inLanguage\":\"lv-LV\",\"potentialAction\":[{\"@type\":\"ReadAction\",\"target\":[\"https:\\\/\\\/rczone.ee\\\/toode\\\/baseus-gan5-pro-fast-charger-2cu-65w-eu\\\/\"]}]},{\"@type\":\"ImageObject\",\"inLanguage\":\"lv-LV\",\"@id\":\"https:\\\/\\\/rczone.ee\\\/toode\\\/baseus-gan5-pro-fast-charger-2cu-65w-eu\\\/#primaryimage\",\"url\":\"https:\\\/\\\/rczone.ee\\\/wp-content\\\/uploads\\\/2025\\\/08\\\/main1.jpg\",\"contentUrl\":\"https:\\\/\\\/rczone.ee\\\/wp-content\\\/uploads\\\/2025\\\/08\\\/main1.jpg\",\"width\":800,\"height\":800},{\"@type\":\"BreadcrumbList\",\"@id\":\"https:\\\/\\\/rczone.ee\\\/toode\\\/baseus-gan5-pro-fast-charger-2cu-65w-eu\\\/#breadcrumb\",\"itemListElement\":[{\"@type\":\"ListItem\",\"position\":1,\"name\":\"Home\",\"item\":\"https:\\\/\\\/rczone.ee\\\/\"},{\"@type\":\"ListItem\",\"position\":2,\"name\":\"Shop\",\"item\":\"https:\\\/\\\/rczone.ee\\\/shop\\\/\"},{\"@type\":\"ListItem\",\"position\":3,\"name\":\"Baseus GaN5 Pro Fast Charger 2C+U 65W EU\"}]},{\"@type\":\"WebSite\",\"@id\":\"https:\\\/\\\/rczone.ee\\\/#website\",\"url\":\"https:\\\/\\\/rczone.ee\\\/\",\"name\":\"RcZone\",\"description\":\"RcZone - Raadio teel juhitavate autode veebipood. M&uuml;&uuml;me laia valikut kvaliteetseid ja v&otilde;imsaid RC-autosid. Kiire tarne ja konkurentsiv&otilde;imelised hinnad.\",\"publisher\":{\"@id\":\"https:\\\/\\\/rczone.ee\\\/#organization\"},\"potentialAction\":[{\"@type\":\"SearchAction\",\"target\":{\"@type\":\"EntryPoint\",\"urlTemplate\":\"https:\\\/\\\/rczone.ee\\\/?s={search_term_string}\"},\"query-input\":{\"@type\":\"PropertyValueSpecification\",\"valueRequired\":true,\"valueName\":\"search_term_string\"}}],\"inLanguage\":\"lv-LV\"},{\"@type\":\"Organization\",\"@id\":\"https:\\\/\\\/rczone.ee\\\/#organization\",\"name\":\"RcZone\",\"url\":\"https:\\\/\\\/rczone.ee\\\/\",\"logo\":{\"@type\":\"ImageObject\",\"inLanguage\":\"lv-LV\",\"@id\":\"https:\\\/\\\/rczone.ee\\\/#\\\/schema\\\/logo\\\/image\\\/\",\"url\":\"https:\\\/\\\/rczone.ee\\\/wp-content\\\/uploads\\\/2024\\\/01\\\/3D.png\",\"contentUrl\":\"https:\\\/\\\/rczone.ee\\\/wp-content\\\/uploads\\\/2024\\\/01\\\/3D.png\",\"width\":2080,\"height\":602,\"caption\":\"RcZone\"},\"image\":{\"@id\":\"https:\\\/\\\/rczone.ee\\\/#\\\/schema\\\/logo\\\/image\\\/\"},\"sameAs\":[\"https:\\\/\\\/www.facebook.com\\\/rczone.ee\"]}]}<\/script>\n<!-- \/ Yoast SEO plugin. -->","yoast_head_json":{"title":"Baseus GaN5 Pro Fast Charger 2C+U 65W EU - RC zona | Radiovad\u0101mie automobi\u013ci","robots":{"index":"index","follow":"follow","max-snippet":"max-snippet:-1","max-image-preview":"max-image-preview:large","max-video-preview":"max-video-preview:-1"},"canonical":"https:\/\/rczone.ee\/lv\/products\/baseus-gan5-pro-atrais-ladetajs-2cu-65w-eu\/","og_locale":"lv_LV","og_type":"article","og_title":"Baseus GaN5 Pro Fast Charger 2C+U 65W EU - RC Zone | Raadio teel juhitavad autod","og_description":"Baseus GaN5 Pro Fast Charger 2C+U 65W EU \u2013 V\u00f5imas ja Kompaktne Kiirlaadija K\u00f5ikidele Sinu Seadmetele Baseus GaN5 Pro Fast Charger 2C+U 65W EU on uusima p\u00f5lvkond tipptehnoloogiline kiirlaadija, mis v\u00f5imaldab kiiret ja turvalist laadimist nii s\u00fclearvutile, tahvelarvutile, nutitelefonile kui ka m\u00e4ngukonsoolile. T\u00e4nu GaN5 (gallium-nitriid) tehnoloogiale on laadija v\u00e4iksem, kergem ja oluliselt energiat\u00f5husam v\u00f5rreldes tavaliste [...]","og_url":"https:\/\/rczone.ee\/lv\/products\/baseus-gan5-pro-atrais-ladetajs-2cu-65w-eu\/","og_site_name":"RC Zone | Raadio teel juhitavad autod","article_publisher":"https:\/\/www.facebook.com\/rczone.ee","article_modified_time":"2026-04-05T20:05:42+00:00","og_image":[{"width":800,"height":800,"url":"https:\/\/rczone.ee\/wp-content\/uploads\/2025\/08\/main1.jpg","type":"image\/jpeg"}],"twitter_card":"summary_large_image","twitter_misc":{"Est. reading time":"3 min\u016btes"},"schema":{"@context":"https:\/\/schema.org","@graph":[{"@type":"WebPage","@id":"https:\/\/rczone.ee\/toode\/baseus-gan5-pro-fast-charger-2cu-65w-eu\/","url":"https:\/\/rczone.ee\/toode\/baseus-gan5-pro-fast-charger-2cu-65w-eu\/","name":"Baseus GaN5 Pro Fast Charger 2C+U 65W EU - RC zona | Radiovad\u0101mie automobi\u013ci","isPartOf":{"@id":"https:\/\/rczone.ee\/#website"},"primaryImageOfPage":{"@id":"https:\/\/rczone.ee\/toode\/baseus-gan5-pro-fast-charger-2cu-65w-eu\/#primaryimage"},"image":{"@id":"https:\/\/rczone.ee\/toode\/baseus-gan5-pro-fast-charger-2cu-65w-eu\/#primaryimage"},"thumbnailUrl":"https:\/\/rczone.ee\/wp-content\/uploads\/2025\/08\/main1.jpg","datePublished":"2025-08-01T19:02:59+00:00","dateModified":"2026-04-05T20:05:42+00:00","breadcrumb":{"@id":"https:\/\/rczone.ee\/toode\/baseus-gan5-pro-fast-charger-2cu-65w-eu\/#breadcrumb"},"inLanguage":"lv-LV","potentialAction":[{"@type":"ReadAction","target":["https:\/\/rczone.ee\/toode\/baseus-gan5-pro-fast-charger-2cu-65w-eu\/"]}]},{"@type":"ImageObject","inLanguage":"lv-LV","@id":"https:\/\/rczone.ee\/toode\/baseus-gan5-pro-fast-charger-2cu-65w-eu\/#primaryimage","url":"https:\/\/rczone.ee\/wp-content\/uploads\/2025\/08\/main1.jpg","contentUrl":"https:\/\/rczone.ee\/wp-content\/uploads\/2025\/08\/main1.jpg","width":800,"height":800},{"@type":"BreadcrumbList","@id":"https:\/\/rczone.ee\/toode\/baseus-gan5-pro-fast-charger-2cu-65w-eu\/#breadcrumb","itemListElement":[{"@type":"ListItem","position":1,"name":"Home","item":"https:\/\/rczone.ee\/"},{"@type":"ListItem","position":2,"name":"Shop","item":"https:\/\/rczone.ee\/shop\/"},{"@type":"ListItem","position":3,"name":"Baseus GaN5 Pro Fast Charger 2C+U 65W EU"}]},{"@type":"WebSite","@id":"https:\/\/rczone.ee\/#website","url":"https:\/\/rczone.ee\/","name":"RcZone","description":"RcZone - Radio vad\u0101mo automobi\u013cu tie\u0161saistes veikals. M\u0113s p\u0101rdodam pla\u0161u augstas kvalit\u0101tes un jaud\u012bgu RC automobi\u013cu kl\u0101stu. \u0100tra pieg\u0101de un konkur\u0113tsp\u0113j\u012bgas cenas.","publisher":{"@id":"https:\/\/rczone.ee\/#organization"},"potentialAction":[{"@type":"SearchAction","target":{"@type":"EntryPoint","urlTemplate":"https:\/\/rczone.ee\/?s={search_term_string}"},"query-input":{"@type":"PropertyValueSpecification","valueRequired":true,"valueName":"search_term_string"}}],"inLanguage":"lv-LV"},{"@type":"Organization","@id":"https:\/\/rczone.ee\/#organization","name":"RcZone","url":"https:\/\/rczone.ee\/","logo":{"@type":"ImageObject","inLanguage":"lv-LV","@id":"https:\/\/rczone.ee\/#\/schema\/logo\/image\/","url":"https:\/\/rczone.ee\/wp-content\/uploads\/2024\/01\/3D.png","contentUrl":"https:\/\/rczone.ee\/wp-content\/uploads\/2024\/01\/3D.png","width":2080,"height":602,"caption":"RcZone"},"image":{"@id":"https:\/\/rczone.ee\/#\/schema\/logo\/image\/"},"sameAs":["https:\/\/www.facebook.com\/rczone.ee"]}]}},"_links":{"self":[{"href":"https:\/\/rczone.ee\/lv\/wp-json\/wp\/v2\/product\/3993","targetHints":{"allow":["GET"]}}],"collection":[{"href":"https:\/\/rczone.ee\/lv\/wp-json\/wp\/v2\/product"}],"about":[{"href":"https:\/\/rczone.ee\/lv\/wp-json\/wp\/v2\/types\/product"}],"replies":[{"embeddable":true,"href":"https:\/\/rczone.ee\/lv\/wp-json\/wp\/v2\/comments?post=3993"}],"wp:featuredmedia":[{"embeddable":true,"href":"https:\/\/rczone.ee\/lv\/wp-json\/wp\/v2\/media\/4003"}],"wp:attachment":[{"href":"https:\/\/rczone.ee\/lv\/wp-json\/wp\/v2\/media?parent=3993"}],"wp:term":[{"taxonomy":"fits_model","embeddable":true,"href":"https:\/\/rczone.ee\/lv\/wp-json\/wp\/v2\/fits_model?post=3993"},{"taxonomy":"product_brand","embeddable":true,"href":"https:\/\/rczone.ee\/lv\/wp-json\/wp\/v2\/product_brand?post=3993"},{"taxonomy":"product_cat","embeddable":true,"href":"https:\/\/rczone.ee\/lv\/wp-json\/wp\/v2\/product_cat?post=3993"},{"taxonomy":"product_tag","embeddable":true,"href":"https:\/\/rczone.ee\/lv\/wp-json\/wp\/v2\/product_tag?post=3993"},{"taxonomy":"woo-feed-brand","embeddable":true,"href":"https:\/\/rczone.ee\/lv\/wp-json\/wp\/v2\/woo-feed-brand?post=3993"}],"curies":[{"name":"wp","href":"https:\/\/api.w.org\/{rel}","templated":true}]}}