{"id":4406,"date":"2025-09-13T10:21:36","date_gmt":"2025-09-13T07:21:36","guid":{"rendered":"https:\/\/rczone.ee\/?post_type=product&#038;p=4406"},"modified":"2026-05-11T23:27:42","modified_gmt":"2026-05-11T20:27:42","slug":"gwolves-grafiitmaare-rc-autodele-25g","status":"publish","type":"product","link":"https:\/\/rczone.ee\/lv\/toode\/gwolves-grafiitmaare-rc-autodele-25g\/","title":{"rendered":"GWOLVES graf\u012bta smiltis RC automa\u0161\u012bn\u0101m 25g"},"content":{"rendered":"<p data-start=\"368\" data-end=\"665\"><strong data-start=\"368\" data-end=\"392\">GWOLVES graf\u012bta iesai\u0146ojums<\/strong> ir augstas kvalit\u0101tes sm\u0113rviela, kas \u012bpa\u0161i izstr\u0101d\u0101ta RC automa\u0161\u012bnu kust\u012bgo da\u013cu apkop\u0161anai un aizsardz\u012bbai. \u0160\u012b meln\u0101 graf\u012bta sm\u0113rviela samazina nodilumu, nov\u0113r\u0161 p\u0101rm\u0113r\u012bgu berzi un sl\u0101p\u0113 kust\u012bgo un \u0161arn\u012brveida da\u013cu rad\u012bto troksni, padarot automa\u0161\u012bnas darb\u012bbu vienm\u0113r\u012bg\u0101ku un klus\u0101ku.<\/p>\n<h3 data-start=\"667\" data-end=\"715\">K\u0101p\u0113c RC automobi\u013cos izmantot graf\u012btu?<\/h3>\n<p data-start=\"716\" data-end=\"1079\">RC automobi\u013ci bie\u017ei darbojas ar liel\u0101m slodz\u0113m un liel\u0101 \u0101trum\u0101. P\u0101rnesumk\u0101rb\u0101m, diferenci\u0101\u013ciem un CVD savienojumiem ir j\u0101iztur augsts spiediens un past\u0101v\u012bga berze. Bez pien\u0101c\u012bgas e\u013c\u013co\u0161anas p\u0101rnesumi un savienojumi \u0101tri nodilst, kas var sa\u012bsin\u0101t atsevi\u0161\u0137u deta\u013cu un visa mode\u013ca kalpo\u0161anas laiku.<br data-start=\"1016\" data-end=\"1019\" \/>GWOLVES graf\u012bta p\u0101rkl\u0101jumi uz met\u0101la virsm\u0101m rada aizsargsl\u0101ni, kas:<\/p>\n<ul>\n<li data-start=\"1082\" data-end=\"1116\">samazina berzi un nodilumu,<\/li>\n<li data-start=\"1119\" data-end=\"1165\">v\u0101jina neparastu troksni un vibr\u0101ciju,<\/li>\n<li data-start=\"1168\" data-end=\"1223\">pal\u012bdz ilg\u0101k saglab\u0101t p\u0101rnesumu un loc\u012btavu darb\u012bbu.<\/li>\n<\/ul>\n<h3 data-start=\"1225\" data-end=\"1265\">Piem\u0113rots da\u017e\u0101diem lietojumiem<\/h3>\n<p data-start=\"1266\" data-end=\"1461\">\u0160is graf\u012bta ietin\u0113js ir univers\u0101ls apkopes r\u012bks, kas piem\u0113rots da\u017e\u0101diem RC automobi\u013ciem un mode\u013ciem - neatkar\u012bgi no t\u0101, vai tie ir <strong data-start=\"1374\" data-end=\"1418\">ar bagiju, drifta automa\u0161\u012bnu, k\u0101pur\u0137\u0113\u017eu vai truggy.<\/strong>. To var izmantot \u0161\u0101d\u0101s viet\u0101s:<\/p>\n<ul>\n<li data-start=\"1464\" data-end=\"1541\"><strong data-start=\"1464\" data-end=\"1495\">p\u0101rnesumk\u0101rbas un zobrati<\/strong> - nov\u0113r\u0161 p\u0101rm\u0113r\u012bgu met\u0101la zobu nodilumu,<\/li>\n<li data-start=\"1544\" data-end=\"1595\"><strong data-start=\"1544\" data-end=\"1563\">diferenci\u0101li<\/strong> - nodro\u0161ina vienm\u0113r\u012bgu un klusu darb\u012bbu,<\/li>\n<li data-start=\"1598\" data-end=\"1650\"><strong data-start=\"1598\" data-end=\"1618\">CVD un piedzi\u0146as v\u0101rpstas<\/strong> - paildzina loc\u012btavu kalpo\u0161anas laiku,<\/li>\n<li data-start=\"1653\" data-end=\"1707\"><strong data-start=\"1653\" data-end=\"1704\">da\u017e\u0101di kust\u012bgi met\u0101la savienojumi<\/strong>.<\/li>\n<\/ul>\n<h3 data-start=\"1709\" data-end=\"1747\">Sp\u0113c\u012bga sa\u0137ere un iztur\u012bba<\/h3>\n<p data-start=\"1748\" data-end=\"1958\">At\u0161\u0137ir\u012bb\u0101 no parast\u0101s e\u013c\u013cas graf\u012bta sve\u0137i saglab\u0101 notur\u012bbu uz met\u0101la virsm\u0101m pat pie liela \u0101truma un spiediena. Tas noz\u012bm\u0113, ka pat intens\u012bvas brauk\u0161anas vai sac\u012bk\u0161u apst\u0101k\u013cos p\u0101rnesumi un savienojumi paliek labi e\u013c\u013coti.<\/p>\n<h3 data-start=\"1960\" data-end=\"1975\">Inform\u0101cija par produktu<\/h3>\n<ul>\n<li data-start=\"1978\" data-end=\"1998\">Neto summa: <strong data-start=\"1989\" data-end=\"1996\">25g<\/strong><\/li>\n<li data-start=\"2001\" data-end=\"2015\">Kr\u0101sa: melna<\/li>\n<li data-start=\"2018\" data-end=\"2088\">Pieg\u0101d\u0101ts ar nelielu plastmasas l\u0101psti\u0146u vieglai uzkl\u0101\u0161anai.<\/li>\n<\/ul>\n<h3 data-start=\"2090\" data-end=\"2105\">Kopsavilkums<\/h3>\n<p data-start=\"2106\" data-end=\"2355\">Ja mekl\u0113jat uzticamu risin\u0101jumu RC auto met\u0101la deta\u013cu apkopei, tad. <strong data-start=\"2179\" data-end=\"2203\">GWOLVES graf\u012bta iesai\u0146ojums<\/strong> ir praktiska izv\u0113le. T\u0101 samazina nolietojumu, paildzina deta\u013cu kalpo\u0161anas laiku un pal\u012bdz saglab\u0101t mode\u013ca uzticam\u012bbu un klusumu vissare\u017e\u0123\u012bt\u0101kajos apst\u0101k\u013cos.<\/p>","protected":false},"excerpt":{"rendered":"<p>GWOLVES grafiitm\u00e4\u00e4re on kvaliteetne m\u00e4\u00e4rdeaine, mis on loodud spetsiaalselt RC autode liikuvate osade hooldamiseks ja kaitsmiseks. See must grafiitm\u00e4\u00e4re v\u00e4hendab kulumist, hoiab \u00e4ra liigse h\u00f5\u00f5rdumise ning summutab k\u00e4igu- ja liigendiosade m\u00fcra, muutes auto t\u00f6\u00f6 sujuvamaks ja vaiksemaks. Milleks kasutada grafiitm\u00e4\u00e4ret RC autodel? RC autod t\u00f6\u00f6tavad sageli suurte koormuste ja k\u00f5rgete p\u00f6\u00f6rete all. K\u00e4igukastid, diferentsiaalid ja [&#8230;]\n","protected":false},"featured_media":4411,"comment_status":"open","ping_status":"closed","template":"","meta":{"_monsterinsights_skip_tracking":false,"_monsterinsights_sitenote_active":false,"_monsterinsights_sitenote_note":"","_monsterinsights_sitenote_category":0},"fits_model":[],"product_brand":[],"product_cat":[75],"product_tag":[84],"woo-feed-brand":[],"class_list":{"0":"post-4406","1":"product","2":"type-product","3":"status-publish","4":"has-post-thumbnail","6":"product_cat-parts","7":"product_tag-standard","9":"first","10":"instock","11":"taxable","12":"shipping-taxable","13":"purchasable","14":"product-type-simple"},"yoast_head":"<!-- This site is optimized with the Yoast SEO plugin v27.6 - https:\/\/yoast.com\/product\/yoast-seo-wordpress\/ -->\n<title>GWOLVES grafiitm\u00e4\u00e4re RC autodele 25g - RC Zone | Raadio teel juhitavad autod<\/title>\n<meta name=\"robots\" content=\"index, follow, max-snippet:-1, max-image-preview:large, max-video-preview:-1\" \/>\n<link rel=\"canonical\" href=\"https:\/\/rczone.ee\/lv\/products\/gwolves-grafiitmaare-rc-autodele-25g\/\" \/>\n<meta property=\"og:locale\" content=\"lv_LV\" \/>\n<meta property=\"og:type\" content=\"article\" \/>\n<meta property=\"og:title\" content=\"GWOLVES grafiitm\u00e4\u00e4re RC autodele 25g - RC Zone | Raadio teel juhitavad autod\" \/>\n<meta property=\"og:description\" content=\"GWOLVES grafiitm\u00e4\u00e4re on kvaliteetne m\u00e4\u00e4rdeaine, mis on loodud spetsiaalselt RC autode liikuvate osade hooldamiseks ja kaitsmiseks. See must grafiitm\u00e4\u00e4re v\u00e4hendab kulumist, hoiab \u00e4ra liigse h\u00f5\u00f5rdumise ning summutab k\u00e4igu- ja liigendiosade m\u00fcra, muutes auto t\u00f6\u00f6 sujuvamaks ja vaiksemaks. Milleks kasutada grafiitm\u00e4\u00e4ret RC autodel? RC autod t\u00f6\u00f6tavad sageli suurte koormuste ja k\u00f5rgete p\u00f6\u00f6rete all. K\u00e4igukastid, diferentsiaalid ja [...]\" \/>\n<meta property=\"og:url\" content=\"https:\/\/rczone.ee\/lv\/products\/gwolves-grafiitmaare-rc-autodele-25g\/\" \/>\n<meta property=\"og:site_name\" content=\"RC Zone | Raadio teel juhitavad autod\" \/>\n<meta property=\"article:publisher\" content=\"https:\/\/www.facebook.com\/rczone.ee\" \/>\n<meta property=\"article:modified_time\" content=\"2026-05-11T20:27:42+00:00\" \/>\n<meta property=\"og:image\" content=\"https:\/\/rczone.ee\/wp-content\/uploads\/2025\/09\/greasemain.jpg\" \/>\n\t<meta property=\"og:image:width\" content=\"800\" \/>\n\t<meta property=\"og:image:height\" content=\"800\" \/>\n\t<meta property=\"og:image:type\" content=\"image\/jpeg\" \/>\n<meta name=\"twitter:card\" content=\"summary_large_image\" \/>\n<meta name=\"twitter:label1\" content=\"Est. reading time\" \/>\n\t<meta name=\"twitter:data1\" content=\"2 min\u016btes\" \/>\n<script type=\"application\/ld+json\" class=\"yoast-schema-graph\">{\"@context\":\"https:\\\/\\\/schema.org\",\"@graph\":[{\"@type\":\"WebPage\",\"@id\":\"https:\\\/\\\/rczone.ee\\\/toode\\\/gwolves-grafiitmaare-rc-autodele-25g\\\/\",\"url\":\"https:\\\/\\\/rczone.ee\\\/toode\\\/gwolves-grafiitmaare-rc-autodele-25g\\\/\",\"name\":\"GWOLVES grafiitm\u00e4\u00e4re RC autodele 25g - RC Zone | Raadio teel juhitavad autod\",\"isPartOf\":{\"@id\":\"https:\\\/\\\/rczone.ee\\\/#website\"},\"primaryImageOfPage\":{\"@id\":\"https:\\\/\\\/rczone.ee\\\/toode\\\/gwolves-grafiitmaare-rc-autodele-25g\\\/#primaryimage\"},\"image\":{\"@id\":\"https:\\\/\\\/rczone.ee\\\/toode\\\/gwolves-grafiitmaare-rc-autodele-25g\\\/#primaryimage\"},\"thumbnailUrl\":\"https:\\\/\\\/rczone.ee\\\/wp-content\\\/uploads\\\/2025\\\/09\\\/greasemain.jpg\",\"datePublished\":\"2025-09-13T07:21:36+00:00\",\"dateModified\":\"2026-05-11T20:27:42+00:00\",\"breadcrumb\":{\"@id\":\"https:\\\/\\\/rczone.ee\\\/toode\\\/gwolves-grafiitmaare-rc-autodele-25g\\\/#breadcrumb\"},\"inLanguage\":\"lv-LV\",\"potentialAction\":[{\"@type\":\"ReadAction\",\"target\":[\"https:\\\/\\\/rczone.ee\\\/toode\\\/gwolves-grafiitmaare-rc-autodele-25g\\\/\"]}]},{\"@type\":\"ImageObject\",\"inLanguage\":\"lv-LV\",\"@id\":\"https:\\\/\\\/rczone.ee\\\/toode\\\/gwolves-grafiitmaare-rc-autodele-25g\\\/#primaryimage\",\"url\":\"https:\\\/\\\/rczone.ee\\\/wp-content\\\/uploads\\\/2025\\\/09\\\/greasemain.jpg\",\"contentUrl\":\"https:\\\/\\\/rczone.ee\\\/wp-content\\\/uploads\\\/2025\\\/09\\\/greasemain.jpg\",\"width\":800,\"height\":800},{\"@type\":\"BreadcrumbList\",\"@id\":\"https:\\\/\\\/rczone.ee\\\/toode\\\/gwolves-grafiitmaare-rc-autodele-25g\\\/#breadcrumb\",\"itemListElement\":[{\"@type\":\"ListItem\",\"position\":1,\"name\":\"Home\",\"item\":\"https:\\\/\\\/rczone.ee\\\/\"},{\"@type\":\"ListItem\",\"position\":2,\"name\":\"Shop\",\"item\":\"https:\\\/\\\/rczone.ee\\\/shop\\\/\"},{\"@type\":\"ListItem\",\"position\":3,\"name\":\"GWOLVES grafiitm\u00e4\u00e4re RC autodele 25g\"}]},{\"@type\":\"WebSite\",\"@id\":\"https:\\\/\\\/rczone.ee\\\/#website\",\"url\":\"https:\\\/\\\/rczone.ee\\\/\",\"name\":\"RcZone\",\"description\":\"RcZone - Raadio teel juhitavate autode veebipood. M&uuml;&uuml;me laia valikut kvaliteetseid ja v&otilde;imsaid RC-autosid. Kiire tarne ja konkurentsiv&otilde;imelised hinnad.\",\"publisher\":{\"@id\":\"https:\\\/\\\/rczone.ee\\\/#organization\"},\"potentialAction\":[{\"@type\":\"SearchAction\",\"target\":{\"@type\":\"EntryPoint\",\"urlTemplate\":\"https:\\\/\\\/rczone.ee\\\/?s={search_term_string}\"},\"query-input\":{\"@type\":\"PropertyValueSpecification\",\"valueRequired\":true,\"valueName\":\"search_term_string\"}}],\"inLanguage\":\"lv-LV\"},{\"@type\":\"Organization\",\"@id\":\"https:\\\/\\\/rczone.ee\\\/#organization\",\"name\":\"RcZone\",\"url\":\"https:\\\/\\\/rczone.ee\\\/\",\"logo\":{\"@type\":\"ImageObject\",\"inLanguage\":\"lv-LV\",\"@id\":\"https:\\\/\\\/rczone.ee\\\/#\\\/schema\\\/logo\\\/image\\\/\",\"url\":\"https:\\\/\\\/rczone.ee\\\/wp-content\\\/uploads\\\/2024\\\/01\\\/3D.png\",\"contentUrl\":\"https:\\\/\\\/rczone.ee\\\/wp-content\\\/uploads\\\/2024\\\/01\\\/3D.png\",\"width\":2080,\"height\":602,\"caption\":\"RcZone\"},\"image\":{\"@id\":\"https:\\\/\\\/rczone.ee\\\/#\\\/schema\\\/logo\\\/image\\\/\"},\"sameAs\":[\"https:\\\/\\\/www.facebook.com\\\/rczone.ee\"]}]}<\/script>\n<!-- \/ Yoast SEO plugin. -->","yoast_head_json":{"title":"GWOLVES graf\u012bta spole RC automa\u0161\u012bn\u0101m 25g - RC Zona | Radio vad\u0101m\u0101s automa\u0161\u012bnas","robots":{"index":"index","follow":"follow","max-snippet":"max-snippet:-1","max-image-preview":"max-image-preview:large","max-video-preview":"max-video-preview:-1"},"canonical":"https:\/\/rczone.ee\/lv\/products\/gwolves-grafiitmaare-rc-autodele-25g\/","og_locale":"lv_LV","og_type":"article","og_title":"GWOLVES grafiitm\u00e4\u00e4re RC autodele 25g - RC Zone | Raadio teel juhitavad autod","og_description":"GWOLVES grafiitm\u00e4\u00e4re on kvaliteetne m\u00e4\u00e4rdeaine, mis on loodud spetsiaalselt RC autode liikuvate osade hooldamiseks ja kaitsmiseks. See must grafiitm\u00e4\u00e4re v\u00e4hendab kulumist, hoiab \u00e4ra liigse h\u00f5\u00f5rdumise ning summutab k\u00e4igu- ja liigendiosade m\u00fcra, muutes auto t\u00f6\u00f6 sujuvamaks ja vaiksemaks. Milleks kasutada grafiitm\u00e4\u00e4ret RC autodel? RC autod t\u00f6\u00f6tavad sageli suurte koormuste ja k\u00f5rgete p\u00f6\u00f6rete all. K\u00e4igukastid, diferentsiaalid ja [...]","og_url":"https:\/\/rczone.ee\/lv\/products\/gwolves-grafiitmaare-rc-autodele-25g\/","og_site_name":"RC Zone | Raadio teel juhitavad autod","article_publisher":"https:\/\/www.facebook.com\/rczone.ee","article_modified_time":"2026-05-11T20:27:42+00:00","og_image":[{"width":800,"height":800,"url":"https:\/\/rczone.ee\/wp-content\/uploads\/2025\/09\/greasemain.jpg","type":"image\/jpeg"}],"twitter_card":"summary_large_image","twitter_misc":{"Est. reading time":"2 min\u016btes"},"schema":{"@context":"https:\/\/schema.org","@graph":[{"@type":"WebPage","@id":"https:\/\/rczone.ee\/toode\/gwolves-grafiitmaare-rc-autodele-25g\/","url":"https:\/\/rczone.ee\/toode\/gwolves-grafiitmaare-rc-autodele-25g\/","name":"GWOLVES graf\u012bta spole RC automa\u0161\u012bn\u0101m 25g - RC Zona | Radio vad\u0101m\u0101s automa\u0161\u012bnas","isPartOf":{"@id":"https:\/\/rczone.ee\/#website"},"primaryImageOfPage":{"@id":"https:\/\/rczone.ee\/toode\/gwolves-grafiitmaare-rc-autodele-25g\/#primaryimage"},"image":{"@id":"https:\/\/rczone.ee\/toode\/gwolves-grafiitmaare-rc-autodele-25g\/#primaryimage"},"thumbnailUrl":"https:\/\/rczone.ee\/wp-content\/uploads\/2025\/09\/greasemain.jpg","datePublished":"2025-09-13T07:21:36+00:00","dateModified":"2026-05-11T20:27:42+00:00","breadcrumb":{"@id":"https:\/\/rczone.ee\/toode\/gwolves-grafiitmaare-rc-autodele-25g\/#breadcrumb"},"inLanguage":"lv-LV","potentialAction":[{"@type":"ReadAction","target":["https:\/\/rczone.ee\/toode\/gwolves-grafiitmaare-rc-autodele-25g\/"]}]},{"@type":"ImageObject","inLanguage":"lv-LV","@id":"https:\/\/rczone.ee\/toode\/gwolves-grafiitmaare-rc-autodele-25g\/#primaryimage","url":"https:\/\/rczone.ee\/wp-content\/uploads\/2025\/09\/greasemain.jpg","contentUrl":"https:\/\/rczone.ee\/wp-content\/uploads\/2025\/09\/greasemain.jpg","width":800,"height":800},{"@type":"BreadcrumbList","@id":"https:\/\/rczone.ee\/toode\/gwolves-grafiitmaare-rc-autodele-25g\/#breadcrumb","itemListElement":[{"@type":"ListItem","position":1,"name":"Home","item":"https:\/\/rczone.ee\/"},{"@type":"ListItem","position":2,"name":"Shop","item":"https:\/\/rczone.ee\/shop\/"},{"@type":"ListItem","position":3,"name":"GWOLVES grafiitm\u00e4\u00e4re RC autodele 25g"}]},{"@type":"WebSite","@id":"https:\/\/rczone.ee\/#website","url":"https:\/\/rczone.ee\/","name":"RcZone","description":"RcZone - Radio vad\u0101mo automobi\u013cu tie\u0161saistes veikals. M\u0113s p\u0101rdodam pla\u0161u augstas kvalit\u0101tes un jaud\u012bgu RC automobi\u013cu kl\u0101stu. \u0100tra pieg\u0101de un konkur\u0113tsp\u0113j\u012bgas cenas.","publisher":{"@id":"https:\/\/rczone.ee\/#organization"},"potentialAction":[{"@type":"SearchAction","target":{"@type":"EntryPoint","urlTemplate":"https:\/\/rczone.ee\/?s={search_term_string}"},"query-input":{"@type":"PropertyValueSpecification","valueRequired":true,"valueName":"search_term_string"}}],"inLanguage":"lv-LV"},{"@type":"Organization","@id":"https:\/\/rczone.ee\/#organization","name":"RcZone","url":"https:\/\/rczone.ee\/","logo":{"@type":"ImageObject","inLanguage":"lv-LV","@id":"https:\/\/rczone.ee\/#\/schema\/logo\/image\/","url":"https:\/\/rczone.ee\/wp-content\/uploads\/2024\/01\/3D.png","contentUrl":"https:\/\/rczone.ee\/wp-content\/uploads\/2024\/01\/3D.png","width":2080,"height":602,"caption":"RcZone"},"image":{"@id":"https:\/\/rczone.ee\/#\/schema\/logo\/image\/"},"sameAs":["https:\/\/www.facebook.com\/rczone.ee"]}]}},"_links":{"self":[{"href":"https:\/\/rczone.ee\/lv\/wp-json\/wp\/v2\/product\/4406","targetHints":{"allow":["GET"]}}],"collection":[{"href":"https:\/\/rczone.ee\/lv\/wp-json\/wp\/v2\/product"}],"about":[{"href":"https:\/\/rczone.ee\/lv\/wp-json\/wp\/v2\/types\/product"}],"replies":[{"embeddable":true,"href":"https:\/\/rczone.ee\/lv\/wp-json\/wp\/v2\/comments?post=4406"}],"wp:featuredmedia":[{"embeddable":true,"href":"https:\/\/rczone.ee\/lv\/wp-json\/wp\/v2\/media\/4411"}],"wp:attachment":[{"href":"https:\/\/rczone.ee\/lv\/wp-json\/wp\/v2\/media?parent=4406"}],"wp:term":[{"taxonomy":"fits_model","embeddable":true,"href":"https:\/\/rczone.ee\/lv\/wp-json\/wp\/v2\/fits_model?post=4406"},{"taxonomy":"product_brand","embeddable":true,"href":"https:\/\/rczone.ee\/lv\/wp-json\/wp\/v2\/product_brand?post=4406"},{"taxonomy":"product_cat","embeddable":true,"href":"https:\/\/rczone.ee\/lv\/wp-json\/wp\/v2\/product_cat?post=4406"},{"taxonomy":"product_tag","embeddable":true,"href":"https:\/\/rczone.ee\/lv\/wp-json\/wp\/v2\/product_tag?post=4406"},{"taxonomy":"woo-feed-brand","embeddable":true,"href":"https:\/\/rczone.ee\/lv\/wp-json\/wp\/v2\/woo-feed-brand?post=4406"}],"curies":[{"name":"wp","href":"https:\/\/api.w.org\/{rel}","templated":true}]}}