{"id":4432,"date":"2025-09-18T20:58:30","date_gmt":"2025-09-18T17:58:30","guid":{"rendered":"https:\/\/rczone.ee\/?post_type=product&#038;p=4432"},"modified":"2026-02-08T12:02:22","modified_gmt":"2026-02-08T10:02:22","slug":"jauns-suchiyu-scy-18104-pro-4wd-aurora-brushless-truck","status":"publish","type":"product","link":"https:\/\/rczone.ee\/lv\/toode\/uus-suchiyu-scy-18104-pro-4wd-aurora-brushless-truck\/","title":{"rendered":"JAUNUMS! Suchiyu SCY-18104 PRO 4WD Aurora Brushless Truck"},"content":{"rendered":"<h3 data-start=\"0\" data-end=\"105\"><strong data-start=\"0\" data-end=\"103\">Suchiyu SCY-18104 PRO 4WD Aurora Brushless Truck - jaud\u012bga un iztur\u012bga apvidus automa\u0161\u012bna no RcZone.ee!<\/strong><\/h3>\n<p data-start=\"107\" data-end=\"468\">Koge jaun\u0101 mode\u013ca re\u0101lo \u0101trumu un jaudu <strong data-start=\"141\" data-end=\"193\">Suchiyu SCY-18104 PRO 4WD Aurora Brushless Truck<\/strong>-ir lieliska izv\u0113le ies\u0101c\u0113jam vai pieredz\u0113ju\u0161am RC entuziastam! Pateicoties bezsuku motoram, piln\u012bb\u0101 proporcion\u0101lai st\u016bres sist\u0113mai un met\u0101la piedzi\u0146as komponentiem, \u0161is modelis nodro\u0161ina izcilu veiktsp\u0113ju un iztur\u012bbu uz jebkura apvidus - vai t\u0101 b\u016btu smiltis, grants, z\u0101le vai dub\u013ci.<\/p>\n<p data-start=\"470\" data-end=\"701\">Automa\u0161\u012bna sasniedz <strong data-start=\"486\" data-end=\"497\">50 km\/h<\/strong> un bezsuku motors nodro\u0161ina vienm\u0113r\u012bgu, jaud\u012bgu brauk\u0161anu bez veiktsp\u0113jas zudumiem. Sp\u0113c\u012bgs alum\u012bnija r\u0101mis, \u010detru rite\u0146u piedzi\u0146a un neatkar\u012bga balstiek\u0101rta nodro\u0161ina stabilit\u0101ti un kontroli uz visneapskau\u017eam\u0101kaj\u0101m tras\u0113m.<\/p>\n<hr data-start=\"703\" data-end=\"706\" \/>\n<h3 data-start=\"708\" data-end=\"728\">\ud83d\udd25 Pamat\u012bpa\u0161\u012bbas:<\/h3>\n<ul>\n<li data-start=\"731\" data-end=\"757\"><strong data-start=\"731\" data-end=\"742\">\u0100trums:<\/strong> l\u012bdz 50 km\/h<\/li>\n<li data-start=\"760\" data-end=\"807\"><strong data-start=\"760\" data-end=\"773\">Ce\u013cojuma laiks:<\/strong> l\u012bdz 25 min\u016bt\u0113m ar vienu uzl\u0101di<\/li>\n<li data-start=\"810\" data-end=\"848\"><strong data-start=\"810\" data-end=\"829\">Brauk\u0161anas att\u0101lums:<\/strong> l\u012bdz 120 metriem<\/li>\n<li data-start=\"851\" data-end=\"892\"><strong data-start=\"851\" data-end=\"859\">Aku:<\/strong> 7,4 V 1500 mAh Li-ion (T-veida kontaktdak\u0161a)<\/li>\n<li data-start=\"895\" data-end=\"931\"><strong data-start=\"895\" data-end=\"907\">Izm\u0113ri:<\/strong> 30,5 \u00d7 17,5 \u00d7 13,5 cm<\/li>\n<li data-start=\"934\" data-end=\"952\"><strong data-start=\"934\" data-end=\"945\">M\u0113rogs:<\/strong> 1:18<\/li>\n<li data-start=\"955\" data-end=\"990\"><strong data-start=\"955\" data-end=\"966\">Dzin\u0113js:<\/strong> 2840 bezass motors<\/li>\n<li data-start=\"993\" data-end=\"1050\"><strong data-start=\"993\" data-end=\"1004\">Radio:<\/strong> 2,4 GHz piln\u012bb\u0101 proporcion\u0101la vad\u012bbas sist\u0113ma<\/li>\n<li data-start=\"1053\" data-end=\"1140\"><strong data-start=\"1053\" data-end=\"1067\">Aptur\u0113\u0161ana:<\/strong> neatkar\u012bga dubult\u0101s balstiek\u0101rtas balstiek\u0101rta, ar gaisu pild\u012bti amortizatori.<\/li>\n<li data-start=\"1143\" data-end=\"1230\"><strong data-start=\"1143\" data-end=\"1163\">P\u0101rraides sist\u0113ma:<\/strong> piln\u012bb\u0101 met\u0101la diferenci\u0101li, met\u0101la zobrati un piedzi\u0146as v\u0101rpstas.<\/li>\n<li data-start=\"1233\" data-end=\"1335\"><strong data-start=\"1233\" data-end=\"1247\">Apgaismojums:<\/strong> LED priek\u0161\u0113jie lukturi, jumta lukturi un aizmugur\u0113jie lukturi (3 re\u017e\u012bmi: nep\u0101rtraukta, l\u0113na un \u0101tra mirgo\u0161ana).<\/li>\n<li data-start=\"1338\" data-end=\"1419\"><strong data-start=\"1338\" data-end=\"1353\">Materi\u0101li:<\/strong> alum\u012bnija \u0161asija, met\u0101la deta\u013cas un pastiprin\u0101ta PVC virsb\u016bve.<\/li>\n<\/ul>\n<hr data-start=\"1421\" data-end=\"1424\" \/>\n<h3 data-start=\"1426\" data-end=\"1478\">\ud83d\ude97 Perfekta vad\u0101m\u012bba un re\u0101listiska brauk\u0161anas pieredze<\/h3>\n<p data-start=\"1479\" data-end=\"1690\">Paldies <strong data-start=\"1484\" data-end=\"1545\">piln\u012bb\u0101 proporcion\u0101la \u0101truma un st\u016br\u0113\u0161anas le\u0146\u0137a kontrole<\/strong> J\u016bs varat vad\u012bt automa\u0161\u012bnu glu\u017ei k\u0101 \u012bstu automa\u0161\u012bnu - pa\u0101trin\u0101jums, bremz\u0113\u0161ana, pagrie\u0161an\u0101s un brauk\u0161ana atpaka\u013cgait\u0101 ir vienm\u0113r\u012bga un acumirkl\u012bgi rea\u0123\u0113jo\u0161a.<\/p>\n<hr data-start=\"1692\" data-end=\"1695\" \/>\n<h3 data-start=\"1697\" data-end=\"1737\">\u2699\ufe0f Iztur\u012bga met\u0101la konstrukcija<\/h3>\n<p data-start=\"1738\" data-end=\"1908\">Visas galven\u0101s transmisijas sast\u0101vda\u013cas - diferenci\u0101li, st\u016bres \u0161arn\u012brs, zobrati un centr\u0101l\u0101 piedzi\u0146as v\u0101rpsta - ir izgatavotas no met\u0101la, lai nodro\u0161in\u0101tu maksim\u0101lu uzticam\u012bbu un iztur\u012bbu.<\/p>\n<hr data-start=\"1910\" data-end=\"1913\" \/>\n<h3 data-start=\"1915\" data-end=\"1956\">\ud83c\udf19 LED apgaismojums un iztur\u012bgs dizains<\/h3>\n<p data-start=\"1957\" data-end=\"2181\">Aurora PRO ir apr\u012bkots ar jaud\u012bgu LED apgaismojumu, kas ne tikai izskat\u0101s iespaid\u012bgi, bet ar\u012b \u013cauj braukt tums\u0101. Pateicoties iztur\u012bgajam PVC korpusam un \"lielo k\u0101ju\" rite\u0146iem ar liel\u0101m rakstain\u0101m riep\u0101m, tas nodro\u0161ina stabilu sa\u0137eri ar jebkuru virsmu.<\/p>\n<hr data-start=\"2183\" data-end=\"2186\" \/>\n<h3 data-start=\"2188\" data-end=\"2206\">\ud83d\udca1 Iek\u013cauts:<\/h3>\n<ul>\n<li data-start=\"2209\" data-end=\"2244\">SCY-18104 PRO 4WD bezsuku kravas automa\u0161\u012bna<\/li>\n<li data-start=\"2247\" data-end=\"2302\">2,4GHz t\u0101lvad\u012bbas pults (nepiecie\u0161amas 3\u00d7AA baterijas, nav iek\u013cautas komplekt\u0101)<\/li>\n<li data-start=\"2305\" data-end=\"2323\">7,4 V 1500 mAh akumulators<\/li>\n<li data-start=\"2326\" data-end=\"2346\">USB uzl\u0101des kabelis<\/li>\n<li data-start=\"2349\" data-end=\"2364\">Lietot\u0101ja rokasgr\u0101mata<\/li>\n<\/ul>\n<hr data-start=\"2386\" data-end=\"2389\" \/>\n<h3 data-start=\"2391\" data-end=\"2420\">\ud83d\ude80 K\u0101p\u0113c izv\u0113l\u0113ties RcZone.ee?<\/h3>\n<p data-start=\"2421\" data-end=\"2645\">RcZone.ee pied\u0101v\u0101 augstas kvalit\u0101tes un p\u0101rbaud\u012btus radio vad\u0101mus mode\u013cus. M\u016bsu <strong data-start=\"2508\" data-end=\"2556\">Suchiyu SCY-18104 PRO Aurora Brushless Truck<\/strong> Apvieno \u0101trumu, jaudu un iztur\u012bbu, lai pied\u0101v\u0101tu \u012bstu RC pieredzi ikvienam entuziastam!<\/p>\n<hr data-start=\"2647\" data-end=\"2650\" \/>\n<p data-start=\"2652\" data-end=\"2722\"><strong data-start=\"2652\" data-end=\"2717\">RcZone.ee - J\u016bsu uzticamais partneris RC piedz\u012bvojumu pasaul\u0113!<\/strong> \ud83c\udfc1<\/p>\n<p data-start=\"2652\" data-end=\"2722\"><img decoding=\"async\" class=\"alignnone wp-image-4588\" src=\"https:\/\/rczone.ee\/wp-content\/uploads\/2025\/09\/Hb0414017505c48319d87bba019bba9bcE-1.jpg\" alt=\"\" width=\"600\" height=\"600\" srcset=\"https:\/\/rczone.ee\/wp-content\/uploads\/2025\/09\/Hb0414017505c48319d87bba019bba9bcE-1.jpg 800w, https:\/\/rczone.ee\/wp-content\/uploads\/2025\/09\/Hb0414017505c48319d87bba019bba9bcE-1-400x400.jpg 400w, https:\/\/rczone.ee\/wp-content\/uploads\/2025\/09\/Hb0414017505c48319d87bba019bba9bcE-1-280x280.jpg 280w, https:\/\/rczone.ee\/wp-content\/uploads\/2025\/09\/Hb0414017505c48319d87bba019bba9bcE-1-768x768.jpg 768w, https:\/\/rczone.ee\/wp-content\/uploads\/2025\/09\/Hb0414017505c48319d87bba019bba9bcE-1-12x12.jpg 12w, https:\/\/rczone.ee\/wp-content\/uploads\/2025\/09\/Hb0414017505c48319d87bba019bba9bcE-1-450x450.jpg 450w, https:\/\/rczone.ee\/wp-content\/uploads\/2025\/09\/Hb0414017505c48319d87bba019bba9bcE-1-100x100.jpg 100w\" sizes=\"(max-width: 600px) 100vw, 600px\" \/> <img decoding=\"async\" class=\"alignnone wp-image-4587\" style=\"font-size: 14.4px;\" src=\"https:\/\/rczone.ee\/wp-content\/uploads\/2025\/09\/Ha612204ea7c5415cbb1c4a15dcca1c1e0-1.jpg\" alt=\"\" width=\"600\" height=\"601\" srcset=\"https:\/\/rczone.ee\/wp-content\/uploads\/2025\/09\/Ha612204ea7c5415cbb1c4a15dcca1c1e0-1.jpg 800w, https:\/\/rczone.ee\/wp-content\/uploads\/2025\/09\/Ha612204ea7c5415cbb1c4a15dcca1c1e0-1-400x400.jpg 400w, https:\/\/rczone.ee\/wp-content\/uploads\/2025\/09\/Ha612204ea7c5415cbb1c4a15dcca1c1e0-1-280x280.jpg 280w, https:\/\/rczone.ee\/wp-content\/uploads\/2025\/09\/Ha612204ea7c5415cbb1c4a15dcca1c1e0-1-768x769.jpg 768w, https:\/\/rczone.ee\/wp-content\/uploads\/2025\/09\/Ha612204ea7c5415cbb1c4a15dcca1c1e0-1-12x12.jpg 12w, https:\/\/rczone.ee\/wp-content\/uploads\/2025\/09\/Ha612204ea7c5415cbb1c4a15dcca1c1e0-1-450x450.jpg 450w, https:\/\/rczone.ee\/wp-content\/uploads\/2025\/09\/Ha612204ea7c5415cbb1c4a15dcca1c1e0-1-100x100.jpg 100w\" sizes=\"(max-width: 600px) 100vw, 600px\" \/><\/p>","protected":false},"excerpt":{"rendered":"<ul>\n<li style=\"line-height: 1; padding-top: 20px;\">Nov\u0113rt\u0113jums: Eksperts<\/li>\n<li style=\"line-height: 1;\">Lietot\u0101ja vecums: 14+<\/li>\n<li style=\"line-height: 1;\">Kategorija: Truggy<\/li>\n<li style=\"line-height: 1;\">M\u0113rogi: 1:18<\/li>\n<li style=\"line-height: 1;\">Vilces ass: 4WD<\/li>\n<li style=\"line-height: 1;\">Maksim\u0101lais \u0101trums: 50 km\/h<\/li>\n<li style=\"line-height: 1;\">Pabeig\u0161ana: gatavs darbam<\/li>\n<li style=\"line-height: 1;\">Ener\u0123ija: elektroener\u0123ija<\/li>\n<\/ul>","protected":false},"featured_media":4433,"comment_status":"open","ping_status":"closed","template":"","meta":{"_monsterinsights_skip_tracking":false,"_monsterinsights_sitenote_active":false,"_monsterinsights_sitenote_note":"","_monsterinsights_sitenote_category":0},"fits_model":[],"product_brand":[],"product_cat":[33],"product_tag":[84,122],"woo-feed-brand":[],"class_list":{"0":"post-4432","1":"product","2":"type-product","3":"status-publish","4":"has-post-thumbnail","6":"product_cat-truggy","7":"product_tag-standard","8":"product_tag-liion74","10":"first","11":"instock","12":"taxable","13":"shipping-taxable","14":"purchasable","15":"product-type-simple"},"yoast_head":"<!-- This site is optimized with the Yoast SEO plugin v27.3 - https:\/\/yoast.com\/product\/yoast-seo-wordpress\/ -->\n<title>UUS! Suchiyu SCY-18104 PRO 4WD Aurora Brushless Truck - RC Zone | Raadio teel juhitavad autod<\/title>\n<meta name=\"robots\" content=\"index, follow, max-snippet:-1, max-image-preview:large, max-video-preview:-1\" \/>\n<link rel=\"canonical\" href=\"https:\/\/rczone.ee\/lv\/products\/jauns-suchiyu-scy-18104-pro-4wd-aurora-brushless-truck\/\" \/>\n<meta property=\"og:locale\" content=\"lv_LV\" \/>\n<meta property=\"og:type\" content=\"article\" \/>\n<meta property=\"og:title\" content=\"UUS! Suchiyu SCY-18104 PRO 4WD Aurora Brushless Truck - RC Zone | Raadio teel juhitavad autod\" \/>\n<meta property=\"og:description\" content=\"Rate: Expert  Kasutaja vanuseklass: 14+  Kategooria: Truggy  Skaala: 1:18  Vedav sild: 4WD  Max kiirus: 50 km\/h  Komplekteeritus: Ready-To-Run  Energia: Elekter\" \/>\n<meta property=\"og:url\" content=\"https:\/\/rczone.ee\/lv\/products\/jauns-suchiyu-scy-18104-pro-4wd-aurora-brushless-truck\/\" \/>\n<meta property=\"og:site_name\" content=\"RC Zone | Raadio teel juhitavad autod\" \/>\n<meta property=\"article:publisher\" content=\"https:\/\/www.facebook.com\/rczone.ee\" \/>\n<meta property=\"article:modified_time\" content=\"2026-02-08T10:02:22+00:00\" \/>\n<meta property=\"og:image\" content=\"https:\/\/rczone.ee\/wp-content\/uploads\/2025\/09\/18104pro.jpg\" \/>\n\t<meta property=\"og:image:width\" content=\"800\" \/>\n\t<meta property=\"og:image:height\" content=\"800\" \/>\n\t<meta property=\"og:image:type\" content=\"image\/jpeg\" \/>\n<meta name=\"twitter:card\" content=\"summary_large_image\" \/>\n<meta name=\"twitter:label1\" content=\"Est. reading time\" \/>\n\t<meta name=\"twitter:data1\" content=\"3 min\u016btes\" \/>\n<script type=\"application\/ld+json\" class=\"yoast-schema-graph\">{\"@context\":\"https:\\\/\\\/schema.org\",\"@graph\":[{\"@type\":\"WebPage\",\"@id\":\"https:\\\/\\\/rczone.ee\\\/toode\\\/uus-suchiyu-scy-18104-pro-4wd-aurora-brushless-truck\\\/\",\"url\":\"https:\\\/\\\/rczone.ee\\\/toode\\\/uus-suchiyu-scy-18104-pro-4wd-aurora-brushless-truck\\\/\",\"name\":\"UUS! Suchiyu SCY-18104 PRO 4WD Aurora Brushless Truck - RC Zone | Raadio teel juhitavad autod\",\"isPartOf\":{\"@id\":\"https:\\\/\\\/rczone.ee\\\/#website\"},\"primaryImageOfPage\":{\"@id\":\"https:\\\/\\\/rczone.ee\\\/toode\\\/uus-suchiyu-scy-18104-pro-4wd-aurora-brushless-truck\\\/#primaryimage\"},\"image\":{\"@id\":\"https:\\\/\\\/rczone.ee\\\/toode\\\/uus-suchiyu-scy-18104-pro-4wd-aurora-brushless-truck\\\/#primaryimage\"},\"thumbnailUrl\":\"https:\\\/\\\/rczone.ee\\\/wp-content\\\/uploads\\\/2025\\\/09\\\/18104pro.jpg\",\"datePublished\":\"2025-09-18T17:58:30+00:00\",\"dateModified\":\"2026-02-08T10:02:22+00:00\",\"breadcrumb\":{\"@id\":\"https:\\\/\\\/rczone.ee\\\/toode\\\/uus-suchiyu-scy-18104-pro-4wd-aurora-brushless-truck\\\/#breadcrumb\"},\"inLanguage\":\"lv-LV\",\"potentialAction\":[{\"@type\":\"ReadAction\",\"target\":[\"https:\\\/\\\/rczone.ee\\\/toode\\\/uus-suchiyu-scy-18104-pro-4wd-aurora-brushless-truck\\\/\"]}]},{\"@type\":\"ImageObject\",\"inLanguage\":\"lv-LV\",\"@id\":\"https:\\\/\\\/rczone.ee\\\/toode\\\/uus-suchiyu-scy-18104-pro-4wd-aurora-brushless-truck\\\/#primaryimage\",\"url\":\"https:\\\/\\\/rczone.ee\\\/wp-content\\\/uploads\\\/2025\\\/09\\\/18104pro.jpg\",\"contentUrl\":\"https:\\\/\\\/rczone.ee\\\/wp-content\\\/uploads\\\/2025\\\/09\\\/18104pro.jpg\",\"width\":800,\"height\":800},{\"@type\":\"BreadcrumbList\",\"@id\":\"https:\\\/\\\/rczone.ee\\\/toode\\\/uus-suchiyu-scy-18104-pro-4wd-aurora-brushless-truck\\\/#breadcrumb\",\"itemListElement\":[{\"@type\":\"ListItem\",\"position\":1,\"name\":\"Home\",\"item\":\"https:\\\/\\\/rczone.ee\\\/\"},{\"@type\":\"ListItem\",\"position\":2,\"name\":\"Shop\",\"item\":\"https:\\\/\\\/rczone.ee\\\/shop\\\/\"},{\"@type\":\"ListItem\",\"position\":3,\"name\":\"UUS! Suchiyu SCY-18104 PRO 4WD Aurora Brushless Truck\"}]},{\"@type\":\"WebSite\",\"@id\":\"https:\\\/\\\/rczone.ee\\\/#website\",\"url\":\"https:\\\/\\\/rczone.ee\\\/\",\"name\":\"RcZone\",\"description\":\"RcZone - Raadio teel juhitavate autode veebipood. M&uuml;&uuml;me laia valikut kvaliteetseid ja v&otilde;imsaid RC-autosid. Kiire tarne ja konkurentsiv&otilde;imelised hinnad.\",\"publisher\":{\"@id\":\"https:\\\/\\\/rczone.ee\\\/#organization\"},\"potentialAction\":[{\"@type\":\"SearchAction\",\"target\":{\"@type\":\"EntryPoint\",\"urlTemplate\":\"https:\\\/\\\/rczone.ee\\\/?s={search_term_string}\"},\"query-input\":{\"@type\":\"PropertyValueSpecification\",\"valueRequired\":true,\"valueName\":\"search_term_string\"}}],\"inLanguage\":\"lv-LV\"},{\"@type\":\"Organization\",\"@id\":\"https:\\\/\\\/rczone.ee\\\/#organization\",\"name\":\"RcZone\",\"url\":\"https:\\\/\\\/rczone.ee\\\/\",\"logo\":{\"@type\":\"ImageObject\",\"inLanguage\":\"lv-LV\",\"@id\":\"https:\\\/\\\/rczone.ee\\\/#\\\/schema\\\/logo\\\/image\\\/\",\"url\":\"https:\\\/\\\/rczone.ee\\\/wp-content\\\/uploads\\\/2024\\\/01\\\/3D.png\",\"contentUrl\":\"https:\\\/\\\/rczone.ee\\\/wp-content\\\/uploads\\\/2024\\\/01\\\/3D.png\",\"width\":2080,\"height\":602,\"caption\":\"RcZone\"},\"image\":{\"@id\":\"https:\\\/\\\/rczone.ee\\\/#\\\/schema\\\/logo\\\/image\\\/\"},\"sameAs\":[\"https:\\\/\\\/www.facebook.com\\\/rczone.ee\"]}]}<\/script>\n<!-- \/ Yoast SEO plugin. -->","yoast_head_json":{"title":"JAUNUMS! Suchiyu SCY-18104 PRO 4WD Aurora Brushless Truck - RC Zona | Radio vad\u0101mie auto","robots":{"index":"index","follow":"follow","max-snippet":"max-snippet:-1","max-image-preview":"max-image-preview:large","max-video-preview":"max-video-preview:-1"},"canonical":"https:\/\/rczone.ee\/lv\/products\/jauns-suchiyu-scy-18104-pro-4wd-aurora-brushless-truck\/","og_locale":"lv_LV","og_type":"article","og_title":"UUS! Suchiyu SCY-18104 PRO 4WD Aurora Brushless Truck - RC Zone | Raadio teel juhitavad autod","og_description":"Rate: Expert  Kasutaja vanuseklass: 14+  Kategooria: Truggy  Skaala: 1:18  Vedav sild: 4WD  Max kiirus: 50 km\/h  Komplekteeritus: Ready-To-Run  Energia: Elekter","og_url":"https:\/\/rczone.ee\/lv\/products\/jauns-suchiyu-scy-18104-pro-4wd-aurora-brushless-truck\/","og_site_name":"RC Zone | Raadio teel juhitavad autod","article_publisher":"https:\/\/www.facebook.com\/rczone.ee","article_modified_time":"2026-02-08T10:02:22+00:00","og_image":[{"width":800,"height":800,"url":"https:\/\/rczone.ee\/wp-content\/uploads\/2025\/09\/18104pro.jpg","type":"image\/jpeg"}],"twitter_card":"summary_large_image","twitter_misc":{"Est. reading time":"3 min\u016btes"},"schema":{"@context":"https:\/\/schema.org","@graph":[{"@type":"WebPage","@id":"https:\/\/rczone.ee\/toode\/uus-suchiyu-scy-18104-pro-4wd-aurora-brushless-truck\/","url":"https:\/\/rczone.ee\/toode\/uus-suchiyu-scy-18104-pro-4wd-aurora-brushless-truck\/","name":"JAUNUMS! Suchiyu SCY-18104 PRO 4WD Aurora Brushless Truck - RC Zona | Radio vad\u0101mie auto","isPartOf":{"@id":"https:\/\/rczone.ee\/#website"},"primaryImageOfPage":{"@id":"https:\/\/rczone.ee\/toode\/uus-suchiyu-scy-18104-pro-4wd-aurora-brushless-truck\/#primaryimage"},"image":{"@id":"https:\/\/rczone.ee\/toode\/uus-suchiyu-scy-18104-pro-4wd-aurora-brushless-truck\/#primaryimage"},"thumbnailUrl":"https:\/\/rczone.ee\/wp-content\/uploads\/2025\/09\/18104pro.jpg","datePublished":"2025-09-18T17:58:30+00:00","dateModified":"2026-02-08T10:02:22+00:00","breadcrumb":{"@id":"https:\/\/rczone.ee\/toode\/uus-suchiyu-scy-18104-pro-4wd-aurora-brushless-truck\/#breadcrumb"},"inLanguage":"lv-LV","potentialAction":[{"@type":"ReadAction","target":["https:\/\/rczone.ee\/toode\/uus-suchiyu-scy-18104-pro-4wd-aurora-brushless-truck\/"]}]},{"@type":"ImageObject","inLanguage":"lv-LV","@id":"https:\/\/rczone.ee\/toode\/uus-suchiyu-scy-18104-pro-4wd-aurora-brushless-truck\/#primaryimage","url":"https:\/\/rczone.ee\/wp-content\/uploads\/2025\/09\/18104pro.jpg","contentUrl":"https:\/\/rczone.ee\/wp-content\/uploads\/2025\/09\/18104pro.jpg","width":800,"height":800},{"@type":"BreadcrumbList","@id":"https:\/\/rczone.ee\/toode\/uus-suchiyu-scy-18104-pro-4wd-aurora-brushless-truck\/#breadcrumb","itemListElement":[{"@type":"ListItem","position":1,"name":"Home","item":"https:\/\/rczone.ee\/"},{"@type":"ListItem","position":2,"name":"Shop","item":"https:\/\/rczone.ee\/shop\/"},{"@type":"ListItem","position":3,"name":"UUS! Suchiyu SCY-18104 PRO 4WD Aurora Brushless Truck"}]},{"@type":"WebSite","@id":"https:\/\/rczone.ee\/#website","url":"https:\/\/rczone.ee\/","name":"RcZone","description":"RcZone - Radio vad\u0101mo automobi\u013cu tie\u0161saistes veikals. M\u0113s p\u0101rdodam pla\u0161u augstas kvalit\u0101tes un jaud\u012bgu RC automobi\u013cu kl\u0101stu. \u0100tra pieg\u0101de un konkur\u0113tsp\u0113j\u012bgas cenas.","publisher":{"@id":"https:\/\/rczone.ee\/#organization"},"potentialAction":[{"@type":"SearchAction","target":{"@type":"EntryPoint","urlTemplate":"https:\/\/rczone.ee\/?s={search_term_string}"},"query-input":{"@type":"PropertyValueSpecification","valueRequired":true,"valueName":"search_term_string"}}],"inLanguage":"lv-LV"},{"@type":"Organization","@id":"https:\/\/rczone.ee\/#organization","name":"RcZone","url":"https:\/\/rczone.ee\/","logo":{"@type":"ImageObject","inLanguage":"lv-LV","@id":"https:\/\/rczone.ee\/#\/schema\/logo\/image\/","url":"https:\/\/rczone.ee\/wp-content\/uploads\/2024\/01\/3D.png","contentUrl":"https:\/\/rczone.ee\/wp-content\/uploads\/2024\/01\/3D.png","width":2080,"height":602,"caption":"RcZone"},"image":{"@id":"https:\/\/rczone.ee\/#\/schema\/logo\/image\/"},"sameAs":["https:\/\/www.facebook.com\/rczone.ee"]}]}},"_links":{"self":[{"href":"https:\/\/rczone.ee\/lv\/wp-json\/wp\/v2\/product\/4432","targetHints":{"allow":["GET"]}}],"collection":[{"href":"https:\/\/rczone.ee\/lv\/wp-json\/wp\/v2\/product"}],"about":[{"href":"https:\/\/rczone.ee\/lv\/wp-json\/wp\/v2\/types\/product"}],"replies":[{"embeddable":true,"href":"https:\/\/rczone.ee\/lv\/wp-json\/wp\/v2\/comments?post=4432"}],"wp:featuredmedia":[{"embeddable":true,"href":"https:\/\/rczone.ee\/lv\/wp-json\/wp\/v2\/media\/4433"}],"wp:attachment":[{"href":"https:\/\/rczone.ee\/lv\/wp-json\/wp\/v2\/media?parent=4432"}],"wp:term":[{"taxonomy":"fits_model","embeddable":true,"href":"https:\/\/rczone.ee\/lv\/wp-json\/wp\/v2\/fits_model?post=4432"},{"taxonomy":"product_brand","embeddable":true,"href":"https:\/\/rczone.ee\/lv\/wp-json\/wp\/v2\/product_brand?post=4432"},{"taxonomy":"product_cat","embeddable":true,"href":"https:\/\/rczone.ee\/lv\/wp-json\/wp\/v2\/product_cat?post=4432"},{"taxonomy":"product_tag","embeddable":true,"href":"https:\/\/rczone.ee\/lv\/wp-json\/wp\/v2\/product_tag?post=4432"},{"taxonomy":"woo-feed-brand","embeddable":true,"href":"https:\/\/rczone.ee\/lv\/wp-json\/wp\/v2\/woo-feed-brand?post=4432"}],"curies":[{"name":"wp","href":"https:\/\/api.w.org\/{rel}","templated":true}]}}