{"id":4686,"date":"2025-10-31T21:54:11","date_gmt":"2025-10-31T19:54:11","guid":{"rendered":"https:\/\/rczone.ee\/?post_type=product&#038;p=4686"},"modified":"2025-10-31T21:56:40","modified_gmt":"2025-10-31T19:56:40","slug":"maverick-rc-hd-aizmugureja-sparna-stiprinajums-dala-150189","status":"publish","type":"product","link":"https:\/\/rczone.ee\/lv\/toode\/maverick-rc-hd-rear-wing-mount-part-150189\/","title":{"rendered":"Maverick RC HD aizmugur\u0113j\u0101 sp\u0101rna stiprin\u0101jums (da\u013ca 150189)"},"content":{"rendered":"<p><strong style=\"font-size: 14.4px;\" data-start=\"0\" data-end=\"65\">HD tagatiiva kinnitus Maverick Quantum ja Quantum+ mudelitele<\/strong><\/p>\n<article class=\"text-token-text-primary w-full focus:outline-none [--shadow-height:45px] has-data-writing-block:pointer-events-none has-data-writing-block:-mt-(--shadow-height) has-data-writing-block:pt-(--shadow-height) [&amp;:has([data-writing-block])&gt;*]:pointer-events-auto [content-visibility:auto] supports-[content-visibility:auto]:[contain-intrinsic-size:auto_100lvh] scroll-mt-[calc(var(--header-height)+min(200px,max(70px,20svh)))]\" dir=\"auto\" tabindex=\"-1\" data-turn-id=\"request-WEB:d34bfdea-e91a-44f1-a36e-048bfcef79ae-1\" data-testid=\"conversation-turn-4\" data-scroll-anchor=\"true\" data-turn=\"assistant\">\n<div class=\"text-base my-auto mx-auto pb-10 [--thread-content-margin:--spacing(4)] thread-sm:[--thread-content-margin:--spacing(6)] thread-lg:[--thread-content-margin:--spacing(16)] px-(--thread-content-margin)\">\n<div class=\"[--thread-content-max-width:40rem] thread-lg:[--thread-content-max-width:48rem] mx-auto max-w-(--thread-content-max-width) flex-1 group\/turn-messages focus-visible:outline-hidden relative flex w-full min-w-0 flex-col agent-turn\" tabindex=\"-1\">\n<div class=\"flex max-w-full flex-col grow\">\n<div class=\"min-h-8 text-message relative flex w-full flex-col items-end gap-2 text-start break-words whitespace-normal [.text-message+&amp;]:mt-1\" dir=\"auto\" data-message-author-role=\"assistant\" data-message-id=\"2a8efee8-a7da-4f28-a2db-a2da9276ff66\" data-message-model-slug=\"gpt-5\">\n<div class=\"flex w-full flex-col gap-1 empty:hidden first:pt-[1px]\">\n<div class=\"markdown prose dark:prose-invert w-full break-words light markdown-new-styling\">\n<article class=\"text-token-text-primary w-full focus:outline-none [--shadow-height:45px] has-data-writing-block:pointer-events-none has-data-writing-block:-mt-(--shadow-height) has-data-writing-block:pt-(--shadow-height) [&amp;:has([data-writing-block])&gt;*]:pointer-events-auto [content-visibility:auto] supports-[content-visibility:auto]:[contain-intrinsic-size:auto_100lvh] scroll-mt-[calc(var(--header-height)+min(200px,max(70px,20svh)))]\" dir=\"auto\" tabindex=\"-1\" data-turn-id=\"request-WEB:d34bfdea-e91a-44f1-a36e-048bfcef79ae-2\" data-testid=\"conversation-turn-6\" data-scroll-anchor=\"true\" data-turn=\"assistant\">\n<div class=\"text-base my-auto mx-auto pb-10 [--thread-content-margin:--spacing(4)] thread-sm:[--thread-content-margin:--spacing(6)] thread-lg:[--thread-content-margin:--spacing(16)] px-(--thread-content-margin)\">\n<div class=\"[--thread-content-max-width:40rem] thread-lg:[--thread-content-max-width:48rem] mx-auto max-w-(--thread-content-max-width) flex-1 group\/turn-messages focus-visible:outline-hidden relative flex w-full min-w-0 flex-col agent-turn\" tabindex=\"-1\">\n<div class=\"flex max-w-full flex-col grow\">\n<div class=\"min-h-8 text-message relative flex w-full flex-col items-end gap-2 text-start break-words whitespace-normal [.text-message+&amp;]:mt-1\" dir=\"auto\" data-message-author-role=\"assistant\" data-message-id=\"a3a35f5a-d753-43c0-b555-52e88fd5e366\" data-message-model-slug=\"gpt-5\">\n<div class=\"flex w-full flex-col gap-1 empty:hidden first:pt-[1px]\">\n<div class=\"markdown prose dark:prose-invert w-full break-words light markdown-new-styling\">\n<p data-start=\"67\" data-end=\"335\">See tugevdatud <strong data-start=\"82\" data-end=\"104\">tagatiiva kinnitus<\/strong> on loodud vastupidavust ja kaitset silmas pidades.<br data-start=\"155\" data-end=\"158\" \/>Kinnituse \u00fclaosas olev <strong data-start=\"181\" data-end=\"209\">l\u00f6\u00f6gikindel paigaldusviis<\/strong>\u00a0aitab <strong data-start=\"216\" data-end=\"272\">v\u00e4hendada p\u00f5rutusi ja koormust amortisaatori tornile<\/strong> kokkup\u00f5rgete ajal, pikendades seel\u00e4bi auto detailide eluiga.<\/p>\n<p data-start=\"337\" data-end=\"468\" data-is-last-node=\"\" data-is-only-node=\"\">Tiib kinnitatakse kindlalt <strong data-start=\"364\" data-end=\"399\">M3 kruvide ja lukustusmutritega<\/strong>, tagades <strong data-start=\"409\" data-end=\"444\">stabiilse ja turvalise \u00fchenduse<\/strong> ka intensiivsel s\u00f5idul.<\/p>\n<\/div>\n<\/div>\n<\/div>\n<\/div>\n<\/div>\n<\/div>\n<\/article>\n<\/div>\n<\/div>\n<\/div>\n<\/div>\n<\/div>\n<\/div>\n<\/article>\n","protected":false},"excerpt":{"rendered":"<p>HD aizmugur\u0113j\u0101 sp\u0101rna stiprin\u0101jums Maverick Quantum un Quantum+ \u0160is pastiprin\u0101tais aizmugur\u0113j\u0101 sp\u0101rna stiprin\u0101jums ir izstr\u0101d\u0101ts, dom\u0101jot par iztur\u012bbu un aizsardz\u012bbu.Stiprin\u0101jums stiprin\u0101juma aug\u0161da\u013c\u0101 pal\u012bdz samazin\u0101t triecieniztur\u012bgo triecienu un triecienu laik\u0101 rad\u012bto slodzi amortizatora balst\u0101, t\u0101d\u0113j\u0101di pagarinot automa\u0161\u012bnas sast\u0101vda\u013cu kalpo\u0161anas laiku. Sp\u0101rns ir dro\u0161i piestiprin\u0101ts ar M3 skr\u016bv\u0113m un fiks\u0101cijas uzgrie\u017e\u0146iem, nodro\u0161inot stabilu un dro\u0161u savienojumu pat intens\u012bvas brauk\u0161anas laik\u0101.<\/p>","protected":false},"featured_media":4684,"comment_status":"open","ping_status":"closed","template":"","meta":{"_monsterinsights_skip_tracking":false,"_monsterinsights_sitenote_active":false,"_monsterinsights_sitenote_note":"","_monsterinsights_sitenote_category":0},"fits_model":[],"product_brand":[],"product_cat":[75],"product_tag":[84],"woo-feed-brand":[87],"class_list":{"0":"post-4686","1":"product","2":"type-product","3":"status-publish","4":"has-post-thumbnail","6":"product_cat-parts","7":"product_tag-standard","8":"woo-feed-brand-maverick","10":"first","11":"instock","12":"taxable","13":"shipping-taxable","14":"purchasable","15":"product-type-simple"},"yoast_head":"<!-- This site is optimized with the Yoast SEO plugin v27.6 - https:\/\/yoast.com\/product\/yoast-seo-wordpress\/ -->\n<title>Maverick RC HD Rear Wing Mount (part 150189) - RC Zone | Raadio teel juhitavad autod<\/title>\n<meta name=\"robots\" content=\"index, follow, max-snippet:-1, max-image-preview:large, max-video-preview:-1\" \/>\n<link rel=\"canonical\" href=\"https:\/\/rczone.ee\/lv\/products\/maverick-rc-hd-aizmugureja-sparna-stiprinajums-dala-150189\/\" \/>\n<meta property=\"og:locale\" content=\"lv_LV\" \/>\n<meta property=\"og:type\" content=\"article\" \/>\n<meta property=\"og:title\" content=\"Maverick RC HD Rear Wing Mount (part 150189) - RC Zone | Raadio teel juhitavad autod\" \/>\n<meta property=\"og:description\" content=\"HD tagatiiva kinnitus Maverick Quantum ja Quantum+ mudelitele See tugevdatud tagatiiva kinnitus on loodud vastupidavust ja kaitset silmas pidades.Kinnituse \u00fclaosas olev l\u00f6\u00f6gikindel paigaldusviis\u00a0aitab v\u00e4hendada p\u00f5rutusi ja koormust amortisaatori tornile kokkup\u00f5rgete ajal, pikendades seel\u00e4bi auto detailide eluiga. Tiib kinnitatakse kindlalt M3 kruvide ja lukustusmutritega, tagades stabiilse ja turvalise \u00fchenduse ka intensiivsel s\u00f5idul.\" \/>\n<meta property=\"og:url\" content=\"https:\/\/rczone.ee\/lv\/products\/maverick-rc-hd-aizmugureja-sparna-stiprinajums-dala-150189\/\" \/>\n<meta property=\"og:site_name\" content=\"RC Zone | Raadio teel juhitavad autod\" \/>\n<meta property=\"article:publisher\" content=\"https:\/\/www.facebook.com\/rczone.ee\" \/>\n<meta property=\"article:modified_time\" content=\"2025-10-31T19:56:40+00:00\" \/>\n<meta property=\"og:image\" content=\"https:\/\/rczone.ee\/wp-content\/uploads\/2025\/10\/150189_01-resizewidth-1200.jpg\" \/>\n\t<meta property=\"og:image:width\" content=\"800\" \/>\n\t<meta property=\"og:image:height\" content=\"800\" \/>\n\t<meta property=\"og:image:type\" content=\"image\/jpeg\" \/>\n<meta name=\"twitter:card\" content=\"summary_large_image\" \/>\n<meta name=\"twitter:label1\" content=\"Est. reading time\" \/>\n\t<meta name=\"twitter:data1\" content=\"1 min\u016bte\" \/>\n<script type=\"application\/ld+json\" class=\"yoast-schema-graph\">{\"@context\":\"https:\\\/\\\/schema.org\",\"@graph\":[{\"@type\":\"WebPage\",\"@id\":\"https:\\\/\\\/rczone.ee\\\/toode\\\/maverick-rc-hd-rear-wing-mount-part-150189\\\/\",\"url\":\"https:\\\/\\\/rczone.ee\\\/toode\\\/maverick-rc-hd-rear-wing-mount-part-150189\\\/\",\"name\":\"Maverick RC HD Rear Wing Mount (part 150189) - RC Zone | Raadio teel juhitavad autod\",\"isPartOf\":{\"@id\":\"https:\\\/\\\/rczone.ee\\\/#website\"},\"primaryImageOfPage\":{\"@id\":\"https:\\\/\\\/rczone.ee\\\/toode\\\/maverick-rc-hd-rear-wing-mount-part-150189\\\/#primaryimage\"},\"image\":{\"@id\":\"https:\\\/\\\/rczone.ee\\\/toode\\\/maverick-rc-hd-rear-wing-mount-part-150189\\\/#primaryimage\"},\"thumbnailUrl\":\"https:\\\/\\\/rczone.ee\\\/wp-content\\\/uploads\\\/2025\\\/10\\\/150189_01-resizewidth-1200.jpg\",\"datePublished\":\"2025-10-31T19:54:11+00:00\",\"dateModified\":\"2025-10-31T19:56:40+00:00\",\"breadcrumb\":{\"@id\":\"https:\\\/\\\/rczone.ee\\\/toode\\\/maverick-rc-hd-rear-wing-mount-part-150189\\\/#breadcrumb\"},\"inLanguage\":\"lv-LV\",\"potentialAction\":[{\"@type\":\"ReadAction\",\"target\":[\"https:\\\/\\\/rczone.ee\\\/toode\\\/maverick-rc-hd-rear-wing-mount-part-150189\\\/\"]}]},{\"@type\":\"ImageObject\",\"inLanguage\":\"lv-LV\",\"@id\":\"https:\\\/\\\/rczone.ee\\\/toode\\\/maverick-rc-hd-rear-wing-mount-part-150189\\\/#primaryimage\",\"url\":\"https:\\\/\\\/rczone.ee\\\/wp-content\\\/uploads\\\/2025\\\/10\\\/150189_01-resizewidth-1200.jpg\",\"contentUrl\":\"https:\\\/\\\/rczone.ee\\\/wp-content\\\/uploads\\\/2025\\\/10\\\/150189_01-resizewidth-1200.jpg\",\"width\":800,\"height\":800},{\"@type\":\"BreadcrumbList\",\"@id\":\"https:\\\/\\\/rczone.ee\\\/toode\\\/maverick-rc-hd-rear-wing-mount-part-150189\\\/#breadcrumb\",\"itemListElement\":[{\"@type\":\"ListItem\",\"position\":1,\"name\":\"Home\",\"item\":\"https:\\\/\\\/rczone.ee\\\/\"},{\"@type\":\"ListItem\",\"position\":2,\"name\":\"Shop\",\"item\":\"https:\\\/\\\/rczone.ee\\\/shop\\\/\"},{\"@type\":\"ListItem\",\"position\":3,\"name\":\"Maverick RC HD Rear Wing Mount (part 150189)\"}]},{\"@type\":\"WebSite\",\"@id\":\"https:\\\/\\\/rczone.ee\\\/#website\",\"url\":\"https:\\\/\\\/rczone.ee\\\/\",\"name\":\"RcZone\",\"description\":\"RcZone - Raadio teel juhitavate autode veebipood. M&uuml;&uuml;me laia valikut kvaliteetseid ja v&otilde;imsaid RC-autosid. Kiire tarne ja konkurentsiv&otilde;imelised hinnad.\",\"publisher\":{\"@id\":\"https:\\\/\\\/rczone.ee\\\/#organization\"},\"potentialAction\":[{\"@type\":\"SearchAction\",\"target\":{\"@type\":\"EntryPoint\",\"urlTemplate\":\"https:\\\/\\\/rczone.ee\\\/?s={search_term_string}\"},\"query-input\":{\"@type\":\"PropertyValueSpecification\",\"valueRequired\":true,\"valueName\":\"search_term_string\"}}],\"inLanguage\":\"lv-LV\"},{\"@type\":\"Organization\",\"@id\":\"https:\\\/\\\/rczone.ee\\\/#organization\",\"name\":\"RcZone\",\"url\":\"https:\\\/\\\/rczone.ee\\\/\",\"logo\":{\"@type\":\"ImageObject\",\"inLanguage\":\"lv-LV\",\"@id\":\"https:\\\/\\\/rczone.ee\\\/#\\\/schema\\\/logo\\\/image\\\/\",\"url\":\"https:\\\/\\\/rczone.ee\\\/wp-content\\\/uploads\\\/2024\\\/01\\\/3D.png\",\"contentUrl\":\"https:\\\/\\\/rczone.ee\\\/wp-content\\\/uploads\\\/2024\\\/01\\\/3D.png\",\"width\":2080,\"height\":602,\"caption\":\"RcZone\"},\"image\":{\"@id\":\"https:\\\/\\\/rczone.ee\\\/#\\\/schema\\\/logo\\\/image\\\/\"},\"sameAs\":[\"https:\\\/\\\/www.facebook.com\\\/rczone.ee\"]}]}<\/script>\n<!-- \/ Yoast SEO plugin. -->","yoast_head_json":{"title":"Maverick RC HD aizmugur\u0113j\u0101 sp\u0101rna stiprin\u0101jums (da\u013ca 150189) - RC zona | Radio vad\u0101mie auto","robots":{"index":"index","follow":"follow","max-snippet":"max-snippet:-1","max-image-preview":"max-image-preview:large","max-video-preview":"max-video-preview:-1"},"canonical":"https:\/\/rczone.ee\/lv\/products\/maverick-rc-hd-aizmugureja-sparna-stiprinajums-dala-150189\/","og_locale":"lv_LV","og_type":"article","og_title":"Maverick RC HD Rear Wing Mount (part 150189) - RC Zone | Raadio teel juhitavad autod","og_description":"HD tagatiiva kinnitus Maverick Quantum ja Quantum+ mudelitele See tugevdatud tagatiiva kinnitus on loodud vastupidavust ja kaitset silmas pidades.Kinnituse \u00fclaosas olev l\u00f6\u00f6gikindel paigaldusviis\u00a0aitab v\u00e4hendada p\u00f5rutusi ja koormust amortisaatori tornile kokkup\u00f5rgete ajal, pikendades seel\u00e4bi auto detailide eluiga. Tiib kinnitatakse kindlalt M3 kruvide ja lukustusmutritega, tagades stabiilse ja turvalise \u00fchenduse ka intensiivsel s\u00f5idul.","og_url":"https:\/\/rczone.ee\/lv\/products\/maverick-rc-hd-aizmugureja-sparna-stiprinajums-dala-150189\/","og_site_name":"RC Zone | Raadio teel juhitavad autod","article_publisher":"https:\/\/www.facebook.com\/rczone.ee","article_modified_time":"2025-10-31T19:56:40+00:00","og_image":[{"width":800,"height":800,"url":"https:\/\/rczone.ee\/wp-content\/uploads\/2025\/10\/150189_01-resizewidth-1200.jpg","type":"image\/jpeg"}],"twitter_card":"summary_large_image","twitter_misc":{"Est. reading time":"1 min\u016bte"},"schema":{"@context":"https:\/\/schema.org","@graph":[{"@type":"WebPage","@id":"https:\/\/rczone.ee\/toode\/maverick-rc-hd-rear-wing-mount-part-150189\/","url":"https:\/\/rczone.ee\/toode\/maverick-rc-hd-rear-wing-mount-part-150189\/","name":"Maverick RC HD aizmugur\u0113j\u0101 sp\u0101rna stiprin\u0101jums (da\u013ca 150189) - RC zona | Radio vad\u0101mie auto","isPartOf":{"@id":"https:\/\/rczone.ee\/#website"},"primaryImageOfPage":{"@id":"https:\/\/rczone.ee\/toode\/maverick-rc-hd-rear-wing-mount-part-150189\/#primaryimage"},"image":{"@id":"https:\/\/rczone.ee\/toode\/maverick-rc-hd-rear-wing-mount-part-150189\/#primaryimage"},"thumbnailUrl":"https:\/\/rczone.ee\/wp-content\/uploads\/2025\/10\/150189_01-resizewidth-1200.jpg","datePublished":"2025-10-31T19:54:11+00:00","dateModified":"2025-10-31T19:56:40+00:00","breadcrumb":{"@id":"https:\/\/rczone.ee\/toode\/maverick-rc-hd-rear-wing-mount-part-150189\/#breadcrumb"},"inLanguage":"lv-LV","potentialAction":[{"@type":"ReadAction","target":["https:\/\/rczone.ee\/toode\/maverick-rc-hd-rear-wing-mount-part-150189\/"]}]},{"@type":"ImageObject","inLanguage":"lv-LV","@id":"https:\/\/rczone.ee\/toode\/maverick-rc-hd-rear-wing-mount-part-150189\/#primaryimage","url":"https:\/\/rczone.ee\/wp-content\/uploads\/2025\/10\/150189_01-resizewidth-1200.jpg","contentUrl":"https:\/\/rczone.ee\/wp-content\/uploads\/2025\/10\/150189_01-resizewidth-1200.jpg","width":800,"height":800},{"@type":"BreadcrumbList","@id":"https:\/\/rczone.ee\/toode\/maverick-rc-hd-rear-wing-mount-part-150189\/#breadcrumb","itemListElement":[{"@type":"ListItem","position":1,"name":"Home","item":"https:\/\/rczone.ee\/"},{"@type":"ListItem","position":2,"name":"Shop","item":"https:\/\/rczone.ee\/shop\/"},{"@type":"ListItem","position":3,"name":"Maverick RC HD Rear Wing Mount (part 150189)"}]},{"@type":"WebSite","@id":"https:\/\/rczone.ee\/#website","url":"https:\/\/rczone.ee\/","name":"RcZone","description":"RcZone - Radio vad\u0101mo automobi\u013cu tie\u0161saistes veikals. M\u0113s p\u0101rdodam pla\u0161u augstas kvalit\u0101tes un jaud\u012bgu RC automobi\u013cu kl\u0101stu. \u0100tra pieg\u0101de un konkur\u0113tsp\u0113j\u012bgas cenas.","publisher":{"@id":"https:\/\/rczone.ee\/#organization"},"potentialAction":[{"@type":"SearchAction","target":{"@type":"EntryPoint","urlTemplate":"https:\/\/rczone.ee\/?s={search_term_string}"},"query-input":{"@type":"PropertyValueSpecification","valueRequired":true,"valueName":"search_term_string"}}],"inLanguage":"lv-LV"},{"@type":"Organization","@id":"https:\/\/rczone.ee\/#organization","name":"RcZone","url":"https:\/\/rczone.ee\/","logo":{"@type":"ImageObject","inLanguage":"lv-LV","@id":"https:\/\/rczone.ee\/#\/schema\/logo\/image\/","url":"https:\/\/rczone.ee\/wp-content\/uploads\/2024\/01\/3D.png","contentUrl":"https:\/\/rczone.ee\/wp-content\/uploads\/2024\/01\/3D.png","width":2080,"height":602,"caption":"RcZone"},"image":{"@id":"https:\/\/rczone.ee\/#\/schema\/logo\/image\/"},"sameAs":["https:\/\/www.facebook.com\/rczone.ee"]}]}},"_links":{"self":[{"href":"https:\/\/rczone.ee\/lv\/wp-json\/wp\/v2\/product\/4686","targetHints":{"allow":["GET"]}}],"collection":[{"href":"https:\/\/rczone.ee\/lv\/wp-json\/wp\/v2\/product"}],"about":[{"href":"https:\/\/rczone.ee\/lv\/wp-json\/wp\/v2\/types\/product"}],"replies":[{"embeddable":true,"href":"https:\/\/rczone.ee\/lv\/wp-json\/wp\/v2\/comments?post=4686"}],"wp:featuredmedia":[{"embeddable":true,"href":"https:\/\/rczone.ee\/lv\/wp-json\/wp\/v2\/media\/4684"}],"wp:attachment":[{"href":"https:\/\/rczone.ee\/lv\/wp-json\/wp\/v2\/media?parent=4686"}],"wp:term":[{"taxonomy":"fits_model","embeddable":true,"href":"https:\/\/rczone.ee\/lv\/wp-json\/wp\/v2\/fits_model?post=4686"},{"taxonomy":"product_brand","embeddable":true,"href":"https:\/\/rczone.ee\/lv\/wp-json\/wp\/v2\/product_brand?post=4686"},{"taxonomy":"product_cat","embeddable":true,"href":"https:\/\/rczone.ee\/lv\/wp-json\/wp\/v2\/product_cat?post=4686"},{"taxonomy":"product_tag","embeddable":true,"href":"https:\/\/rczone.ee\/lv\/wp-json\/wp\/v2\/product_tag?post=4686"},{"taxonomy":"woo-feed-brand","embeddable":true,"href":"https:\/\/rczone.ee\/lv\/wp-json\/wp\/v2\/woo-feed-brand?post=4686"}],"curies":[{"name":"wp","href":"https:\/\/api.w.org\/{rel}","templated":true}]}}