{"id":5065,"date":"2025-11-27T18:25:04","date_gmt":"2025-11-27T16:25:04","guid":{"rendered":"https:\/\/rczone.ee\/?post_type=product&#038;p=5065"},"modified":"2026-01-14T21:37:43","modified_gmt":"2026-01-14T19:37:43","slug":"maverick-rc-qbit-mt-116-monstrs","status":"publish","type":"product","link":"https:\/\/rczone.ee\/lv\/toode\/maverick-rc-qbit-mt-116-monster-truck\/","title":{"rendered":"JAUNS! Maverick RC Qbit MT 1:16 Monster Truck"},"content":{"rendered":"<div id=\"text-2101796714\" class=\"text\">\n\t\t\n<h2>Jaun\u0101 Maverick QBit s\u0113rija tagad ir pieejama!<\/h2>\n\t\t\n<style>\n#text-2101796714 {\n  text-align: center;\n}\n<\/style>\n\t<\/div>\n\t\n<p>Gatavojies iekarot reljefu un vald\u012bt l\u0113cienus!<\/p>\n<p>\u0160is 1:16 m\u0113roga Monster Truck ir paredz\u0113ts autovad\u012bt\u0101jiem, kuri v\u0113las lielu jaudu kompakta izm\u0113ra automa\u0161\u012bn\u0101. Neatkar\u012bgi no t\u0101, vai j\u016bs tikai s\u0101kat iepaz\u012bt RC automa\u0161\u012bnu pasauli vai esat pieredz\u0113jis adrenal\u012bna m\u012b\u013cot\u0101js, kur\u0161 mekl\u0113 nopietnu bezsuku jaudu, QBit ir rad\u012bts tie\u0161i jums.<\/p>\n<p>Automa\u0161\u012bna ir apr\u012bkota ar \u012bst\u0101m Monster Truck funkcij\u0101m: pilnu \u010detru rite\u0146u piedzi\u0146u, neatkar\u012bgu piekari, met\u0101la p\u0101rnesumiem un e\u013c\u013cas amortizatoriem. \u0160\u013cakatu iztur\u012bga elektronika, spilgtas LED gaismas un iztur\u012bgs \u0161asijas r\u0101mis sp\u0113j iztur\u0113t pat vissmag\u0101kos apst\u0101k\u013cus.<\/p>\n\t<div class=\"img has-hover x md-x lg-x y md-y lg-y\" id=\"image_1361883047\">\n\t\t\t\t\t\t\t\t<div class=\"img-inner dark\" >\n\t\t\t<img decoding=\"async\" width=\"1020\" height=\"358\" src=\"https:\/\/rczone.ee\/wp-content\/uploads\/2025\/11\/qbit_header_blue.png\" class=\"attachment-large size-large\" alt=\"\" srcset=\"https:\/\/rczone.ee\/wp-content\/uploads\/2025\/11\/qbit_header_blue.png 1300w, https:\/\/rczone.ee\/wp-content\/uploads\/2025\/11\/qbit_header_blue-800x281.png 800w, https:\/\/rczone.ee\/wp-content\/uploads\/2025\/11\/qbit_header_blue-768x269.png 768w, https:\/\/rczone.ee\/wp-content\/uploads\/2025\/11\/qbit_header_blue-18x6.png 18w, https:\/\/rczone.ee\/wp-content\/uploads\/2025\/11\/qbit_header_blue-900x316.png 900w\" sizes=\"(max-width: 1020px) 100vw, 1020px\" \/>\t\t\t\t\t\t\n\t\t\t\t\t<\/div>\n\t\t\t\t\t\t\t\t\n<style>\n#image_1361883047 {\n  width: 100%;\n}\n<\/style>\n\t<\/div>\n\t\n\t<div id=\"gap-77771631\" class=\"gap-element clearfix\" style=\"display:block; height:auto;\">\n\t\t\n<style>\n#gap-77771631 {\n  padding-top: 30px;\n}\n<\/style>\n\t<\/div>\n\t\n<h3>Jaud\u012bgs un \u0101trs!<\/h3>\n<p>Qbit Flux ir apr\u012bkots ar 390 sukas motoru, kas nodro\u0161ina automa\u0161\u012bnai lielisku \u0101trumu un jaudu. 4WD piedzi\u0146as sist\u0113ma, met\u0101la p\u0101rnesumi un e\u013c\u013cas pild\u012bti regul\u0113jami amortizatori nodro\u0161ina vienm\u0113r\u012bgu brauk\u0161anu un stabilu vad\u0101m\u012bbu pat uz nevienm\u0113r\u012bgas virsmas.<\/p>\n<h3>Iztur\u012bgs un gatavs piedz\u012bvojumiem<\/h3>\n<p>\u0160is monstro auto nebaid\u0101s no l\u0113cieniem vai nos\u0113\u0161an\u0101s! Maverick Qbit ir izgatavots, lai kalpotu ilgi:<\/p>\n<ul>\n<li>Iztur\u012bgs \u0161asijas un e\u013c\u013cas amortizatori<\/li>\n<li>Met\u0101la diferenci\u0101\u013ci priek\u0161\u0101 un aizmugur\u0113<\/li>\n<li>Met\u0101la taisnzobrats<\/li>\n<li>Splash-proof elektronika un LED apgaismojums brauk\u0161anai v\u0101j\u0101 apgaismojum\u0101 vai slapjos apst\u0101k\u013cos<\/li>\n<\/ul>\n\t<div class=\"img has-hover x md-x lg-x y md-y lg-y\" id=\"image_394294184\">\n\t\t\t\t\t\t\t\t<div class=\"img-inner dark\" >\n\t\t\t<img decoding=\"async\" width=\"1020\" height=\"660\" src=\"https:\/\/rczone.ee\/wp-content\/uploads\/2025\/11\/red_qbit_chassis_callouts-1237x800.png\" class=\"attachment-large size-large\" alt=\"\" srcset=\"https:\/\/rczone.ee\/wp-content\/uploads\/2025\/11\/red_qbit_chassis_callouts-1237x800.png 1237w, https:\/\/rczone.ee\/wp-content\/uploads\/2025\/11\/red_qbit_chassis_callouts-618x400.png 618w, https:\/\/rczone.ee\/wp-content\/uploads\/2025\/11\/red_qbit_chassis_callouts-768x497.png 768w, https:\/\/rczone.ee\/wp-content\/uploads\/2025\/11\/red_qbit_chassis_callouts-18x12.png 18w, https:\/\/rczone.ee\/wp-content\/uploads\/2025\/11\/red_qbit_chassis_callouts-900x582.png 900w, https:\/\/rczone.ee\/wp-content\/uploads\/2025\/11\/red_qbit_chassis_callouts.png 1300w\" sizes=\"(max-width: 1020px) 100vw, 1020px\" \/>\t\t\t\t\t\t\n\t\t\t\t\t<\/div>\n\t\t\t\t\t\t\t\t\n<style>\n#image_394294184 {\n  width: 100%;\n}\n<\/style>\n\t<\/div>\n\t\n\t<div id=\"gap-994377068\" class=\"gap-element clearfix\" style=\"display:block; height:auto;\">\n\t\t\n<style>\n#gap-994377068 {\n  padding-top: 30px;\n}\n<\/style>\n\t<\/div>\n\t\n<h2 style=\"text-align: center;\">Vair\u0101k kontroles. Vair\u0101k iztur\u012bbas. Intens\u012bv\u0101k pavad\u012bts laiks.<\/h2>\n\t<div class=\"img has-hover x md-x lg-x y md-y lg-y\" id=\"image_1775038817\">\n\t\t\t\t\t\t\t\t<div class=\"img-inner dark\" >\n\t\t\t<img decoding=\"async\" width=\"1020\" height=\"472\" src=\"https:\/\/rczone.ee\/wp-content\/uploads\/2025\/11\/red_qbit_rear_34_outside.png\" class=\"attachment-large size-large\" alt=\"\" srcset=\"https:\/\/rczone.ee\/wp-content\/uploads\/2025\/11\/red_qbit_rear_34_outside.png 1300w, https:\/\/rczone.ee\/wp-content\/uploads\/2025\/11\/red_qbit_rear_34_outside-800x370.png 800w, https:\/\/rczone.ee\/wp-content\/uploads\/2025\/11\/red_qbit_rear_34_outside-768x355.png 768w, https:\/\/rczone.ee\/wp-content\/uploads\/2025\/11\/red_qbit_rear_34_outside-18x8.png 18w, https:\/\/rczone.ee\/wp-content\/uploads\/2025\/11\/red_qbit_rear_34_outside-900x416.png 900w\" sizes=\"(max-width: 1020px) 100vw, 1020px\" \/>\t\t\t\t\t\t\n\t\t\t\t\t<\/div>\n\t\t\t\t\t\t\t\t\n<style>\n#image_1775038817 {\n  width: 100%;\n}\n<\/style>\n\t<\/div>\n\t\n\t<div id=\"gap-1804312097\" class=\"gap-element clearfix\" style=\"display:block; height:auto;\">\n\t\t\n<style>\n#gap-1804312097 {\n  padding-top: 30px;\n}\n<\/style>\n\t<\/div>\n\t\n<h3>L\u012bdzsvars, sa\u0137ere un kontrole!<\/h3>\n<p>Ar e\u013c\u013cu pild\u012bti, v\u012bt\u0146oti amortizatori nodro\u0161ina vienm\u0113r\u012bgu piekari.<\/p>\n<p>Pateicoties QBit klipsu bez rite\u0146u stiprin\u0101jumiem, apkopes darbi ir neticami vienk\u0101r\u0161i.<\/p>\n<p>Neatkar\u012bgi no t\u0101, vai braucat pa nel\u012bdzenu ce\u013cu, lecat vai pa\u0101trin\u0101t ar pilnu jaudu, QBit aizmugur\u0113j\u0101 piekare nodro\u0161ina automa\u0161\u012bnas stabilit\u0101ti.<\/p>\n\t<div class=\"img has-hover x md-x lg-x y md-y lg-y\" id=\"image_320877301\">\n\t\t\t\t\t\t\t\t<div class=\"img-inner dark\" >\n\t\t\t<img decoding=\"async\" width=\"1020\" height=\"523\" src=\"https:\/\/rczone.ee\/wp-content\/uploads\/2025\/11\/green_qbit_box.png\" class=\"attachment-large size-large\" alt=\"\" srcset=\"https:\/\/rczone.ee\/wp-content\/uploads\/2025\/11\/green_qbit_box.png 1300w, https:\/\/rczone.ee\/wp-content\/uploads\/2025\/11\/green_qbit_box-780x400.png 780w, https:\/\/rczone.ee\/wp-content\/uploads\/2025\/11\/green_qbit_box-768x394.png 768w, https:\/\/rczone.ee\/wp-content\/uploads\/2025\/11\/green_qbit_box-18x9.png 18w, https:\/\/rczone.ee\/wp-content\/uploads\/2025\/11\/green_qbit_box-900x462.png 900w\" sizes=\"(max-width: 1020px) 100vw, 1020px\" \/>\t\t\t\t\t\t\n\t\t\t\t\t<\/div>\n\t\t\t\t\t\t\t\t\n<style>\n#image_320877301 {\n  width: 100%;\n}\n<\/style>\n\t<\/div>\n\t\n<h3>Funkcijas:<\/h3>\n<ul>\n<li>4WD monstru automa\u0161\u012bna<\/li>\n<li>Neatkar\u012bgs <em>Dubult\u0101 trijst\u016bra<\/em> aptur\u0113\u0161ana<\/li>\n<li>Gear guard \u2013 aizsarg\u0101 p\u0101rnesumu no net\u012brumiem<\/li>\n<li>Divpunktu servo<\/li>\n<li>Pret \u0161\u013cakat\u0101m notur\u012bga elektronika<\/li>\n<li>LED apgaismojums priek\u0161\u0101 un aizmugur\u0113<\/li>\n<li>Kompoz\u012btmateri\u0101la e\u013c\u013cas pild\u012bti regul\u0113jami amortizatori<\/li>\n<li>Met\u0101la diferenci\u0101\u013ci priek\u0161\u0101 un aizmugur\u0113<\/li>\n<li>Met\u0101la taisnzobrats<\/li>\n<li>Kompoz\u012btmateri\u0101lu piedzi\u0146as v\u0101rpstas<\/li>\n<li>PVC korpuss<\/li>\n<li>MSRS-313 2-in-1 uztv\u0113r\u0113js\/ESC<\/li>\n<li>390 suku motors<\/li>\n<li>MTX-313 2,4 GHz 3 kan\u0101lu raid\u012bt\u0101js<\/li>\n<li>7,4 V 1200 mAh Li-ion akumulators un 7,4 V USB l\u0101d\u0113t\u0101js<\/li>\n<\/ul>\n<p><span style=\"font-size: 20.16px;\">Izm\u0113ri:<\/span><\/p>\n<ul>\n<li>Garums: 292 mm<\/li>\n<li>Platums: 225 mm<\/li>\n<li>Augstums: 127 mm<\/li>\n<li>Centr\u0101l\u0101 att\u0101luma: 180 mm<\/li>\n<\/ul>\n<p>Jums b\u016bs nepiecie\u0161amas ar\u012b 4 AA baterijas raid\u012bt\u0101jam.<\/p>","protected":false},"excerpt":{"rendered":"<ul>\n<li style=\"line-height: 1; padding-top: 20px;\">Nov\u0113rt\u0113jums: Par<\/li>\n<li style=\"line-height: 1;\">Lietot\u0101ju vecuma diapazons: 8-13 gadi<\/li>\n<li style=\"line-height: 1;\">Kategorija: monster truck<\/li>\n<li style=\"line-height: 1;\">M\u0113rogi: 1:16<\/li>\n<li style=\"line-height: 1;\">Vilces ass: 4WD<\/li>\n<li style=\"line-height: 1;\">Maksim\u0101lais \u0101trums: 30 km\/h<\/li>\n<li style=\"line-height: 1;\">Pabeig\u0161ana: gatavs darbam<\/li>\n<li style=\"line-height: 1;\">Ener\u0123ija: elektroener\u0123ija<\/li>\n<\/ul>","protected":false},"featured_media":5105,"comment_status":"open","ping_status":"closed","template":"","meta":{"_monsterinsights_skip_tracking":false,"_monsterinsights_sitenote_active":false,"_monsterinsights_sitenote_note":"","_monsterinsights_sitenote_category":0},"fits_model":[],"product_brand":[],"product_cat":[32],"product_tag":[84,122],"woo-feed-brand":[87],"class_list":{"0":"post-5065","1":"product","2":"type-product","3":"status-publish","4":"has-post-thumbnail","6":"product_cat-monster-truck","7":"product_tag-standard","8":"product_tag-liion74","9":"woo-feed-brand-maverick","11":"first","12":"instock","13":"taxable","14":"shipping-taxable","15":"purchasable","16":"product-type-variable","17":"has-default-attributes"},"yoast_head":"<!-- This site is optimized with the Yoast SEO plugin v27.4 - https:\/\/yoast.com\/product\/yoast-seo-wordpress\/ -->\n<title>UUS! Maverick RC Qbit MT 1:16 Monster Truck - RC Zone | Raadio teel juhitavad autod<\/title>\n<meta name=\"robots\" content=\"index, follow, max-snippet:-1, max-image-preview:large, max-video-preview:-1\" \/>\n<link rel=\"canonical\" href=\"https:\/\/rczone.ee\/lv\/products\/maverick-rc-qbit-mt-116-monstrs\/\" \/>\n<meta property=\"og:locale\" content=\"lv_LV\" \/>\n<meta property=\"og:type\" content=\"article\" \/>\n<meta property=\"og:title\" content=\"UUS! Maverick RC Qbit MT 1:16 Monster Truck - RC Zone | Raadio teel juhitavad autod\" \/>\n<meta property=\"og:description\" content=\"Rate: Pro  Kasutaja vanuseklass: 8-13  Kategooria: Monster Truck  Skaala: 1:16  Vedav sild: 4WD  Max kiirus: 30 km\/h  Komplekteeritus: Ready-To-Run  Energia: Elekter\" \/>\n<meta property=\"og:url\" content=\"https:\/\/rczone.ee\/lv\/products\/maverick-rc-qbit-mt-116-monstrs\/\" \/>\n<meta property=\"og:site_name\" content=\"RC Zone | Raadio teel juhitavad autod\" \/>\n<meta property=\"article:publisher\" content=\"https:\/\/www.facebook.com\/rczone.ee\" \/>\n<meta property=\"article:modified_time\" content=\"2026-01-14T19:37:43+00:00\" \/>\n<meta property=\"og:image\" content=\"https:\/\/rczone.ee\/wp-content\/uploads\/2025\/11\/151003_01_full.jpg\" \/>\n\t<meta property=\"og:image:width\" content=\"800\" \/>\n\t<meta property=\"og:image:height\" content=\"800\" \/>\n\t<meta property=\"og:image:type\" content=\"image\/jpeg\" \/>\n<meta name=\"twitter:card\" content=\"summary_large_image\" \/>\n<meta name=\"twitter:label1\" content=\"Est. reading time\" \/>\n\t<meta name=\"twitter:data1\" content=\"2 min\u016btes\" \/>\n<script type=\"application\/ld+json\" class=\"yoast-schema-graph\">{\"@context\":\"https:\\\/\\\/schema.org\",\"@graph\":[{\"@type\":\"WebPage\",\"@id\":\"https:\\\/\\\/rczone.ee\\\/toode\\\/maverick-rc-qbit-mt-116-monster-truck\\\/\",\"url\":\"https:\\\/\\\/rczone.ee\\\/toode\\\/maverick-rc-qbit-mt-116-monster-truck\\\/\",\"name\":\"UUS! Maverick RC Qbit MT 1:16 Monster Truck - RC Zone | Raadio teel juhitavad autod\",\"isPartOf\":{\"@id\":\"https:\\\/\\\/rczone.ee\\\/#website\"},\"primaryImageOfPage\":{\"@id\":\"https:\\\/\\\/rczone.ee\\\/toode\\\/maverick-rc-qbit-mt-116-monster-truck\\\/#primaryimage\"},\"image\":{\"@id\":\"https:\\\/\\\/rczone.ee\\\/toode\\\/maverick-rc-qbit-mt-116-monster-truck\\\/#primaryimage\"},\"thumbnailUrl\":\"https:\\\/\\\/rczone.ee\\\/wp-content\\\/uploads\\\/2025\\\/11\\\/151003_01_full.jpg\",\"datePublished\":\"2025-11-27T16:25:04+00:00\",\"dateModified\":\"2026-01-14T19:37:43+00:00\",\"breadcrumb\":{\"@id\":\"https:\\\/\\\/rczone.ee\\\/toode\\\/maverick-rc-qbit-mt-116-monster-truck\\\/#breadcrumb\"},\"inLanguage\":\"lv-LV\",\"potentialAction\":[{\"@type\":\"ReadAction\",\"target\":[\"https:\\\/\\\/rczone.ee\\\/toode\\\/maverick-rc-qbit-mt-116-monster-truck\\\/\"]}]},{\"@type\":\"ImageObject\",\"inLanguage\":\"lv-LV\",\"@id\":\"https:\\\/\\\/rczone.ee\\\/toode\\\/maverick-rc-qbit-mt-116-monster-truck\\\/#primaryimage\",\"url\":\"https:\\\/\\\/rczone.ee\\\/wp-content\\\/uploads\\\/2025\\\/11\\\/151003_01_full.jpg\",\"contentUrl\":\"https:\\\/\\\/rczone.ee\\\/wp-content\\\/uploads\\\/2025\\\/11\\\/151003_01_full.jpg\",\"width\":800,\"height\":800},{\"@type\":\"BreadcrumbList\",\"@id\":\"https:\\\/\\\/rczone.ee\\\/toode\\\/maverick-rc-qbit-mt-116-monster-truck\\\/#breadcrumb\",\"itemListElement\":[{\"@type\":\"ListItem\",\"position\":1,\"name\":\"Home\",\"item\":\"https:\\\/\\\/rczone.ee\\\/\"},{\"@type\":\"ListItem\",\"position\":2,\"name\":\"Shop\",\"item\":\"https:\\\/\\\/rczone.ee\\\/shop\\\/\"},{\"@type\":\"ListItem\",\"position\":3,\"name\":\"UUS! Maverick RC Qbit MT 1:16 Monster Truck\"}]},{\"@type\":\"WebSite\",\"@id\":\"https:\\\/\\\/rczone.ee\\\/#website\",\"url\":\"https:\\\/\\\/rczone.ee\\\/\",\"name\":\"RcZone\",\"description\":\"RcZone - Raadio teel juhitavate autode veebipood. M&uuml;&uuml;me laia valikut kvaliteetseid ja v&otilde;imsaid RC-autosid. Kiire tarne ja konkurentsiv&otilde;imelised hinnad.\",\"publisher\":{\"@id\":\"https:\\\/\\\/rczone.ee\\\/#organization\"},\"potentialAction\":[{\"@type\":\"SearchAction\",\"target\":{\"@type\":\"EntryPoint\",\"urlTemplate\":\"https:\\\/\\\/rczone.ee\\\/?s={search_term_string}\"},\"query-input\":{\"@type\":\"PropertyValueSpecification\",\"valueRequired\":true,\"valueName\":\"search_term_string\"}}],\"inLanguage\":\"lv-LV\"},{\"@type\":\"Organization\",\"@id\":\"https:\\\/\\\/rczone.ee\\\/#organization\",\"name\":\"RcZone\",\"url\":\"https:\\\/\\\/rczone.ee\\\/\",\"logo\":{\"@type\":\"ImageObject\",\"inLanguage\":\"lv-LV\",\"@id\":\"https:\\\/\\\/rczone.ee\\\/#\\\/schema\\\/logo\\\/image\\\/\",\"url\":\"https:\\\/\\\/rczone.ee\\\/wp-content\\\/uploads\\\/2024\\\/01\\\/3D.png\",\"contentUrl\":\"https:\\\/\\\/rczone.ee\\\/wp-content\\\/uploads\\\/2024\\\/01\\\/3D.png\",\"width\":2080,\"height\":602,\"caption\":\"RcZone\"},\"image\":{\"@id\":\"https:\\\/\\\/rczone.ee\\\/#\\\/schema\\\/logo\\\/image\\\/\"},\"sameAs\":[\"https:\\\/\\\/www.facebook.com\\\/rczone.ee\"]}]}<\/script>\n<!-- \/ Yoast SEO plugin. -->","yoast_head_json":{"title":"JAUNS! Maverick RC Qbit MT 1:16 Monster Truck - RC Zone | Radio-controlled cars","robots":{"index":"index","follow":"follow","max-snippet":"max-snippet:-1","max-image-preview":"max-image-preview:large","max-video-preview":"max-video-preview:-1"},"canonical":"https:\/\/rczone.ee\/lv\/products\/maverick-rc-qbit-mt-116-monstrs\/","og_locale":"lv_LV","og_type":"article","og_title":"UUS! Maverick RC Qbit MT 1:16 Monster Truck - RC Zone | Raadio teel juhitavad autod","og_description":"Rate: Pro  Kasutaja vanuseklass: 8-13  Kategooria: Monster Truck  Skaala: 1:16  Vedav sild: 4WD  Max kiirus: 30 km\/h  Komplekteeritus: Ready-To-Run  Energia: Elekter","og_url":"https:\/\/rczone.ee\/lv\/products\/maverick-rc-qbit-mt-116-monstrs\/","og_site_name":"RC Zone | Raadio teel juhitavad autod","article_publisher":"https:\/\/www.facebook.com\/rczone.ee","article_modified_time":"2026-01-14T19:37:43+00:00","og_image":[{"width":800,"height":800,"url":"https:\/\/rczone.ee\/wp-content\/uploads\/2025\/11\/151003_01_full.jpg","type":"image\/jpeg"}],"twitter_card":"summary_large_image","twitter_misc":{"Est. reading time":"2 min\u016btes"},"schema":{"@context":"https:\/\/schema.org","@graph":[{"@type":"WebPage","@id":"https:\/\/rczone.ee\/toode\/maverick-rc-qbit-mt-116-monster-truck\/","url":"https:\/\/rczone.ee\/toode\/maverick-rc-qbit-mt-116-monster-truck\/","name":"JAUNS! Maverick RC Qbit MT 1:16 Monster Truck - RC Zone | Radio-controlled cars","isPartOf":{"@id":"https:\/\/rczone.ee\/#website"},"primaryImageOfPage":{"@id":"https:\/\/rczone.ee\/toode\/maverick-rc-qbit-mt-116-monster-truck\/#primaryimage"},"image":{"@id":"https:\/\/rczone.ee\/toode\/maverick-rc-qbit-mt-116-monster-truck\/#primaryimage"},"thumbnailUrl":"https:\/\/rczone.ee\/wp-content\/uploads\/2025\/11\/151003_01_full.jpg","datePublished":"2025-11-27T16:25:04+00:00","dateModified":"2026-01-14T19:37:43+00:00","breadcrumb":{"@id":"https:\/\/rczone.ee\/toode\/maverick-rc-qbit-mt-116-monster-truck\/#breadcrumb"},"inLanguage":"lv-LV","potentialAction":[{"@type":"ReadAction","target":["https:\/\/rczone.ee\/toode\/maverick-rc-qbit-mt-116-monster-truck\/"]}]},{"@type":"ImageObject","inLanguage":"lv-LV","@id":"https:\/\/rczone.ee\/toode\/maverick-rc-qbit-mt-116-monster-truck\/#primaryimage","url":"https:\/\/rczone.ee\/wp-content\/uploads\/2025\/11\/151003_01_full.jpg","contentUrl":"https:\/\/rczone.ee\/wp-content\/uploads\/2025\/11\/151003_01_full.jpg","width":800,"height":800},{"@type":"BreadcrumbList","@id":"https:\/\/rczone.ee\/toode\/maverick-rc-qbit-mt-116-monster-truck\/#breadcrumb","itemListElement":[{"@type":"ListItem","position":1,"name":"Home","item":"https:\/\/rczone.ee\/"},{"@type":"ListItem","position":2,"name":"Shop","item":"https:\/\/rczone.ee\/shop\/"},{"@type":"ListItem","position":3,"name":"UUS! Maverick RC Qbit MT 1:16 Monster Truck"}]},{"@type":"WebSite","@id":"https:\/\/rczone.ee\/#website","url":"https:\/\/rczone.ee\/","name":"RcZone","description":"RcZone - Radio vad\u0101mo automobi\u013cu tie\u0161saistes veikals. M\u0113s p\u0101rdodam pla\u0161u augstas kvalit\u0101tes un jaud\u012bgu RC automobi\u013cu kl\u0101stu. \u0100tra pieg\u0101de un konkur\u0113tsp\u0113j\u012bgas cenas.","publisher":{"@id":"https:\/\/rczone.ee\/#organization"},"potentialAction":[{"@type":"SearchAction","target":{"@type":"EntryPoint","urlTemplate":"https:\/\/rczone.ee\/?s={search_term_string}"},"query-input":{"@type":"PropertyValueSpecification","valueRequired":true,"valueName":"search_term_string"}}],"inLanguage":"lv-LV"},{"@type":"Organization","@id":"https:\/\/rczone.ee\/#organization","name":"RcZone","url":"https:\/\/rczone.ee\/","logo":{"@type":"ImageObject","inLanguage":"lv-LV","@id":"https:\/\/rczone.ee\/#\/schema\/logo\/image\/","url":"https:\/\/rczone.ee\/wp-content\/uploads\/2024\/01\/3D.png","contentUrl":"https:\/\/rczone.ee\/wp-content\/uploads\/2024\/01\/3D.png","width":2080,"height":602,"caption":"RcZone"},"image":{"@id":"https:\/\/rczone.ee\/#\/schema\/logo\/image\/"},"sameAs":["https:\/\/www.facebook.com\/rczone.ee"]}]}},"_links":{"self":[{"href":"https:\/\/rczone.ee\/lv\/wp-json\/wp\/v2\/product\/5065","targetHints":{"allow":["GET"]}}],"collection":[{"href":"https:\/\/rczone.ee\/lv\/wp-json\/wp\/v2\/product"}],"about":[{"href":"https:\/\/rczone.ee\/lv\/wp-json\/wp\/v2\/types\/product"}],"replies":[{"embeddable":true,"href":"https:\/\/rczone.ee\/lv\/wp-json\/wp\/v2\/comments?post=5065"}],"wp:featuredmedia":[{"embeddable":true,"href":"https:\/\/rczone.ee\/lv\/wp-json\/wp\/v2\/media\/5105"}],"wp:attachment":[{"href":"https:\/\/rczone.ee\/lv\/wp-json\/wp\/v2\/media?parent=5065"}],"wp:term":[{"taxonomy":"fits_model","embeddable":true,"href":"https:\/\/rczone.ee\/lv\/wp-json\/wp\/v2\/fits_model?post=5065"},{"taxonomy":"product_brand","embeddable":true,"href":"https:\/\/rczone.ee\/lv\/wp-json\/wp\/v2\/product_brand?post=5065"},{"taxonomy":"product_cat","embeddable":true,"href":"https:\/\/rczone.ee\/lv\/wp-json\/wp\/v2\/product_cat?post=5065"},{"taxonomy":"product_tag","embeddable":true,"href":"https:\/\/rczone.ee\/lv\/wp-json\/wp\/v2\/product_tag?post=5065"},{"taxonomy":"woo-feed-brand","embeddable":true,"href":"https:\/\/rczone.ee\/lv\/wp-json\/wp\/v2\/woo-feed-brand?post=5065"}],"curies":[{"name":"wp","href":"https:\/\/api.w.org\/{rel}","templated":true}]}}