{"id":5569,"date":"2026-01-11T16:32:08","date_gmt":"2026-01-11T14:32:08","guid":{"rendered":"https:\/\/rczone.ee\/?post_type=product&#038;p=5569"},"modified":"2026-01-11T17:43:16","modified_gmt":"2026-01-11T15:43:16","slug":"baseus-atrais-ladetajs-gan6-pro-65w-2xusb-a-2xusb-c-qc-pd-ar-usb-c-kabeli-1m","status":"publish","type":"product","link":"https:\/\/rczone.ee\/lv\/toode\/baseus-kiirlaadija-gan6-pro-65w-2xusb-a-2xusb-c-qc-pd-koos-usb-c-kaabliga-1m\/","title":{"rendered":"Baseus Fast Charger GaN6 Pro 65W 2xUSB-A + 2xUSB-C QC PD ar USB-C kabeli 1m"},"content":{"rendered":"<h1><strong>BASEUS sienas \u0101trais l\u0101d\u0113t\u0101js GaN6 Pro 65W<\/strong><\/h1>\n<div>\n<p>\u0100trs un jaud\u012bgs sienas l\u0101d\u0113t\u0101js mobilajiem t\u0101lru\u0146iem, plan\u0161etdatoriem un cit\u0101m USB-C un USB-A ier\u012bc\u0113m.<\/p>\n<\/div>\n<p><strong>FUNKCIJAS<\/strong><\/p>\n<p>\u2013\u00a0<strong>Uzlabojiet savu darba pl\u016bsmu -\u00a0<\/strong>USB-C viena porta 65 W \u0101tr\u0101 uzl\u0101de<br \/>\n\u2013\u00a0<strong>Sp\u0113c\u012bgs kodols -\u00a0<\/strong>GaN6 tehnolo\u0123ija nodro\u0161ina izcilu uzl\u0101des veiktsp\u0113ju un \u0113rt\u012bbas.<br \/>\n\u2013\u00a0<strong>Ikdienas apsardze -\u00a0<\/strong>Apr\u012bkots ar vair\u0101k\u0101m aizsardz\u012bbas ier\u012bc\u0113m, piem\u0113ram, p\u0101rsprieguma, p\u0101rslodzes, p\u0101rslodzes, \u012bssavienojuma, \u012bssl\u0113guma, temperat\u016bras un daudz\u0101m cit\u0101m.<br \/>\n\u2013\u00a0<strong>Univers\u0101la sader\u012bba -\u00a0<\/strong>Sader\u012bgs ar pla\u0161u ier\u012b\u010du kl\u0101stu, tostarp Apple, Samsung, Google t\u0101lru\u0146iem, AirPods, Switch, iPad, iWatch un cit\u0101m ier\u012bc\u0113m.<br \/>\n\u2013\u00a0<strong>Palieciet v\u0113ss un auksts\u00a0<\/strong>- BCT un Glue-Fill dzes\u0113\u0161anas tehnolo\u0123ija nodro\u0161ina zem\u0101ku uzl\u0101des temperat\u016bru \u0101tr\u0101s uzl\u0101des laik\u0101.<br \/>\n\u2013\u00a0<strong>Efekt\u012bv\u0101ka vienlaic\u012bga uzl\u0101de -\u00a0<\/strong>Autom\u0101tiska jaudas, sprieguma un str\u0101vas regul\u0113\u0161ana, uzl\u0101d\u0113jot vair\u0101kas ier\u012bces vienlaic\u012bgi.<\/p>\n<p><strong>SPECIFIK\u0100CIJAS<\/strong><\/p>\n<p>Ieeja: AC 100-240 V~, 50\/60 Hz, 1,5 A Maksim\u0101lais spriegums.<br \/>\nUSB-C1\/USB-C2 izeja: 5,0 V\u23933,0 A (15,0 W); 9,0 V\u23933,0 A (27,0 W); 12,0 V\u23933,0 A (36,0 W); 15,0 V\u23933,0 A (45,0 W); 20,0 V\u23933,25 A (65,0 W) Maks. izv.<br \/>\nUSB1 izeja: 5,0 V\u23933,0 A (15,0 W); 9,0 V\u23933,0 A\uff0827,0 W); 12,0 V\u23932,5 A (30,0 W); 20,0 V\u23931,5 A (30,0 W) Maks. izv.<br \/>\nUSB2 izeja: 5,0 V\u23931,0 A 5,0 W Maksim\u0101lais ener\u0123ijas pat\u0113ri\u0146\u0161.<br \/>\nUSB1+USB2 izeja: 30,0 W + 5,0 W Maksim\u0101l\u0101 izejas jauda.<br \/>\nUSB-C1+USB1 izeja: 45,0 W + 18,0 W Maksim\u0101lais ener\u0123ijas pat\u0113ri\u0146\u0161.<br \/>\nUSB-C1+USB-C2 izeja: 45,0 W + 20,0 W Maksim\u0101l\u0101 izejas jauda.<br \/>\nUSB-C2+USB1 izeja: 5,0 V\u23933,0 A 15,0 W Maksim\u0101lais ener\u0123ijas pat\u0113ri\u0146\u0161.<br \/>\nUSB-C1\/USB-C2+USB2 izeja: 60,0 W + 5,0 W Maksim\u0101l\u0101 izejas jauda.<br \/>\nUSB-C1+(USB-C2+USB1) izejas jauda: 45,0 W + 15,0 W Maksim\u0101lais ener\u0123ijas pat\u0113ri\u0146\u0161.<br \/>\nUSB-C1+USB-C2+USB2 izeja: 45,0 W+20,0 W+5,0 W Maksim\u0101lais ener\u0123ijas pat\u0113ri\u0146\u0161.<br \/>\nUSB2+ (USB-C2+USB1) izeja: 5,0 W + 15,0 W Maksim\u0101lais ener\u0123ijas pat\u0113ri\u0146\u0161.<br \/>\nUSB-C1+(USB-C2+USB1)+USB2 Kop\u0113j\u0101 jauda: 45,0 W+15,0 W+5,0 W Maksim\u0101l\u0101 izejas jauda.<\/p>\n<p>&nbsp;<\/p>\n<p><img decoding=\"async\" src=\"https:\/\/www.lemona.lt\/Files\/Instrukcijos\/Aprasymai_Img\/686e65ed328dd\/686e65ed328e0.jpg\" width=\"80%\" \/><img decoding=\"async\" src=\"https:\/\/www.lemona.lt\/Files\/Instrukcijos\/Aprasymai_Img\/686e65ede45b8\/686e65ede45bb.jpg\" width=\"80%\" \/><img decoding=\"async\" src=\"https:\/\/www.lemona.lt\/Files\/Instrukcijos\/Aprasymai_Img\/686e65ee8d38d\/686e65ee8d390.jpg\" width=\"80%\" \/><img decoding=\"async\" src=\"https:\/\/www.lemona.lt\/Files\/Instrukcijos\/Aprasymai_Img\/686e65ef36b27\/686e65ef36b2a.jpg\" width=\"80%\" \/><img decoding=\"async\" src=\"https:\/\/www.lemona.lt\/Files\/Instrukcijos\/Aprasymai_Img\/686e65efa4f30\/686e65efa4f33.jpg\" width=\"80%\" \/><img decoding=\"async\" src=\"https:\/\/www.lemona.lt\/Files\/Instrukcijos\/Aprasymai_Img\/686e65f01e6bd\/686e65f01e6bf.jpg\" width=\"80%\" \/><img decoding=\"async\" src=\"https:\/\/www.lemona.lt\/Files\/Instrukcijos\/Aprasymai_Img\/686e65f0bbe5e\/686e65f0bbe61.jpg\" width=\"80%\" \/><img decoding=\"async\" src=\"https:\/\/www.lemona.lt\/Files\/Instrukcijos\/Aprasymai_Img\/686e65f13500c\/686e65f13500f.jpg\" width=\"80%\" \/><img decoding=\"async\" src=\"https:\/\/www.lemona.lt\/Files\/Instrukcijos\/Aprasymai_Img\/686e65f19fb87\/686e65f19fb89.jpg\" width=\"80%\" \/><img decoding=\"async\" src=\"https:\/\/www.lemona.lt\/Files\/Instrukcijos\/Aprasymai_Img\/686e65f217d19\/686e65f217d1e.jpg\" width=\"80%\" \/><\/p>\n<p>&nbsp;<\/p>","protected":false},"excerpt":{"rendered":"<p>BASEUS Wall Fast Charger GaN6 Pro 65W Kiire ja v\u00f5imas seinale paigaldatav laadija teie mobiiltelefonidele, tahvelarvutitele ja muudele USB-C ja USB-A seadmetele. OMADUSED &#8211;\u00a0Supercharge Your Workflow &#8211;\u00a0USB-C \u00fcheportiline 65W kiirlaadimine &#8211;\u00a0V\u00f5imas tuum &#8211;\u00a0GaN6 tehnoloogia pakub erakordset laadimiskogemust laadimise j\u00f5udluse ja mugavuse osas &#8211;\u00a0Igap\u00e4evane turvahoidja &#8211;\u00a0Varustatud mitmete kaitsevahenditega, nagu \u00fclepinge, \u00fclev\u00f5imsus, \u00fclevool, l\u00fchis, l\u00fchis, temperatuur ja [&#8230;]\n","protected":false},"featured_media":5572,"comment_status":"open","ping_status":"closed","template":"","meta":{"_monsterinsights_skip_tracking":false,"_monsterinsights_sitenote_active":false,"_monsterinsights_sitenote_note":"","_monsterinsights_sitenote_category":0},"fits_model":[],"product_brand":[],"product_cat":[68],"product_tag":[84],"woo-feed-brand":[],"class_list":{"0":"post-5569","1":"product","2":"type-product","3":"status-publish","4":"has-post-thumbnail","6":"product_cat-laadijad","7":"product_tag-standard","9":"first","10":"instock","11":"taxable","12":"shipping-taxable","13":"purchasable","14":"product-type-simple"},"yoast_head":"<!-- This site is optimized with the Yoast SEO plugin v27.6 - https:\/\/yoast.com\/product\/yoast-seo-wordpress\/ -->\n<title>Baseus kiirlaadija GaN6 Pro 65W 2xUSB-A + 2xUSB-C QC PD koos USB-C kaabliga 1m - RC Zone | Raadio teel juhitavad autod<\/title>\n<meta name=\"robots\" content=\"index, follow, max-snippet:-1, max-image-preview:large, max-video-preview:-1\" \/>\n<link rel=\"canonical\" href=\"https:\/\/rczone.ee\/lv\/products\/baseus-atrais-ladetajs-gan6-pro-65w-2xusb-a-2xusb-c-qc-pd-ar-usb-c-kabeli-1m\/\" \/>\n<meta property=\"og:locale\" content=\"lv_LV\" \/>\n<meta property=\"og:type\" content=\"article\" \/>\n<meta property=\"og:title\" content=\"Baseus kiirlaadija GaN6 Pro 65W 2xUSB-A + 2xUSB-C QC PD koos USB-C kaabliga 1m - RC Zone | Raadio teel juhitavad autod\" \/>\n<meta property=\"og:description\" content=\"BASEUS Wall Fast Charger GaN6 Pro 65W Kiire ja v\u00f5imas seinale paigaldatav laadija teie mobiiltelefonidele, tahvelarvutitele ja muudele USB-C ja USB-A seadmetele. OMADUSED &#8211;\u00a0Supercharge Your Workflow &#8211;\u00a0USB-C \u00fcheportiline 65W kiirlaadimine &#8211;\u00a0V\u00f5imas tuum &#8211;\u00a0GaN6 tehnoloogia pakub erakordset laadimiskogemust laadimise j\u00f5udluse ja mugavuse osas &#8211;\u00a0Igap\u00e4evane turvahoidja &#8211;\u00a0Varustatud mitmete kaitsevahenditega, nagu \u00fclepinge, \u00fclev\u00f5imsus, \u00fclevool, l\u00fchis, l\u00fchis, temperatuur ja [...]\" \/>\n<meta property=\"og:url\" content=\"https:\/\/rczone.ee\/lv\/products\/baseus-atrais-ladetajs-gan6-pro-65w-2xusb-a-2xusb-c-qc-pd-ar-usb-c-kabeli-1m\/\" \/>\n<meta property=\"og:site_name\" content=\"RC Zone | Raadio teel juhitavad autod\" \/>\n<meta property=\"article:publisher\" content=\"https:\/\/www.facebook.com\/rczone.ee\" \/>\n<meta property=\"article:modified_time\" content=\"2026-01-11T15:43:16+00:00\" \/>\n<meta property=\"og:image\" content=\"https:\/\/rczone.ee\/wp-content\/uploads\/2026\/01\/display-3.jpg\" \/>\n\t<meta property=\"og:image:width\" content=\"800\" \/>\n\t<meta property=\"og:image:height\" content=\"1000\" \/>\n\t<meta property=\"og:image:type\" content=\"image\/jpeg\" \/>\n<meta name=\"twitter:card\" content=\"summary_large_image\" \/>\n<meta name=\"twitter:label1\" content=\"Est. reading time\" \/>\n\t<meta name=\"twitter:data1\" content=\"4 min\u016btes\" \/>\n<script type=\"application\/ld+json\" class=\"yoast-schema-graph\">{\"@context\":\"https:\\\/\\\/schema.org\",\"@graph\":[{\"@type\":\"WebPage\",\"@id\":\"https:\\\/\\\/rczone.ee\\\/toode\\\/baseus-kiirlaadija-gan6-pro-65w-2xusb-a-2xusb-c-qc-pd-koos-usb-c-kaabliga-1m\\\/\",\"url\":\"https:\\\/\\\/rczone.ee\\\/toode\\\/baseus-kiirlaadija-gan6-pro-65w-2xusb-a-2xusb-c-qc-pd-koos-usb-c-kaabliga-1m\\\/\",\"name\":\"Baseus kiirlaadija GaN6 Pro 65W 2xUSB-A + 2xUSB-C QC PD koos USB-C kaabliga 1m - RC Zone | Raadio teel juhitavad autod\",\"isPartOf\":{\"@id\":\"https:\\\/\\\/rczone.ee\\\/#website\"},\"primaryImageOfPage\":{\"@id\":\"https:\\\/\\\/rczone.ee\\\/toode\\\/baseus-kiirlaadija-gan6-pro-65w-2xusb-a-2xusb-c-qc-pd-koos-usb-c-kaabliga-1m\\\/#primaryimage\"},\"image\":{\"@id\":\"https:\\\/\\\/rczone.ee\\\/toode\\\/baseus-kiirlaadija-gan6-pro-65w-2xusb-a-2xusb-c-qc-pd-koos-usb-c-kaabliga-1m\\\/#primaryimage\"},\"thumbnailUrl\":\"https:\\\/\\\/rczone.ee\\\/wp-content\\\/uploads\\\/2026\\\/01\\\/display-3.jpg\",\"datePublished\":\"2026-01-11T14:32:08+00:00\",\"dateModified\":\"2026-01-11T15:43:16+00:00\",\"breadcrumb\":{\"@id\":\"https:\\\/\\\/rczone.ee\\\/toode\\\/baseus-kiirlaadija-gan6-pro-65w-2xusb-a-2xusb-c-qc-pd-koos-usb-c-kaabliga-1m\\\/#breadcrumb\"},\"inLanguage\":\"lv-LV\",\"potentialAction\":[{\"@type\":\"ReadAction\",\"target\":[\"https:\\\/\\\/rczone.ee\\\/toode\\\/baseus-kiirlaadija-gan6-pro-65w-2xusb-a-2xusb-c-qc-pd-koos-usb-c-kaabliga-1m\\\/\"]}]},{\"@type\":\"ImageObject\",\"inLanguage\":\"lv-LV\",\"@id\":\"https:\\\/\\\/rczone.ee\\\/toode\\\/baseus-kiirlaadija-gan6-pro-65w-2xusb-a-2xusb-c-qc-pd-koos-usb-c-kaabliga-1m\\\/#primaryimage\",\"url\":\"https:\\\/\\\/rczone.ee\\\/wp-content\\\/uploads\\\/2026\\\/01\\\/display-3.jpg\",\"contentUrl\":\"https:\\\/\\\/rczone.ee\\\/wp-content\\\/uploads\\\/2026\\\/01\\\/display-3.jpg\",\"width\":800,\"height\":1000},{\"@type\":\"BreadcrumbList\",\"@id\":\"https:\\\/\\\/rczone.ee\\\/toode\\\/baseus-kiirlaadija-gan6-pro-65w-2xusb-a-2xusb-c-qc-pd-koos-usb-c-kaabliga-1m\\\/#breadcrumb\",\"itemListElement\":[{\"@type\":\"ListItem\",\"position\":1,\"name\":\"Home\",\"item\":\"https:\\\/\\\/rczone.ee\\\/\"},{\"@type\":\"ListItem\",\"position\":2,\"name\":\"Shop\",\"item\":\"https:\\\/\\\/rczone.ee\\\/shop\\\/\"},{\"@type\":\"ListItem\",\"position\":3,\"name\":\"Baseus kiirlaadija GaN6 Pro 65W 2xUSB-A + 2xUSB-C QC PD koos USB-C kaabliga 1m\"}]},{\"@type\":\"WebSite\",\"@id\":\"https:\\\/\\\/rczone.ee\\\/#website\",\"url\":\"https:\\\/\\\/rczone.ee\\\/\",\"name\":\"RcZone\",\"description\":\"RcZone - Raadio teel juhitavate autode veebipood. M&uuml;&uuml;me laia valikut kvaliteetseid ja v&otilde;imsaid RC-autosid. Kiire tarne ja konkurentsiv&otilde;imelised hinnad.\",\"publisher\":{\"@id\":\"https:\\\/\\\/rczone.ee\\\/#organization\"},\"potentialAction\":[{\"@type\":\"SearchAction\",\"target\":{\"@type\":\"EntryPoint\",\"urlTemplate\":\"https:\\\/\\\/rczone.ee\\\/?s={search_term_string}\"},\"query-input\":{\"@type\":\"PropertyValueSpecification\",\"valueRequired\":true,\"valueName\":\"search_term_string\"}}],\"inLanguage\":\"lv-LV\"},{\"@type\":\"Organization\",\"@id\":\"https:\\\/\\\/rczone.ee\\\/#organization\",\"name\":\"RcZone\",\"url\":\"https:\\\/\\\/rczone.ee\\\/\",\"logo\":{\"@type\":\"ImageObject\",\"inLanguage\":\"lv-LV\",\"@id\":\"https:\\\/\\\/rczone.ee\\\/#\\\/schema\\\/logo\\\/image\\\/\",\"url\":\"https:\\\/\\\/rczone.ee\\\/wp-content\\\/uploads\\\/2024\\\/01\\\/3D.png\",\"contentUrl\":\"https:\\\/\\\/rczone.ee\\\/wp-content\\\/uploads\\\/2024\\\/01\\\/3D.png\",\"width\":2080,\"height\":602,\"caption\":\"RcZone\"},\"image\":{\"@id\":\"https:\\\/\\\/rczone.ee\\\/#\\\/schema\\\/logo\\\/image\\\/\"},\"sameAs\":[\"https:\\\/\\\/www.facebook.com\\\/rczone.ee\"]}]}<\/script>\n<!-- \/ Yoast SEO plugin. -->","yoast_head_json":{"title":"Baseus GaN6 Pro 65W 2xUSB-A + 2xUSB-C QC PD ar USB-C 1m kabeli - RC zona | Radiovad\u0101mie automobi\u013ci","robots":{"index":"index","follow":"follow","max-snippet":"max-snippet:-1","max-image-preview":"max-image-preview:large","max-video-preview":"max-video-preview:-1"},"canonical":"https:\/\/rczone.ee\/lv\/products\/baseus-atrais-ladetajs-gan6-pro-65w-2xusb-a-2xusb-c-qc-pd-ar-usb-c-kabeli-1m\/","og_locale":"lv_LV","og_type":"article","og_title":"Baseus kiirlaadija GaN6 Pro 65W 2xUSB-A + 2xUSB-C QC PD koos USB-C kaabliga 1m - RC Zone | Raadio teel juhitavad autod","og_description":"BASEUS Wall Fast Charger GaN6 Pro 65W Kiire ja v\u00f5imas seinale paigaldatav laadija teie mobiiltelefonidele, tahvelarvutitele ja muudele USB-C ja USB-A seadmetele. OMADUSED &#8211;\u00a0Supercharge Your Workflow &#8211;\u00a0USB-C \u00fcheportiline 65W kiirlaadimine &#8211;\u00a0V\u00f5imas tuum &#8211;\u00a0GaN6 tehnoloogia pakub erakordset laadimiskogemust laadimise j\u00f5udluse ja mugavuse osas &#8211;\u00a0Igap\u00e4evane turvahoidja &#8211;\u00a0Varustatud mitmete kaitsevahenditega, nagu \u00fclepinge, \u00fclev\u00f5imsus, \u00fclevool, l\u00fchis, l\u00fchis, temperatuur ja [...]","og_url":"https:\/\/rczone.ee\/lv\/products\/baseus-atrais-ladetajs-gan6-pro-65w-2xusb-a-2xusb-c-qc-pd-ar-usb-c-kabeli-1m\/","og_site_name":"RC Zone | Raadio teel juhitavad autod","article_publisher":"https:\/\/www.facebook.com\/rczone.ee","article_modified_time":"2026-01-11T15:43:16+00:00","og_image":[{"width":800,"height":1000,"url":"https:\/\/rczone.ee\/wp-content\/uploads\/2026\/01\/display-3.jpg","type":"image\/jpeg"}],"twitter_card":"summary_large_image","twitter_misc":{"Est. reading time":"4 min\u016btes"},"schema":{"@context":"https:\/\/schema.org","@graph":[{"@type":"WebPage","@id":"https:\/\/rczone.ee\/toode\/baseus-kiirlaadija-gan6-pro-65w-2xusb-a-2xusb-c-qc-pd-koos-usb-c-kaabliga-1m\/","url":"https:\/\/rczone.ee\/toode\/baseus-kiirlaadija-gan6-pro-65w-2xusb-a-2xusb-c-qc-pd-koos-usb-c-kaabliga-1m\/","name":"Baseus GaN6 Pro 65W 2xUSB-A + 2xUSB-C QC PD ar USB-C 1m kabeli - RC zona | Radiovad\u0101mie automobi\u013ci","isPartOf":{"@id":"https:\/\/rczone.ee\/#website"},"primaryImageOfPage":{"@id":"https:\/\/rczone.ee\/toode\/baseus-kiirlaadija-gan6-pro-65w-2xusb-a-2xusb-c-qc-pd-koos-usb-c-kaabliga-1m\/#primaryimage"},"image":{"@id":"https:\/\/rczone.ee\/toode\/baseus-kiirlaadija-gan6-pro-65w-2xusb-a-2xusb-c-qc-pd-koos-usb-c-kaabliga-1m\/#primaryimage"},"thumbnailUrl":"https:\/\/rczone.ee\/wp-content\/uploads\/2026\/01\/display-3.jpg","datePublished":"2026-01-11T14:32:08+00:00","dateModified":"2026-01-11T15:43:16+00:00","breadcrumb":{"@id":"https:\/\/rczone.ee\/toode\/baseus-kiirlaadija-gan6-pro-65w-2xusb-a-2xusb-c-qc-pd-koos-usb-c-kaabliga-1m\/#breadcrumb"},"inLanguage":"lv-LV","potentialAction":[{"@type":"ReadAction","target":["https:\/\/rczone.ee\/toode\/baseus-kiirlaadija-gan6-pro-65w-2xusb-a-2xusb-c-qc-pd-koos-usb-c-kaabliga-1m\/"]}]},{"@type":"ImageObject","inLanguage":"lv-LV","@id":"https:\/\/rczone.ee\/toode\/baseus-kiirlaadija-gan6-pro-65w-2xusb-a-2xusb-c-qc-pd-koos-usb-c-kaabliga-1m\/#primaryimage","url":"https:\/\/rczone.ee\/wp-content\/uploads\/2026\/01\/display-3.jpg","contentUrl":"https:\/\/rczone.ee\/wp-content\/uploads\/2026\/01\/display-3.jpg","width":800,"height":1000},{"@type":"BreadcrumbList","@id":"https:\/\/rczone.ee\/toode\/baseus-kiirlaadija-gan6-pro-65w-2xusb-a-2xusb-c-qc-pd-koos-usb-c-kaabliga-1m\/#breadcrumb","itemListElement":[{"@type":"ListItem","position":1,"name":"Home","item":"https:\/\/rczone.ee\/"},{"@type":"ListItem","position":2,"name":"Shop","item":"https:\/\/rczone.ee\/shop\/"},{"@type":"ListItem","position":3,"name":"Baseus kiirlaadija GaN6 Pro 65W 2xUSB-A + 2xUSB-C QC PD koos USB-C kaabliga 1m"}]},{"@type":"WebSite","@id":"https:\/\/rczone.ee\/#website","url":"https:\/\/rczone.ee\/","name":"RcZone","description":"RcZone - Radio vad\u0101mo automobi\u013cu tie\u0161saistes veikals. M\u0113s p\u0101rdodam pla\u0161u augstas kvalit\u0101tes un jaud\u012bgu RC automobi\u013cu kl\u0101stu. \u0100tra pieg\u0101de un konkur\u0113tsp\u0113j\u012bgas cenas.","publisher":{"@id":"https:\/\/rczone.ee\/#organization"},"potentialAction":[{"@type":"SearchAction","target":{"@type":"EntryPoint","urlTemplate":"https:\/\/rczone.ee\/?s={search_term_string}"},"query-input":{"@type":"PropertyValueSpecification","valueRequired":true,"valueName":"search_term_string"}}],"inLanguage":"lv-LV"},{"@type":"Organization","@id":"https:\/\/rczone.ee\/#organization","name":"RcZone","url":"https:\/\/rczone.ee\/","logo":{"@type":"ImageObject","inLanguage":"lv-LV","@id":"https:\/\/rczone.ee\/#\/schema\/logo\/image\/","url":"https:\/\/rczone.ee\/wp-content\/uploads\/2024\/01\/3D.png","contentUrl":"https:\/\/rczone.ee\/wp-content\/uploads\/2024\/01\/3D.png","width":2080,"height":602,"caption":"RcZone"},"image":{"@id":"https:\/\/rczone.ee\/#\/schema\/logo\/image\/"},"sameAs":["https:\/\/www.facebook.com\/rczone.ee"]}]}},"_links":{"self":[{"href":"https:\/\/rczone.ee\/lv\/wp-json\/wp\/v2\/product\/5569","targetHints":{"allow":["GET"]}}],"collection":[{"href":"https:\/\/rczone.ee\/lv\/wp-json\/wp\/v2\/product"}],"about":[{"href":"https:\/\/rczone.ee\/lv\/wp-json\/wp\/v2\/types\/product"}],"replies":[{"embeddable":true,"href":"https:\/\/rczone.ee\/lv\/wp-json\/wp\/v2\/comments?post=5569"}],"wp:featuredmedia":[{"embeddable":true,"href":"https:\/\/rczone.ee\/lv\/wp-json\/wp\/v2\/media\/5572"}],"wp:attachment":[{"href":"https:\/\/rczone.ee\/lv\/wp-json\/wp\/v2\/media?parent=5569"}],"wp:term":[{"taxonomy":"fits_model","embeddable":true,"href":"https:\/\/rczone.ee\/lv\/wp-json\/wp\/v2\/fits_model?post=5569"},{"taxonomy":"product_brand","embeddable":true,"href":"https:\/\/rczone.ee\/lv\/wp-json\/wp\/v2\/product_brand?post=5569"},{"taxonomy":"product_cat","embeddable":true,"href":"https:\/\/rczone.ee\/lv\/wp-json\/wp\/v2\/product_cat?post=5569"},{"taxonomy":"product_tag","embeddable":true,"href":"https:\/\/rczone.ee\/lv\/wp-json\/wp\/v2\/product_tag?post=5569"},{"taxonomy":"woo-feed-brand","embeddable":true,"href":"https:\/\/rczone.ee\/lv\/wp-json\/wp\/v2\/woo-feed-brand?post=5569"}],"curies":[{"name":"wp","href":"https:\/\/api.w.org\/{rel}","templated":true}]}}