{"id":5592,"date":"2026-01-14T21:02:06","date_gmt":"2026-01-14T19:02:06","guid":{"rendered":"https:\/\/rczone.ee\/?post_type=product&#038;p=5592"},"modified":"2026-01-25T11:24:00","modified_gmt":"2026-01-25T09:24:00","slug":"blackzon-smyter-mt-1-12-4wd-elektriskais-monster-truck","status":"publish","type":"product","link":"https:\/\/rczone.ee\/lv\/toode\/blackzon-smyter-mt-1-12-4wd-electric-monster-truck\/","title":{"rendered":"BLACKZON Smyter MT 1\/12 4WD elektrisk\u0101 monstrkravas automa\u0161\u012bna"},"content":{"rendered":"\t<div id=\"text-1599119723\" class=\"text\">\n\t\t\n<h2><strong>BLACKZON Smyter MT 1\/12 4WD Electric Monster Truck \u2013 Kohe s\u00f5iduvalmis!<\/strong><\/h2>\n\t\t\n<style>\n#text-1599119723 {\n  text-align: center;\n}\n<\/style>\n\t<\/div>\n\t\n\t<div class=\"img has-hover x md-x lg-x y md-y lg-y\" id=\"image_1753832226\">\n\t\t\t\t\t\t\t\t<div class=\"img-inner dark\" style=\"margin:0px 0px 30px 0px;\">\n\t\t\t<img decoding=\"async\" width=\"1020\" height=\"440\" src=\"https:\/\/rczone.ee\/wp-content\/uploads\/2026\/01\/smyter_mt_blue_web_header-112.jpg\" class=\"attachment-large size-large\" alt=\"\" srcset=\"https:\/\/rczone.ee\/wp-content\/uploads\/2026\/01\/smyter_mt_blue_web_header-112.jpg 1058w, https:\/\/rczone.ee\/wp-content\/uploads\/2026\/01\/smyter_mt_blue_web_header-112-800x345.jpg 800w, https:\/\/rczone.ee\/wp-content\/uploads\/2026\/01\/smyter_mt_blue_web_header-112-768x331.jpg 768w, https:\/\/rczone.ee\/wp-content\/uploads\/2026\/01\/smyter_mt_blue_web_header-112-18x8.jpg 18w, https:\/\/rczone.ee\/wp-content\/uploads\/2026\/01\/smyter_mt_blue_web_header-112-900x388.jpg 900w\" sizes=\"(max-width: 1020px) 100vw, 1020px\" \/>\t\t\t\t\t\t\n\t\t\t\t\t<\/div>\n\t\t\t\t\t\t\t\t\n<style>\n#image_1753832226 {\n  width: 100%;\n}\n<\/style>\n\t<\/div>\n\t\n<p data-start=\"103\" data-end=\"516\">Kui tahad <strong data-start=\"113\" data-end=\"154\">raadio teel juhitavat Monster Truck\u2019i<\/strong>, mis on <strong data-start=\"163\" data-end=\"188\">kohe s\u00f5iduvalmis<\/strong> ning pakub r\u00f5\u00f5mu nii algajale kui ka edasij\u00f5udnud adrenaliinis\u00f5brale, siis <strong data-start=\"257\" data-end=\"311\">BLACKZON Smyter MT 1\/12 4WD Electric Monster Truck<\/strong> on t\u00e4pselt \u00f5ige valik. Smyter MT on loodud <strong data-start=\"355\" data-end=\"412\">h\u00fcpeteks, trikkideks ja julgelt maastikul m\u00f6llamiseks<\/strong> \u2013 4WD, tugev konstruktsioon ja maastikurehvid aitavad tal kergelt lennelda \u00fcle takistuste.<\/p>\n<p data-start=\"518\" data-end=\"675\">Smyter MT on ideaalne \u201eesimene p\u00e4ris RC auto\u201c \u2013 ja samas piisavalt v\u00f5imekas, mis ei muutu igavaks ka siis, kui oskused kasvavad.<\/p>\n<p data-start=\"518\" data-end=\"675\">K\u00f5ik Smyter mudelid n\u00e4evad v\u00e4lja fantastilised ja neid on saadaval kolmes v\u00e4rvitoonis: vali elektrisinine ja must v\u00f5i ere happeroheline ja must v\u00f5i v\u00f5ib-olla neoonkollane ja must?! Iga stiil on varustatud sobivate beadlock-veljedega.<\/p>\n\t<div class=\"img has-hover x md-x lg-x y md-y lg-y\" id=\"image_1022580334\">\n\t\t\t\t\t\t\t\t<div class=\"img-inner dark\" style=\"margin:0px 0px 30px 0px;\">\n\t\t\t<img decoding=\"async\" width=\"1020\" height=\"342\" src=\"https:\/\/rczone.ee\/wp-content\/uploads\/2026\/01\/smyter_mt_colours.jpg\" class=\"attachment-large size-large\" alt=\"\" srcset=\"https:\/\/rczone.ee\/wp-content\/uploads\/2026\/01\/smyter_mt_colours.jpg 1044w, https:\/\/rczone.ee\/wp-content\/uploads\/2026\/01\/smyter_mt_colours-800x268.jpg 800w, https:\/\/rczone.ee\/wp-content\/uploads\/2026\/01\/smyter_mt_colours-768x257.jpg 768w, https:\/\/rczone.ee\/wp-content\/uploads\/2026\/01\/smyter_mt_colours-18x6.jpg 18w, https:\/\/rczone.ee\/wp-content\/uploads\/2026\/01\/smyter_mt_colours-900x302.jpg 900w\" sizes=\"(max-width: 1020px) 100vw, 1020px\" \/>\t\t\t\t\t\t\n\t\t\t\t\t<\/div>\n\t\t\t\t\t\t\t\t\n<style>\n#image_1022580334 {\n  width: 100%;\n}\n<\/style>\n\t<\/div>\n\t\n<h3 data-start=\"682\" data-end=\"741\"><strong>Miks BLACKZON Smyter MT meeldib kohe esimesest s\u00f5idust?<\/strong><\/h3>\n<ul>\n<li data-start=\"744\" data-end=\"814\"><strong data-start=\"744\" data-end=\"763\">4WD <\/strong>\u2013 parem haarduvus ja kindlam juhitavus maastikul<\/li>\n<li data-start=\"817\" data-end=\"903\"><strong data-start=\"817\" data-end=\"861\">S\u00f5ltumatu topelt-\u00f5\u00f5tshoobadega vedrustus<\/strong> \u2013 stabiilsem maandumine ja sujuvam s\u00f5it<\/li>\n<li data-start=\"906\" data-end=\"978\"><strong data-start=\"906\" data-end=\"941\">Reguleeritavad coilover-amordid<\/strong> \u2013 kohanda j\u00e4ikust vastavalt rajale<\/li>\n<li data-start=\"981\" data-end=\"1066\"><strong data-start=\"981\" data-end=\"1023\">Ees ja taga 4-hammasrattalised diffrid<\/strong> \u2013 j\u00f5ud jaguneb \u00fchtlasemalt rataste vahel<\/li>\n<li data-start=\"1069\" data-end=\"1136\"><strong data-start=\"1069\" data-end=\"1099\">Pritsmekindel elektroonika<\/strong> \u2013 lombid ja pritsmed ei riku p\u00e4eva<\/li>\n<li data-start=\"1139\" data-end=\"1229\"><strong data-start=\"1139\" data-end=\"1156\">LED-valgustus<\/strong> \u2013 katusel ja ees LED-tuled<\/li>\n<li data-start=\"1232\" data-end=\"1322\"><strong data-start=\"1232\" data-end=\"1256\">Kiiruspiirik puldilt<\/strong> \u2013 tippkiirus on puldilt reguileeritav<\/li>\n<li data-start=\"1325\" data-end=\"1395\"><strong data-start=\"1325\" data-end=\"1352\">Tippkiirus kuni 27 km\/h<\/strong><\/li>\n<\/ul>\n<div class=\"video video-fit mb\" style=\"padding-top:56.25%;\"><p><iframe title=\"Expanding the Blackzon line-up with the Smyter!\" width=\"1020\" height=\"574\" src=\"https:\/\/www.youtube.com\/embed\/gpJ4wwWMafQ?feature=oembed\" frameborder=\"0\" allow=\"accelerometer; autoplay; clipboard-write; encrypted-media; gyroscope; picture-in-picture; web-share\" referrerpolicy=\"strict-origin-when-cross-origin\" allowfullscreen><\/iframe><\/p>\n<\/div>\n<h3 data-start=\"1664\" data-end=\"1685\">Tehnilised andmed<\/h3>\n<ul>\n<li data-start=\"1688\" data-end=\"1708\"><strong data-start=\"1688\" data-end=\"1701\">M\u00f5\u00f5tkava:<\/strong> 1\/12<\/li>\n<li data-start=\"1711\" data-end=\"1744\"><strong data-start=\"1711\" data-end=\"1724\">Veoskeem:<\/strong> 4WD<\/li>\n<li data-start=\"1747\" data-end=\"1788\"><strong data-start=\"1747\" data-end=\"1758\">Mootor:<\/strong> harjadega elektrimootor 390<\/li>\n<li data-start=\"1791\" data-end=\"1847\"><strong data-start=\"1791\" data-end=\"1808\">Elektroonika:<\/strong> 2-in-1 ESC\/receiver + 2.4 GHz raadio<\/li>\n<li data-start=\"1850\" data-end=\"1880\"><strong data-start=\"1850\" data-end=\"1865\">Tippkiirus:<\/strong> kuni 27 km\/h<\/li>\n<\/ul>\n\t<div class=\"img has-hover x md-x lg-x y md-y lg-y\" id=\"image_702844041\">\n\t\t\t\t\t\t\t\t<div class=\"img-inner dark\" >\n\t\t\t<img decoding=\"async\" width=\"1007\" height=\"315\" src=\"https:\/\/rczone.ee\/wp-content\/uploads\/2026\/01\/smyter_mt_features.jpg\" class=\"attachment-large size-large\" alt=\"\" srcset=\"https:\/\/rczone.ee\/wp-content\/uploads\/2026\/01\/smyter_mt_features.jpg 1007w, https:\/\/rczone.ee\/wp-content\/uploads\/2026\/01\/smyter_mt_features-800x250.jpg 800w, https:\/\/rczone.ee\/wp-content\/uploads\/2026\/01\/smyter_mt_features-768x240.jpg 768w, https:\/\/rczone.ee\/wp-content\/uploads\/2026\/01\/smyter_mt_features-18x6.jpg 18w, https:\/\/rczone.ee\/wp-content\/uploads\/2026\/01\/smyter_mt_features-900x282.jpg 900w\" sizes=\"(max-width: 1007px) 100vw, 1007px\" \/>\t\t\t\t\t\t\n\t\t\t\t\t<\/div>\n\t\t\t\t\t\t\t\t\n<style>\n#image_702844041 {\n  width: 100%;\n}\n<\/style>\n\t<\/div>\n\t\n<h3 data-start=\"1882\" data-end=\"1893\"><strong data-start=\"1882\" data-end=\"1893\">M\u00f5\u00f5dud<\/strong><\/h3>\n<ul>\n<li>Pikkus: <strong data-start=\"1904\" data-end=\"1914\">340 mm<\/strong><\/li>\n<li>Laius: <strong data-start=\"1926\" data-end=\"1936\">275 mm<\/strong><\/li>\n<li>K\u00f5rgus: <strong data-start=\"1949\" data-end=\"1959\">160 mm<\/strong><\/li>\n<li>Teljevahe: <strong data-start=\"1975\" data-end=\"1985\">240 mm<\/strong><\/li>\n<\/ul>\n\t<div class=\"img has-hover x md-x lg-x y md-y lg-y\" id=\"image_256206588\">\n\t\t\t\t\t\t\t\t<div class=\"img-inner dark\" style=\"margin:0px 0px 30px 0px;\">\n\t\t\t<img decoding=\"async\" width=\"826\" height=\"477\" src=\"https:\/\/rczone.ee\/wp-content\/uploads\/2026\/01\/smyter_mt_dimensions.jpg\" class=\"attachment-large size-large\" alt=\"\" srcset=\"https:\/\/rczone.ee\/wp-content\/uploads\/2026\/01\/smyter_mt_dimensions.jpg 826w, https:\/\/rczone.ee\/wp-content\/uploads\/2026\/01\/smyter_mt_dimensions-693x400.jpg 693w, https:\/\/rczone.ee\/wp-content\/uploads\/2026\/01\/smyter_mt_dimensions-768x444.jpg 768w, https:\/\/rczone.ee\/wp-content\/uploads\/2026\/01\/smyter_mt_dimensions-18x10.jpg 18w\" sizes=\"(max-width: 826px) 100vw, 826px\" \/>\t\t\t\t\t\t\n\t\t\t\t\t<\/div>\n\t\t\t\t\t\t\t\t\n<style>\n#image_256206588 {\n  width: 100%;\n}\n<\/style>\n\t<\/div>\n\t\n<h3 data-start=\"1402\" data-end=\"1452\"><strong>Komplektis<\/strong><\/h3>\n<ul>\n<li data-start=\"1402\" data-end=\"1452\">Smyter MT tuleb <strong data-start=\"1469\" data-end=\"1488\">2.4 GHz puldiga<\/strong>, mis tagab stabiilse \u00fchenduse ja lihtsad juhtnupud. Lisaks on kaasas <strong data-start=\"1558\" data-end=\"1594\">7.4V 1500mAh Li-Ion aku (T-Plug)<\/strong> ja <strong data-start=\"1598\" data-end=\"1613\">USB-laadija<\/strong> \u2013 mugav lahendus igap\u00e4evaseks kasutamiseks.<\/li>\n<li><strong>Juurde vaja:<\/strong> <strong>2 \u00d7 AA patareid puldile<\/strong><\/li>\n<\/ul>\n<div class=\"text-center\"><div class=\"is-divider divider clearfix\" ><\/div><\/div>\n<div class=\"flex max-w-full flex-col grow\">\n<div class=\"min-h-8 text-message relative flex w-full flex-col items-end gap-2 text-start break-words whitespace-normal [.text-message+&amp;]:mt-1\" dir=\"auto\" data-message-author-role=\"assistant\" data-message-id=\"6016dd79-3f82-4827-921c-0ef807514881\" data-message-model-slug=\"gpt-5-2-thinking\">\n<div class=\"flex w-full flex-col gap-1 empty:hidden first:pt-[1px]\">\n<div class=\"markdown prose dark:prose-invert w-full wrap-break-word light markdown-new-styling\">\n<p data-start=\"2327\" data-end=\"2614\" data-is-last-node=\"\" data-is-only-node=\"\">Kui otsid vastupidavat ja l\u00f5busat <strong data-start=\"2361\" data-end=\"2383\">RC monster truck\u2019i<\/strong>, millega saab h\u00fcpata, driftida, ronida ja \u201ecrashida\u201c ilma liigse muretsemiseta, siis <strong data-start=\"2469\" data-end=\"2523\">BLACKZON Smyter MT 1\/12 4WD Electric Monster Truck<\/strong> on tugev kandidaat. Vaata ja telli RcZone.ee-st ning vii maastikus\u00f5it j\u00e4rgmisele tasemele!<\/p>\n<\/div>\n<\/div>\n<\/div>\n<\/div>\n\t<div class=\"img has-hover x md-x lg-x y md-y lg-y\" id=\"image_436127290\">\n\t\t\t\t\t\t\t\t<div class=\"img-inner dark\" >\n\t\t\t<img decoding=\"async\" width=\"918\" height=\"600\" src=\"https:\/\/rczone.ee\/wp-content\/uploads\/2026\/01\/smyter_mt_box_contents.jpg\" class=\"attachment-large size-large\" alt=\"\" srcset=\"https:\/\/rczone.ee\/wp-content\/uploads\/2026\/01\/smyter_mt_box_contents.jpg 918w, https:\/\/rczone.ee\/wp-content\/uploads\/2026\/01\/smyter_mt_box_contents-612x400.jpg 612w, https:\/\/rczone.ee\/wp-content\/uploads\/2026\/01\/smyter_mt_box_contents-768x502.jpg 768w, https:\/\/rczone.ee\/wp-content\/uploads\/2026\/01\/smyter_mt_box_contents-18x12.jpg 18w, https:\/\/rczone.ee\/wp-content\/uploads\/2026\/01\/smyter_mt_box_contents-900x588.jpg 900w\" sizes=\"(max-width: 918px) 100vw, 918px\" \/>\t\t\t\t\t\t\n\t\t\t\t\t<\/div>\n\t\t\t\t\t\t\t\t\n<style>\n#image_436127290 {\n  width: 100%;\n}\n<\/style>\n\t<\/div>\n\t\n\t<div id=\"gap-1146675303\" class=\"gap-element clearfix\" style=\"display:block; height:auto;\">\n\t\t\n<style>\n#gap-1146675303 {\n  padding-top: 30px;\n}\n<\/style>\n\t<\/div>\n\t\n","protected":false},"excerpt":{"rendered":"<ul>\n<li style=\"line-height: 1; padding-top: 20px;\">Nov\u0113rt\u0113jums: Par<\/li>\n<li style=\"line-height: 1;\">Lietot\u0101ju vecuma diapazons: 8-13 gadi<\/li>\n<li style=\"line-height: 1;\">Kategorija: monster truck<\/li>\n<li style=\"line-height: 1;\">M\u0113rogi: 1:12<\/li>\n<li style=\"line-height: 1;\">Vilces ass: 4WD<\/li>\n<li style=\"line-height: 1;\">Maksim\u0101lais \u0101trums: 27 km\/h<\/li>\n<li style=\"line-height: 1;\">Pabeig\u0161ana: gatavs darbam<\/li>\n<li style=\"line-height: 1;\">Ener\u0123ija: elektroener\u0123ija<\/li>\n<\/ul>","protected":false},"featured_media":5663,"comment_status":"open","ping_status":"closed","template":"","meta":{"_monsterinsights_skip_tracking":false,"_monsterinsights_sitenote_active":false,"_monsterinsights_sitenote_note":"","_monsterinsights_sitenote_category":0},"fits_model":[],"product_brand":[],"product_cat":[32],"product_tag":[84],"woo-feed-brand":[105],"class_list":{"0":"post-5592","1":"product","2":"type-product","3":"status-publish","4":"has-post-thumbnail","6":"product_cat-monster-truck","7":"product_tag-standard","8":"product_shipping_class-de_big","9":"woo-feed-brand-blackzon","11":"first","12":"instock","13":"taxable","14":"shipping-taxable","15":"purchasable","16":"product-type-variable","17":"has-default-attributes"},"yoast_head":"<!-- This site is optimized with the Yoast SEO plugin v27.3 - https:\/\/yoast.com\/product\/yoast-seo-wordpress\/ -->\n<title>BLACKZON Smyter MT 1\/12 4WD Electric Monster Truck - RC Zone | Raadio teel juhitavad autod<\/title>\n<meta name=\"robots\" content=\"index, follow, max-snippet:-1, max-image-preview:large, max-video-preview:-1\" \/>\n<link rel=\"canonical\" href=\"https:\/\/rczone.ee\/lv\/products\/blackzon-smyter-mt-1-12-4wd-elektriskais-monster-truck\/\" \/>\n<meta property=\"og:locale\" content=\"lv_LV\" \/>\n<meta property=\"og:type\" content=\"article\" \/>\n<meta property=\"og:title\" content=\"BLACKZON Smyter MT 1\/12 4WD Electric Monster Truck - RC Zone | Raadio teel juhitavad autod\" \/>\n<meta property=\"og:description\" content=\"Rate: Pro  Kasutaja vanuseklass: 8-13  Kategooria: Monster Truck  Skaala: 1:12  Vedav sild: 4WD  Max kiirus: 27 km\/h  Komplekteeritus: Ready-To-Run  Energia: Elekter\" \/>\n<meta property=\"og:url\" content=\"https:\/\/rczone.ee\/lv\/products\/blackzon-smyter-mt-1-12-4wd-elektriskais-monster-truck\/\" \/>\n<meta property=\"og:site_name\" content=\"RC Zone | Raadio teel juhitavad autod\" \/>\n<meta property=\"article:publisher\" content=\"https:\/\/www.facebook.com\/rczone.ee\" \/>\n<meta property=\"article:modified_time\" content=\"2026-01-25T09:24:00+00:00\" \/>\n<meta property=\"og:image\" content=\"https:\/\/rczone.ee\/wp-content\/uploads\/2026\/01\/540111_01_full.jpg\" \/>\n\t<meta property=\"og:image:width\" content=\"800\" \/>\n\t<meta property=\"og:image:height\" content=\"800\" \/>\n\t<meta property=\"og:image:type\" content=\"image\/jpeg\" \/>\n<meta name=\"twitter:card\" content=\"summary_large_image\" \/>\n<meta name=\"twitter:label1\" content=\"Est. reading time\" \/>\n\t<meta name=\"twitter:data1\" content=\"2 min\u016btes\" \/>\n<script type=\"application\/ld+json\" class=\"yoast-schema-graph\">{\"@context\":\"https:\\\/\\\/schema.org\",\"@graph\":[{\"@type\":\"WebPage\",\"@id\":\"https:\\\/\\\/rczone.ee\\\/toode\\\/blackzon-smyter-mt-1-12-4wd-electric-monster-truck\\\/\",\"url\":\"https:\\\/\\\/rczone.ee\\\/toode\\\/blackzon-smyter-mt-1-12-4wd-electric-monster-truck\\\/\",\"name\":\"BLACKZON Smyter MT 1\\\/12 4WD Electric Monster Truck - RC Zone | Raadio teel juhitavad autod\",\"isPartOf\":{\"@id\":\"https:\\\/\\\/rczone.ee\\\/#website\"},\"primaryImageOfPage\":{\"@id\":\"https:\\\/\\\/rczone.ee\\\/toode\\\/blackzon-smyter-mt-1-12-4wd-electric-monster-truck\\\/#primaryimage\"},\"image\":{\"@id\":\"https:\\\/\\\/rczone.ee\\\/toode\\\/blackzon-smyter-mt-1-12-4wd-electric-monster-truck\\\/#primaryimage\"},\"thumbnailUrl\":\"https:\\\/\\\/rczone.ee\\\/wp-content\\\/uploads\\\/2026\\\/01\\\/540111_01_full.jpg\",\"datePublished\":\"2026-01-14T19:02:06+00:00\",\"dateModified\":\"2026-01-25T09:24:00+00:00\",\"breadcrumb\":{\"@id\":\"https:\\\/\\\/rczone.ee\\\/toode\\\/blackzon-smyter-mt-1-12-4wd-electric-monster-truck\\\/#breadcrumb\"},\"inLanguage\":\"lv-LV\",\"potentialAction\":[{\"@type\":\"ReadAction\",\"target\":[\"https:\\\/\\\/rczone.ee\\\/toode\\\/blackzon-smyter-mt-1-12-4wd-electric-monster-truck\\\/\"]}]},{\"@type\":\"ImageObject\",\"inLanguage\":\"lv-LV\",\"@id\":\"https:\\\/\\\/rczone.ee\\\/toode\\\/blackzon-smyter-mt-1-12-4wd-electric-monster-truck\\\/#primaryimage\",\"url\":\"https:\\\/\\\/rczone.ee\\\/wp-content\\\/uploads\\\/2026\\\/01\\\/540111_01_full.jpg\",\"contentUrl\":\"https:\\\/\\\/rczone.ee\\\/wp-content\\\/uploads\\\/2026\\\/01\\\/540111_01_full.jpg\",\"width\":800,\"height\":800},{\"@type\":\"BreadcrumbList\",\"@id\":\"https:\\\/\\\/rczone.ee\\\/toode\\\/blackzon-smyter-mt-1-12-4wd-electric-monster-truck\\\/#breadcrumb\",\"itemListElement\":[{\"@type\":\"ListItem\",\"position\":1,\"name\":\"Home\",\"item\":\"https:\\\/\\\/rczone.ee\\\/\"},{\"@type\":\"ListItem\",\"position\":2,\"name\":\"Shop\",\"item\":\"https:\\\/\\\/rczone.ee\\\/shop\\\/\"},{\"@type\":\"ListItem\",\"position\":3,\"name\":\"BLACKZON Smyter MT 1\\\/12 4WD Electric Monster Truck\"}]},{\"@type\":\"WebSite\",\"@id\":\"https:\\\/\\\/rczone.ee\\\/#website\",\"url\":\"https:\\\/\\\/rczone.ee\\\/\",\"name\":\"RcZone\",\"description\":\"RcZone - Raadio teel juhitavate autode veebipood. M&uuml;&uuml;me laia valikut kvaliteetseid ja v&otilde;imsaid RC-autosid. Kiire tarne ja konkurentsiv&otilde;imelised hinnad.\",\"publisher\":{\"@id\":\"https:\\\/\\\/rczone.ee\\\/#organization\"},\"potentialAction\":[{\"@type\":\"SearchAction\",\"target\":{\"@type\":\"EntryPoint\",\"urlTemplate\":\"https:\\\/\\\/rczone.ee\\\/?s={search_term_string}\"},\"query-input\":{\"@type\":\"PropertyValueSpecification\",\"valueRequired\":true,\"valueName\":\"search_term_string\"}}],\"inLanguage\":\"lv-LV\"},{\"@type\":\"Organization\",\"@id\":\"https:\\\/\\\/rczone.ee\\\/#organization\",\"name\":\"RcZone\",\"url\":\"https:\\\/\\\/rczone.ee\\\/\",\"logo\":{\"@type\":\"ImageObject\",\"inLanguage\":\"lv-LV\",\"@id\":\"https:\\\/\\\/rczone.ee\\\/#\\\/schema\\\/logo\\\/image\\\/\",\"url\":\"https:\\\/\\\/rczone.ee\\\/wp-content\\\/uploads\\\/2024\\\/01\\\/3D.png\",\"contentUrl\":\"https:\\\/\\\/rczone.ee\\\/wp-content\\\/uploads\\\/2024\\\/01\\\/3D.png\",\"width\":2080,\"height\":602,\"caption\":\"RcZone\"},\"image\":{\"@id\":\"https:\\\/\\\/rczone.ee\\\/#\\\/schema\\\/logo\\\/image\\\/\"},\"sameAs\":[\"https:\\\/\\\/www.facebook.com\\\/rczone.ee\"]}]}<\/script>\n<!-- \/ Yoast SEO plugin. -->","yoast_head_json":{"title":"BLACKZON Smyter MT 1\/12 4WD elektriskais monstert\u016b\u0137is - RC Zone | Radiovad\u0101mie transportl\u012bdzek\u013ci","robots":{"index":"index","follow":"follow","max-snippet":"max-snippet:-1","max-image-preview":"max-image-preview:large","max-video-preview":"max-video-preview:-1"},"canonical":"https:\/\/rczone.ee\/lv\/products\/blackzon-smyter-mt-1-12-4wd-elektriskais-monster-truck\/","og_locale":"lv_LV","og_type":"article","og_title":"BLACKZON Smyter MT 1\/12 4WD Electric Monster Truck - RC Zone | Raadio teel juhitavad autod","og_description":"Rate: Pro  Kasutaja vanuseklass: 8-13  Kategooria: Monster Truck  Skaala: 1:12  Vedav sild: 4WD  Max kiirus: 27 km\/h  Komplekteeritus: Ready-To-Run  Energia: Elekter","og_url":"https:\/\/rczone.ee\/lv\/products\/blackzon-smyter-mt-1-12-4wd-elektriskais-monster-truck\/","og_site_name":"RC Zone | Raadio teel juhitavad autod","article_publisher":"https:\/\/www.facebook.com\/rczone.ee","article_modified_time":"2026-01-25T09:24:00+00:00","og_image":[{"width":800,"height":800,"url":"https:\/\/rczone.ee\/wp-content\/uploads\/2026\/01\/540111_01_full.jpg","type":"image\/jpeg"}],"twitter_card":"summary_large_image","twitter_misc":{"Est. reading time":"2 min\u016btes"},"schema":{"@context":"https:\/\/schema.org","@graph":[{"@type":"WebPage","@id":"https:\/\/rczone.ee\/toode\/blackzon-smyter-mt-1-12-4wd-electric-monster-truck\/","url":"https:\/\/rczone.ee\/toode\/blackzon-smyter-mt-1-12-4wd-electric-monster-truck\/","name":"BLACKZON Smyter MT 1\/12 4WD elektriskais monstert\u016b\u0137is - RC Zone | Radiovad\u0101mie transportl\u012bdzek\u013ci","isPartOf":{"@id":"https:\/\/rczone.ee\/#website"},"primaryImageOfPage":{"@id":"https:\/\/rczone.ee\/toode\/blackzon-smyter-mt-1-12-4wd-electric-monster-truck\/#primaryimage"},"image":{"@id":"https:\/\/rczone.ee\/toode\/blackzon-smyter-mt-1-12-4wd-electric-monster-truck\/#primaryimage"},"thumbnailUrl":"https:\/\/rczone.ee\/wp-content\/uploads\/2026\/01\/540111_01_full.jpg","datePublished":"2026-01-14T19:02:06+00:00","dateModified":"2026-01-25T09:24:00+00:00","breadcrumb":{"@id":"https:\/\/rczone.ee\/toode\/blackzon-smyter-mt-1-12-4wd-electric-monster-truck\/#breadcrumb"},"inLanguage":"lv-LV","potentialAction":[{"@type":"ReadAction","target":["https:\/\/rczone.ee\/toode\/blackzon-smyter-mt-1-12-4wd-electric-monster-truck\/"]}]},{"@type":"ImageObject","inLanguage":"lv-LV","@id":"https:\/\/rczone.ee\/toode\/blackzon-smyter-mt-1-12-4wd-electric-monster-truck\/#primaryimage","url":"https:\/\/rczone.ee\/wp-content\/uploads\/2026\/01\/540111_01_full.jpg","contentUrl":"https:\/\/rczone.ee\/wp-content\/uploads\/2026\/01\/540111_01_full.jpg","width":800,"height":800},{"@type":"BreadcrumbList","@id":"https:\/\/rczone.ee\/toode\/blackzon-smyter-mt-1-12-4wd-electric-monster-truck\/#breadcrumb","itemListElement":[{"@type":"ListItem","position":1,"name":"Home","item":"https:\/\/rczone.ee\/"},{"@type":"ListItem","position":2,"name":"Shop","item":"https:\/\/rczone.ee\/shop\/"},{"@type":"ListItem","position":3,"name":"BLACKZON Smyter MT 1\/12 4WD Electric Monster Truck"}]},{"@type":"WebSite","@id":"https:\/\/rczone.ee\/#website","url":"https:\/\/rczone.ee\/","name":"RcZone","description":"RcZone - Radio vad\u0101mo automobi\u013cu tie\u0161saistes veikals. M\u0113s p\u0101rdodam pla\u0161u augstas kvalit\u0101tes un jaud\u012bgu RC automobi\u013cu kl\u0101stu. \u0100tra pieg\u0101de un konkur\u0113tsp\u0113j\u012bgas cenas.","publisher":{"@id":"https:\/\/rczone.ee\/#organization"},"potentialAction":[{"@type":"SearchAction","target":{"@type":"EntryPoint","urlTemplate":"https:\/\/rczone.ee\/?s={search_term_string}"},"query-input":{"@type":"PropertyValueSpecification","valueRequired":true,"valueName":"search_term_string"}}],"inLanguage":"lv-LV"},{"@type":"Organization","@id":"https:\/\/rczone.ee\/#organization","name":"RcZone","url":"https:\/\/rczone.ee\/","logo":{"@type":"ImageObject","inLanguage":"lv-LV","@id":"https:\/\/rczone.ee\/#\/schema\/logo\/image\/","url":"https:\/\/rczone.ee\/wp-content\/uploads\/2024\/01\/3D.png","contentUrl":"https:\/\/rczone.ee\/wp-content\/uploads\/2024\/01\/3D.png","width":2080,"height":602,"caption":"RcZone"},"image":{"@id":"https:\/\/rczone.ee\/#\/schema\/logo\/image\/"},"sameAs":["https:\/\/www.facebook.com\/rczone.ee"]}]}},"_links":{"self":[{"href":"https:\/\/rczone.ee\/lv\/wp-json\/wp\/v2\/product\/5592","targetHints":{"allow":["GET"]}}],"collection":[{"href":"https:\/\/rczone.ee\/lv\/wp-json\/wp\/v2\/product"}],"about":[{"href":"https:\/\/rczone.ee\/lv\/wp-json\/wp\/v2\/types\/product"}],"replies":[{"embeddable":true,"href":"https:\/\/rczone.ee\/lv\/wp-json\/wp\/v2\/comments?post=5592"}],"wp:featuredmedia":[{"embeddable":true,"href":"https:\/\/rczone.ee\/lv\/wp-json\/wp\/v2\/media\/5663"}],"wp:attachment":[{"href":"https:\/\/rczone.ee\/lv\/wp-json\/wp\/v2\/media?parent=5592"}],"wp:term":[{"taxonomy":"fits_model","embeddable":true,"href":"https:\/\/rczone.ee\/lv\/wp-json\/wp\/v2\/fits_model?post=5592"},{"taxonomy":"product_brand","embeddable":true,"href":"https:\/\/rczone.ee\/lv\/wp-json\/wp\/v2\/product_brand?post=5592"},{"taxonomy":"product_cat","embeddable":true,"href":"https:\/\/rczone.ee\/lv\/wp-json\/wp\/v2\/product_cat?post=5592"},{"taxonomy":"product_tag","embeddable":true,"href":"https:\/\/rczone.ee\/lv\/wp-json\/wp\/v2\/product_tag?post=5592"},{"taxonomy":"woo-feed-brand","embeddable":true,"href":"https:\/\/rczone.ee\/lv\/wp-json\/wp\/v2\/woo-feed-brand?post=5592"}],"curies":[{"name":"wp","href":"https:\/\/api.w.org\/{rel}","templated":true}]}}