{"id":5612,"date":"2026-01-14T21:22:46","date_gmt":"2026-01-14T19:22:46","guid":{"rendered":"https:\/\/rczone.ee\/?post_type=product&#038;p=5612"},"modified":"2026-03-01T22:52:38","modified_gmt":"2026-03-01T20:52:38","slug":"blackzon-vyper-sc-1-16-4wd","status":"publish","type":"product","link":"https:\/\/rczone.ee\/lv\/toode\/blackzon-vyper-sc-1-16-4wd\/","title":{"rendered":"JAUNUMS! BLACKZON Vyper SC 1\/16 4WD"},"content":{"rendered":"<div id=\"text-3494928161\" class=\"text\">\n\t\t\n<h2><strong>BLACKZON Vyper SC 1\/16 4WD - \u201c\u0160is ir \u201dkod\u012bgs\"!\"<\/strong><\/h2>\n\t\t\n<style>\n#text-3494928161 {\n  text-align: center;\n}\n<\/style>\n\t<\/div>\n\t\n\t<div class=\"img has-hover x md-x lg-x y md-y lg-y\" id=\"image_660953877\">\n\t\t\t\t\t\t\t\t<div class=\"img-inner dark\" style=\"margin:0px 0px 30px 0px;\">\n\t\t\t<img decoding=\"async\" width=\"1020\" height=\"431\" src=\"https:\/\/rczone.ee\/wp-content\/uploads\/2026\/01\/vyper_web_header.jpg\" class=\"attachment-large size-large\" alt=\"\" srcset=\"https:\/\/rczone.ee\/wp-content\/uploads\/2026\/01\/vyper_web_header.jpg 1080w, https:\/\/rczone.ee\/wp-content\/uploads\/2026\/01\/vyper_web_header-800x338.jpg 800w, https:\/\/rczone.ee\/wp-content\/uploads\/2026\/01\/vyper_web_header-768x324.jpg 768w, https:\/\/rczone.ee\/wp-content\/uploads\/2026\/01\/vyper_web_header-18x8.jpg 18w, https:\/\/rczone.ee\/wp-content\/uploads\/2026\/01\/vyper_web_header-900x380.jpg 900w\" sizes=\"(max-width: 1020px) 100vw, 1020px\" \/>\t\t\t\t\t\t\n\t\t\t\t\t<\/div>\n\t\t\t\t\t\t\t\t\n<style>\n#image_660953877 {\n  width: 100%;\n}\n<\/style>\n\t<\/div>\n\t\n<p>Ja mekl\u0113jat <strong>kompakts, bet sp\u0113c\u012bgs RC auto \u012bsaj\u0101 distanc\u0113 ar nopietnu piedzi\u0146u.<\/strong>, tad <strong>BLACKZON Vyper SC 1\/16 4WD<\/strong>\u00a0ir rad\u012bts tie\u0161i \u0161im nol\u016bkam! \u0160is mazais dz\u012bvnieci\u0146\u0161 1\/16 m\u0113roga virsb\u016bv\u0113 iet\u0113rpts \u201cliela auto\u201d stil\u0101: <strong>4WD<\/strong> nodro\u0161ina stingru satv\u0113rienu, <strong>kompoz\u012btmateri\u0101ls kasija<\/strong> un <strong>e\u013c\u013ca-am\u012bdi<\/strong> nodro\u0161ina automa\u0161\u012bnas stabilit\u0101ti pat uz nel\u012bdzenas virsmas. Ar stabilu vad\u0101m\u012bbu un prognoz\u0113jamu vad\u0101m\u012bbu tas labi j\u016btas uz zemes, grants un asfalta.<\/p>\n<p>Pieejamas divas da\u017e\u0101das s\u012bvas kr\u0101sas, ar gaismi\u0146\u0101m un uzl\u012bmes, lai j\u016bs var\u0113tu to personaliz\u0113t p\u0113c savas gaumes:<\/p>\n\t<div class=\"img has-hover x md-x lg-x y md-y lg-y\" id=\"image_588031435\">\n\t\t\t\t\t\t\t\t<div class=\"img-inner dark\" style=\"margin:0px 0px 30px 0px;\">\n\t\t\t<img decoding=\"async\" width=\"1020\" height=\"397\" src=\"https:\/\/rczone.ee\/wp-content\/uploads\/2026\/01\/vyper_sc_group_bottom.jpg\" class=\"attachment-large size-large\" alt=\"\" srcset=\"https:\/\/rczone.ee\/wp-content\/uploads\/2026\/01\/vyper_sc_group_bottom.jpg 1028w, https:\/\/rczone.ee\/wp-content\/uploads\/2026\/01\/vyper_sc_group_bottom-800x311.jpg 800w, https:\/\/rczone.ee\/wp-content\/uploads\/2026\/01\/vyper_sc_group_bottom-768x299.jpg 768w, https:\/\/rczone.ee\/wp-content\/uploads\/2026\/01\/vyper_sc_group_bottom-18x7.jpg 18w, https:\/\/rczone.ee\/wp-content\/uploads\/2026\/01\/vyper_sc_group_bottom-900x350.jpg 900w\" sizes=\"(max-width: 1020px) 100vw, 1020px\" \/>\t\t\t\t\t\t\n\t\t\t\t\t<\/div>\n\t\t\t\t\t\t\t\t\n<style>\n#image_588031435 {\n  width: 100%;\n}\n<\/style>\n\t<\/div>\n\t\n<h3><strong>K\u0101p\u0113c izv\u0113l\u0113ties Vyper SC?<\/strong><\/h3>\n<ul>\n<li data-start=\"801\" data-end=\"863\"><strong data-start=\"801\" data-end=\"821\">4WD <\/strong>- stingrs satv\u0113riens un stabila vad\u012bba<\/li>\n<li data-start=\"866\" data-end=\"942\"><strong data-start=\"866\" data-end=\"906\">Jaud\u012bgs suku motors<\/strong> - vienm\u0113r\u012bgs pa\u0101trin\u0101jums<\/li>\n<li data-start=\"945\" data-end=\"1032\"><strong data-start=\"945\" data-end=\"981\">E\u013c\u013cas vid\u0113j\u0101 + neatkar\u012bga balstiek\u0101rta<\/strong> - lab\u0101ku sa\u0137eri un \u0113rt\u0101ku brauk\u0161anu pa nel\u012bdzenu virsmu.<\/li>\n<li data-start=\"1035\" data-end=\"1112\"><strong data-start=\"1035\" data-end=\"1069\">Met\u0101la transmisijas un difuzori<\/strong> - iztur\u012bba ilg\u0101k\u0101m brauk\u0161anas sesij\u0101m<\/li>\n<li data-start=\"1115\" data-end=\"1175\"><strong data-start=\"1115\" data-end=\"1144\">2,4 GHz st\u016bres rata konsole<\/strong> - viegli apg\u016bstams, prec\u012bzi vad\u0101ms<\/li>\n<li data-start=\"1178\" data-end=\"1236\"><strong data-start=\"1178\" data-end=\"1203\">LED apgaismojums priek\u0161\u0101 un aizmugur\u0113<\/strong> - for\u0161s izskats un lab\u0101ka redzam\u012bba<\/li>\n<li data-start=\"1239\" data-end=\"1285\"><strong data-start=\"1239\" data-end=\"1258\">Iek\u013cautas uzl\u012bmes<\/strong> - dizains p\u0113c j\u016bsu gaumes.<\/li>\n<\/ul>\n<div class=\"text-center\"><div class=\"is-divider divider clearfix\" ><\/div><\/div>\n<h3><strong>Galven\u0101s funkcijas un apr\u012bkojums<\/strong><\/h3>\n<ul>\n<li><strong>1\/16 \u012bs\u0101s distances kravas automa\u0161\u012bna<\/strong>, <strong>4WD<\/strong><\/li>\n<li><strong>Neatkar\u012bga dubult\u0101s atsperes atsperu balstiek\u0101rta<\/strong><\/li>\n<li><strong>Saliktais maisi\u0146\u0161<\/strong><\/li>\n<li><strong>Zobratu rite\u0146a p\u0101rsegs<\/strong> - notur net\u012brumus no zobu aug\u0161da\u013cas.<\/li>\n<li><strong>Divu \u0161arn\u012bru st\u016bres sist\u0113ma ar servo taup\u012bt\u0101ju<\/strong><\/li>\n<li><strong>Regul\u0113jami alum\u012bnija kartera v\u0101ci\u0146i<\/strong> (spir\u0101lveida amortizatori)<\/li>\n<li><strong>Priek\u0161\u0113jie un aizmugur\u0113jie met\u0101la difuzori<\/strong><\/li>\n<li><strong>Met\u0101la galvas vard\u012bte<\/strong>, <strong>met\u0101la kard\u0101niem<\/strong><\/li>\n<li data-start=\"1736\" data-end=\"1781\"><strong data-start=\"1736\" data-end=\"1779\">Blackzon BR14-200 2-in-1 ESC\/uztv\u0113r\u0113js<\/strong><\/li>\n<li data-start=\"1784\" data-end=\"1816\"><strong data-start=\"1784\" data-end=\"1814\">390 suku motors (sukas)<\/strong><\/li>\n<li data-start=\"1819\" data-end=\"1866\"><strong data-start=\"1819\" data-end=\"1864\">Blackzon BTX-233 2,4GHz 3 kan\u0101lu konsole<\/strong><\/li>\n<li data-start=\"1869\" data-end=\"1917\"><strong data-start=\"1869\" data-end=\"1915\">7,4 V 1500 mAh Li-Ion akumulators + 7,4 V USB l\u0101d\u0113t\u0101js<\/strong><\/li>\n<li data-start=\"1920\" data-end=\"1994\"><strong style=\"font-size: 14.4px;\">Iepriek\u0161 izgriezts un uzdruk\u0101ts korpuss<\/strong><span style=\"font-size: 14.4px;\"> - pievienot uzl\u012bmes un padar\u012bt to unik\u0101lu<\/span><\/li>\n<\/ul>\n<p>Pieejams no <strong>div\u0101s kr\u0101s\u0101s<\/strong><\/p>\n<div class=\"text-center\"><div class=\"is-divider divider clearfix\" ><\/div><\/div>\n<h3><strong>M\u0113r\u012bjumi<\/strong><\/h3>\n<ul>\n<li><strong>Garums:<\/strong> 348 mm<\/li>\n<li><strong>Platums:<\/strong> 185 mm<\/li>\n<li><strong>Augstums:<\/strong> 136 mm<\/li>\n<li><strong>Pilna laul\u012bba:<\/strong> 210 mm<\/li>\n<\/ul>\n\t<div class=\"img has-hover x md-x lg-x y md-y lg-y\" id=\"image_1951151782\">\n\t\t\t\t\t\t\t\t<div class=\"img-inner dark\" style=\"margin:0px 0px 30px 0px;\">\n\t\t\t<img decoding=\"async\" width=\"1000\" height=\"692\" src=\"https:\/\/rczone.ee\/wp-content\/uploads\/2026\/01\/Vyper_SC_dimensions.jpg\" class=\"attachment-large size-large\" alt=\"\" srcset=\"https:\/\/rczone.ee\/wp-content\/uploads\/2026\/01\/Vyper_SC_dimensions.jpg 1000w, https:\/\/rczone.ee\/wp-content\/uploads\/2026\/01\/Vyper_SC_dimensions-578x400.jpg 578w, https:\/\/rczone.ee\/wp-content\/uploads\/2026\/01\/Vyper_SC_dimensions-768x531.jpg 768w, https:\/\/rczone.ee\/wp-content\/uploads\/2026\/01\/Vyper_SC_dimensions-18x12.jpg 18w, https:\/\/rczone.ee\/wp-content\/uploads\/2026\/01\/Vyper_SC_dimensions-900x623.jpg 900w\" sizes=\"(max-width: 1000px) 100vw, 1000px\" \/>\t\t\t\t\t\t\n\t\t\t\t\t<\/div>\n\t\t\t\t\t\t\t\t\n<style>\n#image_1951151782 {\n  width: 100%;\n}\n<\/style>\n\t<\/div>\n\t\n<ul>\n<li><strong>Iek\u013cauts:<\/strong> BLACKZON Vyper SC 1\/16 4WD, 2,4 GHz konsole, Li-ion akumulators un USB l\u0101d\u0113t\u0101js.<\/li>\n<li><strong>Nepiecie\u0161am\u0101 sakne:<\/strong> <strong>2 \u00d7 AA baterijas t\u0101lvad\u012bbas pults<\/strong><\/li>\n<\/ul>\n<div class=\"text-center\"><div class=\"is-divider divider clearfix\" ><\/div><\/div>\n<p><span style=\"font-size: 14.4px;\">Ja mekl\u0113jat <\/span><strong style=\"font-size: 14.4px;\" data-start=\"2235\" data-end=\"2286\">iztur\u012bgs, viegli lietojams un daudzpus\u012bgs.<\/strong><span style=\"font-size: 14.4px;\"> 1\/16 m\u0113roga \u012bs\u0101s distances RC automa\u0161\u012bnas, tad <\/span><strong style=\"font-size: 14.4px;\" data-start=\"2327\" data-end=\"2357\">BLACKZON Vyper SC 1\/16 4WD<\/strong><span style=\"font-size: 14.4px;\"> ir laba izv\u0113le. Skatiet pieejam\u012bbu m\u016bsu <\/span><strong style=\"font-size: 14.4px;\" data-start=\"2391\" data-end=\"2404\">RcZone.ee<\/strong><span style=\"font-size: 14.4px;\"> no lapas un baud\u012bt!<\/span><\/p>\n\t<div class=\"img has-hover x md-x lg-x y md-y lg-y\" id=\"image_551617289\">\n\t\t\t\t\t\t\t\t<div class=\"img-inner dark\" >\n\t\t\t<img decoding=\"async\" width=\"1000\" height=\"692\" src=\"https:\/\/rczone.ee\/wp-content\/uploads\/2026\/01\/vyper_sc_bluegreen_kit_contents2.jpg\" class=\"attachment-large size-large\" alt=\"\" srcset=\"https:\/\/rczone.ee\/wp-content\/uploads\/2026\/01\/vyper_sc_bluegreen_kit_contents2.jpg 1000w, https:\/\/rczone.ee\/wp-content\/uploads\/2026\/01\/vyper_sc_bluegreen_kit_contents2-578x400.jpg 578w, https:\/\/rczone.ee\/wp-content\/uploads\/2026\/01\/vyper_sc_bluegreen_kit_contents2-768x531.jpg 768w, https:\/\/rczone.ee\/wp-content\/uploads\/2026\/01\/vyper_sc_bluegreen_kit_contents2-18x12.jpg 18w, https:\/\/rczone.ee\/wp-content\/uploads\/2026\/01\/vyper_sc_bluegreen_kit_contents2-900x623.jpg 900w\" sizes=\"(max-width: 1000px) 100vw, 1000px\" \/>\t\t\t\t\t\t\n\t\t\t\t\t<\/div>\n\t\t\t\t\t\t\t\t\n<style>\n#image_551617289 {\n  width: 100%;\n}\n<\/style>\n\t<\/div>\n\t\n\t<div id=\"gap-1128889296\" class=\"gap-element clearfix\" style=\"display:block; height:auto;\">\n\t\t\n<style>\n#gap-1128889296 {\n  padding-top: 30px;\n}\n<\/style>\n\t<\/div>","protected":false},"excerpt":{"rendered":"<ul>\n<li style=\"line-height: 1; padding-top: 20px;\">Nov\u0113rt\u0113jums: Par<\/li>\n<li style=\"line-height: 1;\">Lietot\u0101ja vecums: 14+<\/li>\n<li style=\"line-height: 1;\">Kategorija: \u012as\u0101s distances kravas automa\u0161\u012bnas<\/li>\n<li style=\"line-height: 1;\">M\u0113rogi: 1:16<\/li>\n<li style=\"line-height: 1;\">Vilces ass: 4WD<\/li>\n<li style=\"line-height: 1;\">Maksim\u0101lais \u0101trums: 29 km\/h<\/li>\n<li style=\"line-height: 1;\">Pabeig\u0161ana: gatavs darbam<\/li>\n<li style=\"line-height: 1;\">Ener\u0123ija: elektroener\u0123ija<\/li>\n<\/ul>","protected":false},"featured_media":5648,"comment_status":"open","ping_status":"closed","template":"","meta":{"_monsterinsights_skip_tracking":false,"_monsterinsights_sitenote_active":false,"_monsterinsights_sitenote_note":"","_monsterinsights_sitenote_category":0},"fits_model":[],"product_brand":[],"product_cat":[37],"product_tag":[84],"woo-feed-brand":[105],"class_list":{"0":"post-5612","1":"product","2":"type-product","3":"status-publish","4":"has-post-thumbnail","6":"product_cat-short-course-truck","7":"product_tag-standard","8":"product_shipping_class-de_big","9":"woo-feed-brand-blackzon","11":"first","12":"instock","13":"taxable","14":"shipping-taxable","15":"purchasable","16":"product-type-variable","17":"has-default-attributes"},"yoast_head":"<!-- This site is optimized with the Yoast SEO plugin v27.6 - https:\/\/yoast.com\/product\/yoast-seo-wordpress\/ -->\n<title>UUS! BLACKZON Vyper SC 1\/16 4WD - RC Zone | Raadio teel juhitavad autod<\/title>\n<meta name=\"robots\" content=\"index, follow, max-snippet:-1, max-image-preview:large, max-video-preview:-1\" \/>\n<link rel=\"canonical\" href=\"https:\/\/rczone.ee\/lv\/products\/blackzon-vyper-sc-1-16-4wd\/\" \/>\n<meta property=\"og:locale\" content=\"lv_LV\" \/>\n<meta property=\"og:type\" content=\"article\" \/>\n<meta property=\"og:title\" content=\"UUS! BLACKZON Vyper SC 1\/16 4WD - RC Zone | Raadio teel juhitavad autod\" \/>\n<meta property=\"og:description\" content=\"Rate: Pro  Kasutaja vanuseklass: 14+  Kategooria: Short Course Truck  Skaala: 1:16  Vedav sild: 4WD  Max kiirus: 29 km\/h  Komplekteeritus: Ready-To-Run  Energia: Elekter\" \/>\n<meta property=\"og:url\" content=\"https:\/\/rczone.ee\/lv\/products\/blackzon-vyper-sc-1-16-4wd\/\" \/>\n<meta property=\"og:site_name\" content=\"RC Zone | Raadio teel juhitavad autod\" \/>\n<meta property=\"article:publisher\" content=\"https:\/\/www.facebook.com\/rczone.ee\" \/>\n<meta property=\"article:modified_time\" content=\"2026-03-01T20:52:38+00:00\" \/>\n<meta property=\"og:image\" content=\"https:\/\/rczone.ee\/wp-content\/uploads\/2026\/01\/540274_01.jpg\" \/>\n\t<meta property=\"og:image:width\" content=\"800\" \/>\n\t<meta property=\"og:image:height\" content=\"800\" \/>\n\t<meta property=\"og:image:type\" content=\"image\/jpeg\" \/>\n<meta name=\"twitter:card\" content=\"summary_large_image\" \/>\n<meta name=\"twitter:label1\" content=\"Est. reading time\" \/>\n\t<meta name=\"twitter:data1\" content=\"2 min\u016btes\" \/>\n<script type=\"application\/ld+json\" class=\"yoast-schema-graph\">{\"@context\":\"https:\\\/\\\/schema.org\",\"@graph\":[{\"@type\":\"WebPage\",\"@id\":\"https:\\\/\\\/rczone.ee\\\/toode\\\/blackzon-vyper-sc-1-16-4wd\\\/\",\"url\":\"https:\\\/\\\/rczone.ee\\\/toode\\\/blackzon-vyper-sc-1-16-4wd\\\/\",\"name\":\"UUS! BLACKZON Vyper SC 1\\\/16 4WD - RC Zone | Raadio teel juhitavad autod\",\"isPartOf\":{\"@id\":\"https:\\\/\\\/rczone.ee\\\/#website\"},\"primaryImageOfPage\":{\"@id\":\"https:\\\/\\\/rczone.ee\\\/toode\\\/blackzon-vyper-sc-1-16-4wd\\\/#primaryimage\"},\"image\":{\"@id\":\"https:\\\/\\\/rczone.ee\\\/toode\\\/blackzon-vyper-sc-1-16-4wd\\\/#primaryimage\"},\"thumbnailUrl\":\"https:\\\/\\\/rczone.ee\\\/wp-content\\\/uploads\\\/2026\\\/01\\\/540274_01.jpg\",\"datePublished\":\"2026-01-14T19:22:46+00:00\",\"dateModified\":\"2026-03-01T20:52:38+00:00\",\"breadcrumb\":{\"@id\":\"https:\\\/\\\/rczone.ee\\\/toode\\\/blackzon-vyper-sc-1-16-4wd\\\/#breadcrumb\"},\"inLanguage\":\"lv-LV\",\"potentialAction\":[{\"@type\":\"ReadAction\",\"target\":[\"https:\\\/\\\/rczone.ee\\\/toode\\\/blackzon-vyper-sc-1-16-4wd\\\/\"]}]},{\"@type\":\"ImageObject\",\"inLanguage\":\"lv-LV\",\"@id\":\"https:\\\/\\\/rczone.ee\\\/toode\\\/blackzon-vyper-sc-1-16-4wd\\\/#primaryimage\",\"url\":\"https:\\\/\\\/rczone.ee\\\/wp-content\\\/uploads\\\/2026\\\/01\\\/540274_01.jpg\",\"contentUrl\":\"https:\\\/\\\/rczone.ee\\\/wp-content\\\/uploads\\\/2026\\\/01\\\/540274_01.jpg\",\"width\":800,\"height\":800},{\"@type\":\"BreadcrumbList\",\"@id\":\"https:\\\/\\\/rczone.ee\\\/toode\\\/blackzon-vyper-sc-1-16-4wd\\\/#breadcrumb\",\"itemListElement\":[{\"@type\":\"ListItem\",\"position\":1,\"name\":\"Home\",\"item\":\"https:\\\/\\\/rczone.ee\\\/\"},{\"@type\":\"ListItem\",\"position\":2,\"name\":\"Shop\",\"item\":\"https:\\\/\\\/rczone.ee\\\/shop\\\/\"},{\"@type\":\"ListItem\",\"position\":3,\"name\":\"UUS! BLACKZON Vyper SC 1\\\/16 4WD\"}]},{\"@type\":\"WebSite\",\"@id\":\"https:\\\/\\\/rczone.ee\\\/#website\",\"url\":\"https:\\\/\\\/rczone.ee\\\/\",\"name\":\"RcZone\",\"description\":\"RcZone - Raadio teel juhitavate autode veebipood. M&uuml;&uuml;me laia valikut kvaliteetseid ja v&otilde;imsaid RC-autosid. Kiire tarne ja konkurentsiv&otilde;imelised hinnad.\",\"publisher\":{\"@id\":\"https:\\\/\\\/rczone.ee\\\/#organization\"},\"potentialAction\":[{\"@type\":\"SearchAction\",\"target\":{\"@type\":\"EntryPoint\",\"urlTemplate\":\"https:\\\/\\\/rczone.ee\\\/?s={search_term_string}\"},\"query-input\":{\"@type\":\"PropertyValueSpecification\",\"valueRequired\":true,\"valueName\":\"search_term_string\"}}],\"inLanguage\":\"lv-LV\"},{\"@type\":\"Organization\",\"@id\":\"https:\\\/\\\/rczone.ee\\\/#organization\",\"name\":\"RcZone\",\"url\":\"https:\\\/\\\/rczone.ee\\\/\",\"logo\":{\"@type\":\"ImageObject\",\"inLanguage\":\"lv-LV\",\"@id\":\"https:\\\/\\\/rczone.ee\\\/#\\\/schema\\\/logo\\\/image\\\/\",\"url\":\"https:\\\/\\\/rczone.ee\\\/wp-content\\\/uploads\\\/2024\\\/01\\\/3D.png\",\"contentUrl\":\"https:\\\/\\\/rczone.ee\\\/wp-content\\\/uploads\\\/2024\\\/01\\\/3D.png\",\"width\":2080,\"height\":602,\"caption\":\"RcZone\"},\"image\":{\"@id\":\"https:\\\/\\\/rczone.ee\\\/#\\\/schema\\\/logo\\\/image\\\/\"},\"sameAs\":[\"https:\\\/\\\/www.facebook.com\\\/rczone.ee\"]}]}<\/script>\n<!-- \/ Yoast SEO plugin. -->","yoast_head_json":{"title":"JAUNUMS! BLACKZON Vyper SC 1\/16 4WD - RC Zone | Radiovad\u0101mie automobi\u013ci","robots":{"index":"index","follow":"follow","max-snippet":"max-snippet:-1","max-image-preview":"max-image-preview:large","max-video-preview":"max-video-preview:-1"},"canonical":"https:\/\/rczone.ee\/lv\/products\/blackzon-vyper-sc-1-16-4wd\/","og_locale":"lv_LV","og_type":"article","og_title":"UUS! BLACKZON Vyper SC 1\/16 4WD - RC Zone | Raadio teel juhitavad autod","og_description":"Rate: Pro  Kasutaja vanuseklass: 14+  Kategooria: Short Course Truck  Skaala: 1:16  Vedav sild: 4WD  Max kiirus: 29 km\/h  Komplekteeritus: Ready-To-Run  Energia: Elekter","og_url":"https:\/\/rczone.ee\/lv\/products\/blackzon-vyper-sc-1-16-4wd\/","og_site_name":"RC Zone | Raadio teel juhitavad autod","article_publisher":"https:\/\/www.facebook.com\/rczone.ee","article_modified_time":"2026-03-01T20:52:38+00:00","og_image":[{"width":800,"height":800,"url":"https:\/\/rczone.ee\/wp-content\/uploads\/2026\/01\/540274_01.jpg","type":"image\/jpeg"}],"twitter_card":"summary_large_image","twitter_misc":{"Est. reading time":"2 min\u016btes"},"schema":{"@context":"https:\/\/schema.org","@graph":[{"@type":"WebPage","@id":"https:\/\/rczone.ee\/toode\/blackzon-vyper-sc-1-16-4wd\/","url":"https:\/\/rczone.ee\/toode\/blackzon-vyper-sc-1-16-4wd\/","name":"JAUNUMS! BLACKZON Vyper SC 1\/16 4WD - RC Zone | Radiovad\u0101mie automobi\u013ci","isPartOf":{"@id":"https:\/\/rczone.ee\/#website"},"primaryImageOfPage":{"@id":"https:\/\/rczone.ee\/toode\/blackzon-vyper-sc-1-16-4wd\/#primaryimage"},"image":{"@id":"https:\/\/rczone.ee\/toode\/blackzon-vyper-sc-1-16-4wd\/#primaryimage"},"thumbnailUrl":"https:\/\/rczone.ee\/wp-content\/uploads\/2026\/01\/540274_01.jpg","datePublished":"2026-01-14T19:22:46+00:00","dateModified":"2026-03-01T20:52:38+00:00","breadcrumb":{"@id":"https:\/\/rczone.ee\/toode\/blackzon-vyper-sc-1-16-4wd\/#breadcrumb"},"inLanguage":"lv-LV","potentialAction":[{"@type":"ReadAction","target":["https:\/\/rczone.ee\/toode\/blackzon-vyper-sc-1-16-4wd\/"]}]},{"@type":"ImageObject","inLanguage":"lv-LV","@id":"https:\/\/rczone.ee\/toode\/blackzon-vyper-sc-1-16-4wd\/#primaryimage","url":"https:\/\/rczone.ee\/wp-content\/uploads\/2026\/01\/540274_01.jpg","contentUrl":"https:\/\/rczone.ee\/wp-content\/uploads\/2026\/01\/540274_01.jpg","width":800,"height":800},{"@type":"BreadcrumbList","@id":"https:\/\/rczone.ee\/toode\/blackzon-vyper-sc-1-16-4wd\/#breadcrumb","itemListElement":[{"@type":"ListItem","position":1,"name":"Home","item":"https:\/\/rczone.ee\/"},{"@type":"ListItem","position":2,"name":"Shop","item":"https:\/\/rczone.ee\/shop\/"},{"@type":"ListItem","position":3,"name":"UUS! BLACKZON Vyper SC 1\/16 4WD"}]},{"@type":"WebSite","@id":"https:\/\/rczone.ee\/#website","url":"https:\/\/rczone.ee\/","name":"RcZone","description":"RcZone - Radio vad\u0101mo automobi\u013cu tie\u0161saistes veikals. M\u0113s p\u0101rdodam pla\u0161u augstas kvalit\u0101tes un jaud\u012bgu RC automobi\u013cu kl\u0101stu. \u0100tra pieg\u0101de un konkur\u0113tsp\u0113j\u012bgas cenas.","publisher":{"@id":"https:\/\/rczone.ee\/#organization"},"potentialAction":[{"@type":"SearchAction","target":{"@type":"EntryPoint","urlTemplate":"https:\/\/rczone.ee\/?s={search_term_string}"},"query-input":{"@type":"PropertyValueSpecification","valueRequired":true,"valueName":"search_term_string"}}],"inLanguage":"lv-LV"},{"@type":"Organization","@id":"https:\/\/rczone.ee\/#organization","name":"RcZone","url":"https:\/\/rczone.ee\/","logo":{"@type":"ImageObject","inLanguage":"lv-LV","@id":"https:\/\/rczone.ee\/#\/schema\/logo\/image\/","url":"https:\/\/rczone.ee\/wp-content\/uploads\/2024\/01\/3D.png","contentUrl":"https:\/\/rczone.ee\/wp-content\/uploads\/2024\/01\/3D.png","width":2080,"height":602,"caption":"RcZone"},"image":{"@id":"https:\/\/rczone.ee\/#\/schema\/logo\/image\/"},"sameAs":["https:\/\/www.facebook.com\/rczone.ee"]}]}},"_links":{"self":[{"href":"https:\/\/rczone.ee\/lv\/wp-json\/wp\/v2\/product\/5612","targetHints":{"allow":["GET"]}}],"collection":[{"href":"https:\/\/rczone.ee\/lv\/wp-json\/wp\/v2\/product"}],"about":[{"href":"https:\/\/rczone.ee\/lv\/wp-json\/wp\/v2\/types\/product"}],"replies":[{"embeddable":true,"href":"https:\/\/rczone.ee\/lv\/wp-json\/wp\/v2\/comments?post=5612"}],"wp:featuredmedia":[{"embeddable":true,"href":"https:\/\/rczone.ee\/lv\/wp-json\/wp\/v2\/media\/5648"}],"wp:attachment":[{"href":"https:\/\/rczone.ee\/lv\/wp-json\/wp\/v2\/media?parent=5612"}],"wp:term":[{"taxonomy":"fits_model","embeddable":true,"href":"https:\/\/rczone.ee\/lv\/wp-json\/wp\/v2\/fits_model?post=5612"},{"taxonomy":"product_brand","embeddable":true,"href":"https:\/\/rczone.ee\/lv\/wp-json\/wp\/v2\/product_brand?post=5612"},{"taxonomy":"product_cat","embeddable":true,"href":"https:\/\/rczone.ee\/lv\/wp-json\/wp\/v2\/product_cat?post=5612"},{"taxonomy":"product_tag","embeddable":true,"href":"https:\/\/rczone.ee\/lv\/wp-json\/wp\/v2\/product_tag?post=5612"},{"taxonomy":"woo-feed-brand","embeddable":true,"href":"https:\/\/rczone.ee\/lv\/wp-json\/wp\/v2\/woo-feed-brand?post=5612"}],"curies":[{"name":"wp","href":"https:\/\/api.w.org\/{rel}","templated":true}]}}