{"id":5618,"date":"2026-01-14T21:27:13","date_gmt":"2026-01-14T19:27:13","guid":{"rendered":"https:\/\/rczone.ee\/?post_type=product&#038;p=5618"},"modified":"2026-01-24T21:10:28","modified_gmt":"2026-01-24T19:10:28","slug":"blackzon-vyper-sc-turbo-1-16-4wd-2s-brushless","status":"publish","type":"product","link":"https:\/\/rczone.ee\/lv\/toode\/blackzon-vyper-sc-turbo-1-16-4wd-2s-brushless\/","title":{"rendered":"JAUNUMS! BLACKZON Vyper SC Turbo 1\/16 4WD 2S Brushless"},"content":{"rendered":"<div id=\"text-479875723\" class=\"text\">\n\t\t\n<h2><strong>BLACKZON Vyper SC Turbo 1\/16 4WD 2S Brushless - \u201c\u0160is ir bezkonkurences!\u201d<\/strong><\/h2>\n\t\t\n<style>\n#text-479875723 {\n  text-align: center;\n}\n<\/style>\n\t<\/div>\n\t\n\t<div class=\"img has-hover x md-x lg-x y md-y lg-y\" id=\"image_820894458\">\n\t\t\t\t\t\t\t\t<div class=\"img-inner dark\" style=\"margin:0px 0px 30px 0px;\">\n\t\t\t<img decoding=\"async\" width=\"1020\" height=\"424\" src=\"https:\/\/rczone.ee\/wp-content\/uploads\/2026\/01\/vyper_web_header3.jpg\" class=\"attachment-large size-large\" alt=\"\" srcset=\"https:\/\/rczone.ee\/wp-content\/uploads\/2026\/01\/vyper_web_header3.jpg 1098w, https:\/\/rczone.ee\/wp-content\/uploads\/2026\/01\/vyper_web_header3-800x332.jpg 800w, https:\/\/rczone.ee\/wp-content\/uploads\/2026\/01\/vyper_web_header3-768x319.jpg 768w, https:\/\/rczone.ee\/wp-content\/uploads\/2026\/01\/vyper_web_header3-18x7.jpg 18w, https:\/\/rczone.ee\/wp-content\/uploads\/2026\/01\/vyper_web_header3-900x374.jpg 900w\" sizes=\"(max-width: 1020px) 100vw, 1020px\" \/>\t\t\t\t\t\t\n\t\t\t\t\t<\/div>\n\t\t\t\t\t\t\t\t\n<style>\n#image_820894458 {\n  width: 100%;\n}\n<\/style>\n\t<\/div>\n\t\n<p>Ja mekl\u0113jat <strong>kompakts, bet sp\u0113c\u012bgs RC auto \u012bsaj\u0101 distanc\u0113 ar nopietnu piedzi\u0146u.<\/strong>, tad <strong>BLACKZON Vyper SC Turbo 1\/16 4WD 2S Brushless<\/strong> ir rad\u012bts tie\u0161i \u0161im nol\u016bkam! \u0160is mazais dz\u012bvnieci\u0146\u0161 1\/16 m\u0113roga virsb\u016bv\u0113 iet\u0113rpts \u201cliela auto\u201d stil\u0101: <strong>4WD<\/strong> nodro\u0161ina stingru satv\u0113rienu, <strong>kompoz\u012btmateri\u0101ls kasija<\/strong> un <strong>e\u013c\u013ca-am\u012bdi<\/strong> nodro\u0161ina automa\u0161\u012bnas stabilit\u0101ti pat uz nel\u012bdzenas virsmas. Ar stabilu vad\u0101m\u012bbu un prognoz\u0113jamu vad\u0101m\u012bbu tas labi j\u016btas uz zemes, grants un asfalta.<\/p>\n<p>Turbo versij\u0101 viss k\u013c\u016bst \u012bpa\u0161i salds -. <strong>bezsuku motors <\/strong>nodro\u0161ina strauj\u0101ku pa\u0101trin\u0101jumu un liel\u0101ku maksim\u0101lo \u0101trumu. <strong>2S LiPo<\/strong> no aug\u0161as. Tas ir tikpat viegli apg\u016bstams ies\u0101c\u0113jam, ta\u010du pietiekami jaud\u012bgs, lai j\u016bs to \u0101tri nep\u0101rsp\u0113tu. <strong>RcZone.ee<\/strong> ide\u0101li piem\u0113rotu \u201cpa\u0146em un brauc\u201d \u012bs\u0101s distances kravas automobi\u013cu kl\u0101sts, kas aicina \u201cbraukt atkal un atkal\u201d.<\/p>\n<p>Pieejamas divas da\u017e\u0101das s\u012bvas kr\u0101sas, ar gaismi\u0146\u0101m un uzl\u012bmes, lai j\u016bs var\u0113tu to personaliz\u0113t p\u0113c savas gaumes:<\/p>\n\t<div class=\"img has-hover x md-x lg-x y md-y lg-y\" id=\"image_1580947326\">\n\t\t\t\t\t\t\t\t<div class=\"img-inner dark\" style=\"margin:0px 0px 30px 0px;\">\n\t\t\t<img decoding=\"async\" width=\"1020\" height=\"394\" src=\"https:\/\/rczone.ee\/wp-content\/uploads\/2026\/01\/vyper_sc_turbo_group_bottom.jpg\" class=\"attachment-large size-large\" alt=\"\" srcset=\"https:\/\/rczone.ee\/wp-content\/uploads\/2026\/01\/vyper_sc_turbo_group_bottom.jpg 1036w, https:\/\/rczone.ee\/wp-content\/uploads\/2026\/01\/vyper_sc_turbo_group_bottom-800x309.jpg 800w, https:\/\/rczone.ee\/wp-content\/uploads\/2026\/01\/vyper_sc_turbo_group_bottom-768x297.jpg 768w, https:\/\/rczone.ee\/wp-content\/uploads\/2026\/01\/vyper_sc_turbo_group_bottom-18x7.jpg 18w, https:\/\/rczone.ee\/wp-content\/uploads\/2026\/01\/vyper_sc_turbo_group_bottom-900x347.jpg 900w\" sizes=\"(max-width: 1020px) 100vw, 1020px\" \/>\t\t\t\t\t\t\n\t\t\t\t\t<\/div>\n\t\t\t\t\t\t\t\t\n<style>\n#image_1580947326 {\n  width: 100%;\n}\n<\/style>\n\t<\/div>\n\t\n<h3><strong>K\u0101p\u0113c Vyper SC Turbo?<\/strong><\/h3>\n<ul>\n<li><strong>Harjavaba (bez suku)<\/strong> - liel\u0101ks \u201ctr\u0101p\u012bgums\u201d, liel\u0101ks maksim\u0101lais \u0101trums un efekt\u012bv\u0101ka brauk\u0161ana.<\/li>\n<li><strong>4WD <\/strong>- stabila sa\u0137ere pat uz slidenas grants un irdenas virsmas.<\/li>\n<li><strong>E\u013c\u013cas vid\u0113j\u0101 + neatkar\u012bga balstiek\u0101rta<\/strong> - stabils un vad\u0101ms pat uz nel\u012bdzen\u0101m tras\u0113m<\/li>\n<li><strong>Met\u0101la transmisijas un difuzori<\/strong> - iztur\u012bba, kas nepiecie\u0161ama \u201csmagai brauk\u0161anai\u201d.<\/li>\n<li><strong>2,4 GHz konsole<\/strong>\u00a0- prec\u012bza st\u016bres iek\u0101rta un pat\u012bkama \u201c\u012bsta auto\u201d saj\u016bta.<\/li>\n<li><strong>\u0100truma ierobe\u017eot\u0101ja sl\u0113dzis uz t\u0101lvad\u012bbas pults<\/strong> - ies\u0101c\u0113jam vai saspringt\u0101 situ\u0101cij\u0101, kad nepiecie\u0161ams mier\u012bg\u0101ks re\u017e\u012bms.<\/li>\n<li><strong>LED lukturi (priek\u0161\u0101 un aizmugur\u0113)<\/strong> - stils un redzam\u012bba<\/li>\n<\/ul>\n<div class=\"text-center\"><div class=\"is-divider divider clearfix\" ><\/div><\/div>\n<h3><strong>Galven\u0101s funkcijas un apr\u012bkojums<\/strong><\/h3>\n<ul>\n<li><strong>1\/16 \u012bs\u0101s distances kravas automa\u0161\u012bna<\/strong>, <strong>4WD<\/strong><\/li>\n<li><strong>Neatkar\u012bga dubult\u0101s atsperes atsperu balstiek\u0101rta<\/strong><\/li>\n<li><strong>Saliktais maisi\u0146\u0161<\/strong><\/li>\n<li><strong>Zobratu rite\u0146a p\u0101rsegs<\/strong> - notur net\u012brumus no zobu aug\u0161da\u013cas.<\/li>\n<li><strong>Divu \u0161arn\u012bru st\u016bres sist\u0113ma ar servo taup\u012bt\u0101ju<\/strong><\/li>\n<li><strong>Regul\u0113jami alum\u012bnija kartera v\u0101ci\u0146i<\/strong> (spir\u0101lveida amortizatori)<\/li>\n<li><strong>Priek\u0161\u0113jie un aizmugur\u0113jie met\u0101la difuzori<\/strong><\/li>\n<li><strong>Met\u0101la galvas vard\u012bte<\/strong>, <strong>met\u0101la kard\u0101niem<\/strong><\/li>\n<li><strong>Blackzon BL14-200-3S 2-in-1 ESC\/uztv\u0113r\u0113js<\/strong><\/li>\n<li><strong>Bezsuku dzin\u0113js 2840 KV3800<\/strong><\/li>\n<li><strong>Blackzon BTX-243 2,4GHz 3 kan\u0101lu konsole<\/strong><\/li>\n<li><strong>7,4 V LiPo akumulators + 7,4 V USB l\u0101d\u0113t\u0101js<\/strong><\/li>\n<li><strong>Iepriek\u0161 izgriezts un uzdruk\u0101ts korpuss<\/strong> - pievienot uzl\u012bmes un padar\u012bt to unik\u0101lu<\/li>\n<\/ul>\n<p>Pieejams no <strong>div\u0101s kr\u0101s\u0101s<\/strong><\/p>\n<div class=\"text-center\"><div class=\"is-divider divider clearfix\" ><\/div><\/div>\n<h3><strong>M\u0113r\u012bjumi<\/strong><\/h3>\n<ul>\n<li><strong>Garums:<\/strong> 348 mm<\/li>\n<li><strong>Platums:<\/strong> 185 mm<\/li>\n<li><strong>Augstums:<\/strong> 136 mm<\/li>\n<li><strong>Pilna laul\u012bba:<\/strong> 210 mm<\/li>\n<\/ul>\n\t<div class=\"img has-hover x md-x lg-x y md-y lg-y\" id=\"image_1214711894\">\n\t\t\t\t\t\t\t\t<div class=\"img-inner dark\" style=\"margin:0px 0px 30px 0px;\">\n\t\t\t<img decoding=\"async\" width=\"1000\" height=\"692\" src=\"https:\/\/rczone.ee\/wp-content\/uploads\/2026\/01\/Vyper_SC_dimensions4.jpg\" class=\"attachment-large size-large\" alt=\"\" srcset=\"https:\/\/rczone.ee\/wp-content\/uploads\/2026\/01\/Vyper_SC_dimensions4.jpg 1000w, https:\/\/rczone.ee\/wp-content\/uploads\/2026\/01\/Vyper_SC_dimensions4-578x400.jpg 578w, https:\/\/rczone.ee\/wp-content\/uploads\/2026\/01\/Vyper_SC_dimensions4-768x531.jpg 768w, https:\/\/rczone.ee\/wp-content\/uploads\/2026\/01\/Vyper_SC_dimensions4-18x12.jpg 18w, https:\/\/rczone.ee\/wp-content\/uploads\/2026\/01\/Vyper_SC_dimensions4-900x623.jpg 900w\" sizes=\"(max-width: 1000px) 100vw, 1000px\" \/>\t\t\t\t\t\t\n\t\t\t\t\t<\/div>\n\t\t\t\t\t\t\t\t\n<style>\n#image_1214711894 {\n  width: 100%;\n}\n<\/style>\n\t<\/div>\n\t\n<ul>\n<li><strong>Iek\u013cauts:<\/strong> BLACKZON Vyper SC Turbo 1\/16 4WD 2S Brushless, 2,4 GHz konsole, LiPo akumulators un USB l\u0101d\u0113t\u0101js.<\/li>\n<li><strong>Nepiecie\u0161am\u0101 sakne:<\/strong> <strong>2 \u00d7 AA baterijas t\u0101lvad\u012bbas pults<\/strong><\/li>\n<\/ul>\n<div class=\"text-center\"><div class=\"is-divider divider clearfix\" ><\/div><\/div>\n<p>Ja v\u0113laties stil\u012bgu un agres\u012bvu ma\u0161\u012bnu, kas ir...<strong>\u00a0\u0101tri un iztur\u012bgi<\/strong>, tad <strong>BLACKZON Vyper SC Turbo 1\/16 4WD 2S Brushless<\/strong> ir laba izv\u0113le. Pa\u0146emiet to <strong>RcZone.ee<\/strong> iepirkties un baud\u012bt!<\/p>\n\t<div class=\"img has-hover x md-x lg-x y md-y lg-y\" id=\"image_2093784549\">\n\t\t\t\t\t\t\t\t<div class=\"img-inner dark\" >\n\t\t\t<img decoding=\"async\" width=\"1000\" height=\"692\" src=\"https:\/\/rczone.ee\/wp-content\/uploads\/2026\/01\/vyper_sc_turbo_kit_contents2.jpg\" class=\"attachment-large size-large\" alt=\"\" srcset=\"https:\/\/rczone.ee\/wp-content\/uploads\/2026\/01\/vyper_sc_turbo_kit_contents2.jpg 1000w, https:\/\/rczone.ee\/wp-content\/uploads\/2026\/01\/vyper_sc_turbo_kit_contents2-578x400.jpg 578w, https:\/\/rczone.ee\/wp-content\/uploads\/2026\/01\/vyper_sc_turbo_kit_contents2-768x531.jpg 768w, https:\/\/rczone.ee\/wp-content\/uploads\/2026\/01\/vyper_sc_turbo_kit_contents2-18x12.jpg 18w, https:\/\/rczone.ee\/wp-content\/uploads\/2026\/01\/vyper_sc_turbo_kit_contents2-900x623.jpg 900w\" sizes=\"(max-width: 1000px) 100vw, 1000px\" \/>\t\t\t\t\t\t\n\t\t\t\t\t<\/div>\n\t\t\t\t\t\t\t\t\n<style>\n#image_2093784549 {\n  width: 100%;\n}\n<\/style>\n\t<\/div>\n\t\n\t<div id=\"gap-1675210757\" class=\"gap-element clearfix\" style=\"display:block; height:auto;\">\n\t\t\n<style>\n#gap-1675210757 {\n  padding-top: 30px;\n}\n<\/style>\n\t<\/div>","protected":false},"excerpt":{"rendered":"<ul>\n<li style=\"line-height: 1; padding-top: 20px;\">Nov\u0113rt\u0113jums: Eksperts<\/li>\n<li style=\"line-height: 1;\">Lietot\u0101ja vecums: 14+<\/li>\n<li style=\"line-height: 1;\">Kategorija: \u012as\u0101s distances kravas automa\u0161\u012bnas<\/li>\n<li style=\"line-height: 1;\">M\u0113rogi: 1:16<\/li>\n<li style=\"line-height: 1;\">Vilces ass: 4WD<\/li>\n<li style=\"line-height: 1;\">Maksim\u0101lais \u0101trums: 42 km\/h<\/li>\n<li style=\"line-height: 1;\">Pabeig\u0161ana: gatavs darbam<\/li>\n<li style=\"line-height: 1;\">Ener\u0123ija: elektroener\u0123ija<\/li>\n<\/ul>","protected":false},"featured_media":5639,"comment_status":"open","ping_status":"closed","template":"","meta":{"_monsterinsights_skip_tracking":false,"_monsterinsights_sitenote_active":false,"_monsterinsights_sitenote_note":"","_monsterinsights_sitenote_category":0},"fits_model":[],"product_brand":[],"product_cat":[37],"product_tag":[84],"woo-feed-brand":[105],"class_list":{"0":"post-5618","1":"product","2":"type-product","3":"status-publish","4":"has-post-thumbnail","6":"product_cat-short-course-truck","7":"product_tag-standard","8":"product_shipping_class-de_big","9":"woo-feed-brand-blackzon","11":"first","12":"instock","13":"taxable","14":"shipping-taxable","15":"purchasable","16":"product-type-variable","17":"has-default-attributes"},"yoast_head":"<!-- This site is optimized with the Yoast SEO plugin v27.3 - https:\/\/yoast.com\/product\/yoast-seo-wordpress\/ -->\n<title>UUS! BLACKZON Vyper SC Turbo 1\/16 4WD 2S Brushless - RC Zone | Raadio teel juhitavad autod<\/title>\n<meta name=\"robots\" content=\"index, follow, max-snippet:-1, max-image-preview:large, max-video-preview:-1\" \/>\n<link rel=\"canonical\" href=\"https:\/\/rczone.ee\/lv\/products\/blackzon-vyper-sc-turbo-1-16-4wd-2s-brushless\/\" \/>\n<meta property=\"og:locale\" content=\"lv_LV\" \/>\n<meta property=\"og:type\" content=\"article\" \/>\n<meta property=\"og:title\" content=\"UUS! BLACKZON Vyper SC Turbo 1\/16 4WD 2S Brushless - RC Zone | Raadio teel juhitavad autod\" \/>\n<meta property=\"og:description\" content=\"Rate: Expert  Kasutaja vanuseklass: 14+  Kategooria: Short Course Truck  Skaala: 1:16  Vedav sild: 4WD  Max kiirus: 42 km\/h  Komplekteeritus: Ready-To-Run  Energia: Elekter\" \/>\n<meta property=\"og:url\" content=\"https:\/\/rczone.ee\/lv\/products\/blackzon-vyper-sc-turbo-1-16-4wd-2s-brushless\/\" \/>\n<meta property=\"og:site_name\" content=\"RC Zone | Raadio teel juhitavad autod\" \/>\n<meta property=\"article:publisher\" content=\"https:\/\/www.facebook.com\/rczone.ee\" \/>\n<meta property=\"article:modified_time\" content=\"2026-01-24T19:10:28+00:00\" \/>\n<meta property=\"og:image\" content=\"https:\/\/rczone.ee\/wp-content\/uploads\/2026\/01\/540275_01-1.jpg\" \/>\n\t<meta property=\"og:image:width\" content=\"800\" \/>\n\t<meta property=\"og:image:height\" content=\"800\" \/>\n\t<meta property=\"og:image:type\" content=\"image\/jpeg\" \/>\n<meta name=\"twitter:card\" content=\"summary_large_image\" \/>\n<meta name=\"twitter:label1\" content=\"Est. reading time\" \/>\n\t<meta name=\"twitter:data1\" content=\"3 min\u016btes\" \/>\n<script type=\"application\/ld+json\" class=\"yoast-schema-graph\">{\"@context\":\"https:\\\/\\\/schema.org\",\"@graph\":[{\"@type\":\"WebPage\",\"@id\":\"https:\\\/\\\/rczone.ee\\\/toode\\\/blackzon-vyper-sc-turbo-1-16-4wd-2s-brushless\\\/\",\"url\":\"https:\\\/\\\/rczone.ee\\\/toode\\\/blackzon-vyper-sc-turbo-1-16-4wd-2s-brushless\\\/\",\"name\":\"UUS! BLACKZON Vyper SC Turbo 1\\\/16 4WD 2S Brushless - RC Zone | Raadio teel juhitavad autod\",\"isPartOf\":{\"@id\":\"https:\\\/\\\/rczone.ee\\\/#website\"},\"primaryImageOfPage\":{\"@id\":\"https:\\\/\\\/rczone.ee\\\/toode\\\/blackzon-vyper-sc-turbo-1-16-4wd-2s-brushless\\\/#primaryimage\"},\"image\":{\"@id\":\"https:\\\/\\\/rczone.ee\\\/toode\\\/blackzon-vyper-sc-turbo-1-16-4wd-2s-brushless\\\/#primaryimage\"},\"thumbnailUrl\":\"https:\\\/\\\/rczone.ee\\\/wp-content\\\/uploads\\\/2026\\\/01\\\/540275_01-1.jpg\",\"datePublished\":\"2026-01-14T19:27:13+00:00\",\"dateModified\":\"2026-01-24T19:10:28+00:00\",\"breadcrumb\":{\"@id\":\"https:\\\/\\\/rczone.ee\\\/toode\\\/blackzon-vyper-sc-turbo-1-16-4wd-2s-brushless\\\/#breadcrumb\"},\"inLanguage\":\"lv-LV\",\"potentialAction\":[{\"@type\":\"ReadAction\",\"target\":[\"https:\\\/\\\/rczone.ee\\\/toode\\\/blackzon-vyper-sc-turbo-1-16-4wd-2s-brushless\\\/\"]}]},{\"@type\":\"ImageObject\",\"inLanguage\":\"lv-LV\",\"@id\":\"https:\\\/\\\/rczone.ee\\\/toode\\\/blackzon-vyper-sc-turbo-1-16-4wd-2s-brushless\\\/#primaryimage\",\"url\":\"https:\\\/\\\/rczone.ee\\\/wp-content\\\/uploads\\\/2026\\\/01\\\/540275_01-1.jpg\",\"contentUrl\":\"https:\\\/\\\/rczone.ee\\\/wp-content\\\/uploads\\\/2026\\\/01\\\/540275_01-1.jpg\",\"width\":800,\"height\":800},{\"@type\":\"BreadcrumbList\",\"@id\":\"https:\\\/\\\/rczone.ee\\\/toode\\\/blackzon-vyper-sc-turbo-1-16-4wd-2s-brushless\\\/#breadcrumb\",\"itemListElement\":[{\"@type\":\"ListItem\",\"position\":1,\"name\":\"Home\",\"item\":\"https:\\\/\\\/rczone.ee\\\/\"},{\"@type\":\"ListItem\",\"position\":2,\"name\":\"Shop\",\"item\":\"https:\\\/\\\/rczone.ee\\\/shop\\\/\"},{\"@type\":\"ListItem\",\"position\":3,\"name\":\"UUS! BLACKZON Vyper SC Turbo 1\\\/16 4WD 2S Brushless\"}]},{\"@type\":\"WebSite\",\"@id\":\"https:\\\/\\\/rczone.ee\\\/#website\",\"url\":\"https:\\\/\\\/rczone.ee\\\/\",\"name\":\"RcZone\",\"description\":\"RcZone - Raadio teel juhitavate autode veebipood. M&uuml;&uuml;me laia valikut kvaliteetseid ja v&otilde;imsaid RC-autosid. Kiire tarne ja konkurentsiv&otilde;imelised hinnad.\",\"publisher\":{\"@id\":\"https:\\\/\\\/rczone.ee\\\/#organization\"},\"potentialAction\":[{\"@type\":\"SearchAction\",\"target\":{\"@type\":\"EntryPoint\",\"urlTemplate\":\"https:\\\/\\\/rczone.ee\\\/?s={search_term_string}\"},\"query-input\":{\"@type\":\"PropertyValueSpecification\",\"valueRequired\":true,\"valueName\":\"search_term_string\"}}],\"inLanguage\":\"lv-LV\"},{\"@type\":\"Organization\",\"@id\":\"https:\\\/\\\/rczone.ee\\\/#organization\",\"name\":\"RcZone\",\"url\":\"https:\\\/\\\/rczone.ee\\\/\",\"logo\":{\"@type\":\"ImageObject\",\"inLanguage\":\"lv-LV\",\"@id\":\"https:\\\/\\\/rczone.ee\\\/#\\\/schema\\\/logo\\\/image\\\/\",\"url\":\"https:\\\/\\\/rczone.ee\\\/wp-content\\\/uploads\\\/2024\\\/01\\\/3D.png\",\"contentUrl\":\"https:\\\/\\\/rczone.ee\\\/wp-content\\\/uploads\\\/2024\\\/01\\\/3D.png\",\"width\":2080,\"height\":602,\"caption\":\"RcZone\"},\"image\":{\"@id\":\"https:\\\/\\\/rczone.ee\\\/#\\\/schema\\\/logo\\\/image\\\/\"},\"sameAs\":[\"https:\\\/\\\/www.facebook.com\\\/rczone.ee\"]}]}<\/script>\n<!-- \/ Yoast SEO plugin. -->","yoast_head_json":{"title":"JAUNUMS! BLACKZON Vyper SC Turbo 1\/16 4WD 2S Brushless - RC Zone | Radio vad\u0101mie automobi\u013ci","robots":{"index":"index","follow":"follow","max-snippet":"max-snippet:-1","max-image-preview":"max-image-preview:large","max-video-preview":"max-video-preview:-1"},"canonical":"https:\/\/rczone.ee\/lv\/products\/blackzon-vyper-sc-turbo-1-16-4wd-2s-brushless\/","og_locale":"lv_LV","og_type":"article","og_title":"UUS! BLACKZON Vyper SC Turbo 1\/16 4WD 2S Brushless - RC Zone | Raadio teel juhitavad autod","og_description":"Rate: Expert  Kasutaja vanuseklass: 14+  Kategooria: Short Course Truck  Skaala: 1:16  Vedav sild: 4WD  Max kiirus: 42 km\/h  Komplekteeritus: Ready-To-Run  Energia: Elekter","og_url":"https:\/\/rczone.ee\/lv\/products\/blackzon-vyper-sc-turbo-1-16-4wd-2s-brushless\/","og_site_name":"RC Zone | Raadio teel juhitavad autod","article_publisher":"https:\/\/www.facebook.com\/rczone.ee","article_modified_time":"2026-01-24T19:10:28+00:00","og_image":[{"width":800,"height":800,"url":"https:\/\/rczone.ee\/wp-content\/uploads\/2026\/01\/540275_01-1.jpg","type":"image\/jpeg"}],"twitter_card":"summary_large_image","twitter_misc":{"Est. reading time":"3 min\u016btes"},"schema":{"@context":"https:\/\/schema.org","@graph":[{"@type":"WebPage","@id":"https:\/\/rczone.ee\/toode\/blackzon-vyper-sc-turbo-1-16-4wd-2s-brushless\/","url":"https:\/\/rczone.ee\/toode\/blackzon-vyper-sc-turbo-1-16-4wd-2s-brushless\/","name":"JAUNUMS! BLACKZON Vyper SC Turbo 1\/16 4WD 2S Brushless - RC Zone | Radio vad\u0101mie automobi\u013ci","isPartOf":{"@id":"https:\/\/rczone.ee\/#website"},"primaryImageOfPage":{"@id":"https:\/\/rczone.ee\/toode\/blackzon-vyper-sc-turbo-1-16-4wd-2s-brushless\/#primaryimage"},"image":{"@id":"https:\/\/rczone.ee\/toode\/blackzon-vyper-sc-turbo-1-16-4wd-2s-brushless\/#primaryimage"},"thumbnailUrl":"https:\/\/rczone.ee\/wp-content\/uploads\/2026\/01\/540275_01-1.jpg","datePublished":"2026-01-14T19:27:13+00:00","dateModified":"2026-01-24T19:10:28+00:00","breadcrumb":{"@id":"https:\/\/rczone.ee\/toode\/blackzon-vyper-sc-turbo-1-16-4wd-2s-brushless\/#breadcrumb"},"inLanguage":"lv-LV","potentialAction":[{"@type":"ReadAction","target":["https:\/\/rczone.ee\/toode\/blackzon-vyper-sc-turbo-1-16-4wd-2s-brushless\/"]}]},{"@type":"ImageObject","inLanguage":"lv-LV","@id":"https:\/\/rczone.ee\/toode\/blackzon-vyper-sc-turbo-1-16-4wd-2s-brushless\/#primaryimage","url":"https:\/\/rczone.ee\/wp-content\/uploads\/2026\/01\/540275_01-1.jpg","contentUrl":"https:\/\/rczone.ee\/wp-content\/uploads\/2026\/01\/540275_01-1.jpg","width":800,"height":800},{"@type":"BreadcrumbList","@id":"https:\/\/rczone.ee\/toode\/blackzon-vyper-sc-turbo-1-16-4wd-2s-brushless\/#breadcrumb","itemListElement":[{"@type":"ListItem","position":1,"name":"Home","item":"https:\/\/rczone.ee\/"},{"@type":"ListItem","position":2,"name":"Shop","item":"https:\/\/rczone.ee\/shop\/"},{"@type":"ListItem","position":3,"name":"UUS! BLACKZON Vyper SC Turbo 1\/16 4WD 2S Brushless"}]},{"@type":"WebSite","@id":"https:\/\/rczone.ee\/#website","url":"https:\/\/rczone.ee\/","name":"RcZone","description":"RcZone - Radio vad\u0101mo automobi\u013cu tie\u0161saistes veikals. M\u0113s p\u0101rdodam pla\u0161u augstas kvalit\u0101tes un jaud\u012bgu RC automobi\u013cu kl\u0101stu. \u0100tra pieg\u0101de un konkur\u0113tsp\u0113j\u012bgas cenas.","publisher":{"@id":"https:\/\/rczone.ee\/#organization"},"potentialAction":[{"@type":"SearchAction","target":{"@type":"EntryPoint","urlTemplate":"https:\/\/rczone.ee\/?s={search_term_string}"},"query-input":{"@type":"PropertyValueSpecification","valueRequired":true,"valueName":"search_term_string"}}],"inLanguage":"lv-LV"},{"@type":"Organization","@id":"https:\/\/rczone.ee\/#organization","name":"RcZone","url":"https:\/\/rczone.ee\/","logo":{"@type":"ImageObject","inLanguage":"lv-LV","@id":"https:\/\/rczone.ee\/#\/schema\/logo\/image\/","url":"https:\/\/rczone.ee\/wp-content\/uploads\/2024\/01\/3D.png","contentUrl":"https:\/\/rczone.ee\/wp-content\/uploads\/2024\/01\/3D.png","width":2080,"height":602,"caption":"RcZone"},"image":{"@id":"https:\/\/rczone.ee\/#\/schema\/logo\/image\/"},"sameAs":["https:\/\/www.facebook.com\/rczone.ee"]}]}},"_links":{"self":[{"href":"https:\/\/rczone.ee\/lv\/wp-json\/wp\/v2\/product\/5618","targetHints":{"allow":["GET"]}}],"collection":[{"href":"https:\/\/rczone.ee\/lv\/wp-json\/wp\/v2\/product"}],"about":[{"href":"https:\/\/rczone.ee\/lv\/wp-json\/wp\/v2\/types\/product"}],"replies":[{"embeddable":true,"href":"https:\/\/rczone.ee\/lv\/wp-json\/wp\/v2\/comments?post=5618"}],"wp:featuredmedia":[{"embeddable":true,"href":"https:\/\/rczone.ee\/lv\/wp-json\/wp\/v2\/media\/5639"}],"wp:attachment":[{"href":"https:\/\/rczone.ee\/lv\/wp-json\/wp\/v2\/media?parent=5618"}],"wp:term":[{"taxonomy":"fits_model","embeddable":true,"href":"https:\/\/rczone.ee\/lv\/wp-json\/wp\/v2\/fits_model?post=5618"},{"taxonomy":"product_brand","embeddable":true,"href":"https:\/\/rczone.ee\/lv\/wp-json\/wp\/v2\/product_brand?post=5618"},{"taxonomy":"product_cat","embeddable":true,"href":"https:\/\/rczone.ee\/lv\/wp-json\/wp\/v2\/product_cat?post=5618"},{"taxonomy":"product_tag","embeddable":true,"href":"https:\/\/rczone.ee\/lv\/wp-json\/wp\/v2\/product_tag?post=5618"},{"taxonomy":"woo-feed-brand","embeddable":true,"href":"https:\/\/rczone.ee\/lv\/wp-json\/wp\/v2\/woo-feed-brand?post=5618"}],"curies":[{"name":"wp","href":"https:\/\/api.w.org\/{rel}","templated":true}]}}