{"id":579,"date":"2024-04-14T22:14:51","date_gmt":"2024-04-14T19:14:51","guid":{"rendered":"https:\/\/rczone.ee\/?post_type=product&#038;p=579"},"modified":"2025-12-22T11:27:14","modified_gmt":"2025-12-22T09:27:14","slug":"wl-tech-habile-explorer-4wd-wl-124018-112","status":"publish","type":"product","link":"https:\/\/rczone.ee\/lv\/toode\/wl-tech-habile-explorer-4wd-wl-124018-112\/","title":{"rendered":"WL Tech Habile Explorer 4WD WL 124018 1:12"},"content":{"rendered":"<div>\u0160is ne\u017e\u0113l\u012bgi agres\u012bva izskata \u010detrrite\u0146u bagijs ir labi piem\u0113rots mode\u013cu entuziastiem, jo pied\u0101v\u0101 p\u0113k\u0161\u0146u \u0101truma uzpl\u016bdus un daudz adrenal\u012bna. Ma\u0161\u012bna sasniedz \u0101trumu l\u012bdz 55 km\/h, un st\u016bres rats izstiepjas l\u012bdz pat 100 m. Mode\u013ca korpuss ir izgatavots no iztur\u012bga alum\u012bnija sakaus\u0113juma. Met\u0101la vilces sist\u0113ma un amortizatori nodro\u0161ina iztur\u012bbu pat smagos apst\u0101k\u013cos. Automa\u0161\u012bnai ir 7,4 V 2200 mAh akumulators. (t\u0101lvad\u012bbas pults darbin\u0101\u0161anai nepiecie\u0161amas 4*AA baterijas, kas nav iek\u013cautas komplekt\u0101).  Uzl\u0101des laiks ir aptuveni 3 stundas, brauk\u0161anas laiks aptuveni 9 min\u016btes.<\/div>\n<div>Izm\u0113ri: 36 x 20,5 x 14 cm<\/div>\n<div><\/div>\n<div style=\"padding: 153.55% 0 0 0; position: relative;\"><iframe style=\"position: absolute; top: 0; left: 0; width: 100%; height: 100%;\" title=\"WL1240xx\" src=\"https:\/\/player.vimeo.com\/video\/928563903?badge=0&amp;autopause=0&amp;player_id=0&amp;app_id=58479\" frameborder=\"0\"><\/iframe><\/div>\n<p><script src=\"https:\/\/player.vimeo.com\/api\/player.js\"><\/script><\/p>\n<p><img decoding=\"async\" class=\"alignnone size-medium wp-image-586\" src=\"https:\/\/rczone.ee\/wp-content\/uploads\/2024\/04\/06-400x400.jpg\" alt=\"\" width=\"400\" height=\"400\" srcset=\"https:\/\/rczone.ee\/wp-content\/uploads\/2024\/04\/06-400x400.jpg 400w, https:\/\/rczone.ee\/wp-content\/uploads\/2024\/04\/06-800x800.jpg 800w, https:\/\/rczone.ee\/wp-content\/uploads\/2024\/04\/06-280x280.jpg 280w, https:\/\/rczone.ee\/wp-content\/uploads\/2024\/04\/06-768x768.jpg 768w, https:\/\/rczone.ee\/wp-content\/uploads\/2024\/04\/06-450x450.jpg 450w, https:\/\/rczone.ee\/wp-content\/uploads\/2024\/04\/06-900x900.jpg 900w, https:\/\/rczone.ee\/wp-content\/uploads\/2024\/04\/06-100x100.jpg 100w, https:\/\/rczone.ee\/wp-content\/uploads\/2024\/04\/06.jpg 1000w\" sizes=\"(max-width: 400px) 100vw, 400px\" \/> <img decoding=\"async\" class=\"alignnone size-medium wp-image-587\" src=\"https:\/\/rczone.ee\/wp-content\/uploads\/2024\/04\/08-400x400.jpg\" alt=\"\" width=\"400\" height=\"400\" srcset=\"https:\/\/rczone.ee\/wp-content\/uploads\/2024\/04\/08-400x400.jpg 400w, https:\/\/rczone.ee\/wp-content\/uploads\/2024\/04\/08-800x800.jpg 800w, https:\/\/rczone.ee\/wp-content\/uploads\/2024\/04\/08-280x280.jpg 280w, https:\/\/rczone.ee\/wp-content\/uploads\/2024\/04\/08-768x768.jpg 768w, https:\/\/rczone.ee\/wp-content\/uploads\/2024\/04\/08-450x450.jpg 450w, https:\/\/rczone.ee\/wp-content\/uploads\/2024\/04\/08-900x900.jpg 900w, https:\/\/rczone.ee\/wp-content\/uploads\/2024\/04\/08-100x100.jpg 100w, https:\/\/rczone.ee\/wp-content\/uploads\/2024\/04\/08.jpg 1000w\" sizes=\"(max-width: 400px) 100vw, 400px\" \/> <img decoding=\"async\" class=\"alignnone size-medium wp-image-588\" src=\"https:\/\/rczone.ee\/wp-content\/uploads\/2024\/04\/09-400x400.jpg\" alt=\"\" width=\"400\" height=\"400\" srcset=\"https:\/\/rczone.ee\/wp-content\/uploads\/2024\/04\/09-400x400.jpg 400w, https:\/\/rczone.ee\/wp-content\/uploads\/2024\/04\/09-800x800.jpg 800w, https:\/\/rczone.ee\/wp-content\/uploads\/2024\/04\/09-280x280.jpg 280w, https:\/\/rczone.ee\/wp-content\/uploads\/2024\/04\/09-768x768.jpg 768w, https:\/\/rczone.ee\/wp-content\/uploads\/2024\/04\/09-450x450.jpg 450w, https:\/\/rczone.ee\/wp-content\/uploads\/2024\/04\/09-900x900.jpg 900w, https:\/\/rczone.ee\/wp-content\/uploads\/2024\/04\/09-100x100.jpg 100w, https:\/\/rczone.ee\/wp-content\/uploads\/2024\/04\/09.jpg 1000w\" sizes=\"(max-width: 400px) 100vw, 400px\" \/> <img decoding=\"async\" class=\"alignnone size-medium wp-image-589\" src=\"https:\/\/rczone.ee\/wp-content\/uploads\/2024\/04\/010-400x400.jpg\" alt=\"\" width=\"400\" height=\"400\" srcset=\"https:\/\/rczone.ee\/wp-content\/uploads\/2024\/04\/010-400x400.jpg 400w, https:\/\/rczone.ee\/wp-content\/uploads\/2024\/04\/010-800x800.jpg 800w, https:\/\/rczone.ee\/wp-content\/uploads\/2024\/04\/010-280x280.jpg 280w, https:\/\/rczone.ee\/wp-content\/uploads\/2024\/04\/010-768x768.jpg 768w, https:\/\/rczone.ee\/wp-content\/uploads\/2024\/04\/010-450x450.jpg 450w, https:\/\/rczone.ee\/wp-content\/uploads\/2024\/04\/010-900x900.jpg 900w, https:\/\/rczone.ee\/wp-content\/uploads\/2024\/04\/010-100x100.jpg 100w, https:\/\/rczone.ee\/wp-content\/uploads\/2024\/04\/010.jpg 1000w\" sizes=\"(max-width: 400px) 100vw, 400px\" \/><\/p>","protected":false},"excerpt":{"rendered":"<ul>\n<li style=\"line-height: 1; padding-top: 20px;\">Nov\u0113rt\u0113jums: Eksperts<\/li>\n<li style=\"line-height: 1;\">Lietot\u0101ja vecums: 14+<\/li>\n<li style=\"line-height: 1;\">Kategorija: bagijs<\/li>\n<li style=\"line-height: 1;\">M\u0113rogi: 1:12<\/li>\n<li style=\"line-height: 1;\">Vilces ass: 4WD<\/li>\n<li style=\"line-height: 1;\">Maksim\u0101lais \u0101trums: 55 km\/h<\/li>\n<li style=\"line-height: 1;\">Pabeig\u0161ana: gatavs darbam<\/li>\n<li style=\"line-height: 1;\">Ener\u0123ija: elektroener\u0123ija<\/li>\n<\/ul>","protected":false},"featured_media":580,"comment_status":"open","ping_status":"closed","template":"","meta":{"_monsterinsights_skip_tracking":false,"_monsterinsights_sitenote_active":false,"_monsterinsights_sitenote_note":"","_monsterinsights_sitenote_category":0},"fits_model":[],"product_brand":[],"product_cat":[29],"product_tag":[84],"woo-feed-brand":[],"class_list":{"0":"post-579","1":"product","2":"type-product","3":"status-publish","4":"has-post-thumbnail","6":"product_cat-buggy","7":"product_tag-standard","9":"first","10":"instock","11":"taxable","12":"shipping-taxable","13":"purchasable","14":"product-type-simple"},"yoast_head":"<!-- This site is optimized with the Yoast SEO plugin v27.3 - https:\/\/yoast.com\/product\/yoast-seo-wordpress\/ -->\n<title>WL Tech Habile Explorer 4WD WL 124018 1:12 - RC Zone | Raadio teel juhitavad autod<\/title>\n<meta name=\"robots\" content=\"index, follow, max-snippet:-1, max-image-preview:large, max-video-preview:-1\" \/>\n<link rel=\"canonical\" href=\"https:\/\/rczone.ee\/lv\/products\/wl-tech-habile-explorer-4wd-wl-124018-112\/\" \/>\n<meta property=\"og:locale\" content=\"lv_LV\" \/>\n<meta property=\"og:type\" content=\"article\" \/>\n<meta property=\"og:title\" content=\"WL Tech Habile Explorer 4WD WL 124018 1:12 - RC Zone | Raadio teel juhitavad autod\" \/>\n<meta property=\"og:description\" content=\"Rate: Expert  Kasutaja vanuseklass: 14+  Kategooria: Buggy  Skaala: 1:12  Vedav sild: 4WD  Max kiirus: 55 km\/h  Komplekteeritus: Ready-To-Run  Energia: Elekter\" \/>\n<meta property=\"og:url\" content=\"https:\/\/rczone.ee\/lv\/products\/wl-tech-habile-explorer-4wd-wl-124018-112\/\" \/>\n<meta property=\"og:site_name\" content=\"RC Zone | Raadio teel juhitavad autod\" \/>\n<meta property=\"article:publisher\" content=\"https:\/\/www.facebook.com\/rczone.ee\" \/>\n<meta property=\"article:modified_time\" content=\"2025-12-22T09:27:14+00:00\" \/>\n<meta property=\"og:image\" content=\"https:\/\/rczone.ee\/wp-content\/uploads\/2024\/04\/1.jpg\" \/>\n\t<meta property=\"og:image:width\" content=\"1000\" \/>\n\t<meta property=\"og:image:height\" content=\"1000\" \/>\n\t<meta property=\"og:image:type\" content=\"image\/jpeg\" \/>\n<meta name=\"twitter:card\" content=\"summary_large_image\" \/>\n<meta name=\"twitter:label1\" content=\"Est. reading time\" \/>\n\t<meta name=\"twitter:data1\" content=\"2 min\u016btes\" \/>\n<script type=\"application\/ld+json\" class=\"yoast-schema-graph\">{\"@context\":\"https:\\\/\\\/schema.org\",\"@graph\":[{\"@type\":\"WebPage\",\"@id\":\"https:\\\/\\\/rczone.ee\\\/toode\\\/wl-tech-habile-explorer-4wd-wl-124018-112\\\/\",\"url\":\"https:\\\/\\\/rczone.ee\\\/toode\\\/wl-tech-habile-explorer-4wd-wl-124018-112\\\/\",\"name\":\"WL Tech Habile Explorer 4WD WL 124018 1:12 - RC Zone | Raadio teel juhitavad autod\",\"isPartOf\":{\"@id\":\"https:\\\/\\\/rczone.ee\\\/#website\"},\"primaryImageOfPage\":{\"@id\":\"https:\\\/\\\/rczone.ee\\\/toode\\\/wl-tech-habile-explorer-4wd-wl-124018-112\\\/#primaryimage\"},\"image\":{\"@id\":\"https:\\\/\\\/rczone.ee\\\/toode\\\/wl-tech-habile-explorer-4wd-wl-124018-112\\\/#primaryimage\"},\"thumbnailUrl\":\"https:\\\/\\\/rczone.ee\\\/wp-content\\\/uploads\\\/2024\\\/04\\\/1.jpg\",\"datePublished\":\"2024-04-14T19:14:51+00:00\",\"dateModified\":\"2025-12-22T09:27:14+00:00\",\"breadcrumb\":{\"@id\":\"https:\\\/\\\/rczone.ee\\\/toode\\\/wl-tech-habile-explorer-4wd-wl-124018-112\\\/#breadcrumb\"},\"inLanguage\":\"lv-LV\",\"potentialAction\":[{\"@type\":\"ReadAction\",\"target\":[\"https:\\\/\\\/rczone.ee\\\/toode\\\/wl-tech-habile-explorer-4wd-wl-124018-112\\\/\"]}]},{\"@type\":\"ImageObject\",\"inLanguage\":\"lv-LV\",\"@id\":\"https:\\\/\\\/rczone.ee\\\/toode\\\/wl-tech-habile-explorer-4wd-wl-124018-112\\\/#primaryimage\",\"url\":\"https:\\\/\\\/rczone.ee\\\/wp-content\\\/uploads\\\/2024\\\/04\\\/1.jpg\",\"contentUrl\":\"https:\\\/\\\/rczone.ee\\\/wp-content\\\/uploads\\\/2024\\\/04\\\/1.jpg\",\"width\":1000,\"height\":1000},{\"@type\":\"BreadcrumbList\",\"@id\":\"https:\\\/\\\/rczone.ee\\\/toode\\\/wl-tech-habile-explorer-4wd-wl-124018-112\\\/#breadcrumb\",\"itemListElement\":[{\"@type\":\"ListItem\",\"position\":1,\"name\":\"Home\",\"item\":\"https:\\\/\\\/rczone.ee\\\/\"},{\"@type\":\"ListItem\",\"position\":2,\"name\":\"Shop\",\"item\":\"https:\\\/\\\/rczone.ee\\\/shop\\\/\"},{\"@type\":\"ListItem\",\"position\":3,\"name\":\"WL Tech Habile Explorer 4WD WL 124018 1:12\"}]},{\"@type\":\"WebSite\",\"@id\":\"https:\\\/\\\/rczone.ee\\\/#website\",\"url\":\"https:\\\/\\\/rczone.ee\\\/\",\"name\":\"RcZone\",\"description\":\"RcZone - Raadio teel juhitavate autode veebipood. M&uuml;&uuml;me laia valikut kvaliteetseid ja v&otilde;imsaid RC-autosid. Kiire tarne ja konkurentsiv&otilde;imelised hinnad.\",\"publisher\":{\"@id\":\"https:\\\/\\\/rczone.ee\\\/#organization\"},\"potentialAction\":[{\"@type\":\"SearchAction\",\"target\":{\"@type\":\"EntryPoint\",\"urlTemplate\":\"https:\\\/\\\/rczone.ee\\\/?s={search_term_string}\"},\"query-input\":{\"@type\":\"PropertyValueSpecification\",\"valueRequired\":true,\"valueName\":\"search_term_string\"}}],\"inLanguage\":\"lv-LV\"},{\"@type\":\"Organization\",\"@id\":\"https:\\\/\\\/rczone.ee\\\/#organization\",\"name\":\"RcZone\",\"url\":\"https:\\\/\\\/rczone.ee\\\/\",\"logo\":{\"@type\":\"ImageObject\",\"inLanguage\":\"lv-LV\",\"@id\":\"https:\\\/\\\/rczone.ee\\\/#\\\/schema\\\/logo\\\/image\\\/\",\"url\":\"https:\\\/\\\/rczone.ee\\\/wp-content\\\/uploads\\\/2024\\\/01\\\/3D.png\",\"contentUrl\":\"https:\\\/\\\/rczone.ee\\\/wp-content\\\/uploads\\\/2024\\\/01\\\/3D.png\",\"width\":2080,\"height\":602,\"caption\":\"RcZone\"},\"image\":{\"@id\":\"https:\\\/\\\/rczone.ee\\\/#\\\/schema\\\/logo\\\/image\\\/\"},\"sameAs\":[\"https:\\\/\\\/www.facebook.com\\\/rczone.ee\"]}]}<\/script>\n<!-- \/ Yoast SEO plugin. -->","yoast_head_json":{"title":"WL Tech Habile Explorer 4WD WL 124018 WL 124018 1:12 - RC Zona | Radiovad\u0101mie automobi\u013ci","robots":{"index":"index","follow":"follow","max-snippet":"max-snippet:-1","max-image-preview":"max-image-preview:large","max-video-preview":"max-video-preview:-1"},"canonical":"https:\/\/rczone.ee\/lv\/products\/wl-tech-habile-explorer-4wd-wl-124018-112\/","og_locale":"lv_LV","og_type":"article","og_title":"WL Tech Habile Explorer 4WD WL 124018 1:12 - RC Zone | Raadio teel juhitavad autod","og_description":"Rate: Expert  Kasutaja vanuseklass: 14+  Kategooria: Buggy  Skaala: 1:12  Vedav sild: 4WD  Max kiirus: 55 km\/h  Komplekteeritus: Ready-To-Run  Energia: Elekter","og_url":"https:\/\/rczone.ee\/lv\/products\/wl-tech-habile-explorer-4wd-wl-124018-112\/","og_site_name":"RC Zone | Raadio teel juhitavad autod","article_publisher":"https:\/\/www.facebook.com\/rczone.ee","article_modified_time":"2025-12-22T09:27:14+00:00","og_image":[{"width":1000,"height":1000,"url":"https:\/\/rczone.ee\/wp-content\/uploads\/2024\/04\/1.jpg","type":"image\/jpeg"}],"twitter_card":"summary_large_image","twitter_misc":{"Est. reading time":"2 min\u016btes"},"schema":{"@context":"https:\/\/schema.org","@graph":[{"@type":"WebPage","@id":"https:\/\/rczone.ee\/toode\/wl-tech-habile-explorer-4wd-wl-124018-112\/","url":"https:\/\/rczone.ee\/toode\/wl-tech-habile-explorer-4wd-wl-124018-112\/","name":"WL Tech Habile Explorer 4WD WL 124018 WL 124018 1:12 - RC Zona | Radiovad\u0101mie automobi\u013ci","isPartOf":{"@id":"https:\/\/rczone.ee\/#website"},"primaryImageOfPage":{"@id":"https:\/\/rczone.ee\/toode\/wl-tech-habile-explorer-4wd-wl-124018-112\/#primaryimage"},"image":{"@id":"https:\/\/rczone.ee\/toode\/wl-tech-habile-explorer-4wd-wl-124018-112\/#primaryimage"},"thumbnailUrl":"https:\/\/rczone.ee\/wp-content\/uploads\/2024\/04\/1.jpg","datePublished":"2024-04-14T19:14:51+00:00","dateModified":"2025-12-22T09:27:14+00:00","breadcrumb":{"@id":"https:\/\/rczone.ee\/toode\/wl-tech-habile-explorer-4wd-wl-124018-112\/#breadcrumb"},"inLanguage":"lv-LV","potentialAction":[{"@type":"ReadAction","target":["https:\/\/rczone.ee\/toode\/wl-tech-habile-explorer-4wd-wl-124018-112\/"]}]},{"@type":"ImageObject","inLanguage":"lv-LV","@id":"https:\/\/rczone.ee\/toode\/wl-tech-habile-explorer-4wd-wl-124018-112\/#primaryimage","url":"https:\/\/rczone.ee\/wp-content\/uploads\/2024\/04\/1.jpg","contentUrl":"https:\/\/rczone.ee\/wp-content\/uploads\/2024\/04\/1.jpg","width":1000,"height":1000},{"@type":"BreadcrumbList","@id":"https:\/\/rczone.ee\/toode\/wl-tech-habile-explorer-4wd-wl-124018-112\/#breadcrumb","itemListElement":[{"@type":"ListItem","position":1,"name":"Home","item":"https:\/\/rczone.ee\/"},{"@type":"ListItem","position":2,"name":"Shop","item":"https:\/\/rczone.ee\/shop\/"},{"@type":"ListItem","position":3,"name":"WL Tech Habile Explorer 4WD WL 124018 1:12"}]},{"@type":"WebSite","@id":"https:\/\/rczone.ee\/#website","url":"https:\/\/rczone.ee\/","name":"RcZone","description":"RcZone - Radio vad\u0101mo automobi\u013cu tie\u0161saistes veikals. M\u0113s p\u0101rdodam pla\u0161u augstas kvalit\u0101tes un jaud\u012bgu RC automobi\u013cu kl\u0101stu. \u0100tra pieg\u0101de un konkur\u0113tsp\u0113j\u012bgas cenas.","publisher":{"@id":"https:\/\/rczone.ee\/#organization"},"potentialAction":[{"@type":"SearchAction","target":{"@type":"EntryPoint","urlTemplate":"https:\/\/rczone.ee\/?s={search_term_string}"},"query-input":{"@type":"PropertyValueSpecification","valueRequired":true,"valueName":"search_term_string"}}],"inLanguage":"lv-LV"},{"@type":"Organization","@id":"https:\/\/rczone.ee\/#organization","name":"RcZone","url":"https:\/\/rczone.ee\/","logo":{"@type":"ImageObject","inLanguage":"lv-LV","@id":"https:\/\/rczone.ee\/#\/schema\/logo\/image\/","url":"https:\/\/rczone.ee\/wp-content\/uploads\/2024\/01\/3D.png","contentUrl":"https:\/\/rczone.ee\/wp-content\/uploads\/2024\/01\/3D.png","width":2080,"height":602,"caption":"RcZone"},"image":{"@id":"https:\/\/rczone.ee\/#\/schema\/logo\/image\/"},"sameAs":["https:\/\/www.facebook.com\/rczone.ee"]}]}},"_links":{"self":[{"href":"https:\/\/rczone.ee\/lv\/wp-json\/wp\/v2\/product\/579","targetHints":{"allow":["GET"]}}],"collection":[{"href":"https:\/\/rczone.ee\/lv\/wp-json\/wp\/v2\/product"}],"about":[{"href":"https:\/\/rczone.ee\/lv\/wp-json\/wp\/v2\/types\/product"}],"replies":[{"embeddable":true,"href":"https:\/\/rczone.ee\/lv\/wp-json\/wp\/v2\/comments?post=579"}],"wp:featuredmedia":[{"embeddable":true,"href":"https:\/\/rczone.ee\/lv\/wp-json\/wp\/v2\/media\/580"}],"wp:attachment":[{"href":"https:\/\/rczone.ee\/lv\/wp-json\/wp\/v2\/media?parent=579"}],"wp:term":[{"taxonomy":"fits_model","embeddable":true,"href":"https:\/\/rczone.ee\/lv\/wp-json\/wp\/v2\/fits_model?post=579"},{"taxonomy":"product_brand","embeddable":true,"href":"https:\/\/rczone.ee\/lv\/wp-json\/wp\/v2\/product_brand?post=579"},{"taxonomy":"product_cat","embeddable":true,"href":"https:\/\/rczone.ee\/lv\/wp-json\/wp\/v2\/product_cat?post=579"},{"taxonomy":"product_tag","embeddable":true,"href":"https:\/\/rczone.ee\/lv\/wp-json\/wp\/v2\/product_tag?post=579"},{"taxonomy":"woo-feed-brand","embeddable":true,"href":"https:\/\/rczone.ee\/lv\/wp-json\/wp\/v2\/woo-feed-brand?post=579"}],"curies":[{"name":"wp","href":"https:\/\/api.w.org\/{rel}","templated":true}]}}