{"id":624,"date":"2024-04-19T22:52:50","date_gmt":"2024-04-19T19:52:50","guid":{"rendered":"https:\/\/rczone.ee\/?post_type=product&#038;p=624"},"modified":"2025-12-02T05:50:03","modified_gmt":"2025-12-02T03:50:03","slug":"mjx-14210-hyper-go-brushless-4wd-truggy-114","status":"publish","type":"product","link":"https:\/\/rczone.ee\/lv\/toode\/mjx-14210-hyper-go-brushless-4wd-truggy-114\/","title":{"rendered":"MJX 14210 Hyper Go Brushless 4WD Truggy 1:14"},"content":{"rendered":"<p>MJX 14210 Hyper Go Brushless 4WD Truggy nodro\u0161ina modernu veiktsp\u0113ju un stilu, kas paredz\u0113ts \u0101truma un adrenal\u012bna entuziastiem. Pateicoties iztur\u012bgajai konstrukcijai un augsto tehnolo\u0123iju funkcij\u0101m, \u0161is modelis nodro\u0161ina lielisku brauk\u0161anas pieredzi gan telp\u0101s, gan \u0101rpus t\u0101m, un ir piem\u0113rots pieredz\u0113ju\u0161iem lietot\u0101jiem.<\/p>\n<ul>\n<li><strong>Jaud\u012bgs dzin\u0113js:<\/strong> 2852 4400KV \u010detru polu bezsuku motors ar alum\u012bnija siltummaini un dubulto dzes\u0113\u0161anas ventilatoru nodro\u0161ina efekt\u012bvu un jaud\u012bgu brauk\u0161anas pieredzi.<\/li>\n<li><strong>Uzga\u013ca \u0101trums:<\/strong> Ar standarta 2S akumulatoru transportl\u012bdzeklis sasniedz \u0101trumu l\u012bdz 55 km\/h, ko var palielin\u0101t l\u012bdz 78 km\/h, izmantojot 3S akumulatoru (nav iek\u013cauts komplekt\u0101cij\u0101).<\/li>\n<li><strong>Met\u0101la piekare:<\/strong> Augstas kvalit\u0101tes priek\u0161\u0113jie \u012bsie un aizmugur\u0113jie garie met\u0101la hidrauliskie amortizatori nodro\u0161ina lielisku brauk\u0161anas komfortu un iztur\u012bbu sare\u017e\u0123\u012bt\u0101 apvid\u016b.<\/li>\n<li><strong>Sp\u0113c\u012bga met\u0101la konstrukcija:<\/strong> 6061 alum\u012bnija \u0161asija, \u0161\u0137\u0113rsbalsti, met\u0101la piedzi\u0146as v\u0101rpstas un hrom\u0113ta t\u0113rauda zobrati nodro\u0161ina augstu iztur\u012bbu un uzlabo transmisiju.<\/li>\n<li><strong>Izmantojiet uzreiz p\u0113c iz\u0146em\u0161anas no iepakojuma:<\/strong> Komplekt\u0101 ir divas automa\u0161\u012bnas virsb\u016bves - kaujas meln\u0101 un stil\u012bg\u0101 zelta kr\u0101s\u0101 - un visi piederumi, kas nepiecie\u0161ami, lai \u0101tri s\u0101ktu darbu.<\/li>\n<li><strong>Viegli papildin\u0101ms:<\/strong> Autonomais uztv\u0113r\u0113js \u013cauj viegli veikt modifik\u0101cijas un uzlabojumus, piel\u0101gojot transportl\u012bdzekli sav\u0101m v\u0113lm\u0113m.<\/li>\n<\/ul>\n<p><strong>Tehniskie dati:<\/strong><\/p>\n<ul>\n<li><strong>Dzin\u0113js:<\/strong> Bezsuku motors 2852 4400KV 4 poliem<\/li>\n<li><strong>Dzin\u0113ja dzes\u0113\u0161ana:<\/strong> Alum\u012bnija siltummainis + ventilators<\/li>\n<li><strong>ESC:<\/strong> 45A bezass ESC (met\u0101la siltummainis)<\/li>\n<li><strong>Servo:<\/strong> 19g digit\u0101lais servopiedzi\u0146a<\/li>\n<li><strong>T\u0101lvad\u012bbas pults frekvence:<\/strong> 2,4 GHz<\/li>\n<li><strong>T\u0101lvad\u012bbas pults baterijas:<\/strong> 2 \u00d7 1,5AA (nav iek\u013cautas komplekt\u0101)<\/li>\n<li><span style=\"color: #282828;\"><strong>Aku:<\/strong> 7.4V 3000mAh 2S 25C<\/span><\/li>\n<li><span style=\"color: #282828;\"><strong>Maksim\u0101lais \u0101trums:<\/strong> 55 km\/h (78 km\/h ar 3S akumulatoru, kas nav iek\u013cauts komplekt\u0101)<\/span><\/li>\n<li><span style=\"color: #282828;\"><strong>Brauk\u0161anas att\u0101lums:<\/strong> 120 m<\/span><\/li>\n<li><span style=\"color: #282828;\"><strong>Laiks rota\u013c\u0101m:<\/strong> L\u012bdz 15 min\u016bt\u0113m<\/span><\/li>\n<li><span style=\"color: #282828;\"><strong>Uzl\u0101des laiks:<\/strong> 4 stundas (izmantojot 5 V 2A l\u0101d\u0113t\u0101ju)<\/span><\/li>\n<li><span style=\"color: #282828;\"><strong>Uzl\u0101des metode:<\/strong> USB uzl\u0101des kabelis<\/span><\/li>\n<li><span style=\"color: #282828;\"><strong>Izm\u0113ri:<\/strong> 320 x 230 x 124 mm<\/span><\/li>\n<li><span style=\"color: #282828;\"><strong>Rattabaas:<\/strong> 188 mm<\/span><\/li>\n<li><span style=\"color: #282828;\"><strong>Pilna laul\u012bba:<\/strong> 198 mm<\/span><\/li>\n<li><span style=\"color: #282828;\"><strong>Riepu diametrs:<\/strong> 90 mm<\/span><\/li>\n<li><span style=\"color: #282828;\"><strong>Automa\u0161\u012bnas svars:<\/strong> 1410 g<\/span><\/li>\n<\/ul>\n<p><span style=\"color: #282828;\"><strong>Komplekt\u0101 ietilpst:<\/strong><\/span><\/p>\n<ul>\n<li><span style=\"color: #282828;\">Automa\u0161\u012bna x1<\/span><\/li>\n<li><span style=\"color: #282828;\">Rakst\u0101mgalds x1<\/span><\/li>\n<li><span style=\"color: #282828;\">Akumulators x1<\/span><\/li>\n<li><span style=\"color: #282828;\">Tagatiib x1<\/span><\/li>\n<li><span style=\"color: #282828;\">Lietot\u0101ja rokasgr\u0101mata x1<\/span><\/li>\n<li><span style=\"color: #282828;\">USB uzl\u0101des kabelis x1<\/span><\/li>\n<li><span style=\"color: #282828;\">Snorkel atsl\u0113ga x1<\/span><\/li>\n<li><span style=\"color: #282828;\">Head-up ritenis un piederumi x1<\/span><\/li>\n<li><span style=\"color: #282828;\">Skr\u016bvgriezis x1<\/span><\/li>\n<li><span style=\"color: #282828;\">Papildu riepas (augstie rite\u0146i) x1<\/span><\/li>\n<li><span style=\"color: #282828;\">Papildu korpuss (zelta) x1<\/span><\/li>\n<\/ul>\n<div style=\"padding: 56.25% 0 0 0; position: relative;\"><iframe style=\"position: absolute; top: 0; left: 0; width: 100%; height: 100%;\" title=\"MJX14210\" src=\"https:\/\/player.vimeo.com\/video\/928572861?badge=0&amp;autopause=0&amp;player_id=0&amp;app_id=58479\" frameborder=\"0\"><\/iframe><\/div>\n<p><script src=\"https:\/\/player.vimeo.com\/api\/player.js\"><\/script><\/p>\n<p><img decoding=\"async\" class=\"alignnone size-medium wp-image-629\" src=\"https:\/\/rczone.ee\/wp-content\/uploads\/2024\/04\/3-3-800x331.jpg\" alt=\"\" width=\"800\" height=\"331\" srcset=\"https:\/\/rczone.ee\/wp-content\/uploads\/2024\/04\/3-3-800x331.jpg 800w, https:\/\/rczone.ee\/wp-content\/uploads\/2024\/04\/3-3-768x318.jpg 768w, https:\/\/rczone.ee\/wp-content\/uploads\/2024\/04\/3-3-900x373.jpg 900w, https:\/\/rczone.ee\/wp-content\/uploads\/2024\/04\/3-3.jpg 1000w\" sizes=\"(max-width: 800px) 100vw, 800px\" \/><\/p>\n<p><img decoding=\"async\" class=\"alignnone size-medium wp-image-630\" src=\"https:\/\/rczone.ee\/wp-content\/uploads\/2024\/04\/4-3-800x331.jpg\" alt=\"\" width=\"800\" height=\"331\" srcset=\"https:\/\/rczone.ee\/wp-content\/uploads\/2024\/04\/4-3-800x331.jpg 800w, https:\/\/rczone.ee\/wp-content\/uploads\/2024\/04\/4-3-768x318.jpg 768w, https:\/\/rczone.ee\/wp-content\/uploads\/2024\/04\/4-3-900x373.jpg 900w, https:\/\/rczone.ee\/wp-content\/uploads\/2024\/04\/4-3.jpg 1000w\" sizes=\"(max-width: 800px) 100vw, 800px\" \/><\/p>\n<p><img decoding=\"async\" class=\"alignnone size-medium wp-image-631\" src=\"https:\/\/rczone.ee\/wp-content\/uploads\/2024\/04\/5-3-800x330.jpg\" alt=\"\" width=\"800\" height=\"330\" srcset=\"https:\/\/rczone.ee\/wp-content\/uploads\/2024\/04\/5-3-800x330.jpg 800w, https:\/\/rczone.ee\/wp-content\/uploads\/2024\/04\/5-3-768x317.jpg 768w, https:\/\/rczone.ee\/wp-content\/uploads\/2024\/04\/5-3-900x372.jpg 900w, https:\/\/rczone.ee\/wp-content\/uploads\/2024\/04\/5-3.jpg 1000w\" sizes=\"(max-width: 800px) 100vw, 800px\" \/><\/p>\n<p><img decoding=\"async\" class=\"alignnone wp-image-632\" src=\"https:\/\/rczone.ee\/wp-content\/uploads\/2024\/04\/description-image-2-2-762x400.webp\" alt=\"\" width=\"800\" height=\"420\" srcset=\"https:\/\/rczone.ee\/wp-content\/uploads\/2024\/04\/description-image-2-2-762x400.webp 762w, https:\/\/rczone.ee\/wp-content\/uploads\/2024\/04\/description-image-2-2-768x403.webp 768w, https:\/\/rczone.ee\/wp-content\/uploads\/2024\/04\/description-image-2-2-900x473.webp 900w, https:\/\/rczone.ee\/wp-content\/uploads\/2024\/04\/description-image-2-2.webp 1000w\" sizes=\"(max-width: 800px) 100vw, 800px\" \/><\/p>\n<p><img decoding=\"async\" class=\"alignnone size-medium wp-image-633\" src=\"https:\/\/rczone.ee\/wp-content\/uploads\/2024\/04\/description-image-4-1-800x327.webp\" alt=\"\" width=\"800\" height=\"327\" srcset=\"https:\/\/rczone.ee\/wp-content\/uploads\/2024\/04\/description-image-4-1-800x327.webp 800w, https:\/\/rczone.ee\/wp-content\/uploads\/2024\/04\/description-image-4-1-768x314.webp 768w, https:\/\/rczone.ee\/wp-content\/uploads\/2024\/04\/description-image-4-1-900x368.webp 900w, https:\/\/rczone.ee\/wp-content\/uploads\/2024\/04\/description-image-4-1.webp 1000w\" sizes=\"(max-width: 800px) 100vw, 800px\" \/><\/p>\n<p><img decoding=\"async\" class=\"alignnone size-medium wp-image-634\" src=\"https:\/\/rczone.ee\/wp-content\/uploads\/2024\/04\/description-image-6-1-800x328.webp\" alt=\"\" width=\"800\" height=\"328\" srcset=\"https:\/\/rczone.ee\/wp-content\/uploads\/2024\/04\/description-image-6-1-800x328.webp 800w, https:\/\/rczone.ee\/wp-content\/uploads\/2024\/04\/description-image-6-1-768x315.webp 768w, https:\/\/rczone.ee\/wp-content\/uploads\/2024\/04\/description-image-6-1-900x369.webp 900w, https:\/\/rczone.ee\/wp-content\/uploads\/2024\/04\/description-image-6-1.webp 1000w\" sizes=\"(max-width: 800px) 100vw, 800px\" \/><\/p>\n<p><img decoding=\"async\" class=\"alignnone size-medium wp-image-635\" src=\"https:\/\/rczone.ee\/wp-content\/uploads\/2024\/04\/description-image-7-1-800x329.webp\" alt=\"\" width=\"800\" height=\"329\" srcset=\"https:\/\/rczone.ee\/wp-content\/uploads\/2024\/04\/description-image-7-1-800x329.webp 800w, https:\/\/rczone.ee\/wp-content\/uploads\/2024\/04\/description-image-7-1-768x316.webp 768w, https:\/\/rczone.ee\/wp-content\/uploads\/2024\/04\/description-image-7-1-900x370.webp 900w, https:\/\/rczone.ee\/wp-content\/uploads\/2024\/04\/description-image-7-1.webp 1000w\" sizes=\"(max-width: 800px) 100vw, 800px\" \/><\/p>\n<p><img decoding=\"async\" class=\"alignnone size-medium wp-image-636\" src=\"https:\/\/rczone.ee\/wp-content\/uploads\/2024\/04\/description-image-8-1-800x330.webp\" alt=\"\" width=\"800\" height=\"330\" srcset=\"https:\/\/rczone.ee\/wp-content\/uploads\/2024\/04\/description-image-8-1-800x330.webp 800w, https:\/\/rczone.ee\/wp-content\/uploads\/2024\/04\/description-image-8-1-768x316.webp 768w, https:\/\/rczone.ee\/wp-content\/uploads\/2024\/04\/description-image-8-1-900x371.webp 900w, https:\/\/rczone.ee\/wp-content\/uploads\/2024\/04\/description-image-8-1.webp 1000w\" sizes=\"(max-width: 800px) 100vw, 800px\" \/><\/p>\n<p><img decoding=\"async\" class=\"alignnone size-medium wp-image-637\" src=\"https:\/\/rczone.ee\/wp-content\/uploads\/2024\/04\/description-image-9-1-800x328.webp\" alt=\"\" width=\"800\" height=\"328\" srcset=\"https:\/\/rczone.ee\/wp-content\/uploads\/2024\/04\/description-image-9-1-800x328.webp 800w, https:\/\/rczone.ee\/wp-content\/uploads\/2024\/04\/description-image-9-1-768x315.webp 768w, https:\/\/rczone.ee\/wp-content\/uploads\/2024\/04\/description-image-9-1-900x369.webp 900w, https:\/\/rczone.ee\/wp-content\/uploads\/2024\/04\/description-image-9-1.webp 1000w\" sizes=\"(max-width: 800px) 100vw, 800px\" \/><\/p>\n<p><img decoding=\"async\" class=\"alignnone size-medium wp-image-638\" src=\"https:\/\/rczone.ee\/wp-content\/uploads\/2024\/04\/description-image-13-800x328.webp\" alt=\"\" width=\"800\" height=\"328\" srcset=\"https:\/\/rczone.ee\/wp-content\/uploads\/2024\/04\/description-image-13-800x328.webp 800w, https:\/\/rczone.ee\/wp-content\/uploads\/2024\/04\/description-image-13-768x315.webp 768w, https:\/\/rczone.ee\/wp-content\/uploads\/2024\/04\/description-image-13-900x369.webp 900w, https:\/\/rczone.ee\/wp-content\/uploads\/2024\/04\/description-image-13.webp 1000w\" sizes=\"(max-width: 800px) 100vw, 800px\" \/><\/p>","protected":false},"excerpt":{"rendered":"<ul>\n<li style=\"line-height: 1; padding-top: 20px;\">Nov\u0113rt\u0113jums: Eksperts<\/li>\n<li style=\"line-height: 1;\">Lietot\u0101ja vecums: 14+<\/li>\n<li style=\"line-height: 1;\">Kategorija: Truggy<\/li>\n<li style=\"line-height: 1;\">M\u0113rogi: 1:14<\/li>\n<li style=\"line-height: 1;\">Vilces ass: 4WD<\/li>\n<li style=\"line-height: 1;\">Maksim\u0101lais \u0101trums: 55 km\/h<\/li>\n<li style=\"line-height: 1;\">Pabeig\u0161ana: gatavs darbam<\/li>\n<li style=\"line-height: 1;\">Ener\u0123ija: elektroener\u0123ija<\/li>\n<\/ul>","protected":false},"featured_media":625,"comment_status":"open","ping_status":"closed","template":"","meta":{"_monsterinsights_skip_tracking":false,"_monsterinsights_sitenote_active":false,"_monsterinsights_sitenote_note":"","_monsterinsights_sitenote_category":0},"fits_model":[],"product_brand":[],"product_cat":[33],"product_tag":[84],"woo-feed-brand":[],"class_list":{"0":"post-624","1":"product","2":"type-product","3":"status-publish","4":"has-post-thumbnail","6":"product_cat-truggy","7":"product_tag-standard","9":"first","10":"outofstock","11":"taxable","12":"shipping-taxable","13":"purchasable","14":"product-type-simple"},"yoast_head":"<!-- This site is optimized with the Yoast SEO plugin v27.4 - https:\/\/yoast.com\/product\/yoast-seo-wordpress\/ -->\n<title>MJX 14210 Hyper Go Brushless 4WD Truggy 1:14 - RC Zone | Raadio teel juhitavad autod<\/title>\n<meta name=\"robots\" content=\"index, follow, max-snippet:-1, max-image-preview:large, max-video-preview:-1\" \/>\n<link rel=\"canonical\" href=\"https:\/\/rczone.ee\/lv\/products\/mjx-14210-hyper-go-brushless-4wd-truggy-114\/\" \/>\n<meta property=\"og:locale\" content=\"lv_LV\" \/>\n<meta property=\"og:type\" content=\"article\" \/>\n<meta property=\"og:title\" content=\"MJX 14210 Hyper Go Brushless 4WD Truggy 1:14 - RC Zone | Raadio teel juhitavad autod\" \/>\n<meta property=\"og:description\" content=\"Rate: Expert  Kasutaja vanuseklass: 14+  Kategooria: Truggy  Skaala: 1:14  Vedav sild: 4WD  Max kiirus: 55 km\/h  Komplekteeritus: Ready-To-Run  Energia: Elekter\" \/>\n<meta property=\"og:url\" content=\"https:\/\/rczone.ee\/lv\/products\/mjx-14210-hyper-go-brushless-4wd-truggy-114\/\" \/>\n<meta property=\"og:site_name\" content=\"RC Zone | Raadio teel juhitavad autod\" \/>\n<meta property=\"article:publisher\" content=\"https:\/\/www.facebook.com\/rczone.ee\" \/>\n<meta property=\"article:modified_time\" content=\"2025-12-02T03:50:03+00:00\" \/>\n<meta property=\"og:image\" content=\"https:\/\/rczone.ee\/wp-content\/uploads\/2024\/04\/1-1.jpg\" \/>\n\t<meta property=\"og:image:width\" content=\"1000\" \/>\n\t<meta property=\"og:image:height\" content=\"1000\" \/>\n\t<meta property=\"og:image:type\" content=\"image\/jpeg\" \/>\n<meta name=\"twitter:card\" content=\"summary_large_image\" \/>\n<meta name=\"twitter:label1\" content=\"Est. reading time\" \/>\n\t<meta name=\"twitter:data1\" content=\"4 min\u016btes\" \/>\n<script type=\"application\/ld+json\" class=\"yoast-schema-graph\">{\"@context\":\"https:\\\/\\\/schema.org\",\"@graph\":[{\"@type\":\"WebPage\",\"@id\":\"https:\\\/\\\/rczone.ee\\\/toode\\\/mjx-14210-hyper-go-brushless-4wd-truggy-114\\\/\",\"url\":\"https:\\\/\\\/rczone.ee\\\/toode\\\/mjx-14210-hyper-go-brushless-4wd-truggy-114\\\/\",\"name\":\"MJX 14210 Hyper Go Brushless 4WD Truggy 1:14 - RC Zone | Raadio teel juhitavad autod\",\"isPartOf\":{\"@id\":\"https:\\\/\\\/rczone.ee\\\/#website\"},\"primaryImageOfPage\":{\"@id\":\"https:\\\/\\\/rczone.ee\\\/toode\\\/mjx-14210-hyper-go-brushless-4wd-truggy-114\\\/#primaryimage\"},\"image\":{\"@id\":\"https:\\\/\\\/rczone.ee\\\/toode\\\/mjx-14210-hyper-go-brushless-4wd-truggy-114\\\/#primaryimage\"},\"thumbnailUrl\":\"https:\\\/\\\/rczone.ee\\\/wp-content\\\/uploads\\\/2024\\\/04\\\/1-1.jpg\",\"datePublished\":\"2024-04-19T19:52:50+00:00\",\"dateModified\":\"2025-12-02T03:50:03+00:00\",\"breadcrumb\":{\"@id\":\"https:\\\/\\\/rczone.ee\\\/toode\\\/mjx-14210-hyper-go-brushless-4wd-truggy-114\\\/#breadcrumb\"},\"inLanguage\":\"lv-LV\",\"potentialAction\":[{\"@type\":\"ReadAction\",\"target\":[\"https:\\\/\\\/rczone.ee\\\/toode\\\/mjx-14210-hyper-go-brushless-4wd-truggy-114\\\/\"]}]},{\"@type\":\"ImageObject\",\"inLanguage\":\"lv-LV\",\"@id\":\"https:\\\/\\\/rczone.ee\\\/toode\\\/mjx-14210-hyper-go-brushless-4wd-truggy-114\\\/#primaryimage\",\"url\":\"https:\\\/\\\/rczone.ee\\\/wp-content\\\/uploads\\\/2024\\\/04\\\/1-1.jpg\",\"contentUrl\":\"https:\\\/\\\/rczone.ee\\\/wp-content\\\/uploads\\\/2024\\\/04\\\/1-1.jpg\",\"width\":1000,\"height\":1000},{\"@type\":\"BreadcrumbList\",\"@id\":\"https:\\\/\\\/rczone.ee\\\/toode\\\/mjx-14210-hyper-go-brushless-4wd-truggy-114\\\/#breadcrumb\",\"itemListElement\":[{\"@type\":\"ListItem\",\"position\":1,\"name\":\"Home\",\"item\":\"https:\\\/\\\/rczone.ee\\\/\"},{\"@type\":\"ListItem\",\"position\":2,\"name\":\"Shop\",\"item\":\"https:\\\/\\\/rczone.ee\\\/shop\\\/\"},{\"@type\":\"ListItem\",\"position\":3,\"name\":\"MJX 14210 Hyper Go Brushless 4WD Truggy 1:14\"}]},{\"@type\":\"WebSite\",\"@id\":\"https:\\\/\\\/rczone.ee\\\/#website\",\"url\":\"https:\\\/\\\/rczone.ee\\\/\",\"name\":\"RcZone\",\"description\":\"RcZone - Raadio teel juhitavate autode veebipood. M&uuml;&uuml;me laia valikut kvaliteetseid ja v&otilde;imsaid RC-autosid. Kiire tarne ja konkurentsiv&otilde;imelised hinnad.\",\"publisher\":{\"@id\":\"https:\\\/\\\/rczone.ee\\\/#organization\"},\"potentialAction\":[{\"@type\":\"SearchAction\",\"target\":{\"@type\":\"EntryPoint\",\"urlTemplate\":\"https:\\\/\\\/rczone.ee\\\/?s={search_term_string}\"},\"query-input\":{\"@type\":\"PropertyValueSpecification\",\"valueRequired\":true,\"valueName\":\"search_term_string\"}}],\"inLanguage\":\"lv-LV\"},{\"@type\":\"Organization\",\"@id\":\"https:\\\/\\\/rczone.ee\\\/#organization\",\"name\":\"RcZone\",\"url\":\"https:\\\/\\\/rczone.ee\\\/\",\"logo\":{\"@type\":\"ImageObject\",\"inLanguage\":\"lv-LV\",\"@id\":\"https:\\\/\\\/rczone.ee\\\/#\\\/schema\\\/logo\\\/image\\\/\",\"url\":\"https:\\\/\\\/rczone.ee\\\/wp-content\\\/uploads\\\/2024\\\/01\\\/3D.png\",\"contentUrl\":\"https:\\\/\\\/rczone.ee\\\/wp-content\\\/uploads\\\/2024\\\/01\\\/3D.png\",\"width\":2080,\"height\":602,\"caption\":\"RcZone\"},\"image\":{\"@id\":\"https:\\\/\\\/rczone.ee\\\/#\\\/schema\\\/logo\\\/image\\\/\"},\"sameAs\":[\"https:\\\/\\\/www.facebook.com\\\/rczone.ee\"]}]}<\/script>\n<!-- \/ Yoast SEO plugin. -->","yoast_head_json":{"title":"MJX 14210 Hyper Go Brushless 4WD Truggy 1:14 - RC Zona | Radio vad\u0101mie automobi\u013ci","robots":{"index":"index","follow":"follow","max-snippet":"max-snippet:-1","max-image-preview":"max-image-preview:large","max-video-preview":"max-video-preview:-1"},"canonical":"https:\/\/rczone.ee\/lv\/products\/mjx-14210-hyper-go-brushless-4wd-truggy-114\/","og_locale":"lv_LV","og_type":"article","og_title":"MJX 14210 Hyper Go Brushless 4WD Truggy 1:14 - RC Zone | Raadio teel juhitavad autod","og_description":"Rate: Expert  Kasutaja vanuseklass: 14+  Kategooria: Truggy  Skaala: 1:14  Vedav sild: 4WD  Max kiirus: 55 km\/h  Komplekteeritus: Ready-To-Run  Energia: Elekter","og_url":"https:\/\/rczone.ee\/lv\/products\/mjx-14210-hyper-go-brushless-4wd-truggy-114\/","og_site_name":"RC Zone | Raadio teel juhitavad autod","article_publisher":"https:\/\/www.facebook.com\/rczone.ee","article_modified_time":"2025-12-02T03:50:03+00:00","og_image":[{"width":1000,"height":1000,"url":"https:\/\/rczone.ee\/wp-content\/uploads\/2024\/04\/1-1.jpg","type":"image\/jpeg"}],"twitter_card":"summary_large_image","twitter_misc":{"Est. reading time":"4 min\u016btes"},"schema":{"@context":"https:\/\/schema.org","@graph":[{"@type":"WebPage","@id":"https:\/\/rczone.ee\/toode\/mjx-14210-hyper-go-brushless-4wd-truggy-114\/","url":"https:\/\/rczone.ee\/toode\/mjx-14210-hyper-go-brushless-4wd-truggy-114\/","name":"MJX 14210 Hyper Go Brushless 4WD Truggy 1:14 - RC Zona | Radio vad\u0101mie automobi\u013ci","isPartOf":{"@id":"https:\/\/rczone.ee\/#website"},"primaryImageOfPage":{"@id":"https:\/\/rczone.ee\/toode\/mjx-14210-hyper-go-brushless-4wd-truggy-114\/#primaryimage"},"image":{"@id":"https:\/\/rczone.ee\/toode\/mjx-14210-hyper-go-brushless-4wd-truggy-114\/#primaryimage"},"thumbnailUrl":"https:\/\/rczone.ee\/wp-content\/uploads\/2024\/04\/1-1.jpg","datePublished":"2024-04-19T19:52:50+00:00","dateModified":"2025-12-02T03:50:03+00:00","breadcrumb":{"@id":"https:\/\/rczone.ee\/toode\/mjx-14210-hyper-go-brushless-4wd-truggy-114\/#breadcrumb"},"inLanguage":"lv-LV","potentialAction":[{"@type":"ReadAction","target":["https:\/\/rczone.ee\/toode\/mjx-14210-hyper-go-brushless-4wd-truggy-114\/"]}]},{"@type":"ImageObject","inLanguage":"lv-LV","@id":"https:\/\/rczone.ee\/toode\/mjx-14210-hyper-go-brushless-4wd-truggy-114\/#primaryimage","url":"https:\/\/rczone.ee\/wp-content\/uploads\/2024\/04\/1-1.jpg","contentUrl":"https:\/\/rczone.ee\/wp-content\/uploads\/2024\/04\/1-1.jpg","width":1000,"height":1000},{"@type":"BreadcrumbList","@id":"https:\/\/rczone.ee\/toode\/mjx-14210-hyper-go-brushless-4wd-truggy-114\/#breadcrumb","itemListElement":[{"@type":"ListItem","position":1,"name":"Home","item":"https:\/\/rczone.ee\/"},{"@type":"ListItem","position":2,"name":"Shop","item":"https:\/\/rczone.ee\/shop\/"},{"@type":"ListItem","position":3,"name":"MJX 14210 Hyper Go Brushless 4WD Truggy 1:14"}]},{"@type":"WebSite","@id":"https:\/\/rczone.ee\/#website","url":"https:\/\/rczone.ee\/","name":"RcZone","description":"RcZone - Radio vad\u0101mo automobi\u013cu tie\u0161saistes veikals. M\u0113s p\u0101rdodam pla\u0161u augstas kvalit\u0101tes un jaud\u012bgu RC automobi\u013cu kl\u0101stu. \u0100tra pieg\u0101de un konkur\u0113tsp\u0113j\u012bgas cenas.","publisher":{"@id":"https:\/\/rczone.ee\/#organization"},"potentialAction":[{"@type":"SearchAction","target":{"@type":"EntryPoint","urlTemplate":"https:\/\/rczone.ee\/?s={search_term_string}"},"query-input":{"@type":"PropertyValueSpecification","valueRequired":true,"valueName":"search_term_string"}}],"inLanguage":"lv-LV"},{"@type":"Organization","@id":"https:\/\/rczone.ee\/#organization","name":"RcZone","url":"https:\/\/rczone.ee\/","logo":{"@type":"ImageObject","inLanguage":"lv-LV","@id":"https:\/\/rczone.ee\/#\/schema\/logo\/image\/","url":"https:\/\/rczone.ee\/wp-content\/uploads\/2024\/01\/3D.png","contentUrl":"https:\/\/rczone.ee\/wp-content\/uploads\/2024\/01\/3D.png","width":2080,"height":602,"caption":"RcZone"},"image":{"@id":"https:\/\/rczone.ee\/#\/schema\/logo\/image\/"},"sameAs":["https:\/\/www.facebook.com\/rczone.ee"]}]}},"_links":{"self":[{"href":"https:\/\/rczone.ee\/lv\/wp-json\/wp\/v2\/product\/624","targetHints":{"allow":["GET"]}}],"collection":[{"href":"https:\/\/rczone.ee\/lv\/wp-json\/wp\/v2\/product"}],"about":[{"href":"https:\/\/rczone.ee\/lv\/wp-json\/wp\/v2\/types\/product"}],"replies":[{"embeddable":true,"href":"https:\/\/rczone.ee\/lv\/wp-json\/wp\/v2\/comments?post=624"}],"wp:featuredmedia":[{"embeddable":true,"href":"https:\/\/rczone.ee\/lv\/wp-json\/wp\/v2\/media\/625"}],"wp:attachment":[{"href":"https:\/\/rczone.ee\/lv\/wp-json\/wp\/v2\/media?parent=624"}],"wp:term":[{"taxonomy":"fits_model","embeddable":true,"href":"https:\/\/rczone.ee\/lv\/wp-json\/wp\/v2\/fits_model?post=624"},{"taxonomy":"product_brand","embeddable":true,"href":"https:\/\/rczone.ee\/lv\/wp-json\/wp\/v2\/product_brand?post=624"},{"taxonomy":"product_cat","embeddable":true,"href":"https:\/\/rczone.ee\/lv\/wp-json\/wp\/v2\/product_cat?post=624"},{"taxonomy":"product_tag","embeddable":true,"href":"https:\/\/rczone.ee\/lv\/wp-json\/wp\/v2\/product_tag?post=624"},{"taxonomy":"woo-feed-brand","embeddable":true,"href":"https:\/\/rczone.ee\/lv\/wp-json\/wp\/v2\/woo-feed-brand?post=624"}],"curies":[{"name":"wp","href":"https:\/\/api.w.org\/{rel}","templated":true}]}}