{"id":932,"date":"2024-08-25T19:43:53","date_gmt":"2024-08-25T16:43:53","guid":{"rendered":"https:\/\/rczone.ee\/?post_type=product&#038;p=932"},"modified":"2026-03-12T20:46:09","modified_gmt":"2026-03-12T18:46:09","slug":"beast-tornado-4wd-sg118-pro-116","status":"publish","type":"product","link":"https:\/\/rczone.ee\/lv\/toode\/the-beast-tornado-4wd-sg118-pro-116\/","title":{"rendered":"The Beast Tornado 4WD SG118 PRO 1:18"},"content":{"rendered":"<p><strong>Beast Tornado SG118 PRO<\/strong> ar sav\u0101m iespaid\u012bgaj\u0101m funkcij\u0101m un iztur\u012bgo konstrukciju pied\u0101v\u0101 uzlabotu brauk\u0161anas pieredzi, padarot to par ide\u0101lu izv\u0113li lielam \u0101trumam un manevr\u0113tsp\u0113jai da\u017e\u0101dos apvidos. Pateicoties iztur\u012bgajiem materi\u0101liem un augstas kvalit\u0101tes konstrukcijai, tas ir lieliska izv\u0113le gan ies\u0101c\u0113jiem, gan pieredz\u0113ju\u0161\u0101kiem RC entuziastiem, kuri v\u0113las p\u0101rbaud\u012bt savas brauk\u0161anas prasmes uz da\u017e\u0101diem segumiem.<\/p>\n<p><strong>Tehniskie dati:<\/strong><\/p>\n<ul>\n<li><strong>Aku:<\/strong> 7,4 V 1500 mAh litija jonu akumulators (ar T-veida kontaktdak\u0161u)<\/li>\n<li><strong>Ce\u013cojuma laiks:<\/strong> Aptuveni 15-18 min\u016btes<\/li>\n<li><strong>Uzl\u0101des laiks:<\/strong> 3 l\u012bdz 3,5 stundas<\/li>\n<li><strong>Brauk\u0161anas att\u0101lums:<\/strong> Aptuveni 80 m<\/li>\n<\/ul>\n<p>Piem\u0113rots lieto\u0161anai uz l\u012bdzenas zemes, smilt\u012bm, dub\u013ciem un z\u0101les. Apak\u0161\u0113j\u0101 pastiprin\u0101juma pl\u0101ksne, diferenci\u0101lis, zobrati, st\u016bres v\u0101rpstas un piedzi\u0146as v\u0101rpstas ir izgatavotas no iztur\u012bga met\u0101la sakaus\u0113juma. Automa\u0161\u012bnai ir ar\u012b LED lukturi ar trim re\u017e\u012bmiem (nep\u0101rtraukts, l\u0113ni mirgojo\u0161s, \u0101tri mirgojo\u0161s).<\/p>\n<div style=\"padding: 56.25% 0 0 0; position: relative;\"><iframe style=\"position: absolute; top: 0; left: 0; width: 100%; height: 100%;\" title=\"The Beast Tornado 4WD SG118 PRO 1:16\" src=\"https:\/\/player.vimeo.com\/video\/1002447849?badge=0&amp;autopause=0&amp;player_id=0&amp;app_id=58479\" frameborder=\"0\"><\/iframe><\/div>\n<p><script src=\"https:\/\/player.vimeo.com\/api\/player.js\"><\/script><br \/>\n<img decoding=\"async\" class=\"alignnone size-medium wp-image-950\" src=\"https:\/\/rczone.ee\/wp-content\/uploads\/2024\/08\/994-400x400.jpg\" alt=\"\" width=\"400\" height=\"400\" srcset=\"https:\/\/rczone.ee\/wp-content\/uploads\/2024\/08\/994-400x400.jpg 400w, https:\/\/rczone.ee\/wp-content\/uploads\/2024\/08\/994-280x280.jpg 280w, https:\/\/rczone.ee\/wp-content\/uploads\/2024\/08\/994-768x768.jpg 768w, https:\/\/rczone.ee\/wp-content\/uploads\/2024\/08\/994-12x12.jpg 12w, https:\/\/rczone.ee\/wp-content\/uploads\/2024\/08\/994-450x450.jpg 450w, https:\/\/rczone.ee\/wp-content\/uploads\/2024\/08\/994-100x100.jpg 100w, https:\/\/rczone.ee\/wp-content\/uploads\/2024\/08\/994.jpg 800w\" sizes=\"(max-width: 400px) 100vw, 400px\" \/> <img decoding=\"async\" class=\"alignnone size-medium wp-image-951\" src=\"https:\/\/rczone.ee\/wp-content\/uploads\/2024\/08\/995-400x400.jpg\" alt=\"\" width=\"400\" height=\"400\" srcset=\"https:\/\/rczone.ee\/wp-content\/uploads\/2024\/08\/995-400x400.jpg 400w, https:\/\/rczone.ee\/wp-content\/uploads\/2024\/08\/995-280x280.jpg 280w, https:\/\/rczone.ee\/wp-content\/uploads\/2024\/08\/995-768x768.jpg 768w, https:\/\/rczone.ee\/wp-content\/uploads\/2024\/08\/995-12x12.jpg 12w, https:\/\/rczone.ee\/wp-content\/uploads\/2024\/08\/995-450x450.jpg 450w, https:\/\/rczone.ee\/wp-content\/uploads\/2024\/08\/995-100x100.jpg 100w, https:\/\/rczone.ee\/wp-content\/uploads\/2024\/08\/995.jpg 800w\" sizes=\"(max-width: 400px) 100vw, 400px\" \/> <img decoding=\"async\" class=\"alignnone size-medium wp-image-952\" src=\"https:\/\/rczone.ee\/wp-content\/uploads\/2024\/08\/999-400x400.jpg\" alt=\"\" width=\"400\" height=\"400\" srcset=\"https:\/\/rczone.ee\/wp-content\/uploads\/2024\/08\/999-400x400.jpg 400w, https:\/\/rczone.ee\/wp-content\/uploads\/2024\/08\/999-800x800.jpg 800w, https:\/\/rczone.ee\/wp-content\/uploads\/2024\/08\/999-280x280.jpg 280w, https:\/\/rczone.ee\/wp-content\/uploads\/2024\/08\/999-768x768.jpg 768w, https:\/\/rczone.ee\/wp-content\/uploads\/2024\/08\/999-12x12.jpg 12w, https:\/\/rczone.ee\/wp-content\/uploads\/2024\/08\/999-450x450.jpg 450w, https:\/\/rczone.ee\/wp-content\/uploads\/2024\/08\/999-900x900.jpg 900w, https:\/\/rczone.ee\/wp-content\/uploads\/2024\/08\/999-100x100.jpg 100w, https:\/\/rczone.ee\/wp-content\/uploads\/2024\/08\/999.jpg 1000w\" sizes=\"(max-width: 400px) 100vw, 400px\" \/><\/p>\n<p>&nbsp;<\/p>\n<p>&nbsp;<\/p>\n<p>&nbsp;<\/p>\n<p>&nbsp;<\/p>","protected":false},"excerpt":{"rendered":"<ul>\n<li style=\"line-height: 1; padding-top: 20px;\">Nov\u0113rt\u0113jums: Par<\/li>\n<li style=\"line-height: 1;\">Lietot\u0101ju vecuma diapazons: 8-13 gadi<\/li>\n<li style=\"line-height: 1;\">Kategorija: Truggy<\/li>\n<li style=\"line-height: 1;\">M\u0113rogi: 1:18<\/li>\n<li style=\"line-height: 1;\">Vilces ass: 4WD<\/li>\n<li style=\"line-height: 1;\">Maksim\u0101lais \u0101trums: 35 km\/h<\/li>\n<li style=\"line-height: 1;\">Pabeig\u0161ana: gatavs darbam<\/li>\n<li style=\"line-height: 1;\">Ener\u0123ija: elektroener\u0123ija<\/li>\n<\/ul>","protected":false},"featured_media":934,"comment_status":"open","ping_status":"closed","template":"","meta":{"_monsterinsights_skip_tracking":false,"_monsterinsights_sitenote_active":false,"_monsterinsights_sitenote_note":"","_monsterinsights_sitenote_category":0},"fits_model":[],"product_brand":[],"product_cat":[33],"product_tag":[122,84],"woo-feed-brand":[],"class_list":{"0":"post-932","1":"product","2":"type-product","3":"status-publish","4":"has-post-thumbnail","6":"product_cat-truggy","7":"product_tag-liion74","8":"product_tag-standard","10":"first","11":"instock","12":"taxable","13":"shipping-taxable","14":"purchasable","15":"product-type-simple"},"yoast_head":"<!-- This site is optimized with the Yoast SEO plugin v27.4 - https:\/\/yoast.com\/product\/yoast-seo-wordpress\/ -->\n<title>The Beast Tornado 4WD SG118 PRO 1:18 - RC Zone | Raadio teel juhitavad autod<\/title>\n<meta name=\"robots\" content=\"index, follow, max-snippet:-1, max-image-preview:large, max-video-preview:-1\" \/>\n<link rel=\"canonical\" href=\"https:\/\/rczone.ee\/lv\/products\/beast-tornado-4wd-sg118-pro-116\/\" \/>\n<meta property=\"og:locale\" content=\"lv_LV\" \/>\n<meta property=\"og:type\" content=\"article\" \/>\n<meta property=\"og:title\" content=\"The Beast Tornado 4WD SG118 PRO 1:18 - RC Zone | Raadio teel juhitavad autod\" \/>\n<meta property=\"og:description\" content=\"Rate: Pro  Kasutaja vanuseklass: 8-13  Kategooria: Truggy  Skaala: 1:18  Vedav sild: 4WD  Max kiirus: 35 km\/h  Komplekteeritus: Ready-To-Run  Energia: Elekter\" \/>\n<meta property=\"og:url\" content=\"https:\/\/rczone.ee\/lv\/products\/beast-tornado-4wd-sg118-pro-116\/\" \/>\n<meta property=\"og:site_name\" content=\"RC Zone | Raadio teel juhitavad autod\" \/>\n<meta property=\"article:publisher\" content=\"https:\/\/www.facebook.com\/rczone.ee\" \/>\n<meta property=\"article:modified_time\" content=\"2026-03-12T18:46:09+00:00\" \/>\n<meta property=\"og:image\" content=\"https:\/\/rczone.ee\/wp-content\/uploads\/2024\/08\/01.webp\" \/>\n\t<meta property=\"og:image:width\" content=\"797\" \/>\n\t<meta property=\"og:image:height\" content=\"751\" \/>\n\t<meta property=\"og:image:type\" content=\"image\/webp\" \/>\n<meta name=\"twitter:card\" content=\"summary_large_image\" \/>\n<meta name=\"twitter:label1\" content=\"Est. reading time\" \/>\n\t<meta name=\"twitter:data1\" content=\"2 min\u016btes\" \/>\n<script type=\"application\/ld+json\" class=\"yoast-schema-graph\">{\"@context\":\"https:\\\/\\\/schema.org\",\"@graph\":[{\"@type\":\"WebPage\",\"@id\":\"https:\\\/\\\/rczone.ee\\\/toode\\\/the-beast-tornado-4wd-sg118-pro-116\\\/\",\"url\":\"https:\\\/\\\/rczone.ee\\\/toode\\\/the-beast-tornado-4wd-sg118-pro-116\\\/\",\"name\":\"The Beast Tornado 4WD SG118 PRO 1:18 - RC Zone | Raadio teel juhitavad autod\",\"isPartOf\":{\"@id\":\"https:\\\/\\\/rczone.ee\\\/#website\"},\"primaryImageOfPage\":{\"@id\":\"https:\\\/\\\/rczone.ee\\\/toode\\\/the-beast-tornado-4wd-sg118-pro-116\\\/#primaryimage\"},\"image\":{\"@id\":\"https:\\\/\\\/rczone.ee\\\/toode\\\/the-beast-tornado-4wd-sg118-pro-116\\\/#primaryimage\"},\"thumbnailUrl\":\"https:\\\/\\\/rczone.ee\\\/wp-content\\\/uploads\\\/2024\\\/08\\\/01.webp\",\"datePublished\":\"2024-08-25T16:43:53+00:00\",\"dateModified\":\"2026-03-12T18:46:09+00:00\",\"breadcrumb\":{\"@id\":\"https:\\\/\\\/rczone.ee\\\/toode\\\/the-beast-tornado-4wd-sg118-pro-116\\\/#breadcrumb\"},\"inLanguage\":\"lv-LV\",\"potentialAction\":[{\"@type\":\"ReadAction\",\"target\":[\"https:\\\/\\\/rczone.ee\\\/toode\\\/the-beast-tornado-4wd-sg118-pro-116\\\/\"]}]},{\"@type\":\"ImageObject\",\"inLanguage\":\"lv-LV\",\"@id\":\"https:\\\/\\\/rczone.ee\\\/toode\\\/the-beast-tornado-4wd-sg118-pro-116\\\/#primaryimage\",\"url\":\"https:\\\/\\\/rczone.ee\\\/wp-content\\\/uploads\\\/2024\\\/08\\\/01.webp\",\"contentUrl\":\"https:\\\/\\\/rczone.ee\\\/wp-content\\\/uploads\\\/2024\\\/08\\\/01.webp\",\"width\":797,\"height\":751},{\"@type\":\"BreadcrumbList\",\"@id\":\"https:\\\/\\\/rczone.ee\\\/toode\\\/the-beast-tornado-4wd-sg118-pro-116\\\/#breadcrumb\",\"itemListElement\":[{\"@type\":\"ListItem\",\"position\":1,\"name\":\"Home\",\"item\":\"https:\\\/\\\/rczone.ee\\\/\"},{\"@type\":\"ListItem\",\"position\":2,\"name\":\"Shop\",\"item\":\"https:\\\/\\\/rczone.ee\\\/shop\\\/\"},{\"@type\":\"ListItem\",\"position\":3,\"name\":\"The Beast Tornado 4WD SG118 PRO 1:18\"}]},{\"@type\":\"WebSite\",\"@id\":\"https:\\\/\\\/rczone.ee\\\/#website\",\"url\":\"https:\\\/\\\/rczone.ee\\\/\",\"name\":\"RcZone\",\"description\":\"RcZone - Raadio teel juhitavate autode veebipood. M&uuml;&uuml;me laia valikut kvaliteetseid ja v&otilde;imsaid RC-autosid. Kiire tarne ja konkurentsiv&otilde;imelised hinnad.\",\"publisher\":{\"@id\":\"https:\\\/\\\/rczone.ee\\\/#organization\"},\"potentialAction\":[{\"@type\":\"SearchAction\",\"target\":{\"@type\":\"EntryPoint\",\"urlTemplate\":\"https:\\\/\\\/rczone.ee\\\/?s={search_term_string}\"},\"query-input\":{\"@type\":\"PropertyValueSpecification\",\"valueRequired\":true,\"valueName\":\"search_term_string\"}}],\"inLanguage\":\"lv-LV\"},{\"@type\":\"Organization\",\"@id\":\"https:\\\/\\\/rczone.ee\\\/#organization\",\"name\":\"RcZone\",\"url\":\"https:\\\/\\\/rczone.ee\\\/\",\"logo\":{\"@type\":\"ImageObject\",\"inLanguage\":\"lv-LV\",\"@id\":\"https:\\\/\\\/rczone.ee\\\/#\\\/schema\\\/logo\\\/image\\\/\",\"url\":\"https:\\\/\\\/rczone.ee\\\/wp-content\\\/uploads\\\/2024\\\/01\\\/3D.png\",\"contentUrl\":\"https:\\\/\\\/rczone.ee\\\/wp-content\\\/uploads\\\/2024\\\/01\\\/3D.png\",\"width\":2080,\"height\":602,\"caption\":\"RcZone\"},\"image\":{\"@id\":\"https:\\\/\\\/rczone.ee\\\/#\\\/schema\\\/logo\\\/image\\\/\"},\"sameAs\":[\"https:\\\/\\\/www.facebook.com\\\/rczone.ee\"]}]}<\/script>\n<!-- \/ Yoast SEO plugin. -->","yoast_head_json":{"title":"The Beast Tornado 4WD SG118 PRO 1:18 - RC Zona | Radio vad\u0101mie automobi\u013ci","robots":{"index":"index","follow":"follow","max-snippet":"max-snippet:-1","max-image-preview":"max-image-preview:large","max-video-preview":"max-video-preview:-1"},"canonical":"https:\/\/rczone.ee\/lv\/products\/beast-tornado-4wd-sg118-pro-116\/","og_locale":"lv_LV","og_type":"article","og_title":"The Beast Tornado 4WD SG118 PRO 1:18 - RC Zone | Raadio teel juhitavad autod","og_description":"Rate: Pro  Kasutaja vanuseklass: 8-13  Kategooria: Truggy  Skaala: 1:18  Vedav sild: 4WD  Max kiirus: 35 km\/h  Komplekteeritus: Ready-To-Run  Energia: Elekter","og_url":"https:\/\/rczone.ee\/lv\/products\/beast-tornado-4wd-sg118-pro-116\/","og_site_name":"RC Zone | Raadio teel juhitavad autod","article_publisher":"https:\/\/www.facebook.com\/rczone.ee","article_modified_time":"2026-03-12T18:46:09+00:00","og_image":[{"width":797,"height":751,"url":"https:\/\/rczone.ee\/wp-content\/uploads\/2024\/08\/01.webp","type":"image\/webp"}],"twitter_card":"summary_large_image","twitter_misc":{"Est. reading time":"2 min\u016btes"},"schema":{"@context":"https:\/\/schema.org","@graph":[{"@type":"WebPage","@id":"https:\/\/rczone.ee\/toode\/the-beast-tornado-4wd-sg118-pro-116\/","url":"https:\/\/rczone.ee\/toode\/the-beast-tornado-4wd-sg118-pro-116\/","name":"The Beast Tornado 4WD SG118 PRO 1:18 - RC Zona | Radio vad\u0101mie automobi\u013ci","isPartOf":{"@id":"https:\/\/rczone.ee\/#website"},"primaryImageOfPage":{"@id":"https:\/\/rczone.ee\/toode\/the-beast-tornado-4wd-sg118-pro-116\/#primaryimage"},"image":{"@id":"https:\/\/rczone.ee\/toode\/the-beast-tornado-4wd-sg118-pro-116\/#primaryimage"},"thumbnailUrl":"https:\/\/rczone.ee\/wp-content\/uploads\/2024\/08\/01.webp","datePublished":"2024-08-25T16:43:53+00:00","dateModified":"2026-03-12T18:46:09+00:00","breadcrumb":{"@id":"https:\/\/rczone.ee\/toode\/the-beast-tornado-4wd-sg118-pro-116\/#breadcrumb"},"inLanguage":"lv-LV","potentialAction":[{"@type":"ReadAction","target":["https:\/\/rczone.ee\/toode\/the-beast-tornado-4wd-sg118-pro-116\/"]}]},{"@type":"ImageObject","inLanguage":"lv-LV","@id":"https:\/\/rczone.ee\/toode\/the-beast-tornado-4wd-sg118-pro-116\/#primaryimage","url":"https:\/\/rczone.ee\/wp-content\/uploads\/2024\/08\/01.webp","contentUrl":"https:\/\/rczone.ee\/wp-content\/uploads\/2024\/08\/01.webp","width":797,"height":751},{"@type":"BreadcrumbList","@id":"https:\/\/rczone.ee\/toode\/the-beast-tornado-4wd-sg118-pro-116\/#breadcrumb","itemListElement":[{"@type":"ListItem","position":1,"name":"Home","item":"https:\/\/rczone.ee\/"},{"@type":"ListItem","position":2,"name":"Shop","item":"https:\/\/rczone.ee\/shop\/"},{"@type":"ListItem","position":3,"name":"The Beast Tornado 4WD SG118 PRO 1:18"}]},{"@type":"WebSite","@id":"https:\/\/rczone.ee\/#website","url":"https:\/\/rczone.ee\/","name":"RcZone","description":"RcZone - Radio vad\u0101mo automobi\u013cu tie\u0161saistes veikals. M\u0113s p\u0101rdodam pla\u0161u augstas kvalit\u0101tes un jaud\u012bgu RC automobi\u013cu kl\u0101stu. \u0100tra pieg\u0101de un konkur\u0113tsp\u0113j\u012bgas cenas.","publisher":{"@id":"https:\/\/rczone.ee\/#organization"},"potentialAction":[{"@type":"SearchAction","target":{"@type":"EntryPoint","urlTemplate":"https:\/\/rczone.ee\/?s={search_term_string}"},"query-input":{"@type":"PropertyValueSpecification","valueRequired":true,"valueName":"search_term_string"}}],"inLanguage":"lv-LV"},{"@type":"Organization","@id":"https:\/\/rczone.ee\/#organization","name":"RcZone","url":"https:\/\/rczone.ee\/","logo":{"@type":"ImageObject","inLanguage":"lv-LV","@id":"https:\/\/rczone.ee\/#\/schema\/logo\/image\/","url":"https:\/\/rczone.ee\/wp-content\/uploads\/2024\/01\/3D.png","contentUrl":"https:\/\/rczone.ee\/wp-content\/uploads\/2024\/01\/3D.png","width":2080,"height":602,"caption":"RcZone"},"image":{"@id":"https:\/\/rczone.ee\/#\/schema\/logo\/image\/"},"sameAs":["https:\/\/www.facebook.com\/rczone.ee"]}]}},"_links":{"self":[{"href":"https:\/\/rczone.ee\/lv\/wp-json\/wp\/v2\/product\/932","targetHints":{"allow":["GET"]}}],"collection":[{"href":"https:\/\/rczone.ee\/lv\/wp-json\/wp\/v2\/product"}],"about":[{"href":"https:\/\/rczone.ee\/lv\/wp-json\/wp\/v2\/types\/product"}],"replies":[{"embeddable":true,"href":"https:\/\/rczone.ee\/lv\/wp-json\/wp\/v2\/comments?post=932"}],"wp:featuredmedia":[{"embeddable":true,"href":"https:\/\/rczone.ee\/lv\/wp-json\/wp\/v2\/media\/934"}],"wp:attachment":[{"href":"https:\/\/rczone.ee\/lv\/wp-json\/wp\/v2\/media?parent=932"}],"wp:term":[{"taxonomy":"fits_model","embeddable":true,"href":"https:\/\/rczone.ee\/lv\/wp-json\/wp\/v2\/fits_model?post=932"},{"taxonomy":"product_brand","embeddable":true,"href":"https:\/\/rczone.ee\/lv\/wp-json\/wp\/v2\/product_brand?post=932"},{"taxonomy":"product_cat","embeddable":true,"href":"https:\/\/rczone.ee\/lv\/wp-json\/wp\/v2\/product_cat?post=932"},{"taxonomy":"product_tag","embeddable":true,"href":"https:\/\/rczone.ee\/lv\/wp-json\/wp\/v2\/product_tag?post=932"},{"taxonomy":"woo-feed-brand","embeddable":true,"href":"https:\/\/rczone.ee\/lv\/wp-json\/wp\/v2\/woo-feed-brand?post=932"}],"curies":[{"name":"wp","href":"https:\/\/api.w.org\/{rel}","templated":true}]}}